{"id":37789,"date":"2025-01-16T16:26:27","date_gmt":"2025-01-16T16:26:27","guid":{"rendered":"https:\/\/bazaar.express\/product\/rosen-creme-horus\/"},"modified":"2025-11-24T19:13:34","modified_gmt":"2025-11-24T19:13:34","slug":"rosen-creme-horus","status":"publish","type":"product","link":"https:\/\/bazaar.express\/de\/produkt\/rosen-creme-horus\/","title":{"rendered":"Rosen-Creme &#8211; Horus"},"content":{"rendered":"<h2 data-start=\"208\" data-end=\"294\">Horus Rosen-Creme \u2013 Luxuri\u00f6se Feuchtigkeitscreme f\u00fcr Gesicht und K\u00f6rper mit Rosenextrakten<\/h2>\n<h3 data-start=\"296\" data-end=\"348\">Verj\u00fcngen Sie Ihre Haut mit der Kraft der Rosen<\/h3>\n<p data-start=\"350\" data-end=\"682\">Verw\u00f6hnen Sie Ihre Haut mit der sanften Ber\u00fchrung der <strong data-start=\"393\" data-end=\"413\">Horus Rosen-Creme<\/strong>, einer luxuri\u00f6sen Feuchtigkeitscreme, die entwickelt wurde, um Ihre Haut vom Kopf bis zu den F\u00fc\u00dfen zu hydratisieren, zu beruhigen und zum Leuchten zu bringen. Angereichert mit reinem <strong data-start=\"530\" data-end=\"547\">Rosenextrakt<\/strong>, liefert diese reichhaltige Formel tiefe Feuchtigkeit, f\u00f6rdert einen strahlenden Teint und hilft, das Auftreten feiner Linien und Falten zu reduzieren.<\/p>\n<p data-start=\"684\" data-end=\"976\">Egal ob Ihre Haut trocken, matt, gereizt oder einfach t\u00e4glicher Pflege bedarf, die Horus Rosen-Creme bietet eine glatte, seidenweiche L\u00f6sung, die Sie strahlen l\u00e4sst. Leicht und doch intensiv n\u00e4hrend, integriert sie sich m\u00fchelos in Ihre Hautpflege-Routine f\u00fcr ein wirklich elegantes und effektives Sch\u00f6nheitserlebnis.<\/p>\n<h3 data-start=\"983\" data-end=\"1034\">Hauptvorteile von Rosenextrakt f\u00fcr Ihre Haut<\/h3>\n<h4 data-start=\"1036\" data-end=\"1084\"><strong data-start=\"1044\" data-end=\"1084\">Intensive Feuchtigkeit &#038; Feuchtigkeitsbalance<\/strong><\/h4>\n<p data-start=\"1085\" data-end=\"1305\">Rosenextrakte sind von Natur aus reich an hautfreundlichen N\u00e4hrstoffen, die <strong data-start=\"1160\" data-end=\"1178\">tiefe Feuchtigkeit<\/strong> spenden. Die Horus Rosen-Creme stellt die nat\u00fcrlichen Feuchtigkeitslevel Ihrer Haut wieder her und l\u00e4sst sie <strong data-start=\"1254\" data-end=\"1291\">glatt, weich und angenehm frisch<\/strong> den ganzen Tag \u00fcber.<\/p>\n<h4 data-start=\"1307\" data-end=\"1347\"><strong data-start=\"1315\" data-end=\"1347\">Beruhigt Reizungen &#038; R\u00f6tungen<\/strong><\/h4>\n<p data-start=\"1348\" data-end=\"1568\">Ideal f\u00fcr <strong data-start=\"1358\" data-end=\"1389\">empfindliche oder gereizte Haut<\/strong>, besitzt Rosenextrakt entz\u00fcndungshemmende Eigenschaften, die Ihre Haut beruhigen und ausbalancieren. Verwenden Sie sie nach Sonneneinwirkung, Rasur oder rauem Wetter, um R\u00f6tungen zu reduzieren und Ihre Haut zu erfrischen.<\/p>\n<h4 data-start=\"1570\" data-end=\"1612\"><strong data-start=\"1577\" data-end=\"1612\">F\u00f6rdert Glanz &#038; Ausgeglichenen Hautton<\/strong><\/h4>\n<p data-start=\"1613\" data-end=\"1798\">Diese Creme verst\u00e4rkt Ihren nat\u00fcrlichen Glanz, indem sie den <strong data-start=\"1654\" data-end=\"1677\">Hautton verbessert<\/strong> und die Pigmentierung ausbalanciert. Sie verfeinert sanft die Hauttextur und verleiht Ihnen mit jeder Anwendung einen <strong data-start=\"1751\" data-end=\"1783\">helleren, jugendlicheren Look<\/strong>.<\/p>\n<h4 data-start=\"1800\" data-end=\"1834\"><strong data-start=\"1807\" data-end=\"1834\">Anti-Aging-Antioxidantien<\/strong><\/h4>\n<p data-start=\"1835\" data-end=\"2044\">Rosenextrakt ist reich an <strong data-start=\"1859\" data-end=\"1875\">Antioxidantien<\/strong>, die vor Umweltsch\u00e4den sch\u00fctzen und den Alterungsprozess verlangsamen. Er hilft, die Sichtbarkeit feiner Linien <strong data-start=\"1955\" data-end=\"1994\">zu reduzieren<\/strong> und unterst\u00fctzt die Elastizit\u00e4t und Festigkeit Ihrer Haut.<\/p>\n<h3 data-start=\"2051\" data-end=\"2086\">So verwenden Sie die Horus Rosen-Creme<\/h3>\n<ol data-start=\"2088\" data-end=\"2347\">\n<li data-start=\"2088\" data-end=\"2141\">\n<p data-start=\"2091\" data-end=\"2141\">Reinigen Sie Ihre Haut gr\u00fcndlich vor der Anwendung.<\/p>\n<\/li>\n<li data-start=\"2142\" data-end=\"2232\">\n<p data-start=\"2145\" data-end=\"2232\">Tragen Sie eine kleine Menge auf Ihr <strong data-start=\"2174\" data-end=\"2191\">Gesicht und K\u00f6rper<\/strong> auf, indem Sie sanfte, aufw\u00e4rts kreisende Bewegungen verwenden.<\/p>\n<\/li>\n<li data-start=\"2233\" data-end=\"2285\">\n<p data-start=\"2236\" data-end=\"2285\">Konzentrieren Sie sich auf trockene oder matte Bereiche f\u00fcr extra Feuchtigkeit.<\/p>\n<\/li>\n<li data-start=\"2286\" data-end=\"2347\">\n<p data-start=\"2289\" data-end=\"2347\">Verwenden Sie sie t\u00e4glich f\u00fcr beste Ergebnisse und langanhaltendes Hautwohlbefinden.<\/p>\n<\/li>\n<\/ol>\n<h3 data-start=\"2354\" data-end=\"2390\">Warum Horus Rosen-Creme w\u00e4hlen?<\/h3>\n<ul data-start=\"2392\" data-end=\"2825\">\n<li data-start=\"2392\" data-end=\"2518\">\n<p data-start=\"2394\" data-end=\"2518\"><strong data-start=\"2397\" data-end=\"2423\">Reine &#038; Nat\u00fcrliche Formel<\/strong> \u2013 Hergestellt mit <strong data-start=\"2439\" data-end=\"2461\">echtem Rosenextrakt<\/strong>, geeignet f\u00fcr alle Hauttypen, einschlie\u00dflich empfindlicher Haut.<\/p>\n<\/li>\n<li data-start=\"2519\" data-end=\"2630\">\n<p data-start=\"2521\" data-end=\"2630\"><strong data-start=\"2524\" data-end=\"2552\">Nicht-fettende tiefe Feuchtigkeit<\/strong> \u2013 Hydratisiert ohne Schwere, zieht schnell ein und hinterl\u00e4sst eine samtenweiche Finish.<\/p>\n<\/li>\n<li data-start=\"2631\" data-end=\"2730\">\n<p data-start=\"2633\" data-end=\"2730\"><strong data-start=\"2636\" data-end=\"2653\">Vielseitige Anwendung<\/strong> \u2013 Perfekt f\u00fcr <strong data-start=\"2668\" data-end=\"2685\">Gesicht und K\u00f6rper<\/strong>, eine vollst\u00e4ndige L\u00f6sung in einem sch\u00f6nen Glas.<\/p>\n<\/li>\n<li data-start=\"2731\" data-end=\"2825\">\n<p data-start=\"2733\" data-end=\"2825\"><strong data-start=\"2738\" data-end=\"2755\">Hergestellt in \u00c4gypten<\/strong> \u2013 Mit Sorgfalt von <strong data-start=\"2779\" data-end=\"2788\">Horus<\/strong> geschaffen, einem vertrauensw\u00fcrdigen Namen in der nat\u00fcrlichen Hautpflege.<\/p>\n<\/li>\n<\/ul>\n<h3 data-start=\"2832\" data-end=\"2855\">Produktdetails<\/h3>\n<ul data-start=\"2857\" data-end=\"3168\">\n<li data-start=\"2857\" data-end=\"2895\">\n<p data-start=\"2859\" data-end=\"2895\"><strong data-start=\"2859\" data-end=\"2875\">Produktname<\/strong>: Horus Rosen-Creme<\/p>\n<\/li>\n<li data-start=\"2896\" data-end=\"2933\">\n<p data-start=\"2898\" data-end=\"2933\"><strong data-start=\"2898\" data-end=\"2906\">Typ<\/strong>: Feuchtigkeitscreme f\u00fcr Gesicht &#038; K\u00f6rper<\/p>\n<\/li>\n<li data-start=\"2934\" data-end=\"2958\">\n<p data-start=\"2936\" data-end=\"2958\"><strong data-start=\"2936\" data-end=\"2948\">Inhalt<\/strong>: 330 ml<\/p>\n<\/li>\n<li data-start=\"2959\" data-end=\"2996\">\n<p data-start=\"2961\" data-end=\"2996\"><strong data-start=\"2961\" data-end=\"2980\">Hauptzutat<\/strong>: Rosenextrakt<\/p>\n<\/li>\n<li data-start=\"2997\" data-end=\"3024\">\n<p data-start=\"2999\" data-end=\"3024\"><strong data-start=\"2999\" data-end=\"3015\">Hersteller<\/strong>: Horus<\/p>\n<\/li>\n<li data-start=\"3025\" data-end=\"3047\">\n<p data-start=\"3027\" data-end=\"3047\"><strong data-start=\"3027\" data-end=\"3038\">Hergestellt in<\/strong>: \u00c4gypten<\/p>\n<\/li>\n<li data-start=\"3048\" data-end=\"3095\">\n<p data-start=\"3050\" data-end=\"3095\"><strong data-start=\"3050\" data-end=\"3062\">Am besten f\u00fcr<\/strong>: Trockene, empfindliche oder alternde Haut<\/p>\n<\/li>\n<li data-start=\"3096\" data-end=\"3130\">\n<p data-start=\"3098\" data-end=\"3130\"><strong data-start=\"3098\" data-end=\"3109\">Textur<\/strong>: Leichte Creme<\/p>\n<\/li>\n<li data-start=\"3131\" data-end=\"3168\">\n<p data-start=\"3133\" data-end=\"3168\"><strong data-start=\"3133\" data-end=\"3140\">Verwendung<\/strong>: T\u00e4glich, morgens\/abends auf gereinigte Haut<\/p>\n<\/li>\n<\/ul>\n<h2 data-start=\"5085\" data-end=\"5141\">Erleben Sie den Luxus der roseninfusierten Hautpflege<\/h2>\n<p data-start=\"5143\" data-end=\"5467\">Verw\u00f6hnen Sie sich mit der Sch\u00f6nheit und den Vorteilen der <strong data-start=\"5188\" data-end=\"5208\">Horus Rosen-Creme<\/strong> \u2013 der ultimativen Feuchtigkeitscreme f\u00fcr t\u00e4gliche Genussmomente. Egal ob Sie Ihre Haut beruhigen, n\u00e4hren oder erneuern m\u00f6chten, diese Creme bringt die Eleganz der Natur in Ihre Routine. Verabschieden Sie sich von Mattheit und sagen Sie hallo zu <strong data-start=\"5415\" data-end=\"5447\">seidiger, strahlender, gesunder Haut<\/strong> \u2013 jeden Tag.<\/p>\n<p data-start=\"5469\" data-end=\"5523\"><strong data-start=\"5469\" data-end=\"5520\">Sp\u00fcren Sie den Glanz. Lieben Sie die Weichheit. W\u00e4hlen Sie Horus.<\/strong><\/p>\n<p style=\"text-align: center;\">Vielen Dank, dass Sie bei <em data-start=\"415\" data-end=\"431\"><a href=\"https:\/\/bazaar.express\/de\/\">Bazaar Express<\/a><\/em> einkaufen \u2013 wir freuen uns, Sie hier zu haben!<\/p>\n<p style=\"text-align: center;\">Ihre Reise zu besserer Selbstpflege beginnt hier \u2013 mit <a href=\"https:\/\/bazaar.express\/product-category\/beauty-care\/\">Beauty &#038; Care<\/a>, auf die Sie sich verlassen k\u00f6nnen.<\/p>\n","protected":false},"excerpt":{"rendered":"<h3>Die Horus Rosen-Creme ist eine luxuri\u00f6se Feuchtigkeitscreme f\u00fcr Gesicht und K\u00f6rper, angereichert mit Rosenextrakten, um Feuchtigkeit zu spenden, Reizungen zu beruhigen und einen jugendlichen Glanz zu f\u00f6rdern.<\/h3>\n<h3><\/h3>\n","protected":false},"featured_media":37791,"comment_status":"open","ping_status":"closed","template":"","meta":[],"product_brand":[],"product_cat":[962,969],"product_tag":[980,979,977],"class_list":{"0":"post-37789","1":"product","2":"type-product","3":"status-publish","4":"has-post-thumbnail","6":"product_cat-beauty-pflege","7":"product_cat-beste-aus-agypten","8":"product_tag-beauty-pflege","9":"product_tag-hautpflege","10":"product_tag-ol","11":"pa_l-xl-330ml","13":"first","14":"instock","15":"sale","16":"shipping-taxable","17":"purchasable","18":"product-type-simple"},"_links":{"self":[{"href":"https:\/\/bazaar.express\/de\/wp-json\/wp\/v2\/product\/37789","targetHints":{"allow":["GET"]}}],"collection":[{"href":"https:\/\/bazaar.express\/de\/wp-json\/wp\/v2\/product"}],"about":[{"href":"https:\/\/bazaar.express\/de\/wp-json\/wp\/v2\/types\/product"}],"replies":[{"embeddable":true,"href":"https:\/\/bazaar.express\/de\/wp-json\/wp\/v2\/comments?post=37789"}],"wp:featuredmedia":[{"embeddable":true,"href":"https:\/\/bazaar.express\/de\/wp-json\/wp\/v2\/media\/37791"}],"wp:attachment":[{"href":"https:\/\/bazaar.express\/de\/wp-json\/wp\/v2\/media?parent=37789"}],"wp:term":[{"taxonomy":"product_brand","embeddable":true,"href":"https:\/\/bazaar.express\/de\/wp-json\/wp\/v2\/product_brand?post=37789"},{"taxonomy":"product_cat","embeddable":true,"href":"https:\/\/bazaar.express\/de\/wp-json\/wp\/v2\/product_cat?post=37789"},{"taxonomy":"product_tag","embeddable":true,"href":"https:\/\/bazaar.express\/de\/wp-json\/wp\/v2\/product_tag?post=37789"}],"curies":[{"name":"wp","href":"https:\/\/api.w.org\/{rel}","templated":true}]}}