{"id":37795,"date":"2025-01-18T00:15:10","date_gmt":"2025-01-18T00:15:10","guid":{"rendered":"https:\/\/bazaar.express\/product\/natuerliche-badeschlappen\/"},"modified":"2025-11-24T19:13:35","modified_gmt":"2025-11-24T19:13:35","slug":"natuerliche-badeschlappen","status":"publish","type":"product","link":"https:\/\/bazaar.express\/de\/produkt\/natuerliche-badeschlappen\/","title":{"rendered":"Nat\u00fcrliche Badeschlappen"},"content":{"rendered":"<h2 data-start=\"241\" data-end=\"326\">Bucha Nat\u00fcrliche Badeschlappen Luffa \u2013 Nat\u00fcrlich peelen und die Haut revitalisieren<\/h2>\n<h3 data-start=\"328\" data-end=\"403\">In Weichheit gleiten \u2013 Ein nat\u00fcrliches Pflegeerlebnis f\u00fcr jede Dusche<\/h3>\n<p data-start=\"405\" data-end=\"782\">Bringen Sie den Luxus einer Spa-Peelingbehandlung in Ihr t\u00e4gliches Bad mit den <strong data-start=\"477\" data-end=\"514\">Bucha Nat\u00fcrlichen Badeschlappen Luffa<\/strong> \u2013 einem einzigartigen, umweltfreundlichen Pflegeprodukt aus 100% nat\u00fcrlicher Luffa. Dieses Set enth\u00e4lt <strong data-start=\"606\" data-end=\"635\">zwei Badeschlappen aus Luffa<\/strong>, die bequem \u00fcber die F\u00fc\u00dfe gleiten und sanft abgestorbene Hautzellen entfernen, sodass Ihre Haut seidenweich, frisch und voller Leben wird.<\/p>\n<p data-start=\"784\" data-end=\"1104\">Mehr als nur Peeling: Diese nat\u00fcrlichen Luffa-Produkte f\u00f6rdern die <strong data-start=\"839\" data-end=\"870\">Durchblutung<\/strong> und sorgen f\u00fcr ges\u00fcndere, strahlendere und energiegeladene Haut. Ob Sie trockene, matte Stellen aufleben lassen oder m\u00fcde F\u00fc\u00dfe verw\u00f6hnen m\u00f6chten \u2013 dieses Luffa-Set verbindet Natur und Funktionalit\u00e4t in einer einfachen, wiederverwendbaren L\u00f6sung.<\/p>\n<h3 data-start=\"1111\" data-end=\"1168\">Wichtige Vorteile der Bucha Nat\u00fcrlichen Badeschlappen Luffa<\/h3>\n<ul data-start=\"1170\" data-end=\"1979\">\n<li data-start=\"1170\" data-end=\"1308\">\n<p data-start=\"1172\" data-end=\"1308\"><strong data-start=\"1175\" data-end=\"1203\">Tiefes nat\u00fcrliches Peeling<\/strong> \u2013 Entfernt sanft abgestorbene Hautzellen, reinigt Poren und verbessert die Hauttextur ohne aggressive Chemikalien.<\/p>\n<\/li>\n<li data-start=\"1309\" data-end=\"1447\">\n<p data-start=\"1311\" data-end=\"1447\"><strong data-start=\"1314\" data-end=\"1336\">F\u00f6rdert die Durchblutung<\/strong> \u2013 Das tragenbare Badeschlappen-Design steigert den Blutfluss zu F\u00fc\u00dfen und K\u00f6rper und sorgt f\u00fcr strahlende, gl\u00e4nzende Haut.<\/p>\n<\/li>\n<li data-start=\"1448\" data-end=\"1590\">\n<p data-start=\"1450\" data-end=\"1590\"><strong data-start=\"1453\" data-end=\"1482\">Bequem und einfach zu verwenden<\/strong> \u2013 Einfach anziehen und ein unkompliziertes, handfreies Peeling w\u00e4hrend des Bads oder der Dusche genie\u00dfen.<\/p>\n<\/li>\n<li data-start=\"1591\" data-end=\"1727\">\n<p data-start=\"1593\" data-end=\"1727\"><strong data-start=\"1596\" data-end=\"1629\">Frei von Chemikalien und umweltbewusst<\/strong> \u2013 Hergestellt aus 100% nat\u00fcrlichen Luffa-Fasern, biologisch abbaubar und schonend f\u00fcr empfindliche Haut.<\/p>\n<\/li>\n<li data-start=\"1728\" data-end=\"1844\">\n<p data-start=\"1730\" data-end=\"1844\"><strong data-start=\"1733\" data-end=\"1762\">Mehrzweck f\u00fcr F\u00fc\u00dfe und K\u00f6rper<\/strong> \u2013 Ideal zum Peelen rauer Fersen, Ellbogen und trockener Stellen am ganzen K\u00f6rper.<\/p>\n<\/li>\n<li data-start=\"1845\" data-end=\"1979\">\n<p data-start=\"1847\" data-end=\"1979\"><strong data-start=\"1850\" data-end=\"1881\">Reduziert Trockenheit und Schuppung<\/strong> \u2013 Regelm\u00e4\u00dfige Anwendung macht die Haut weich, feucht und sichtbar glatter, indem sie matte, schuppige Haut abtr\u00e4gt.<\/p>\n<\/li>\n<\/ul>\n<h3 data-start=\"1986\" data-end=\"2004\">So verwenden<\/h3>\n<ol data-start=\"2006\" data-end=\"2326\">\n<li data-start=\"2006\" data-end=\"2077\">\n<p data-start=\"2009\" data-end=\"2077\">Die Badeschlappen in warmem Wasser einweichen, um die nat\u00fcrlichen Luffa-Fasern zu erweichen.<\/p>\n<\/li>\n<li data-start=\"2078\" data-end=\"2147\">\n<p data-start=\"2081\" data-end=\"2147\">Sie \u00fcber die F\u00fc\u00dfe streifen oder per Hand auf rauen K\u00f6rperstellen anwenden.<\/p>\n<\/li>\n<li data-start=\"2148\" data-end=\"2202\">\n<p data-start=\"2151\" data-end=\"2202\">Sanft 2\u20133 Minuten in kreisenden Bewegungen massieren.<\/p>\n<\/li>\n<li data-start=\"2203\" data-end=\"2258\">\n<p data-start=\"2206\" data-end=\"2258\">Haut und Luffa nach der Verwendung gr\u00fcndlich absp\u00fclen.<\/p>\n<\/li>\n<li data-start=\"2259\" data-end=\"2326\">\n<p data-start=\"2262\" data-end=\"2326\">Die Luffa an einem luftigen Ort zum Trocknen aufh\u00e4ngen, um ihre Lebensdauer zu verl\u00e4ngern.<\/p>\n<\/li>\n<\/ol>\n<p data-start=\"2328\" data-end=\"2409\">\ud83d\udca1 <em data-start=\"2331\" data-end=\"2409\">F\u00fcr beste Ergebnisse 2\u20133 Mal pro Woche als Teil Ihrer Badroutine verwenden.<\/em><\/p>\n<h3 data-start=\"2416\" data-end=\"2469\">Warum Bucha Nat\u00fcrliche Badeschlappen Luffa w\u00e4hlen?<\/h3>\n<p data-start=\"2471\" data-end=\"2869\">Die <strong data-start=\"2475\" data-end=\"2508\">Bucha Nat\u00fcrlichen Luffa-Badeschlappen<\/strong> sind mehr als nur Badeaccessoires \u2013 sie sind ein nat\u00fcrliches Pflegewerkzeug, das Ihre Haut erneuert und die Selbstpflege einfacher und umweltfreundlicher macht. Das Badeschlappen-Design erm\u00f6glicht freie Bewegungen beim Peelen und verwandelt Ihre t\u00e4gliche Dusche in ein verw\u00f6hnendes Spa-Ritual. Wenn Sie Wert auf effektive und umweltschonende Hautpflege legen, ist dieses Set genau das Richtige f\u00fcr Sie.<\/p>\n<h3 data-start=\"2876\" data-end=\"2906\">Produktspezifikationen<\/h3>\n<ul data-start=\"2908\" data-end=\"3249\">\n<li data-start=\"2908\" data-end=\"2928\">\n<p data-start=\"2910\" data-end=\"2928\"><strong data-start=\"2910\" data-end=\"2919\">Marke<\/strong>: Bucha<\/p>\n<\/li>\n<li data-start=\"2929\" data-end=\"2974\">\n<p data-start=\"2931\" data-end=\"2974\"><strong data-start=\"2931\" data-end=\"2947\">Produktart<\/strong>: Nat\u00fcrliche Luffa-Badeschlappen<\/p>\n<\/li>\n<li data-start=\"2975\" data-end=\"3011\">\n<p data-start=\"2977\" data-end=\"3011\"><strong data-start=\"2977\" data-end=\"2986\">Farbe<\/strong>: Nat\u00fcrliches Beige &#038; Wei\u00df<\/p>\n<\/li>\n<li data-start=\"3012\" data-end=\"3046\">\n<p data-start=\"3014\" data-end=\"3046\"><strong data-start=\"3014\" data-end=\"3026\">Menge<\/strong>: 2 St\u00fcck pro Set<\/p>\n<\/li>\n<li data-start=\"3047\" data-end=\"3084\">\n<p data-start=\"3049\" data-end=\"3084\"><strong data-start=\"3049\" data-end=\"3061\">Material<\/strong>: 100% Nat\u00fcrliche Luffa<\/p>\n<\/li>\n<li data-start=\"3085\" data-end=\"3121\">\n<p data-start=\"3087\" data-end=\"3121\"><strong data-start=\"3087\" data-end=\"3103\">Geeignet f\u00fcr<\/strong>: Alle Hauttypen<\/p>\n<\/li>\n<li data-start=\"3122\" data-end=\"3167\">\n<p data-start=\"3124\" data-end=\"3167\"><strong data-start=\"3124\" data-end=\"3135\">Verwendung f\u00fcr<\/strong>: Peeling f\u00fcr F\u00fc\u00dfe &#038; Ganzk\u00f6rper<\/p>\n<\/li>\n<li data-start=\"3168\" data-end=\"3197\">\n<p data-start=\"3170\" data-end=\"3197\"><strong data-start=\"3170\" data-end=\"3180\">Herkunft<\/strong>: Hergestellt in \u00c4gypten<\/p>\n<\/li>\n<li data-start=\"3198\" data-end=\"3249\">\n<p data-start=\"3200\" data-end=\"3249\"><strong data-start=\"3200\" data-end=\"3213\">Verpackung<\/strong>: Umweltfreundliche, wiederverwendbare Aufbewahrungstasche<\/p>\n<\/li>\n<\/ul>\n<h5>Entdecken Sie weitere umweltfreundliche Bade- und Pflegeprodukte, die Ihre Wellness-Routine aufwerten und den Planeten sch\u00fctzen.<\/h5>\n<h4 style=\"text-align: center;\"><\/h4>\n<p style=\"text-align: center;\">Vielen Dank, dass Sie bei <em data-start=\"415\" data-end=\"431\"><a href=\"https:\/\/bazaar.express\/de\/\">Bazaar Express<\/a><\/em> einkaufen \u2013 wir freuen uns, Sie dabei zu haben!<\/p>\n<p style=\"text-align: center;\">Ihre Reise zu besserer Selbstpflege beginnt hier \u2013 mit vertrauensw\u00fcrdiger <a href=\"https:\/\/bazaar.express\/product-category\/beauty-care\/\">Beauty &#038; Care<\/a>.<\/p>\n","protected":false},"excerpt":{"rendered":"<h3 data-start=\"3902\" data-end=\"4064\">Bucha\u2019s 100% nat\u00fcrliche Luffa-Badeschlappen peelen sanft und f\u00f6rdern die Durchblutung. Dieses 2-teilige Set eignet sich hervorragend f\u00fcr F\u00fc\u00dfe und Ganzk\u00f6rper. Frei von Chemikalien und umweltfreundlich.<\/h3>\n<h3><\/h3>\n","protected":false},"featured_media":37797,"comment_status":"open","ping_status":"closed","template":"","meta":[],"product_brand":[],"product_cat":[962,969],"product_tag":[987],"class_list":{"0":"post-37795","1":"product","2":"type-product","3":"status-publish","4":"has-post-thumbnail","6":"product_cat-beauty-pflege","7":"product_cat-beste-aus-agypten","8":"product_tag-haut","10":"first","11":"instock","12":"shipping-taxable","13":"purchasable","14":"product-type-simple"},"_links":{"self":[{"href":"https:\/\/bazaar.express\/de\/wp-json\/wp\/v2\/product\/37795","targetHints":{"allow":["GET"]}}],"collection":[{"href":"https:\/\/bazaar.express\/de\/wp-json\/wp\/v2\/product"}],"about":[{"href":"https:\/\/bazaar.express\/de\/wp-json\/wp\/v2\/types\/product"}],"replies":[{"embeddable":true,"href":"https:\/\/bazaar.express\/de\/wp-json\/wp\/v2\/comments?post=37795"}],"wp:featuredmedia":[{"embeddable":true,"href":"https:\/\/bazaar.express\/de\/wp-json\/wp\/v2\/media\/37797"}],"wp:attachment":[{"href":"https:\/\/bazaar.express\/de\/wp-json\/wp\/v2\/media?parent=37795"}],"wp:term":[{"taxonomy":"product_brand","embeddable":true,"href":"https:\/\/bazaar.express\/de\/wp-json\/wp\/v2\/product_brand?post=37795"},{"taxonomy":"product_cat","embeddable":true,"href":"https:\/\/bazaar.express\/de\/wp-json\/wp\/v2\/product_cat?post=37795"},{"taxonomy":"product_tag","embeddable":true,"href":"https:\/\/bazaar.express\/de\/wp-json\/wp\/v2\/product_tag?post=37795"}],"curies":[{"name":"wp","href":"https:\/\/api.w.org\/{rel}","templated":true}]}}