{"id":37862,"date":"2025-01-15T03:11:25","date_gmt":"2025-01-15T03:11:25","guid":{"rendered":"https:\/\/bazaar.express\/product\/natuerliche-mango-gesichts-und-koerpercreme\/"},"modified":"2026-02-27T14:28:28","modified_gmt":"2026-02-27T14:28:28","slug":"natuerliche-mango-gesichts-und-koerpercreme","status":"publish","type":"product","link":"https:\/\/bazaar.express\/de\/produkt\/natuerliche-mango-gesichts-und-koerpercreme\/","title":{"rendered":"Nat\u00fcrliche Mango Gesichts- und K\u00f6rpercreme"},"content":{"rendered":"<h2 data-start=\"177\" data-end=\"263\">Horus Mango Gesichts- und K\u00f6rpercreme \u2013 Intensive Feuchtigkeit mit Mango, Sheabutter &#038; Kokos\u00f6l<\/h2>\n<p data-start=\"265\" data-end=\"742\">Pflegen Sie Ihre Haut t\u00e4glich mit der \u00fcppigen Hydration der <strong data-start=\"316\" data-end=\"349\">Horus Mango Gesichts- und K\u00f6rpercreme<\/strong> \u2013 einer reichen, cremigen Formel, die mit nat\u00fcrlichem Mangextrakt, Sheabutter, Kokos\u00f6l und Vitamin E gef\u00fcllt ist. Entwickelt, um intensive Feuchtigkeit und Weichheit zu bieten, belebt diese Creme m\u00fcde, trockene und matte Haut und stellt ihren Glanz und ihre Elastizit\u00e4t wieder her. Ob Sie raue Stellen weich machen, den Glanz steigern oder Ihrer Haut eine tropische Pflege g\u00f6nnen m\u00f6chten \u2013 diese Creme ist die ideale Selbstpflegel\u00f6sung f\u00fcr Gesicht und K\u00f6rper.<\/p>\n<h3 data-start=\"749\" data-end=\"791\"> Die Kraft des Mangextrakts f\u00fcr die Haut<\/h3>\n<p data-start=\"793\" data-end=\"916\">Mangextrakt ist ein nat\u00fcrlicher Superfood f\u00fcr die Haut. Reich an Vitaminen A, C und E sowie Antioxidantien und Fetts\u00e4uren, hilft er bei:<\/p>\n<ul data-start=\"918\" data-end=\"1114\">\n<li data-start=\"918\" data-end=\"971\">\n<p data-start=\"920\" data-end=\"971\"><strong data-start=\"920\" data-end=\"938\">Tiefer Hydration<\/strong> der Haut und speichert Feuchtigkeit.<\/p>\n<\/li>\n<li data-start=\"972\" data-end=\"1045\">\n<p data-start=\"974\" data-end=\"1045\"><strong data-start=\"974\" data-end=\"1000\">Erfrischung matter, trockener Haut<\/strong>, sodass sie heller und lebendiger wirkt.<\/p>\n<\/li>\n<li data-start=\"1046\" data-end=\"1114\">\n<p data-start=\"1048\" data-end=\"1114\"><strong data-start=\"1048\" data-end=\"1069\">Beruhigung von Reizungen<\/strong> und verleiht Gesicht und K\u00f6rper einen sanften Glanz.<\/p>\n<\/li>\n<\/ul>\n<h3 data-start=\"1121\" data-end=\"1165\"> Sheabutter: Der ultimative Feuchtigkeitsspender<\/h3>\n<p data-start=\"1167\" data-end=\"1207\">Sheabutter ist bekannt f\u00fcr ihre F\u00e4higkeit, folgendes zu tun:<\/p>\n<ul data-start=\"1209\" data-end=\"1388\">\n<li data-start=\"1209\" data-end=\"1264\">\n<p data-start=\"1211\" data-end=\"1264\"><strong data-start=\"1211\" data-end=\"1233\">Reparieren und sch\u00fctzen<\/strong> trockener, rissiger oder schuppiger Haut.<\/p>\n<\/li>\n<li data-start=\"1265\" data-end=\"1318\">\n<p data-start=\"1267\" data-end=\"1318\"><strong data-start=\"1267\" data-end=\"1294\">Wiederherstellung der Hautelastizit\u00e4t<\/strong> und Reduzierung von Rauheit.<\/p>\n<\/li>\n<li data-start=\"1319\" data-end=\"1388\">\n<p data-start=\"1321\" data-end=\"1388\"><strong data-start=\"1321\" data-end=\"1350\">Schaffung einer Feuchtigkeitsbarriere<\/strong>, um die Haut den ganzen Tag weich und geschmeidig zu halten.<\/p>\n<\/li>\n<\/ul>\n<h3 data-start=\"1395\" data-end=\"1437\"> Vitamin E: Der t\u00e4gliche Schutzschild f\u00fcr Ihre Haut<\/h3>\n<p data-start=\"1439\" data-end=\"1474\">Vitamin E spielt eine starke Rolle bei:<\/p>\n<ul data-start=\"1476\" data-end=\"1696\">\n<li data-start=\"1476\" data-end=\"1549\">\n<p data-start=\"1478\" data-end=\"1549\"><strong data-start=\"1478\" data-end=\"1523\">Schutz der Haut vor Umweltsch\u00e4den<\/strong> wie Sonne und Verschmutzung.<\/p>\n<\/li>\n<li data-start=\"1550\" data-end=\"1612\">\n<p data-start=\"1552\" data-end=\"1612\"><strong data-start=\"1552\" data-end=\"1586\">Verblassen von Narben und Dehnungsstreifen<\/strong> und Ausgleich des Hauttons.<\/p>\n<\/li>\n<li data-start=\"1613\" data-end=\"1696\">\n<p data-start=\"1615\" data-end=\"1696\"><strong data-start=\"1615\" data-end=\"1642\">N\u00e4hrung und Erneuerung<\/strong> der nat\u00fcrlichen Hautbarriere f\u00fcr ein jugendliches Aussehen.<\/p>\n<\/li>\n<\/ul>\n<h3 data-start=\"1703\" data-end=\"1752\"> Kokos\u00f6l: Seidige, glatte Haut jedes Mal<\/h3>\n<p data-start=\"1754\" data-end=\"1800\">Kokos\u00f6l sorgt f\u00fcr eine beruhigende Note und hilft bei:<\/p>\n<ul data-start=\"1802\" data-end=\"1990\">\n<li data-start=\"1802\" data-end=\"1838\">\n<p data-start=\"1804\" data-end=\"1838\"><strong data-start=\"1804\" data-end=\"1835\">Weichmachen harter oder trockener Stellen<\/strong>.<\/p>\n<\/li>\n<li data-start=\"1839\" data-end=\"1916\">\n<p data-start=\"1841\" data-end=\"1916\"><strong data-start=\"1841\" data-end=\"1864\">Beruhigung gereizter Haut<\/strong>, besonders nach dem Rasieren oder Sonneneinwirkung.<\/p>\n<\/li>\n<li data-start=\"1917\" data-end=\"1990\">\n<p data-start=\"1919\" data-end=\"1990\"><strong data-start=\"1919\" data-end=\"1960\">Hinterlassen eines seidenweichen, nicht fettigen Gef\u00fchls<\/strong> mit einem nat\u00fcrlichen s\u00fc\u00dfen Duft.<\/p>\n<\/li>\n<\/ul>\n<h3 data-start=\"1997\" data-end=\"2044\"> So verwenden Sie die Horus Mango Gesichts- und K\u00f6rpercreme<\/h3>\n<p data-start=\"2046\" data-end=\"2194\"><strong data-start=\"2046\" data-end=\"2059\">F\u00fcr das Gesicht:<\/strong><br data-start=\"2059\" data-end=\"2062\" \/>Tragen Sie eine kleine Menge auf saubere Haut auf. Massieren Sie sanft in kreisenden Bewegungen ein, bis sie vollst\u00e4ndig aufgenommen ist. Verwenden Sie morgens und abends f\u00fcr beste Ergebnisse.<\/p>\n<p data-start=\"2196\" data-end=\"2346\"><strong data-start=\"2196\" data-end=\"2209\">F\u00fcr den K\u00f6rper:<\/strong><br data-start=\"2209\" data-end=\"2212\" \/>Massieren Sie gro\u00dfz\u00fcgig in Ihren K\u00f6rper ein, besonders in trockene Bereiche wie Ellbogen, Knie und Fersen. Genie\u00dfen Sie weiche, strahlende Haut den ganzen Tag.<\/p>\n<h3 data-start=\"2353\" data-end=\"2389\"> Warum Horus Mango Creme w\u00e4hlen?<\/h3>\n<ul data-start=\"2391\" data-end=\"2688\">\n<li data-start=\"2391\" data-end=\"2487\">\n<p data-start=\"2393\" data-end=\"2487\">\u2705 <strong data-start=\"2395\" data-end=\"2418\">Nat\u00fcrliche Inhaltsstoffe<\/strong> \u2013 Enth\u00e4lt Mangextrakt, Sheabutter, Vitamin E und Kokos\u00f6l.<\/p>\n<\/li>\n<li data-start=\"2488\" data-end=\"2553\">\n<p data-start=\"2490\" data-end=\"2553\">\u2705 <strong data-start=\"2492\" data-end=\"2521\">Vielseitiger Feuchtigkeitsspender<\/strong> \u2013 Geeignet f\u00fcr Gesicht und K\u00f6rper.<\/p>\n<\/li>\n<li data-start=\"2554\" data-end=\"2615\">\n<p data-start=\"2556\" data-end=\"2615\">\u2705 <strong data-start=\"2558\" data-end=\"2578\">Schnelle Absorption<\/strong> \u2013 Reiche Textur, nicht fettiger Finish.<\/p>\n<\/li>\n<li data-start=\"2616\" data-end=\"2688\">\n<p data-start=\"2618\" data-end=\"2688\">\u2705 <strong data-start=\"2620\" data-end=\"2637\">Hergestellt in \u00c4gypten<\/strong> \u2013 Hochwertige \u00e4gyptische Formulierung, der Sie vertrauen k\u00f6nnen.<\/p>\n<\/li>\n<\/ul>\n<h3 data-start=\"3003\" data-end=\"3026\"> Produktdetails:<\/h3>\n<ul data-start=\"3028\" data-end=\"3103\">\n<li data-start=\"3028\" data-end=\"3052\">\n<p data-start=\"3030\" data-end=\"3052\"><strong data-start=\"3030\" data-end=\"3043\">Inhalt:<\/strong> 330 ml<\/p>\n<\/li>\n<li data-start=\"3053\" data-end=\"3080\">\n<p data-start=\"3055\" data-end=\"3080\"><strong data-start=\"3055\" data-end=\"3072\">Hersteller:<\/strong> Horus<\/p>\n<\/li>\n<li data-start=\"3081\" data-end=\"3103\">\n<p data-start=\"3083\" data-end=\"3103\"><strong data-start=\"3083\" data-end=\"3095\">Hergestellt in:<\/strong> \u00c4gypten<\/p>\n<\/li>\n<\/ul>\n<h2 data-start=\"3110\" data-end=\"3137\">Strahlen Sie nat\u00fcrlich jeden Tag<\/h2>\n<p data-start=\"3139\" data-end=\"3459\">Lassen Sie die tropische G\u00fcte der Mango und den Reichtum der Sheabutter in perfekter Harmonie zusammenwirken, um Ihrer Haut alles zu geben, was sie braucht, um zu strahlen. <strong data-start=\"3287\" data-end=\"3320\">Horus Mango Gesichts- und K\u00f6rpercreme<\/strong> ist Ihr zuverl\u00e4ssiges Produkt f\u00fcr gepflegte, hydratisierte und strahlende Haut. Machen Sie es zu einem Teil Ihrer t\u00e4glichen Pflegeroutine \u2013 Ihre Haut wird es Ihnen danken.<\/p>\n<p style=\"text-align: center;\">Vielen Dank, dass Sie bei <em data-start=\"415\" data-end=\"431\"><a href=\"https:\/\/bazaar.express\/de\/\">Bazaar Express<\/a><\/em> einkaufen \u2013 wir freuen uns, Sie dabei zu haben!<\/p>\n<p style=\"text-align: center;\">Ihre Reise zu besserer Selbstpflege beginnt hier \u2013 mit <a href=\"https:\/\/bazaar.express\/product-category\/beauty-care\/\">Beauty &#038; Care<\/a>, auf die Sie sich verlassen k\u00f6nnen.<\/p>\n","protected":false},"excerpt":{"rendered":"<h3>Die Horus Mango Gesichts- und K\u00f6rpercreme ist ein reicher, n\u00e4hrender Feuchtigkeitsspender mit Mangextrakt, Sheabutter, Kokos\u00f6l und Vitamin E. Ideal f\u00fcr den t\u00e4glichen Gebrauch hydratisiert sie trockene Haut, stellt den Glanz wieder her und l\u00e4sst Gesicht und K\u00f6rper weich und erfrischt f\u00fchlen.<\/h3>\n","protected":false},"featured_media":37864,"comment_status":"open","ping_status":"closed","template":"","meta":[],"product_brand":[],"product_cat":[962,969],"product_tag":[980,979,977],"class_list":{"0":"post-37862","1":"product","2":"type-product","3":"status-publish","4":"has-post-thumbnail","6":"product_cat-beauty-pflege","7":"product_cat-beste-aus-agypten","8":"product_tag-beauty-pflege","9":"product_tag-hautpflege","10":"product_tag-ol","11":"pa_l-xl-330ml","13":"first","14":"instock","15":"sale","16":"shipping-taxable","17":"purchasable","18":"product-type-simple"},"_links":{"self":[{"href":"https:\/\/bazaar.express\/de\/wp-json\/wp\/v2\/product\/37862","targetHints":{"allow":["GET"]}}],"collection":[{"href":"https:\/\/bazaar.express\/de\/wp-json\/wp\/v2\/product"}],"about":[{"href":"https:\/\/bazaar.express\/de\/wp-json\/wp\/v2\/types\/product"}],"replies":[{"embeddable":true,"href":"https:\/\/bazaar.express\/de\/wp-json\/wp\/v2\/comments?post=37862"}],"wp:featuredmedia":[{"embeddable":true,"href":"https:\/\/bazaar.express\/de\/wp-json\/wp\/v2\/media\/37864"}],"wp:attachment":[{"href":"https:\/\/bazaar.express\/de\/wp-json\/wp\/v2\/media?parent=37862"}],"wp:term":[{"taxonomy":"product_brand","embeddable":true,"href":"https:\/\/bazaar.express\/de\/wp-json\/wp\/v2\/product_brand?post=37862"},{"taxonomy":"product_cat","embeddable":true,"href":"https:\/\/bazaar.express\/de\/wp-json\/wp\/v2\/product_cat?post=37862"},{"taxonomy":"product_tag","embeddable":true,"href":"https:\/\/bazaar.express\/de\/wp-json\/wp\/v2\/product_tag?post=37862"}],"curies":[{"name":"wp","href":"https:\/\/api.w.org\/{rel}","templated":true}]}}