{"id":37885,"date":"2025-01-14T15:11:46","date_gmt":"2025-01-14T15:11:46","guid":{"rendered":"https:\/\/bazaar.express\/product\/natuerlicher-schwarzkuemmelhonig-100-rein\/"},"modified":"2025-01-14T15:11:46","modified_gmt":"2025-01-14T15:11:46","slug":"natuerlicher-schwarzkuemmelhonig-100-rein","status":"publish","type":"product","link":"https:\/\/bazaar.express\/de\/produkt\/natuerlicher-schwarzkuemmelhonig-100-rein\/","title":{"rendered":"Nat\u00fcrlicher Schwarzk\u00fcmmelhonig | 100% Rein"},"content":{"rendered":"<h2 data-start=\"231\" data-end=\"323\">Nat\u00fcrlicher Schwarzk\u00fcmmelhonig \u2013 El-Baraka: 100% Rein, Roh &#038; Nat\u00fcrlicher Honig f\u00fcr Ihre Gesundheit<\/h2>\n<h3 data-start=\"325\" data-end=\"383\">Ein Goldenes Geschenk der Natur \u2013 El-Baraka Schwarzk\u00fcmmelhonig<\/h3>\n<p data-start=\"385\" data-end=\"842\">Entdecken Sie die einzigartigen Vorteile f\u00fcr die Gesundheit von <strong data-start=\"427\" data-end=\"470\">nat\u00fcrlichem Schwarzk\u00fcmmelhonig von El-Baraka<\/strong>, einem wirklich rohen und unverarbeiteten Schatz direkt aus der Natur. Von Bienen hergestellt, die Nektar aus den Bl\u00fcten der Schwarzk\u00fcmmel-Pflanze sammeln, bewahrt dieser Honig jede Tropfen N\u00e4hrkraft \u2013 ohne Filterung, ohne Pasteurisierung, einfach das Reine. Mit jedem L\u00f6ffel schmecken Sie nicht nur Honig \u2013 Sie n\u00e4hren Ihren K\u00f6rper, st\u00e4rken Ihr Immunsystem und versorgen Ihre Seele.<\/p>\n<h3 data-start=\"844\" data-end=\"894\">Warum El-Baraka Nat\u00fcrlichen Schwarzk\u00fcmmelhonig W\u00e4hlen?<\/h3>\n<h4 data-start=\"896\" data-end=\"957\">\u00a0100% Roh &#038; Rein \u2013 Nichts Hinzugef\u00fcgt, Nichts Entfernt<\/h4>\n<p data-start=\"958\" data-end=\"1225\">Im Gegensatz zu verarbeitetem Honig beh\u00e4lt El-Baraka Schwarzk\u00fcmmelhonig <strong data-start=\"1017\" data-end=\"1068\">jeden nat\u00fcrlichen Enzym, Antioxidans und N\u00e4hrstoff<\/strong>. Kalt extrahiert und unber\u00fchrt von Hitze oder Chemikalien, bietet er eine reiche, dicke Konsistenz mit einem tiefen blumig-erdigen Aroma, das typisch f\u00fcr die Schwarzk\u00fcmmel-Pflanze ist.<\/p>\n<h4 data-start=\"1227\" data-end=\"1284\">\u00a0Reich an Antioxidantien \u2013 St\u00e4rke f\u00fcr Ihre Zellen<\/h4>\n<p data-start=\"1285\" data-end=\"1493\">Dieser Honig ist <strong data-start=\"1299\" data-end=\"1331\">eine wahre Kraftquelle an Antioxidantien<\/strong>, die freie Radikale bek\u00e4mpfen, den Alterungsprozess verlangsamen und die Zellen Ihres K\u00f6rpers sch\u00fctzen. Er unterst\u00fctzt Ihr Immunsystem nat\u00fcrlich und steigert Ihre allgemeine Energie und Vitalit\u00e4t.<\/p>\n<h4 data-start=\"1495\" data-end=\"1550\">\u00a0Nat\u00fcrlicher Antibakterieller &#038; Antimykotischer Schutz<\/h4>\n<p data-start=\"1551\" data-end=\"1763\">El-Baraka Schwarzk\u00fcmmelhonig ist ein <strong data-start=\"1583\" data-end=\"1615\">nat\u00fcrlicher Schutzschild gegen Keime<\/strong>. Dank seiner antimykotischen und antibakteriellen Eigenschaften hilft er, Ihren K\u00f6rper vor g\u00e4ngigen Infektionen zu sch\u00fctzen \u2013 Ihr t\u00e4gliches nat\u00fcrliches Heilmittel.<\/p>\n<h4 data-start=\"1765\" data-end=\"1816\">\u00a0Unterst\u00fctzt Hautheilung &#038; Lindert Reizungen<\/h4>\n<p data-start=\"1817\" data-end=\"1991\">Tragen Sie ihn \u00e4u\u00dferlich auf, um <strong data-start=\"1839\" data-end=\"1887\">Wunden, Verbrennungen und trockene oder entz\u00fcndete Haut zu heilen<\/strong>. Seine antibakterielle Wirkung verhindert Infektionen, w\u00e4hrend seine feuchtigkeitsspendenden Eigenschaften n\u00e4hren und beruhigen.<\/p>\n<h4 data-start=\"1993\" data-end=\"2037\">\u00a0Verbessert Verdauung &#038; Darmgesundheit<\/h4>\n<p data-start=\"2038\" data-end=\"2189\">Verabschieden Sie sich von Bl\u00e4hungen und Verdauungsbeschwerden. Schwarzk\u00fcmmelhonig ist bekannt daf\u00fcr, <strong data-start=\"2108\" data-end=\"2137\">eine gesunde Verdauung zu f\u00f6rdern<\/strong>, den Magen zu beruhigen und die N\u00e4hrstoffaufnahme zu verbessern.<\/p>\n<h4 data-start=\"2191\" data-end=\"2240\">\u00a0Lindert Halsschmerzen &#038; Husten Nat\u00fcrlich<\/h4>\n<p data-start=\"2241\" data-end=\"2446\">Ob pur gel\u00f6ffelt oder in warmem Tee gemischt, lindert dieser Honig <strong data-start=\"2306\" data-end=\"2342\">Halsschmerzen und Husten<\/strong>.<\/p>\n<p data-start=\"2241\" data-end=\"2446\">Seine entz\u00fcndungshemmenden und beruhigenden Eigenschaften machen ihn zu einer nat\u00fcrlichen Alternative zu rezeptfreien Sirupen.<\/p>\n<h3 data-start=\"2453\" data-end=\"2497\">Wege, El-Baraka Schwarzk\u00fcmmelhonig zu Genie\u00dfen<\/h3>\n<ul data-start=\"2499\" data-end=\"2923\">\n<li data-start=\"2499\" data-end=\"2588\">\n<p data-start=\"2501\" data-end=\"2588\"><strong data-start=\"2501\" data-end=\"2526\">T\u00e4gliches Wohlbefinden-Ritual<\/strong>: Nehmen Sie einen L\u00f6ffel auf n\u00fcchternen Magen, um Ihr Immunsystem zu wecken.<\/p>\n<\/li>\n<li data-start=\"2589\" data-end=\"2680\">\n<p data-start=\"2591\" data-end=\"2680\"><strong data-start=\"2591\" data-end=\"2609\">In Hei\u00dfen Getr\u00e4nken<\/strong>: F\u00fcgen Sie ihn Tee, Kr\u00e4uteraufg\u00fcssen oder Zitronenwasser f\u00fcr beruhigenden Komfort hinzu.<\/p>\n<\/li>\n<li data-start=\"2681\" data-end=\"2753\">\n<p data-start=\"2683\" data-end=\"2753\"><strong data-start=\"2683\" data-end=\"2703\">Bei Halsschmerzen<\/strong>: Mischen Sie ihn mit warmem Wasser oder Zitrone f\u00fcr nat\u00fcrliche Linderung.<\/p>\n<\/li>\n<li data-start=\"2754\" data-end=\"2834\">\n<p data-start=\"2756\" data-end=\"2834\"><strong data-start=\"2756\" data-end=\"2791\">In Smoothies &#038; Gesunden Desserts<\/strong>: Geben Sie einen s\u00fc\u00dfen, n\u00e4hrstoffreichen Boost zu Rezepten.<\/p>\n<\/li>\n<li data-start=\"2835\" data-end=\"2923\">\n<p data-start=\"2837\" data-end=\"2923\"><strong data-start=\"2837\" data-end=\"2860\">\u00c4u\u00dferliche Anwendung<\/strong>: Tragen Sie ihn auf Schnitte, leichte Verbrennungen oder trockene Haut f\u00fcr heilende Vorteile auf.<\/p>\n<\/li>\n<\/ul>\n<h3 data-start=\"2930\" data-end=\"2971\">Was Macht El-Baraka Honig Besonders?<\/h3>\n<p data-start=\"2973\" data-end=\"3266\">Bei El-Baraka ist <strong data-start=\"2987\" data-end=\"3012\">Reinheit unser Versprechen<\/strong>. Unser Schwarzk\u00fcmmelhonig wird sorgf\u00e4ltig geerntet, nie ver\u00e4ndert und immer mit Integrit\u00e4t verpackt. Er verbindet <strong data-start=\"3120\" data-end=\"3147\">jahrzehntelange Tradition<\/strong> mit modernen Gesundheitsbed\u00fcrfnissen \u2013 ideal f\u00fcr alle, die ihren K\u00f6rper und ihr Wohlbefinden auf nat\u00fcrliche und effektive Weise st\u00e4rken m\u00f6chten.<\/p>\n<p data-start=\"3268\" data-end=\"3444\">Ob Sie Ihr Immunsystem st\u00e4rken, nat\u00fcrlich heilen oder ein einzigartiges aromatisches Erlebnis genie\u00dfen m\u00f6chten <strong data-start=\"3294\" data-end=\"3373\">\u2013 El-Baraka Nat\u00fcrlicher Schwarzk\u00fcmmelhonig ist Ihr ultimativer Gesundheitsbegleiter<\/strong>.<\/p>\n<h3 data-start=\"3838\" data-end=\"3891\">Machen Sie die Natur zu Ihrem T\u00e4glichen Verb\u00fcndeten \u2013 Probieren Sie El-Baraka Heute<\/h3>\n<p data-start=\"3893\" data-end=\"4132\"><strong data-start=\"3893\" data-end=\"3931\">El-Baraka Nat\u00fcrlicher Schwarzk\u00fcmmelhonig<\/strong> ist mehr als ein S\u00fc\u00dfungsmittel \u2013 er ist ein Wohlbefindens-Essential. Von der Unterst\u00fctzung der Verdauung und des Immunsystems bis hin zur Heilung der Haut und Linderung von Halsschmerzen ist dieses Glas goldener G\u00fcte das ultimative Geschenk der Natur.<\/p>\n<p data-start=\"4134\" data-end=\"4245\"><strong data-start=\"4134\" data-end=\"4147\">Bestellen Sie jetzt<\/strong> und lassen Sie jeden L\u00f6ffel Gesundheit, Tradition und Aroma direkt vom Stock zu Ihnen nach Hause bringen.<\/p>\n<p style=\"text-align: center;\">Vielen Dank, dass Sie bei <em data-start=\"415\" data-end=\"431\"><a href=\"https:\/\/bazaar.express\/de\/\">Bazaar Express<\/a><\/em> einkaufen \u2013 wir freuen uns, Sie dabei zu haben!<\/p>\n<p style=\"text-align: center;\">Schmecken Sie Tradition mit unserer handverlesenen Auswahl an <a href=\"https:\/\/bazaar.express\/product-category\/egyptian-flavors\/\">\u00c4gyptischen Aromen<\/a> und Gew\u00fcrzen.<\/p>\n","protected":false},"excerpt":{"rendered":"<h3 data-start=\"414\" data-end=\"642\">El-Baraka Nat\u00fcrlicher Schwarzk\u00fcmmelhonig ist 100% roh und ungefiltert, geerntet von Bienen, die von Schwarzk\u00fcmmel-Bl\u00fcten zehren. Reich an Antioxidantien und Enzymen, unterst\u00fctzt er Verdauung, Immunsystem und Hautgesundheit. Ein wahres Superfood aus der Natur.<\/h3>\n","protected":false},"featured_media":37888,"comment_status":"open","ping_status":"closed","template":"","meta":[],"product_brand":[],"product_cat":[965,969,972],"product_tag":[995,1052],"class_list":{"0":"post-37885","1":"product","2":"type-product","3":"status-publish","4":"has-post-thumbnail","6":"product_cat-agyptische-aromen","7":"product_cat-beste-aus-agypten","8":"product_cat-el-baraka-naturliche-ole","9":"product_tag-gesund","10":"product_tag-naturliche-aromen","11":"pa_l-xl-1000ml","12":"pa_l-xl-500ml","14":"first","15":"instock","16":"sale","17":"shipping-taxable","18":"purchasable","19":"product-type-variable"},"_links":{"self":[{"href":"https:\/\/bazaar.express\/de\/wp-json\/wp\/v2\/product\/37885","targetHints":{"allow":["GET"]}}],"collection":[{"href":"https:\/\/bazaar.express\/de\/wp-json\/wp\/v2\/product"}],"about":[{"href":"https:\/\/bazaar.express\/de\/wp-json\/wp\/v2\/types\/product"}],"replies":[{"embeddable":true,"href":"https:\/\/bazaar.express\/de\/wp-json\/wp\/v2\/comments?post=37885"}],"wp:featuredmedia":[{"embeddable":true,"href":"https:\/\/bazaar.express\/de\/wp-json\/wp\/v2\/media\/37888"}],"wp:attachment":[{"href":"https:\/\/bazaar.express\/de\/wp-json\/wp\/v2\/media?parent=37885"}],"wp:term":[{"taxonomy":"product_brand","embeddable":true,"href":"https:\/\/bazaar.express\/de\/wp-json\/wp\/v2\/product_brand?post=37885"},{"taxonomy":"product_cat","embeddable":true,"href":"https:\/\/bazaar.express\/de\/wp-json\/wp\/v2\/product_cat?post=37885"},{"taxonomy":"product_tag","embeddable":true,"href":"https:\/\/bazaar.express\/de\/wp-json\/wp\/v2\/product_tag?post=37885"}],"curies":[{"name":"wp","href":"https:\/\/api.w.org\/{rel}","templated":true}]}}