{"id":37906,"date":"2025-01-10T00:48:01","date_gmt":"2025-01-10T00:48:01","guid":{"rendered":"https:\/\/bazaar.express\/product\/bio-arganoel\/"},"modified":"2025-01-10T00:48:01","modified_gmt":"2025-01-10T00:48:01","slug":"bio-arganoel","status":"publish","type":"product","link":"https:\/\/bazaar.express\/de\/produkt\/bio-arganoel\/","title":{"rendered":"Bio Argan\u00f6l"},"content":{"rendered":"<h2 data-start=\"266\" data-end=\"353\">Bio Argan\u00f6l \u2013 NAKAA: 100% rein und kaltgepresst f\u00fcr die Pflege Ihrer Haut und Haare<\/h2>\n<h3 data-start=\"355\" data-end=\"418\">Entdecken Sie das alte marokkanische Geheimnis f\u00fcr Sch\u00f6nheit und Wohlbefinden<\/h3>\n<p data-start=\"420\" data-end=\"755\">Suchen Sie ein einzelnes Produkt, das Wunder f\u00fcr Ihre Haut, Ihr Haar und Ihre allgemeine Gesundheit bewirkt? Lernen Sie <strong data-start=\"513\" data-end=\"542\">NAKAAs Bio Argan\u00f6l<\/strong> kennen \u2013 Ihre All-in-One nat\u00fcrliche L\u00f6sung. Bezogen aus dem Herzen Marokkos und in \u00c4gypten kaltgepresst, um die N\u00e4hrstoffe zu erhalten, ist dieses reine, biologische \u00d6l reich an Vitamin E, Antioxidantien und essenziellen Fetts\u00e4uren.<\/p>\n<p data-start=\"757\" data-end=\"1000\">Es spendet Feuchtigkeit, regeneriert, st\u00e4rkt und sch\u00fctzt \u2013 f\u00fcr strahlende Haut, seidenweiches Haar und m\u00f6gliche gesundheitliche Vorteile. Ob Sie Ihre Sch\u00f6nheitsroutine vereinfachen oder Ihrem K\u00f6rper einen nat\u00fcrlichen Boost geben m\u00f6chten, dieses \u00d6l ist genau das, worauf Sie gewartet haben.<\/p>\n<h3 data-start=\"1007\" data-end=\"1050\">Wichtige Vorteile von NAKAA Bio Argan\u00f6l<\/h3>\n<h4 data-start=\"1052\" data-end=\"1068\">\tF\u00fcr die Haut<\/h4>\n<ul data-start=\"1069\" data-end=\"1489\">\n<li data-start=\"1069\" data-end=\"1168\">\n<p data-start=\"1071\" data-end=\"1168\"><strong data-start=\"1071\" data-end=\"1090\">Tiefe Feuchtigkeitsversorgung:<\/strong> Erneuert trockene, schuppige Haut und speichert Feuchtigkeit f\u00fcr eine weiche, glatte Textur.<\/p>\n<\/li>\n<li data-start=\"1169\" data-end=\"1268\">\n<p data-start=\"1171\" data-end=\"1268\"><strong data-start=\"1171\" data-end=\"1192\">Anti-Aging-Wirkung:<\/strong> F\u00f6rdert die Hautelastizit\u00e4t und reduziert das Auftreten von Falten und feinen Linien.<\/p>\n<\/li>\n<li data-start=\"1269\" data-end=\"1379\">\n<p data-start=\"1271\" data-end=\"1379\"><strong data-start=\"1271\" data-end=\"1297\">Linderung von Akne &#038; R\u00f6tungen:<\/strong> Beruhigt entz\u00fcndete Haut und hilft, Akne durch entz\u00fcndungshemmende Eigenschaften zu mildern.<\/p>\n<\/li>\n<li data-start=\"1380\" data-end=\"1489\">\n<p data-start=\"1382\" data-end=\"1489\"><strong data-start=\"1382\" data-end=\"1412\">Hautreparatur &#038; N\u00e4hrstoffversorgung:<\/strong> Reich an N\u00e4hrstoffen, die die Zellregeneration unterst\u00fctzen und einen gesunden Glanz wiederherstellen.<\/p>\n<\/li>\n<\/ul>\n<h4 data-start=\"1491\" data-end=\"1507\">\tF\u00fcr das Haar<\/h4>\n<ul data-start=\"1508\" data-end=\"1781\">\n<li data-start=\"1508\" data-end=\"1595\">\n<p data-start=\"1510\" data-end=\"1595\"><strong data-start=\"1510\" data-end=\"1537\">St\u00e4rkeres, gl\u00e4nzenderes Haar:<\/strong> Belebt stumpfe, besch\u00e4digte Str\u00e4hnen und verleiht Weichheit und Glanz.<\/p>\n<\/li>\n<li data-start=\"1596\" data-end=\"1674\">\n<p data-start=\"1598\" data-end=\"1674\"><strong data-start=\"1598\" data-end=\"1620\">F\u00f6rdert Wachstum:<\/strong> N\u00e4hrt die Follikel und unterst\u00fctzt gesundes Haarwachstum.<\/p>\n<\/li>\n<li data-start=\"1675\" data-end=\"1781\">\n<p data-start=\"1677\" data-end=\"1781\"><strong data-start=\"1677\" data-end=\"1703\">Verbessert die Kopfhautgesundheit:<\/strong> Hilft, Schuppen, Juckreiz und Reizungen zu reduzieren f\u00fcr eine saubere, ausgeglichene Kopfhaut.<\/p>\n<\/li>\n<\/ul>\n<h4 data-start=\"1783\" data-end=\"1803\">\tF\u00fcr das Wohlbefinden<\/h4>\n<ul data-start=\"1804\" data-end=\"2072\">\n<li data-start=\"1804\" data-end=\"1904\">\n<p data-start=\"1806\" data-end=\"1904\"><strong data-start=\"1806\" data-end=\"1836\">Entz\u00fcndungshemmende Wirkungen:<\/strong> Kann Gelenkschmerzen und Entz\u00fcndungen lindern und das allgemeine Wohlbefinden unterst\u00fctzen.<\/p>\n<\/li>\n<li data-start=\"1905\" data-end=\"1985\">\n<p data-start=\"1907\" data-end=\"1985\"><strong data-start=\"1907\" data-end=\"1933\">Unterst\u00fctzt die Herzgesundheit:<\/strong> Reich an herzgesunden Fetts\u00e4uren und Antioxidantien.<\/p>\n<\/li>\n<li data-start=\"1986\" data-end=\"2072\">\n<p data-start=\"1988\" data-end=\"2072\"><strong data-start=\"1988\" data-end=\"2007\">Immununterst\u00fctzung:<\/strong> Fr\u00fche Forschungen deuten auf potenzielle immunst\u00e4rkende Vorteile hin.<\/p>\n<\/li>\n<\/ul>\n<h3 data-start=\"2079\" data-end=\"2118\">Warum NAKAA Bio Argan\u00f6l w\u00e4hlen?<\/h3>\n<h4 data-start=\"2120\" data-end=\"2148\">\u2705 100% rein &#038; biologisch<\/h4>\n<p data-start=\"2149\" data-end=\"2223\">Keine F\u00fcllstoffe, keine Konservierungsstoffe \u2013 nur das reinste Argan\u00f6l f\u00fcr echte Ergebnisse.<\/p>\n<h4 data-start=\"2225\" data-end=\"2257\">\u2705 Kaltgepresste Extraktion<\/h4>\n<p data-start=\"2258\" data-end=\"2355\">Unsere Kaltpress-Technik erh\u00e4lt maximale N\u00e4hrstoffe und gew\u00e4hrleistet das h\u00f6chste Qualit\u00e4tsprodukt.<\/p>\n<h4 data-start=\"2357\" data-end=\"2379\">\u2705 Hergestellt in \u00c4gypten<\/h4>\n<p data-start=\"2380\" data-end=\"2465\">Lokal mit Sorgfalt abgef\u00fcllt unter strengen Qualit\u00e4tsstandards und umweltfreundlichen Praktiken.<\/p>\n<h4 data-start=\"2467\" data-end=\"2493\">\u2705 Mehrzweckanwendung<\/h4>\n<p data-start=\"2494\" data-end=\"2597\">Verwenden Sie es auf der Haut, im Haar oder als Teil Ihrer Wellness-Routine. Eine Flasche, unz\u00e4hlige Vorteile.<\/p>\n<h3 data-start=\"2604\" data-end=\"2618\">So verwenden<\/h3>\n<ul data-start=\"2620\" data-end=\"2947\">\n<li data-start=\"2620\" data-end=\"2720\">\n<p data-start=\"2622\" data-end=\"2720\"><strong data-start=\"2622\" data-end=\"2635\">F\u00fcr die Haut:<\/strong> Tragen Sie einige Tropfen auf gereinigte Haut auf und massieren Sie sanft ein. Am besten t\u00e4glich nach der Reinigung verwenden.<\/p>\n<\/li>\n<li data-start=\"2721\" data-end=\"2853\">\n<p data-start=\"2723\" data-end=\"2853\"><strong data-start=\"2723\" data-end=\"2736\">F\u00fcr das Haar:<\/strong> Massieren Sie es in die Kopfhaut und das Haar ein; lassen Sie es mindestens 30 Minuten einwirken, bevor Sie aussp\u00fclen, oder \u00fcber Nacht f\u00fcr eine intensive Pflege.<\/p>\n<\/li>\n<li data-start=\"2854\" data-end=\"2947\">\n<p data-start=\"2856\" data-end=\"2947\"><strong data-start=\"2856\" data-end=\"2871\">F\u00fcr die Gesundheit:<\/strong> Konsultieren Sie einen Gesundheitsfachmann f\u00fcr die innere Anwendung oder Erg\u00e4nzungshinweise.<\/p>\n<\/li>\n<\/ul>\n<h3 data-start=\"3399\" data-end=\"3455\">Erleben Sie die Kraft von NAKAA Bio Argan\u00f6l<\/h3>\n<p data-start=\"3457\" data-end=\"3763\">NAKAAs Bio Argan\u00f6l verbindet traditionelles marokkanisches Wissen mit modernen Qualit\u00e4tsstandards, um Ihnen ein Produkt zu bieten, das Ihre Hautpflege-, Haarpflege- und Wellness-Routine ver\u00e4ndert. Von Feuchtigkeitsversorgung bis Heilung, von Glanz bis St\u00e4rke \u2013 dieses vielseitige \u00d6l ist Ihr nat\u00fcrlicher Weg zu einem ges\u00fcnderen, sch\u00f6nere Ihnen.<\/p>\n<p data-start=\"3765\" data-end=\"3879\"><strong data-start=\"3765\" data-end=\"3879\">G\u00f6nnen Sie sich den Luxus der Natur. Probieren Sie heute NAKAAs Bio Argan\u00f6l und lassen Sie Ihre nat\u00fcrliche Sch\u00f6nheit erstrahlen!<\/strong><\/p>\n<p style=\"text-align: center;\">Vielen Dank, dass Sie bei <em data-start=\"415\" data-end=\"431\"><a href=\"https:\/\/bazaar.express\/de\/\">Bazaar Express<\/a><\/em> einkaufen \u2013 wir freuen uns, Sie als Kunden zu haben!<\/p>\n<p style=\"text-align: center;\">Sp\u00fcren Sie die Kraft der Natur \u2013 reine <a href=\"https:\/\/bazaar.express\/de\/therapeutic-oils\/\">Therapeutische \u00d6le<\/a> f\u00fcr den t\u00e4glichen Wellness-Einsatz.<\/p>\n","protected":false},"excerpt":{"rendered":"<h3 data-start=\"474\" data-end=\"735\">NAKAA Bio Argan\u00f6l ist ein hochwertiges kaltgepresstes \u00d6l aus marokkanischen Argan-Kernen. Reich an Vitamin E und Antioxidantien, spendet es der Haut intensive Feuchtigkeit, st\u00e4rkt das Haar und f\u00f6rdert das allgemeine Wohlbefinden. Geeignet f\u00fcr t\u00e4gliche Haut-, Haar- und Gesundheitspflege.<\/h3>\n<h3><\/h3>\n","protected":false},"featured_media":37908,"comment_status":"open","ping_status":"closed","template":"","meta":[],"product_brand":[],"product_cat":[963,969,973,962],"product_tag":[980,979,978,977],"class_list":{"0":"post-37906","1":"product","2":"type-product","3":"status-publish","4":"has-post-thumbnail","6":"product_cat-therapeutische-ole","7":"product_cat-beste-aus-agypten","8":"product_cat-nakaa-naturliche-ole","9":"product_cat-beauty-pflege","10":"product_tag-beauty-pflege","11":"product_tag-hautpflege","12":"product_tag-naturliches-ol","13":"product_tag-ol","14":"pa_l-xl-135ml","15":"pa_l-xl-250ml","16":"pa_l-xl-60ml","18":"first","19":"instock","20":"sale","21":"shipping-taxable","22":"purchasable","23":"product-type-variable"},"_links":{"self":[{"href":"https:\/\/bazaar.express\/de\/wp-json\/wp\/v2\/product\/37906","targetHints":{"allow":["GET"]}}],"collection":[{"href":"https:\/\/bazaar.express\/de\/wp-json\/wp\/v2\/product"}],"about":[{"href":"https:\/\/bazaar.express\/de\/wp-json\/wp\/v2\/types\/product"}],"replies":[{"embeddable":true,"href":"https:\/\/bazaar.express\/de\/wp-json\/wp\/v2\/comments?post=37906"}],"wp:featuredmedia":[{"embeddable":true,"href":"https:\/\/bazaar.express\/de\/wp-json\/wp\/v2\/media\/37908"}],"wp:attachment":[{"href":"https:\/\/bazaar.express\/de\/wp-json\/wp\/v2\/media?parent=37906"}],"wp:term":[{"taxonomy":"product_brand","embeddable":true,"href":"https:\/\/bazaar.express\/de\/wp-json\/wp\/v2\/product_brand?post=37906"},{"taxonomy":"product_cat","embeddable":true,"href":"https:\/\/bazaar.express\/de\/wp-json\/wp\/v2\/product_cat?post=37906"},{"taxonomy":"product_tag","embeddable":true,"href":"https:\/\/bazaar.express\/de\/wp-json\/wp\/v2\/product_tag?post=37906"}],"curies":[{"name":"wp","href":"https:\/\/api.w.org\/{rel}","templated":true}]}}