{"id":37924,"date":"2025-01-09T02:32:33","date_gmt":"2025-01-09T02:32:33","guid":{"rendered":"https:\/\/bazaar.express\/product\/bio-rizinusoel\/"},"modified":"2025-01-09T02:32:33","modified_gmt":"2025-01-09T02:32:33","slug":"bio-rizinusoel","status":"publish","type":"product","link":"https:\/\/bazaar.express\/de\/produkt\/bio-rizinusoel\/","title":{"rendered":"Bio Rizinus\u00f6l"},"content":{"rendered":"<h2 data-start=\"284\" data-end=\"384\">NAKAA Bio Rizinus\u00f6l \u2013 Die nat\u00fcrliche L\u00f6sung f\u00fcr starkes Haar, strahlende Haut und mehr Wohlbefinden<\/h2>\n<h3 data-start=\"386\" data-end=\"442\">Warum ist NAKAA Bio Rizinus\u00f6l unverzichtbar?<\/h3>\n<p data-start=\"444\" data-end=\"931\">NAKAA Bio Rizinus\u00f6l ist ein hochwertiges kaltgepresstes \u00d6l, das aus den Samen der Rizinuspflanze (<em data-start=\"545\" data-end=\"563\">Ricinus communis<\/em>) gewonnen wird und seit Jahrhunderten f\u00fcr seine starken therapeutischen und kosmetischen Vorteile gesch\u00e4tzt wird. Bekannt als Sch\u00f6nheitselixier seit der Zeit des alten \u00c4gypten, ist dieses nat\u00fcrliche \u00d6l ein vielseitiges Mittel f\u00fcr Ihre Haut, Ihr Haar, N\u00e4gel und sogar die Verdauungsgesundheit. Ob Sie dickes, gl\u00e4nzendes Haar wachsen lassen, trockene Haut heilen oder Ihren nat\u00fcrlichen Glanz steigern m\u00f6chten \u2013 dieses \u00d6l bietet f\u00fcr jeden etwas.<\/p>\n<h3 data-start=\"938\" data-end=\"991\">100% Kaltgepresst &#038; Bio \u2013 Wirksam und Rein<\/h3>\n<p data-start=\"993\" data-end=\"1327\">Wir beziehen nur die besten Bio-Rizinus-Samen und gewinnen das \u00d6l durch Kaltpressverfahren. So bleiben alle nat\u00fcrlichen N\u00e4hrstoffe des \u00d6ls erhalten, einschlie\u00dflich essenzieller Fetts\u00e4uren, Ricinols\u00e4ure, Antioxidantien und Vitamine. Frei von sch\u00e4dlichen Chemikalien liefert NAKAA Bio Rizinus\u00f6l konzentriertes Gutes direkt aus der Natur.<\/p>\n<h3 data-start=\"1334\" data-end=\"1368\">Erwecken Sie Haar und Kopfhaut zum Leben<\/h3>\n<p data-start=\"1370\" data-end=\"1664\">Rizinus\u00f6l ist bekannt daf\u00fcr, das Haarwachstum zu f\u00f6rdern und die Kopfhautgesundheit zu verbessern. Es n\u00e4hrt die Haarfollikel, st\u00e4rkt die Wurzeln und erh\u00f6ht die Dicke. Ob Sie gegen Haarausfall, Spliss oder trockene Kopfhaut k\u00e4mpfen \u2013 dieses \u00d6l spendet Glanz, Feuchtigkeit und Volumen Ihren Str\u00e4hnen.<\/p>\n<p data-start=\"1666\" data-end=\"1692\"><strong data-start=\"1666\" data-end=\"1692\">Wichtige Vorteile f\u00fcr das Haar:<\/strong><\/p>\n<ul data-start=\"1693\" data-end=\"1836\">\n<li data-start=\"1693\" data-end=\"1741\">\n<p data-start=\"1695\" data-end=\"1741\">F\u00f6rdert das Haarwachstum und reduziert Haarausfall<\/p>\n<\/li>\n<li data-start=\"1742\" data-end=\"1790\">\n<p data-start=\"1744\" data-end=\"1790\">St\u00e4rkt und feuchtet gesch\u00e4digtes oder trockenes Haar<\/p>\n<\/li>\n<li data-start=\"1791\" data-end=\"1836\">\n<p data-start=\"1793\" data-end=\"1836\">Verdichtet Augenbrauen und Wimpern nat\u00fcrlich<\/p>\n<\/li>\n<\/ul>\n<h3 data-start=\"1843\" data-end=\"1889\">Hautpflege mit tiefer Feuchtigkeit<\/h3>\n<p data-start=\"1891\" data-end=\"2133\">Trockene, schuppige Haut? NAKAA Bio Rizinus\u00f6l spendet intensive Feuchtigkeit und belebt matte Haut. Es mindert feine Linien, heilt rissige Fersen, erweicht raue Stellen wie Ellbogen und Knie und beruhigt gereizte oder entz\u00fcndete Haut.<\/p>\n<p data-start=\"2135\" data-end=\"2161\"><strong data-start=\"2135\" data-end=\"2161\">Wichtige Vorteile f\u00fcr die Haut:<\/strong><\/p>\n<ul data-start=\"2162\" data-end=\"2309\">\n<li data-start=\"2162\" data-end=\"2208\">\n<p data-start=\"2164\" data-end=\"2208\">Verringert Falten und stellt Elastizit\u00e4t wieder her<\/p>\n<\/li>\n<li data-start=\"2209\" data-end=\"2255\">\n<p data-start=\"2211\" data-end=\"2255\">Heilt rissige Haut und erweicht raue Bereiche<\/p>\n<\/li>\n<li data-start=\"2256\" data-end=\"2309\">\n<p data-start=\"2258\" data-end=\"2309\">Sicher f\u00fcr Lippen, Nagelhaut und sogar akneanf\u00e4llige Haut<\/p>\n<\/li>\n<\/ul>\n<h3 data-start=\"2316\" data-end=\"2354\">F\u00f6rdert auch inneres Wohlbefinden<\/h3>\n<p data-start=\"2356\" data-end=\"2591\">NAKAA Bio Rizinus\u00f6l wirkt auch als sanftes nat\u00fcrliches Abf\u00fchrmittel. In kleinen, kontrollierten Mengen eingenommen lindert es Verstopfung und verbessert die Verdauungsgesundheit. Es ist ein uraltes Mittel, das von modernen Naturschutz-Anh\u00e4ngern unterst\u00fctzt wird.<\/p>\n<p data-start=\"2593\" data-end=\"2660\"><strong data-start=\"2593\" data-end=\"2602\">Hinweis:<\/strong> Konsultieren Sie vor innerer Anwendung immer einen Arzt.<\/p>\n<h3 data-start=\"2667\" data-end=\"2710\">So verwenden Sie NAKAA Bio Rizinus\u00f6l<\/h3>\n<ul data-start=\"2712\" data-end=\"3242\">\n<li data-start=\"2712\" data-end=\"2861\">\n<p data-start=\"2714\" data-end=\"2861\"><strong data-start=\"2714\" data-end=\"2734\">F\u00fcr Haarwachstum:<\/strong> Mischen Sie Rizinus\u00f6l mit etwas Wodka (2:1), massieren Sie es in die Kopfhaut und lassen Sie es 30\u201360 Minuten einwirken, bevor Sie waschen. 1\u20132 Mal w\u00f6chentlich anwenden.<\/p>\n<\/li>\n<li data-start=\"2862\" data-end=\"2970\">\n<p data-start=\"2864\" data-end=\"2970\"><strong data-start=\"2864\" data-end=\"2893\">F\u00fcr Wimpern &#038; Augenbrauen:<\/strong> Tragen Sie das \u00d6l mit einer sauberen B\u00fcrste oder Wattest\u00e4bchen direkt auf die Wurzeln von Wimpern und Brauen auf.<\/p>\n<\/li>\n<li data-start=\"2971\" data-end=\"3062\">\n<p data-start=\"2973\" data-end=\"3062\"><strong data-start=\"2973\" data-end=\"2998\">F\u00fcr trockene Haut &#038; Fersen:<\/strong> Reiben Sie es in die Haut oder mischen Sie es mit Kokos\u00f6l f\u00fcr extra Feuchtigkeit.<\/p>\n<\/li>\n<li data-start=\"3063\" data-end=\"3137\">\n<p data-start=\"3065\" data-end=\"3137\"><strong data-start=\"3065\" data-end=\"3078\">F\u00fcr Lippen:<\/strong> Mischen Sie es mit Vaseline (3:1) f\u00fcr einen nat\u00fcrlichen Lippenbalsam.<\/p>\n<\/li>\n<li data-start=\"3138\" data-end=\"3242\">\n<p data-start=\"3140\" data-end=\"3242\"><strong data-start=\"3140\" data-end=\"3161\">Bei Verstopfung:<\/strong> Mischen Sie 1 TL Rizinus\u00f6l mit frischem Zitronensaft f\u00fcr den Geschmack und nehmen Sie es bei Bedarf einmal ein.<\/p>\n<\/li>\n<\/ul>\n<h3 data-start=\"3249\" data-end=\"3297\"><strong data-start=\"3253\" data-end=\"3297\">Warum lieben die Leute NAKAA Bio Rizinus\u00f6l<\/strong><\/h3>\n<ul data-start=\"3299\" data-end=\"3492\">\n<li data-start=\"3299\" data-end=\"3332\">\n<p data-start=\"3301\" data-end=\"3332\">\u2705 100% Bio &#038; Kaltgepresst<\/p>\n<\/li>\n<li data-start=\"3333\" data-end=\"3375\">\n<p data-start=\"3335\" data-end=\"3375\">\u2705 Frei von Zus\u00e4tzen, Hexan oder GVO<\/p>\n<\/li>\n<li data-start=\"3376\" data-end=\"3418\">\n<p data-start=\"3378\" data-end=\"3418\">\u2705 Geeignet f\u00fcr alle Haut- und Haartypen<\/p>\n<\/li>\n<li data-start=\"3419\" data-end=\"3458\">\n<p data-start=\"3421\" data-end=\"3458\">\u2705 Vielseitig f\u00fcr Sch\u00f6nheit und Wohlbefinden<\/p>\n<\/li>\n<li data-start=\"3459\" data-end=\"3492\">\n<p data-start=\"3461\" data-end=\"3492\">\u2705 Tierversuchsfrei &#038; Umweltfreundlich<\/p>\n<\/li>\n<\/ul>\n<h3 data-start=\"3812\" data-end=\"3860\">Schluss \u2013 Lassen Sie die Natur auf Sie aufpassen<\/h3>\n<p data-start=\"3862\" data-end=\"4137\">Von der Pflege Ihrer Kopfhaut und Haut bis zur Unterst\u00fctzung der Verdauungsgesundheit ist <strong data-start=\"3930\" data-end=\"3958\">NAKAA Bio Rizinus\u00f6l<\/strong> das All-in-One-Naturmittel, f\u00fcr das sich Ihr K\u00f6rper bedanken wird. Machen Sie es zu einem Teil Ihrer Wellness-Routine und umarmen Sie Sch\u00f6nheit von innen \u2013 nat\u00fcrlich und m\u00fchelos.<\/p>\n<p data-start=\"4139\" data-end=\"4234\"><strong data-start=\"4139\" data-end=\"4234\">Probieren Sie NAKAA Bio Rizinus\u00f6l heute \u2013 f\u00fcr ges\u00fcnderes Haar, weichere Haut und bleibendes Wohlbefinden.<\/strong><\/p>\n<p style=\"text-align: center;\">Vielen Dank, dass Sie bei <em data-start=\"415\" data-end=\"431\"><a href=\"https:\/\/bazaar.express\/de\/\">Bazaar Express<\/a><\/em> einkaufen \u2013 wir freuen uns, Sie dabei zu haben!<\/p>\n<p style=\"text-align: center;\">Sp\u00fcren Sie die Kraft der Natur \u2013 reine <a href=\"https:\/\/bazaar.express\/de\/therapeutic-oils\/\">Therapeutische \u00d6le<\/a> f\u00fcr den Alltag.<\/p>\n","protected":false},"excerpt":{"rendered":"<h3 data-start=\"442\" data-end=\"640\">NAKAA Bio Rizinus\u00f6l ist ein 100% kaltgepresstes, chemiefreies \u00d6l, das Haar n\u00e4hrt, trockene Haut pflegt, Wimpern st\u00e4rkt und Wohlbefinden f\u00f6rdert. Ideal f\u00fcr nat\u00fcrliche Sch\u00f6nheits- und Gesundheitsroutinen.<\/h3>\n<h3><\/h3>\n","protected":false},"featured_media":37926,"comment_status":"open","ping_status":"closed","template":"","meta":[],"product_brand":[],"product_cat":[963,973,962],"product_tag":[980,979,978,977],"class_list":{"0":"post-37924","1":"product","2":"type-product","3":"status-publish","4":"has-post-thumbnail","6":"product_cat-therapeutische-ole","7":"product_cat-nakaa-naturliche-ole","8":"product_cat-beauty-pflege","9":"product_tag-beauty-pflege","10":"product_tag-hautpflege","11":"product_tag-naturliches-ol","12":"product_tag-ol","13":"pa_l-xl-135ml","14":"pa_l-xl-250ml","15":"pa_l-xl-60ml","17":"first","18":"instock","19":"sale","20":"shipping-taxable","21":"purchasable","22":"product-type-variable"},"_links":{"self":[{"href":"https:\/\/bazaar.express\/de\/wp-json\/wp\/v2\/product\/37924","targetHints":{"allow":["GET"]}}],"collection":[{"href":"https:\/\/bazaar.express\/de\/wp-json\/wp\/v2\/product"}],"about":[{"href":"https:\/\/bazaar.express\/de\/wp-json\/wp\/v2\/types\/product"}],"replies":[{"embeddable":true,"href":"https:\/\/bazaar.express\/de\/wp-json\/wp\/v2\/comments?post=37924"}],"wp:featuredmedia":[{"embeddable":true,"href":"https:\/\/bazaar.express\/de\/wp-json\/wp\/v2\/media\/37926"}],"wp:attachment":[{"href":"https:\/\/bazaar.express\/de\/wp-json\/wp\/v2\/media?parent=37924"}],"wp:term":[{"taxonomy":"product_brand","embeddable":true,"href":"https:\/\/bazaar.express\/de\/wp-json\/wp\/v2\/product_brand?post=37924"},{"taxonomy":"product_cat","embeddable":true,"href":"https:\/\/bazaar.express\/de\/wp-json\/wp\/v2\/product_cat?post=37924"},{"taxonomy":"product_tag","embeddable":true,"href":"https:\/\/bazaar.express\/de\/wp-json\/wp\/v2\/product_tag?post=37924"}],"curies":[{"name":"wp","href":"https:\/\/api.w.org\/{rel}","templated":true}]}}