{"id":37954,"date":"2025-01-10T16:50:31","date_gmt":"2025-01-10T16:50:31","guid":{"rendered":"https:\/\/bazaar.express\/product\/elegante-27-weisse-blumen-in-glasvase\/"},"modified":"2025-01-10T16:50:31","modified_gmt":"2025-01-10T16:50:31","slug":"elegante-27-weisse-blumen-in-glasvase","status":"publish","type":"product","link":"https:\/\/bazaar.express\/de\/produkt\/elegante-27-weisse-blumen-in-glasvase\/","title":{"rendered":"Elegante 27 wei\u00dfe Blumen in Glasvase"},"content":{"rendered":"<h2 data-start=\"234\" data-end=\"299\">27 Wei\u00dfe Blumen in Glasvase \u2013 Ein reiner Ausdruck von Eleganz<\/h2>\n<h3 data-start=\"301\" data-end=\"341\">Ein zeitloses Geschenk f\u00fcr jede Gelegenheit<\/h3>\n<p data-start=\"342\" data-end=\"685\">Bringen Sie Eleganz und Anmut in jeden Raum mit dieser sch\u00f6nen Glasvase, gef\u00fcllt mit <strong data-start=\"425\" data-end=\"445\">27 wei\u00dfen Blumen<\/strong>. Perfekt f\u00fcr Geburtstage, Jahrestage, romantische Gesten oder einfach, um den Tag einer Person aufzuhellen, stehen wei\u00dfe Blumen f\u00fcr Reinheit, Liebe und Frieden. Dieses klassische Blumenarrangement verleiht jedem Moment Weichheit und Raffinesse.<\/p>\n<h3 data-start=\"687\" data-end=\"734\">Zuverl\u00e4ssige Blumenlieferung am selben Tag<\/h3>\n<p data-start=\"735\" data-end=\"1042\">Genie\u00dfen Sie <strong data-start=\"741\" data-end=\"762\">Lieferung am selben Tag<\/strong> mit echten, frischen <strong data-start=\"778\" data-end=\"795\">wei\u00dfen Blumen<\/strong>, sorgf\u00e4ltig in einer schlanken Glasvase arrangiert. Wir w\u00e4hlen nur die feinsten, handverlesenen Bl\u00fcten aus, um sicherzustellen, dass Ihre Blumen strahlend und duftend ankommen. Jede Blume wird mit Sorgfalt behandelt, um ihre Sch\u00f6nheit und Frische vom Feld bis zur Vase zu erhalten.<\/p>\n<h3 data-start=\"1044\" data-end=\"1085\">Umweltfreundliche Blumen mit Sinn<\/h3>\n<p data-start=\"1086\" data-end=\"1345\">Unsere Blumen stammen aus ethisch gef\u00fchrten Farmen, die umweltfreundliche Praktiken priorisieren. Mit dieser Auswahl erhalten Sie nicht nur wundersch\u00f6ne <strong data-start=\"1249\" data-end=\"1266\">wei\u00dfe Blumen<\/strong>, sondern unterst\u00fctzen auch nachhaltige Blumenkultur, die den Planeten respektiert.<\/p>\n<h3 data-start=\"1347\" data-end=\"1390\">Pflegetipps f\u00fcr Blumen \u2013 Lassen Sie sie bl\u00fchen<\/h3>\n<p data-start=\"1391\" data-end=\"1470\">Um die Lebensdauer Ihrer <strong data-start=\"1418\" data-end=\"1438\">27 wei\u00dfen Blumen<\/strong> zu verl\u00e4ngern, befolgen Sie diese einfachen Pflegetipps:<\/p>\n<ul data-start=\"1472\" data-end=\"1751\">\n<li data-start=\"1472\" data-end=\"1578\">\n<p data-start=\"1474\" data-end=\"1578\"><strong data-start=\"1474\" data-end=\"1496\">Frisches Wasser t\u00e4glich:<\/strong> Wechseln Sie das Wasser in der Vase jeden Tag, um Ihre Blumen hydriert und lebendig zu halten.<\/p>\n<\/li>\n<li data-start=\"1579\" data-end=\"1668\">\n<p data-start=\"1581\" data-end=\"1668\"><strong data-start=\"1581\" data-end=\"1600\">St\u00e4ngel schneiden:<\/strong> Alle 2\u20133 Tage 1 cm von der Unterseite jedes St\u00e4ngels schr\u00e4g abschneiden.<\/p>\n<\/li>\n<li data-start=\"1669\" data-end=\"1751\">\n<p data-start=\"1671\" data-end=\"1751\"><strong data-start=\"1671\" data-end=\"1690\">K\u00fchl lagern:<\/strong> Vermeiden Sie direktes Sonnenlicht und Hitze, um vorzeitiges Welken zu verhindern.<\/p>\n<\/li>\n<\/ul>\n<p data-start=\"1753\" data-end=\"1849\">Mit diesen einfachen Schritten werden Ihre wei\u00dfen Blumen bis zu 7 Tage lang Ihren Raum erhellen.<\/p>\n<h3 data-start=\"1851\" data-end=\"1888\">Elegante und vielseitige Geschenkidee<\/h3>\n<p data-start=\"1889\" data-end=\"2127\">Ob Sie \u201eDanke\u201c, \u201eIch liebe dich\u201c oder \u201eIch denke an dich\u201c sagen m\u00f6chten, dieses Bukett aus <strong data-start=\"1980\" data-end=\"2000\">27 wei\u00dfen Blumen<\/strong> ist die perfekte Wahl. Der reine Wei\u00dfton bringt Ruhe, Charme und Klasse in jede Umgebung \u2013 ideal zum Verschenken und Dekorieren.<\/p>\n<h2 data-start=\"2134\" data-end=\"2161\">\ud83d\ude9a Versand &#038; Lieferung<\/h2>\n<ul data-start=\"2163\" data-end=\"2580\">\n<li data-start=\"2163\" data-end=\"2245\">\n<p data-start=\"2165\" data-end=\"2245\"><strong data-start=\"2165\" data-end=\"2194\">Kostenlose Lieferung in Hurghada<\/strong> \u2013 Schneller und bequemer Service direkt vor Ihrer T\u00fcr.<\/p>\n<\/li>\n<li data-start=\"2246\" data-end=\"2382\">\n<p data-start=\"2248\" data-end=\"2382\"><strong data-start=\"2248\" data-end=\"2271\">Auch Lieferung nach:<\/strong> Sahl Hasheesh, Makadi Bay, Safaga, El Gouna und Marsa Alam \u2013 Frische Blumen direkt in Ihrer Region.<\/p>\n<\/li>\n<li data-start=\"2482\" data-end=\"2580\">\n<p data-start=\"2484\" data-end=\"2580\"><strong data-start=\"2484\" data-end=\"2518\">\ud83d\udcac Reaktionsschneller Kundenservice<\/strong> \u2013 Wir sind f\u00fcr Sie da, vor, w\u00e4hrend und nach Ihrem Kauf.<\/p>\n<\/li>\n<\/ul>\n<h3 data-start=\"2587\" data-end=\"2652\">Jetzt bestellen \u2013 Machen Sie jeden Moment besonders mit 27 wei\u00dfen Blumen<\/h3>\n<p data-start=\"2653\" data-end=\"2850\">Ob Sie einen besonderen Anlass feiern oder Ihrem Zuhause eine Note Eleganz verleihen, dieses <strong data-start=\"2748\" data-end=\"2776\">wei\u00dfe Blumenarrangement<\/strong> wird beeindrucken.<br data-start=\"2796\" data-end=\"2799\" \/><strong data-start=\"2799\" data-end=\"2850\">Bestellen Sie jetzt f\u00fcr schnelle Lieferung und langanhaltende Sch\u00f6nheit!<\/strong><\/p>\n<p data-start=\"2857\" data-end=\"2948\" data-is-last-node=\"\" data-is-only-node=\"\">\n<p style=\"text-align: center;\" align=\"center\">Vielen Dank, dass Sie bei <em data-start=\"415\" data-end=\"431\"><a href=\"https:\/\/bazaar.express\/de\/\">Bazaar Express<\/a><\/em> einkaufen \u2013 wir freuen uns, Sie dabei zu haben!<\/p>\n<p style=\"text-align: center;\" align=\"center\">Von lebendig bis zart \u2013 entdecken Sie <a href=\"https:\/\/bazaar.express\/product-category\/flowers-red-sea-delivery\/\">Blumen<\/a>, die Eleganz ausstrahlen.<\/p>\n","protected":false},"excerpt":{"rendered":"<h3 data-start=\"389\" data-end=\"549\">Bringen Sie Eleganz in jede Gelegenheit mit 27 frischen wei\u00dfen Blumen, sch\u00f6n in einer Glasvase arrangiert. Ideal zum Verschenken oder Dekorieren. Lieferung am selben Tag m\u00f6glich.<\/h3>\n","protected":false},"featured_media":37957,"comment_status":"open","ping_status":"closed","template":"","meta":[],"product_brand":[],"product_cat":[966,974],"product_tag":[1056],"class_list":{"0":"post-37954","1":"product","2":"type-product","3":"status-publish","4":"has-post-thumbnail","6":"product_cat-blumen-rotes-meer-lieferung","7":"product_cat-blumen-hurghada","8":"product_tag-blumen","10":"first","11":"instock","12":"shipping-taxable","13":"purchasable","14":"product-type-simple"},"_links":{"self":[{"href":"https:\/\/bazaar.express\/de\/wp-json\/wp\/v2\/product\/37954","targetHints":{"allow":["GET"]}}],"collection":[{"href":"https:\/\/bazaar.express\/de\/wp-json\/wp\/v2\/product"}],"about":[{"href":"https:\/\/bazaar.express\/de\/wp-json\/wp\/v2\/types\/product"}],"replies":[{"embeddable":true,"href":"https:\/\/bazaar.express\/de\/wp-json\/wp\/v2\/comments?post=37954"}],"wp:featuredmedia":[{"embeddable":true,"href":"https:\/\/bazaar.express\/de\/wp-json\/wp\/v2\/media\/37957"}],"wp:attachment":[{"href":"https:\/\/bazaar.express\/de\/wp-json\/wp\/v2\/media?parent=37954"}],"wp:term":[{"taxonomy":"product_brand","embeddable":true,"href":"https:\/\/bazaar.express\/de\/wp-json\/wp\/v2\/product_brand?post=37954"},{"taxonomy":"product_cat","embeddable":true,"href":"https:\/\/bazaar.express\/de\/wp-json\/wp\/v2\/product_cat?post=37954"},{"taxonomy":"product_tag","embeddable":true,"href":"https:\/\/bazaar.express\/de\/wp-json\/wp\/v2\/product_tag?post=37954"}],"curies":[{"name":"wp","href":"https:\/\/api.w.org\/{rel}","templated":true}]}}