{"id":37964,"date":"2025-01-07T16:01:23","date_gmt":"2025-01-07T16:01:23","guid":{"rendered":"https:\/\/bazaar.express\/product\/natuerliche-haaroel-mischung\/"},"modified":"2025-11-26T08:57:35","modified_gmt":"2025-11-26T08:57:35","slug":"natuerliche-haaroel-mischung","status":"publish","type":"product","link":"https:\/\/bazaar.express\/de\/produkt\/natuerliche-haaroel-mischung\/","title":{"rendered":"Nat\u00fcrliche Haar\u00f6l-Mischung"},"content":{"rendered":"<h2 data-start=\"325\" data-end=\"418\">NAKAA Haar\u00f6l-Mischung \u2013 Die ultimative \u00e4gyptische Therapie f\u00fcr starkes, gl\u00e4nzendes und gesundes Haar<\/h2>\n<h3 data-start=\"420\" data-end=\"491\"> Eine kraftvolle pflanzliche Formel zur Wiederherstellung und Pflege des Haars auf nat\u00fcrliche Weise<\/h3>\n<p data-start=\"493\" data-end=\"897\">Entdecken Sie das Geheimnis f\u00fcr strahlendes, starkes und gesundes Haar mit <strong data-start=\"555\" data-end=\"579\">NAKAA Haar\u00f6l-Mischung<\/strong>, einer hochwertigen \u00e4gyptischen Mischung aus 100 % kaltgepressten \u00d6len. Diese therapeutische Formel vereint die Vorteile von <strong data-start=\"693\" data-end=\"707\">Mandel\u00f6l<\/strong>, <strong data-start=\"709\" data-end=\"723\">Jojoba\u00f6l<\/strong>, <strong data-start=\"725\" data-end=\"739\">Rizinus\u00f6l<\/strong> und <strong data-start=\"745\" data-end=\"760\">Rauke\u00f6l<\/strong> und bietet eine intensive Behandlung, die in die Kopfhaut eindringt, Sch\u00e4den repariert, das Wachstum f\u00f6rdert und Trockenheit beseitigt \u2013 nat\u00fcrlich und wirksam.<\/p>\n<p data-start=\"899\" data-end=\"1216\">Ob Sie mit Haarausd\u00fcnnung, spr\u00f6den Str\u00e4hnen oder einer juckenden Kopfhaut zu k\u00e4mpfen haben, diese \u00d6lmischung bietet eine <strong data-start=\"1007\" data-end=\"1061\">nat\u00fcrliche L\u00f6sung, die auf \u00e4gyptischen Sch\u00f6nheitsritualen basiert<\/strong>. Ideal f\u00fcr M\u00e4nner und Frauen, frei von Chemikalien, schonend f\u00fcr empfindliche Kopfhaut und reich an N\u00e4hrstoffen, die das Haar von der Wurzel bis zur Spitze transformieren.<\/p>\n<h3 data-start=\"1223\" data-end=\"1266\"> Die wichtigsten Vorteile der NAKAA Haar\u00f6l-Mischung<\/h3>\n<h4 data-start=\"1268\" data-end=\"1309\"> Stoppt Haarausfall und f\u00f6rdert Wachstum<\/h4>\n<p data-start=\"1310\" data-end=\"1495\">Dieses \u00d6l st\u00e4rkt die Haarfollikel, reduziert \u00fcberm\u00e4\u00dfigen Haarausfall und regt neues Wachstum an. Die n\u00e4hrstoffreiche Formel sorgt daf\u00fcr, dass das Haar <strong data-start=\"1437\" data-end=\"1484\">dicker wird und nat\u00fcrliches Nachwachsen gef\u00f6rdert wird<\/strong> \u2013 mit der Zeit.<\/p>\n<h4 data-start=\"1497\" data-end=\"1541\"> Repariert und st\u00e4rkt gesch\u00e4digtes Haar<\/h4>\n<p data-start=\"1542\" data-end=\"1699\">Trockenes, hitze- oder chemisch behandeltes Haar? Dieses therapeutische \u00d6l <strong data-start=\"1610\" data-end=\"1654\">stellt Elastizit\u00e4t wieder her und verhindert Spliss<\/strong> sowie verst\u00e4rkt die Str\u00e4hnen, um Bruch zu vermeiden.<\/p>\n<h4 data-start=\"1701\" data-end=\"1748\"> Feuchtet intensiv ein f\u00fcr gl\u00e4nzendes Finish<\/h4>\n<p data-start=\"1749\" data-end=\"1888\">Verabschieden Sie sich von mattem, fusseligem Haar. Bei regelm\u00e4\u00dfiger Anwendung liefert diese Mischung <strong data-start=\"1821\" data-end=\"1839\">tiefe Feuchtigkeit<\/strong> und sorgt f\u00fcr seidenweiches, gl\u00e4nzendes und leicht k\u00e4mmbares Haar.<\/p>\n<h4 data-start=\"1890\" data-end=\"1939\"> Lindert trockene Kopfhaut und beseitigt Schuppen<\/h4>\n<p data-start=\"1940\" data-end=\"2097\">Mit entz\u00fcndungshemmenden und antimikrobiellen Eigenschaften <strong data-start=\"2002\" data-end=\"2040\">feuchtet dieses \u00d6l die Kopfhaut und balanciert sie<\/strong>, um Linderung bei Schuppung, Juckreiz und Reizungen zu bieten.<\/p>\n<h3 data-start=\"2104\" data-end=\"2135\"> 100 % nat\u00fcrliche Inhaltsstoffe<\/h3>\n<ul data-start=\"2137\" data-end=\"2619\">\n<li data-start=\"2137\" data-end=\"2261\">\n<p data-start=\"2139\" data-end=\"2261\"><strong data-start=\"2139\" data-end=\"2153\">Mandel\u00f6l<\/strong> \u2013 Reich an Vitamin E und Fetts\u00e4uren, die die Kopfhaut feuchten und n\u00e4hren, w\u00e4hrend sie die Haarstr\u00e4hnen st\u00e4rken.<\/p>\n<\/li>\n<li data-start=\"2262\" data-end=\"2365\">\n<p data-start=\"2264\" data-end=\"2365\"><strong data-start=\"2264\" data-end=\"2278\">Jojoba\u00f6l<\/strong> \u2013 Imitiert nat\u00fcrliche Kopfhaut\u00f6le, reguliert die Talgproduktion und erh\u00e4lt die Kopfhautgesundheit.<\/p>\n<\/li>\n<li data-start=\"2366\" data-end=\"2482\">\n<p data-start=\"2368\" data-end=\"2482\"><strong data-start=\"2368\" data-end=\"2382\">Rizinus\u00f6l<\/strong> \u2013 Ein bew\u00e4hrtes Mittel, um <strong data-start=\"2404\" data-end=\"2429\">das Haarwachstum anzuregen<\/strong>, Haarausd\u00fcnnung zu bek\u00e4mpfen und vor Bruch zu sch\u00fctzen.<\/p>\n<\/li>\n<li data-start=\"2483\" data-end=\"2619\">\n<p data-start=\"2485\" data-end=\"2619\"><strong data-start=\"2485\" data-end=\"2508\">Rauke (Eruca) \u00d6l<\/strong> \u2013 Ein weniger bekanntes, aber wirkungsvolles \u00e4gyptisches Mittel, das <strong data-start=\"2569\" data-end=\"2585\">Antioxidantien<\/strong> liefert und das Haar an der Wurzel st\u00e4rkt.<\/p>\n<\/li>\n<\/ul>\n<h3 data-start=\"2626\" data-end=\"2665\"> Warum NAKAA Haar\u00f6l-Mischung w\u00e4hlen?<\/h3>\n<ul data-start=\"2667\" data-end=\"3021\">\n<li data-start=\"2667\" data-end=\"2732\">\n<p data-start=\"2669\" data-end=\"2732\"><strong data-start=\"2671\" data-end=\"2688\">Hergestellt in \u00c4gypten<\/strong> \u2013 Verwurzelt in authentischer \u00e4gyptischer Kr\u00e4uterpflege.<\/p>\n<\/li>\n<li data-start=\"2733\" data-end=\"2800\">\n<p data-start=\"2735\" data-end=\"2800\"><strong data-start=\"2737\" data-end=\"2763\">Kaltgepresst und biologisch<\/strong> \u2013 Frei von Zusatzstoffen und Chemikalien.<\/p>\n<\/li>\n<li data-start=\"2801\" data-end=\"2868\">\n<p data-start=\"2803\" data-end=\"2868\"><strong data-start=\"2805\" data-end=\"2824\">F\u00fcr M\u00e4nner und Frauen<\/strong> \u2013 Geeignet f\u00fcr alle Haartypen und Bed\u00fcrfnisse.<\/p>\n<\/li>\n<li data-start=\"2869\" data-end=\"2938\">\n<p data-start=\"2871\" data-end=\"2938\"><strong data-start=\"2873\" data-end=\"2892\">Therapeutische Anwendung<\/strong> \u2013 Mehr als Kosmetik \u2013 es heilt und regeneriert.<\/p>\n<\/li>\n<li data-start=\"2939\" data-end=\"3021\">\n<p data-start=\"2941\" data-end=\"3021\"><strong data-start=\"2943\" data-end=\"2963\">Vielseitig einsetzbar<\/strong> \u2013 Ideal f\u00fcr Haarausfall, Kopfhautpflege und intensive Feuchtigkeit.<\/p>\n<\/li>\n<\/ul>\n<h3 data-start=\"3028\" data-end=\"3045\"> So verwenden<\/h3>\n<p data-start=\"3047\" data-end=\"3272\">Tragen Sie einige Tropfen direkt auf die Kopfhaut und das Haar auf. Massieren Sie sanft, um den Blutfluss zu f\u00f6rdern und die Aufnahme zu gew\u00e4hrleisten. Lassen Sie es <strong data-start=\"3173\" data-end=\"3201\">einige Stunden oder \u00fcber Nacht<\/strong> einwirken, dann waschen Sie mit einem milden Shampoo aus. Verwenden Sie es 2\u20133 Mal pro Woche f\u00fcr optimale Ergebnisse.<\/p>\n<h3 data-start=\"3591\" data-end=\"3609\"> Abschlie\u00dfende Worte<\/h3>\n<p data-start=\"3611\" data-end=\"3886\">Verbessern Sie Ihre Haarpflege mit <strong data-start=\"3644\" data-end=\"3668\">NAKAA Haar\u00f6l-Mischung<\/strong> \u2013 die therapeutische Kraft der Natur, abgef\u00fcllt f\u00fcr Sch\u00f6nheit. Ob Sie gegen Haarausfall, Trockenheit k\u00e4mpfen oder einfach ein reicheres, volumin\u00f6seres Haar-Erlebnis suchen, dieses \u00d6l ist <strong data-start=\"3836\" data-end=\"3859\">Ihre zuverl\u00e4ssige L\u00f6sung<\/strong> f\u00fcr langfristige Haargesundheit.<\/p>\n<p data-start=\"3888\" data-end=\"3954\">\ud83d\udc49 <strong data-start=\"3891\" data-end=\"3954\">Probieren Sie es heute aus und schenken Sie Ihrem Haar die Pflege, die es verdient.<\/strong><\/p>\n<p style=\"text-align: center;\">Vielen Dank, dass Sie bei <em data-start=\"415\" data-end=\"431\"><a href=\"https:\/\/bazaar.express\/de\/\">Bazaar Express<\/a><\/em> einkaufen \u2013 wir freuen uns, Sie dabei zu haben!<\/p>\n<p style=\"text-align: center;\">Sp\u00fcren Sie die Kraft der Natur \u2013 reine <a href=\"https:\/\/bazaar.express\/de\/therapeutic-oils\/\">Therapie\u00f6le<\/a> f\u00fcr den Alltag.<\/p>\n","protected":false},"excerpt":{"rendered":"<h3 data-start=\"419\" data-end=\"657\">NAKAA Haar\u00f6l-Mischung ist eine 100 % nat\u00fcrliche \u00e4gyptische Formel aus Mandel-, Jojoba-, Rizinus- und Rauke\u00f6len, die die Wurzeln st\u00e4rkt, Haarausfall reduziert, die Kopfhaut n\u00e4hrt und das Haar weich, gl\u00e4nzend und gesund hinterl\u00e4sst. Geeignet f\u00fcr M\u00e4nner und Frauen.<\/h3>\n","protected":false},"featured_media":37966,"comment_status":"open","ping_status":"closed","template":"","meta":[],"product_brand":[],"product_cat":[963,969,973,962],"product_tag":[980,979,978,977],"class_list":{"0":"post-37964","1":"product","2":"type-product","3":"status-publish","4":"has-post-thumbnail","6":"product_cat-therapeutische-ole","7":"product_cat-beste-aus-agypten","8":"product_cat-nakaa-naturliche-ole","9":"product_cat-beauty-pflege","10":"product_tag-beauty-pflege","11":"product_tag-hautpflege","12":"product_tag-naturliches-ol","13":"product_tag-ol","14":"pa_l-xl-300ml","16":"first","17":"instock","18":"sale","19":"shipping-taxable","20":"purchasable","21":"product-type-simple"},"_links":{"self":[{"href":"https:\/\/bazaar.express\/de\/wp-json\/wp\/v2\/product\/37964","targetHints":{"allow":["GET"]}}],"collection":[{"href":"https:\/\/bazaar.express\/de\/wp-json\/wp\/v2\/product"}],"about":[{"href":"https:\/\/bazaar.express\/de\/wp-json\/wp\/v2\/types\/product"}],"replies":[{"embeddable":true,"href":"https:\/\/bazaar.express\/de\/wp-json\/wp\/v2\/comments?post=37964"}],"wp:featuredmedia":[{"embeddable":true,"href":"https:\/\/bazaar.express\/de\/wp-json\/wp\/v2\/media\/37966"}],"wp:attachment":[{"href":"https:\/\/bazaar.express\/de\/wp-json\/wp\/v2\/media?parent=37964"}],"wp:term":[{"taxonomy":"product_brand","embeddable":true,"href":"https:\/\/bazaar.express\/de\/wp-json\/wp\/v2\/product_brand?post=37964"},{"taxonomy":"product_cat","embeddable":true,"href":"https:\/\/bazaar.express\/de\/wp-json\/wp\/v2\/product_cat?post=37964"},{"taxonomy":"product_tag","embeddable":true,"href":"https:\/\/bazaar.express\/de\/wp-json\/wp\/v2\/product_tag?post=37964"}],"curies":[{"name":"wp","href":"https:\/\/api.w.org\/{rel}","templated":true}]}}