{"id":37993,"date":"2025-01-03T14:59:28","date_gmt":"2025-01-03T14:59:28","guid":{"rendered":"https:\/\/bazaar.express\/product\/serum-mascara-fuer-haarwachstum\/"},"modified":"2025-01-03T14:59:28","modified_gmt":"2025-01-03T14:59:28","slug":"serum-mascara-fuer-haarwachstum","status":"publish","type":"product","link":"https:\/\/bazaar.express\/de\/produkt\/serum-mascara-fuer-haarwachstum\/","title":{"rendered":"Serum-Mascara f\u00fcr Haarwachstum"},"content":{"rendered":"<h2 data-start=\"216\" data-end=\"308\">Bestser Hair Serum Regrowth Mascara \u2013 Nat\u00fcrlich wachsen, pflegen und versch\u00f6nern Sie Wimpern und Brauen<\/h2>\n<h3 data-start=\"310\" data-end=\"360\">Pflegen und beleben Sie Ihre Wimpern und Brauen<\/h3>\n<p data-start=\"362\" data-end=\"816\">Verabschieden Sie sich von d\u00fcnnen, trockenen oder br\u00fcchigen Wimpern und Brauen. <strong data-start=\"425\" data-end=\"464\">Bestser Hair Serum Regrowth Mascara<\/strong> von TNG ist ein revolution\u00e4res Pflegeprodukt, das sichtbares Haarwachstum f\u00f6rdert, w\u00e4hrend es Ihre Wimpern und Brauen intensiv feuchtet und sch\u00fctzt. Mit einer reinen Formel, reich an <strong data-start=\"639\" data-end=\"701\">nat\u00fcrlichen \u00d6len, Biotin, Hyalurons\u00e4ure und Meereskollagen<\/strong>, bietet dieser innovative Mascara-Serum-Hybrid eine All-in-One-L\u00f6sung, um die nat\u00fcrliche Sch\u00f6nheit Ihrer Augen zu betonen.<\/p>\n<p data-start=\"818\" data-end=\"987\">Egal, ob Sie mit d\u00fcnnen Wimpern, \u00fcberzupften Brauen zu k\u00e4mpfen haben oder Ihr Aussehen einfach aufwerten m\u00f6chten \u2013 Bestser bietet Ihnen salonqualitative Pflege in einem praktischen Produkt f\u00fcr den t\u00e4glichen Gebrauch.<\/p>\n<h3 data-start=\"994\" data-end=\"1034\">\u00a0Wichtige Vorteile f\u00fcr Wimpern und Brauen<\/h3>\n<h4 data-start=\"1036\" data-end=\"1081\">\u00a0F\u00f6rdert Wachstum &#038; reduziert Bruch<\/h4>\n<p data-start=\"1082\" data-end=\"1308\">Mit einer kraftvollen Mischung aus <strong data-start=\"1107\" data-end=\"1150\">Biotin, Rizinus\u00f6l und Meereskollagen<\/strong> regt dieses Serum gesundes Nachwachsen an, st\u00e4rkt die Haarfollikel und verringert den Haarausfall, sodass Ihre Wimpern und Brauen mit der Zeit dichter und voller wirken.<\/p>\n<h4 data-start=\"1310\" data-end=\"1353\">\u00a0Tiefe Feuchtigkeit &#038; langanhaltende Hydration<\/h4>\n<p data-start=\"1354\" data-end=\"1521\"><strong data-start=\"1354\" data-end=\"1373\">Hyalurons\u00e4ure<\/strong> zieht Feuchtigkeit an und speichert sie \u2013 h\u00e4lt Ihre Wimpern und Brauen den ganzen Tag \u00fcber gut gen\u00e4hrt, weich und flexibel. Kein br\u00fcchiges oder trockenes Haar mehr!<\/p>\n<h4 data-start=\"1523\" data-end=\"1559\">\u00a0Verbessert Glanz &#038; Elastizit\u00e4t<\/h4>\n<p data-start=\"1560\" data-end=\"1727\"><strong data-start=\"1560\" data-end=\"1579\">Meereskollagen<\/strong> und <strong data-start=\"1584\" data-end=\"1598\">Jojoba\u00f6l<\/strong> verbessern die Haarflexibilit\u00e4t und verleihen Ihren Wimpern und Brauen einen seidenweichen, gl\u00e4nzenden Finish, w\u00e4hrend sie Bruch durch t\u00e4glichen Verschlei\u00df reduzieren.<\/p>\n<h4 data-start=\"1729\" data-end=\"1760\">\u00a0Sichere, nat\u00fcrliche Formel<\/h4>\n<p data-start=\"1761\" data-end=\"1974\">Frei von aggressiven Chemikalien, passt diese sanfte, aber wirkungsvolle Formel zu allen Hauttypen \u2013 auch empfindlicher. Sie ist reich an Vitaminen und nat\u00fcrlichen \u00d6len wie <strong data-start=\"1903\" data-end=\"1938\">Argan, Aloe Vera und Vitamin E<\/strong>, um ges\u00fcnderes Haar und Haut zu f\u00f6rdern.<\/p>\n<h3 data-start=\"1981\" data-end=\"2021\">\u00a0Wichtige nat\u00fcrliche Inhaltsstoffe, die wirken<\/h3>\n<ul data-start=\"2023\" data-end=\"2519\">\n<li data-start=\"2023\" data-end=\"2101\">\n<p data-start=\"2025\" data-end=\"2101\"><strong data-start=\"2025\" data-end=\"2049\">Biotin (Vitamin B7):<\/strong> St\u00e4rkt die Haarstruktur und unterst\u00fctzt das Nachwachsen.<\/p>\n<\/li>\n<li data-start=\"2102\" data-end=\"2170\">\n<p data-start=\"2104\" data-end=\"2170\"><strong data-start=\"2104\" data-end=\"2124\">Hyalurons\u00e4ure:<\/strong> Spendet intensive Feuchtigkeit und unterst\u00fctzt die Elastizit\u00e4t.<\/p>\n<\/li>\n<li data-start=\"2171\" data-end=\"2237\">\n<p data-start=\"2173\" data-end=\"2237\"><strong data-start=\"2173\" data-end=\"2193\">Meereskollagen:<\/strong> Verbessert den Glanz und belebt schwaches Haar.<\/p>\n<\/li>\n<li data-start=\"2238\" data-end=\"2302\">\n<p data-start=\"2240\" data-end=\"2302\"><strong data-start=\"2240\" data-end=\"2267\">Rizinus\u00f6l &#038; Argan\u00f6l:<\/strong> F\u00f6rdern nat\u00fcrlich das Haarwachstum.<\/p>\n<\/li>\n<li data-start=\"2303\" data-end=\"2378\">\n<p data-start=\"2305\" data-end=\"2378\"><strong data-start=\"2305\" data-end=\"2332\">Vitamin E (Tocopherol):<\/strong> Sch\u00fctzt das Haar vor Sch\u00e4den durch Stressfaktoren.<\/p>\n<\/li>\n<li data-start=\"2379\" data-end=\"2453\">\n<p data-start=\"2381\" data-end=\"2453\"><strong data-start=\"2381\" data-end=\"2411\">Jojoba\u00f6l, Aloe-Vera-\u00d6l:<\/strong> Beruhigen und feuchten Follikel und Haut.<\/p>\n<\/li>\n<li data-start=\"2454\" data-end=\"2519\">\n<p data-start=\"2456\" data-end=\"2519\"><strong data-start=\"2456\" data-end=\"2483\">Sheabutter &#038; Bienenwachs:<\/strong> Versiegeln Feuchtigkeit und sorgen f\u00fcr Weichheit.<\/p>\n<\/li>\n<\/ul>\n<h3 data-start=\"2526\" data-end=\"2582\">\u00a0So verwenden Sie Bestser Hair Serum Regrowth Mascara<\/h3>\n<ol data-start=\"2584\" data-end=\"2898\">\n<li data-start=\"2584\" data-end=\"2674\">\n<p data-start=\"2587\" data-end=\"2674\"><strong data-start=\"2587\" data-end=\"2605\">Beim ersten Gebrauch:<\/strong> \u00d6ffnen Sie den Verschluss und tragen Sie den Pinsel direkt auf saubere Wimpern und Brauen auf.<\/p>\n<\/li>\n<li data-start=\"2675\" data-end=\"2804\">\n<p data-start=\"2678\" data-end=\"2804\"><strong data-start=\"2678\" data-end=\"2706\">Nach t\u00e4glichem Mascara-Gebrauch:<\/strong> Verwenden Sie das beiliegende Fl\u00e4schchen und den Pinsel, um das Serum auf saubere Wimpern und Brauen aufzutragen \u2013 besonders vor dem Schlafengehen.<\/p>\n<\/li>\n<li data-start=\"2805\" data-end=\"2898\">\n<p data-start=\"2808\" data-end=\"2898\"><strong data-start=\"2808\" data-end=\"2823\">Nachf\u00fcllung:<\/strong> Entfernen Sie den Gummistopfen, f\u00fcllen Sie das Serum ein, verschlie\u00dfen Sie es wieder und tragen Sie es wie Mascara auf.<\/p>\n<\/li>\n<\/ol>\n<blockquote data-start=\"2900\" data-end=\"2939\">\n<p data-start=\"2902\" data-end=\"2939\">Verwenden Sie es 1\u20132 Mal t\u00e4glich f\u00fcr beste Ergebnisse.<\/p>\n<\/blockquote>\n<h3 data-start=\"2946\" data-end=\"2971\">\u00a0Warnhinweise &#038; Lagerung<\/h3>\n<ul data-start=\"2973\" data-end=\"3121\">\n<li data-start=\"2973\" data-end=\"3002\">\n<p data-start=\"2975\" data-end=\"3002\">Nur <strong data-start=\"2979\" data-end=\"3000\">\u00e4u\u00dferlich anwenden<\/strong><\/p>\n<\/li>\n<li data-start=\"3003\" data-end=\"3037\">\n<p data-start=\"3005\" data-end=\"3037\">Vermeiden Sie direkten Kontakt mit den Augen<\/p>\n<\/li>\n<li data-start=\"3038\" data-end=\"3071\">\n<p data-start=\"3040\" data-end=\"3071\">Au\u00dfer Reichweite von Kindern aufbewahren<\/p>\n<\/li>\n<li data-start=\"3072\" data-end=\"3121\">\n<p data-start=\"3074\" data-end=\"3121\">An einem k\u00fchlen, trockenen Ort fern von Sonnenlicht lagern<\/p>\n<\/li>\n<\/ul>\n<h3 data-start=\"3450\" data-end=\"3494\">\u00a0Warum Bestser Hair Serum Mascara w\u00e4hlen?<\/h3>\n<p data-start=\"3496\" data-end=\"3788\">Diese Mascara ist mehr als nur ein Sch\u00f6nheitsprodukt \u2013 es ist eine <strong data-start=\"3551\" data-end=\"3582\">t\u00e4gliche Pflege f\u00fcr Wimpern &#038; Brauen<\/strong>. Ob Sie sich von \u00fcberm\u00e4\u00dfigem Zupfen erholen m\u00f6chten, Verd\u00fcnnung reduzieren oder einfach Ihre Wimpern gesund halten wollen, <strong data-start=\"3685\" data-end=\"3696\">Bestser<\/strong> ist Ihre zuverl\u00e4ssige L\u00f6sung. Nat\u00fcrlich, n\u00e4hrend und wirksam, f\u00fcr echte Ergebnisse entwickelt.<\/p>\n<h3 data-start=\"3795\" data-end=\"3838\">\u00a0Ihre Beauty-Routine verdient einen Boost<\/h3>\n<p data-start=\"3840\" data-end=\"3999\">Verw\u00f6hnen Sie Ihre Wimpern und Brauen mit der Pflege, die sie verdienen. <strong data-start=\"3906\" data-end=\"3945\">Bestser Hair Serum Regrowth Mascara<\/strong> spendet Feuchtigkeit, St\u00e4rke und Glanz bei jedem Auftrag.<\/p>\n<p data-start=\"4001\" data-end=\"4061\"><strong data-start=\"4004\" data-end=\"4061\">Jetzt einkaufen und Ihr k\u00fchnstes, ges\u00fcndestes Aussehen zum Vorschein bringen!<\/strong><\/p>\n<p style=\"text-align: center;\">Vielen Dank, dass Sie bei <em data-start=\"415\" data-end=\"431\"><a href=\"https:\/\/bazaar.express\/de\/\">Bazaar Express<\/a><\/em> einkaufen \u2013 wir freuen uns, Sie dabei zu haben!<\/p>\n<p style=\"text-align: center;\">Ihre Reise zu besserer Selbstpflege beginnt hier \u2013 mit <a href=\"https:\/\/bazaar.express\/product-category\/beauty-care\/\">Beauty &#038; Care<\/a>, auf die Sie sich verlassen k\u00f6nnen.<\/p>\n","protected":false},"excerpt":{"rendered":"<h3>Bestser Hair Serum Regrowth Mascara vereint die Kraft von Biotin, Kollagen und Hyalurons\u00e4ure, um Ihre Wimpern und Brauen zu pflegen, wachsen zu lassen und zu versch\u00f6nern. Ideal f\u00fcr den t\u00e4glichen Gebrauch, um Haarfollikel zu st\u00e4rken, zu feuchten und Glanz zu verleihen.<\/h3>\n","protected":false},"featured_media":37995,"comment_status":"open","ping_status":"closed","template":"","meta":[],"product_brand":[],"product_cat":[962,969,971],"product_tag":[980,979],"class_list":{"0":"post-37993","1":"product","2":"type-product","3":"status-publish","4":"has-post-thumbnail","6":"product_cat-beauty-pflege","7":"product_cat-beste-aus-agypten","8":"product_cat-top-angebote","9":"product_tag-beauty-pflege","10":"product_tag-hautpflege","12":"first","13":"instock","14":"sale","15":"shipping-taxable","16":"purchasable","17":"product-type-simple"},"_links":{"self":[{"href":"https:\/\/bazaar.express\/de\/wp-json\/wp\/v2\/product\/37993","targetHints":{"allow":["GET"]}}],"collection":[{"href":"https:\/\/bazaar.express\/de\/wp-json\/wp\/v2\/product"}],"about":[{"href":"https:\/\/bazaar.express\/de\/wp-json\/wp\/v2\/types\/product"}],"replies":[{"embeddable":true,"href":"https:\/\/bazaar.express\/de\/wp-json\/wp\/v2\/comments?post=37993"}],"wp:featuredmedia":[{"embeddable":true,"href":"https:\/\/bazaar.express\/de\/wp-json\/wp\/v2\/media\/37995"}],"wp:attachment":[{"href":"https:\/\/bazaar.express\/de\/wp-json\/wp\/v2\/media?parent=37993"}],"wp:term":[{"taxonomy":"product_brand","embeddable":true,"href":"https:\/\/bazaar.express\/de\/wp-json\/wp\/v2\/product_brand?post=37993"},{"taxonomy":"product_cat","embeddable":true,"href":"https:\/\/bazaar.express\/de\/wp-json\/wp\/v2\/product_cat?post=37993"},{"taxonomy":"product_tag","embeddable":true,"href":"https:\/\/bazaar.express\/de\/wp-json\/wp\/v2\/product_tag?post=37993"}],"curies":[{"name":"wp","href":"https:\/\/api.w.org\/{rel}","templated":true}]}}