{"id":38008,"date":"2025-01-03T11:29:51","date_gmt":"2025-01-03T11:29:51","guid":{"rendered":"https:\/\/bazaar.express\/product\/schwarzkuemmel-shampoo\/"},"modified":"2026-03-01T22:01:28","modified_gmt":"2026-03-01T22:01:28","slug":"schwarzkuemmel-shampoo","status":"publish","type":"product","link":"https:\/\/bazaar.express\/de\/produkt\/schwarzkuemmel-shampoo\/","title":{"rendered":"Schwarzk\u00fcmmel-Shampoo"},"content":{"rendered":"<h2 data-start=\"180\" data-end=\"257\"><strong data-start=\"186\" data-end=\"257\">Orgakera Schwarzk\u00fcmmel-Shampoo \u2013 Die nat\u00fcrliche Kraft der pflanzlichen Haarpflege<\/strong><\/h2>\n<h3 data-start=\"259\" data-end=\"298\">Was macht dieses Shampoo besonders?<\/h3>\n<p data-start=\"300\" data-end=\"766\">Wenn Sie nach einem <strong data-start=\"324\" data-end=\"343\">hochwertigen Shampoo<\/strong> suchen, das <strong data-start=\"349\" data-end=\"370\">mattes Haar belebt<\/strong>, <strong data-start=\"372\" data-end=\"393\">die Wurzeln st\u00e4rkt<\/strong> und <strong data-start=\"399\" data-end=\"426\">gesundes Wachstum unterst\u00fctzt<\/strong>, dann ist <strong data-start=\"433\" data-end=\"464\">Orgakera Schwarzk\u00fcmmel-Shampoo<\/strong> genau das Richtige f\u00fcr Sie. Angereichert mit wirksamen Inhaltsstoffen wie <strong data-start=\"529\" data-end=\"547\">Schwarzk\u00fcmmel\u00f6l<\/strong>, <strong data-start=\"549\" data-end=\"562\">Vitamin E<\/strong> und <strong data-start=\"568\" data-end=\"586\">Kaviar-Extrakt<\/strong>, ist dieses Shampoo die ultimative L\u00f6sung f\u00fcr trockenes, gesch\u00e4digtes oder d\u00fcnnes Haar. Die sanfte, aber effektive Formel spendet Feuchtigkeit Ihren Haarstr\u00e4hnen, f\u00f6rdert die Kopfhautgesundheit und verleiht einen strahlenden Glanz.<\/p>\n<h3 data-start=\"773\" data-end=\"810\"><strong data-start=\"780\" data-end=\"810\">Tiefe Feuchtigkeit &#038; Geschmeidigkeit<\/strong><\/h3>\n<p data-start=\"812\" data-end=\"1011\">Orgakera Schwarzk\u00fcmmel-Shampoo spendet jeder Haarstr\u00e4hne Feuchtigkeit und l\u00e4sst sie <strong data-start=\"878\" data-end=\"916\">seidig-glatt, weich und frizzfrei<\/strong> zur\u00fcck. Die reiche Formel speichert Feuchtigkeit, sodass Ihr Haar den ganzen Tag \u00fcber leicht k\u00e4mmbar und angenehm geschmeidig bleibt.<\/p>\n<h3 data-start=\"1018\" data-end=\"1059\"><strong data-start=\"1025\" data-end=\"1059\">St\u00e4rkeres Haar von der Wurzel bis zur Spitze<\/strong><\/h3>\n<p data-start=\"1061\" data-end=\"1282\">Angereichert mit nat\u00fcrlichen Proteinen und \u00d6len, st\u00e4rkt dieses Shampoo <strong data-start=\"1115\" data-end=\"1148\">die Haarfollikel<\/strong>, <strong data-start=\"1150\" data-end=\"1170\">reduziert Bruch<\/strong> und f\u00f6rdert <strong data-start=\"1187\" data-end=\"1213\">dickeres, volleres Wachstum<\/strong>. Verabschieden Sie sich vom Haarausfall und begr\u00fc\u00dfen Sie st\u00e4rkeres, widerstandsf\u00e4higeres Haar.<\/p>\n<h3 data-start=\"1289\" data-end=\"1330\"><strong data-start=\"1296\" data-end=\"1330\">F\u00f6rdert gesundes Haarwachstum<\/strong><\/h3>\n<p data-start=\"1332\" data-end=\"1518\">Durch die Verbesserung der <strong data-start=\"1345\" data-end=\"1379\">Blutcirculation zur Kopfhaut<\/strong> f\u00f6rdert Orgakera Schwarzk\u00fcmmel-Shampoo das Wachstum ges\u00fcnderer, gl\u00e4nzender Str\u00e4hnen. Es hilft gegen d\u00fcnnes Haar und unterst\u00fctzt langfristig Volumen.<\/p>\n<h3 data-start=\"1525\" data-end=\"1571\"><strong data-start=\"1532\" data-end=\"1571\">Beruhigt die Kopfhaut &#038; bek\u00e4mpft Schuppen<\/strong><\/h3>\n<p data-start=\"1573\" data-end=\"1757\">Die Kombination aus Schwarzk\u00fcmmel\u00f6l, Teebaum\u00f6l und Aloe Vera hilft, <strong data-start=\"1633\" data-end=\"1655\">Schuppen zu beseitigen<\/strong>, Kopfhautreizungen zu lindern und <strong data-start=\"1686\" data-end=\"1705\">das Gleichgewicht wiederherzustellen<\/strong>. Ihre Kopfhaut f\u00fchlt sich erfrischt, sauber und schuppenfrei an.<\/p>\n<h3 data-start=\"1764\" data-end=\"1801\"><strong data-start=\"1772\" data-end=\"1801\">Sch\u00fctzt &#038; pflegt das Haar<\/strong><\/h3>\n<p data-start=\"1803\" data-end=\"2029\">Nat\u00fcrliche \u00d6le wie <strong data-start=\"1821\" data-end=\"1849\">Argan\u00f6l und Jojoba\u00f6l<\/strong> bilden eine Schutzbarriere, die das Haar vor <strong data-start=\"1877\" data-end=\"1923\">Hitze, Styling-Sch\u00e4den<\/strong> und <strong data-start=\"1929\" data-end=\"1953\">umweltbedingtem Stress<\/strong> sch\u00fctzt. Das Haar wird von innen heraus gepflegt, mit verbesserter Elastizit\u00e4t und Glanz.<\/p>\n<h3 data-start=\"2036\" data-end=\"2076\"><strong data-start=\"2042\" data-end=\"2076\">Sichtbarer Glanz &#038; ges\u00fcnderes Haar<\/strong><\/h3>\n<p data-start=\"2078\" data-end=\"2255\">Bei regelm\u00e4\u00dfiger Anwendung wirkt Ihr Haar <strong data-start=\"2120\" data-end=\"2145\">gl\u00e4nzender, lebendiger<\/strong> und voller Leben. Kaviar-Extrakt und Kollagen helfen, <strong data-start=\"2198\" data-end=\"2218\">die St\u00e4rke wiederherzustellen<\/strong> und den nat\u00fcrlichen Glanz des Haars zu verst\u00e4rken.<\/p>\n<h3 data-start=\"2262\" data-end=\"2293\"> Wichtige nat\u00fcrliche Inhaltsstoffe:<\/h3>\n<ul data-start=\"2295\" data-end=\"2854\">\n<li data-start=\"2295\" data-end=\"2381\">\n<p data-start=\"2297\" data-end=\"2381\"><strong data-start=\"2297\" data-end=\"2315\">Schwarzk\u00fcmmel\u00f6l<\/strong> \u2013 St\u00e4rkt die Wurzeln, reduziert Entz\u00fcndungen und unterst\u00fctzt das Wachstum.<\/p>\n<\/li>\n<li data-start=\"2382\" data-end=\"2486\">\n<p data-start=\"2384\" data-end=\"2486\"><strong data-start=\"2384\" data-end=\"2426\">Panthenol (Pro-Vitamin B5) &#038; Vitamin E<\/strong> \u2013 Spenden Feuchtigkeit, Weichheit und sch\u00fctzen vor Sch\u00e4den.<\/p>\n<\/li>\n<li data-start=\"2487\" data-end=\"2587\">\n<p data-start=\"2489\" data-end=\"2587\"><strong data-start=\"2489\" data-end=\"2515\">Argan\u00f6l &#038; Jojoba\u00f6l<\/strong> \u2013 Reich an essenziellen Fetts\u00e4uren f\u00fcr Feuchtigkeitspflege und Bruchschutz.<\/p>\n<\/li>\n<li data-start=\"2588\" data-end=\"2676\">\n<p data-start=\"2590\" data-end=\"2676\"><strong data-start=\"2590\" data-end=\"2623\">Aloe Vera &#038; Kamille-Extrakt<\/strong> \u2013 Beruhigen die Kopfhaut und reduzieren Juckreiz und Trockenheit.<\/p>\n<\/li>\n<li data-start=\"2677\" data-end=\"2770\">\n<p data-start=\"2679\" data-end=\"2770\"><strong data-start=\"2679\" data-end=\"2695\">Teebaum\u00f6l<\/strong> \u2013 Antimikrobielle Vorteile helfen, Schuppen zu reduzieren und Haarfollikel freizumachen.<\/p>\n<\/li>\n<li data-start=\"2771\" data-end=\"2854\">\n<p data-start=\"2773\" data-end=\"2854\"><strong data-start=\"2773\" data-end=\"2809\">Kaviar-Extrakt &#038; Meereskollagen<\/strong> \u2013 F\u00fcgen Elastizit\u00e4t, Pflege und St\u00e4rke hinzu.<\/p>\n<\/li>\n<\/ul>\n<h3 data-start=\"2861\" data-end=\"2879\"> So verwenden Sie es:<\/h3>\n<ol data-start=\"2881\" data-end=\"3113\">\n<li data-start=\"2881\" data-end=\"2932\">\n<p data-start=\"2884\" data-end=\"2932\">Tragen Sie eine gro\u00dfz\u00fcgige Menge auf feuchte Kopfhaut und Haar auf.<\/p>\n<\/li>\n<li data-start=\"2933\" data-end=\"2977\">\n<p data-start=\"2936\" data-end=\"2977\">Massieren Sie sanft, um reichen Schaum zu erzeugen.<\/p>\n<\/li>\n<li data-start=\"2978\" data-end=\"3038\">\n<p data-start=\"2981\" data-end=\"3038\">Lassen Sie es 5\u201310 Minuten einwirken, damit die N\u00e4hrstoffe absorbiert werden k\u00f6nnen.<\/p>\n<\/li>\n<li data-start=\"3039\" data-end=\"3113\">\n<p data-start=\"3042\" data-end=\"3113\">Sp\u00fclen Sie gr\u00fcndlich mit lauwarmem Wasser aus.<br data-start=\"3079\" data-end=\"3082\" \/>Verwenden Sie es regelm\u00e4\u00dfig f\u00fcr beste Ergebnisse.<\/p>\n<\/li>\n<\/ol>\n<h3 data-start=\"3120\" data-end=\"3135\"> Vorsicht:<\/h3>\n<ul data-start=\"3136\" data-end=\"3300\">\n<li data-start=\"3136\" data-end=\"3162\">\n<p data-start=\"3138\" data-end=\"3162\">Nur \u00e4u\u00dferlich anwenden.<\/p>\n<\/li>\n<li data-start=\"3163\" data-end=\"3235\">\n<p data-start=\"3165\" data-end=\"3235\">Vermeiden Sie den Kontakt mit den Augen. Bei Kontakt sofort mit Wasser aussp\u00fclen.<\/p>\n<\/li>\n<li data-start=\"3236\" data-end=\"3270\">\n<p data-start=\"3238\" data-end=\"3270\">Au\u00dfer Reichweite von Kindern aufbewahren.<\/p>\n<\/li>\n<li data-start=\"3271\" data-end=\"3300\">\n<p data-start=\"3273\" data-end=\"3300\">An einem k\u00fchlen, trockenen Ort lagern.<\/p>\n<\/li>\n<\/ul>\n<h3 data-start=\"3628\" data-end=\"3673\"> Warum Orgakera Schwarzk\u00fcmmel-Shampoo w\u00e4hlen?<\/h3>\n<ul data-start=\"3675\" data-end=\"3930\">\n<li data-start=\"3675\" data-end=\"3751\">\n<p data-start=\"3677\" data-end=\"3751\"><strong data-start=\"3677\" data-end=\"3696\">All-in-One-Pflege<\/strong>: Bek\u00e4mpft Haarausfall, Trockenheit, Schuppen und Mattheit.<\/p>\n<\/li>\n<li data-start=\"3752\" data-end=\"3841\">\n<p data-start=\"3754\" data-end=\"3841\"><strong data-start=\"3754\" data-end=\"3787\">Sanfte, chemiefreie Formel<\/strong>: Ohne Parabene oder Sulfate \u2013 sicher f\u00fcr alle Haartypen.<\/p>\n<\/li>\n<li data-start=\"3842\" data-end=\"3930\">\n<p data-start=\"3844\" data-end=\"3930\"><strong data-start=\"3844\" data-end=\"3868\">Schnelle sichtbare Ergebnisse<\/strong>: St\u00e4rkeres, gl\u00e4nzenderes und ges\u00fcnderes Haar nach nur wenigen Anwendungen.<\/p>\n<\/li>\n<\/ul>\n<h2 data-start=\"3937\" data-end=\"3971\"> Verw\u00f6hnen Sie Ihr Haar mit dem Besten!<\/h2>\n<p data-start=\"3973\" data-end=\"4151\"><strong data-start=\"3973\" data-end=\"4012\">Kaufen Sie jetzt Orgakera Schwarzk\u00fcmmel-Shampoo<\/strong> und geben Sie Ihrem Haar die nat\u00fcrliche Pflege, die es verdient. Enth\u00fcllen Sie <strong data-start=\"4076\" data-end=\"4111\">starkes, gl\u00e4nzendes und gesundes Haar<\/strong> \u2013 jeder Tag beginnt mit wundersch\u00f6nem Haar!<\/p>\n<p style=\"text-align: center;\">Vielen Dank, dass Sie bei <em data-start=\"415\" data-end=\"431\"><a href=\"https:\/\/bazaar.express\/de\/\">Bazaar Express<\/a><\/em> einkaufen \u2013 wir freuen uns, Sie dabei zu haben!<\/p>\n<p style=\"text-align: center;\">Ihre Reise zu besserer Selbstpflege beginnt hier \u2013 mit <a href=\"https:\/\/bazaar.express\/product-category\/beauty-care\/\">Beauty &#038; Care<\/a>, auf die Sie sich verlassen k\u00f6nnen.<\/p>\n","protected":false},"excerpt":{"rendered":"<h3 data-start=\"415\" data-end=\"669\">Orgakera Schwarzk\u00fcmmel-Shampoo verbindet Schwarzk\u00fcmmel\u00f6l, Vitamin E und nat\u00fcrliche Extrakte, um Ihre Kopfhaut zu pflegen, Haarwurzeln zu st\u00e4rken und Schuppen zu bek\u00e4mpfen. Diese feuchtigkeitsspendende Formel f\u00f6rdert gesundes Haarwachstum und verleiht Glanz \u2013 perfekt f\u00fcr alle Haartypen.<\/h3>\n","protected":false},"featured_media":38010,"comment_status":"open","ping_status":"closed","template":"","meta":[],"product_brand":[],"product_cat":[962,969],"product_tag":[980,979],"class_list":{"0":"post-38008","1":"product","2":"type-product","3":"status-publish","4":"has-post-thumbnail","6":"product_cat-beauty-pflege","7":"product_cat-beste-aus-agypten","8":"product_tag-beauty-pflege","9":"product_tag-hautpflege","10":"pa_l-xl-350ml","12":"first","13":"instock","14":"shipping-taxable","15":"purchasable","16":"product-type-simple"},"_links":{"self":[{"href":"https:\/\/bazaar.express\/de\/wp-json\/wp\/v2\/product\/38008","targetHints":{"allow":["GET"]}}],"collection":[{"href":"https:\/\/bazaar.express\/de\/wp-json\/wp\/v2\/product"}],"about":[{"href":"https:\/\/bazaar.express\/de\/wp-json\/wp\/v2\/types\/product"}],"replies":[{"embeddable":true,"href":"https:\/\/bazaar.express\/de\/wp-json\/wp\/v2\/comments?post=38008"}],"wp:featuredmedia":[{"embeddable":true,"href":"https:\/\/bazaar.express\/de\/wp-json\/wp\/v2\/media\/38010"}],"wp:attachment":[{"href":"https:\/\/bazaar.express\/de\/wp-json\/wp\/v2\/media?parent=38008"}],"wp:term":[{"taxonomy":"product_brand","embeddable":true,"href":"https:\/\/bazaar.express\/de\/wp-json\/wp\/v2\/product_brand?post=38008"},{"taxonomy":"product_cat","embeddable":true,"href":"https:\/\/bazaar.express\/de\/wp-json\/wp\/v2\/product_cat?post=38008"},{"taxonomy":"product_tag","embeddable":true,"href":"https:\/\/bazaar.express\/de\/wp-json\/wp\/v2\/product_tag?post=38008"}],"curies":[{"name":"wp","href":"https:\/\/api.w.org\/{rel}","templated":true}]}}