{"id":38011,"date":"2025-01-02T22:46:15","date_gmt":"2025-01-02T22:46:15","guid":{"rendered":"https:\/\/bazaar.express\/?post_type=product&#038;p=38011"},"modified":"2026-05-02T01:34:50","modified_gmt":"2026-05-02T01:34:50","slug":"snake-oil-shampoo","status":"publish","type":"product","link":"https:\/\/bazaar.express\/de\/produkt\/snake-oil-shampoo\/","title":{"rendered":"Snake-Oil-Shampoo"},"content":{"rendered":"<h2 style=\"text-align: left;\" data-pm-slice=\"1 1 []\"><strong>Orgakera Snake-Oil-Shampoo \u2013 Die beste Wahl f\u00fcr gesundes, gl\u00e4nzendes und starkes Haar<\/strong><\/h2>\n<p>\u00c4ndern Sie Ihre Haarpflege-Routine mit dem <strong>Orgakera Snake-Oil-Shampoo<\/strong>, das f\u00fcr hervorragende <strong>Feuchtigkeit<\/strong> und <strong>Glatte<\/strong> f\u00fcr alle Haartypen sorgt. Dieses starke Shampoo st\u00e4rkt die Haarwurzeln, f\u00f6rdert das <strong>Haarwachstum<\/strong> und verbessert die <strong>Kopfhautgesundheit<\/strong>. Angereichert mit einer speziellen Mischung nat\u00fcrlicher Inhaltsstoffe, versorgt, befeuchtet und sch\u00fctzt das <strong>Orgakera Shampoo<\/strong> Ihr Haar vor Sch\u00e4den, verleiht ihm strahlenden Glanz und reduziert <strong>geplatzte Spitzen<\/strong>.<\/p>\n<h2><strong>Hauptvorteile:<\/strong><\/h2>\n<ul>\n<li><strong>St\u00e4rkt die Haarwurzeln<\/strong> und f\u00f6rdert das <strong>Haarwachstum<\/strong><\/li>\n<li>Entwickelt eine feuchtigkeitsspendende Wirkung auf die Kopfhaut und verbessert das allgemeine Wohlbefinden der Kopfhaut<\/li>\n<li>F\u00f6rdert den Blutfluss, reduziert Haarausfall und schuppige Kopfhaut<\/li>\n<li>Sch\u00fctzt das Haar vor Sch\u00e4den und sorgt f\u00fcr ges\u00fcnderes, gl\u00e4nzenderes Haar<\/li>\n<li>Hilft, das Aufplatzen der Haarspitzen zu verhindern und langfristige Haargesundheit zu erhalten<\/li>\n<\/ul>\n<h2><strong>Wichtige Inhaltsstoffe:<\/strong><\/h2>\n<ul>\n<li><strong>Panthenol<\/strong> und <strong>Vitamin E<\/strong> zur Pflege<\/li>\n<li><strong>Eruca-Extrakt<\/strong>, <strong>Salbei-Extrakt<\/strong> und <strong>Rosmarin-Extrakt<\/strong> zur F\u00f6rderung des Haarwachstums<\/li>\n<li><strong>Aloe-Vera-Extrakt<\/strong> und <strong>Tea-Tree-\u00d6l<\/strong> zur Beruhigung und Befeuchtung der Kopfhaut<\/li>\n<li><strong>Argan\u00f6l<\/strong>, <strong>Kokos\u00f6l<\/strong> und <strong>Jojoba\u00f6l<\/strong> zur Befeuchtung und St\u00e4rkung des Haars<\/li>\n<li><strong>Hyalurons\u00e4ure<\/strong>, <strong>Kaviar-Extrakt<\/strong> und <strong>Marines Kollagen<\/strong> zur Pflege und Verbesserung der Haargesundheit<\/li>\n<li><strong>Oliven-Extrakt<\/strong>, <strong>Kamillen-Extrakt<\/strong> und <strong>Macadamia\u00f6l<\/strong> zum Schutz vor Sch\u00e4den<\/li>\n<\/ul>\n<p>Das Orgakera Shampoo verbindet diese hochwertigen nat\u00fcrlichen Inhaltsstoffe. Es befeuchtet Haar und Kopfhaut, reduziert Schuppen und hilft, das Haar dicker und st\u00e4rker wachsen zu lassen. Dieses Shampoo bietet eine umfassende L\u00f6sung, um Ihr Haar von der Wurzel bis zur Spitze zu reparieren und gesund zu halten.<\/p>\n<p><strong>Anwendung:<\/strong> Tragen Sie ausreichend <strong>Orgakera Snake-Oil-Shampoo<\/strong> auf die Kopfhaut auf. Massieren Sie es ein und lassen Sie es 10 Minuten einwirken, damit die nat\u00fcrlichen \u00d6le und N\u00e4hrstoffe aufgenommen werden. Sp\u00fclen Sie es gr\u00fcndlich mit Wasser aus.<\/p>\n<p><strong>Hinweis:<\/strong> Nur \u00e4u\u00dferlich anwenden. Nicht in die Augen bringen. Bei Kontakt die Augen gr\u00fcndlich mit Wasser sp\u00fclen. Au\u00dfer Reichweite von Kindern aufbewahren.<\/p>\n<h4>Geben Sie Ihrem Haar mit dem <strong>Orgakera Snake-Oil-Shampoo<\/strong> neuen Schwung und erzielen Sie st\u00e4rkeres, ges\u00fcnderes, gl\u00e4nzenderes Haar!<\/h4>\n<p>&nbsp;<\/p>\n<p style=\"text-align: center;\">Vielen Dank, dass Sie bei <em data-start=\"415\" data-end=\"431\"><a href=\"https:\/\/bazaar.express\/de\/\">Bazaar Express<\/a><\/em> einkaufen \u2013 wir freuen uns, Sie als Kunden zu haben!<\/p>\n<p style=\"text-align: center;\">Ihre Reise zu besserer Selbstpflege beginnt hier \u2013 mit vertrauensw\u00fcrdiger <a href=\"https:\/\/bazaar.express\/de\/produkt-kategorie\/beauty-pflege\/\">Beauty &amp; Care<\/a>.<\/p>\n","protected":false},"excerpt":{"rendered":"<h3>Das <strong>Orgakera Snake-Oil-Shampoo<\/strong>\u00a0pflegt und st\u00e4rkt die Haarwurzeln, regt das Wachstum an und hilft, Haarausfall, Schuppen und geplatzte Spitzen zu reduzieren \u2013 f\u00fcr gl\u00e4nzenderes, ges\u00fcnderes Haar.<\/h3>\n","protected":false},"featured_media":38013,"comment_status":"open","ping_status":"closed","template":"","meta":[],"product_brand":[],"product_cat":[962,969,1888],"product_tag":[980,979,977],"class_list":{"0":"post-38011","1":"product","2":"type-product","3":"status-publish","4":"has-post-thumbnail","6":"product_cat-beauty-pflege","7":"product_cat-beste-aus-agypten","8":"product_cat-lotus","9":"product_tag-beauty-pflege","10":"product_tag-hautpflege","11":"product_tag-ol","12":"pa_l-xl-350ml","14":"first","15":"instock","16":"shipping-taxable","17":"purchasable","18":"product-type-simple"},"_links":{"self":[{"href":"https:\/\/bazaar.express\/de\/wp-json\/wp\/v2\/product\/38011","targetHints":{"allow":["GET"]}}],"collection":[{"href":"https:\/\/bazaar.express\/de\/wp-json\/wp\/v2\/product"}],"about":[{"href":"https:\/\/bazaar.express\/de\/wp-json\/wp\/v2\/types\/product"}],"replies":[{"embeddable":true,"href":"https:\/\/bazaar.express\/de\/wp-json\/wp\/v2\/comments?post=38011"}],"wp:featuredmedia":[{"embeddable":true,"href":"https:\/\/bazaar.express\/de\/wp-json\/wp\/v2\/media\/38013"}],"wp:attachment":[{"href":"https:\/\/bazaar.express\/de\/wp-json\/wp\/v2\/media?parent=38011"}],"wp:term":[{"taxonomy":"product_brand","embeddable":true,"href":"https:\/\/bazaar.express\/de\/wp-json\/wp\/v2\/product_brand?post=38011"},{"taxonomy":"product_cat","embeddable":true,"href":"https:\/\/bazaar.express\/de\/wp-json\/wp\/v2\/product_cat?post=38011"},{"taxonomy":"product_tag","embeddable":true,"href":"https:\/\/bazaar.express\/de\/wp-json\/wp\/v2\/product_tag?post=38011"}],"curies":[{"name":"wp","href":"https:\/\/api.w.org\/{rel}","templated":true}]}}