{"id":38022,"date":"2025-01-01T01:21:00","date_gmt":"2025-01-01T01:21:00","guid":{"rendered":"https:\/\/bazaar.express\/product\/haarbehandlung-shampoo-conditioner-protein\/"},"modified":"2025-01-01T01:21:00","modified_gmt":"2025-01-01T01:21:00","slug":"haarbehandlung-shampoo-conditioner-protein","status":"publish","type":"product","link":"https:\/\/bazaar.express\/de\/produkt\/haarbehandlung-shampoo-conditioner-protein\/","title":{"rendered":"Haarbehandlung Shampoo, Conditioner &#038; Protein"},"content":{"rendered":"<h2 data-start=\"241\" data-end=\"364\">Orgakera Haarbehandlung Shampoo, Conditioner &#038; Protein mit Schachtelhalm- &#038; Schwarzk\u00fcmmel\u00f6l \u2013 Premium 3-in-1 Haarpflege-Set<\/h2>\n<h3 data-start=\"366\" data-end=\"434\">\u00a0Verwandeln Sie Ihr Haar mit Orgakera\u2019s leistungsstarkem Shampoo-Trio<\/h3>\n<p data-start=\"436\" data-end=\"920\">Geben Sie Ihrem Haar die ultimative Pflege, die es verdient, mit dem <strong data-start=\"490\" data-end=\"555\">Orgakera Haarbehandlung Shampoo, Conditioner und Protein Set<\/strong> \u2013 einem vollst\u00e4ndigen 3-Schritte-System, das entwickelt wurde, um Haar von der Wurzel bis zur Spitze zu <strong data-start=\"595\" data-end=\"606\">pflegen<\/strong>, <strong data-start=\"608\" data-end=\"618\">reparieren<\/strong> und <strong data-start=\"624\" data-end=\"638\">verj\u00fcngen<\/strong>. Diese fortschrittliche Formel nutzt die Kraft von <strong data-start=\"707\" data-end=\"718\">Shampoo<\/strong> in Kombination mit nat\u00fcrlichen \u00d6len wie <strong data-start=\"751\" data-end=\"768\">Schachtelhalm\u00f6l<\/strong> und <strong data-start=\"773\" data-end=\"791\">Schwarzk\u00fcmmel\u00f6l<\/strong> sowie <strong data-start=\"798\" data-end=\"816\">Kaviar-Extrakt<\/strong>, <strong data-start=\"818\" data-end=\"830\">Kollagen<\/strong> und mehr. Es ist die perfekte L\u00f6sung f\u00fcr mattes, trockenes, d\u00fcnnes oder chemisch behandeltes Haar.<\/p>\n<h3 data-start=\"927\" data-end=\"972\">\u00a0Tiefe Pflege &#038; intensive Feuchtigkeit<\/h3>\n<p data-start=\"973\" data-end=\"1202\">Die kombinierten Wirkungen von Orgakera\u2019s Shampoo und Conditioner pflegen den Haarschaft tiefgehend, f\u00fcllen verlorenes <strong data-start=\"1081\" data-end=\"1092\">Keratin<\/strong> auf und stellen den Feuchtigkeitsgehalt wieder her. Verabschieden Sie sich von Trockenheit und begr\u00fc\u00dfen Sie weiches, handhabbares Haar mit nat\u00fcrlichem Glanz.<\/p>\n<h3 data-start=\"1204\" data-end=\"1246\">\u00a0Stoppt Haarausfall &#038; f\u00f6rdert Wachstum<\/h3>\n<p data-start=\"1247\" data-end=\"1460\">Angereichert mit <strong data-start=\"1259\" data-end=\"1276\">Schachtelhalm\u00f6l<\/strong> und <strong data-start=\"1281\" data-end=\"1299\">Schwarzk\u00fcmmel\u00f6l<\/strong>, hilft diese Behandlung, die Kopfhaut anzuregen und st\u00e4rkeres, dichteres Haarwachstum zu unterst\u00fctzen. Sie st\u00e4rkt die Follikel, reduziert Haarausfall und f\u00f6rdert gesundes Nachwachsen.<\/p>\n<h3 data-start=\"1462\" data-end=\"1508\">\u00a0Langanhaltend glatt &#038; weich<\/h3>\n<p data-start=\"1509\" data-end=\"1714\">Erhalten Sie seidenweiches, krausesfreies Haar, das \u00fcber <strong data-start=\"1576\" data-end=\"1588\">6 Monate<\/strong> glatt und weich bleibt. Das Protein in dieser Behandlung dringt tief ein und bildet eine Schutzschicht, die Feuchtigkeit und Umweltsch\u00e4den widersteht.<\/p>\n<h3 data-start=\"1716\" data-end=\"1764\">\u00a0Repariert Sch\u00e4den &#038; stellt Haarst\u00e4rke wieder her<\/h3>\n<p data-start=\"1765\" data-end=\"1967\">Der Zusatz von <strong data-start=\"1782\" data-end=\"1794\">Kollagen<\/strong> und <strong data-start=\"1799\" data-end=\"1817\">Kaviar-Extrakt<\/strong> stellt Elastizit\u00e4t und Widerstandsf\u00e4higkeit wieder her. Diese Dreifach-Pflege-Kombination repariert Spliss, verhindert Bruch und sch\u00fctzt das Haar vor Hitze-Styling und Schadstoffen.<\/p>\n<h3 data-start=\"1969\" data-end=\"2009\">\u00a0Hitze-Schutz &#038; Glanz-Booster<\/h3>\n<p data-start=\"2010\" data-end=\"2160\">Egal ob Sie f\u00f6hnen oder Hitze-Werkzeuge verwenden, Orgakera\u2019s Behandlung sch\u00fctzt Ihr Haar vor Sch\u00e4den. Genie\u00dfen Sie Friseur-\u00e4hnlichen Glanz und einen gesunden Schimmer bei jeder Anwendung.<\/p>\n<h3 data-start=\"2162\" data-end=\"2189\">\u00a0Keine sch\u00e4dlichen Chemikalien<\/h3>\n<p data-start=\"2190\" data-end=\"2354\">Frei von <strong data-start=\"2200\" data-end=\"2212\">Formalin<\/strong>, <strong data-start=\"2214\" data-end=\"2226\">Parabenen<\/strong> und anderen sch\u00e4dlichen Zus\u00e4tzen ist Orgakera sicher f\u00fcr alle Haartypen und ideal zur Pflege chemisch behandelten oder gef\u00e4rbten Haares.<\/p>\n<h3 data-start=\"2361\" data-end=\"2392\">\u00a0Nat\u00fcrliche Schl\u00fcsselzutaten:<\/h3>\n<ul data-start=\"2394\" data-end=\"2916\">\n<li data-start=\"2394\" data-end=\"2480\">\n<p data-start=\"2396\" data-end=\"2480\"><strong data-start=\"2396\" data-end=\"2414\">Schachtelhalm\u00f6l:<\/strong> St\u00e4rkt die Wurzeln, verhindert Haarausfall und verbessert die Durchblutung.<\/p>\n<\/li>\n<li data-start=\"2481\" data-end=\"2571\">\n<p data-start=\"2483\" data-end=\"2571\"><strong data-start=\"2483\" data-end=\"2502\">Schwarzk\u00fcmmel\u00f6l:<\/strong> Reich an Antioxidantien, um Wachstum anzuregen und die Kopfhautgesundheit wiederherzustellen.<\/p>\n<\/li>\n<li data-start=\"2572\" data-end=\"2651\">\n<p data-start=\"2574\" data-end=\"2651\"><strong data-start=\"2574\" data-end=\"2587\">Kollagen:<\/strong> F\u00fcgt Elastizit\u00e4t hinzu, repariert Sch\u00e4den und verbessert die Haarstruktur.<\/p>\n<\/li>\n<li data-start=\"2652\" data-end=\"2742\">\n<p data-start=\"2654\" data-end=\"2742\"><strong data-start=\"2654\" data-end=\"2681\">Jojoba\u00f6l &#038; Argan\u00f6l:<\/strong> Tief einwirkende Feuchtigkeitsspender, die Krausheit reduzieren und die Kopfhaut pflegen.<\/p>\n<\/li>\n<li data-start=\"2743\" data-end=\"2828\">\n<p data-start=\"2745\" data-end=\"2828\"><strong data-start=\"2745\" data-end=\"2764\">Kaviar-Extrakt:<\/strong> Versorgt das Haar mit Protein, macht die Str\u00e4hnen weich und steigert den Glanz.<\/p>\n<\/li>\n<li data-start=\"2829\" data-end=\"2916\">\n<p data-start=\"2831\" data-end=\"2916\"><strong data-start=\"2831\" data-end=\"2850\">Glyoxyls\u00e4ure:<\/strong> Ein formalinfreies Gl\u00e4ttungsmittel f\u00fcr langanhaltend glattes Haar.<\/p>\n<\/li>\n<\/ul>\n<h3 data-start=\"2923\" data-end=\"2965\">\u00a0So verwenden Sie dieses Haarbehandlungs-Set:<\/h3>\n<ol data-start=\"2967\" data-end=\"3359\">\n<li data-start=\"2967\" data-end=\"3044\">\n<p data-start=\"2970\" data-end=\"3044\"><strong data-start=\"2970\" data-end=\"2979\">Vorbereitung:<\/strong> Waschen Sie das Haar mit einem reinigenden Shampoo, um Schmutz und R\u00fcckst\u00e4nde zu entfernen.<\/p>\n<\/li>\n<li data-start=\"3045\" data-end=\"3158\">\n<p data-start=\"3048\" data-end=\"3158\"><strong data-start=\"3048\" data-end=\"3066\">Protein auftragen:<\/strong> Auf feuchtem Haar portionieren und Orgakera Protein 1 cm vom Kopfhautansatz auftragen. 30\u201360 Minuten einwirken lassen.<\/p>\n<\/li>\n<li data-start=\"3159\" data-end=\"3262\">\n<p data-start=\"3162\" data-end=\"3262\"><strong data-start=\"3162\" data-end=\"3185\">Aussp\u00fclen &#038; gl\u00e4tten:<\/strong> Mit warmem Wasser aussp\u00fclen, f\u00f6hnen und jede Sektion 10\u201315 Mal gl\u00e4tten.<\/p>\n<\/li>\n<li data-start=\"3263\" data-end=\"3359\">\n<p data-start=\"3266\" data-end=\"3359\"><strong data-start=\"3266\" data-end=\"3279\">Pflegen:<\/strong> Verwenden Sie regelm\u00e4\u00dfig Orgakera Shampoo und Conditioner, um Glanz und Gl\u00e4tte zu fixieren.<\/p>\n<\/li>\n<\/ol>\n<h3 data-start=\"3366\" data-end=\"3388\">\u00a0Wichtige Tipps:<\/h3>\n<ul data-start=\"3389\" data-end=\"3575\">\n<li data-start=\"3389\" data-end=\"3460\">\n<p data-start=\"3391\" data-end=\"3460\"><strong data-start=\"3391\" data-end=\"3404\">Dauer:<\/strong> Die Ergebnisse halten bis zu <strong data-start=\"3424\" data-end=\"3437\">52 W\u00e4schen<\/strong> bei richtiger Nachpflege.<\/p>\n<\/li>\n<li data-start=\"3461\" data-end=\"3575\">\n<p data-start=\"3463\" data-end=\"3575\"><strong data-start=\"3463\" data-end=\"3477\">Nachpflege:<\/strong> Fahren Sie mit der Verwendung von Orgakera Shampoo &#038; Conditioner fort, f\u00fcr langanhaltende Effekte und gesunde Pflege.<\/p>\n<\/li>\n<\/ul>\n<h2 data-start=\"3893\" data-end=\"3919\">\u00a0Warum Orgakera w\u00e4hlen?<\/h2>\n<p data-start=\"3921\" data-end=\"4202\">Mit naturkr\u00e4ftigen Zutaten, langfristigen Ergebnissen und sicheren Formulierungen ist Orgakera mehr als nur ein <strong data-start=\"4025\" data-end=\"4036\">Shampoo<\/strong> \u2013 es ist eine Haarreparations-Revolution. Egal ob Sie unter Trockenheit, Kraushaar oder Verd\u00fcnnung leiden, Orgakera hilft Ihnen, die Kontrolle zur\u00fcckzugewinnen, mit sichtbaren Verbesserungen ab der ersten Anwendung.<\/p>\n<h2 data-start=\"4209\" data-end=\"4253\">\ud83d\uded2 Kaufen Sie das Orgakera Haarbehandlungs-Set jetzt!<\/h2>\n<p data-start=\"4254\" data-end=\"4457\">Verabschieden Sie sich von mattem, gesch\u00e4digtem Haar und hallo zu st\u00e4rkeren, gl\u00e4nzenderen, ges\u00fcnderen Str\u00e4hnen. Holen Sie sich heute Ihr <strong data-start=\"4348\" data-end=\"4405\">Orgakera 3-in-1 Shampoo, Conditioner und Protein Set<\/strong> und erleben Sie Friseur-Qualit\u00e4t zu Hause!<\/p>\n<p style=\"text-align: center;\">Vielen Dank f\u00fcr Ihren Einkauf bei <em data-start=\"415\" data-end=\"431\"><a href=\"https:\/\/bazaar.express\/de\/\">Bazaar Express<\/a><\/em> \u2013 wir freuen uns, Sie bei uns zu haben!<\/p>\n<p style=\"text-align: center;\">Ihre Reise zu besserer Selbstpflege beginnt hier \u2013 mit <a href=\"https:\/\/bazaar.express\/product-category\/beauty-care\/\">Beauty &#038; Care<\/a>, auf die Sie sich verlassen k\u00f6nnen.<\/p>\n","protected":false},"excerpt":{"rendered":"<h3 data-start=\"474\" data-end=\"722\">Das Orgakera Haarbehandlungs-Set (Shampoo, Conditioner &#038; Protein) ist angereichert mit Schachtelhalm\u00f6l, Schwarzk\u00fcmmel\u00f6l und Kaviar-Extrakt. Dieses 3-in-1-Kit pflegt tiefgehend, repariert und gl\u00e4ttet das Haar, reduziert Haarausfall und steigert den Glanz f\u00fcr bis zu 6 Monate.<\/h3>\n","protected":false},"featured_media":38024,"comment_status":"open","ping_status":"closed","template":"","meta":[],"product_brand":[],"product_cat":[962,969,971],"product_tag":[980,1058,979],"class_list":{"0":"post-38022","1":"product","2":"type-product","3":"status-publish","4":"has-post-thumbnail","6":"product_cat-beauty-pflege","7":"product_cat-beste-aus-agypten","8":"product_cat-top-angebote","9":"product_tag-beauty-pflege","10":"product_tag-creme","11":"product_tag-hautpflege","12":"pa_l-xl-3pcs","14":"first","15":"instock","16":"sale","17":"shipping-taxable","18":"purchasable","19":"product-type-simple"},"_links":{"self":[{"href":"https:\/\/bazaar.express\/de\/wp-json\/wp\/v2\/product\/38022","targetHints":{"allow":["GET"]}}],"collection":[{"href":"https:\/\/bazaar.express\/de\/wp-json\/wp\/v2\/product"}],"about":[{"href":"https:\/\/bazaar.express\/de\/wp-json\/wp\/v2\/types\/product"}],"replies":[{"embeddable":true,"href":"https:\/\/bazaar.express\/de\/wp-json\/wp\/v2\/comments?post=38022"}],"wp:featuredmedia":[{"embeddable":true,"href":"https:\/\/bazaar.express\/de\/wp-json\/wp\/v2\/media\/38024"}],"wp:attachment":[{"href":"https:\/\/bazaar.express\/de\/wp-json\/wp\/v2\/media?parent=38022"}],"wp:term":[{"taxonomy":"product_brand","embeddable":true,"href":"https:\/\/bazaar.express\/de\/wp-json\/wp\/v2\/product_brand?post=38022"},{"taxonomy":"product_cat","embeddable":true,"href":"https:\/\/bazaar.express\/de\/wp-json\/wp\/v2\/product_cat?post=38022"},{"taxonomy":"product_tag","embeddable":true,"href":"https:\/\/bazaar.express\/de\/wp-json\/wp\/v2\/product_tag?post=38022"}],"curies":[{"name":"wp","href":"https:\/\/api.w.org\/{rel}","templated":true}]}}