{"id":38059,"date":"2024-12-30T17:49:37","date_gmt":"2024-12-30T17:49:37","guid":{"rendered":"https:\/\/bazaar.express\/product\/gesichtswaschmittel-reinigung\/"},"modified":"2026-03-01T20:42:26","modified_gmt":"2026-03-01T20:42:26","slug":"gesichtswaschmittel-reinigung","status":"publish","type":"product","link":"https:\/\/bazaar.express\/de\/produkt\/gesichtswaschmittel-reinigung\/","title":{"rendered":"Gesichtswaschmittel Reinigung"},"content":{"rendered":"<h2 data-start=\"133\" data-end=\"252\">Orgakera Gesichtswaschmittel Reinigung mit Avocado &#038; Shea Butter \u2013 Tiefenfeuchtigkeit &#038; Sanfte Pflege f\u00fcr trockene, empfindliche Haut<\/h2>\n<h3 data-start=\"254\" data-end=\"333\">\u00a0Die Kraft der Natur in einer Flasche \u2013 Reinigen, Feuchtigen &#038; Ihre Haut Nat\u00fcrlich Erfrischen<\/h3>\n<p data-start=\"335\" data-end=\"811\">Trockene, matte oder empfindliche Haut? Orgakera Gesichtswaschmittel Reinigung mit Avocado &#038; Shea Butter ist Ihre t\u00e4gliche L\u00f6sung, um zu reinigen und zu feuchtigen, w\u00e4hrend sie Ihre Haut mit nat\u00fcrlichen N\u00e4hrstoffen versorgt. Reich an essenziellen N\u00e4hrstoffen, Vitaminen und Antioxidantien bietet diese sanfte Formel tiefe Feuchtigkeit, entfernt Unreinheiten und l\u00e4sst Ihren Teint strahlen. Egal ob trockene Stellen, Schuppung oder m\u00fcde aussehende Haut \u2013 diese Reinigung belebt Ihre Haut und macht sie weich, glatt und strahlend.<\/p>\n<h3 data-start=\"818\" data-end=\"847\">\u00a0Was Macht Es Besonders?<\/h3>\n<h4 data-start=\"849\" data-end=\"886\">\u00a0Tiefenfeuchtigkeit f\u00fcr Trockene Haut<\/h4>\n<p data-start=\"887\" data-end=\"1075\">Avocado-\u00d6l dringt tief ein und liefert Vitamine A und C, um Feuchtigkeit aufzuf\u00fcllen, Trockenheit zu lindern und gesch\u00e4digte Haut zu reparieren. Ihr Gesicht f\u00fchlt sich nach jeder W\u00e4sche weich, geschmeidig und gepflegt an.<\/p>\n<h4 data-start=\"1077\" data-end=\"1109\">\u00a0Reinigt &#038; Erfrischt<\/h4>\n<p data-start=\"1110\" data-end=\"1311\">Entfernt Schmutz, \u00fcbersch\u00fcssiges \u00d6l und Make-up, w\u00e4hrend es die Hautregeneration f\u00f6rdert. Mit Glutamin und Aminos\u00e4uren unterst\u00fctzt es die Neuproduktion von Zellen und verbessert die Durchblutung \u2013 so wird der nat\u00fcrliche Glanz Ihrer Haut wiederbelebt.<\/p>\n<h4 data-start=\"1313\" data-end=\"1346\">\u00a0Antioxidanschutz<\/h4>\n<p data-start=\"1347\" data-end=\"1528\">Diese Reinigung ist reich an Antioxidantien, die freie Radikale bek\u00e4mpfen, die durch Verschmutzung und Sonneneinstrahlung entstehen, und hilft, fr\u00fche Alterungszeichen zu verhindern, w\u00e4hrend Ihre Haut gesund und jugendlich bleibt.<\/p>\n<h4 data-start=\"1530\" data-end=\"1557\">\u00a0Beruhigt &#038; Macht Weich<\/h4>\n<p data-start=\"1558\" data-end=\"1754\">Shea Butter beruhigt Reizungen sanft und speichert Feuchtigkeit, was diese W\u00e4sche ideal f\u00fcr empfindliche oder trockene Hauttypen macht. Kein straffes, unangenehmes Gef\u00fchl mehr nach der Reinigung \u2013 nur glatte, langanhaltende Wohlf\u00fchligkeit.<\/p>\n<h3 data-start=\"1761\" data-end=\"1783\">\u00a0Wichtige Inhaltsstoffe<\/h3>\n<ul data-start=\"1785\" data-end=\"2301\">\n<li data-start=\"1785\" data-end=\"1884\">\n<p data-start=\"1787\" data-end=\"1884\"><strong data-start=\"1787\" data-end=\"1803\">Avocado-\u00d6l:<\/strong> Reich an Vitaminen A, C &#038; E, es feuchtet, repariert und verbessert die Hautelastizit\u00e4t.<\/p>\n<\/li>\n<li data-start=\"1885\" data-end=\"1983\">\n<p data-start=\"1887\" data-end=\"1983\"><strong data-start=\"1887\" data-end=\"1903\">Shea Butter:<\/strong> Tief feuchtigkeitsspendend und beruhigend, ideal zur Wiederherstellung trockener und gereizter Haut.<\/p>\n<\/li>\n<li data-start=\"1984\" data-end=\"2096\">\n<p data-start=\"1986\" data-end=\"2096\"><strong data-start=\"1986\" data-end=\"2014\">Aminos\u00e4uren &#038; Glutamin:<\/strong> Helfen, gesch\u00e4digte Haut zu reparieren, die Blutzirkulation anzuregen und den Zellturover zu stimulieren.<\/p>\n<\/li>\n<li data-start=\"2097\" data-end=\"2199\">\n<p data-start=\"2099\" data-end=\"2199\"><strong data-start=\"2099\" data-end=\"2117\">Vitamin A &#038; C:<\/strong> F\u00f6rdern die Kollagenproduktion und Hauterneuerung, w\u00e4hrend sie den Teint aufhellen.<\/p>\n<\/li>\n<li data-start=\"2200\" data-end=\"2301\">\n<p data-start=\"2202\" data-end=\"2301\"><strong data-start=\"2202\" data-end=\"2219\">Antioxidantien:<\/strong> Bieten einen nat\u00fcrlichen Schutz vor Umweltsch\u00e4den und unterst\u00fctzen jugendliche Haut.<\/p>\n<\/li>\n<\/ul>\n<h3 data-start=\"2308\" data-end=\"2325\">\u00a0So Verwenden<\/h3>\n<ol data-start=\"2327\" data-end=\"2646\">\n<li data-start=\"2327\" data-end=\"2379\">\n<p data-start=\"2330\" data-end=\"2379\">Benetzen Sie Ihr Gesicht mit warmem Wasser, um die Poren zu \u00f6ffnen.<\/p>\n<\/li>\n<li data-start=\"2380\" data-end=\"2435\">\n<p data-start=\"2383\" data-end=\"2435\">Geben Sie eine gro\u00dfz\u00fcgige Menge Reinigung in Ihre Handfl\u00e4chen.<\/p>\n<\/li>\n<li data-start=\"2436\" data-end=\"2526\">\n<p data-start=\"2439\" data-end=\"2526\">Massieren Sie es in kreisenden Bewegungen auf Ihr Gesicht ein, mit Fokus auf Bereiche mit Schmutz oder Make-up.<\/p>\n<\/li>\n<li data-start=\"2527\" data-end=\"2589\">\n<p data-start=\"2530\" data-end=\"2589\">Sp\u00fclen Sie mit lauwarmem Wasser ab und tupfen Sie mit einem sauberen Handtuch trocken.<\/p>\n<\/li>\n<li data-start=\"2590\" data-end=\"2646\">\n<p data-start=\"2593\" data-end=\"2646\">Verwenden Sie es zweimal t\u00e4glich \u2013 morgens und abends \u2013 f\u00fcr optimale Ergebnisse.<\/p>\n<\/li>\n<\/ol>\n<h3 data-start=\"2653\" data-end=\"2668\">\u00a0Hinweise<\/h3>\n<ul data-start=\"2670\" data-end=\"3013\">\n<li data-start=\"2670\" data-end=\"2696\">\n<p data-start=\"2672\" data-end=\"2696\">Nur zur \u00e4u\u00dferen Anwendung.<\/p>\n<\/li>\n<li data-start=\"2697\" data-end=\"2779\">\n<p data-start=\"2699\" data-end=\"2779\">Vermeiden Sie Kontakt mit den Augen. Bei Kontakt gr\u00fcndlich mit Wasser aussp\u00fclen.<\/p>\n<\/li>\n<li data-start=\"2780\" data-end=\"2856\">\n<p data-start=\"2782\" data-end=\"2856\">Bei Reizungen die Anwendung abbrechen. Bei Bedarf einen Dermatologen konsultieren.<\/p>\n<\/li>\n<li data-start=\"2857\" data-end=\"2891\">\n<p data-start=\"2859\" data-end=\"2891\">Au\u00dfer Reichweite von Kindern aufbewahren.<\/p>\n<\/li>\n<li data-start=\"2892\" data-end=\"2949\">\n<p data-start=\"2894\" data-end=\"2949\">An einem k\u00fchlen, trockenen Ort fern von direktem Sonnenlicht lagern.<\/p>\n<\/li>\n<li data-start=\"2950\" data-end=\"3013\">\n<p data-start=\"2952\" data-end=\"3013\">Hauttest f\u00fcr empfindliche Haut oder bekannte Allergien empfohlen.<\/p>\n<\/li>\n<\/ul>\n<h3 data-start=\"3020\" data-end=\"3092\">\u00a0Warum Orgakera Gesichtswaschmittel Reinigung mit Avocado &#038; Shea Butter W\u00e4hlen?<\/h3>\n<ul data-start=\"3094\" data-end=\"3426\">\n<li data-start=\"3094\" data-end=\"3171\">\n<p data-start=\"3096\" data-end=\"3171\"><strong data-start=\"3099\" data-end=\"3129\">Feuchtet &#038; Heilt Trockene Haut:<\/strong> Perfekt f\u00fcr trockene oder empfindliche Hauttypen<\/p>\n<\/li>\n<li data-start=\"3172\" data-end=\"3255\">\n<p data-start=\"3174\" data-end=\"3255\"><strong data-start=\"3177\" data-end=\"3202\">Pflegend &#038; Nat\u00fcrlich:<\/strong> Angereichert mit pflanzlichen Inhaltsstoffen und Vitaminen<\/p>\n<\/li>\n<li data-start=\"3256\" data-end=\"3334\">\n<p data-start=\"3258\" data-end=\"3334\"><strong data-start=\"3261\" data-end=\"3286\">Sanft, Aber Wirksam:<\/strong> Entfernt Unreinheiten, ohne Feuchtigkeit zu entziehen<\/p>\n<\/li>\n<li data-start=\"3335\" data-end=\"3426\">\n<p data-start=\"3337\" data-end=\"3426\"><strong data-start=\"3340\" data-end=\"3355\">T\u00e4glicher Glanz:<\/strong> Regelm\u00e4\u00dfige Anwendung f\u00fcr ges\u00fcnder, frischer und strahlender aussehende Haut<\/p>\n<\/li>\n<\/ul>\n<h3 data-start=\"3748\" data-end=\"3769\">\u00a0Zusammenfassung<\/h3>\n<p data-start=\"3771\" data-end=\"4159\">Wenn Sie es satt haben, dass Reinigungen Ihr Gesicht trocken und straff f\u00fchlen lassen, ist es Zeit f\u00fcr einen Wechsel. Orgakera Gesichtswaschmittel Reinigung mit Avocado &#038; Shea Butter feuchtet, heilt und regeneriert Ihre Haut bei jeder Anwendung. Sanft, nat\u00fcrlich und effektiv \u2013 es ist das ultimative Gesichtswaschmittel f\u00fcr alle, die saubere, strahlende Haut ohne H\u00e4rte wollen. Probieren Sie es heute aus und sp\u00fcren Sie den Unterschied schon bei der ersten W\u00e4sche!<\/p>\n<p style=\"text-align: center;\">Vielen Dank, dass Sie bei <em data-start=\"415\" data-end=\"431\"><a href=\"https:\/\/bazaar.express\/de\/\">Bazaar Express<\/a><\/em> einkaufen \u2013 wir freuen uns, Sie dabei zu haben!<\/p>\n<p style=\"text-align: center;\">Ihre Reise zu besserer Selbstpflege beginnt hier \u2013 mit vertrauensw\u00fcrdiger <a href=\"https:\/\/bazaar.express\/product-category\/beauty-care\/\">Beauty &#038; Care<\/a>.<\/p>\n","protected":false},"excerpt":{"rendered":"<h3 data-start=\"500\" data-end=\"787\">Orgakera Gesichtswaschmittel Reinigung mit Avocado &#038; Shea Butter spendet tiefe Feuchtigkeit und beruhigt trockene Haut. Vollgepackt mit Vitaminen, Antioxidantien und nat\u00fcrlichen Feuchtigkeitsspendern entfernt es sanft Schmutz und Make-up, w\u00e4hrend Ihre Haut weich, glatt und strahlend bleibt. Ideal f\u00fcr den t\u00e4glichen Gebrauch bei trockener oder empfindlicher Haut.<\/h3>\n<h3><\/h3>\n","protected":false},"featured_media":38061,"comment_status":"open","ping_status":"closed","template":"","meta":[],"product_brand":[],"product_cat":[962],"product_tag":[979,978,977],"class_list":{"0":"post-38059","1":"product","2":"type-product","3":"status-publish","4":"has-post-thumbnail","6":"product_cat-beauty-pflege","7":"product_tag-hautpflege","8":"product_tag-naturliches-ol","9":"product_tag-ol","10":"pa_l-xl-250ml","12":"first","13":"instock","14":"sale","15":"shipping-taxable","16":"purchasable","17":"product-type-simple"},"_links":{"self":[{"href":"https:\/\/bazaar.express\/de\/wp-json\/wp\/v2\/product\/38059","targetHints":{"allow":["GET"]}}],"collection":[{"href":"https:\/\/bazaar.express\/de\/wp-json\/wp\/v2\/product"}],"about":[{"href":"https:\/\/bazaar.express\/de\/wp-json\/wp\/v2\/types\/product"}],"replies":[{"embeddable":true,"href":"https:\/\/bazaar.express\/de\/wp-json\/wp\/v2\/comments?post=38059"}],"wp:featuredmedia":[{"embeddable":true,"href":"https:\/\/bazaar.express\/de\/wp-json\/wp\/v2\/media\/38061"}],"wp:attachment":[{"href":"https:\/\/bazaar.express\/de\/wp-json\/wp\/v2\/media?parent=38059"}],"wp:term":[{"taxonomy":"product_brand","embeddable":true,"href":"https:\/\/bazaar.express\/de\/wp-json\/wp\/v2\/product_brand?post=38059"},{"taxonomy":"product_cat","embeddable":true,"href":"https:\/\/bazaar.express\/de\/wp-json\/wp\/v2\/product_cat?post=38059"},{"taxonomy":"product_tag","embeddable":true,"href":"https:\/\/bazaar.express\/de\/wp-json\/wp\/v2\/product_tag?post=38059"}],"curies":[{"name":"wp","href":"https:\/\/api.w.org\/{rel}","templated":true}]}}