{"id":38068,"date":"2024-12-30T15:32:35","date_gmt":"2024-12-30T15:32:35","guid":{"rendered":"https:\/\/bazaar.express\/product\/kollagen-maske\/"},"modified":"2025-11-26T13:10:56","modified_gmt":"2025-11-26T13:10:56","slug":"kollagen-maske","status":"publish","type":"product","link":"https:\/\/bazaar.express\/de\/produkt\/kollagen-maske\/","title":{"rendered":"Kollagen-Maske"},"content":{"rendered":"<h2 data-start=\"211\" data-end=\"288\">Orgakera Gold Kollagen-Maske \u2013 Luxus-Hautpflege f\u00fcr strahlende, jugendliche Haut<\/h2>\n<p data-start=\"290\" data-end=\"695\">Genie\u00dfen Sie das ultimative Hautpflege-Erlebnis mit der <strong data-start=\"343\" data-end=\"374\">Orgakera Gold Kollagen-Maske<\/strong> \u2013 einer luxuri\u00f6sen <em data-start=\"387\" data-end=\"393\">Maske<\/em>, die Ihre Haut revitalisiert, ihren jugendlichen Glanz wiederherstellt und sichtbare Alterserscheinungen bek\u00e4mpft. Angereichert mit hydrolysiertem Kollagen, Jojoba\u00f6l, Argan\u00f6l und vitaminreichen Antioxidantien spendet diese hochperformante <em data-start=\"601\" data-end=\"607\">Maske<\/em> intensive Feuchtigkeit, strafft und sch\u00fctzt Ihre Haut f\u00fcr einen glatteren, strahlenderen Teint.<\/p>\n<h3 data-start=\"702\" data-end=\"748\"> Warum die Orgakera Gold Kollagen-Maske w\u00e4hlen?<\/h3>\n<h4 data-start=\"750\" data-end=\"808\"> Anti-Aging-Wirkung \u2013 Gl\u00e4ttet feine Linien und Falten<\/h4>\n<p data-start=\"809\" data-end=\"1026\">Das <strong data-start=\"813\" data-end=\"825\">Kollagen<\/strong> in dieser <em data-start=\"834\" data-end=\"840\">Maske<\/em> dringt tief in die Haut ein, verbessert die Elastizit\u00e4t und mindert das Auftreten von Falten und feinen Linien. Es strafft schlaffe Bereiche und verbessert die Hauttextur f\u00fcr einen jugendlichen, gelifteten Look.<\/p>\n<h4 data-start=\"1028\" data-end=\"1068\"> Intensive Feuchtigkeit f\u00fcr einen taufrischen Glanz<\/h4>\n<p data-start=\"1069\" data-end=\"1243\">Bereichert mit <strong data-start=\"1082\" data-end=\"1096\">Jojoba\u00f6l<\/strong>, <strong data-start=\"1098\" data-end=\"1111\">Argan\u00f6l<\/strong> und <strong data-start=\"1117\" data-end=\"1130\">Aloe Vera<\/strong> f\u00fcllt diese <em data-start=\"1137\" data-end=\"1143\">Maske<\/em> Feuchtigkeit auf, pflegt trockene Stellen und l\u00e4sst Ihre Haut weich, prall und strahlend wirken.<\/p>\n<h4 data-start=\"1245\" data-end=\"1298\"> Ausgeglichener Hautton und Aufhellung stumpfer Haut<\/h4>\n<p data-start=\"1299\" data-end=\"1420\">Bei regelm\u00e4\u00dfiger Anwendung hilft diese <em data-start=\"1322\" data-end=\"1328\">Maske<\/em> dabei, dunkle Flecken und Unreinheiten zu verblassen und einen gleichm\u00e4\u00dfigeren, klareren und gl\u00e4nzenden Hautton zu erzeugen.<\/p>\n<h4 data-start=\"1422\" data-end=\"1466\"> Balance f\u00fcr fettige Haut und verfeinerte Poren<\/h4>\n<p data-start=\"1467\" data-end=\"1608\">Ideal f\u00fcr fettige und Mischhaut, absorbiert diese <em data-start=\"1509\" data-end=\"1515\">Maske<\/em> \u00fcbersch\u00fcssiges \u00d6l, minimiert den Glanz und verkleinert die Poren, ohne die Haut auszutrocknen.<\/p>\n<h4 data-start=\"1610\" data-end=\"1663\"> Antioxidativer Schutz vor Hautsch\u00e4den<\/h4>\n<p data-start=\"1664\" data-end=\"1838\">Reich an <strong data-start=\"1676\" data-end=\"1689\">Vitamin A<\/strong> und <strong data-start=\"1694\" data-end=\"1707\">Vitamin E<\/strong> sch\u00fctzt es vor Umwelteinfl\u00fcssen und unterst\u00fctzt die Hautregeneration \u2013 f\u00fcr langanhaltenden Schutz und einen gesunden Glanz f\u00fcr Ihr Gesicht.<\/p>\n<h4 data-start=\"1840\" data-end=\"1882\"> Straffende und hautstraffende Wirkung<\/h4>\n<p data-start=\"1883\" data-end=\"2051\">Dank ihrer kollagenreichen Formel strafft und hebt die <em data-start=\"1924\" data-end=\"1930\">Maske<\/em> Ihre Haut, verbessert ihre Widerstandsf\u00e4higkeit und l\u00e4sst Ihr Gesicht mit der Zeit glatter und jugendlicher wirken.<\/p>\n<h3 data-start=\"2058\" data-end=\"2081\"> Wichtige Inhaltsstoffe:<\/h3>\n<ul data-start=\"2083\" data-end=\"2843\">\n<li data-start=\"2083\" data-end=\"2174\">\n<p data-start=\"2085\" data-end=\"2174\"><strong data-start=\"2085\" data-end=\"2121\">Hydrolysiertes Kollagen (Fischhaut):<\/strong> Strafft und hebt die Haut, reduziert Alterserscheinungen.<\/p>\n<\/li>\n<li data-start=\"2175\" data-end=\"2267\">\n<p data-start=\"2177\" data-end=\"2267\"><strong data-start=\"2177\" data-end=\"2192\">Jojoba\u00f6l:<\/strong> Spendet tiefe, nicht fettende Feuchtigkeit und balanciert die nat\u00fcrliche \u00d6lproduktion.<\/p>\n<\/li>\n<li data-start=\"2268\" data-end=\"2338\">\n<p data-start=\"2270\" data-end=\"2338\"><strong data-start=\"2270\" data-end=\"2284\">Argan\u00f6l:<\/strong> Bek\u00e4mpft Alterserscheinungen und verbessert die Hautelastizit\u00e4t.<\/p>\n<\/li>\n<li data-start=\"2339\" data-end=\"2410\">\n<p data-start=\"2341\" data-end=\"2410\"><strong data-start=\"2341\" data-end=\"2359\">Aloe-Vera-\u00d6l:<\/strong> Beruhigt gereizte Haut und steigert die Feuchtigkeit.<\/p>\n<\/li>\n<li data-start=\"2411\" data-end=\"2484\">\n<p data-start=\"2413\" data-end=\"2484\"><strong data-start=\"2413\" data-end=\"2444\">Polyvinylpyrrolidon (PVP):<\/strong> Verbessert Hauttextur und Gl\u00e4tte.<\/p>\n<\/li>\n<li data-start=\"2485\" data-end=\"2590\">\n<p data-start=\"2487\" data-end=\"2590\"><strong data-start=\"2487\" data-end=\"2526\">Butylenglykol &#038; Propylenglykol:<\/strong> Helfen der Haut, Feuchtigkeit zu speichern und verbessern die Aufnahme des Produkts.<\/p>\n<\/li>\n<li data-start=\"2591\" data-end=\"2665\">\n<p data-start=\"2593\" data-end=\"2665\"><strong data-start=\"2593\" data-end=\"2606\">Glycerin:<\/strong> Zieht Feuchtigkeit in die Haut und h\u00e4lt sie prall und taufrisch.<\/p>\n<\/li>\n<li data-start=\"2666\" data-end=\"2750\">\n<p data-start=\"2668\" data-end=\"2750\"><strong data-start=\"2668\" data-end=\"2682\">Vitamin A:<\/strong> Verbessert den Zellumsatz, hellt den Hautton auf und gl\u00e4ttet die Textur.<\/p>\n<\/li>\n<li data-start=\"2751\" data-end=\"2843\">\n<p data-start=\"2753\" data-end=\"2843\"><strong data-start=\"2753\" data-end=\"2767\">Vitamin E:<\/strong> Wirkt als starkes Antioxidans, das Heilung f\u00f6rdert und die Haut sch\u00fctzt.<\/p>\n<\/li>\n<\/ul>\n<h3 data-start=\"2850\" data-end=\"2896\"> So verwenden Sie die Orgakera Gold Kollagen-Maske:<\/h3>\n<ol data-start=\"2898\" data-end=\"3205\">\n<li data-start=\"2898\" data-end=\"2930\">\n<p data-start=\"2901\" data-end=\"2930\">Beginnen Sie mit sauberer, trockener Haut.<\/p>\n<\/li>\n<li data-start=\"2931\" data-end=\"3008\">\n<p data-start=\"2934\" data-end=\"3008\">Tragen Sie eine gleichm\u00e4\u00dfige Schicht der <strong data-start=\"2961\" data-end=\"2992\">Orgakera Gold Kollagen-Maske<\/strong> auf Ihr Gesicht auf.<\/p>\n<\/li>\n<li data-start=\"3009\" data-end=\"3086\">\n<p data-start=\"3012\" data-end=\"3086\">Lassen Sie die <em data-start=\"3020\" data-end=\"3026\">Maske<\/em> mindestens 10 Minuten einwirken, damit die N\u00e4hrstoffe absorbiert werden k\u00f6nnen.<\/p>\n<\/li>\n<li data-start=\"3087\" data-end=\"3163\">\n<p data-start=\"3090\" data-end=\"3163\">Entfernen Sie die <em data-start=\"3108\" data-end=\"3114\">Maske<\/em> sanft und massieren Sie das verbleibende Serum in die Haut ein.<\/p>\n<\/li>\n<li data-start=\"3164\" data-end=\"3205\">\n<p data-start=\"3167\" data-end=\"3205\">Verwenden Sie sie 2\u20133 Mal pro Woche f\u00fcr optimale Ergebnisse.<\/p>\n<\/li>\n<\/ol>\n<h3 data-start=\"3212\" data-end=\"3228\"> Warnhinweise:<\/h3>\n<ul data-start=\"3230\" data-end=\"3579\">\n<li data-start=\"3230\" data-end=\"3256\">\n<p data-start=\"3232\" data-end=\"3256\">Nur zur \u00e4u\u00dferen Anwendung.<\/p>\n<\/li>\n<li data-start=\"3257\" data-end=\"3322\">\n<p data-start=\"3259\" data-end=\"3322\">Vermeiden Sie den Kontakt mit den Augen. Bei Kontakt gr\u00fcndlich aussp\u00fclen.<\/p>\n<\/li>\n<li data-start=\"3323\" data-end=\"3377\">\n<p data-start=\"3325\" data-end=\"3377\">Bei Reizung oder R\u00f6tung die Anwendung abbrechen.<\/p>\n<\/li>\n<li data-start=\"3378\" data-end=\"3412\">\n<p data-start=\"3380\" data-end=\"3412\">Au\u00dfer Reichweite von Kindern aufbewahren.<\/p>\n<\/li>\n<li data-start=\"3413\" data-end=\"3463\">\n<p data-start=\"3415\" data-end=\"3463\">An einem k\u00fchlen, trockenen Ort fern von Sonnenlicht lagern.<\/p>\n<\/li>\n<\/ul>\n<h3 data-start=\"3894\" data-end=\"3915\"> Abschlie\u00dfende Gedanken<\/h3>\n<p data-start=\"3917\" data-end=\"4246\">Geben Sie Ihrer Haut die luxuri\u00f6se Pflege, die sie verdient, mit der <strong data-start=\"3977\" data-end=\"4008\">Orgakera Gold Kollagen-Maske<\/strong>. Egal ob Sie Falten bek\u00e4mpfen, Ihre Haut aufhellen oder einfach ein Premium-Selbstpflege-Ritual genie\u00dfen m\u00f6chten \u2013 diese <em data-start=\"4124\" data-end=\"4130\">Maske<\/em> liefert sichtbare Ergebnisse. Entdecken Sie festere, glattere und strahlendere Haut \u2013 denn Ihr Glanz beginnt mit Selbstpflege.<\/p>\n<p style=\"text-align: center;\">Vielen Dank, dass Sie bei <em data-start=\"415\" data-end=\"431\"><a href=\"https:\/\/bazaar.express\/de\/\">Bazaar Express<\/a><\/em> einkaufen \u2013 wir freuen uns, Sie dabei zu haben!<\/p>\n<p style=\"text-align: center;\">Ihre Reise zu besserer Selbstpflege beginnt hier \u2013 mit vertrauensw\u00fcrdiger <a href=\"https:\/\/bazaar.express\/product-category\/beauty-care\/\">Beauty &#038; Care<\/a>.<\/p>\n","protected":false},"excerpt":{"rendered":"<h3 data-start=\"435\" data-end=\"682\">Erleben Sie luxuri\u00f6se Hautpflege mit der <strong data-start=\"471\" data-end=\"502\">Orgakera Gold Kollagen-Maske<\/strong> \u2013 einer regenerierenden Mischung aus Kollagen, nat\u00fcrlichen \u00d6len und Vitaminen, die Ihre Haut feuchtet, strafft und aufhellt. Ideal zur Reduzierung feiner Linien, Ausgleichung des Hauttons und Steigerung des Glanzes.<\/h3>\n","protected":false},"featured_media":38070,"comment_status":"open","ping_status":"closed","template":"","meta":[],"product_brand":[],"product_cat":[962],"product_tag":[1058,979],"class_list":{"0":"post-38068","1":"product","2":"type-product","3":"status-publish","4":"has-post-thumbnail","6":"product_cat-beauty-pflege","7":"product_tag-creme","8":"product_tag-hautpflege","10":"first","11":"instock","12":"shipping-taxable","13":"purchasable","14":"product-type-simple"},"_links":{"self":[{"href":"https:\/\/bazaar.express\/de\/wp-json\/wp\/v2\/product\/38068","targetHints":{"allow":["GET"]}}],"collection":[{"href":"https:\/\/bazaar.express\/de\/wp-json\/wp\/v2\/product"}],"about":[{"href":"https:\/\/bazaar.express\/de\/wp-json\/wp\/v2\/types\/product"}],"replies":[{"embeddable":true,"href":"https:\/\/bazaar.express\/de\/wp-json\/wp\/v2\/comments?post=38068"}],"wp:featuredmedia":[{"embeddable":true,"href":"https:\/\/bazaar.express\/de\/wp-json\/wp\/v2\/media\/38070"}],"wp:attachment":[{"href":"https:\/\/bazaar.express\/de\/wp-json\/wp\/v2\/media?parent=38068"}],"wp:term":[{"taxonomy":"product_brand","embeddable":true,"href":"https:\/\/bazaar.express\/de\/wp-json\/wp\/v2\/product_brand?post=38068"},{"taxonomy":"product_cat","embeddable":true,"href":"https:\/\/bazaar.express\/de\/wp-json\/wp\/v2\/product_cat?post=38068"},{"taxonomy":"product_tag","embeddable":true,"href":"https:\/\/bazaar.express\/de\/wp-json\/wp\/v2\/product_tag?post=38068"}],"curies":[{"name":"wp","href":"https:\/\/api.w.org\/{rel}","templated":true}]}}