{"id":38071,"date":"2024-12-30T14:44:14","date_gmt":"2024-12-30T14:44:14","guid":{"rendered":"https:\/\/bazaar.express\/product\/natuerliche-schwarzkuemmel-creme\/"},"modified":"2026-03-01T20:42:09","modified_gmt":"2026-03-01T20:42:09","slug":"natuerliche-schwarzkuemmel-creme","status":"publish","type":"product","link":"https:\/\/bazaar.express\/de\/produkt\/natuerliche-schwarzkuemmel-creme\/","title":{"rendered":"Nat\u00fcrliche Schwarzk\u00fcmmel-Creme"},"content":{"rendered":"<br \/>\n<h2 data-start=\"0\" data-end=\"76\"><strong data-start=\"3\" data-end=\"76\">Orgakera Schwarzk\u00fcmmel-Creme: Ihre nat\u00fcrliche L\u00f6sung f\u00fcr Akne &#038; fettige Haut<\/strong><\/h2>\n<h3 data-start=\"78\" data-end=\"123\"><strong data-start=\"82\" data-end=\"123\">Warum Orgakera Schwarzk\u00fcmmel-Creme w\u00e4hlen?<\/strong><\/h3>\n<p data-start=\"125\" data-end=\"447\">Die Orgakera Schwarzk\u00fcmmel-Creme ist ein starkes Pflegeprodukt, das speziell entwickelt wurde, um Akne zu bek\u00e4mpfen, fettige Haut auszugleichen und eine klarere, glattere Haut zu f\u00f6rdern. Angereichert mit den heilenden Eigenschaften von Schwarzk\u00fcmm\u00f6l (Nigella Sativa), verbindet diese Creme uraltes Wissen mit moderner Hautwissenschaft f\u00fcr sichtbare, langanhaltende Ergebnisse.<\/p>\n<h3 data-start=\"449\" data-end=\"493\"><strong data-start=\"453\" data-end=\"493\"> Die Magie hinter der Schwarzk\u00fcmmel-Creme<\/strong><\/h3>\n<p data-start=\"495\" data-end=\"710\">Die Orgakera Schwarzk\u00fcmmel-Creme ist mehr als nur eine Feuchtigkeitscreme \u2013 sie ist eine gezielte Behandlung. Jeder Inhaltsstoff ist sorgf\u00e4ltig ausgew\u00e4hlt, um harmonisch mit Ihrer Haut zu wirken und beruhigende, kl\u00e4rende und regenerierende Vorteile zu bieten.<\/p>\n<h4 data-start=\"712\" data-end=\"748\"><strong data-start=\"717\" data-end=\"748\">1. Akne bek\u00e4mpfende Eigenschaften<\/strong><\/h4>\n<p data-start=\"749\" data-end=\"1002\">Im Kern der Formel steht <em data-start=\"782\" data-end=\"796\">Thymochinon<\/em>, eine potente Verbindung im Schwarzk\u00fcmm\u00f6l mit starken antibakteriellen und antimykotischen Wirkungen. Dieser nat\u00fcrliche K\u00e4mpfer bek\u00e4mpft akneverursachende Bakterien, reduziert bestehende Ausbr\u00fcche und verhindert neue.<\/p>\n<h4 data-start=\"1004\" data-end=\"1045\"><strong data-start=\"1009\" data-end=\"1045\">2. Un\u00fcbertroffene \u00d6lkontrolle<\/strong><\/h4>\n<p data-start=\"1046\" data-end=\"1217\">Spezial entworfen f\u00fcr fettige und Mischhaut, hilft diese Creme die Talgproduktion zu regulieren, sodass Ihre Haut frisch und matt bleibt, ohne den st\u00f6renden fettigen Glanz.<\/p>\n<h4 data-start=\"1219\" data-end=\"1255\"><strong data-start=\"1224\" data-end=\"1255\">3. Nat\u00fcrliche antiseptische Kraft<\/strong><\/h4>\n<p data-start=\"1256\" data-end=\"1421\">Dank Inhaltsstoffen wie <em data-start=\"1283\" data-end=\"1297\">Benzoes\u00e4ure<\/em> und <em data-start=\"1302\" data-end=\"1316\">Benzaldehyd<\/em> wirkt diese Creme als nat\u00fcrliches Antiseptikum, das Entz\u00fcndungen reduziert und akneausl\u00f6sende Bakterien abt\u00f6tet.<\/p>\n<h4 data-start=\"1423\" data-end=\"1459\"><strong data-start=\"1428\" data-end=\"1459\">4. F\u00f6rdert Hautregeneration<\/strong><\/h4>\n<p data-start=\"1460\" data-end=\"1612\"><em data-start=\"1460\" data-end=\"1473\">Nigelon-\u00d6l<\/em> st\u00e4rkt die Immunit\u00e4t Ihrer Haut und f\u00f6rdert einen schnelleren Zellumsatz. Verabschieden Sie sich von matter Haut und begr\u00fc\u00dfen Sie strahlende, gesunde Haut.<\/p>\n<h4 data-start=\"1614\" data-end=\"1663\"><strong data-start=\"1619\" data-end=\"1663\">5. Tiefenfeuchtigkeit mit sanfter Ber\u00fchrung<\/strong><\/h4>\n<p data-start=\"1664\" data-end=\"1837\">Angereichert mit <em data-start=\"1677\" data-end=\"1688\">Argan\u00f6l<\/em>, <em data-start=\"1690\" data-end=\"1708\">Aloe-Vera-Pulver<\/em> und <em data-start=\"1714\" data-end=\"1729\">Henna-Extrakt<\/em>, pflegt und hydratisiert diese Creme Ihre Haut nicht nur \u2013 sie hinterl\u00e4sst sie seidenweich und beruhigt.<\/p>\n<h3 data-start=\"1844\" data-end=\"1888\"><strong data-start=\"1848\" data-end=\"1888\">So verwenden Sie die Orgakera Schwarzk\u00fcmmel-Creme<\/strong><\/h3>\n<p data-start=\"1890\" data-end=\"1907\">F\u00fcr beste Ergebnisse:<\/p>\n<ul data-start=\"1908\" data-end=\"2106\">\n<li data-start=\"1908\" data-end=\"1974\">\n<p data-start=\"1910\" data-end=\"1974\">Tragen Sie die Creme auf frisch gereinigte Haut <strong data-start=\"1951\" data-end=\"1973\">2- bis 3-mal t\u00e4glich<\/strong> auf.<\/p>\n<\/li>\n<li data-start=\"1975\" data-end=\"2028\">\n<p data-start=\"1977\" data-end=\"2028\">Massieren Sie sie sanft in die Haut ein, bis sie vollst\u00e4ndig aufgenommen ist.<\/p>\n<\/li>\n<li data-start=\"2029\" data-end=\"2106\">\n<p data-start=\"2031\" data-end=\"2106\">Regelm\u00e4\u00dfige Anwendung gleicht die \u00d6lfproduktion aus und reduziert Ausbr\u00fcche mit der Zeit.<\/p>\n<\/li>\n<\/ul>\n<h3 data-start=\"2113\" data-end=\"2160\"><strong data-start=\"2117\" data-end=\"2160\">Was ist in dieser hautschonenden Formel enthalten?<\/strong><\/h3>\n<ul data-start=\"2162\" data-end=\"2504\">\n<li data-start=\"2162\" data-end=\"2197\">\n<p data-start=\"2164\" data-end=\"2197\"><strong data-start=\"2164\" data-end=\"2197\">Schwarzk\u00fcmm\u00f6l (Thymochinon)<\/strong><\/p>\n<\/li>\n<li data-start=\"2198\" data-end=\"2215\">\n<p data-start=\"2200\" data-end=\"2215\"><strong data-start=\"2200\" data-end=\"2215\">Nigelon-\u00d6l<\/strong><\/p>\n<\/li>\n<li data-start=\"2216\" data-end=\"2249\">\n<p data-start=\"2218\" data-end=\"2249\"><strong data-start=\"2218\" data-end=\"2249\">Argania Spinosa (Argan) \u00d6l<\/strong><\/p>\n<\/li>\n<li data-start=\"2250\" data-end=\"2272\">\n<p data-start=\"2252\" data-end=\"2272\"><strong data-start=\"2252\" data-end=\"2272\">Aloe-Vera-Pulver<\/strong><\/p>\n<\/li>\n<li data-start=\"2273\" data-end=\"2297\">\n<p data-start=\"2275\" data-end=\"2297\"><strong data-start=\"2275\" data-end=\"2297\">Henna-Blattextrakt<\/strong><\/p>\n<\/li>\n<li data-start=\"2298\" data-end=\"2320\">\n<p data-start=\"2300\" data-end=\"2320\"><strong data-start=\"2300\" data-end=\"2320\">Bhringraj-Pulver<\/strong><\/p>\n<\/li>\n<li data-start=\"2321\" data-end=\"2342\">\n<p data-start=\"2323\" data-end=\"2342\"><strong data-start=\"2323\" data-end=\"2342\">Fl\u00fcssiges Paraffin<\/strong><\/p>\n<\/li>\n<li data-start=\"2343\" data-end=\"2356\">\n<p data-start=\"2345\" data-end=\"2356\"><strong data-start=\"2345\" data-end=\"2356\">Bienenhonigwachs<\/strong><\/p>\n<\/li>\n<li data-start=\"2357\" data-end=\"2379\">\n<p data-start=\"2359\" data-end=\"2379\"><strong data-start=\"2359\" data-end=\"2379\">Cetearylalkohol<\/strong><\/p>\n<\/li>\n<li data-start=\"2380\" data-end=\"2405\">\n<p data-start=\"2382\" data-end=\"2405\"><strong data-start=\"2382\" data-end=\"2405\">Isopropylmyristat<\/strong><\/p>\n<\/li>\n<li data-start=\"2406\" data-end=\"2430\">\n<p data-start=\"2408\" data-end=\"2430\"><strong data-start=\"2408\" data-end=\"2430\">Phenyltrimethicon<\/strong><\/p>\n<\/li>\n<li data-start=\"2431\" data-end=\"2454\">\n<p data-start=\"2433\" data-end=\"2454\"><strong data-start=\"2433\" data-end=\"2454\">Benzylsalicylat<\/strong><\/p>\n<\/li>\n<li data-start=\"2455\" data-end=\"2504\">\n<p data-start=\"2457\" data-end=\"2504\"><em data-start=\"2457\" data-end=\"2504\">Und weitere hautfreundliche nat\u00fcrliche Inhaltsstoffe.<\/em><\/p>\n<\/li>\n<\/ul>\n<h3 data-start=\"2511\" data-end=\"2530\"><strong data-start=\"2515\" data-end=\"2530\">Sicherheitshinweise<\/strong><\/h3>\n<ul data-start=\"2532\" data-end=\"2646\">\n<li data-start=\"2532\" data-end=\"2556\">\n<p data-start=\"2534\" data-end=\"2556\">Nur zur \u00e4u\u00dferlichen Anwendung.<\/p>\n<\/li>\n<li data-start=\"2557\" data-end=\"2583\">\n<p data-start=\"2559\" data-end=\"2583\">Vermeiden Sie den Kontakt mit den Augen.<\/p>\n<\/li>\n<li data-start=\"2584\" data-end=\"2616\">\n<p data-start=\"2586\" data-end=\"2616\">Au\u00dfer Reichweite von Kindern aufbewahren.<\/p>\n<\/li>\n<li data-start=\"2617\" data-end=\"2646\">\n<p data-start=\"2619\" data-end=\"2646\">An einem k\u00fchlen, trockenen Ort lagern.<\/p>\n<\/li>\n<\/ul>\n<h3 data-start=\"3147\" data-end=\"3196\"><strong data-start=\"3151\" data-end=\"3196\"> Abschlie\u00dfende Gedanken: Sp\u00fcren Sie die Ver\u00e4nderung<\/strong><\/h3>\n<p data-start=\"3198\" data-end=\"3449\">Wenn Sie es satt haben, mit fettiger Haut und Akne zu k\u00e4mpfen, die nicht vergeht, ist <strong data-start=\"3261\" data-end=\"3290\">Orgakera Schwarzk\u00fcmmel-Creme<\/strong> die L\u00f6sung. Angetrieben von nat\u00fcrlichen Inhaltsstoffen und bew\u00e4hrter Hautwissenschaft liefert diese Creme sichtbare Verbesserungen, w\u00e4hrend sie das nat\u00fcrliche Gleichgewicht Ihrer Haut respektiert.<\/p>\n<p data-start=\"3451\" data-end=\"3580\">Egal ob hartn\u00e4ckige Akne, \u00fcberm\u00e4\u00dfiges \u00d6l oder Mattheit \u2013 diese All-in-One-L\u00f6sung arbeitet mit Ihrer Haut zusammen, nicht gegen sie.<\/p>\n<p data-start=\"3582\" data-end=\"3678\" data-is-last-node=\"\" data-is-only-node=\"\">\ud83d\udc49 <strong data-start=\"3585\" data-end=\"3678\" data-is-last-node=\"\">Probieren Sie die Orgakera Schwarzk\u00fcmmel-Creme heute aus und erleben Sie den Unterschied. Ihre Haut verdient es.<\/strong><\/p>\n<p style=\"text-align: center;\">Vielen Dank, dass Sie bei <em data-start=\"415\" data-end=\"431\"><a href=\"https:\/\/bazaar.express\/de\/\">Bazaar Express<\/a><\/em> einkaufen \u2013 wir freuen uns, Sie dabei zu haben!<\/p>\n<p style=\"text-align: center;\">Ihre Reise zu besserer Selbstpflege beginnt hier \u2013 mit <a href=\"https:\/\/bazaar.express\/product-category\/beauty-care\/\">Beauty &#038; Care<\/a>, auf die Sie sich verlassen k\u00f6nnen.<\/p>\n","protected":false},"excerpt":{"rendered":"<h3 data-start=\"514\" data-end=\"734\">Eine nat\u00fcrliche Pflegecreme mit Schwarzk\u00fcmm\u00f6l, entwickelt zur Bek\u00e4mpfung von Akne, Reduzierung von Fettigkeit und Beruhigung der Haut. Ideal f\u00fcr fettige, aknegef\u00e4hrdete oder Mischhauttypen. Hydratisiert, kl\u00e4rt und verbessert die allgemeine Hautgesundheit.<\/h3>\n","protected":false},"featured_media":38074,"comment_status":"open","ping_status":"closed","template":"","meta":[],"product_brand":[],"product_cat":[962],"product_tag":[1058,988,977],"class_list":{"0":"post-38071","1":"product","2":"type-product","3":"status-publish","4":"has-post-thumbnail","6":"product_cat-beauty-pflege","7":"product_tag-creme","8":"product_tag-massage","9":"product_tag-ol","10":"pa_l-xl-150ml","11":"pa_l-xl-300ml","13":"first","14":"instock","15":"shipping-taxable","16":"purchasable","17":"product-type-variable"},"_links":{"self":[{"href":"https:\/\/bazaar.express\/de\/wp-json\/wp\/v2\/product\/38071","targetHints":{"allow":["GET"]}}],"collection":[{"href":"https:\/\/bazaar.express\/de\/wp-json\/wp\/v2\/product"}],"about":[{"href":"https:\/\/bazaar.express\/de\/wp-json\/wp\/v2\/types\/product"}],"replies":[{"embeddable":true,"href":"https:\/\/bazaar.express\/de\/wp-json\/wp\/v2\/comments?post=38071"}],"wp:featuredmedia":[{"embeddable":true,"href":"https:\/\/bazaar.express\/de\/wp-json\/wp\/v2\/media\/38074"}],"wp:attachment":[{"href":"https:\/\/bazaar.express\/de\/wp-json\/wp\/v2\/media?parent=38071"}],"wp:term":[{"taxonomy":"product_brand","embeddable":true,"href":"https:\/\/bazaar.express\/de\/wp-json\/wp\/v2\/product_brand?post=38071"},{"taxonomy":"product_cat","embeddable":true,"href":"https:\/\/bazaar.express\/de\/wp-json\/wp\/v2\/product_cat?post=38071"},{"taxonomy":"product_tag","embeddable":true,"href":"https:\/\/bazaar.express\/de\/wp-json\/wp\/v2\/product_tag?post=38071"}],"curies":[{"name":"wp","href":"https:\/\/api.w.org\/{rel}","templated":true}]}}