{"id":38083,"date":"2024-12-29T15:44:12","date_gmt":"2024-12-29T15:44:12","guid":{"rendered":"https:\/\/bazaar.express\/product\/kamelmilch-creme-2\/"},"modified":"2025-11-26T13:10:58","modified_gmt":"2025-11-26T13:10:58","slug":"kamelmilch-creme-2","status":"publish","type":"product","link":"https:\/\/bazaar.express\/de\/produkt\/kamelmilch-creme-2\/","title":{"rendered":"Kamelmilch-Creme"},"content":{"rendered":"<h2>Orgakera Kamelmilch-Creme \u2013 Der nat\u00fcrliche Weg, Ihre Haut zu beruhigen, aufzuhellen und zu erneuern<\/h2>\n<h3>Entdecken Sie die n\u00e4hrende Kraft der Kamelmilch in Ihrer t\u00e4glichen Hautpflege<\/h3>\n<p>Ihre Haut verdient die sanfte Ber\u00fchrung der Natur. Mit <strong>Orgakera Kamelmilch-Creme<\/strong> feuchtigen Sie nicht nur \u2013 Sie versorgen Ihre Haut mit reichhaltigen N\u00e4hrstoffen, essenziellen Vitaminen und heilenden nat\u00fcrlichen Extrakten. Kamelmilch wird seit Langem f\u00fcr ihre anti-aging-, entz\u00fcndungshemmenden und hauterneuernden Eigenschaften gesch\u00e4tzt und ist das ideale Inhaltsstoff f\u00fcr einen gesunden, strahlenden Teint.<\/p>\n<p>Von der sanften Abl\u00f6sung bis zur tiefen Feuchtigkeitsversorgung ist diese Creme voller Vorteile f\u00fcr empfindliche, trockene oder gesch\u00e4digte Haut. Egal, ob Sie mit Pigmentflecken, Sonnenbrand oder schuppiger Haut zu k\u00e4mpfen haben, <strong>diese Creme ist Ihre zuverl\u00e4ssige t\u00e4gliche Pflege<\/strong>.<\/p>\n<h3>\u00a0Vorteile der Orgakera Kamelmilch-Creme<\/h3>\n<h4><strong>Sanfte Abl\u00f6sung &#038; Hauterneuerung<\/strong><\/h4>\n<p>Kamelmilch ist eine nat\u00fcrliche Quelle von <strong>Alpha-Hydroxys\u00e4uren (AHAs)<\/strong>, die abgestorbene Hautzellen sanft entfernen und frische, neue Haut zum Vorschein bringen. So erh\u00e4lt Ihr Teint eine glattere Textur und einen strahlenden Ton.<\/p>\n<h4><strong>Vermindert Akne-Narben &#038; Pigmentflecken<\/strong><\/h4>\n<p>Die AHAs und N\u00e4hrstoffe in der Kamelmilch helfen, das Auftreten von <strong>dunklen Flecken, Akne-Narben und ungleichm\u00e4\u00dfigem Hautton<\/strong> zu reduzieren, sodass Ihr Gesicht mit der Zeit sichtbar klarer wird.<\/p>\n<h4><strong>Feuchtet &#038; Erweicht<\/strong><\/h4>\n<p>Reich an <strong>Lanolin und essenziellen Fetts\u00e4uren<\/strong>, schlie\u00dft diese Creme Feuchtigkeit ein und bildet eine beruhigende Barriere f\u00fcr trockene oder gereizte Haut. Ideal f\u00fcr raues Wetter oder nach Sonneneinwirkung.<\/p>\n<h4><strong>Entz\u00fcndungshemmende Linderung<\/strong><\/h4>\n<p>Die entz\u00fcndungshemmenden Eigenschaften der Kamelmilch eignen sich perfekt, um <strong>Sonnenbr\u00e4nde, R\u00f6tungen oder empfindliche Hautzust\u00e4nde<\/strong> zu beruhigen und schnelle Linderung sowie sichtbaren Komfort zu bieten.<\/p>\n<h4><strong>N\u00e4hrstoffreiche Feuchtigkeitsversorgung<\/strong><\/h4>\n<p>Formuliert mit <strong>Vitaminen A, E und B<\/strong>, f\u00f6rdert diese Creme die Elastizit\u00e4t, unterst\u00fctzt die Hautregeneration und verbessert die langfristige Hautgesundheit.<\/p>\n<h3>\u00a0Gef\u00fcllt mit nat\u00fcrlicher G\u00fcte<\/h3>\n<p>Jedes Glas Orgakera Kamelmilch-Creme ist mit einer luxuri\u00f6sen Mischung hautverbessernder Inhaltsstoffe formuliert:<\/p>\n<ul>\n<li><strong>Kamelmilch<\/strong><\/li>\n<li><strong>Jojoba\u00f6l<\/strong><\/li>\n<li><strong>Schwarzk\u00fcmmel\u00f6l<\/strong><\/li>\n<li><strong>Kokos\u00f6l<\/strong><\/li>\n<li><strong>Kamillenextrakt<\/strong><\/li>\n<li><strong>Sheabutter<\/strong><\/li>\n<li><strong>Argan\u00f6l<\/strong><\/li>\n<li><strong>Reiskleie\u00f6l<\/strong><\/li>\n<li><strong>Weizenkeim\u00f6l<\/strong><\/li>\n<li><strong>Zinkoxid<\/strong><\/li>\n<li><strong>Vitamin A, B5, E<\/strong><\/li>\n<li><strong>Worxhel\u00f6l<\/strong><\/li>\n<li><strong>Kaviarextrakt<\/strong><\/li>\n<li><strong>Kollagen<\/strong><\/li>\n<li><strong>Oliven\u00f6l<\/strong><\/li>\n<li><strong>Aloe-Vera-Extrakt<\/strong><\/li>\n<li><strong>Parf\u00fcmiertes Wasser<\/strong><\/li>\n<\/ul>\n<p>Zusammen wirken diese Inhaltsstoffe harmonisch, um Ihre Haut zu feuchtigen, wiederherzustellen und zu sch\u00fctzen \u2013 nat\u00fcrlich.<\/p>\n<h3>\u00a0Anwendung<\/h3>\n<p>F\u00fcr beste Ergebnisse tragen Sie <strong>Orgakera Kamelmilch-Creme<\/strong> auf gereinigte, trockene Haut <strong>2\u20133 Mal t\u00e4glich<\/strong> auf, insbesondere auf Bereiche mit Trockenheit oder Reizungen. Massieren Sie sanft, bis sie vollst\u00e4ndig eingezogen ist.<\/p>\n<h3>\u00a0Warnhinweise<\/h3>\n<ul>\n<li>Nur zur <strong>\u00e4u\u00dferen Anwendung<\/strong><\/li>\n<li><strong>Kontakt mit den Augen<\/strong> vermeiden<\/li>\n<li>Au\u00dferhalb der <strong>Reichweite von Kindern<\/strong> aufbewahren<\/li>\n<li>An einem <strong>k\u00fchlen, trockenen Ort<\/strong> lagern<\/li>\n<\/ul>\n<h3>\u00a0Zusammenfassung<\/h3>\n<p>Mit <strong>Orgakera Kamelmilch-Creme<\/strong> geben Sie Ihrer Haut mehr als nur Feuchtigkeit \u2013 Sie schenken ihr Heilung, Schutz und dauerhafte Sch\u00f6nheit. Egal, ob Sie mit trockenen Stellen, Tristheit oder Empfindlichkeit k\u00e4mpfen, diese Creme bietet einen sanften, aber effektiven Weg, Ihren nat\u00fcrlichen Glanz wiederherzustellen.<\/p>\n<p><strong>W\u00e4hlen Sie Orgakera Kamelmilch f\u00fcr ges\u00fcndere, gl\u00fccklichere Haut \u2013 nat\u00fcrlich.<\/strong><\/p>\n<p>&nbsp;<\/p>\n<p style=\"text-align: center;\">Vielen Dank, dass Sie bei <em data-start=\"415\" data-end=\"431\"><a href=\"https:\/\/bazaar.express\/de\/\">Bazaar Express<\/a><\/em> einkaufen \u2013 wir freuen uns, Sie dabei zu haben!<\/p>\n<p style=\"text-align: center;\">Ihre Reise zu besserer Selbstpflege beginnt hier \u2013 mit vertrauensw\u00fcrdiger <a href=\"https:\/\/bazaar.express\/product-category\/beauty-care\/\">Beauty &#038; Care<\/a>.<\/p>\n<hr \/>\n","protected":false},"excerpt":{"rendered":"<h3>Eine n\u00e4hrstoffreiche Creme mit Kamelmilch, AHAs und pflanzlichen \u00d6len, um abzusch\u00e4len, zu feuchtigen und empfindliche oder trockene Haut zu beruhigen. Ideal f\u00fcr Pigmentierung, Sonnenbrand und Hauterneuerung.<\/h3>\n","protected":false},"featured_media":38085,"comment_status":"open","ping_status":"closed","template":"","meta":[],"product_brand":[],"product_cat":[962],"product_tag":[1058,1064,977],"class_list":{"0":"post-38083","1":"product","2":"type-product","3":"status-publish","4":"has-post-thumbnail","6":"product_cat-beauty-pflege","7":"product_tag-creme","8":"product_tag-kamelmilch-creme","9":"product_tag-ol","10":"pa_l-xl-150ml","11":"pa_l-xl-300ml","13":"first","14":"instock","15":"shipping-taxable","16":"purchasable","17":"product-type-variable"},"_links":{"self":[{"href":"https:\/\/bazaar.express\/de\/wp-json\/wp\/v2\/product\/38083","targetHints":{"allow":["GET"]}}],"collection":[{"href":"https:\/\/bazaar.express\/de\/wp-json\/wp\/v2\/product"}],"about":[{"href":"https:\/\/bazaar.express\/de\/wp-json\/wp\/v2\/types\/product"}],"replies":[{"embeddable":true,"href":"https:\/\/bazaar.express\/de\/wp-json\/wp\/v2\/comments?post=38083"}],"wp:featuredmedia":[{"embeddable":true,"href":"https:\/\/bazaar.express\/de\/wp-json\/wp\/v2\/media\/38085"}],"wp:attachment":[{"href":"https:\/\/bazaar.express\/de\/wp-json\/wp\/v2\/media?parent=38083"}],"wp:term":[{"taxonomy":"product_brand","embeddable":true,"href":"https:\/\/bazaar.express\/de\/wp-json\/wp\/v2\/product_brand?post=38083"},{"taxonomy":"product_cat","embeddable":true,"href":"https:\/\/bazaar.express\/de\/wp-json\/wp\/v2\/product_cat?post=38083"},{"taxonomy":"product_tag","embeddable":true,"href":"https:\/\/bazaar.express\/de\/wp-json\/wp\/v2\/product_tag?post=38083"}],"curies":[{"name":"wp","href":"https:\/\/api.w.org\/{rel}","templated":true}]}}