{"id":38103,"date":"2024-12-18T16:11:13","date_gmt":"2024-12-18T16:11:13","guid":{"rendered":"https:\/\/bazaar.express\/product\/koloquinte-massagecreme\/"},"modified":"2026-03-01T20:41:08","modified_gmt":"2026-03-01T20:41:08","slug":"koloquinte-massagecreme","status":"publish","type":"product","link":"https:\/\/bazaar.express\/de\/produkt\/koloquinte-massagecreme\/","title":{"rendered":"Koloquinte Massagecreme"},"content":{"rendered":"<h2 data-start=\"161\" data-end=\"258\"><strong data-start=\"164\" data-end=\"258\">Lotus Massage Koloquinte Creme \u2013 Nat\u00fcrliche Koloquinte-Massage zur Linderung von Gelenkschmerzen und Muskelentspannung<\/strong><\/h2>\n<h3 data-start=\"260\" data-end=\"331\"><strong data-start=\"264\" data-end=\"331\">Erleben Sie beruhigende nat\u00fcrliche Linderung mit Koloquinte Massagecreme<\/strong><\/h3>\n<p data-start=\"333\" data-end=\"805\">Wenn Sie mit Gelenkschmerzen, Muskelverspannungen oder chronischen Entz\u00fcndungen zu k\u00e4mpfen haben, ist <strong data-start=\"412\" data-end=\"445\">Lotus Massage Koloquinte Creme<\/strong> Ihre zuverl\u00e4ssige L\u00f6sung. Speziell f\u00fcr nat\u00fcrliche Schmerzlinderung entwickelt, verbindet diese Creme die kraftvollen Vorteile der <strong data-start=\"559\" data-end=\"580\">Koloquinte-Massage<\/strong>-Therapie mit einer Mischung aus therapeutischen Kr\u00e4uter\u00f6len, um schmerzhafte Muskeln und Gelenke zu beruhigen, zu pflegen und zu regenerieren. Ob Sie Sportler sind oder mit Arthritis oder Ischias zu tun haben \u2013 diese Creme bietet schnelle und langanhaltende Erleichterung.<\/p>\n<h3 data-start=\"812\" data-end=\"868\"><strong data-start=\"816\" data-end=\"868\">Was macht die Koloquinte Massagecreme so wirksam?<\/strong><\/h3>\n<h4 data-start=\"870\" data-end=\"910\"><strong data-start=\"875\" data-end=\"910\">Nat\u00fcrliche entz\u00fcndungshemmende Kraft<\/strong><\/h4>\n<p data-start=\"912\" data-end=\"1079\">Koloquinte, auch als Bitterapfel bekannt, ist reich an entz\u00fcndungshemmenden Verbindungen. Sie reduziert Schwellungen in Gelenken und Muskeln und hilft bei akuter Arthritis und Rheumatismus.<\/p>\n<h4 data-start=\"1081\" data-end=\"1131\"><strong data-start=\"1086\" data-end=\"1131\">Ge zielte Schmerzlinderung f\u00fcr Gelenke und Muskeln<\/strong><\/h4>\n<p data-start=\"1133\" data-end=\"1334\">Dank ihrer potenten Formel bietet diese Creme sofortige Erleichterung, indem sie tief in die Haut eindringt und den Schmerz an der Wurzel bek\u00e4mpft. Sie ist ideal f\u00fcr R\u00fcckenschmerzen, Knie Steifheit, Nackenschmerzen und mehr.<\/p>\n<h4 data-start=\"1336\" data-end=\"1384\"><strong data-start=\"1341\" data-end=\"1384\">Verbesserte Durchblutung f\u00fcr schnellere Heilung<\/strong><\/h4>\n<p data-start=\"1386\" data-end=\"1532\">Mit Eukalyptus- und Zimt\u00f6len angereichert, regt die Creme die Blutzirkulation an, unterst\u00fctzt die schnellere Erholung des K\u00f6rpers und reduziert Muskelerm\u00fcdung.<\/p>\n<h4 data-start=\"1534\" data-end=\"1577\"><strong data-start=\"1539\" data-end=\"1577\">Lindert Muskelkr\u00e4mpfe und Ischias<\/strong><\/h4>\n<p data-start=\"1579\" data-end=\"1746\">Sp\u00fcren Sie die k\u00fchlende Linderung des Pfefferminzextrakts und die beruhigende Wirkung des Traubenkern\u00f6ls. Diese Inhaltsstoffe l\u00f6sen Verspannungen und unterst\u00fctzen die Nervenentspannung bei Ischias-Schmerzen.<\/p>\n<h3 data-start=\"1753\" data-end=\"1809\"><strong data-start=\"1757\" data-end=\"1809\">Wichtige Inhaltsstoffe in der Lotus Koloquinte Massagecreme<\/strong><\/h3>\n<ul data-start=\"1811\" data-end=\"2360\">\n<li data-start=\"1811\" data-end=\"1898\">\n<p data-start=\"1813\" data-end=\"1898\"><strong data-start=\"1813\" data-end=\"1834\">Koloquinte-Extrakt<\/strong> \u2013 Nat\u00fcrlicher Entz\u00fcndungsk\u00e4mpfer f\u00fcr Arthritis und Gelenkprobleme<\/p>\n<\/li>\n<li data-start=\"1899\" data-end=\"1970\">\n<p data-start=\"1901\" data-end=\"1970\"><strong data-start=\"1901\" data-end=\"1915\">Muskat\u00f6l<\/strong> \u2013 Lindert Muskelverspannungen und f\u00f6rdert Schmerzlinderung<\/p>\n<\/li>\n<li data-start=\"1971\" data-end=\"2062\">\n<p data-start=\"1973\" data-end=\"2062\"><strong data-start=\"1973\" data-end=\"2000\">Fenchel- &#038; Kreuzk\u00fcmmel-Extrakte<\/strong> \u2013 Beruhigen Muskelkr\u00e4mpfe und unterst\u00fctzen die Erholung nach dem Training<\/p>\n<\/li>\n<li data-start=\"2063\" data-end=\"2128\">\n<p data-start=\"2065\" data-end=\"2128\"><strong data-start=\"2065\" data-end=\"2083\">Eukalyptus\u00f6l<\/strong> \u2013 Lindert Gelenkschmerzen und reduziert Steifheit<\/p>\n<\/li>\n<li data-start=\"2129\" data-end=\"2212\">\n<p data-start=\"2131\" data-end=\"2212\"><strong data-start=\"2131\" data-end=\"2160\">Nelken- &#038; Zimt\u00f6le<\/strong> \u2013 Verbessern die Durchblutung und sorgen f\u00fcr wohltuende W\u00e4rme<\/p>\n<\/li>\n<li data-start=\"2213\" data-end=\"2273\">\n<p data-start=\"2215\" data-end=\"2273\"><strong data-start=\"2215\" data-end=\"2233\">Traubenkern\u00f6l<\/strong> \u2013 Pflegt die Haut und reduziert Schwellungen<\/p>\n<\/li>\n<li data-start=\"2274\" data-end=\"2360\">\n<p data-start=\"2276\" data-end=\"2360\"><strong data-start=\"2276\" data-end=\"2298\">Pfefferminzextrakt<\/strong> \u2013 Bietet eine erfrischende K\u00fchlung und beruhigt die Nerven<\/p>\n<\/li>\n<\/ul>\n<h3 data-start=\"2367\" data-end=\"2409\"><strong data-start=\"2371\" data-end=\"2409\">So verwenden Sie die Koloquinte Massagecreme<\/strong><\/h3>\n<ol data-start=\"2411\" data-end=\"2734\">\n<li data-start=\"2411\" data-end=\"2486\">\n<p data-start=\"2414\" data-end=\"2486\">Tragen Sie eine gro\u00dfz\u00fcgige Menge auf das betroffene Gebiet (Gelenke, Muskeln oder R\u00fccken) auf.<\/p>\n<\/li>\n<li data-start=\"2487\" data-end=\"2554\">\n<p data-start=\"2490\" data-end=\"2554\">Massieren Sie 10 Minuten lang kreisf\u00f6rmig, bis die Creme vollst\u00e4ndig eingezogen ist.<\/p>\n<\/li>\n<li data-start=\"2555\" data-end=\"2622\">\n<p data-start=\"2558\" data-end=\"2622\">Verwenden Sie <strong data-start=\"2562\" data-end=\"2577\">zweimal t\u00e4glich<\/strong> \u2013 morgens und abends \u2013 f\u00fcr optimale Ergebnisse.<\/p>\n<\/li>\n<li data-start=\"2623\" data-end=\"2734\">\n<p data-start=\"2626\" data-end=\"2734\">Zur Behandlung von <strong data-start=\"2635\" data-end=\"2648\">Kopfschmerzen<\/strong> tragen Sie eine kleine Menge auf die Stirn auf und massieren Sie sanft 5 Minuten lang (Augen vermeiden).<\/p>\n<\/li>\n<\/ol>\n<h3 data-start=\"2741\" data-end=\"2771\"><strong data-start=\"2745\" data-end=\"2771\">Vorsichtsma\u00dfnahmen vor der Anwendung<\/strong><\/h3>\n<ul data-start=\"2773\" data-end=\"3065\">\n<li data-start=\"2773\" data-end=\"2799\">\n<p data-start=\"2775\" data-end=\"2799\">Nur zur \u00e4u\u00dferlichen Anwendung.<\/p>\n<\/li>\n<li data-start=\"2800\" data-end=\"2849\">\n<p data-start=\"2802\" data-end=\"2849\">Vermeiden Sie Kontakt mit Augen und Schleimh\u00e4uten.<\/p>\n<\/li>\n<li data-start=\"2850\" data-end=\"2894\">\n<p data-start=\"2852\" data-end=\"2894\">Nicht auf verletzter oder entz\u00fcndeter Haut auftragen.<\/p>\n<\/li>\n<li data-start=\"2895\" data-end=\"2929\">\n<p data-start=\"2897\" data-end=\"2929\">Au\u00dfer Reichweite von Kindern aufbewahren.<\/p>\n<\/li>\n<li data-start=\"2930\" data-end=\"3006\">\n<p data-start=\"2932\" data-end=\"3006\">Bei Reizungen die Anwendung abbrechen und einen Arzt konsultieren.<\/p>\n<\/li>\n<li data-start=\"3007\" data-end=\"3065\">\n<p data-start=\"3009\" data-end=\"3065\">Schwanger oder stillend? Sprechen Sie zuerst mit Ihrem Arzt.<\/p>\n<\/li>\n<\/ul>\n<h3 data-start=\"3464\" data-end=\"3531\"><strong data-start=\"3468\" data-end=\"3531\">Schluss: Sp\u00fcren Sie die Kraft der Natur mit Koloquinte-Massage<\/strong><\/h3>\n<p data-start=\"3533\" data-end=\"3908\">Lotus Massage Koloquinte Creme bietet Ihnen eine nat\u00fcrliche, wirksame M\u00f6glichkeit, allt\u00e4gliche Schmerzen und Beschwerden zu bew\u00e4ltigen. Ob Sie chronische Erkrankungen wie Arthritis managen oder Erholung nach dem Training ben\u00f6tigen \u2013 die <strong data-start=\"3722\" data-end=\"3743\">Koloquinte-Massage<\/strong>-Therapie in Cremeform hilft, nat\u00fcrliches Gleichgewicht und Wohlbefinden wiederherzustellen. Lassen Sie Schmerzen Sie nicht bremsen \u2013 pflegen Sie Ihren K\u00f6rper mit der Ber\u00fchrung der Natur und sp\u00fcren Sie den Unterschied bereits heute.<\/p>\n<p data-start=\"3910\" data-end=\"3997\"><strong data-start=\"3910\" data-end=\"3997\">Probieren Sie Lotus Massage Koloquinte Creme jetzt aus und genie\u00dfen Sie schmerzfreies Leben \u2013 auf nat\u00fcrliche Weise!<\/strong><\/p>\n<p style=\"text-align: center;\">Vielen Dank, dass Sie bei <em data-start=\"415\" data-end=\"431\"><a href=\"https:\/\/bazaar.express\/de\/\">Bazaar Express<\/a><\/em> einkaufen \u2013 wir freuen uns, Sie bei uns zu haben!<\/p>\n<p style=\"text-align: center;\">Ihre Reise zu besserer Selbstpflege beginnt hier \u2013 mit vertrauensw\u00fcrdiger <a href=\"https:\/\/bazaar.express\/product-category\/beauty-care\/\">Beauty &#038; Care<\/a>.<\/p>\n","protected":false},"excerpt":{"rendered":"<h3 data-start=\"398\" data-end=\"691\">Lotus Massage Koloquinte Creme bietet kraftvolle, nat\u00fcrliche Linderung bei Gelenkentz\u00fcndungen, Arthritis und Muskel-Schmerzen. Angereichert mit Koloquinte, Eukalyptus\u00f6l und Pfefferminze, lindert sie Steifheit, f\u00f6rdert die Durchblutung und l\u00f6st Kr\u00e4mpfe. Ideal f\u00fcr Sportler und alle, die schnelle, nat\u00fcrliche Erholung brauchen.<\/h3>\n","protected":false},"featured_media":38105,"comment_status":"open","ping_status":"closed","template":"","meta":[],"product_brand":[],"product_cat":[962],"product_tag":[1058,1065,988],"class_list":{"0":"post-38103","1":"product","2":"type-product","3":"status-publish","4":"has-post-thumbnail","6":"product_cat-beauty-pflege","7":"product_tag-creme","8":"product_tag-gelenkcreme","9":"product_tag-massage","10":"pa_l-xl-150gm","12":"first","13":"instock","14":"sale","15":"shipping-taxable","16":"purchasable","17":"product-type-simple"},"_links":{"self":[{"href":"https:\/\/bazaar.express\/de\/wp-json\/wp\/v2\/product\/38103","targetHints":{"allow":["GET"]}}],"collection":[{"href":"https:\/\/bazaar.express\/de\/wp-json\/wp\/v2\/product"}],"about":[{"href":"https:\/\/bazaar.express\/de\/wp-json\/wp\/v2\/types\/product"}],"replies":[{"embeddable":true,"href":"https:\/\/bazaar.express\/de\/wp-json\/wp\/v2\/comments?post=38103"}],"wp:featuredmedia":[{"embeddable":true,"href":"https:\/\/bazaar.express\/de\/wp-json\/wp\/v2\/media\/38105"}],"wp:attachment":[{"href":"https:\/\/bazaar.express\/de\/wp-json\/wp\/v2\/media?parent=38103"}],"wp:term":[{"taxonomy":"product_brand","embeddable":true,"href":"https:\/\/bazaar.express\/de\/wp-json\/wp\/v2\/product_brand?post=38103"},{"taxonomy":"product_cat","embeddable":true,"href":"https:\/\/bazaar.express\/de\/wp-json\/wp\/v2\/product_cat?post=38103"},{"taxonomy":"product_tag","embeddable":true,"href":"https:\/\/bazaar.express\/de\/wp-json\/wp\/v2\/product_tag?post=38103"}],"curies":[{"name":"wp","href":"https:\/\/api.w.org\/{rel}","templated":true}]}}