{"id":38144,"date":"2024-12-17T21:39:00","date_gmt":"2024-12-17T21:39:00","guid":{"rendered":"https:\/\/bazaar.express\/product\/eukalyptusoel\/"},"modified":"2024-12-17T21:39:00","modified_gmt":"2024-12-17T21:39:00","slug":"eukalyptusoel","status":"publish","type":"product","link":"https:\/\/bazaar.express\/de\/produkt\/eukalyptusoel\/","title":{"rendered":"Eukalyptus\u00f6l"},"content":{"rendered":"<h2 data-start=\"147\" data-end=\"218\">Lotus Eukalyptus\u00f6l \u2013 Nat\u00fcrliche Linderung f\u00fcr Schmerzen, Atmung und mehr<\/h2>\n<h3 data-start=\"220\" data-end=\"256\"> Was ist Lotus Eukalyptus\u00f6l?<\/h3>\n<p data-start=\"258\" data-end=\"686\">Lotus Eukalyptus\u00f6l ist ein starkes \u00e4therisches \u00d6l, das aus den Bl\u00e4ttern von Eukalyptus-B\u00e4umen gewonnen wird, die in den tropischen Andenw\u00e4ldern S\u00fcdamerikas heimisch sind. Seit Jahrhunderten in der traditionellen Medizin gesch\u00e4tzt, ist dieses therapeutische \u00d6l bekannt f\u00fcr seine tiefe Wirkung auf Muskel- und Gelenkschmerzen, die Atemgesundheit und den Kreislauf. Mit seinem hohen Gehalt an <strong data-start=\"597\" data-end=\"621\">Eukalyptol (Cineol)<\/strong> sorgt es f\u00fcr einen frischen, scharfen Duft und eine Welle nat\u00fcrlicher Heilung.<\/p>\n<h3 data-start=\"693\" data-end=\"749\"> Starke nat\u00fcrliche Schmerzlinderung f\u00fcr Gelenke und Muskeln<\/h3>\n<p data-start=\"751\" data-end=\"1108\">Dieses \u00d6l bietet sofortige und effektive Linderung bei Gelenkschmerzen, Muskelkr\u00e4mpfen, Steifheit und Entz\u00fcndungen. Egal ob Arthritis, Rheuma oder Verspannungen nach k\u00f6rperlicher Aktivit\u00e4t \u2013 die Anwendung von <strong data-start=\"955\" data-end=\"979\">Lotus Eukalyptus\u00f6l<\/strong> lindert Unwohlsein und unterst\u00fctzt eine schnellere Erholung. Es reguliert nat\u00fcrlicherweise Nervenreaktionen und reduziert Spannungen in den betroffenen Bereichen.<\/p>\n<h3 data-start=\"1115\" data-end=\"1152\"> Unterst\u00fctzt die Atemgesundheit<\/h3>\n<p data-start=\"1154\" data-end=\"1431\">K\u00e4mpfen Sie mit Asthma, Bronchitis oder Nasenverstopfung? Dieses Eukalyptus\u00f6l kann durch Dampfinhalation oder Massage auf der Brust eingeatmet werden, um die Atemwege zu \u00f6ffnen, Entz\u00fcndungen zu lindern und ein freieres Atmen zu f\u00f6rdern. Es ist ein bew\u00e4hrtes Mittel gegen Erk\u00e4ltungen und saisonale Atemprobleme.<\/p>\n<h3 data-start=\"1438\" data-end=\"1475\"> F\u00f6rdert den Kreislauf und die Heilung<\/h3>\n<p data-start=\"1477\" data-end=\"1710\">Reich an medizinischen Verbindungen wie <strong data-start=\"1510\" data-end=\"1570\">Chinchin, Chinin, Alkaloiden und Chinchono-Fulvins\u00e4ure<\/strong>, regt dieses \u00d6l den Blutkreislauf an. Ein verbesserter Blutfluss beschleunigt die Heilung, erh\u00f6ht die Sauerstoffversorgung der Gewebe und reduziert M\u00fcdigkeit.<\/p>\n<h3 data-start=\"1717\" data-end=\"1735\"> Wichtige Vorteile<\/h3>\n<ul data-start=\"1737\" data-end=\"2096\">\n<li data-start=\"1737\" data-end=\"1845\">\n<p data-start=\"1739\" data-end=\"1845\"><strong data-start=\"1739\" data-end=\"1770\">Linderung von Gelenk- und Muskelschmerzen:<\/strong> Lindert Steifheit, Entz\u00fcndungen und Schmerzen durch Arthritis oder Verletzungen.<\/p>\n<\/li>\n<li data-start=\"1846\" data-end=\"1928\">\n<p data-start=\"1848\" data-end=\"1928\"><strong data-start=\"1848\" data-end=\"1871\">Atemlinderung:<\/strong> Hilft bei Verstopfung, Asthma und Bronchialreizungen.<\/p>\n<\/li>\n<li data-start=\"1929\" data-end=\"2004\">\n<p data-start=\"1931\" data-end=\"2004\"><strong data-start=\"1931\" data-end=\"1955\">Kreislauf-Booster:<\/strong> Verbessert den Blutfluss und beschleunigt die Erholungszeit.<\/p>\n<\/li>\n<li data-start=\"2005\" data-end=\"2096\">\n<p data-start=\"2007\" data-end=\"2096\"><strong data-start=\"2007\" data-end=\"2028\">Vielseitig:<\/strong> Kann f\u00fcr Mundpflege (verd\u00fcnnt), Hautmassage oder Aromatherapie verwendet werden.<\/p>\n<\/li>\n<\/ul>\n<h3 data-start=\"2103\" data-end=\"2125\"> Wichtige Inhaltsstoffe<\/h3>\n<ul data-start=\"2127\" data-end=\"2419\">\n<li data-start=\"2127\" data-end=\"2203\">\n<p data-start=\"2129\" data-end=\"2203\"><strong data-start=\"2129\" data-end=\"2153\">Eukalyptol (Cineol)<\/strong> \u2013 F\u00fcr entz\u00fcndungshemmende und abschwellende Wirkung<\/p>\n<\/li>\n<li data-start=\"2204\" data-end=\"2283\">\n<p data-start=\"2206\" data-end=\"2283\"><strong data-start=\"2206\" data-end=\"2240\">Chinchin- und Chinin-Alkaloide<\/strong> \u2013 Zur Schmerzlinderung und F\u00f6rderung des Kreislaufs<\/p>\n<\/li>\n<li data-start=\"2284\" data-end=\"2357\">\n<p data-start=\"2286\" data-end=\"2357\"><strong data-start=\"2286\" data-end=\"2316\">Chinchonidin und Fulvins\u00e4ure<\/strong> \u2013 F\u00fcr tiefere Heilung und Entgiftungseffekte<\/p>\n<\/li>\n<li data-start=\"2358\" data-end=\"2419\">\n<p data-start=\"2360\" data-end=\"2419\"><strong data-start=\"2360\" data-end=\"2377\">Snotanik-S\u00e4ure<\/strong> \u2013 Tr\u00e4gt zu antibakteriellen Eigenschaften bei<\/p>\n<\/li>\n<\/ul>\n<h3 data-start=\"2426\" data-end=\"2443\"> So verwenden<\/h3>\n<p data-start=\"2445\" data-end=\"2576\"><strong data-start=\"2445\" data-end=\"2473\">Bei Gelenk- und Muskelschmerzen:<\/strong><br data-start=\"2473\" data-end=\"2476\" \/>Tragen Sie ein paar Tropfen auf die betroffene Stelle auf und massieren Sie 4 Minuten lang kreisf\u00f6rmig vor dem Schlafengehen ein.<\/p>\n<p data-start=\"2578\" data-end=\"2703\"><strong data-start=\"2578\" data-end=\"2605\">Bei Atembeschwerden:<\/strong><br data-start=\"2605\" data-end=\"2608\" \/>Reiben Sie es vor dem Schlafengehen auf Brust und Hals oder geben Sie ein paar Tropfen in hei\u00dfes Wasser und inhalieren Sie den Dampf.<\/p>\n<p data-start=\"2705\" data-end=\"2814\"><strong data-start=\"2705\" data-end=\"2744\">Bei Zahnschmerzen (Mundsp\u00fclung):<\/strong><br data-start=\"2744\" data-end=\"2747\" \/>Mischen Sie 5\u20138 Tropfen in ein Mundwasser und sp\u00fclen Sie zweimal t\u00e4glich. Nicht schlucken.<\/p>\n<h3 data-start=\"2821\" data-end=\"2839\"> Vorsichtsma\u00dfnahmen<\/h3>\n<ul data-start=\"2841\" data-end=\"3065\">\n<li data-start=\"2841\" data-end=\"2901\">\n<p data-start=\"2843\" data-end=\"2901\">Vermeiden Sie es bei <strong data-start=\"2861\" data-end=\"2884\">hohem Blutdruck<\/strong> oder <strong data-start=\"2888\" data-end=\"2900\">Diabetes<\/strong>.<\/p>\n<\/li>\n<li data-start=\"2902\" data-end=\"2958\">\n<p data-start=\"2904\" data-end=\"2958\">Nicht empfohlen w\u00e4hrend der <strong data-start=\"2927\" data-end=\"2957\">Schwangerschaft oder Stillzeit<\/strong>.<\/p>\n<\/li>\n<li data-start=\"2959\" data-end=\"3010\">\n<p data-start=\"2961\" data-end=\"3010\">F\u00fchren Sie vor der vollst\u00e4ndigen Anwendung einen <strong data-start=\"2971\" data-end=\"2985\">Hauttest<\/strong> durch.<\/p>\n<\/li>\n<\/ul>\n<h3 data-start=\"3382\" data-end=\"3404\"> Abschlie\u00dfende Gedanken<\/h3>\n<p data-start=\"3406\" data-end=\"3696\"><strong data-start=\"3406\" data-end=\"3430\">Lotus Eukalyptus\u00f6l<\/strong> ist mehr als ein Produkt \u2013 es ist ein vollst\u00e4ndiges Wohlbefindens-Erlebnis. Ob Sie nat\u00fcrliche Schmerzlinderung, Atemkomfort oder einen belebenden Duft suchen, dieses \u00d6l bietet sichere und effektive Vorteile aus der Natur. Integrieren Sie es in Ihren Alltag und sp\u00fcren Sie den Unterschied.<\/p>\n<p style=\"text-align: center;\">Vielen Dank, dass Sie bei <em data-start=\"415\" data-end=\"431\"><a href=\"https:\/\/bazaar.express\/de\/\">Bazaar Express<\/a><\/em> einkaufen \u2013 wir freuen uns, Sie dabei zu haben!<\/p>\n<p style=\"text-align: center;\">Sp\u00fcren Sie die Kraft der Natur \u2014 reine <a href=\"https:\/\/bazaar.express\/de\/therapeutic-oils\/\">Therapeutische \u00d6le<\/a> f\u00fcr den t\u00e4glichen Wohlbefinden.<\/p>\n","protected":false},"excerpt":{"rendered":"<h3 data-start=\"391\" data-end=\"706\">Lotus Eukalyptus\u00f6l ist ein starkes \u00e4therisches \u00d6l, bekannt f\u00fcr seine wirksame schmerzlindernde und atemf\u00f6rdernde Wirkung. Mit hohem Eukalyptol-Gehalt und medizinischen Alkaloiden lindert es Muskelverspannungen, lockert Gelenke, beseitigt Verstopfungen und f\u00f6rdert den Kreislauf \u2013 ein nat\u00fcrlicher Muss f\u00fcr Ihre Heim-Wellness-Routine.<\/h3>\n","protected":false},"featured_media":38146,"comment_status":"open","ping_status":"closed","template":"","meta":[],"product_brand":[],"product_cat":[963,962],"product_tag":[1058,978,977],"class_list":{"0":"post-38144","1":"product","2":"type-product","3":"status-publish","4":"has-post-thumbnail","6":"product_cat-therapeutische-ole","7":"product_cat-beauty-pflege","8":"product_tag-creme","9":"product_tag-naturliches-ol","10":"product_tag-ol","11":"pa_l-xl-125ml","12":"pa_l-xl-250ml","13":"pa_l-xl-60ml","15":"first","16":"instock","17":"sale","18":"shipping-taxable","19":"purchasable","20":"product-type-variable"},"_links":{"self":[{"href":"https:\/\/bazaar.express\/de\/wp-json\/wp\/v2\/product\/38144","targetHints":{"allow":["GET"]}}],"collection":[{"href":"https:\/\/bazaar.express\/de\/wp-json\/wp\/v2\/product"}],"about":[{"href":"https:\/\/bazaar.express\/de\/wp-json\/wp\/v2\/types\/product"}],"replies":[{"embeddable":true,"href":"https:\/\/bazaar.express\/de\/wp-json\/wp\/v2\/comments?post=38144"}],"wp:featuredmedia":[{"embeddable":true,"href":"https:\/\/bazaar.express\/de\/wp-json\/wp\/v2\/media\/38146"}],"wp:attachment":[{"href":"https:\/\/bazaar.express\/de\/wp-json\/wp\/v2\/media?parent=38144"}],"wp:term":[{"taxonomy":"product_brand","embeddable":true,"href":"https:\/\/bazaar.express\/de\/wp-json\/wp\/v2\/product_brand?post=38144"},{"taxonomy":"product_cat","embeddable":true,"href":"https:\/\/bazaar.express\/de\/wp-json\/wp\/v2\/product_cat?post=38144"},{"taxonomy":"product_tag","embeddable":true,"href":"https:\/\/bazaar.express\/de\/wp-json\/wp\/v2\/product_tag?post=38144"}],"curies":[{"name":"wp","href":"https:\/\/api.w.org\/{rel}","templated":true}]}}