{"id":38298,"date":"2024-12-25T02:19:59","date_gmt":"2024-12-25T02:19:59","guid":{"rendered":"https:\/\/bazaar.express\/product\/sichere-schnorchelmaske-fuer-kinder\/"},"modified":"2024-12-25T02:19:59","modified_gmt":"2024-12-25T02:19:59","slug":"sichere-schnorchelmaske-fuer-kinder","status":"publish","type":"product","link":"https:\/\/bazaar.express\/de\/produkt\/sichere-schnorchelmaske-fuer-kinder\/","title":{"rendered":"Sichere Schnorchelmaske f\u00fcr Kinder"},"content":{"rendered":"<h2 data-start=\"0\" data-end=\"72\">Lassen Sie die Wasserabenteuer Ihres Kindes mit der besten Schnorchelmaske beginnen!<\/h2>\n<h3 data-start=\"74\" data-end=\"120\">Entdecken Sie den Ozean durch die Augen eines Kindes<\/h3>\n<p data-start=\"121\" data-end=\"610\">Geben Sie Ihrem kleinen Entdecker die M\u00f6glichkeit, in die Wunder der Unterwasserwelt einzutauchen mit der <strong data-start=\"216\" data-end=\"242\">Schwimmermaske f\u00fcr Kinder<\/strong>, speziell f\u00fcr Kinder im Alter von 4 bis 8 Jahren entwickelt. Ob es ihr erstes Schnorchelabenteuer ist oder sie bereits leidenschaftlich f\u00fcr Meeresleben begeistert sind, dieses kindgerechte Schnorchelset bietet Sicherheit, Komfort und pure Aufregung. Mit klarem Blickfeld, wasserdichtem Design und einfachem Atemsystem wird Ihr Kind den Ozean vom ersten Platschen an lieben.<\/p>\n<h3 data-start=\"612\" data-end=\"663\">Kristallklare Sicht mit Anti-Beschlag-Technologie<\/h3>\n<p data-start=\"664\" data-end=\"1018\">Lassen Sie Ihr Kind jedes Detail unter dem Meer sehen. Die Maske verf\u00fcgt \u00fcber <strong data-start=\"729\" data-end=\"753\">doppelte Anti-Beschlag-Gl\u00e4ser<\/strong>, die einen <strong data-start=\"769\" data-end=\"798\">180-Grad-Panoramablick<\/strong> bieten und verzerrungsfreie Sicht auf Fische, Riffe und Meeresleben erm\u00f6glichen. Keine nebligen Unterbrechungen mehr \u2013 nur ununterbrochener Unterwasser-Spa\u00df. Ob im Pool oder im Meer, Ihr Kind hat immer einen hellen, klaren Blick.<\/p>\n<h3 data-start=\"1020\" data-end=\"1060\">Robust gebaut f\u00fcr kleine Abenteurer<\/h3>\n<p data-start=\"1061\" data-end=\"1347\">Kinder spielen gerne wild, und diese Maske ist darauf ausgelegt, ihrer Energie standzuhalten. Die Gl\u00e4ser bestehen aus <strong data-start=\"1155\" data-end=\"1185\">bruchfestem Polycarbonat<\/strong> und bieten langlebige Haltbarkeit auch bei t\u00e4glichem Gebrauch. Sie ist stark genug, um St\u00fcrze, Spritzer und all den rauen Spa\u00df zu verkraften, den Ihr Kind ihr zumuten kann.<\/p>\n<h3 data-start=\"1349\" data-end=\"1395\">Einfaches Atmen mit Dry-Top-Sicherheit<\/h3>\n<p data-start=\"1396\" data-end=\"1718\">Atmen war f\u00fcr junge Schnorchler noch nie einfacher. Der <strong data-start=\"1454\" data-end=\"1480\">Dry-Top-Atemschlauch<\/strong> l\u00e4sst Luft herein, w\u00e4hrend er Wasser fernh\u00e4lt und sicheres, nat\u00fcrliches Atmen gew\u00e4hrleistet. Der <strong data-start=\"1561\" data-end=\"1584\">weiche Silikonrand<\/strong> sorgt f\u00fcr einen engen, wasserdichten Sitz, der verhindert, dass Wasser in die Maske gelangt, und macht Schnorcheln stressfrei und angenehm f\u00fcr Ihr Kind.<\/p>\n<h3 data-start=\"1720\" data-end=\"1757\">Verstellbarer Sitz f\u00fcr wachsende Kinder<\/h3>\n<p data-start=\"1758\" data-end=\"2056\">Ausgestattet mit <strong data-start=\"1772\" data-end=\"1802\">einfach verstellbaren Kopfb\u00e4ndern<\/strong> sitzt die Maske sicher und bequem und passt sich unterschiedlichen Kopfformen und -gr\u00f6\u00dfen an. Sie ist in <strong data-start=\"1907\" data-end=\"1929\">Gr\u00f6\u00dfe S (4\u20136 Jahre)<\/strong> und <strong data-start=\"1934\" data-end=\"1956\">Gr\u00f6\u00dfe M (7\u20138 Jahre)<\/strong> erh\u00e4ltlich, sodass Sie immer die passende Gr\u00f6\u00dfe f\u00fcr Ihr Kind finden. Kein Verrutschen, kein Kneifen \u2013 nur Komfort den ganzen Tag.<\/p>\n<h3 data-start=\"2058\" data-end=\"2080\">Enthaltene Artikel:<\/h3>\n<ul data-start=\"2081\" data-end=\"2200\">\n<li data-start=\"2081\" data-end=\"2106\">\n<p data-start=\"2083\" data-end=\"2106\">Schnorchelmaske f\u00fcr Kinder<\/p>\n<\/li>\n<li data-start=\"2107\" data-end=\"2133\">\n<p data-start=\"2109\" data-end=\"2133\">Dry-Top-Atemschlauch<\/p>\n<\/li>\n<li data-start=\"2134\" data-end=\"2160\">\n<p data-start=\"2136\" data-end=\"2160\">Verstellbare Kopfb\u00e4nder<\/p>\n<\/li>\n<li data-start=\"2161\" data-end=\"2200\">\n<p data-start=\"2163\" data-end=\"2200\">Gr\u00f6\u00dfen: S (4\u20136 Jahre), M (7\u20138 Jahre)<\/p>\n<\/li>\n<\/ul>\n<h3 data-start=\"2202\" data-end=\"2245\">Warum diese Schwimmermaske f\u00fcr Kinder w\u00e4hlen?<\/h3>\n<ul data-start=\"2247\" data-end=\"2736\">\n<li data-start=\"2247\" data-end=\"2350\">\n<p data-start=\"2249\" data-end=\"2350\"><strong data-start=\"2249\" data-end=\"2275\">\u00dcberlegener Komfort &#038; Sitz<\/strong> \u2013 Weicher Silikonrand und verstellbare B\u00e4nder f\u00fcr wasserdichten, sicheren Halt.<\/p>\n<\/li>\n<li data-start=\"2351\" data-end=\"2454\">\n<p data-start=\"2353\" data-end=\"2454\"><strong data-start=\"2353\" data-end=\"2379\">Klare, beschlagfreie Sicht<\/strong> \u2013 Doppeltgl\u00e4ser mit Anti-Beschlag-Beschichtung f\u00fcr vollen 180\u00b0 Unterwassersicht.<\/p>\n<\/li>\n<li data-start=\"2455\" data-end=\"2543\">\n<p data-start=\"2457\" data-end=\"2543\"><strong data-start=\"2457\" data-end=\"2475\">Robustes Design<\/strong> \u2013 Bruchfeste Konstruktion, ideal f\u00fcr neugierige Kinder.<\/p>\n<\/li>\n<li data-start=\"2544\" data-end=\"2637\">\n<p data-start=\"2546\" data-end=\"2637\"><strong data-start=\"2546\" data-end=\"2571\">Sicheres &#038; einfaches Atmen<\/strong> \u2013 Dry-Top-Schnorchel h\u00e4lt Wasser fern und l\u00e4sst Kinder frei atmen.<\/p>\n<\/li>\n<li data-start=\"2638\" data-end=\"2736\">\n<p data-start=\"2640\" data-end=\"2736\"><strong data-start=\"2640\" data-end=\"2673\">Spezial f\u00fcr Kinder (4\u20138 Jahre)<\/strong> \u2013 Entwickelt f\u00fcr kleine Gesichter mit maximalem Komfort und Sicherheit.<\/p>\n<\/li>\n<\/ul>\n<h3 data-start=\"3032\" data-end=\"3084\">Machen Sie sich bereit f\u00fcr sichere, spa\u00dfige Unterwasserabenteuer!<\/h3>\n<p data-start=\"3085\" data-end=\"3408\">Die <strong data-start=\"3089\" data-end=\"3115\">Schwimmermaske f\u00fcr Kinder<\/strong> ist die perfekte Einf\u00fchrung in das Schnorcheln f\u00fcr Ihr Kind. Sie ist f\u00fcr Komfort konzipiert, robust gebaut und mit Sicherheitsfunktionen ausgestattet, die jedes Unterwasserabenteuer spannend und sorgenfrei machen. Ob am Strand, im Pool oder am Riff \u2013 dieses Set ist die ideale Ausr\u00fcstung f\u00fcr junge Entdecker.<\/p>\n<p data-start=\"3410\" data-end=\"3471\" data-is-last-node=\"\" data-is-only-node=\"\"><strong data-start=\"3410\" data-end=\"3471\" data-is-last-node=\"\">Das Abenteuer wartet \u2013 Bestellen Sie das Schnorchelset f\u00fcr Kinder heute!<\/strong><\/p>\n<p style=\"text-align: center;\">Vielen Dank, dass Sie bei <em data-start=\"415\" data-end=\"431\"><a href=\"https:\/\/bazaar.express\/de\/\">Bazaar Express<\/a><\/em> einkaufen \u2013 wir freuen uns, Sie dabei zu haben!<\/p>\n<p style=\"text-align: center;\">Von Handt\u00fcchern bis Taschen decken unsere <a href=\"https:\/\/bazaar.express\/de\/beach-essentials\/\">Strandessentials<\/a> alles ab.<\/p>\n","protected":false},"excerpt":{"rendered":"<h3 data-start=\"384\" data-end=\"565\">Diese kindgerechte Schnorchelmaske bietet beschlagfreie 180\u00b0-Sicht, Dry-Top-Atemschlauch und bruchfestes Design f\u00fcr sichere und spa\u00dfige Unterwasserabenteuer. Ideal f\u00fcr Kinder von 4\u20138 Jahren.<\/h3>\n","protected":false},"featured_media":38302,"comment_status":"open","ping_status":"closed","template":"","meta":[],"product_brand":[],"product_cat":[964],"product_tag":[996,1054],"class_list":{"0":"post-38298","1":"product","2":"type-product","3":"status-publish","4":"has-post-thumbnail","6":"product_cat-strand-essentials","7":"product_tag-sea","8":"product_tag-strand","9":"pa_l-xl-m","10":"pa_l-xl-s","12":"first","13":"instock","14":"sale","15":"shipping-taxable","16":"purchasable","17":"product-type-simple"},"_links":{"self":[{"href":"https:\/\/bazaar.express\/de\/wp-json\/wp\/v2\/product\/38298","targetHints":{"allow":["GET"]}}],"collection":[{"href":"https:\/\/bazaar.express\/de\/wp-json\/wp\/v2\/product"}],"about":[{"href":"https:\/\/bazaar.express\/de\/wp-json\/wp\/v2\/types\/product"}],"replies":[{"embeddable":true,"href":"https:\/\/bazaar.express\/de\/wp-json\/wp\/v2\/comments?post=38298"}],"wp:featuredmedia":[{"embeddable":true,"href":"https:\/\/bazaar.express\/de\/wp-json\/wp\/v2\/media\/38302"}],"wp:attachment":[{"href":"https:\/\/bazaar.express\/de\/wp-json\/wp\/v2\/media?parent=38298"}],"wp:term":[{"taxonomy":"product_brand","embeddable":true,"href":"https:\/\/bazaar.express\/de\/wp-json\/wp\/v2\/product_brand?post=38298"},{"taxonomy":"product_cat","embeddable":true,"href":"https:\/\/bazaar.express\/de\/wp-json\/wp\/v2\/product_cat?post=38298"},{"taxonomy":"product_tag","embeddable":true,"href":"https:\/\/bazaar.express\/de\/wp-json\/wp\/v2\/product_tag?post=38298"}],"curies":[{"name":"wp","href":"https:\/\/api.w.org\/{rel}","templated":true}]}}