{"id":38378,"date":"2024-12-12T02:31:36","date_gmt":"2024-12-12T02:31:36","guid":{"rendered":"https:\/\/bazaar.express\/product\/sesamoel\/"},"modified":"2024-12-12T02:31:36","modified_gmt":"2024-12-12T02:31:36","slug":"sesamoel","status":"publish","type":"product","link":"https:\/\/bazaar.express\/de\/produkt\/sesamoel\/","title":{"rendered":"Sesam\u00f6l"},"content":{"rendered":"<h2 data-start=\"344\" data-end=\"431\">Lotus Sesam\u00f6l: Ein nat\u00fcrlicher Kraftspender f\u00fcr strahlende Haut und starkes, gesundes Haar<\/h2>\n<h3 data-start=\"433\" data-end=\"482\">Entdecken Sie das alte Geheimnis des Sesam\u00f6ls<\/h3>\n<p data-start=\"484\" data-end=\"841\">Seit \u00fcber 2.500 Jahren wird Sesam\u00f6l in ayurvedischen und ganzheitlichen Wellness-Traditionen gesch\u00e4tzt. Aus n\u00e4hrstoffreichen Sesamsamen gewonnen, ist <strong data-start=\"626\" data-end=\"646\">Lotus Sesam\u00f6l<\/strong> voller nat\u00fcrlicher Antioxidantien, essenzieller Fetts\u00e4uren und hautpflegender Vitamine wie <strong data-start=\"741\" data-end=\"754\">Vitamin E<\/strong> sowie wichtiger Mineralstoffe wie <strong data-start=\"790\" data-end=\"801\">Kalzium<\/strong>, <strong data-start=\"803\" data-end=\"816\">Magnesium<\/strong>, <strong data-start=\"818\" data-end=\"826\">Zink<\/strong> und <strong data-start=\"832\" data-end=\"840\">Eisen<\/strong>.<\/p>\n<p data-start=\"843\" data-end=\"990\">Dieses goldene \u00d6l ist Ihr zuverl\u00e4ssiger Begleiter f\u00fcr t\u00e4gliche Sch\u00f6nheits- und Wellness-Rituale \u2013 es spendet Feuchtigkeit, sch\u00fctzt und erfrischt von Kopf bis Fu\u00df.<\/p>\n<h3 data-start=\"997\" data-end=\"1035\">\u00a0Haarpflegevorteile von Sesam\u00f6l<\/h3>\n<ul data-start=\"1037\" data-end=\"1615\">\n<li data-start=\"1037\" data-end=\"1186\">\n<p data-start=\"1039\" data-end=\"1186\"><strong data-start=\"1039\" data-end=\"1076\">St\u00e4rkt und belebt schwaches Haar<\/strong><br data-start=\"1076\" data-end=\"1079\" \/>Sesam\u00f6l dringt tief in die Kopfhaut ein, n\u00e4hrt die Haarwurzeln, reduziert Bruch und verst\u00e4rkt den nat\u00fcrlichen Glanz.<\/p>\n<\/li>\n<li data-start=\"1188\" data-end=\"1338\">\n<p data-start=\"1190\" data-end=\"1338\"><strong data-start=\"1190\" data-end=\"1223\">Hilft, vorzeitiges Ergrauen zu verz\u00f6gern<\/strong><br data-start=\"1223\" data-end=\"1226\" \/>Sein antioxidativenreiches Profil bek\u00e4mpft oxidativen Stress in den Haarfollikeln und f\u00f6rdert ein jugendliches Aussehen.<\/p>\n<\/li>\n<li data-start=\"1340\" data-end=\"1490\">\n<p data-start=\"1342\" data-end=\"1490\"><strong data-start=\"1342\" data-end=\"1377\">Nat\u00fcrlicher Sonnenschutz f\u00fcr Haar<\/strong><br data-start=\"1377\" data-end=\"1380\" \/>Als sanfte UV-Barriere sch\u00fctzt Sesam\u00f6l Ihre Haare vor Sonnensch\u00e4den und Umweltbelastungen.<\/p>\n<\/li>\n<li data-start=\"1492\" data-end=\"1615\">\n<p data-start=\"1494\" data-end=\"1615\"><strong data-start=\"1494\" data-end=\"1518\">Booster f\u00fcr die Kopfhautgesundheit<\/strong><br data-start=\"1518\" data-end=\"1521\" \/>Lindert Trockenheit und Schuppenbildung, unterst\u00fctzt eine saubere und ausgeglichene Kopfhaut f\u00fcr besseres Haarwachstum.<\/p>\n<\/li>\n<\/ul>\n<h3 data-start=\"1622\" data-end=\"1660\">\u00a0Hautpflegevorteile von Sesam\u00f6l<\/h3>\n<ul data-start=\"1662\" data-end=\"2285\">\n<li data-start=\"1662\" data-end=\"1829\">\n<p data-start=\"1664\" data-end=\"1829\"><strong data-start=\"1664\" data-end=\"1706\">Tiefe Feuchtigkeitsversorgung und Hautweichung<\/strong><br data-start=\"1706\" data-end=\"1709\" \/>Reich an Vitamin E und gesunden Fetten sperrt Sesam\u00f6l Feuchtigkeit ein und gl\u00e4ttet raue oder trockene Stellen f\u00fcr ganzt\u00e4gige Hydration.<\/p>\n<\/li>\n<li data-start=\"1831\" data-end=\"1972\">\n<p data-start=\"1833\" data-end=\"1972\"><strong data-start=\"1833\" data-end=\"1866\">Verbessert die Hautelastizit\u00e4t<\/strong><br data-start=\"1866\" data-end=\"1869\" \/>Regelm\u00e4\u00dfige Massagen mit Sesam\u00f6l f\u00f6rdern festere, geschmeidigere Haut durch Unterst\u00fctzung des Kollagens.<\/p>\n<\/li>\n<li data-start=\"1974\" data-end=\"2139\">\n<p data-start=\"1976\" data-end=\"2139\"><strong data-start=\"1976\" data-end=\"2003\">F\u00f6rdert einen ebenm\u00e4\u00dfigen Hautton<\/strong><br data-start=\"2003\" data-end=\"2006\" \/>Mit entz\u00fcndungshemmenden und antioxidativen Eigenschaften kann Sesam\u00f6l die Erscheinung von dunklen Flecken und kleinen Unreinheiten mildern.<\/p>\n<\/li>\n<li data-start=\"2141\" data-end=\"2285\">\n<p data-start=\"2143\" data-end=\"2285\"><strong data-start=\"2143\" data-end=\"2178\">Sanfte Reinigung und Schutz<\/strong><br data-start=\"2178\" data-end=\"2181\" \/>Seine nat\u00fcrlichen antibakteriellen Eigenschaften machen es zu einem geeigneten \u00d6l f\u00fcr die \u00d6lreinigung oder die Feuchtigkeitsversorgung nach dem Duschen.<\/p>\n<\/li>\n<\/ul>\n<h3 data-start=\"2292\" data-end=\"2327\">So verwenden Sie Lotus Sesam\u00f6l<\/h3>\n<p data-start=\"2329\" data-end=\"2502\"><strong data-start=\"2329\" data-end=\"2347\">F\u00fcr die Haarpflege:<\/strong><br data-start=\"2347\" data-end=\"2350\" \/>W\u00e4rmen Sie eine kleine Menge an und massieren Sie sie in die Kopfhaut und entlang der Haarstr\u00e4hnen. Lassen Sie es 30\u201360 Minuten einwirken, bevor Sie waschen, f\u00fcr optimale Ergebnisse. Verwenden Sie es 2\u20133 Mal w\u00f6chentlich.<\/p>\n<p data-start=\"2504\" data-end=\"2672\"><strong data-start=\"2504\" data-end=\"2529\">F\u00fcr die Hautpflege:<\/strong><br data-start=\"2529\" data-end=\"2532\" \/>Tragen Sie es direkt auf saubere Haut nach dem Baden auf. Massieren Sie es in kreisenden Bewegungen ein, bis es vollst\u00e4ndig aufgenommen ist. Ideal f\u00fcr trockene Ellbogen, Knie und Fersen.<\/p>\n<p data-start=\"2674\" data-end=\"2820\"><strong data-start=\"2674\" data-end=\"2695\">F\u00fcr K\u00f6rper-Massagen:<\/strong><br data-start=\"2695\" data-end=\"2698\" \/>Verwenden Sie es als Basis\u00f6l f\u00fcr Aromatherapie oder entspannende K\u00f6rper-Massagen. Seine w\u00e4rmende Wirkung lindert Spannungen und entspannt die Muskeln.<\/p>\n<h3 data-start=\"3140\" data-end=\"3168\">Sicherheitshinweise &#038; Vorsichtsma\u00dfnahmen<\/h3>\n<ul data-start=\"3170\" data-end=\"3479\">\n<li data-start=\"3170\" data-end=\"3198\">\n<p data-start=\"3172\" data-end=\"3198\">Nur <strong data-start=\"3176\" data-end=\"3197\">\u00e4u\u00dferlich anwenden<\/strong>.<\/p>\n<\/li>\n<li data-start=\"3199\" data-end=\"3302\">\n<p data-start=\"3201\" data-end=\"3302\">F\u00fchren Sie vor der vollst\u00e4ndigen Anwendung einen <strong data-start=\"3211\" data-end=\"3225\">Hauttest<\/strong> durch, insbesondere bei empfindlicher Haut oder Allergien.<\/p>\n<\/li>\n<li data-start=\"3303\" data-end=\"3350\">\n<p data-start=\"3305\" data-end=\"3350\">Vermeiden Sie Kontakt mit Augen und Schleimh\u00e4uten.<\/p>\n<\/li>\n<li data-start=\"3351\" data-end=\"3410\">\n<p data-start=\"3353\" data-end=\"3410\">Aufbewahren an einem <strong data-start=\"3364\" data-end=\"3383\">k\u00fchlen, trockenen Ort<\/strong> fern von direktem Sonnenlicht.<\/p>\n<\/li>\n<li data-start=\"3411\" data-end=\"3479\">\n<p data-start=\"3413\" data-end=\"3479\">Bei Reizungen die Anwendung abbrechen und einen Dermatologen konsultieren.<\/p>\n<\/li>\n<\/ul>\n<h3 data-start=\"3486\" data-end=\"3522\">Warum Lotus Sesam\u00f6l w\u00e4hlen?<\/h3>\n<p data-start=\"3524\" data-end=\"3843\">Ob Sie Ihre <strong data-start=\"3550\" data-end=\"3571\">Haut feuchtigkeitsversorgt<\/strong>, Ihre <strong data-start=\"3573\" data-end=\"3597\">Haare revitalisiert<\/strong> oder mit einem <strong data-start=\"3602\" data-end=\"3635\">nat\u00fcrlichen K\u00f6rper\u00f6l entspannen<\/strong> m\u00f6chten \u2013 <strong data-start=\"3637\" data-end=\"3657\">Lotus Sesam\u00f6l<\/strong> bietet authentische Pflege, gest\u00fctzt auf jahrhundertealte Kr\u00e4utertraditionen. Seine Reinheit und vielseitigen Vorteile machen es zu einem unverzichtbaren Bestandteil f\u00fcr alle, die strahlende Haut und vitales Haar auf nat\u00fcrliche Weise erstreben.<\/p>\n<p data-start=\"3850\" data-end=\"3977\"><strong data-start=\"3850\" data-end=\"3908\">Erleben Sie die Reinheit der Natur mit Lotus Sesam\u00f6l.<\/strong><br data-start=\"3908\" data-end=\"3911\" \/>Lassen Sie Ihre Sch\u00f6nheit von der Wurzel bis zur Spitze nat\u00fcrlich und selbstbewusst erstrahlen.<\/p>\n<p style=\"text-align: center;\">Vielen Dank, dass Sie bei <em data-start=\"415\" data-end=\"431\"><a href=\"https:\/\/bazaar.express\/de\/\">Bazaar Express<\/a><\/em> einkaufen \u2013 wir freuen uns, Sie bei uns zu haben!<\/p>\n<p style=\"text-align: center;\">Sp\u00fcren Sie die Kraft der Natur \u2013 reine <a href=\"https:\/\/bazaar.express\/de\/therapeutic-oils\/\">Therapeutische \u00d6le<\/a> f\u00fcr den Alltags-Wellness.<\/p>\n","protected":false},"excerpt":{"rendered":"<h3>Lotus Sesam\u00f6l ist ein vielseitiges nat\u00fcrliches \u00d6l, gewonnen aus n\u00e4hrstoffreichen Sesamsamen. Reich an Vitamin E und essenziellen Mineralstoffen, versorgt es die Haut intensiv mit Feuchtigkeit, st\u00e4rkt die Haarwurzeln und f\u00f6rdert ein strahlendes, gesundes Aussehen. Ideal f\u00fcr t\u00e4gliche K\u00f6rper-Massagen, Kopfhautbehandlungen und allgemeine Wellness-Pflege.<\/h3>\n","protected":false},"featured_media":38380,"comment_status":"open","ping_status":"closed","template":"","meta":[],"product_brand":[],"product_cat":[963,962],"product_tag":[978,977],"class_list":{"0":"post-38378","1":"product","2":"type-product","3":"status-publish","4":"has-post-thumbnail","6":"product_cat-therapeutische-ole","7":"product_cat-beauty-pflege","8":"product_tag-naturliches-ol","9":"product_tag-ol","10":"pa_l-xl-125ml","11":"pa_l-xl-250ml","12":"pa_l-xl-60ml","14":"first","15":"instock","16":"sale","17":"shipping-taxable","18":"purchasable","19":"product-type-variable"},"_links":{"self":[{"href":"https:\/\/bazaar.express\/de\/wp-json\/wp\/v2\/product\/38378","targetHints":{"allow":["GET"]}}],"collection":[{"href":"https:\/\/bazaar.express\/de\/wp-json\/wp\/v2\/product"}],"about":[{"href":"https:\/\/bazaar.express\/de\/wp-json\/wp\/v2\/types\/product"}],"replies":[{"embeddable":true,"href":"https:\/\/bazaar.express\/de\/wp-json\/wp\/v2\/comments?post=38378"}],"wp:featuredmedia":[{"embeddable":true,"href":"https:\/\/bazaar.express\/de\/wp-json\/wp\/v2\/media\/38380"}],"wp:attachment":[{"href":"https:\/\/bazaar.express\/de\/wp-json\/wp\/v2\/media?parent=38378"}],"wp:term":[{"taxonomy":"product_brand","embeddable":true,"href":"https:\/\/bazaar.express\/de\/wp-json\/wp\/v2\/product_brand?post=38378"},{"taxonomy":"product_cat","embeddable":true,"href":"https:\/\/bazaar.express\/de\/wp-json\/wp\/v2\/product_cat?post=38378"},{"taxonomy":"product_tag","embeddable":true,"href":"https:\/\/bazaar.express\/de\/wp-json\/wp\/v2\/product_tag?post=38378"}],"curies":[{"name":"wp","href":"https:\/\/api.w.org\/{rel}","templated":true}]}}