{"id":38384,"date":"2024-12-12T02:03:52","date_gmt":"2024-12-12T02:03:52","guid":{"rendered":"https:\/\/bazaar.express\/product\/schwarzkuemmeloel\/"},"modified":"2024-12-12T02:03:52","modified_gmt":"2024-12-12T02:03:52","slug":"schwarzkuemmeloel","status":"publish","type":"product","link":"https:\/\/bazaar.express\/de\/produkt\/schwarzkuemmeloel\/","title":{"rendered":"Schwarzk\u00fcmmel\u00f6l"},"content":{"rendered":"<h2 data-start=\"190\" data-end=\"272\"><strong data-start=\"193\" data-end=\"272\">Lotus Schwarzk\u00fcmmel\u00f6l \u2013 Ein Zeitloses Elixier f\u00fcr Vitalit\u00e4t, Wohlbefinden und Sch\u00f6nheit<\/strong><\/h2>\n<h3 data-start=\"274\" data-end=\"310\"> Was ist Lotus Schwarzk\u00fcmmel\u00f6l?<\/h3>\n<p data-start=\"312\" data-end=\"817\">Aus den Samen der <strong data-start=\"344\" data-end=\"362\">Nigella sativa<\/strong>-Pflanze gewonnen, ist <strong data-start=\"370\" data-end=\"394\">Lotus Schwarzk\u00fcmmel\u00f6l<\/strong> \u2013 auch bekannt als Schwarzk\u00fcmmel\u00f6l \u2013 ein goldenes Geschenk der Natur, das seit Jahrhunderten in traditionellen Heilmethoden gesch\u00e4tzt wird. Reich an wirksamen N\u00e4hrstoffen und Antioxidantien, bietet dieses \u00d6l ein breites Spektrum an therapeutischen und kosmetischen Vorteilen. Ob Sie Ihr Immunsystem st\u00e4rken, die Hautgesundheit verbessern oder Ihr Verdauungssystem unterst\u00fctzen m\u00f6chten \u2013 dieses starke nat\u00fcrliche Mittel liefert sp\u00fcrbare und sichtbare Ergebnisse.<\/p>\n<h3 data-start=\"824\" data-end=\"864\"> Gesundheitsvorteile von Schwarzk\u00fcmmel\u00f6l<\/h3>\n<h4 data-start=\"866\" data-end=\"897\"> Unterst\u00fctzung des Immunsystems<\/h4>\n<p data-start=\"898\" data-end=\"1042\">Reich an Thymoquinon und anderen starken Verbindungen st\u00e4rkt Schwarzk\u00fcmmel\u00f6l die Immunabwehr und hilft dem K\u00f6rper, Infektionen und M\u00fcdigkeit abzuwehren.<\/p>\n<h4 data-start=\"1044\" data-end=\"1077\"> Entz\u00fcndungshemmende Wirkung<\/h4>\n<p data-start=\"1078\" data-end=\"1216\">Seine nat\u00fcrlichen entz\u00fcndungshemmenden Eigenschaften lindern Gelenkschmerzen, Muskelverspannungen und innere Entz\u00fcndungen, die mit chronischen Erkrankungen verbunden sind.<\/p>\n<h4 data-start=\"1218\" data-end=\"1246\"> Linderung der Atemwege<\/h4>\n<p data-start=\"1247\" data-end=\"1386\">Lotus Schwarzk\u00fcmmel\u00f6l kann Asthma, chronischen Husten und allergiebedingte Symptome lindern, indem es die Atemwege \u00f6ffnet und Entz\u00fcndungen in den Atemwegen beruhigt.<\/p>\n<h4 data-start=\"1388\" data-end=\"1415\"> Harmonie in der Verdauung<\/h4>\n<p data-start=\"1416\" data-end=\"1538\">Dieses \u00d6l f\u00f6rdert den Verdauungskomfort, indem es Bl\u00e4hungen lindert, die Verdauung unterst\u00fctzt und Magenbeschwerden, Durchfall oder Gasbildung behebt.<\/p>\n<h4 data-start=\"1540\" data-end=\"1570\"> Gesundheit von Augen und Gehirn<\/h4>\n<p data-start=\"1571\" data-end=\"1696\">Dank seines Antioxidantiengehalts sch\u00e4rft es die Sehkraft, bek\u00e4mpft Augeninfektionen und verbessert die geistige Klarheit und das Ged\u00e4chtnis.<\/p>\n<h4 data-start=\"1698\" data-end=\"1733\"> Energiespender &#038; Vitalit\u00e4tsbooster<\/h4>\n<p data-start=\"1734\" data-end=\"1874\">F\u00fchlen Sie sich den ganzen Tag nat\u00fcrlich energiegeladen \u2013 ohne Koffein! Dieses \u00d6l hilft, Toxine zu eliminieren und Ihr allgemeines Wohlbefinden zu steigern.<\/p>\n<h4 data-start=\"1876\" data-end=\"1917\"> Kann die Abwehr gegen Krebs unterst\u00fctzen<\/h4>\n<p data-start=\"1918\" data-end=\"2046\">Einige Studien deuten darauf hin, dass Thymoquinon dem K\u00f6rper helfen kann, sich gegen sch\u00e4dliche zellul\u00e4re Aktivit\u00e4ten zu wehren, indem es gesunde Zellen sch\u00fctzt.<\/p>\n<h3 data-start=\"2053\" data-end=\"2097\"> Sch\u00f6nheitsvorteile: F\u00fcr Haar und Haut<\/h3>\n<h4 data-start=\"2099\" data-end=\"2131\"> Haarwachstum &#038; St\u00e4rke<\/h4>\n<p data-start=\"2132\" data-end=\"2304\">Massieren Sie Lotus Schwarzk\u00fcmmel\u00f6l in Ihre Kopfhaut, um Haarausfall zu reduzieren, Neuwachstum zu f\u00f6rdern und die Haarfollikel zu n\u00e4hren. Es ist hervorragend bei d\u00fcnnem Haar, Schuppen und Kopfhautreizungen.<\/p>\n<h4 data-start=\"2306\" data-end=\"2339\"> Klarere, ges\u00fcndere Haut<\/h4>\n<p data-start=\"2340\" data-end=\"2513\">Seine antibakteriellen und entz\u00fcndungshemmenden Eigenschaften beruhigen Akne, verblassen dunkle Flecken und f\u00f6rdern strahlende, gleichm\u00e4\u00dfige Haut. Es hilft auch bei Ekzemen, Psoriasis und Hautausschl\u00e4gen.<\/p>\n<h4 data-start=\"2515\" data-end=\"2545\"> Anti-Aging-Feuchtigkeit<\/h4>\n<p data-start=\"2546\" data-end=\"2648\">Es spendet intensive Feuchtigkeit und bek\u00e4mpft Anzeichen vorzeitiger Alterung dank seines Vitamin-E- und Omega-reichen Profils.<\/p>\n<h3 data-start=\"2655\" data-end=\"2693\"> So verwenden Sie Lotus Schwarzk\u00fcmmel\u00f6l<\/h3>\n<h4 data-start=\"2695\" data-end=\"2719\"><strong data-start=\"2703\" data-end=\"2719\">Innere Anwendung<\/strong><\/h4>\n<ul data-start=\"2720\" data-end=\"2926\">\n<li data-start=\"2720\" data-end=\"2775\">\n<p data-start=\"2722\" data-end=\"2775\"><strong data-start=\"2722\" data-end=\"2733\">Erwachsene:<\/strong> Nehmen Sie 1 Teel\u00f6ffel zweimal t\u00e4glich vor den Mahlzeiten ein.<\/p>\n<\/li>\n<li data-start=\"2776\" data-end=\"2825\">\n<p data-start=\"2778\" data-end=\"2825\"><strong data-start=\"2778\" data-end=\"2796\">Kinder (ab 6 Jahren):<\/strong> Nehmen Sie \u00bd Teel\u00f6ffel zweimal t\u00e4glich ein.<\/p>\n<\/li>\n<li data-start=\"2826\" data-end=\"2926\">\n<p data-start=\"2828\" data-end=\"2926\"><strong data-start=\"2828\" data-end=\"2849\">Optionale Zus\u00e4tze:<\/strong> Mischen Sie es mit warmem Wasser, Kr\u00e4utertee oder Honig f\u00fcr einen besseren Geschmack und eine verbesserte Aufnahme.<\/p>\n<\/li>\n<\/ul>\n<h4 data-start=\"2928\" data-end=\"2951\"><strong data-start=\"2936\" data-end=\"2951\">\u00c4u\u00dfere Anwendung<\/strong><\/h4>\n<ul data-start=\"2952\" data-end=\"3154\">\n<li data-start=\"2952\" data-end=\"3044\">\n<p data-start=\"2954\" data-end=\"3044\"><strong data-start=\"2954\" data-end=\"2967\">F\u00fcr das Haar:<\/strong> Massieren Sie es 3\u20134 Mal pro Woche in die Kopfhaut und lassen Sie es \u00fcber Nacht einwirken, bevor Sie es auswaschen.<\/p>\n<\/li>\n<li data-start=\"3045\" data-end=\"3154\">\n<p data-start=\"3047\" data-end=\"3154\"><strong data-start=\"3047\" data-end=\"3060\">F\u00fcr die Haut:<\/strong> Tragen Sie ein paar Tropfen direkt auf die gereinigte Haut auf oder mischen Sie es mit einem Tr\u00e4ger\u00f6l (z. B. Kokos- oder Jojoba\u00f6l).<\/p>\n<\/li>\n<\/ul>\n<h3 data-start=\"3161\" data-end=\"3190\"> Vorsichtsma\u00dfnahmen vor der Anwendung<\/h3>\n<ul data-start=\"3192\" data-end=\"3487\">\n<li data-start=\"3192\" data-end=\"3291\">\n<p data-start=\"3194\" data-end=\"3291\">Verwenden Sie es <strong data-start=\"3197\" data-end=\"3204\">nicht<\/strong>, wenn Sie <strong data-start=\"3220\" data-end=\"3249\">schwanger oder stillend<\/strong> sind, es sei denn, es wurde von einem Arzt genehmigt.<\/p>\n<\/li>\n<li data-start=\"3292\" data-end=\"3409\">\n<p data-start=\"3294\" data-end=\"3409\">Vermeiden Sie die Anwendung nach einer k\u00fcrzlichen Operation oder bei der Behandlung von <strong data-start=\"3342\" data-end=\"3364\">niedrigem Blutdruck<\/strong> oder <strong data-start=\"3368\" data-end=\"3380\">Diabetes<\/strong> ohne \u00e4rztliche Aufsicht.<\/p>\n<\/li>\n<li data-start=\"3410\" data-end=\"3487\">\n<p data-start=\"3412\" data-end=\"3487\">F\u00fchren Sie immer einen Patch-Test durch, bevor Sie es \u00e4u\u00dferlich anwenden, um allergische Reaktionen zu vermeiden.<\/p>\n<\/li>\n<\/ul>\n<h3 data-start=\"3806\" data-end=\"3877\"> Schlussfolgerung: Entfesseln Sie die Kraft der Natur mit Lotus Schwarzk\u00fcmmel\u00f6l<\/h3>\n<p data-start=\"3879\" data-end=\"4148\">Ob Sie Ihre Gesundheit st\u00e4rken, Ihre Haut erneuern oder st\u00e4rkeres Haar wachsen lassen m\u00f6chten \u2013 <strong data-start=\"3963\" data-end=\"3987\">Lotus Schwarzk\u00fcmmel\u00f6l<\/strong> ist ein unverzichtbarer Bestandteil Ihrer t\u00e4glichen Wellness-Routine. Rein, potent und vielseitig \u2013 dieses alte Mittel erf\u00fcllt moderne Bed\u00fcrfnisse mit bemerkenswerter Wirksamkeit.<\/p>\n<p data-start=\"4150\" data-end=\"4225\"><strong data-start=\"4150\" data-end=\"4225\">Erleben Sie die Weisheit der Kr\u00e4uterheilung. W\u00e4hlen Sie Lotus. W\u00e4hlen Sie Vitalit\u00e4t.<\/strong><\/p>\n<p style=\"text-align: center;\">Vielen Dank, dass Sie bei <em data-start=\"415\" data-end=\"431\"><a href=\"https:\/\/bazaar.express\/de\/\">Bazaar Express<\/a><\/em> einkaufen \u2013 wir freuen uns, Sie als Kunden zu haben!<\/p>\n<p style=\"text-align: center;\">Sp\u00fcren Sie die Kraft der Natur \u2013 reine <a href=\"https:\/\/bazaar.express\/de\/therapeutic-oils\/\">Therapeutische \u00d6le<\/a> f\u00fcr den t\u00e4glichen Wellness-Einsatz.<\/p>\n","protected":false},"excerpt":{"rendered":"<h3 data-start=\"418\" data-end=\"656\">Lotus Schwarzk\u00fcmmel\u00f6l ist ein hochwertiger nat\u00fcrlicher Extrakt aus <em data-start=\"473\" data-end=\"489\">Nigella sativa<\/em>-Samen, bekannt daf\u00fcr, das Immunsystem zu st\u00e4rken, die Atemwegs- und Verdauungsgesundheit zu unterst\u00fctzen und die Vitalit\u00e4t von Haar und Haut zu verbessern. Ideal f\u00fcr t\u00e4gliche Wellness- und Sch\u00f6nheitsroutinen.<\/h3>\n","protected":false},"featured_media":38386,"comment_status":"open","ping_status":"closed","template":"","meta":[],"product_brand":[],"product_cat":[963,962],"product_tag":[978,977],"class_list":{"0":"post-38384","1":"product","2":"type-product","3":"status-publish","4":"has-post-thumbnail","6":"product_cat-therapeutische-ole","7":"product_cat-beauty-pflege","8":"product_tag-naturliches-ol","9":"product_tag-ol","10":"pa_l-xl-125ml","11":"pa_l-xl-250ml","12":"pa_l-xl-60ml","14":"first","15":"instock","16":"sale","17":"shipping-taxable","18":"purchasable","19":"product-type-variable"},"_links":{"self":[{"href":"https:\/\/bazaar.express\/de\/wp-json\/wp\/v2\/product\/38384","targetHints":{"allow":["GET"]}}],"collection":[{"href":"https:\/\/bazaar.express\/de\/wp-json\/wp\/v2\/product"}],"about":[{"href":"https:\/\/bazaar.express\/de\/wp-json\/wp\/v2\/types\/product"}],"replies":[{"embeddable":true,"href":"https:\/\/bazaar.express\/de\/wp-json\/wp\/v2\/comments?post=38384"}],"wp:featuredmedia":[{"embeddable":true,"href":"https:\/\/bazaar.express\/de\/wp-json\/wp\/v2\/media\/38386"}],"wp:attachment":[{"href":"https:\/\/bazaar.express\/de\/wp-json\/wp\/v2\/media?parent=38384"}],"wp:term":[{"taxonomy":"product_brand","embeddable":true,"href":"https:\/\/bazaar.express\/de\/wp-json\/wp\/v2\/product_brand?post=38384"},{"taxonomy":"product_cat","embeddable":true,"href":"https:\/\/bazaar.express\/de\/wp-json\/wp\/v2\/product_cat?post=38384"},{"taxonomy":"product_tag","embeddable":true,"href":"https:\/\/bazaar.express\/de\/wp-json\/wp\/v2\/product_tag?post=38384"}],"curies":[{"name":"wp","href":"https:\/\/api.w.org\/{rel}","templated":true}]}}