{"id":38390,"date":"2024-12-12T01:17:35","date_gmt":"2024-12-12T01:17:35","guid":{"rendered":"https:\/\/bazaar.express\/product\/jojobaoel-2\/"},"modified":"2024-12-12T01:17:35","modified_gmt":"2024-12-12T01:17:35","slug":"jojobaoel-2","status":"publish","type":"product","link":"https:\/\/bazaar.express\/de\/produkt\/jojobaoel-2\/","title":{"rendered":"Jojoba\u00f6l"},"content":{"rendered":"<h2 data-start=\"268\" data-end=\"341\">Lotus Jojoba\u00f6l: Ihr nat\u00fcrliches Geheimnis f\u00fcr strahlende Haut und starkes Haar<\/h2>\n<p data-start=\"343\" data-end=\"761\">Entdecken Sie das alte Sch\u00f6nheitsgeheimnis von <strong data-start=\"379\" data-end=\"393\">Jojoba\u00f6l<\/strong> mit der Premium-Formel von Lotus \u2013 eine All-in-One-L\u00f6sung f\u00fcr Haut- und Haarpflege direkt aus der Natur. Bekannt f\u00fcr seine beeindruckende \u00c4hnlichkeit zu den nat\u00fcrlichen \u00d6len der Haut, spendet <strong data-start=\"563\" data-end=\"583\">Lotus Jojoba\u00f6l<\/strong> intensive Feuchtigkeit, heilt und sch\u00fctzt. Von der Bek\u00e4mpfung von Trockenheit und Falten bis hin zum Freimachen der Poren und der Vorbeugung von Akne ist dieses vielseitige \u00d6l ein Muss f\u00fcr jede Selbstpflege-Routine.<\/p>\n<h3 data-start=\"768\" data-end=\"794\"> Was ist Jojoba\u00f6l?<\/h3>\n<p data-start=\"796\" data-end=\"1169\"><strong data-start=\"796\" data-end=\"810\">Jojoba\u00f6l<\/strong> ist ein goldenes, geruchloses fl\u00fcssiges Wachs, das aus den Samen des Jojoba-Pflanze (<em data-start=\"888\" data-end=\"910\">Simmondsia chinensis<\/em>) gewonnen wird, die in trockenen Regionen heimisch ist. Im Gegensatz zu anderen \u00d6len verdirbt es nicht leicht, was es zu einem der stabilsten \u00d6le f\u00fcr kosmetische Anwendungen macht. \u00dcber 90 % der globalen Jojoba\u00f6l-Produktion flie\u00dfen direkt in Haut- und Haarpflegeformulierungen \u2013 ein Beweis f\u00fcr seine un\u00fcbertroffene Wirksamkeit.<\/p>\n<h3 data-start=\"1176\" data-end=\"1214\"> Wichtige Vorteile von Lotus Jojoba\u00f6l<\/h3>\n<h4 data-start=\"1216\" data-end=\"1240\">Tiefe Feuchtigkeitsversorgung<\/h4>\n<p data-start=\"1241\" data-end=\"1415\">Dank seines hohen <strong data-start=\"1260\" data-end=\"1272\">Ceramid<\/strong>-Gehalts schafft Lotus Jojoba\u00f6l eine nat\u00fcrliche Barriere, die Feuchtigkeit einschlie\u00dft, ohne die Poren zu verstopfen \u2013 ideal f\u00fcr trockene oder empfindliche Haut.<\/p>\n<h4 data-start=\"1417\" data-end=\"1447\">Anti-Aging &#038; Hautstraffung<\/h4>\n<p data-start=\"1448\" data-end=\"1599\">Dieses \u00d6l ist reich an <strong data-start=\"1468\" data-end=\"1481\">Vitamin E<\/strong>, das oxidativen Stress bek\u00e4mpft, das Auftreten feiner Linien und Falten reduziert und die Hautelastizit\u00e4t verbessert.<\/p>\n<h4 data-start=\"1601\" data-end=\"1635\">Akne-Kontrolle &#038; Porenreinigung<\/h4>\n<p data-start=\"1636\" data-end=\"1786\">Seine antibakteriellen Eigenschaften verhindern Ausbr\u00fcche, indem sie \u00fcbersch\u00fcssiges Sebum l\u00f6sen und Poren freimachen. Es ist besonders wirksam f\u00fcr akneanf\u00e4llige oder fettige Haut.<\/p>\n<h4 data-start=\"1788\" data-end=\"1809\">Heilt &#038; Sch\u00fctzt<\/h4>\n<p data-start=\"1810\" data-end=\"2007\">Lotus Jojoba\u00f6l unterst\u00fctzt die Regeneration von <strong data-start=\"1855\" data-end=\"1875\">Fibroblastenzellen<\/strong>, beschleunigt die Wundheilung und bildet gesunde neue Hautschichten. Es ist ideal f\u00fcr kleine Schnitte, Reizungen oder die Erholung nach Behandlungen.<\/p>\n<h4 data-start=\"2009\" data-end=\"2047\">Make-up-Entfernung &#038; Sanfte Reinigung<\/h4>\n<p data-start=\"2048\" data-end=\"2176\">Verwenden Sie Lotus Jojoba\u00f6l als nat\u00fcrliches Make-up-Entferner \u2013 seine leichte, nicht fettende Textur l\u00f6st Unreinheiten, w\u00e4hrend sie Ihre Haut n\u00e4hrt.<\/p>\n<h4 data-start=\"2178\" data-end=\"2217\">St\u00e4rkt Haar &#038; Bek\u00e4mpft Schuppen<\/h4>\n<p data-start=\"2218\" data-end=\"2360\">Dieses \u00d6l dringt tief in die Kopfhaut ein, n\u00e4hrt die Haarfollikel, verhindert Trockenheit und hilft sogar bei der Kontrolle von Schuppen und Spliss.<\/p>\n<h3 data-start=\"2367\" data-end=\"2399\"> Zutaten &#038; Zusammensetzung<\/h3>\n<ul data-start=\"2401\" data-end=\"2518\">\n<li data-start=\"2401\" data-end=\"2427\">\n<p data-start=\"2403\" data-end=\"2427\"><strong data-start=\"2403\" data-end=\"2427\">100% Reines Jojoba\u00f6l<\/strong><\/p>\n<\/li>\n<li data-start=\"2428\" data-end=\"2451\">\n<p data-start=\"2430\" data-end=\"2451\"><strong data-start=\"2430\" data-end=\"2451\">Nat\u00fcrliche Ceramide<\/strong><\/p>\n<\/li>\n<li data-start=\"2452\" data-end=\"2467\">\n<p data-start=\"2454\" data-end=\"2467\"><strong data-start=\"2454\" data-end=\"2467\">Vitamin E<\/strong><\/p>\n<\/li>\n<li data-start=\"2468\" data-end=\"2518\">\n<p data-start=\"2470\" data-end=\"2518\">Spurenelemente wie Zink, Kupfer und Silizium<\/p>\n<\/li>\n<\/ul>\n<p data-start=\"2520\" data-end=\"2635\">Diese Verbindungen arbeiten zusammen, um die nat\u00fcrlichen \u00d6le der Haut nachzuahmen und sorgen f\u00fcr optimale Aufnahme und minimale Reizung.<\/p>\n<h3 data-start=\"2642\" data-end=\"2676\"> So verwenden Sie Lotus Jojoba\u00f6l<\/h3>\n<h4 data-start=\"2678\" data-end=\"2692\">F\u00fcr die Haut:<\/h4>\n<p data-start=\"2693\" data-end=\"2833\">Tragen Sie nach der Reinigung einige Tropfen auf Gesicht oder K\u00f6rper auf. Massieren Sie sanft in kreisenden Bewegungen ein, bis es vollst\u00e4ndig aufgenommen ist. Verwenden Sie es t\u00e4glich f\u00fcr beste Ergebnisse.<\/p>\n<h4 data-start=\"2835\" data-end=\"2849\">F\u00fcr das Haar:<\/h4>\n<p data-start=\"2850\" data-end=\"2978\">W\u00e4rmen Sie eine kleine Menge in den Handfl\u00e4chen an und tragen Sie sie auf Kopfhaut und Haarspitzen auf. Lassen Sie es 30\u201360 Minuten oder \u00fcber Nacht einwirken, dann aussp\u00fclen.<\/p>\n<h4 data-start=\"2980\" data-end=\"3005\">Als Make-up-Entferner:<\/h4>\n<p data-start=\"3006\" data-end=\"3081\">Geben Sie einige Tropfen auf ein Wattepad und wischen Sie sanft Make-up und Unreinheiten ab.<\/p>\n<h3 data-start=\"3088\" data-end=\"3106\"> Vorsichtsma\u00dfnahmen<\/h3>\n<ul data-start=\"3108\" data-end=\"3306\">\n<li data-start=\"3108\" data-end=\"3136\">\n<p data-start=\"3110\" data-end=\"3136\"><strong data-start=\"3110\" data-end=\"3136\">Nur zur \u00e4u\u00dferen Anwendung.<\/strong><\/p>\n<\/li>\n<li data-start=\"3137\" data-end=\"3202\">\n<p data-start=\"3139\" data-end=\"3202\">Nicht einnehmen \u2013 Jojoba\u00f6l ist nicht f\u00fcr den inneren Verzehr geeignet.<\/p>\n<\/li>\n<li data-start=\"3203\" data-end=\"3279\">\n<p data-start=\"3205\" data-end=\"3279\">F\u00fchren Sie immer einen Patch-Test durch, bevor Sie es vollst\u00e4ndig verwenden, besonders bei empfindlicher Haut.<\/p>\n<\/li>\n<li data-start=\"3280\" data-end=\"3306\">\n<p data-start=\"3282\" data-end=\"3306\">Au\u00dfer Reichweite von Kindern aufbewahren.<\/p>\n<\/li>\n<\/ul>\n<h2 data-start=\"3627\" data-end=\"3672\"> Erleben Sie die reine Kraft von Jojoba\u00f6l<\/h2>\n<p data-start=\"3674\" data-end=\"3934\">Ob Sie alterswidrige Hautpflege suchen, N\u00e4hrung f\u00fcr gesch\u00e4digtes Haar oder einen nat\u00fcrlichen Sch\u00f6nheits-Multitasker \u2013 <strong data-start=\"3787\" data-end=\"3807\">Lotus Jojoba\u00f6l<\/strong> ist Ihre Wahl. Mit seiner seidenweichen Textur und hautfreundlichem Profil liefert dieses \u00d6l sichtbare Ergebnisse \u2013 nat\u00fcrlich und m\u00fchelos.<\/p>\n<p data-start=\"3936\" data-end=\"3985\"><strong data-start=\"3936\" data-end=\"3985\">W\u00e4hlen Sie Lotus. W\u00e4hlen Sie Reinheit. W\u00e4hlen Sie Strahlkraft.<\/strong><\/p>\n<p style=\"text-align: center;\">Vielen Dank, dass Sie bei <em data-start=\"415\" data-end=\"431\"><a href=\"https:\/\/bazaar.express\/de\/\">Bazaar Express<\/a><\/em> einkaufen \u2013 wir freuen uns, Sie dabei zu haben!<\/p>\n<p style=\"text-align: center;\">Sp\u00fcren Sie die Kraft der Natur \u2013 reine <a href=\"https:\/\/bazaar.express\/de\/therapeutic-oils\/\">Therapeutische \u00d6le<\/a> f\u00fcr den t\u00e4glichen Wohlbefinden.<\/p>\n","protected":false},"excerpt":{"rendered":"<h3 data-start=\"466\" data-end=\"681\">Lotus Jojoba\u00f6l ist ein reines, n\u00e4hrstoffreiches \u00d6l, das die nat\u00fcrliche Feuchtigkeit Ihrer Haut nachahmt. Es spendet trockener Haut Feuchtigkeit, reinigt verstopfte Poren, st\u00e4rkt das Haar und sch\u00fctzt vor Alterungszeichen. Geeignet f\u00fcr alle Hauttypen.<\/h3>\n","protected":false},"featured_media":38392,"comment_status":"open","ping_status":"closed","template":"","meta":[],"product_brand":[],"product_cat":[963,962],"product_tag":[978,977],"class_list":{"0":"post-38390","1":"product","2":"type-product","3":"status-publish","4":"has-post-thumbnail","6":"product_cat-therapeutische-ole","7":"product_cat-beauty-pflege","8":"product_tag-naturliches-ol","9":"product_tag-ol","10":"pa_l-xl-125ml","11":"pa_l-xl-250ml","12":"pa_l-xl-60ml","14":"first","15":"instock","16":"sale","17":"shipping-taxable","18":"purchasable","19":"product-type-variable"},"_links":{"self":[{"href":"https:\/\/bazaar.express\/de\/wp-json\/wp\/v2\/product\/38390","targetHints":{"allow":["GET"]}}],"collection":[{"href":"https:\/\/bazaar.express\/de\/wp-json\/wp\/v2\/product"}],"about":[{"href":"https:\/\/bazaar.express\/de\/wp-json\/wp\/v2\/types\/product"}],"replies":[{"embeddable":true,"href":"https:\/\/bazaar.express\/de\/wp-json\/wp\/v2\/comments?post=38390"}],"wp:featuredmedia":[{"embeddable":true,"href":"https:\/\/bazaar.express\/de\/wp-json\/wp\/v2\/media\/38392"}],"wp:attachment":[{"href":"https:\/\/bazaar.express\/de\/wp-json\/wp\/v2\/media?parent=38390"}],"wp:term":[{"taxonomy":"product_brand","embeddable":true,"href":"https:\/\/bazaar.express\/de\/wp-json\/wp\/v2\/product_brand?post=38390"},{"taxonomy":"product_cat","embeddable":true,"href":"https:\/\/bazaar.express\/de\/wp-json\/wp\/v2\/product_cat?post=38390"},{"taxonomy":"product_tag","embeddable":true,"href":"https:\/\/bazaar.express\/de\/wp-json\/wp\/v2\/product_tag?post=38390"}],"curies":[{"name":"wp","href":"https:\/\/api.w.org\/{rel}","templated":true}]}}