{"id":38488,"date":"2024-12-10T18:27:02","date_gmt":"2024-12-10T18:27:02","guid":{"rendered":"https:\/\/bazaar.express\/product\/olivenoel\/"},"modified":"2024-12-10T18:27:02","modified_gmt":"2024-12-10T18:27:02","slug":"olivenoel","status":"publish","type":"product","link":"https:\/\/bazaar.express\/de\/produkt\/olivenoel\/","title":{"rendered":"Oliven\u00f6l"},"content":{"rendered":"<h2 data-start=\"164\" data-end=\"239\">Lotus Oliven\u00f6l: Sch\u00f6nheit f\u00f6rdern und gesunden Lebensstil unterst\u00fctzen<\/h2>\n<p data-start=\"277\" data-end=\"603\">Oliven\u00f6l ist eine goldene, n\u00e4hrstoffreiche Fl\u00fcssigkeit, die durch Kaltpressung frischer Oliven gewonnen wird. Diese traditionelle Methode erh\u00e4lt seine nat\u00fcrlichen Antioxidantien, Vitamine und Fetts\u00e4uren. Seit Jahrhunderten in mediterranen Sch\u00f6nheits- und Wellness-Routinen gesch\u00e4tzt, ist Lotus Oliven\u00f6l ein vielseitiges Elixier f\u00fcr innere und \u00e4u\u00dfere Gesundheit.<\/p>\n<h3 data-start=\"610\" data-end=\"651\"> Wichtige Vorteile von Lotus Oliven\u00f6l<\/h3>\n<h4 data-start=\"653\" data-end=\"683\">Anti-Aging-Kraftpaket<\/h4>\n<p data-start=\"684\" data-end=\"853\">Oliven\u00f6l ist reich an Antioxidantien wie Polyphenolen und Vitamin E, die freie Radikale bek\u00e4mpfen und Anzeichen des Alterns verz\u00f6gern. Verabschieden Sie sich von vorzeitigen Falten und feinen Linien.<\/p>\n<h4 data-start=\"855\" data-end=\"885\">Tiefe Hautpflege<\/h4>\n<p data-start=\"886\" data-end=\"1058\">Mit seinen starken Feuchtigkeits spendenden Eigenschaften dringt Oliven\u00f6l tief in die Hautschichten ein, macht trockene Stellen weich, repariert Sch\u00e4den und verleiht Ihrer Haut einen glatten, taufrischen Glanz.<\/p>\n<h4 data-start=\"1060\" data-end=\"1097\">Erh\u00e4lt nat\u00fcrliche Haarfarbe<\/h4>\n<p data-start=\"1098\" data-end=\"1263\">Oliven\u00f6l f\u00f6rdert die Melaninproduktion, hilft, Ihre nat\u00fcrliche Haarfarbe zu erhalten und das Ergrauen zu verz\u00f6gern. Es gibt auch Glanz zur\u00fcck und st\u00e4rkt br\u00fcchige Str\u00e4hnen.<\/p>\n<h4 data-start=\"1265\" data-end=\"1308\">Unterst\u00fctzt Immunit\u00e4t und Herzgesundheit<\/h4>\n<p data-start=\"1309\" data-end=\"1499\">Reich an \u00d6ls\u00e4ure und entz\u00fcndungshemmenden Verbindungen versorgt Lotus Oliven\u00f6l Ihren K\u00f6rper von innen nach au\u00dfen und hilft, das schlechte Cholesterin zu senken und Ihr Immunsystem zu st\u00e4rken.<\/p>\n<h3 data-start=\"1506\" data-end=\"1531\"> Was ist drin?<\/h3>\n<ul data-start=\"1533\" data-end=\"1880\">\n<li data-start=\"1533\" data-end=\"1597\">\n<p data-start=\"1535\" data-end=\"1597\"><strong data-start=\"1535\" data-end=\"1549\">\u00d6ls\u00e4ure<\/strong> \u2013 Unterst\u00fctzt die Herzgesundheit und die Zellregeneration.<\/p>\n<\/li>\n<li data-start=\"1598\" data-end=\"1681\">\n<p data-start=\"1600\" data-end=\"1681\"><strong data-start=\"1600\" data-end=\"1612\">Squalen<\/strong> \u2013 Bietet intensive Hydratation und wirkt als Schutzbarriere f\u00fcr die Haut.<\/p>\n<\/li>\n<li data-start=\"1682\" data-end=\"1775\">\n<p data-start=\"1684\" data-end=\"1775\"><strong data-start=\"1684\" data-end=\"1715\">Pflanzensterole &#038; Polyphenole<\/strong> \u2013 Nat\u00fcrliche Entz\u00fcndungshemmer, die Haut und Kopfhaut beruhigen.<\/p>\n<\/li>\n<li data-start=\"1776\" data-end=\"1880\">\n<p data-start=\"1778\" data-end=\"1880\"><strong data-start=\"1778\" data-end=\"1805\">Tocopherole (Vitamin E)<\/strong> \u2013 Starkes Antioxidans, das Haut und Haare vor Umwelteinfl\u00fcssen sch\u00fctzt.<\/p>\n<\/li>\n<\/ul>\n<h3 data-start=\"1887\" data-end=\"1909\"> Vorsichtsma\u00dfnahmen<\/h3>\n<ul data-start=\"1911\" data-end=\"2099\">\n<li data-start=\"1911\" data-end=\"2006\">\n<p data-start=\"1913\" data-end=\"2006\">Schwangere oder stillende Frauen sollten vor der Verwendung von Oliven\u00f6l in gro\u00dfen Mengen einen Arzt konsultieren.<\/p>\n<\/li>\n<li data-start=\"2007\" data-end=\"2099\">\n<p data-start=\"2009\" data-end=\"2099\">Diabetiker sollten Oliven\u00f6l in der Ern\u00e4hrung vorsichtig verwenden, da es den Blutzuckerspiegel beeinflussen kann.<\/p>\n<\/li>\n<\/ul>\n<h3 data-start=\"2106\" data-end=\"2143\"> So verwenden Sie Lotus Oliven\u00f6l<\/h3>\n<h4 data-start=\"2145\" data-end=\"2170\">F\u00fcr die K\u00fcche<\/h4>\n<ul data-start=\"2171\" data-end=\"2355\">\n<li data-start=\"2171\" data-end=\"2242\">\n<p data-start=\"2173\" data-end=\"2242\">\u00dcber Salate, Gem\u00fcse oder Toast tr\u00e4ufeln f\u00fcr einen n\u00e4hrstoffreichen Abschluss.<\/p>\n<\/li>\n<li data-start=\"2243\" data-end=\"2299\">\n<p data-start=\"2245\" data-end=\"2299\">Als ges\u00fcndere Alternative zu Butter oder Margarine verwenden.<\/p>\n<\/li>\n<li data-start=\"2300\" data-end=\"2355\">\n<p data-start=\"2302\" data-end=\"2355\">\u00dcberhitzung vermeiden, um die n\u00fctzlichen Verbindungen zu erhalten.<\/p>\n<\/li>\n<\/ul>\n<h4 data-start=\"2357\" data-end=\"2379\">F\u00fcr die Hautpflege<\/h4>\n<ul data-start=\"2380\" data-end=\"2541\">\n<li data-start=\"2380\" data-end=\"2467\">\n<p data-start=\"2382\" data-end=\"2467\">Direkt auf trockene oder empfindliche Hautbereiche auftragen. Sanft in kreisenden Bewegungen einmassieren.<\/p>\n<\/li>\n<li data-start=\"2468\" data-end=\"2541\">\n<p data-start=\"2470\" data-end=\"2541\">Ideal f\u00fcr Abendroutinen, um m\u00fcde Haut zu erfrischen, w\u00e4hrend Sie schlafen.<\/p>\n<\/li>\n<\/ul>\n<h4 data-start=\"2543\" data-end=\"2570\">F\u00fcr Haarpflege<\/h4>\n<ul data-start=\"2571\" data-end=\"2774\">\n<li data-start=\"2571\" data-end=\"2631\">\n<p data-start=\"2573\" data-end=\"2631\">Gleiche Teile <strong data-start=\"2592\" data-end=\"2611\">Lotus Oliven\u00f6l<\/strong> und <strong data-start=\"2616\" data-end=\"2630\">Kaktus\u00f6l<\/strong> mischen.<\/p>\n<\/li>\n<li data-start=\"2632\" data-end=\"2678\">\n<p data-start=\"2634\" data-end=\"2678\">Auf Kopfhaut und Spitzen auftragen, gr\u00fcndlich einmassieren.<\/p>\n<\/li>\n<li data-start=\"2679\" data-end=\"2733\">\n<p data-start=\"2681\" data-end=\"2733\">4\u20135 Minuten einwirken lassen und mit lauwarmem Wasser aussp\u00fclen.<\/p>\n<\/li>\n<li data-start=\"2734\" data-end=\"2774\">\n<p data-start=\"2736\" data-end=\"2774\">2\u20133 Mal w\u00f6chentlich f\u00fcr beste Ergebnisse verwenden.<\/p>\n<\/li>\n<\/ul>\n<h3 data-start=\"3094\" data-end=\"3132\"> Warum Lotus Oliven\u00f6l w\u00e4hlen?<\/h3>\n<p data-start=\"3134\" data-end=\"3395\">Lotus Oliven\u00f6l verbindet jahrhundertealte Wellness-Weisheit mit moderner Wissenschaft, um eine leistungsstarke Mehrzweckl\u00f6sung zu bieten. Ob Sie Ihre Hautpflege, Haarroutine oder Ern\u00e4hrungsplan aufwerten m\u00f6chten \u2013 dieses reine, hochwertige \u00d6l liefert Exzellenz in jedem Tropfen.<\/p>\n<p data-start=\"3397\" data-end=\"3553\">F\u00fcgen Sie heute Lotus Oliven\u00f6l zu Ihrem Beauty- und Wellness-Arsenal hinzu und erleben Sie strahlende Haut, ges\u00fcnderes Haar und einen st\u00e4rkeren K\u00f6rper \u2013 alles aus einer nat\u00fcrlichen Quelle.<\/p>\n<p style=\"text-align: center;\">Vielen Dank, dass Sie bei <em data-start=\"415\" data-end=\"431\"><a href=\"https:\/\/bazaar.express\/de\/\">Bazaar Express<\/a><\/em> einkaufen \u2013 wir freuen uns, Sie dabei zu haben!<\/p>\n<p style=\"text-align: center;\">Sp\u00fcren Sie die Kraft der Natur \u2013 reine <a href=\"https:\/\/bazaar.express\/de\/therapeutic-oils\/\">Therapeutische \u00d6le<\/a> f\u00fcr den Alltagswohlstand.<\/p>\n","protected":false},"excerpt":{"rendered":"<h3>Lotus Oliven\u00f6l ist ein vielseitiges nat\u00fcrliches \u00d6l, ideal zur Hydratisierung der Haut, Pflege der Haare und F\u00f6rderung des allgemeinen Wohlbefindens. Reich an Antioxidantien, Vitamin E und \u00d6ls\u00e4ure hilft es, Falten zu reduzieren, die Haarfarbe zu erhalten und einen strahlenden Glanz zu f\u00f6rdern.<\/h3>\n","protected":false},"featured_media":38489,"comment_status":"open","ping_status":"closed","template":"","meta":[],"product_brand":[],"product_cat":[963,962],"product_tag":[1090,978,977],"class_list":{"0":"post-38488","1":"product","2":"type-product","3":"status-publish","4":"has-post-thumbnail","6":"product_cat-therapeutische-ole","7":"product_cat-beauty-pflege","8":"product_tag-lotus-olivenol","9":"product_tag-naturliches-ol","10":"product_tag-ol","11":"pa_l-xl-125ml","12":"pa_l-xl-60ml","14":"first","15":"instock","16":"sale","17":"shipping-taxable","18":"purchasable","19":"product-type-variable"},"_links":{"self":[{"href":"https:\/\/bazaar.express\/de\/wp-json\/wp\/v2\/product\/38488","targetHints":{"allow":["GET"]}}],"collection":[{"href":"https:\/\/bazaar.express\/de\/wp-json\/wp\/v2\/product"}],"about":[{"href":"https:\/\/bazaar.express\/de\/wp-json\/wp\/v2\/types\/product"}],"replies":[{"embeddable":true,"href":"https:\/\/bazaar.express\/de\/wp-json\/wp\/v2\/comments?post=38488"}],"wp:featuredmedia":[{"embeddable":true,"href":"https:\/\/bazaar.express\/de\/wp-json\/wp\/v2\/media\/38489"}],"wp:attachment":[{"href":"https:\/\/bazaar.express\/de\/wp-json\/wp\/v2\/media?parent=38488"}],"wp:term":[{"taxonomy":"product_brand","embeddable":true,"href":"https:\/\/bazaar.express\/de\/wp-json\/wp\/v2\/product_brand?post=38488"},{"taxonomy":"product_cat","embeddable":true,"href":"https:\/\/bazaar.express\/de\/wp-json\/wp\/v2\/product_cat?post=38488"},{"taxonomy":"product_tag","embeddable":true,"href":"https:\/\/bazaar.express\/de\/wp-json\/wp\/v2\/product_tag?post=38488"}],"curies":[{"name":"wp","href":"https:\/\/api.w.org\/{rel}","templated":true}]}}