{"id":38496,"date":"2024-12-10T00:43:05","date_gmt":"2024-12-10T00:43:05","guid":{"rendered":"https:\/\/bazaar.express\/product\/wasserkresseoel-das-geheimnis-der-natur\/"},"modified":"2024-12-10T00:43:05","modified_gmt":"2024-12-10T00:43:05","slug":"wasserkresseoel-das-geheimnis-der-natur","status":"publish","type":"product","link":"https:\/\/bazaar.express\/de\/produkt\/wasserkresseoel-das-geheimnis-der-natur\/","title":{"rendered":"Wasserkresse\u00f6l &#8211; Das Geheimnis der Natur"},"content":{"rendered":"<h2 data-start=\"246\" data-end=\"328\">Lotus Wasserkresse\u00f6l: Ein nat\u00fcrlicher Booster f\u00fcr strahlende Haut und starkes, gl\u00e4nzendes Haar<\/h2>\n<h3 data-start=\"330\" data-end=\"369\">Pflegen Sie Ihre Sch\u00f6nheit auf nat\u00fcrliche Weise<\/h3>\n<p data-start=\"371\" data-end=\"713\">Suchen Sie nach einem nat\u00fcrlichen Mittel, um m\u00fcde Haut zu beleben und die Vitalit\u00e4t Ihrer Haare zu steigern? <strong data-start=\"446\" data-end=\"470\">Lotus Wasserkresse\u00f6l<\/strong> ist ein kraftvolles pflanzliches Extrakt, das wesentliche N\u00e4hrstoffe an Ihre Kopfhaut und Haut liefert. Reich an Vitaminen, Antioxidantien und Spurenelementen, erfrischt es von der Wurzel an \u2013 ideal f\u00fcr jede Sch\u00f6nheits- oder Wellness-Routine.<\/p>\n<h3 data-start=\"720\" data-end=\"747\">Was ist Wasserkresse\u00f6l?<\/h3>\n<p data-start=\"749\" data-end=\"1045\">Wasserkresse\u00f6l wird aus den n\u00e4hrstoffreichen Bl\u00e4ttern der Wasserkresse gewonnen \u2013 einem uralten Blattgem\u00fcse, das f\u00fcr seine heilenden und reinigenden Eigenschaften bekannt ist. Mit einer Geschichte, die in der Kr\u00e4utermedizin und der modernen Hautpflegewissenschaft verwurzelt ist, bietet dieses \u00d6l vielseitige Unterst\u00fctzung f\u00fcr Haut- und Haargesundheit.<\/p>\n<h3 data-start=\"1052\" data-end=\"1091\">Hautvorteile, die von innen strahlen<\/h3>\n<ul data-start=\"1093\" data-end=\"1626\">\n<li data-start=\"1093\" data-end=\"1246\">\n<p data-start=\"1095\" data-end=\"1246\"><strong data-start=\"1095\" data-end=\"1120\">Repariert besch\u00e4digte Haut:<\/strong> Mit seinem hohen Gehalt an Vitamin A und Beta-Carotin f\u00f6rdert es den Zellumbau und hilft, Narben, dunkle Flecken und Unreinheiten zu verblassen.<\/p>\n<\/li>\n<li data-start=\"1247\" data-end=\"1362\">\n<p data-start=\"1249\" data-end=\"1362\"><strong data-start=\"1249\" data-end=\"1269\">Feuchtet intensiv:<\/strong> Hohe Vitamin-E- und Fetts\u00e4urewerte helfen, Feuchtigkeit einzuschlie\u00dfen und lassen die Haut weich und elastisch.<\/p>\n<\/li>\n<li data-start=\"1363\" data-end=\"1501\">\n<p data-start=\"1365\" data-end=\"1501\"><strong data-start=\"1365\" data-end=\"1388\">Antioxidansschutz:<\/strong> Bek\u00e4mpft freie Radikale und Umweltbelastungen, verz\u00f6gert Alterserscheinungen und verbessert den Gesamthautton.<\/p>\n<\/li>\n<li data-start=\"1502\" data-end=\"1626\">\n<p data-start=\"1504\" data-end=\"1626\"><strong data-start=\"1504\" data-end=\"1529\">Lindert Entz\u00fcndungen:<\/strong> Sanft zur empfindlichen Haut und wirksam gegen Sonnenbrand, R\u00f6tungen und Reizungen.<\/p>\n<\/li>\n<\/ul>\n<h3 data-start=\"1633\" data-end=\"1668\">Haarvorteile, die Volumen sprechen<\/h3>\n<ul data-start=\"1670\" data-end=\"2201\">\n<li data-start=\"1670\" data-end=\"1826\">\n<p data-start=\"1672\" data-end=\"1826\"><strong data-start=\"1672\" data-end=\"1699\">St\u00e4rkt Haarwurzeln:<\/strong> Reich an Eisen, Magnesium und Zink versorgt Wasserkresse\u00f6l die Haarfollikel, reduziert Haarausfall und f\u00f6rdert neues Wachstum.<\/p>\n<\/li>\n<li data-start=\"1827\" data-end=\"1940\">\n<p data-start=\"1829\" data-end=\"1940\"><strong data-start=\"1829\" data-end=\"1857\">Verleiht Glanz und Weichheit:<\/strong> Verst\u00e4rkt den nat\u00fcrlichen Glanz Ihrer Haare und l\u00e4sst sie seidenweich und leicht zu k\u00e4mmen.<\/p>\n<\/li>\n<li data-start=\"1941\" data-end=\"2079\">\n<p data-start=\"1943\" data-end=\"2079\"><strong data-start=\"1943\" data-end=\"1962\">Kopfhautreiniger:<\/strong> Mit antifungalen und antibakteriellen Eigenschaften lindert es juckende oder schuppige Kopfhaut, reduziert Schuppen und Reizungen.<\/p>\n<\/li>\n<li data-start=\"2080\" data-end=\"2201\">\n<p data-start=\"2082\" data-end=\"2201\"><strong data-start=\"2082\" data-end=\"2110\">Revitalisiert Haarwachstum:<\/strong> Durch Anregung der Blutzirkulation verleiht es d\u00fcnnen oder stumpfen Str\u00e4hnen neues Leben.<\/p>\n<\/li>\n<\/ul>\n<h3 data-start=\"2208\" data-end=\"2227\">Wichtige Inhaltsstoffe<\/h3>\n<ul data-start=\"2229\" data-end=\"2511\">\n<li data-start=\"2229\" data-end=\"2295\">\n<p data-start=\"2231\" data-end=\"2295\"><strong data-start=\"2231\" data-end=\"2244\">Vitamine:<\/strong> A, B-Komplex, C und E f\u00fcr Pflege und Reparatur.<\/p>\n<\/li>\n<li data-start=\"2296\" data-end=\"2396\">\n<p data-start=\"2298\" data-end=\"2396\"><strong data-start=\"2298\" data-end=\"2311\">Mineralstoffe:<\/strong> Eisen, Kalzium, Zink, Kalium, Phosphor und Magnesium f\u00fcr zellul\u00e4re Erneuerung.<\/p>\n<\/li>\n<li data-start=\"2397\" data-end=\"2511\">\n<p data-start=\"2399\" data-end=\"2511\"><strong data-start=\"2399\" data-end=\"2416\">Antioxidantien:<\/strong> Fols\u00e4ure, Zeaxanthin und Beta-Carotin f\u00fcr jugendliche Haut und eine starke Kopfhautbarriere.<\/p>\n<\/li>\n<\/ul>\n<h3 data-start=\"2518\" data-end=\"2553\">So verwenden Sie Lotus Wasserkresse\u00f6l<\/h3>\n<h4 data-start=\"2555\" data-end=\"2569\">F\u00fcr die Haut:<\/h4>\n<p data-start=\"2570\" data-end=\"2727\">Tragen Sie mehrmals t\u00e4glich einige Tropfen auf gereinigte Haut auf. Massieren Sie es in sanften kreisenden Bewegungen ein, bis es vollst\u00e4ndig aufgenommen ist. Am besten in Ihrer morgendlichen und abendlichen Hautpflege-Routine verwenden.<\/p>\n<h4 data-start=\"2729\" data-end=\"2743\">F\u00fcr das Haar:<\/h4>\n<p data-start=\"2744\" data-end=\"2937\">W\u00e4rmen Sie eine kleine Menge \u00d6l an und massieren Sie es in die Kopfhaut und Haarwurzeln ein. Bedecken Sie es mit einem Handtuch oder einer Duschhaube f\u00fcr 45\u201360 Minuten. Sp\u00fclen Sie mit lauwarmem Wasser aus. Wiederholen Sie 2\u20133 Mal w\u00f6chentlich f\u00fcr optimale Ergebnisse.<\/p>\n<h3 data-start=\"3253\" data-end=\"3289\">Warum Lotus Wasserkresse\u00f6l w\u00e4hlen?<\/h3>\n<p data-start=\"3291\" data-end=\"3668\">Dieses \u00d6l ist mehr als nur ein Sch\u00f6nheitsverst\u00e4rker \u2013 es ist ein Begleiter f\u00fcr das Wohlbefinden des ganzen K\u00f6rpers. Es verbindet uraltes pflanzliches Wissen mit moderner Selbstf\u00fcrsorge und liefert eine n\u00e4hrstoffreiche Formel, die strahlende Haut und revitalisiertes Haar unterst\u00fctzt. Egal, ob Sie mit Trockenheit, Haarausd\u00fcnnung, fahlem Teint oder Kopfhautreizungen zu k\u00e4mpfen haben, Lotus Wasserkresse\u00f6l bietet nat\u00fcrliche, wirksame Pflege.<\/p>\n<h2 data-start=\"3675\" data-end=\"3713\">Erleben Sie die botanische Brillanz<\/h2>\n<p data-start=\"3715\" data-end=\"3927\">Lassen Sie <strong data-start=\"3719\" data-end=\"3743\">Lotus Wasserkresse\u00f6l<\/strong> zu Ihrem zuverl\u00e4ssigen Verb\u00fcndeten werden, um gesunde, leuchtende Haut und dickes, vitales Haar zu erzielen. Umarmen Sie dieses n\u00e4hrstoffreiche pflanzliche Mittel und entdecken Sie Sch\u00f6nheit, die von innen heraus strahlt.<\/p>\n<p style=\"text-align: center;\">Vielen Dank, dass Sie bei <em data-start=\"415\" data-end=\"431\"><a href=\"https:\/\/bazaar.express\/de\/\">Bazaar Express<\/a><\/em> einkaufen \u2013 wir freuen uns, Sie dabei zu haben!<\/p>\n<p style=\"text-align: center;\">Sp\u00fcren Sie die Kraft der Natur \u2013 reine <a href=\"https:\/\/bazaar.express\/de\/therapeutic-oils\/\">Therapeutische \u00d6le<\/a> f\u00fcr den Alltagswohlstand.<\/p>\n","protected":false},"excerpt":{"rendered":"<h3 data-start=\"427\" data-end=\"673\">Lotus Wasserkresse\u00f6l ist ein vielseitiges nat\u00fcrliches \u00d6l, angereichert mit Vitaminen A, B, C und E sowie Eisen, Zink und Antioxidantien. Ideal, um fahle Haut zu revitalisieren, Haarwurzeln zu st\u00e4rken und gesunde, strahlende Sch\u00f6nheit von innen zu f\u00f6rdern.<\/h3>\n","protected":false},"featured_media":38497,"comment_status":"open","ping_status":"closed","template":"","meta":[],"product_brand":[],"product_cat":[963,962],"product_tag":[1092,978,977],"class_list":{"0":"post-38496","1":"product","2":"type-product","3":"status-publish","4":"has-post-thumbnail","6":"product_cat-therapeutische-ole","7":"product_cat-beauty-pflege","8":"product_tag-lotus-wasserkresseol","9":"product_tag-naturliches-ol","10":"product_tag-ol","11":"pa_l-xl-125ml","12":"pa_l-xl-60ml","14":"first","15":"instock","16":"sale","17":"shipping-taxable","18":"purchasable","19":"product-type-variable"},"_links":{"self":[{"href":"https:\/\/bazaar.express\/de\/wp-json\/wp\/v2\/product\/38496","targetHints":{"allow":["GET"]}}],"collection":[{"href":"https:\/\/bazaar.express\/de\/wp-json\/wp\/v2\/product"}],"about":[{"href":"https:\/\/bazaar.express\/de\/wp-json\/wp\/v2\/types\/product"}],"replies":[{"embeddable":true,"href":"https:\/\/bazaar.express\/de\/wp-json\/wp\/v2\/comments?post=38496"}],"wp:featuredmedia":[{"embeddable":true,"href":"https:\/\/bazaar.express\/de\/wp-json\/wp\/v2\/media\/38497"}],"wp:attachment":[{"href":"https:\/\/bazaar.express\/de\/wp-json\/wp\/v2\/media?parent=38496"}],"wp:term":[{"taxonomy":"product_brand","embeddable":true,"href":"https:\/\/bazaar.express\/de\/wp-json\/wp\/v2\/product_brand?post=38496"},{"taxonomy":"product_cat","embeddable":true,"href":"https:\/\/bazaar.express\/de\/wp-json\/wp\/v2\/product_cat?post=38496"},{"taxonomy":"product_tag","embeddable":true,"href":"https:\/\/bazaar.express\/de\/wp-json\/wp\/v2\/product_tag?post=38496"}],"curies":[{"name":"wp","href":"https:\/\/api.w.org\/{rel}","templated":true}]}}