{"id":38549,"date":"2024-11-29T15:37:09","date_gmt":"2024-11-29T15:37:09","guid":{"rendered":"https:\/\/bazaar.express\/product\/natuerliche-gelenkcreme-1kg\/"},"modified":"2026-03-02T11:20:24","modified_gmt":"2026-03-02T11:20:24","slug":"natuerliche-gelenkcreme-1kg","status":"publish","type":"product","link":"https:\/\/bazaar.express\/de\/produkt\/natuerliche-gelenkcreme-1kg\/","title":{"rendered":"Nat\u00fcrliche Gelenkcreme \u2013 1kg"},"content":{"rendered":"<h2 data-start=\"305\" data-end=\"385\">Nat\u00fcrliche Gelenkcreme \u2013 Wirkungsvolle Linderung aus der Natur f\u00fcr bequeme Bewegungen \u2013 1kg<\/h2>\n<h3 data-start=\"387\" data-end=\"426\">\u00a0Eine beruhigende Pflege f\u00fcr Ihre Gelenke<\/h3>\n<p data-start=\"428\" data-end=\"765\">M\u00fcde von Steifheit, Unbehagen oder eingeschr\u00e4nkter Bewegung? Entdecken Sie die <strong data-start=\"497\" data-end=\"520\">nat\u00fcrliche Gelenkcreme<\/strong> von <em data-start=\"526\" data-end=\"533\">Tnerh<\/em>, Ihren neuen Begleiter f\u00fcr die Gelenkgesundheit. In \u00c4gypten mit 100% <strong data-start=\"602\" data-end=\"625\">nat\u00fcrlichen Inhaltsstoffen<\/strong> formuliert, ist diese wirksame und luxuri\u00f6se Creme darauf ausgelegt, Flexibilit\u00e4t wiederherzustellen, Entz\u00fcndungen zu reduzieren und das allgemeine Gelenkwohlbefinden zu verbessern \u2013 nat\u00fcrlich.<\/p>\n<h3 data-start=\"767\" data-end=\"811\">\u00a0Verl\u00e4ssliche nat\u00fcrliche Inhaltsstoffe<\/h3>\n<p data-start=\"813\" data-end=\"1058\">Sorgf\u00e4ltig hergestellt, verbindet diese <strong data-start=\"837\" data-end=\"860\">nat\u00fcrliche Gelenkcreme<\/strong> die starken Vorteile von <strong data-start=\"893\" data-end=\"903\">Arnika<\/strong>, <strong data-start=\"905\" data-end=\"912\">MSM<\/strong>, <strong data-start=\"914\" data-end=\"929\">Glucosamin<\/strong> und <strong data-start=\"935\" data-end=\"947\">Kurkuma<\/strong> mit <strong data-start=\"953\" data-end=\"966\">Aloe Vera<\/strong>, <strong data-start=\"968\" data-end=\"983\">Sheabutter<\/strong> und therapeutischen <strong data-start=\"1001\" data-end=\"1019\">\u00c4therischen \u00d6len<\/strong>. Diese Inhaltsstoffe wirken harmonisch zusammen, um:<\/p>\n<ul data-start=\"1060\" data-end=\"1208\">\n<li data-start=\"1060\" data-end=\"1101\">\n<p data-start=\"1062\" data-end=\"1101\"><strong data-start=\"1062\" data-end=\"1101\">Schmerzen zu lindern und Entz\u00fcndungen zu reduzieren<\/strong><\/p>\n<\/li>\n<li data-start=\"1102\" data-end=\"1151\">\n<p data-start=\"1104\" data-end=\"1151\"><strong data-start=\"1104\" data-end=\"1151\">Knorpelreparatur und Gelenkst\u00e4rke zu f\u00f6rdern<\/strong><\/p>\n<\/li>\n<li data-start=\"1152\" data-end=\"1208\">\n<p data-start=\"1154\" data-end=\"1208\"><strong data-start=\"1154\" data-end=\"1208\">Langfristige Flexibilit\u00e4t und leichte Beweglichkeit zu unterst\u00fctzen<\/strong><\/p>\n<\/li>\n<\/ul>\n<p data-start=\"1210\" data-end=\"1324\">Egal ob aktiv, im Alter oder bei der Erholung von einer Verletzung \u2013 diese Creme unterst\u00fctzt das <strong data-start=\"1290\" data-end=\"1308\">Gelenkwohlbefinden<\/strong> bei jeder Anwendung.<\/p>\n<h3 data-start=\"1326\" data-end=\"1368\">\u00a0Schnell einziehende &#038; nicht fettende Textur<\/h3>\n<p data-start=\"1370\" data-end=\"1647\">Im Gegensatz zu synthetischen Alternativen zieht unsere leichte Formel schnell ein und hinterl\u00e4sst keinen klebrigen oder fettigen R\u00fcckstand. Sie ist ideal f\u00fcr den Tagesgebrauch vor k\u00f6rperlicher Aktivit\u00e4t oder f\u00fcr die n\u00e4chtliche Anwendung, um Ihre Gelenke zu entspannen, w\u00e4hrend Sie schlafen. Genie\u00dfen Sie <strong data-start=\"1601\" data-end=\"1629\">tief eindringenden Komfort<\/strong> ohne Unordnung.<\/p>\n<h3 data-start=\"1649\" data-end=\"1674\">\u00a0Wer sollte sie verwenden?<\/h3>\n<ul data-start=\"1676\" data-end=\"1914\">\n<li data-start=\"1676\" data-end=\"1739\">\n<p data-start=\"1678\" data-end=\"1739\"><strong data-start=\"1678\" data-end=\"1709\">Athleten und Fitnessliebhaber<\/strong>, die Erholung nach dem Training ben\u00f6tigen<\/p>\n<\/li>\n<li data-start=\"1740\" data-end=\"1787\">\n<p data-start=\"1742\" data-end=\"1787\"><strong data-start=\"1742\" data-end=\"1753\">Senioren<\/strong> mit altersbedingten Gelenkproblemen<\/p>\n<\/li>\n<li data-start=\"1788\" data-end=\"1839\">\n<p data-start=\"1790\" data-end=\"1839\"><strong data-start=\"1790\" data-end=\"1808\">B\u00fcroangestellte<\/strong>, die mit repetitiven Belastungen umgehen<\/p>\n<\/li>\n<li data-start=\"1840\" data-end=\"1914\">\n<p data-start=\"1842\" data-end=\"1914\"><strong data-start=\"1842\" data-end=\"1852\">Jeder<\/strong>, der eine reine, pflanzliche Alternative zu synthetischen Gelenkcremes sucht<\/p>\n<\/li>\n<\/ul>\n<h3 data-start=\"1916\" data-end=\"1960\">\u00a0Warum Tnerh nat\u00fcrliche Gelenkcreme w\u00e4hlen?<\/h3>\n<ul data-start=\"1962\" data-end=\"2181\">\n<li data-start=\"1962\" data-end=\"1998\">\n<p data-start=\"1964\" data-end=\"1998\"><strong data-start=\"1966\" data-end=\"1998\">100% nat\u00fcrlich &#038; chemiefrei<\/strong><\/p>\n<\/li>\n<li data-start=\"1999\" data-end=\"2025\">\n<p data-start=\"2001\" data-end=\"2025\"><strong data-start=\"2003\" data-end=\"2025\">Sicher f\u00fcr den t\u00e4glichen Gebrauch<\/strong><\/p>\n<\/li>\n<li data-start=\"2026\" data-end=\"2072\">\n<p data-start=\"2028\" data-end=\"2072\"><strong data-start=\"2030\" data-end=\"2047\">Hergestellt in \u00c4gypten<\/strong> aus hochwertigen lokalen Kr\u00e4utern<\/p>\n<\/li>\n<li data-start=\"2073\" data-end=\"2114\">\n<p data-start=\"2075\" data-end=\"2114\"><strong data-start=\"2077\" data-end=\"2114\">Von Kunden in ganz \u00c4gypten vertraut<\/strong><\/p>\n<\/li>\n<li data-start=\"2115\" data-end=\"2181\">\n<p data-start=\"2117\" data-end=\"2181\"><strong data-start=\"2119\" data-end=\"2136\">Gro\u00dfes 1kg Glas<\/strong> \u2013 Guter Wert f\u00fcr Familien und langfristigen Gebrauch<\/p>\n<\/li>\n<\/ul>\n<h3 data-start=\"2496\" data-end=\"2513\">\u00a0So verwenden<\/h3>\n<p data-start=\"2515\" data-end=\"2701\">Tragen Sie eine gro\u00dfz\u00fcgige Menge <strong data-start=\"2542\" data-end=\"2565\">nat\u00fcrlicher Gelenkcreme<\/strong> auf saubere, trockene Haut im betroffenen Bereich auf. Massieren Sie sanft, bis sie vollst\u00e4ndig eingezogen ist. Verwenden Sie <strong data-start=\"2650\" data-end=\"2665\">zweimal t\u00e4glich<\/strong> \u2013 morgens und abends \u2013 f\u00fcr beste Ergebnisse.<\/p>\n<h2 data-start=\"2708\" data-end=\"2760\">\ud83d\uded2 Investieren Sie in nat\u00fcrliche Linderung. Sp\u00fcren Sie den Unterschied.<\/h2>\n<p data-start=\"2762\" data-end=\"3028\">Bei <strong data-start=\"2765\" data-end=\"2783\">Bazaar Express<\/strong> sind wir stolz darauf, Ihnen <strong data-start=\"2810\" data-end=\"2851\">Tnerhs signaturm\u00e4\u00dfige nat\u00fcrliche Gelenkcreme<\/strong> anzubieten \u2013 ein Premium-\u00e4gyptisches Produkt, das uraltes botanikwissen mit moderner Wellness verbindet. Geben Sie Ihren Gelenken die Pflege, die sie verdienen. Machen Sie es zu einem Teil Ihrer t\u00e4glichen Selbstpflegeroutine.<\/p>\n<p data-start=\"3030\" data-end=\"3077\"><strong data-start=\"3030\" data-end=\"3077\">Probieren Sie es heute aus \u2013 und bewegen Sie sich wieder frei.<\/strong><\/p>\n<p style=\"text-align: center;\">Vielen Dank, dass Sie bei <em data-start=\"415\" data-end=\"431\"><a href=\"https:\/\/bazaar.express\/de\/\">Bazaar Express<\/a><\/em> einkaufen \u2013 wir freuen uns, Sie dabei zu haben!<\/p>\n<p style=\"text-align: center;\">Ihre Reise zu besserer Selbstpflege beginnt hier \u2013 mit vertrauensw\u00fcrdiger <a href=\"https:\/\/bazaar.express\/product-category\/beauty-care\/\">Beauty &#038; Care<\/a>.<\/p>\n","protected":false},"excerpt":{"rendered":"<h3 data-start=\"444\" data-end=\"700\">Tnerh nat\u00fcrliche Gelenkcreme bietet schnelle, beruhigende Linderung mit rein nat\u00fcrlichen \u00e4gyptischen Inhaltsstoffen. Ideal zur Reduzierung von Gelenkbeschwerden, Verbesserung der Beweglichkeit und F\u00f6rderung langfristiger Flexibilit\u00e4t. Perfekt f\u00fcr den t\u00e4glichen Gebrauch und sicher f\u00fcr alle Hauttypen. Gro\u00dfes 1kg Glas.<\/h3>\n","protected":false},"featured_media":38552,"comment_status":"open","ping_status":"closed","template":"","meta":[],"product_brand":[],"product_cat":[962,963],"product_tag":[1065],"class_list":{"0":"post-38549","1":"product","2":"type-product","3":"status-publish","4":"has-post-thumbnail","6":"product_cat-beauty-pflege","7":"product_cat-therapeutische-ole","8":"product_tag-gelenkcreme","10":"first","11":"instock","12":"sale","13":"shipping-taxable","14":"purchasable","15":"product-type-simple"},"_links":{"self":[{"href":"https:\/\/bazaar.express\/de\/wp-json\/wp\/v2\/product\/38549","targetHints":{"allow":["GET"]}}],"collection":[{"href":"https:\/\/bazaar.express\/de\/wp-json\/wp\/v2\/product"}],"about":[{"href":"https:\/\/bazaar.express\/de\/wp-json\/wp\/v2\/types\/product"}],"replies":[{"embeddable":true,"href":"https:\/\/bazaar.express\/de\/wp-json\/wp\/v2\/comments?post=38549"}],"wp:featuredmedia":[{"embeddable":true,"href":"https:\/\/bazaar.express\/de\/wp-json\/wp\/v2\/media\/38552"}],"wp:attachment":[{"href":"https:\/\/bazaar.express\/de\/wp-json\/wp\/v2\/media?parent=38549"}],"wp:term":[{"taxonomy":"product_brand","embeddable":true,"href":"https:\/\/bazaar.express\/de\/wp-json\/wp\/v2\/product_brand?post=38549"},{"taxonomy":"product_cat","embeddable":true,"href":"https:\/\/bazaar.express\/de\/wp-json\/wp\/v2\/product_cat?post=38549"},{"taxonomy":"product_tag","embeddable":true,"href":"https:\/\/bazaar.express\/de\/wp-json\/wp\/v2\/product_tag?post=38549"}],"curies":[{"name":"wp","href":"https:\/\/api.w.org\/{rel}","templated":true}]}}