{"id":38553,"date":"2024-11-29T14:57:20","date_gmt":"2024-11-29T14:57:20","guid":{"rendered":"https:\/\/bazaar.express\/product\/pflegende-erdbeer-sheabutter-creme\/"},"modified":"2024-11-29T14:57:20","modified_gmt":"2024-11-29T14:57:20","slug":"pflegende-erdbeer-sheabutter-creme","status":"publish","type":"product","link":"https:\/\/bazaar.express\/de\/produkt\/pflegende-erdbeer-sheabutter-creme\/","title":{"rendered":"pflegende Erdbeer-Sheabutter-Creme"},"content":{"rendered":"<h2 data-start=\"218\" data-end=\"299\"><strong data-start=\"221\" data-end=\"299\">Erdbeer-Sheabutter-Creme von Tnerh \u2013 Tiefgehende Feuchtigkeit mit nat\u00fcrlichem Touch<\/strong><\/h2>\n<h3 data-start=\"301\" data-end=\"351\"><strong data-start=\"305\" data-end=\"351\">Intensiv pflegende Pflege f\u00fcr strahlende Haut<\/strong><\/h3>\n<p data-start=\"353\" data-end=\"712\">Verw\u00f6hnen Sie Ihre Haut mit der luxuri\u00f6sen Pflege, die sie verdient, mit der <strong data-start=\"404\" data-end=\"436\">Erdbeer-Sheabutter-Creme<\/strong> von <strong data-start=\"442\" data-end=\"451\">Tnerh<\/strong>, einem 100% nat\u00fcrlichen \u00e4gyptischen Hautpflegeprodukt, bekannt f\u00fcr seine Premium-Formulierung und seinen s\u00fc\u00dfen, lang anhaltenden Duft. Entwickelt f\u00fcr alle Hauttypen, bietet diese Sheabutter-Creme tiefe Feuchtigkeit und sichtbare Verj\u00fcngung \u2013 ideal f\u00fcr trockene, empfindliche oder sonnengestresste Haut.<\/p>\n<h3 data-start=\"719\" data-end=\"761\"><strong data-start=\"723\" data-end=\"761\">Was macht Sheabutter so besonders?<\/strong><\/h3>\n<p data-start=\"763\" data-end=\"934\"><strong data-start=\"763\" data-end=\"778\">Sheabutter<\/strong> ist eines der m\u00e4chtigsten nat\u00fcrlichen Inhaltsstoffe f\u00fcr die Hautpflege, reich an Vitaminen A und E, Fetts\u00e4uren und nat\u00fcrlichen Antioxidantien. Sie wird f\u00fcr ihre F\u00e4higkeit gefeiert:<\/p>\n<ul data-start=\"936\" data-end=\"1415\">\n<li data-start=\"936\" data-end=\"1004\">\n<p data-start=\"938\" data-end=\"1004\"><strong data-start=\"941\" data-end=\"960\">Tief zu feuchtigen:<\/strong> Bindet Feuchtigkeit f\u00fcr glatte, geschmeidige Haut<\/p>\n<\/li>\n<li data-start=\"1005\" data-end=\"1083\">\n<p data-start=\"1007\" data-end=\"1083\"><strong data-start=\"1010\" data-end=\"1028\">Zu heilen &#038; zu beruhigen:<\/strong> Behandelt nat\u00fcrlich Ekzeme, Psoriasis und Entz\u00fcndungen<\/p>\n<\/li>\n<li data-start=\"1084\" data-end=\"1173\">\n<p data-start=\"1086\" data-end=\"1173\"><strong data-start=\"1088\" data-end=\"1114\">Alterserscheinungen zu reduzieren:<\/strong> Mindert Dehnungsstreifen, feine Linien und Hautrauheit<\/p>\n<\/li>\n<li data-start=\"1174\" data-end=\"1258\">\n<p data-start=\"1176\" data-end=\"1258\"><strong data-start=\"1179\" data-end=\"1196\">Sonnenbrand zu lindern:<\/strong> Bietet schnelle Linderung und unterst\u00fctzt die Erholung von UV-Exposition<\/p>\n<\/li>\n<li data-start=\"1259\" data-end=\"1339\">\n<p data-start=\"1261\" data-end=\"1339\"><strong data-start=\"1264\" data-end=\"1286\">Hautt\u00f6nung zu verbessern:<\/strong> Hellt matte Bereiche auf und gleicht den Hautton aus<\/p>\n<\/li>\n<li data-start=\"1340\" data-end=\"1415\">\n<p data-start=\"1342\" data-end=\"1415\"><strong data-start=\"1345\" data-end=\"1367\">Nat\u00fcrlicher Duft:<\/strong> Der leichte Erdbeerd Duft erfrischt die Sinne<\/p>\n<\/li>\n<\/ul>\n<h3 data-start=\"1422\" data-end=\"1461\"><strong data-start=\"1426\" data-end=\"1461\">Hauptzutaten in unserer Formel<\/strong><\/h3>\n<ul data-start=\"1463\" data-end=\"1725\">\n<li data-start=\"1463\" data-end=\"1552\">\n<p data-start=\"1465\" data-end=\"1552\"><strong data-start=\"1465\" data-end=\"1493\">100% nat\u00fcrliche Sheabutter<\/strong> \u2013 Rein, roh und ethisch bezogen f\u00fcr maximale Feuchtigkeit<\/p>\n<\/li>\n<li data-start=\"1553\" data-end=\"1639\">\n<p data-start=\"1555\" data-end=\"1639\"><strong data-start=\"1555\" data-end=\"1573\">Erdbeer\u00f6l<\/strong> \u2013 Reich an Antioxidantien, unterst\u00fctzt jugendliche Hauttextur und Glanz<\/p>\n<\/li>\n<li data-start=\"1640\" data-end=\"1725\">\n<p data-start=\"1642\" data-end=\"1725\"><strong data-start=\"1642\" data-end=\"1659\">Vitamin E &#038; A<\/strong> \u2013 Essentiell f\u00fcr Elastizit\u00e4t, Hautreparatur und langfristigen Schutz<\/p>\n<\/li>\n<\/ul>\n<h3 data-start=\"1732\" data-end=\"1777\"><strong data-start=\"1736\" data-end=\"1777\">Warum Tnerhs Sheabutter-Creme w\u00e4hlen?<\/strong><\/h3>\n<ul data-start=\"1779\" data-end=\"2102\">\n<li data-start=\"1779\" data-end=\"1839\">\n<p data-start=\"1781\" data-end=\"1839\"><strong data-start=\"1786\" data-end=\"1803\">Hergestellt in \u00c4gypten<\/strong> mit lokal bezogenen Zutaten<\/p>\n<\/li>\n<li data-start=\"1840\" data-end=\"1901\">\n<p data-start=\"1842\" data-end=\"1901\"><strong data-start=\"1844\" data-end=\"1899\">Lizenziert von der \u00e4gyptischen Arznei- &#038; Kosmetikbeh\u00f6rde<\/strong><\/p>\n<\/li>\n<li data-start=\"1902\" data-end=\"1971\">\n<p data-start=\"1904\" data-end=\"1971\"><strong data-start=\"1907\" data-end=\"1923\">100% nat\u00fcrlich<\/strong> ohne k\u00fcnstliche Zusatzstoffe oder Konservierungsstoffe<\/p>\n<\/li>\n<li data-start=\"1972\" data-end=\"2040\">\n<p data-start=\"1974\" data-end=\"2040\"><strong data-start=\"1977\" data-end=\"1994\">Leichte Textur<\/strong>, die schnell einzieht, ohne Poren zu verstopfen<\/p>\n<\/li>\n<li data-start=\"2041\" data-end=\"2102\">\n<p data-start=\"2043\" data-end=\"2102\"><strong data-start=\"2046\" data-end=\"2073\">Sicher f\u00fcr alle Hauttypen<\/strong> \u2013 Auch f\u00fcr Kinder geeignet<\/p>\n<\/li>\n<\/ul>\n<h3 data-start=\"2109\" data-end=\"2132\"><strong data-start=\"2113\" data-end=\"2132\">Produktdetails<\/strong><\/h3>\n<ul data-start=\"2134\" data-end=\"2352\">\n<li data-start=\"2134\" data-end=\"2158\">\n<p data-start=\"2136\" data-end=\"2158\"><strong data-start=\"2136\" data-end=\"2147\">Gewicht:<\/strong> 80 Gramm<\/p>\n<\/li>\n<li data-start=\"2159\" data-end=\"2250\">\n<p data-start=\"2161\" data-end=\"2250\"><strong data-start=\"2161\" data-end=\"2171\">Duft:<\/strong> Nat\u00fcrlich duftend mit dem warmen Aroma von Sheabutter und s\u00fc\u00dfen Erdbeeren<\/p>\n<\/li>\n<li data-start=\"2251\" data-end=\"2352\">\n<p data-start=\"2253\" data-end=\"2352\"><strong data-start=\"2253\" data-end=\"2263\">Verwendung:<\/strong> Ideal f\u00fcr die t\u00e4gliche Feuchtigkeitspflege \u2013 Auf saubere, trockene Haut auftragen und einmassieren, bis vollst\u00e4ndig eingezogen<\/p>\n<\/li>\n<\/ul>\n<h2 data-start=\"2669\" data-end=\"2731\"><strong data-start=\"2672\" data-end=\"2731\">Zusammenfassung: Bringen Sie einen Hauch von Natur in Ihre Hautpflege-Routine<\/strong><\/h2>\n<p data-start=\"2733\" data-end=\"3096\"><strong data-start=\"2733\" data-end=\"2765\">Erdbeer-Sheabutter-Creme<\/strong> von <strong data-start=\"2769\" data-end=\"2778\">Tnerh<\/strong> ist mehr als nur ein Feuchtigkeitsspender \u2013 es ist eine vollst\u00e4ndige Hautpflege-Erfahrung. Von der Linderung von Sonnenbr\u00e4nden bis zur Reduzierung von Falten liefert ihre starke Formel sichtbare Ergebnisse bei jeder Anwendung. Verw\u00f6hnen Sie Ihre Haut mit dem Reichtum von <strong data-start=\"2993\" data-end=\"3008\">Sheabutter<\/strong>, dem Antioxidantien-Kick der Erdbeeren und der Liebe des nat\u00fcrlichen \u00e4gyptischen Handwerks.<\/p>\n<p data-start=\"3098\" data-end=\"3207\"> F\u00fcgen Sie es noch heute zu Ihrem <strong data-start=\"3116\" data-end=\"3134\">Bazaar Express<\/strong>-Warenkorb hinzu und erleben Sie glattere, strahlendere und tief gepflegte Haut!<\/p>\n<p style=\"text-align: center;\">Vielen Dank, dass Sie bei <em data-start=\"415\" data-end=\"431\"><a href=\"https:\/\/bazaar.express\/de\/\">Bazaar Express<\/a><\/em> einkaufen \u2013 wir freuen uns, Sie dabei zu haben!<\/p>\n<p style=\"text-align: center;\">Ihre Reise zu besserer Selbstpflege beginnt hier \u2013 mit <a href=\"https:\/\/bazaar.express\/product-category\/beauty-care\/\">Beauty &#038; Care<\/a>, auf die Sie sich verlassen k\u00f6nnen.<\/p>\n","protected":false},"excerpt":{"rendered":"<h3 data-start=\"489\" data-end=\"744\">Tnerhs Erdbeer-Sheabutter-Creme spendet tiefe Feuchtigkeit, beruhigt Reizungen und verbessert den Hautglanz mit der Kraft nat\u00fcrlicher Sheabutter und Erdbeer\u00f6l. Reich an Vitaminen A &#038; E, ideal zum Weichmachen, Heilen und Revitalisieren aller Hauttypen.<\/h3>\n","protected":false},"featured_media":38556,"comment_status":"open","ping_status":"closed","template":"","meta":[],"product_brand":[],"product_cat":[962,963],"product_tag":[1105],"class_list":{"0":"post-38553","1":"product","2":"type-product","3":"status-publish","4":"has-post-thumbnail","6":"product_cat-beauty-pflege","7":"product_cat-therapeutische-ole","8":"product_tag-sheabutter","10":"first","11":"instock","12":"sale","13":"shipping-taxable","14":"purchasable","15":"product-type-simple"},"_links":{"self":[{"href":"https:\/\/bazaar.express\/de\/wp-json\/wp\/v2\/product\/38553","targetHints":{"allow":["GET"]}}],"collection":[{"href":"https:\/\/bazaar.express\/de\/wp-json\/wp\/v2\/product"}],"about":[{"href":"https:\/\/bazaar.express\/de\/wp-json\/wp\/v2\/types\/product"}],"replies":[{"embeddable":true,"href":"https:\/\/bazaar.express\/de\/wp-json\/wp\/v2\/comments?post=38553"}],"wp:featuredmedia":[{"embeddable":true,"href":"https:\/\/bazaar.express\/de\/wp-json\/wp\/v2\/media\/38556"}],"wp:attachment":[{"href":"https:\/\/bazaar.express\/de\/wp-json\/wp\/v2\/media?parent=38553"}],"wp:term":[{"taxonomy":"product_brand","embeddable":true,"href":"https:\/\/bazaar.express\/de\/wp-json\/wp\/v2\/product_brand?post=38553"},{"taxonomy":"product_cat","embeddable":true,"href":"https:\/\/bazaar.express\/de\/wp-json\/wp\/v2\/product_cat?post=38553"},{"taxonomy":"product_tag","embeddable":true,"href":"https:\/\/bazaar.express\/de\/wp-json\/wp\/v2\/product_tag?post=38553"}],"curies":[{"name":"wp","href":"https:\/\/api.w.org\/{rel}","templated":true}]}}