{"id":45331,"date":"2025-12-19T15:21:17","date_gmt":"2025-12-19T15:21:17","guid":{"rendered":"https:\/\/bazaar.express\/product\/luxury-collagen-cream-with-shea-butter\/"},"modified":"2025-12-19T15:21:17","modified_gmt":"2025-12-19T15:21:17","slug":"luxury-collagen-cream-with-shea-butter","status":"publish","type":"product","link":"https:\/\/bazaar.express\/de\/produkt\/luxury-collagen-cream-with-shea-butter\/","title":{"rendered":"Luxus-Kollagen-Creme mit Sheabutter"},"content":{"rendered":"<h2 id=\"luxury-collagen-cream-with-shea-butter--premium-eg\" class=\"mb-2 mt-4 font-display font-semimedium text-base first:mt-0 md:text-lg [hr+&#038;]:mt-4\">Luxus-Kollagen-Creme mit Sheabutter \u2013 Hochwertige \u00e4gyptische professionelle Anti-Aging-Pflege mit elit\u00e4ren Hautverj\u00fcngungseffekten<\/h2>\n<h3 class=\"mb-2 mt-4 font-display font-semimedium text-base first:mt-0\">Erleben Sie elit\u00e4re Hautpflege mit authentischer hochwertiger Kollagen-Creme und professioneller Verj\u00fcngungsbehandlung<\/h3>\n<p class=\"my-2 [&#038;+p]:mt-4 [&#038;_strong:has(+br)]:inline-block [&#038;_strong:has(+br)]:pb-2\">Genie\u00dfen Sie die Spitze der Anti-Aging-Luxuspflege mit unserer exklusiven hochwertigen Kollagen-Creme mit Sheabutter, einem luxuri\u00f6sen \u00e4gyptischen Sch\u00f6nheitsprodukt, das f\u00fcr anspruchsvolle Kunden mit hoher Konzentration elit\u00e4rer Wirkstoffe formuliert wurde. Unsere sorgf\u00e4ltig entwickelte Luxusformel verbindet authentisches hochwertiges Kollagen mit verfeinerten \u00e4gyptischen Traditionen, um professionelle Anti-Aging-Exzellenz, intensive Hautverj\u00fcngung und sichtbare jugendliche Erfrischung zu bieten. Unsere sorgf\u00e4ltig formulierte hochwertige Kollagen-Creme in 165-ml-Gl\u00e4sern ist f\u00fcr anspruchsvolle Luxushautpflege mit au\u00dfergew\u00f6hnlicher Reinheit, gehobenen professionellen Ergebnissen und \u00fcberlegener Sch\u00f6nheitstransformation konzipiert.<\/p>\n<h3 class=\"mb-2 mt-4 font-display font-semimedium text-base first:mt-0\">Warum w\u00e4hlen Sie hochwertige Luxus-Kollagen-Creme mit Sheabutter?<\/h3>\n<p class=\"my-2 [&#038;+p]:mt-4 [&#038;_strong:has(+br)]:inline-block [&#038;_strong:has(+br)]:pb-2\"><strong>Professionelles elites Kollagen mit hoher Konzentration:<\/strong>\u00a0Unser hochwertiges Kollagen-Creme mit Sheabutter nutzt die Kraft von professionellem hochwertigem Kollagen, um Falten pr\u00e4zise zu reduzieren. Formuliert mit erh\u00f6hter hoher Konzentration elit\u00e4rer Wirkstoffe, liefert diese Luxuscreme intensive professionelle Anti-Aging-Ergebnisse bei jeder Anwendung. Der hohe Prozentsatz an Kollagen sorgt f\u00fcr tiefere professionelle N\u00e4hrung, verbesserte elite Wirksamkeit und \u00fcberlegene sichtbare Verbesserungen im Vergleich zu Standardformeln mit professioneller Exzellenz.<\/p>\n<p class=\"my-2 [&#038;+p]:mt-4 [&#038;_strong:has(+br)]:inline-block [&#038;_strong:has(+br)]:pb-2\"><strong>Hochwertige Luxus-Sheabutter-Feuchtigkeitsversorgung:<\/strong>\u00a0Angereichert mit nat\u00fcrlicher hochwertiger Sheabutter, bietet unsere Luxusformel professionelle intensive Feuchtigkeit, die tief in die Hautschichten eindringt. Diese elite n\u00e4hrende Mischung macht die Haut weich, reduziert feine Linien und Falten deutlich und stellt den nat\u00fcrlichen Glanz wieder her. Die hohe Konzentration gew\u00e4hrleistet maximale N\u00e4hrung und elite Hautkonditionierung.<\/p>\n<p class=\"my-2 [&#038;+p]:mt-4 [&#038;_strong:has(+br)]:inline-block [&#038;_strong:has(+br)]:pb-2\"><strong>Professionelle elite Kollagenproduktion und Anti-Aging:<\/strong>\u00a0Unsere hochwertige Luxuscreme stimuliert die nat\u00fcrliche Kollagen- und Elastinproduktion, essenziell f\u00fcr die Erhaltung der Hautelastizit\u00e4t und Festigkeit. Dies reduziert das Auftreten feiner Linien und Falten, insbesondere um die Augen und Stirn. Die Formel unterst\u00fctzt jugendliche Haut.<\/p>\n<p class=\"my-2 [&#038;+p]:mt-4 [&#038;_strong:has(+br)]:inline-block [&#038;_strong:has(+br)]:pb-2\"><strong>Professionelle elite Straffung und Luxusstraffung:<\/strong>\u00a0Mit seiner potenten Kollagen- und Sheabutter-Mischung hebt und strafft diese Luxuscreme die Haut sichtbar, f\u00fcr ein jugendlicheres Aussehen. Die gl\u00e4ttende Wirkung reduziert feine Linien und verbessert den nat\u00fcrlichen Glanz.<\/p>\n<p class=\"my-2 [&#038;+p]:mt-4 [&#038;_strong:has(+br)]:inline-block [&#038;_strong:has(+br)]:pb-2\"><strong>Professionelle elite Hydration und Luxusweichheit:<\/strong>\u00a0Perfekt f\u00fcr alle Hauttypen, liefert diese Formel kontinuierliche Hydration und Weichheit. Die Sheabutter und Kollagen schaffen eine Schutzbarriere, die Feuchtigkeit einschlie\u00dft.<\/p>\n<h3 class=\"mb-2 mt-4 font-display font-semimedium text-base first:mt-0\">Au\u00dfergew\u00f6hnliche professionelle Vorteile der hochwertigen Luxus-Kollagen-Creme mit Sheabutter<\/h3>\n<ul class=\"marker:text-quiet list-disc\">\n<li class=\"py-0 my-0 prose-p:pt-0 prose-p:mb-2 prose-p:my-0 [&#038;>p]:pt-0 [&#038;>p]:mb-2 [&#038;>p]:my-0&#8243;>\n<p class=\"my-2 [&#038;+p]:mt-4 [&#038;_strong:has(+br)]:inline-block [&#038;_strong:has(+br)]:pb-2\">Professionelle elite Faltenreduktion und Anti-Aging-Exzellenz<\/p>\n<\/li>\n<li class=\"py-0 my-0 prose-p:pt-0 prose-p:mb-2 prose-p:my-0 [&#038;>p]:pt-0 [&#038;>p]:mb-2 [&#038;>p]:my-0&#8243;>\n<p class=\"my-2 [&#038;+p]:mt-4 [&#038;_strong:has(+br)]:inline-block [&#038;_strong:has(+br)]:pb-2\">Hochwertige erh\u00f6hte hohe Konzentration aktiver Kollagen-Wirkstoffe<\/p>\n<\/li>\n<li class=\"py-0 my-0 prose-p:pt-0 prose-p:mb-2 prose-p:my-0 [&#038;>p]:pt-0 [&#038;>p]:mb-2 [&#038;>p]:my-0&#8243;>\n<p class=\"my-2 [&#038;+p]:mt-4 [&#038;_strong:has(+br)]:inline-block [&#038;_strong:has(+br)]:pb-2\">Professionelle elite Stimulation der Kollagen- und Elastinproduktion<\/p>\n<\/li>\n<li class=\"py-0 my-0 prose-p:pt-0 prose-p:mb-2 prose-p:my-0 [&#038;>p]:pt-0 [&#038;>p]:mb-2 [&#038;>p]:my-0&#8243;>\n<p class=\"my-2 [&#038;+p]:mt-4 [&#038;_strong:has(+br)]:inline-block [&#038;_strong:has(+br)]:pb-2\">Professionelle elite Straffung und Luxusstraffung<\/p>\n<\/li>\n<li class=\"py-0 my-0 prose-p:pt-0 prose-p:mb-2 prose-p:my-0 [&#038;>p]:pt-0 [&#038;>p]:mb-2 [&#038;>p]:my-0&#8243;>\n<p class=\"my-2 [&#038;+p]:mt-4 [&#038;_strong:has(+br)]:inline-block [&#038;_strong:has(+br)]:pb-2\">Hochwertige professionelle Hydration und elite Weichheit<\/p>\n<\/li>\n<li class=\"py-0 my-0 prose-p:pt-0 prose-p:mb-2 prose-p:my-0 [&#038;>p]:pt-0 [&#038;>p]:mb-2 [&#038;>p]:my-0&#8243;>\n<p class=\"my-2 [&#038;+p]:mt-4 [&#038;_strong:has(+br)]:inline-block [&#038;_strong:has(+br)]:pb-2\">Geeignet f\u00fcr alle Hauttypen mit professioneller Exzellenz<\/p>\n<\/li>\n<li class=\"py-0 my-0 prose-p:pt-0 prose-p:mb-2 prose-p:my-0 [&#038;>p]:pt-0 [&#038;>p]:mb-2 [&#038;>p]:my-0&#8243;>\n<p class=\"my-2 [&#038;+p]:mt-4 [&#038;_strong:has(+br)]:inline-block [&#038;_strong:has(+br)]:pb-2\">Hochwertige Luxus-Sheabutter-N\u00e4hrung mit Pr\u00e4zision<\/p>\n<\/li>\n<li class=\"py-0 my-0 prose-p:pt-0 prose-p:mb-2 prose-p:my-0 [&#038;>p]:pt-0 [&#038;>p]:mb-2 [&#038;>p]:my-0&#8243;>\n<p class=\"my-2 [&#038;+p]:mt-4 [&#038;_strong:has(+br)]:inline-block [&#038;_strong:has(+br)]:pb-2\">Professionelle elite Verbesserung der Hautelastizit\u00e4t und Festigkeit<\/p>\n<\/li>\n<li class=\"py-0 my-0 prose-p:pt-0 prose-p:mb-2 prose-p:my-0 [&#038;>p]:pt-0 [&#038;>p]:mb-2 [&#038;>p]:my-0&#8243;>\n<p class=\"my-2 [&#038;+p]:mt-4 [&#038;_strong:has(+br)]:inline-block [&#038;_strong:has(+br)]:pb-2\">Professionelle nat\u00fcrliche, strahlende leuchtende Hautoptik-Exzellenz<\/p>\n<\/li>\n<li class=\"py-0 my-0 prose-p:pt-0 prose-p:mb-2 prose-p:my-0 [&#038;>p]:pt-0 [&#038;>p]:mb-2 [&#038;>p]:my-0&#8243;>\n<p class=\"my-2 [&#038;+p]:mt-4 [&#038;_strong:has(+br)]:inline-block [&#038;_strong:has(+br)]:pb-2\">Elite professionelle Anti-Aging-Luxuspflege<\/p>\n<\/li>\n<\/ul>\n<h3 class=\"mb-2 mt-4 font-display font-semimedium text-base first:mt-0\">Was macht unsere hochwertige Kollagen-Creme besonders?<\/h3>\n<p class=\"my-2 [&#038;+p]:mt-4 [&#038;_strong:has(+br)]:inline-block [&#038;_strong:has(+br)]:pb-2\">Unsere hochwertige Luxus-Kollagen-Creme mit Sheabutter vereint elite Anti-Aging-Wissenschaft mit verfeinertem \u00e4gyptischem Sch\u00f6nheitserbe und professioneller Exzellenz. Die sorgf\u00e4ltige Mischung aus professionellem hochwertigem Kollagen, nat\u00fcrlicher Sheabutter, botanischen Inhaltsstoffen und Feuchtigkeitsspendern schafft ein au\u00dfergew\u00f6hnliches Luxus-Anti-Aging-Produkt, gest\u00fctzt durch \u00e4gyptisches Erbe und hochwertige Exzellenz. Jedes 165-ml-Glas steht f\u00fcr unser Engagement f\u00fcr professionelle, wirksame, nat\u00fcrliche Luxushautpflege mit elite Qualit\u00e4t.<\/p>\n<h3 class=\"mb-2 mt-4 font-display font-semimedium text-base first:mt-0\">So wenden Sie Ihre hochwertige Kollagen-Creme an<\/h3>\n<p class=\"my-2 [&#038;+p]:mt-4 [&#038;_strong:has(+br)]:inline-block [&#038;_strong:has(+br)]:pb-2\">Tragen Sie die Creme gro\u00dfz\u00fcgig morgens und abends auf gereinigte Haut auf. Massieren Sie sie sanft in Gesicht und Hals ein, bis sie vollst\u00e4ndig eingezogen ist, mit aufw\u00e4rtsgerichteten Bewegungen. F\u00fcr verbesserte Anti-Aging-Ergebnisse tragen Sie extra auf feine Linien und Faltenbereiche auf. T\u00e4gliche Anwendung f\u00fcr optimale Vorteile und Hautverj\u00fcngung.<\/p>\n<h3 class=\"mb-2 mt-4 font-display font-semimedium text-base first:mt-0\">Hochwertige Luxus-Lagerung und professionelle Ergebnisse<\/h3>\n<p class=\"my-2 [&#038;+p]:mt-4 [&#038;_strong:has(+br)]:inline-block [&#038;_strong:has(+br)]:pb-2\">Lagern Sie Ihre hochwertige Kollagen-Creme bei Raumtemperatur fern von direktem Sonnenlicht f\u00fcr maximale Potenz und Haltbarkeit. Ergebnisse verbessern sich mit konstanter t\u00e4glicher Anwendung. Die meisten Nutzer bemerken Faltenreduktion und Hautfestigungsverbesserung innerhalb von 2 bis 4 Wochen.<\/p>\n<p class=\"my-2 [&#038;+p]:mt-4 [&#038;_strong:has(+br)]:inline-block [&#038;_strong:has(+br)]:pb-2\"><strong>Erleben Sie heute die elite professionelle Anti-Aging-Verj\u00fcngung mit unserer hochwertigen Kollagen-Creme mit Sheabutter. Bestellen Sie Ihr 165-ml-Glas jetzt und enth\u00fcllen Sie Ihre luxuri\u00f6s jugendliche, strahlende und professionell verfeinerte Haut.<\/strong><\/p>\n<p>&nbsp;<\/p>\n<p style=\"text-align: center;\">Vielen Dank, dass Sie bei\u00a0<a href=\"https:\/\/bazaar.express\/de\/\">Bazaar Express<\/a>\u00a0einkaufen \u2013 wir freuen uns, Sie dabei zu haben!<\/p>\n<p style=\"text-align: center;\">Ihre Reise zu besserer Selbstpflege beginnt hier \u2013 mit\u00a0<a href=\"https:\/\/bazaar.express\/product-category\/beauty-care\/\">Beauty Care<\/a>, auf die Sie sich verlassen k\u00f6nnen.<\/p>\n","protected":false},"excerpt":{"rendered":"<h3>Luxus-Kollagen-Creme mit Sheabutter 165 ml \u2013 Hochwertige professionelle Anti-Aging-Pflege mit elitarem Kollagen und nat\u00fcrlicher Sheabutter. Luxus-Faltenreduktion und professionelle Hautstraffung.<\/h3>\n","protected":false},"featured_media":45332,"comment_status":"open","ping_status":"closed","template":"","meta":[],"product_brand":[],"product_cat":[1803,969,962,971],"product_tag":[980,1805,979,978],"class_list":{"0":"post-45331","1":"product","2":"type-product","3":"status-publish","4":"has-post-thumbnail","6":"product_cat-zoganon","7":"product_cat-beste-aus-agypten","8":"product_cat-beauty-pflege","9":"product_cat-top-angebote","10":"product_tag-beauty-pflege","11":"product_tag-collagen","12":"product_tag-hautpflege","13":"product_tag-naturliches-ol","15":"first","16":"instock","17":"sale","18":"shipping-taxable","19":"purchasable","20":"product-type-simple"},"_links":{"self":[{"href":"https:\/\/bazaar.express\/de\/wp-json\/wp\/v2\/product\/45331","targetHints":{"allow":["GET"]}}],"collection":[{"href":"https:\/\/bazaar.express\/de\/wp-json\/wp\/v2\/product"}],"about":[{"href":"https:\/\/bazaar.express\/de\/wp-json\/wp\/v2\/types\/product"}],"replies":[{"embeddable":true,"href":"https:\/\/bazaar.express\/de\/wp-json\/wp\/v2\/comments?post=45331"}],"wp:featuredmedia":[{"embeddable":true,"href":"https:\/\/bazaar.express\/de\/wp-json\/wp\/v2\/media\/45332"}],"wp:attachment":[{"href":"https:\/\/bazaar.express\/de\/wp-json\/wp\/v2\/media?parent=45331"}],"wp:term":[{"taxonomy":"product_brand","embeddable":true,"href":"https:\/\/bazaar.express\/de\/wp-json\/wp\/v2\/product_brand?post=45331"},{"taxonomy":"product_cat","embeddable":true,"href":"https:\/\/bazaar.express\/de\/wp-json\/wp\/v2\/product_cat?post=45331"},{"taxonomy":"product_tag","embeddable":true,"href":"https:\/\/bazaar.express\/de\/wp-json\/wp\/v2\/product_tag?post=45331"}],"curies":[{"name":"wp","href":"https:\/\/api.w.org\/{rel}","templated":true}]}}