{"id":45333,"date":"2025-12-18T02:32:22","date_gmt":"2025-12-18T02:32:22","guid":{"rendered":"https:\/\/bazaar.express\/product\/luxury-goat-milk-cream\/"},"modified":"2025-12-18T02:32:22","modified_gmt":"2025-12-18T02:32:22","slug":"luxury-goat-milk-cream","status":"publish","type":"product","link":"https:\/\/bazaar.express\/de\/produkt\/luxury-goat-milk-cream\/","title":{"rendered":"Luxus-Ziegenmilchcreme"},"content":{"rendered":"<h2 id=\"luxury-goat-milk-cream--premium-egyptian-professio\" class=\"mb-2 mt-4 font-display font-semimedium text-base first:mt-0 md:text-lg [hr+&#038;]:mt-4\">Luxus-Ziegenmilchcreme \u2013 Premium \u00e4gyptische professionelle 24-Stunden-Feuchtigkeitsversorgung mit elit\u00e4rer intensiver Pflege<\/h2>\n<h3 class=\"mb-2 mt-4 font-display font-semimedium text-base first:mt-0\">Erleben Sie elit\u00e4re Hautpflege mit authentischer Premium-Ziegenmilchcreme und professioneller 24-Stunden-Behandlung<\/h3>\n<p class=\"my-2 [&#038;+p]:mt-4 [&#038;_strong:has(+br)]:inline-block [&#038;_strong:has(+br)]:pb-2\">Genie\u00dfen Sie den H\u00f6hepunkt nat\u00fcrlicher Hautpflege mit unserer exklusiven Premium-Ziegenmilchcreme, einem luxuri\u00f6sen \u00e4gyptischen Sch\u00f6nheitsessenz, die f\u00fcr anspruchsvolle Kunden mit hoher Konzentration elit\u00e4rer aktiver Inhaltsstoffe formuliert wurde. Unsere sorgf\u00e4ltig entwickelte Luxusformel verbindet authentische Premium-Ziegenmilch mit verfeinerten \u00e4gyptischen Traditionen, um professionelle 24-Stunden-Feuchtigkeitsversorgung, intensive Anti-Aging-Transformation und sichtbare Hautverj\u00fcngung zu bieten. Unsere sorgf\u00e4ltig formulierte Premium-Ziegenmilchcreme in Premium-165-ml-Gl\u00e4sern ist f\u00fcr verfeinerte Luxushautpflege mit au\u00dfergew\u00f6hnlicher Reinheit, gehobenen professionellen Ergebnissen und \u00fcberlegener Sch\u00f6nheitstransformation konzipiert.<\/p>\n<h3 class=\"mb-2 mt-4 font-display font-semimedium text-base first:mt-0\">Warum Premium-Luxus-Ziegenmilchcreme w\u00e4hlen?<\/h3>\n<p class=\"my-2 [&#038;+p]:mt-4 [&#038;_strong:has(+br)]:inline-block [&#038;_strong:has(+br)]:pb-2\"><strong>Professionelle elit\u00e4re 24-Stunden-dauerhafte Feuchtigkeitsversorgung:<\/strong>\u00a0Unser Premium-Ziegenmilchcreme nutzt die Kraft authentischer Premium-Ziegenmilch, um professionelle kontinuierliche Feuchtigkeitsversorgung f\u00fcr volle 24 Stunden pr\u00e4zise zu bieten. Formuliert mit erh\u00f6hter hoher Konzentration elit\u00e4rer aktiver Inhaltsstoffe, sorgt diese Luxuscreme f\u00fcr intensivierte professionelle Ergebnisse bei jeder Anwendung. Der Premium-erh\u00f6hte Prozentsatz an Ziegenmilch gew\u00e4hrleistet tiefere professionelle Pflege, verbesserte elit\u00e4re Wirksamkeit und \u00fcberlegene sichtbare Verbesserungen im Vergleich zu Standardformeln.<\/p>\n<p class=\"my-2 [&#038;+p]:mt-4 [&#038;_strong:has(+br)]:inline-block [&#038;_strong:has(+br)]:pb-2\"><strong>Professionelle nat\u00fcrliche Fetts\u00e4uren und elit\u00e4re Barrierenschutz:<\/strong>\u00a0Reich an Premium-Capryls\u00e4ure und Capric-Fetts\u00e4uren spiegelt unsere Luxuscreme die professionellen nat\u00fcrlichen \u00d6le wider, die Ihre verfeinerte Haut produziert, und erm\u00f6glicht nahtlose elit\u00e4re Integration mit Ihrer professionellen Hautbarriere. Dies schafft eine luxuri\u00f6se Schutzschicht, die elit\u00e4ren Feuchtigkeitsverlust verhindert, w\u00e4hrend professionelle Hautweichheit \u00fcber l\u00e4ngere Zeitr\u00e4ume pr\u00e4zise aufrechterhalten wird. Die professionelle Formel unterst\u00fctzt das nat\u00fcrliche Gleichgewicht der verfeinerten Haut, ohne Poren zu verstopfen.<\/p>\n<p class=\"my-2 [&#038;+p]:mt-4 [&#038;_strong:has(+br)]:inline-block [&#038;_strong:has(+br)]:pb-2\"><strong>Elit\u00e4re professionelle Milchs\u00e4ure und luxuri\u00f6se Feuchtigkeitsversorgung:<\/strong>\u00a0Unsere Premium-Formel enth\u00e4lt elit\u00e4re nat\u00fcrliche Milchs\u00e4ure aus Premium-Ziegenmilch, eine leistungsstarke professionelle Alpha-Hydroxys\u00e4ure, die als molekularer Schwamm wirkt. Sie absorbiert und speichert Feuchtigkeit in tiefen professionellen Hautschichten pr\u00e4zise. Dies gew\u00e4hrleistet kontinuierliche professionelle Feuchtigkeitsversorgung sogar unter anspruchsvollen trockenen Bedingungen. Die professionellen sanften exfoliierenden Eigenschaften entfernen abgestorbene Zellen und erm\u00f6glichen professionellen feuchtigkeitsspendenden Inhaltsstoffen eine effiziente Penetration.<\/p>\n<p class=\"my-2 [&#038;+p]:mt-4 [&#038;_strong:has(+br)]:inline-block [&#038;_strong:has(+br)]:pb-2\"><strong>Professionelle Kollagenproduktion und elit\u00e4res Anti-Aging:<\/strong>\u00a0Angereichert mit Premium-Vitaminen C und E stimuliert unsere Luxus-Ziegenmilchcreme die professionelle nat\u00fcrliche Kollagen- und Elastinproduktion, die f\u00fcr elit\u00e4re Hautelastizit\u00e4t und professionelle Festigkeit verantwortlich ist. Dies reduziert feine Linien und professionelle Falten dramatisch, insbesondere um Augen und professionelle Stirnpartien. Premium-leistungsstarke Antioxidantien wie Selen bieten professionellen Schutz vor oxidativen Sch\u00e4den.<\/p>\n<p class=\"my-2 [&#038;+p]:mt-4 [&#038;_strong:has(+br)]:inline-block [&#038;_strong:has(+br)]:pb-2\"><strong>Professionelle Behandlung von Hautzust\u00e4nden und elit\u00e4res Wohlbefinden:<\/strong>\u00a0Perfekt abgestimmt auf den pH-Wert der professionellen Haut von 5,5 bietet diese Luxuscreme elit\u00e4re L\u00f6sung f\u00fcr Ekzem- und Psoriasis-Betroffene mit professioneller Pr\u00e4zision. Premium-entz\u00fcndungshemmende Eigenschaften lindern R\u00f6tungen und professionelles Jucken effektiv. Premium-Fetts\u00e4uren reparieren besch\u00e4digte professionelle Hautbarrieren, w\u00e4hrend nat\u00fcrliche Probiotika das gesunde professionelle Hautmikrobiom unterst\u00fctzen.<\/p>\n<h3 class=\"mb-2 mt-4 font-display font-semimedium text-base first:mt-0\">Au\u00dfergew\u00f6hnliche professionelle Vorteile der Premium-Ziegenmilchcreme<\/h3>\n<ul class=\"marker:text-quiet list-disc\">\n<li class=\"py-0 my-0 prose-p:pt-0 prose-p:mb-2 prose-p:my-0 [&#038;>p]:pt-0 [&#038;>p]:mb-2 [&#038;>p]:my-0&#8243;>\n<p class=\"my-2 [&#038;+p]:mt-4 [&#038;_strong:has(+br)]:inline-block [&#038;_strong:has(+br)]:pb-2\">Professionelle elit\u00e4re 24-Stunden-dauerhafte Feuchtigkeitsversorgung<\/p>\n<\/li>\n<li class=\"py-0 my-0 prose-p:pt-0 prose-p:mb-2 prose-p:my-0 [&#038;>p]:pt-0 [&#038;>p]:mb-2 [&#038;>p]:my-0&#8243;>\n<p class=\"my-2 [&#038;+p]:mt-4 [&#038;_strong:has(+br)]:inline-block [&#038;_strong:has(+br)]:pb-2\">Hohe Konzentration premium aktiver Inhaltsstoffe f\u00fcr intensivierte professionelle Ergebnisse<\/p>\n<\/li>\n<li class=\"py-0 my-0 prose-p:pt-0 prose-p:mb-2 prose-p:my-0 [&#038;>p]:pt-0 [&#038;>p]:mb-2 [&#038;>p]:my-0&#8243;>\n<p class=\"my-2 [&#038;+p]:mt-4 [&#038;_strong:has(+br)]:inline-block [&#038;_strong:has(+br)]:pb-2\">Professionelle nat\u00fcrliche Fetts\u00e4uren f\u00fcr elit\u00e4ren Barrierenschutz<\/p>\n<\/li>\n<li class=\"py-0 my-0 prose-p:pt-0 prose-p:mb-2 prose-p:my-0 [&#038;>p]:pt-0 [&#038;>p]:mb-2 [&#038;>p]:my-0&#8243;>\n<p class=\"my-2 [&#038;+p]:mt-4 [&#038;_strong:has(+br)]:inline-block [&#038;_strong:has(+br)]:pb-2\">Elit\u00e4re professionelle Milchs\u00e4ure f\u00fcr sanfte Exfoliation<\/p>\n<\/li>\n<li class=\"py-0 my-0 prose-p:pt-0 prose-p:mb-2 prose-p:my-0 [&#038;>p]:pt-0 [&#038;>p]:mb-2 [&#038;>p]:my-0&#8243;>\n<p class=\"my-2 [&#038;+p]:mt-4 [&#038;_strong:has(+br)]:inline-block [&#038;_strong:has(+br)]:pb-2\">Vitamin A f\u00fcr professionelle Zellverj\u00fcngung und Gewebereparatur<\/p>\n<\/li>\n<li class=\"py-0 my-0 prose-p:pt-0 prose-p:mb-2 prose-p:my-0 [&#038;>p]:pt-0 [&#038;>p]:mb-2 [&#038;>p]:my-0&#8243;>\n<p class=\"my-2 [&#038;+p]:mt-4 [&#038;_strong:has(+br)]:inline-block [&#038;_strong:has(+br)]:pb-2\">Professioneller Vitamin-B-Komplex f\u00fcr elit\u00e4re Hautzirkulation<\/p>\n<\/li>\n<li class=\"py-0 my-0 prose-p:pt-0 prose-p:mb-2 prose-p:my-0 [&#038;>p]:pt-0 [&#038;>p]:mb-2 [&#038;>p]:my-0&#8243;>\n<p class=\"my-2 [&#038;+p]:mt-4 [&#038;_strong:has(+br)]:inline-block [&#038;_strong:has(+br)]:pb-2\">Professionelle kollagenf\u00f6rdernde Formel f\u00fcr Anti-Aging-Exzellenz<\/p>\n<\/li>\n<li class=\"py-0 my-0 prose-p:pt-0 prose-p:mb-2 prose-p:my-0 [&#038;>p]:pt-0 [&#038;>p]:mb-2 [&#038;>p]:my-0&#8243;>\n<p class=\"my-2 [&#038;+p]:mt-4 [&#038;_strong:has(+br)]:inline-block [&#038;_strong:has(+br)]:pb-2\">Geeignet f\u00fcr alle Hauttypen mit professioneller Verfeinerung<\/p>\n<\/li>\n<li class=\"py-0 my-0 prose-p:pt-0 prose-p:mb-2 prose-p:my-0 [&#038;>p]:pt-0 [&#038;>p]:mb-2 [&#038;>p]:my-0&#8243;>\n<p class=\"my-2 [&#038;+p]:mt-4 [&#038;_strong:has(+br)]:inline-block [&#038;_strong:has(+br)]:pb-2\">Professionelle nat\u00fcrliche probiotische Unterst\u00fctzung f\u00fcr elit\u00e4res Hautmikrobiom<\/p>\n<\/li>\n<\/ul>\n<h3 class=\"mb-2 mt-4 font-display font-semimedium text-base first:mt-0\">Was macht unsere Premium-Ziegenmilchcreme au\u00dfergew\u00f6hnlich?<\/h3>\n<p class=\"my-2 [&#038;+p]:mt-4 [&#038;_strong:has(+br)]:inline-block [&#038;_strong:has(+br)]:pb-2\">Unsere Premium-Luxus-Ziegenmilchcreme verk\u00f6rpert elit\u00e4re Hautpflegewissenschaft in Kombination mit verfeinerter \u00e4gyptischer Sch\u00f6nheitstradition. Die sorgf\u00e4ltige Mischung aus nat\u00fcrlicher Seifenbasis, Glycerin, Premium-Ziegenmilchproteinen, elit\u00e4r botanischen Inhaltsstoffen, Premium-Vitamin A, professionellem Vitamin-B-Komplex und nat\u00fcrlichen Probiotika schafft ein au\u00dfergew\u00f6hnliches luxuri\u00f6ses Feuchtigkeitsprodukt, das von \u00e4gyptischem Erbe unterst\u00fctzt wird. Jedes Premium-165-ml-Glas repr\u00e4sentiert unser Engagement f\u00fcr professionelle, wirksame, luxuri\u00f6se nat\u00fcrliche Hautpflege.<\/p>\n<h3 class=\"mb-2 mt-4 font-display font-semimedium text-base first:mt-0\">So wenden Sie Ihre Premium-Ziegenmilchcreme an<\/h3>\n<p class=\"my-2 [&#038;+p]:mt-4 [&#038;_strong:has(+br)]:inline-block [&#038;_strong:has(+br)]:pb-2\">Tragen Sie gro\u00dfz\u00fcgig auf gereinigte Haut morgens und abends mit professioneller Technik auf. Massieren Sie diese Luxuscreme sanft in Gesicht und K\u00f6rper ein, bis sie vollst\u00e4ndig absorbiert ist, pr\u00e4zise. F\u00fcr verbesserte professionelle Anti-Aging-Ergebnisse tragen Sie auf feine Linien und sensible Bereiche mit luxuri\u00f6ser Pr\u00e4zision auf. Verwenden Sie t\u00e4glich f\u00fcr optimale professionelle 24-Stunden-Feuchtigkeitsversorgung und umfassende elit\u00e4re Hautvorteile.<\/p>\n<h3 class=\"mb-2 mt-4 font-display font-semimedium text-base first:mt-0\">Premium-Luxus-Lagerung und Ergebnisse<\/h3>\n<p class=\"my-2 [&#038;+p]:mt-4 [&#038;_strong:has(+br)]:inline-block [&#038;_strong:has(+br)]:pb-2\">Lagern Sie Ihre Premium-Ziegenmilchcreme bei Raumtemperatur fern von direktem Sonnenlicht f\u00fcr maximale professionelle Potenz. Die Ergebnisse verbessern sich mit konstanter t\u00e4glicher professioneller Anwendung. Die meisten Nutzer bemerken au\u00dfergew\u00f6hnliche 24-Stunden-Hautverbesserung und professionelle Feuchtigkeitsvorteile innerhalb von 1 bis 2 Wochen luxuri\u00f6ser Nutzung.<\/p>\n<p class=\"my-2 [&#038;+p]:mt-4 [&#038;_strong:has(+br)]:inline-block [&#038;_strong:has(+br)]:pb-2\"><strong>Erleben Sie heute die elit\u00e4re professionelle 24-Stunden-Feuchtigkeitstransformation mit unserer Premium-Ziegenmilchcreme. Bestellen Sie Ihr Premium-165-ml-Glas jetzt und enth\u00fcllen Sie Ihre luxuri\u00f6s jugendlichste, strahlendste und professionell hydratisierte Haut.<\/strong><\/p>\n<p>&nbsp;<\/p>\n<p style=\"text-align: center;\">Vielen Dank, dass Sie bei\u00a0<a href=\"https:\/\/bazaar.express\/de\/\">Bazaar Express<\/a>\u00a0einkaufen \u2013 wir freuen uns, Sie dabei zu haben!<\/p>\n<p style=\"text-align: center;\">Ihre Reise zu besserer Selbstf\u00fcrsorge beginnt hier \u2013 mit\u00a0<a href=\"https:\/\/bazaar.express\/product-category\/beauty-care\/\">Beauty &#038; Care<\/a>, auf die Sie sich verlassen k\u00f6nnen.<\/p>\n","protected":false},"excerpt":{"rendered":"<h3>Luxus-Ziegenmilchcreme 165 ml \u2013 Premium professionelle 24-Stunden-Feuchtigkeitsversorgung mit elit\u00e4rer Ziegenmilch und aktiven Inhaltsstoffen. Luxuri\u00f6ses Anti-Aging, professionelle Pflege.<\/h3>\n","protected":false},"featured_media":45334,"comment_status":"open","ping_status":"closed","template":"","meta":[],"product_brand":[],"product_cat":[1803,962,971],"product_tag":[980,979,981,978],"class_list":{"0":"post-45333","1":"product","2":"type-product","3":"status-publish","4":"has-post-thumbnail","6":"product_cat-zoganon","7":"product_cat-beauty-pflege","8":"product_cat-top-angebote","9":"product_tag-beauty-pflege","10":"product_tag-hautpflege","11":"product_tag-kamelmilch","12":"product_tag-naturliches-ol","14":"first","15":"instock","16":"sale","17":"shipping-taxable","18":"purchasable","19":"product-type-simple"},"_links":{"self":[{"href":"https:\/\/bazaar.express\/de\/wp-json\/wp\/v2\/product\/45333","targetHints":{"allow":["GET"]}}],"collection":[{"href":"https:\/\/bazaar.express\/de\/wp-json\/wp\/v2\/product"}],"about":[{"href":"https:\/\/bazaar.express\/de\/wp-json\/wp\/v2\/types\/product"}],"replies":[{"embeddable":true,"href":"https:\/\/bazaar.express\/de\/wp-json\/wp\/v2\/comments?post=45333"}],"wp:featuredmedia":[{"embeddable":true,"href":"https:\/\/bazaar.express\/de\/wp-json\/wp\/v2\/media\/45334"}],"wp:attachment":[{"href":"https:\/\/bazaar.express\/de\/wp-json\/wp\/v2\/media?parent=45333"}],"wp:term":[{"taxonomy":"product_brand","embeddable":true,"href":"https:\/\/bazaar.express\/de\/wp-json\/wp\/v2\/product_brand?post=45333"},{"taxonomy":"product_cat","embeddable":true,"href":"https:\/\/bazaar.express\/de\/wp-json\/wp\/v2\/product_cat?post=45333"},{"taxonomy":"product_tag","embeddable":true,"href":"https:\/\/bazaar.express\/de\/wp-json\/wp\/v2\/product_tag?post=45333"}],"curies":[{"name":"wp","href":"https:\/\/api.w.org\/{rel}","templated":true}]}}