{"id":45337,"date":"2026-03-22T19:06:26","date_gmt":"2026-03-22T19:06:26","guid":{"rendered":"https:\/\/bazaar.express\/product\/collagen-hydrating\/"},"modified":"2026-03-22T19:06:26","modified_gmt":"2026-03-22T19:06:26","slug":"collagen-hydrating","status":"publish","type":"product","link":"https:\/\/bazaar.express\/de\/produkt\/collagen-hydrating\/","title":{"rendered":"Feuchtigkeitsspendende Collagen Body Lotion"},"content":{"rendered":"<h2 data-section-id=\"gm63ek\" data-start=\"129\" data-end=\"204\">Feuchtigkeitsspendende Collagen Body Lotion \u2013 Straffende Hautpflege und Anti-Aging 200 ML<\/h2>\n<p data-start=\"206\" data-end=\"777\">Erzielen Sie glattere, weichere und jugendlichere Haut mit dieser fortschrittlichen <strong data-start=\"282\" data-end=\"316\">feuchtigkeitsspendenden Collagen-Bodylotion<\/strong>. Speziell entwickelt, um tiefe Feuchtigkeit zu spenden und sichtbare Hautverbesserungen zu erzielen, wirkt diese Formel als leistungsstarke <strong data-start=\"425\" data-end=\"450\">feuchtigkeitsspendende Bodylotion<\/strong>, die Feuchtigkeit wiederherstellt und die Hauttextur verbessert. Angereichert mit Collagen, Mandel\u00f6l und Vitamin E, dient sie auch als effektive <strong data-start=\"589\" data-end=\"615\">Anti-Aging-Bodylotion<\/strong>, die das Auftreten feiner Linien reduziert und ein strafferes, ges\u00fcnderes Aussehen unterst\u00fctzt. Dieses Produkt kommt in einer <strong data-start=\"726\" data-end=\"743\">200 ML Flasche<\/strong> und wird stolz <strong data-start=\"759\" data-end=\"776\">in \u00c4gypten hergestellt<\/strong>.<\/p>\n<h3 data-section-id=\"ycgkk5\" data-start=\"784\" data-end=\"800\">Wichtige Vorteile<\/h3>\n<p data-start=\"802\" data-end=\"1116\">\u2022 Spendet tiefe Feuchtigkeit f\u00fcr trockene und dehydrierte Haut<br data-start=\"855\" data-end=\"858\" \/>\u2022 Wirkt als straffende Lotion zur Verbesserung der Elastizit\u00e4t<br data-start=\"912\" data-end=\"915\" \/>\u2022 Hilft, das Auftreten feiner Linien und Falten zu reduzieren<br data-start=\"971\" data-end=\"974\" \/>\u2022 Verbessert die Weichheit und glatte Textur der Haut<br data-start=\"1017\" data-end=\"1020\" \/>\u2022 Pflegt die Haut mit Vitamin E und nat\u00fcrlichen \u00d6len<br data-start=\"1072\" data-end=\"1075\" \/>\u2022 Hinterl\u00e4sst einen frischen und langanhaltenden Duft<\/p>\n<h3 data-section-id=\"docwbb\" data-start=\"1123\" data-end=\"1167\">Feuchtigkeitsspendende Bodylotion f\u00fcr t\u00e4gliche Feuchtigkeit<\/h3>\n<p data-start=\"1169\" data-end=\"1462\">Diese Formel ist entwickelt, um als zuverl\u00e4ssige <strong data-start=\"1216\" data-end=\"1241\">feuchtigkeitsspendende Bodylotion<\/strong> zu wirken, die das nat\u00fcrliche Feuchtigkeitsgleichgewicht der Haut unterst\u00fctzt. Glycerin hilft, Feuchtigkeit anzuziehen und zu speichern, w\u00e4hrend Mandel\u00f6l die Haut tief n\u00e4hrt. Bei konstanter Anwendung f\u00fchlt sich die Haut weicher, flexibler und sichtbar ges\u00fcnder an.<\/p>\n<h3 data-section-id=\"1kqfc5o\" data-start=\"1469\" data-end=\"1513\">Anti-Aging-Bodylotion f\u00fcr glattere Haut<\/h3>\n<p data-start=\"1515\" data-end=\"1759\">Als gezielte <strong data-start=\"1529\" data-end=\"1555\">Anti-Aging-Bodylotion<\/strong> hilft dieses Produkt, das Gesamterscheinungsbild der Haut zu verbessern. Collagen unterst\u00fctzt die Hautstruktur und Elastizit\u00e4t, reduziert das Aussehen feiner Linien und f\u00f6rdert eine glattere, jugendlichere Textur im Laufe der Zeit.<\/p>\n<h3 data-section-id=\"19cln76\" data-start=\"1766\" data-end=\"1813\">Straffende Lotion f\u00fcr verbesserte Elastizit\u00e4t<\/h3>\n<p data-start=\"1815\" data-end=\"2058\">Ein Verlust an Straffheit kann die Haut stumpf und m\u00fcde wirken lassen. Diese Formel wirkt als <strong data-start=\"1897\" data-end=\"1920\">straffende Lotion<\/strong>, hilft, den Hautton zu verbessern und der Haut ein gehobeneres und verfeinertes Aussehen zu verleihen. Regelm\u00e4\u00dfige Anwendung l\u00e4sst die Haut straffer und strahlender aussehen.<\/p>\n<hr data-start=\"2060\" data-end=\"2063\" \/>\n<h3 data-section-id=\"4to76a\" data-start=\"2065\" data-end=\"2107\">Leichte und schnell einziehende Formel<\/h3>\n<p data-start=\"2109\" data-end=\"2353\">Die glatte, nicht fettende Textur erm\u00f6glicht es dieser Lotion, schnell in die Haut einzuziehen, ohne klebrige R\u00fcckst\u00e4nde zu hinterlassen. Sie ist ideal f\u00fcr den t\u00e4glichen Gebrauch und passt perfekt in Ihre Pflegeroutine nach dem Duschen oder wann immer Ihre Haut Feuchtigkeit ben\u00f6tigt.<\/p>\n<h3 data-section-id=\"1qw4ccu\" data-start=\"2360\" data-end=\"2374\">Anwendung<\/h3>\n<p data-start=\"2376\" data-end=\"2493\">\u2022 Tragen Sie eine geeignete Menge auf saubere, trockene Haut auf<br data-start=\"2420\" data-end=\"2423\" \/>\u2022 Massieren Sie sanft, bis vollst\u00e4ndig eingezogen<br data-start=\"2460\" data-end=\"2463\" \/>\u2022 Verwenden Sie t\u00e4glich f\u00fcr beste Ergebnisse<\/p>\n<h3 data-section-id=\"1o2c85r\" data-start=\"2500\" data-end=\"2519\">Produktdetails<\/h3>\n<p data-start=\"2521\" data-end=\"2621\">Produktname: Feuchtigkeitsspendende Collagen Body Lotion<br data-start=\"2565\" data-end=\"2568\" \/>Marke: TNERH<br data-start=\"2580\" data-end=\"2583\" \/>Gr\u00f6\u00dfe: 200 ML<br data-start=\"2595\" data-end=\"2598\" \/>Herkunft: Hergestellt in \u00c4gypten<\/p>\n<p data-start=\"2521\" data-end=\"2621\"><strong>Diese feuchtigkeitsspendende Collagen-Bodylotion ist die perfekte t\u00e4gliche L\u00f6sung f\u00fcr weiche, glatte und jugendlich aussehende Haut.<\/strong><\/p>\n<p data-start=\"2521\" data-end=\"2621\">\n<p style=\"text-align: center;\" data-start=\"2521\" data-end=\"2621\">Ihre Reise zu besserer Selbstpflege beginnt hier \u2013 mit <a href=\"https:\/\/bazaar.express\/product-category\/beauty-care\/\">Beauty Care<\/a>, der Sie vertrauen k\u00f6nnen.<\/p>\n","protected":false},"excerpt":{"rendered":"<h3 data-start=\"108\" data-end=\"409\">Feuchtigkeitsspendende Collagen-Bodylotion spendet der Haut tiefe Feuchtigkeit, w\u00e4hrend sie Straffheit und Gl\u00e4tte verbessert. Diese Anti-Aging-Bodylotion hilft, feine Linien zu reduzieren und die Hautelastizit\u00e4t zu steigern. Angereichert mit Mandel\u00f6l und Vitamin E f\u00fcr weiche, strahlende Haut. 200 ML \u2013 Hergestellt in \u00c4gypten \u2013 Marke: TNERH.<\/h3>\n","protected":false},"featured_media":45338,"comment_status":"open","ping_status":"closed","template":"","meta":[],"product_brand":[],"product_cat":[962,971],"product_tag":[980,1805,979,978],"class_list":{"0":"post-45337","1":"product","2":"type-product","3":"status-publish","4":"has-post-thumbnail","6":"product_cat-beauty-pflege","7":"product_cat-top-angebote","8":"product_tag-beauty-pflege","9":"product_tag-collagen","10":"product_tag-hautpflege","11":"product_tag-naturliches-ol","13":"first","14":"instock","15":"sale","16":"shipping-taxable","17":"purchasable","18":"product-type-simple"},"_links":{"self":[{"href":"https:\/\/bazaar.express\/de\/wp-json\/wp\/v2\/product\/45337","targetHints":{"allow":["GET"]}}],"collection":[{"href":"https:\/\/bazaar.express\/de\/wp-json\/wp\/v2\/product"}],"about":[{"href":"https:\/\/bazaar.express\/de\/wp-json\/wp\/v2\/types\/product"}],"replies":[{"embeddable":true,"href":"https:\/\/bazaar.express\/de\/wp-json\/wp\/v2\/comments?post=45337"}],"wp:featuredmedia":[{"embeddable":true,"href":"https:\/\/bazaar.express\/de\/wp-json\/wp\/v2\/media\/45338"}],"wp:attachment":[{"href":"https:\/\/bazaar.express\/de\/wp-json\/wp\/v2\/media?parent=45337"}],"wp:term":[{"taxonomy":"product_brand","embeddable":true,"href":"https:\/\/bazaar.express\/de\/wp-json\/wp\/v2\/product_brand?post=45337"},{"taxonomy":"product_cat","embeddable":true,"href":"https:\/\/bazaar.express\/de\/wp-json\/wp\/v2\/product_cat?post=45337"},{"taxonomy":"product_tag","embeddable":true,"href":"https:\/\/bazaar.express\/de\/wp-json\/wp\/v2\/product_tag?post=45337"}],"curies":[{"name":"wp","href":"https:\/\/api.w.org\/{rel}","templated":true}]}}