{"id":40711,"date":"2025-08-11T11:46:15","date_gmt":"2025-08-11T11:46:15","guid":{"rendered":"https:\/\/bazaar.express\/product\/cream-with-ostrich-oil\/"},"modified":"2025-08-11T11:46:15","modified_gmt":"2025-08-11T11:46:15","slug":"cream-with-ostrich-oil","status":"publish","type":"product","link":"https:\/\/bazaar.express\/kk\/product\/cream-with-ostrich-oil\/","title":{"rendered":"\u0421\u0442\u0440\u0430\u0443\u0441 \u043c\u0430\u0439\u044b \u0431\u0430\u0440 \u043a\u0440\u0435\u043c"},"content":{"rendered":"<h2 data-start=\"224\" data-end=\"294\"><strong data-start=\"227\" data-end=\"292\">\u0421\u0442\u0440\u0430\u0443\u0441 \u043c\u0430\u0439\u044b \u0431\u0430\u0440 \u043a\u0440\u0435\u043c \u2013 \u0422\u0430\u0431\u0438\u0493\u0438 \u043c\u0430\u0441\u0441\u0430\u0436 \u0436\u04d9\u043d\u0435 \u0442\u0435\u0440\u0456 \u043a\u04af\u0442\u0456\u043c\u0456 \u0448\u0435\u0448\u0456\u043c\u0456<\/strong><\/h2>\n<h3 data-start=\"296\" data-end=\"337\"><strong data-start=\"300\" data-end=\"335\">\u0421\u0442\u0440\u0430\u0443\u0441 \u043c\u0430\u0439\u044b \u0431\u0430\u0440 \u043a\u0440\u0435\u043c \u0434\u0435\u0433\u0435\u043d \u043d\u0435?<\/strong><\/h3>\n<p data-start=\"338\" data-end=\"658\">Hurghada Bedwins-\u0442\u0435\u043d \u0448\u044b\u049b\u049b\u0430\u043d <strong data-start=\"366\" data-end=\"386\">Hurghada Bedwins<\/strong> \u0421\u0442\u0440\u0430\u0443\u0441 \u043c\u0430\u0439\u044b \u0431\u0430\u0440 \u043a\u0440\u0435\u043c \u2013 \u0456\u0441\u0456\u043d\u0443\u0434\u0456 \u0431\u0430\u0441\u0443\u0493\u0430, \u0431\u04b1\u043b\u0448\u044b\u049b\u0435\u0442 \u0441\u043f\u0430\u0437\u043c\u0434\u0430\u0440\u044b\u043d \u0442\u044b\u043d\u044b\u0448\u0442\u0430\u043d\u0434\u044b\u0440\u0443\u0493\u0430 \u0436\u04d9\u043d\u0435 \u049b\u04b1\u0440\u0493\u0430\u049b \u0442\u0435\u0440\u0456\u043d\u0456 \u0442\u0435\u0440\u0435\u04a3 \u044b\u043b\u0493\u0430\u043b\u0434\u0430\u043d\u0434\u044b\u0440\u0443\u0493\u0430 \u0430\u0440\u043d\u0430\u043b\u0493\u0430\u043d \u043f\u0440\u0435\u043c\u0438\u0443\u043c \u043c\u0430\u0441\u0441\u0430\u0436 \u0436\u04d9\u043d\u0435 \u0442\u0435\u0440\u0456 \u043a\u04af\u0442\u0456\u043c\u0456 \u043a\u0440\u0435\u043c\u0456. \u0421\u0442\u0440\u0430\u0443\u0441 \u043c\u0430\u0439\u044b \u043c\u0435\u043d \u0442\u0430\u0431\u0438\u0493\u0438 \u0448\u04e9\u043f \u044d\u043a\u0441\u0442\u0440\u0430\u043a\u0442\u0442\u0430\u0440\u044b\u043d\u044b\u04a3 \u0431\u0456\u0440\u0435\u0433\u0435\u0439 \u049b\u043e\u0441\u043f\u0430\u0441\u044b\u043d\u0430\u043d \u0436\u0430\u0441\u0430\u043b\u0493\u0430\u043d \u0431\u04b1\u043b \u043a\u0440\u0435\u043c \u0435\u043c\u0434\u0435\u0443 \u043f\u0430\u0439\u0434\u0430\u0441\u044b\u043d \u0436\u04d9\u043d\u0435 \u043a\u0435\u0440\u0435\u043c\u0435\u0442 \u0442\u0435\u0440\u0456 \u0442\u0430\u043c\u0430\u0493\u044b\u043d \u04b1\u0441\u044b\u043d\u0430\u0434\u044b.<\/p>\n<p data-start=\"660\" data-end=\"966\">\u0421\u0442\u0440\u0430\u0443\u0441 \u043c\u0430\u0439\u044b \u043e\u043d\u044b\u04a3 \u0435\u0440\u0435\u043a\u0448\u0435 \u0441\u0456\u04a3\u0443 \u049b\u0430\u0431\u0456\u043b\u0435\u0442\u0456 \u0436\u04d9\u043d\u0435 \u043e\u043c\u0435\u0433\u0430 \u043c\u0430\u0439 \u049b\u044b\u0448\u049b\u044b\u043b\u0434\u0430\u0440\u044b\u043d\u044b\u04a3 \u0436\u043e\u0493\u0430\u0440\u044b \u043c\u0430\u0437\u043c\u04b1\u043d\u044b\u043c\u0435\u043d \u0442\u0430\u043d\u044b\u043c\u0430\u043b, \u043e\u043b\u0430\u0440 \u0442\u0435\u0440\u0456\u0433\u0435 \u0442\u0435\u0440\u0435\u04a3 \u0435\u043d\u0456\u043f, \u049b\u0430\u0431\u044b\u043d\u0443\u0434\u044b \u0430\u0437\u0430\u0439\u0442\u0430\u0434\u044b, \u0436\u04b1\u043c\u0441\u0430\u049b\u0442\u044b \u049b\u0430\u043b\u043f\u044b\u043d\u0430 \u043a\u0435\u043b\u0442\u0456\u0440\u0435\u0434\u0456 \u0436\u04d9\u043d\u0435 \u0435\u043c\u0434\u0435\u0443\u0434\u0456 \u049b\u043e\u043b\u0434\u0430\u0439\u0434\u044b. \u0410\u0443\u044b\u0440\u0441\u044b\u043d\u0443\u0434\u044b \u0431\u0430\u0441\u0443, \u0434\u0435\u043c\u0430\u043b\u0443 \u043d\u0435\u043c\u0435\u0441\u0435 \u0442\u0435\u0440\u0456 \u0442\u0435\u043a\u0441\u0442\u0443\u0440\u0430\u0441\u044b\u043d \u0436\u0430\u049b\u0441\u0430\u0440\u0442\u0443 \u0456\u0437\u0434\u0435\u043f \u0436\u04af\u0440\u0441\u0435\u04a3\u0456\u0437, \u0431\u04b1\u043b \u043a\u0440\u0435\u043c \u0442\u0430\u043c\u0430\u0448\u0430 \u0441\u0435\u0440\u0456\u043a\u0442\u0435\u0441.<\/p>\n<h3 data-start=\"973\" data-end=\"1006\"><strong data-start=\"977\" data-end=\"1004\">\u041d\u0435\u0433\u0456\u0437\u0433\u0456 \u0442\u0430\u0431\u0438\u0493\u0438 \u0438\u043d\u0433\u0440\u0435\u0434\u0438\u0435\u043d\u0442\u0442\u0435\u0440<\/strong><\/h3>\n<ul data-start=\"1008\" data-end=\"1454\">\n<li data-start=\"1008\" data-end=\"1094\">\n<p data-start=\"1010\" data-end=\"1094\"><strong data-start=\"1010\" data-end=\"1025\">\u0421\u0442\u0440\u0430\u0443\u0441 \u043c\u0430\u0439\u044b<\/strong> \u2013 \u0422\u0435\u0440\u0435\u04a3 \u044b\u043b\u0493\u0430\u043b\u0434\u0430\u043d\u0434\u044b\u0440\u0430\u0434\u044b, \u049b\u0430\u0431\u044b\u043d\u0443\u0434\u044b \u0430\u0437\u0430\u0439\u0442\u0430\u0434\u044b \u0436\u04d9\u043d\u0435 \u0442\u0435\u0440\u0456 \u049b\u0430\u043b\u043f\u044b\u043d\u0430 \u043a\u0435\u043b\u0442\u0456\u0440\u0443\u0434\u0456 \u049b\u043e\u043b\u0434\u0430\u0439\u0434\u044b.<\/p>\n<\/li>\n<li data-start=\"1095\" data-end=\"1195\">\n<p data-start=\"1097\" data-end=\"1195\"><strong data-start=\"1097\" data-end=\"1108\">\u041a\u0430\u043c\u0444\u043e\u0440\u0430<\/strong> \u2013 \u049a\u0430\u043d \u0430\u0439\u043d\u0430\u043b\u044b\u043c\u044b\u043d \u044b\u043d\u0442\u0430\u043b\u0430\u043d\u0434\u044b\u0440\u0430\u0434\u044b, \u049b\u0430\u0442\u0430\u044e\u0434\u044b \u0436\u0435\u04a3\u0456\u043b\u0434\u0435\u0442\u0435\u0434\u0456 \u0436\u04d9\u043d\u0435 \u0431\u04b1\u043b\u0448\u044b\u049b\u0435\u0442 \u043a\u0435\u0440\u043d\u0435\u0443\u0456\u043d \u0430\u0437\u0430\u0439\u0442\u0443\u0493\u0430 \u043a\u04e9\u043c\u0435\u043a\u0442\u0435\u0441\u0435\u0434\u0456.<\/p>\n<\/li>\n<li data-start=\"1196\" data-end=\"1281\">\n<p data-start=\"1198\" data-end=\"1281\"><strong data-start=\"1198\" data-end=\"1216\">\u042d\u0432\u043a\u0430\u043b\u0438\u043f\u0442 \u043c\u0430\u0439\u044b<\/strong> \u2013 \u0422\u0435\u0440\u0456\u043d\u0456 \u0441\u0435\u0440\u0433\u0456\u0442\u0435\u0434\u0456, \u0456\u0441\u0456\u043d\u0443\u0434\u0456 \u0430\u0437\u0430\u0439\u0442\u0430\u0434\u044b \u0436\u04d9\u043d\u0435 \u049b\u0430\u043b\u043f\u044b\u043d\u0430 \u043a\u0435\u043b\u0443\u0434\u0456 \u049b\u043e\u043b\u0434\u0430\u0439\u0434\u044b.<\/p>\n<\/li>\n<li data-start=\"1282\" data-end=\"1357\">\n<p data-start=\"1284\" data-end=\"1357\"><strong data-start=\"1284\" data-end=\"1295\">\u041c\u0435\u043d\u0442\u043e\u043b<\/strong> \u2013 \u0414\u0435\u0440\u0435\u0443 \u0441\u0430\u043b\u049b\u044b\u043d\u0434\u0430\u0442\u0443 \u0441\u0435\u0437\u0456\u043c\u0456\u043d \u0431\u0435\u0440\u0456\u043f, \u044b\u04a3\u0493\u0430\u0439\u0441\u044b\u0437\u0434\u044b\u049b\u0442\u044b \u0436\u0435\u04a3\u0456\u043b\u0434\u0435\u0442\u0435\u0434\u0456.<\/p>\n<\/li>\n<li data-start=\"1358\" data-end=\"1454\">\n<p data-start=\"1360\" data-end=\"1454\"><strong data-start=\"1360\" data-end=\"1371\">\u0411\u0430\u043b \u0432\u043e\u0441\u043a\u0430\u0441\u044b<\/strong> \u2013 \u042b\u043b\u0493\u0430\u043b\u0434\u044b \u0441\u0430\u049b\u0442\u0430\u0439\u0434\u044b \u0436\u04d9\u043d\u0435 \u0442\u0435\u0440\u0456\u043d\u0456 \u0436\u04b1\u043c\u0441\u0430\u049b \u0436\u04d9\u043d\u0435 \u0442\u0435\u0433\u0456\u0441 \u04b1\u0441\u0442\u0430\u0443\u0493\u0430 \u049b\u043e\u0440\u0493\u0430\u043d\u044b\u0441 \u049b\u0430\u0431\u0430\u0442 \u049b\u0430\u043b\u044b\u043f\u0442\u0430\u0441\u0442\u044b\u0440\u0430\u0434\u044b.<\/p>\n<\/li>\n<\/ul>\n<h3 data-start=\"1461\" data-end=\"1486\"><strong data-start=\"1465\" data-end=\"1484\">\u04e8\u043d\u0456\u043c \u0434\u0435\u0442\u0430\u043b\u044c\u0434\u0430\u0440\u044b<\/strong><\/h3>\n<ul data-start=\"1487\" data-end=\"1768\">\n<li data-start=\"1487\" data-end=\"1518\">\n<p data-start=\"1489\" data-end=\"1518\"><strong data-start=\"1489\" data-end=\"1499\">\u0411\u0440\u0435\u043d\u0434:<\/strong> Hurghada Bedwins<\/p>\n<\/li>\n<li data-start=\"1519\" data-end=\"1594\">\n<p data-start=\"1521\" data-end=\"1594\"><strong data-start=\"1521\" data-end=\"1532\">\u0421\u0430\u043b\u043c\u0430\u0493\u044b:<\/strong> 150\u0433 \u2013 \u04ae\u0439\u0434\u0435 \u043d\u0435\u043c\u0435\u0441\u0435 \u0441\u0430\u044f\u0445\u0430\u0442\u0442\u0430 \u043a\u04af\u043d\u0434\u0435\u043b\u0456\u043a\u0442\u0456 \u043f\u0430\u0439\u0434\u0430\u043b\u0430\u043d\u0443\u0493\u0430 \u049b\u043e\u043b\u0430\u0439\u043b\u044b \u04e9\u043b\u0448\u0435\u043c.<\/p>\n<\/li>\n<li data-start=\"1595\" data-end=\"1665\">\n<p data-start=\"1597\" data-end=\"1665\"><strong data-start=\"1597\" data-end=\"1608\">\u0428\u044b\u0493\u0443 \u043e\u0440\u043d\u044b:<\/strong> \u0420\u0435\u0441\u043c\u0438 \u041c\u044b\u0441\u044b\u0440 \u0448\u04e9\u043f\u0442\u0456\u043a \u0431\u0456\u043b\u0456\u043c\u0456\u043c\u0435\u043d \u041c\u044b\u0441\u044b\u0440\u0434\u0430 \u0436\u0430\u0441\u0430\u043b\u0493\u0430\u043d.<\/p>\n<\/li>\n<li data-start=\"1666\" data-end=\"1718\">\n<p data-start=\"1668\" data-end=\"1718\"><strong data-start=\"1668\" data-end=\"1681\">\u0421\u0430\u043d\u0430\u0442\u044b:<\/strong> \u0422\u0430\u0431\u0438\u0493\u0438 \u043c\u0430\u0441\u0441\u0430\u0436 \u0436\u04d9\u043d\u0435 \u0442\u0435\u0440\u0456 \u043a\u04af\u0442\u0456\u043c\u0456 \u043a\u0440\u0435\u043c\u0456.<\/p>\n<\/li>\n<li data-start=\"1719\" data-end=\"1768\">\n<p data-start=\"1721\" data-end=\"1768\"><strong data-start=\"1721\" data-end=\"1746\">\u0422\u0435\u043a \u0441\u044b\u0440\u0442\u049b\u044b \u049b\u043e\u043b\u0434\u0430\u043d\u0443\u0493\u0430 \u0430\u0440\u043d\u0430\u043b\u0493\u0430\u043d<\/strong> \u2013 \u041a\u043e\u0441\u043c\u0435\u0442\u0438\u043a\u0430\u043b\u044b\u049b \u04e9\u043d\u0456\u043c.<\/p>\n<\/li>\n<\/ul>\n<h3 data-start=\"1775\" data-end=\"1819\"><strong data-start=\"1779\" data-end=\"1817\">\u0421\u0442\u0440\u0430\u0443\u0441 \u043c\u0430\u0439\u044b \u0431\u0430\u0440 \u043a\u0440\u0435\u043c\u043d\u0456\u04a3 \u043f\u0430\u0439\u0434\u0430\u0441\u044b<\/strong><\/h3>\n<p data-start=\"1820\" data-end=\"1857\">\u0411\u04b1\u043b \u043a\u0440\u0435\u043c\u0434\u0456 \u04af\u043d\u0435\u043c\u0456 \u043f\u0430\u0439\u0434\u0430\u043b\u0430\u043d\u0443 \u043a\u04e9\u043c\u0435\u043a\u0442\u0435\u0441\u0435\u0434\u0456:<\/p>\n<ul data-start=\"1859\" data-end=\"2151\">\n<li data-start=\"1859\" data-end=\"1908\">\n<p data-start=\"1861\" data-end=\"1908\">\u0411\u04b1\u043b\u0448\u044b\u049b\u0435\u0442 \u0441\u043f\u0430\u0437\u043c\u0434\u0430\u0440\u044b\u043d, \u0442\u0430\u0440\u0442\u044b\u043b\u0443\u043b\u0430\u0440\u0434\u044b \u0436\u04d9\u043d\u0435 \u049b\u0430\u0442\u0430\u044e\u0434\u044b \u0436\u0435\u04a3\u0456\u043b\u0434\u0435\u0442\u0443.<\/p>\n<\/li>\n<li data-start=\"1909\" data-end=\"1968\">\n<p data-start=\"1911\" data-end=\"1968\">\u0411\u0443\u044b\u043d\u0434\u0430\u0440 \u043c\u0435\u043d \u0431\u04b1\u043b\u0448\u044b\u049b\u0435\u0442\u0442\u0435\u0440\u0434\u0435\u0433\u0456 \u0456\u0441\u0456\u043d\u0443 \u043c\u0435\u043d \u049b\u0430\u0431\u044b\u043d\u0443\u0434\u044b \u0430\u0437\u0430\u0439\u0442\u0443.<\/p>\n<\/li>\n<li data-start=\"1969\" data-end=\"2032\">\n<p data-start=\"1971\" data-end=\"2032\">\u049a\u04b1\u0440\u0493\u0430\u049b \u043d\u0435\u043c\u0435\u0441\u0435 \u0436\u0430\u0440\u044b\u049b \u0442\u0435\u0440\u0456\u043d\u0456, \u043e\u043d\u044b\u04a3 \u0456\u0448\u0456\u043d\u0434\u0435 \u04e9\u043a\u0448\u0435\u0441\u0456\u043d \u044b\u043b\u0493\u0430\u043b\u0434\u0430\u043d\u0434\u044b\u0440\u0443 \u0436\u04d9\u043d\u0435 \u0436\u04b1\u043c\u0441\u0430\u0440\u0442\u0443.<\/p>\n<\/li>\n<li data-start=\"2033\" data-end=\"2095\">\n<p data-start=\"2035\" data-end=\"2095\">\u0424\u0438\u0437\u0438\u043a\u0430\u043b\u044b\u049b \u0431\u0435\u043b\u0441\u0435\u043d\u0434\u0456\u043b\u0456\u043a \u043d\u0435\u043c\u0435\u0441\u0435 \u043a\u0435\u0440\u043d\u0435\u0443\u0434\u0435\u043d \u043a\u0435\u0439\u0456\u043d \u0442\u0435\u0437\u0456\u0440\u0435\u043a \u049b\u0430\u043b\u043f\u044b\u043d\u0430 \u043a\u0435\u043b\u0443\u0433\u0435 \u049b\u043e\u043b\u0434\u0430\u0443.<\/p>\n<\/li>\n<li data-start=\"2096\" data-end=\"2151\">\n<p data-start=\"2098\" data-end=\"2151\">\u041c\u0430\u0441\u0441\u0430\u0436 \u0442\u0435\u0440\u0430\u043f\u0438\u044f\u0441\u044b \u043a\u0435\u0437\u0456\u043d\u0434\u0435 \u0442\u044b\u043d\u044b\u0448\u0442\u0430\u043d\u0434\u044b\u0440\u0430\u0442\u044b\u043d \u0434\u0435\u043c\u0430\u043b\u0443.<\/p>\n<\/li>\n<\/ul>\n<h3 data-start=\"2158\" data-end=\"2178\"><strong data-start=\"2162\" data-end=\"2176\">\u049a\u0430\u043b\u0430\u0439 \u043f\u0430\u0439\u0434\u0430\u043b\u0430\u043d\u0443 \u043a\u0435\u0440\u0435\u043a<\/strong><\/h3>\n<ol data-start=\"2179\" data-end=\"2429\">\n<li data-start=\"2179\" data-end=\"2238\">\n<p data-start=\"2182\" data-end=\"2238\">\u041c\u0430\u049b\u0441\u0430\u0442\u0442\u044b \u0430\u0439\u043c\u0430\u049b\u049b\u0430 \u043a\u0440\u0435\u043c\u043d\u0456\u04a3 \u0436\u0430\u0440\u0430\u043c\u0434\u044b \u043c\u04e9\u043b\u0448\u0435\u0440\u0456\u043d \u0436\u0430\u0493\u044b\u04a3\u044b\u0437.<\/p>\n<\/li>\n<li data-start=\"2239\" data-end=\"2302\">\n<p data-start=\"2242\" data-end=\"2302\">\u0422\u043e\u043b\u044b\u049b \u0441\u0456\u04a3\u0433\u0435\u043d\u0448\u0435 \u0448\u0435\u04a3\u0431\u0435\u0440\u043b\u0456\u043a \u049b\u043e\u0437\u0493\u0430\u043b\u044b\u0441\u0442\u0430\u0440\u043c\u0435\u043d \u043d\u04d9\u0437\u0456\u043a \u043c\u0430\u0441\u0441\u0430\u0436 \u0436\u0430\u0441\u0430\u04a3\u044b\u0437.<\/p>\n<\/li>\n<li data-start=\"2303\" data-end=\"2429\">\n<p data-start=\"2306\" data-end=\"2429\">\u041a\u04af\u043d\u0456\u043d\u0435 2\u20133 \u0440\u0435\u0442 \u043d\u0435\u043c\u0435\u0441\u0435 \u049b\u0430\u0436\u0435\u0442\u0456\u043d\u0448\u0435 \u043f\u0430\u0439\u0434\u0430\u043b\u0430\u043d\u044b\u04a3\u044b\u0437.<br data-start=\"2339\" data-end=\"2342\" \/>\ud83d\udca1 <strong data-start=\"2345\" data-end=\"2353\">\u041a\u0435\u04a3\u0435\u0441:<\/strong> \u0422\u0435\u0440\u0435\u04a3\u0456\u0440\u0435\u043a \u0441\u0456\u04a3\u0443 \u04af\u0448\u0456\u043d \u043a\u0456\u0440\u043f\u0456\u043a\u0448\u0435\u043b\u0435\u0440 \u0430\u0448\u044b\u049b \u0436\u044b\u043b\u044b \u0434\u0443\u0448\u0442\u0430\u043d \u043a\u0435\u0439\u0456\u043d \u0436\u0430\u0493\u044b\u04a3\u044b\u0437.<\/p>\n<\/li>\n<\/ol>\n<h3 data-start=\"2436\" data-end=\"2497\"><strong data-start=\"2440\" data-end=\"2495\">\u041d\u0435\u0433\u0435 Hurghada Bedwins \u0421\u0442\u0440\u0430\u0443\u0441 \u043c\u0430\u0439\u044b \u0431\u0430\u0440 \u043a\u0440\u0435\u043c\u0456\u043d \u0442\u0430\u04a3\u0434\u0430\u0443 \u043a\u0435\u0440\u0435\u043a?<\/strong><\/h3>\n<ul data-start=\"2498\" data-end=\"2675\">\n<li data-start=\"2498\" data-end=\"2535\">\n<p data-start=\"2500\" data-end=\"2535\">\u041f\u0440\u0435\u043c\u0438\u0443\u043c \u0441\u0430\u043f\u0430\u043b\u044b \u041c\u044b\u0441\u044b\u0440 \u04e9\u043d\u0456\u043c\u0456.<\/p>\n<\/li>\n<li data-start=\"2536\" data-end=\"2585\">\n<p data-start=\"2538\" data-end=\"2585\">\u0422\u0430\u0431\u0438\u0493\u0438, \u0442\u0435\u0440\u0456\u0433\u0435 \u049b\u043e\u043b\u0430\u0439\u043b\u044b \u0438\u043d\u0433\u0440\u0435\u0434\u0438\u0435\u043d\u0442\u0442\u0435\u0440\u0434\u0435\u043d \u0436\u0430\u0441\u0430\u043b\u0493\u0430\u043d.<\/p>\n<\/li>\n<li data-start=\"2586\" data-end=\"2622\">\n<p data-start=\"2588\" data-end=\"2622\">\u0415\u0440\u043b\u0435\u0440\u0433\u0435 \u0434\u0435, \u04d9\u0439\u0435\u043b\u0434\u0435\u0440\u0433\u0435 \u0434\u0435 \u0436\u0430\u0440\u0430\u043c\u0434\u044b.<\/p>\n<\/li>\n<li data-start=\"2623\" data-end=\"2675\">\n<p data-start=\"2625\" data-end=\"2675\">\u0410\u0443\u044b\u0440\u0441\u044b\u043d\u0443\u0434\u044b \u0431\u0430\u0441\u0443\u043c\u0435\u043d \u0442\u0435\u0440\u0435\u04a3 \u0442\u0435\u0440\u0456 \u0442\u0430\u043c\u0430\u0493\u044b\u043d \u0431\u0456\u0440\u0456\u043a\u0442\u0456\u0440\u0435\u0434\u0456.<\/p>\n<\/li>\n<\/ul>\n<h3 data-start=\"2682\" data-end=\"2741\"><strong data-start=\"2686\" data-end=\"2739\">\u04d8\u0440 \u043c\u0430\u0441\u0441\u0430\u0436\u0434\u0430 \u0442\u0430\u0431\u0438\u0493\u0430\u0442 \u043a\u04af\u0448\u0456\u043d \u0441\u0435\u0437\u0456\u043d\u0456\u04a3\u0456\u0437<\/strong><\/h3>\n<p data-start=\"2742\" data-end=\"2955\"><strong data-start=\"2802\" data-end=\"2828\">\u0421\u0442\u0440\u0430\u0443\u0441 \u043c\u0430\u0439\u044b \u0431\u0430\u0440 \u043a\u0440\u0435\u043c\u043d\u0456\u04a3<\/strong> \u043a\u0435\u0440\u0435\u043c\u0435\u0442\u0456 \u043c\u0435\u043d \u0435\u043c\u0434\u0435\u0443 \u043a\u04af\u0448\u0456\u043d \u0434\u0435\u043d\u0435\u04a3\u0456\u0437 \u0431\u0435\u043d \u0442\u0435\u0440\u0456\u04a3\u0456\u0437\u0433\u0435 \u0441\u044b\u0439\u043b\u0430\u04a3\u044b\u0437. \u04d8\u0440 \u0436\u0430\u0493\u0443 \u043a\u0435\u0437\u0456\u043d\u0434\u0435 \u0442\u0430\u0431\u0438\u0493\u0438 \u041c\u044b\u0441\u044b\u0440 \u043a\u04af\u0442\u0456\u043c\u0456\u043d\u0456\u04a3 \u0442\u044b\u043d\u044b\u0448\u0442\u0430\u043d\u0434\u044b\u0440\u0430\u0442\u044b\u043d \u0436\u0435\u04a3\u0456\u043b\u0434\u0456\u0433\u0456\u043d, \u04b1\u0437\u0430\u049b \u044b\u043b\u0493\u0430\u043b\u0434\u0430\u043d\u0434\u044b\u0440\u0443\u0434\u044b \u0436\u04d9\u043d\u0435 \u0441\u0435\u0440\u0433\u0456\u0442\u0435\u0442\u0456\u043d \u0442\u0438\u044e\u0456\u043d \u0441\u0435\u0437\u0435\u0441\u0456\u0437.<\/p>\n<p data-start=\"2957\" data-end=\"3083\"><strong data-start=\"2959\" data-end=\"3024\">\u0411\u04af\u0433\u0456\u043d 150\u0433 Hurghada Bedwins \u0421\u0442\u0440\u0430\u0443\u0441 \u043c\u0430\u0439\u044b \u0431\u0430\u0440 \u043a\u0440\u0435\u043c\u0456\u043d \u0442\u0430\u043f\u0441\u044b\u0440\u044b\u0441 \u0431\u0435\u0440\u0456\u04a3\u0456\u0437<\/strong> \u0436\u04d9\u043d\u0435 \u0442\u0435\u0440\u0456\u04a3\u0456\u0437 \u0431\u0435\u043d \u0431\u04b1\u043b\u0448\u044b\u049b\u0435\u0442\u0442\u0435\u0440\u0456\u04a3\u0456\u0437\u0433\u0435 \u043b\u0430\u0439\u044b\u049b \u0436\u0430\u0439\u043b\u044b\u043b\u044b\u049b \u0431\u0435\u0440\u0456\u04a3\u0456\u0437!<\/p>\n<p style=\"text-align: center;\">Bazaar Express-\u0442\u0435 \u0448\u043e\u043f\u043f\u0438\u043d\u0433 \u0436\u0430\u0441\u0430\u0434\u0131\u011f\u0131n\u0131z \u04af\u0448\u0456\u043d \u0440\u0430\u049b\u043c\u0435\u0442 \u2013 \u0441\u0456\u0437\u0434\u0456 \u043a\u04e9\u0440\u0433\u0456\u043c\u0456\u0437\u0433\u0435 \u049b\u0443\u0430\u043d\u044b\u0448\u0442\u044b\u043c\u044b\u0437!<\/p>\n<p style=\"text-align: center;\">\u04e8\u0437\u0456\u04a3\u0456\u0437\u0433\u0435 \u043a\u04af\u0442\u0456\u043c \u0436\u0430\u0441\u0430\u0443\u0434\u044b\u04a3 \u0436\u0430\u049b\u0441\u044b \u0436\u043e\u043b\u044b \u043e\u0441\u044b\u043d\u0434\u0430 \u0431\u0430\u0441\u0442\u0430\u043b\u0430\u0434\u044b \u2014 \u0441\u0435\u043d\u0456\u043c\u0434\u0456 <a href=\"https:\/\/bazaar.express\/product-category\/beauty-care\/\">\u0421\u04b1\u043b\u0443\u043b\u044b\u049b \u0436\u04d9\u043d\u0435 \u043a\u04af\u0442\u0456\u043c<\/a> \u0430\u0440\u049b\u044b\u043b\u044b.<\/p>\n","protected":false},"excerpt":{"rendered":"<h3 data-start=\"335\" data-end=\"532\">\u0421\u0442\u0440\u0430\u0443\u0441 \u043c\u0430\u0439\u044b \u043c\u0430\u0441\u0441\u0430\u0436 \u043a\u0440\u0435\u043c\u0456\u043c\u0435\u043d \u0442\u0435\u0440\u0435\u04a3 \u0436\u0435\u04a3\u0456\u043b\u0434\u0456\u043a \u0430\u043b\u044b\u04a3\u044b\u0437. \u0410\u0443\u044b\u0440\u0493\u0430\u043d \u0431\u04b1\u043b\u0448\u044b\u049b\u0435\u0442\u0442\u0435\u0440\u0434\u0456 \u0442\u044b\u043d\u044b\u0448\u0442\u0430\u043d\u0434\u044b\u0440\u0443, \u0431\u0443\u044b\u043d \u0430\u0443\u044b\u0440\u0441\u044b\u043d\u0443\u044b\u043d \u0436\u0435\u04a3\u0456\u043b\u0434\u0435\u0442\u0443 \u0436\u04d9\u043d\u0435 \u0442\u0430\u0431\u0438\u0493\u0438 \u0438\u043d\u0433\u0440\u0435\u0434\u0438\u0435\u043d\u0442\u0442\u0435\u0440\u043c\u0435\u043d \u0434\u0435\u043c\u0430\u043b\u0443 \u04af\u0448\u0456\u043d \u0442\u0430\u043c\u0430\u0448\u0430.<\/h3>\n","protected":false},"featured_media":40712,"comment_status":"open","ping_status":"closed","template":"","meta":[],"product_brand":[],"product_cat":[1183,1176],"product_tag":[1359,1358,1360],"class_list":{"0":"post-40711","1":"product","2":"type-product","3":"status-publish","4":"has-post-thumbnail","6":"product_cat-1183","7":"product_cat-1176","8":"product_tag-1359","9":"product_tag-1358","10":"product_tag-1360","12":"first","13":"instock","14":"shipping-taxable","15":"purchasable","16":"product-type-simple"},"_links":{"self":[{"href":"https:\/\/bazaar.express\/kk\/wp-json\/wp\/v2\/product\/40711","targetHints":{"allow":["GET"]}}],"collection":[{"href":"https:\/\/bazaar.express\/kk\/wp-json\/wp\/v2\/product"}],"about":[{"href":"https:\/\/bazaar.express\/kk\/wp-json\/wp\/v2\/types\/product"}],"replies":[{"embeddable":true,"href":"https:\/\/bazaar.express\/kk\/wp-json\/wp\/v2\/comments?post=40711"}],"wp:featuredmedia":[{"embeddable":true,"href":"https:\/\/bazaar.express\/kk\/wp-json\/wp\/v2\/media\/40712"}],"wp:attachment":[{"href":"https:\/\/bazaar.express\/kk\/wp-json\/wp\/v2\/media?parent=40711"}],"wp:term":[{"taxonomy":"product_brand","embeddable":true,"href":"https:\/\/bazaar.express\/kk\/wp-json\/wp\/v2\/product_brand?post=40711"},{"taxonomy":"product_cat","embeddable":true,"href":"https:\/\/bazaar.express\/kk\/wp-json\/wp\/v2\/product_cat?post=40711"},{"taxonomy":"product_tag","embeddable":true,"href":"https:\/\/bazaar.express\/kk\/wp-json\/wp\/v2\/product_tag?post=40711"}],"curies":[{"name":"wp","href":"https:\/\/api.w.org\/{rel}","templated":true}]}}