{"id":41379,"date":"2025-01-14T14:16:51","date_gmt":"2025-01-14T14:16:51","guid":{"rendered":"https:\/\/bazaar.express\/product\/nature-olive-oil\/"},"modified":"2025-01-14T14:16:51","modified_gmt":"2025-01-14T14:16:51","slug":"nature-olive-oil","status":"publish","type":"product","link":"https:\/\/bazaar.express\/kk\/product\/nature-olive-oil\/","title":{"rendered":"\u0422\u0430\u0431\u0438\u0493\u0438 \u0437\u04d9\u0439\u0442\u04af\u043d \u043c\u0430\u0439\u044b \u2013 El Baraka"},"content":{"rendered":"<h2 data-start=\"262\" data-end=\"354\"><strong data-start=\"265\" data-end=\"354\">El Baraka \u0442\u0430\u0431\u0438\u0493\u0438 \u0437\u04d9\u0439\u0442\u04af\u043d \u043c\u0430\u0439\u044b \u2013 \u0434\u0435\u043d\u0441\u0430\u0443\u043b\u044b\u049b, \u0441\u04b1\u043b\u0443\u043b\u044b\u049b \u0436\u04d9\u043d\u0435 \u04d9\u043b-\u0430\u0443\u049b\u0430\u0442 \u04af\u0448\u0456\u043d \u0441\u0443\u044b\u049b \u049b\u044b\u0441\u0443\u043b\u044b \u043c\u0456\u043d\u0441\u0456\u0437\u0434\u0456\u043a<\/strong><\/h2>\n<h3 data-start=\"356\" data-end=\"403\"><strong data-start=\"360\" data-end=\"403\">\u0422\u0430\u0431\u0438\u0493\u0430\u0442\u0442\u0430\u043d \u0442\u0430\u0437\u0430, \u0441\u0443\u044b\u049b \u049b\u044b\u0441\u0443\u043b\u044b \u0436\u0430\u049b\u0441\u044b\u043b\u044b\u049b<\/strong><\/h3>\n<p data-start=\"404\" data-end=\"713\">El Baraka Nature Olive Oil \u0430\u0440\u049b\u044b\u043b\u044b \u0442\u0430\u0431\u0438\u0493\u0430\u0442 \u043a\u04af\u0448\u0456\u043d \u0441\u0435\u0437\u0456\u04a3\u0456\u0437 \u2014 \u0442\u0430\u0437\u0430\u043b\u044b\u0493\u044b, \u0431\u0430\u0439\u043b\u044b\u0493\u044b \u0436\u04d9\u043d\u0435 \u0441\u0430\u043d\u0430\u0443\u043b\u044b \u0434\u0435\u043d\u0441\u0430\u0443\u043b\u044b\u049b \u043f\u0430\u0439\u0434\u0430\u0441\u044b\u043c\u0435\u043d \u0442\u0430\u043d\u044b\u043c\u0430\u043b \u043f\u0440\u0435\u043c\u0438\u0443\u043c, \u0441\u0443\u044b\u049b \u049b\u044b\u0441\u0443\u043b\u044b \u043c\u0430\u0439. \u041f\u0456\u0441\u0456\u0440\u0443\u0456\u04a3\u0456\u0437\u0434\u0456 \u0436\u0430\u049b\u0441\u0430\u0440\u0442\u0443, \u0442\u0435\u0440\u0456\u04a3\u0456\u0437\u0434\u0456 \u043d\u04d9\u0440\u043b\u0435\u043d\u0434\u0456\u0440\u0443 \u043d\u0435\u043c\u0435\u0441\u0435 \u0456\u0448\u0442\u0435\u043d \u0448\u044b\u04a3\u0434\u0430\u0443 \u04af\u0448\u0456\u043d \u0456\u0437\u0434\u0435\u043f \u0436\u04af\u0440\u0441\u0435\u04a3\u0456\u0437, \u0431\u04b1\u043b \u0442\u0430\u0431\u0438\u0493\u0438 \u043c\u0430\u0439 \u043d\u0430\u049b\u0442\u044b \u043d\u04d9\u0442\u0438\u0436\u0435 \u0431\u0435\u0440\u0435\u0434\u0456.<\/p>\n<h3 data-start=\"715\" data-end=\"754\"><strong data-start=\"719\" data-end=\"754\">\u041d\u0435\u0433\u0435 El Baraka \u0437\u04d9\u0439\u0442\u04af\u043d \u043c\u0430\u0439\u044b\u043d \u0442\u0430\u04a3\u0434\u0430\u0443 \u043a\u0435\u0440\u0435\u043a?<\/strong><\/h3>\n<h4 data-start=\"756\" data-end=\"797\"><strong data-start=\"761\" data-end=\"797\">\u0415\u04a3 \u0436\u043e\u0493\u0430\u0440\u044b \u0442\u0438\u0456\u043c\u0434\u0456\u043b\u0456\u043a \u04af\u0448\u0456\u043d \u0441\u0443\u044b\u049b \u049b\u044b\u0441\u0443\u043b\u044b<\/strong><\/h4>\n<p data-start=\"798\" data-end=\"994\">\u0411\u0456\u0437\u0434\u0456\u04a3 \u043c\u0430\u0439 \u0435\u04a3 \u0441\u0430\u043f\u0430\u043b\u044b \u0437\u04d9\u0439\u0442\u04af\u043d\u0434\u0435\u0440\u0434\u0435\u043d \u0431\u0430\u0440\u043b\u044b\u049b \u049b\u043e\u0440\u0435\u043a\u0442\u0456\u043a \u0437\u0430\u0442\u0442\u0430\u0440\u0434\u044b, \u0430\u043d\u0442\u0438\u043e\u043a\u0441\u0438\u0434\u0430\u043d\u0442\u0442\u0430\u0440\u0434\u044b \u0436\u04d9\u043d\u0435 \u0434\u04d9\u043c\u0434\u0456 \u0441\u0430\u049b\u0442\u0430\u0439\u0442\u044b\u043d \u0441\u0443\u044b\u049b \u049b\u044b\u0441\u0443 \u04d9\u0434\u0456\u0441\u0442\u0435\u0440\u0456\u043c\u0435\u043d \u0430\u043b\u044b\u043d\u0493\u0430\u043d. \u0425\u0438\u043c\u0438\u044f\u043b\u044b\u049b \u0437\u0430\u0442\u0442\u0430\u0440 \u0436\u043e\u049b. \u0416\u044b\u043b\u0443 \u0436\u043e\u049b. \u04d8\u0440 \u0442\u0430\u043c\u0448\u044b\u0434\u0430 \u0442\u0435\u043a \u0442\u0430\u0437\u0430, \u0442\u0430\u0431\u0438\u0493\u0438 \u0436\u0430\u049b\u0441\u044b\u043b\u044b\u049b.<\/p>\n<h4 data-start=\"996\" data-end=\"1033\"><strong data-start=\"1001\" data-end=\"1033\">\u049a\u0443\u0430\u0442\u0442\u044b \u049b\u0430\u0440\u0442\u0430\u044e\u0493\u0430 \u049b\u0430\u0440\u0441\u044b \u049b\u04b1\u043f\u0438\u044f<\/strong><\/h4>\n<p data-start=\"1034\" data-end=\"1260\"><strong data-start=\"1042\" data-end=\"1055\">E \u0432\u0438\u0442\u0430\u043c\u0438\u043d\u0456\u043d\u0435<\/strong> \u0436\u04d9\u043d\u0435 <strong data-start=\"1060\" data-end=\"1084\">\u0442\u0430\u0431\u0438\u0493\u0438 \u0430\u043d\u0442\u0438\u043e\u043a\u0441\u0438\u0434\u0430\u043d\u0442\u0442\u0430\u0440\u0493\u0430<\/strong> \u0431\u0430\u0439 El Baraka \u0437\u04d9\u0439\u0442\u04af\u043d \u043c\u0430\u0439\u044b \u0442\u0435\u0440\u0456\u04a3\u0456\u0437\u0434\u0456 \u049b\u0430\u0440\u0442\u0430\u044e \u0431\u0435\u043b\u0433\u0456\u043b\u0435\u0440\u0456\u043d\u0435\u043d \u049b\u043e\u0440\u0493\u0430\u0439\u0434\u044b. \u041e\u043b \u0431\u04b1\u0440\u044b\u0448\u0442\u0430\u0440\u043c\u0435\u043d \u043a\u04af\u0440\u0435\u0441\u0435\u0434\u0456, \u0441\u0435\u0440\u043f\u0456\u043c\u0434\u0456\u043b\u0456\u043a\u0442\u0456 \u049b\u0430\u043b\u043f\u044b\u043d\u0430 \u043a\u0435\u043b\u0442\u0456\u0440\u0435\u0434\u0456 \u0436\u04d9\u043d\u0435 \u0442\u0435\u0440\u0456\u04a3\u0456\u0437\u0434\u0456 \u0436\u044b\u043b\u0442\u044b\u0440, \u0434\u044b\u043c\u049b\u044b\u043b \u0436\u04d9\u043d\u0435 \u0443\u0430\u049b\u044b\u0442 \u04e9\u0442\u0435 \u0436\u0430\u0441\u0442\u0430\u0439 \u0435\u0442\u0435\u0434\u0456.<\/p>\n<h4 data-start=\"1262\" data-end=\"1309\"><strong data-start=\"1267\" data-end=\"1309\">\u0421\u0435\u0437\u0456\u043c\u0442\u0430\u043b \u0442\u0435\u0440\u0456 \u04af\u0448\u0456\u043d \u0442\u0435\u0440\u0435\u04a3 \u044b\u043b\u0493\u0430\u043b\u0434\u0430\u043d\u0434\u044b\u0440\u0443<\/strong><\/h4>\n<p data-start=\"1310\" data-end=\"1498\">\u049a\u04b1\u0440\u0493\u0430\u049b, \u0441\u0435\u0437\u0456\u043c\u0442\u0430\u043b \u043d\u0435\u043c\u0435\u0441\u0435 \u043e\u04a3\u0430\u0439 \u0442\u0456\u0442\u0456\u0440\u043a\u0435\u043d\u0435\u0442\u0456\u043d \u0442\u0435\u0440\u0456\u0441\u0456 \u0431\u0430\u0440\u043b\u0430\u0440 \u04af\u0448\u0456\u043d \u0442\u0430\u043c\u0430\u0448\u0430. \u0411\u04b1\u043b \u043c\u0430\u0439 \u0442\u0435\u0440\u0456\u043d\u0456 \u0436\u04b1\u043c\u0441\u0430\u049b \u044b\u043b\u0493\u0430\u043b\u0434\u0430\u043d\u0434\u044b\u0440\u0430\u0434\u044b \u0436\u04d9\u043d\u0435 \u0442\u044b\u043d\u044b\u0448\u0442\u0430\u043d\u0434\u044b\u0440\u0430\u0434\u044b, \u044b\u043b\u0493\u0430\u043b\u0434\u0430\u043d\u0434\u044b\u0440\u0443\u0434\u044b \u0436\u04d9\u043d\u0435 \u0442\u0435\u0440\u0456 \u049b\u043e\u0440\u0493\u0430\u043d\u044b\u0441 \u049b\u0430\u0431\u044b\u0440\u0493\u0430\u0441\u044b\u043d \u0436\u0430\u049b\u0441\u0430\u0440\u0442\u0430\u0434\u044b, \u04d9\u0441\u0456\u0440\u0435\u0441\u0435 \u0430\u0443\u044b\u0440 \u0430\u0443\u0430 \u0440\u0430\u0439\u044b\u043d\u0434\u0430.<\/p>\n<h4 data-start=\"1500\" data-end=\"1532\"><strong data-start=\"1505\" data-end=\"1532\">\u0416\u04af\u0440\u0435\u043a\u043a\u0435 \u043f\u0430\u0439\u0434\u0430\u043b\u044b \u049b\u043e\u0440\u0435\u043a\u0442\u0456\u043a \u0437\u0430\u0442\u0442\u0430\u0440<\/strong><\/h4>\n<p data-start=\"1533\" data-end=\"1755\"><strong data-start=\"1545\" data-end=\"1559\">\u043e\u043b\u0435\u0438\u043d \u049b\u044b\u0448\u049b\u044b\u043b\u044b\u043d\u0430<\/strong> \u0442\u043e\u043b\u044b, \u0436\u04af\u0440\u0435\u043a-\u049b\u0430\u043d\u0442\u0430\u043c\u044b\u0440 \u0434\u0435\u043d\u0441\u0430\u0443\u043b\u044b\u0493\u044b\u043d \u049b\u043e\u043b\u0434\u0430\u0439\u0442\u044b\u043d \u0431\u0456\u0440\u049b\u0430\u043d\u044b\u049b\u043f\u0430\u0493\u0430\u043d \u043c\u0430\u0439 \u0440\u0435\u0442\u0456\u043d\u0434\u0435 \u0431\u0435\u043b\u0433\u0456\u043b\u0456, El Baraka \u0437\u04d9\u0439\u0442\u04af\u043d \u043c\u0430\u0439\u044b \u0436\u0430\u043c\u0430\u043d \u0445\u043e\u043b\u0435\u0441\u0442\u0435\u0440\u0438\u043d\u0434\u0456 (LDL) \u0442\u04e9\u043c\u0435\u043d\u0434\u0435\u0442\u0443\u0433\u0435 \u0436\u04d9\u043d\u0435 \u0436\u0430\u049b\u0441\u044b \u0445\u043e\u043b\u0435\u0441\u0442\u0435\u0440\u0438\u043d\u0434\u0456 (HDL) \u0430\u0440\u0442\u0442\u044b\u0440\u0443\u0493\u0430 \u043a\u04e9\u043c\u0435\u043a\u0442\u0435\u0441\u0435\u0434\u0456, \u0436\u04af\u0440\u0435\u043a \u0430\u0443\u0440\u0443\u044b \u049b\u0430\u0443\u043f\u0456\u043d \u0442\u04e9\u043c\u0435\u043d\u0434\u0435\u0442\u0435\u0434\u0456.<\/p>\n<h4 data-start=\"1757\" data-end=\"1800\"><strong data-start=\"1762\" data-end=\"1800\">\u0410\u0441 \u049b\u043e\u0440\u044b\u0442\u0443 \u0436\u04d9\u043d\u0435 \u0441\u04af\u0439\u0435\u043a \u0434\u0435\u043d\u0441\u0430\u0443\u043b\u044b\u0493\u044b\u043d \u0436\u0430\u049b\u0441\u0430\u0440\u0442\u0430\u0434\u044b<\/strong><\/h4>\n<p data-start=\"1801\" data-end=\"1976\">\u0411\u04b1\u043b \u043c\u0430\u0439 \u0430\u0441 \u049b\u043e\u0440\u044b\u0442\u0443 \u0434\u0435\u043d\u0441\u0430\u0443\u043b\u044b\u0493\u044b\u043d \u049b\u043e\u043b\u0434\u0430\u0439\u0434\u044b, \u043c\u0430\u0439\u0434\u044b\u04a3 \u0441\u0456\u04a3\u0456\u0440\u0456\u043b\u0443\u0456\u043d\u0435 \u043a\u04e9\u043c\u0435\u043a\u0442\u0435\u0441\u0435\u0434\u0456 \u0436\u04d9\u043d\u0435 \u043a\u04af\u0448\u0442\u0456 \u0441\u04af\u0439\u0435\u043a\u0442\u0435\u0440 \u043c\u0435\u043d \u0431\u0443\u044b\u043d\u0434\u0430\u0440 \u04af\u0448\u0456\u043d \u043c\u0430\u04a3\u044b\u0437\u0434\u044b \u043c\u0438\u043d\u0435\u0440\u0430\u043b\u0434\u0430\u0440\u0434\u044b \u0431\u0435\u0440\u0435\u0434\u0456 \u2014 \u049b\u0430\u0440\u0442\u0442\u0430\u0440 \u043c\u0435\u043d \u04e9\u0441\u0456\u043f \u043a\u0435\u043b\u0435 \u0436\u0430\u0442\u049b\u0430\u043d \u0431\u0430\u043b\u0430\u043b\u0430\u0440 \u04af\u0448\u0456\u043d \u04d9\u0441\u0456\u0440\u0435\u0441\u0435 \u043f\u0430\u0439\u0434\u0430\u043b\u044b.<\/p>\n<h4 data-start=\"1978\" data-end=\"2007\"><strong data-start=\"1983\" data-end=\"2007\">\u0411\u0430\u0440\u043b\u044b\u049b \u0436\u0430\u0441\u049b\u0430 \u0442\u0430\u043c\u0430\u0448\u0430<\/strong><\/h4>\n<p data-start=\"2008\" data-end=\"2170\">\u0411\u0430\u043b\u0430\u043b\u0430\u0440\u0434\u0430\u043d \u049b\u0430\u0440\u0442\u0442\u0430\u0440\u0493\u0430 \u0434\u0435\u0439\u0456\u043d El Baraka \u0442\u0430\u0431\u0438\u0493\u0438 \u0437\u04d9\u0439\u0442\u04af\u043d \u043c\u0430\u0439\u044b \u04e9\u043c\u0456\u0440\u0434\u0456\u04a3 \u04d9\u0440 \u0441\u0430\u0442\u044b\u0441\u044b\u043d\u0434\u0430 \u04d9\u043b-\u0430\u0443\u049b\u0430\u0442\u0442\u044b \u049b\u043e\u043b\u0434\u0430\u0439\u0434\u044b. \u0411\u04b1\u043b \u04e9\u043c\u0456\u0440 \u0441\u04af\u0440\u0443 \u043a\u04af\u0448\u0456\u043d, \u0438\u043c\u043c\u0443\u043d\u0438\u0442\u0435\u0442\u0442\u0456 \u0436\u04d9\u043d\u0435 \u04b1\u0437\u0430\u049b \u043c\u0435\u0440\u0437\u0456\u043c\u0434\u0456 \u0434\u0435\u043d\u0441\u0430\u0443\u043b\u044b\u049b\u0442\u044b \u043a\u04e9\u0442\u0435\u0440\u0443\u0434\u0456\u04a3 \u0442\u0430\u0431\u0438\u0493\u0438 \u0436\u043e\u043b\u044b.<\/p>\n<h3 data-start=\"2172\" data-end=\"2212\"><strong data-start=\"2176\" data-end=\"2212\">\u04d8\u0440 \u0442\u0430\u043c\u0448\u044b\u0434\u0430 \u0442\u0435\u04a3\u0441\u0456\u0437 \u043f\u0430\u0439\u0434\u0430<\/strong><\/h3>\n<ul data-start=\"2213\" data-end=\"2429\">\n<li data-start=\"2213\" data-end=\"2249\">\n<p data-start=\"2215\" data-end=\"2249\"><strong data-start=\"2218\" data-end=\"2249\">\u0422\u0435\u0440\u0456\u043d\u0456 \u043d\u04d9\u0440\u043b\u0435\u043d\u0434\u0456\u0440\u0435\u0434\u0456 \u0436\u04d9\u043d\u0435 \u049b\u043e\u0440\u0493\u0430\u0439\u0434\u044b<\/strong><\/p>\n<\/li>\n<li data-start=\"2250\" data-end=\"2280\">\n<p data-start=\"2252\" data-end=\"2280\"><strong data-start=\"2255\" data-end=\"2280\">\u0416\u04af\u0440\u0435\u043a \u0434\u0435\u043d\u0441\u0430\u0443\u043b\u044b\u0493\u044b\u043d \u049b\u043e\u043b\u0434\u0430\u0439\u0434\u044b<\/strong><\/p>\n<\/li>\n<li data-start=\"2281\" data-end=\"2318\">\n<p data-start=\"2283\" data-end=\"2318\"><strong data-start=\"2286\" data-end=\"2318\">\u0421\u04af\u0439\u0435\u043a\u0442\u0435\u0440 \u043c\u0435\u043d \u0431\u0443\u044b\u043d\u0434\u0430\u0440\u0434\u044b \u043d\u044b\u0493\u0430\u0439\u0442\u0430\u0434\u044b<\/strong><\/p>\n<\/li>\n<li data-start=\"2319\" data-end=\"2371\">\n<p data-start=\"2321\" data-end=\"2371\"><strong data-start=\"2325\" data-end=\"2371\">\u0410\u0441 \u049b\u043e\u0440\u044b\u0442\u0443 \u0436\u04d9\u043d\u0435 \u049b\u043e\u0440\u0435\u043a\u0442\u0456\u043a \u0437\u0430\u0442\u0442\u0430\u0440\u0434\u044b\u04a3 \u0441\u0456\u04a3\u0443\u0456\u043d \u049b\u043e\u043b\u0434\u0430\u0439\u0434\u044b<\/strong><\/p>\n<\/li>\n<li data-start=\"2372\" data-end=\"2429\">\n<p data-start=\"2374\" data-end=\"2429\"><strong data-start=\"2377\" data-end=\"2429\">\u0412\u0438\u0442\u0430\u043c\u0438\u043d\u0434\u0435\u0440\u0433\u0435, \u0430\u043d\u0442\u0438\u043e\u043a\u0441\u0438\u0434\u0430\u043d\u0442\u0442\u0430\u0440\u0493\u0430 \u0436\u04d9\u043d\u0435 \u043f\u0430\u0439\u0434\u0430\u043b\u044b \u043c\u0430\u0439\u043b\u0430\u0440\u0493\u0430 \u0431\u0430\u0439<\/strong><\/p>\n<\/li>\n<\/ul>\n<h3 data-start=\"2431\" data-end=\"2488\"><strong data-start=\"2435\" data-end=\"2488\">\u0414\u0435\u043d\u0441\u0430\u0443\u043b\u044b \u04e9\u043c\u0456\u0440 \u0441\u0430\u043b\u0442\u044b\u043d\u044b\u04a3 \u0416\u0435\u0440\u043e\u0440\u0442\u0430 \u0442\u0435\u04a3\u0456\u0437 \u049b\u04b1\u043f\u0438\u044f\u0441\u044b<\/strong><\/h3>\n<p data-start=\"2489\" data-end=\"2714\">\u0417\u04d9\u0439\u0442\u04af\u043d \u043c\u0430\u0439\u044b \u0493\u0430\u0441\u044b\u0440\u043b\u0430\u0440 \u0431\u043e\u0439\u044b \u0416\u0435\u0440\u043e\u0440\u0442\u0430 \u0442\u0435\u04a3\u0456\u0437 \u04e9\u043c\u0456\u0440\u0456\u043d\u0456\u04a3 \u043d\u0435\u0433\u0456\u0437\u0456 \u0431\u043e\u043b\u0434\u044b. El Baraka \u0430\u0440\u049b\u044b\u043b\u044b \u0441\u0456\u0437 \u04af\u0439\u0433\u0435 \u0431\u0456\u0440\u0434\u0435\u0439 \u0443\u0430\u049b\u044b\u0442\u0442\u0430\u043d \u0431\u0435\u0440\u0456 \u049b\u04b1\u0440\u043c\u0435\u0442\u0442\u0435\u043b\u0433\u0435\u043d \u0434\u0435\u043d\u0441\u0430\u0443\u043b\u044b\u049b \u0434\u04d9\u0441\u0442\u04af\u0440\u043b\u0435\u0440\u0456\u043d \u0430\u043b\u044b\u043f \u043a\u0435\u043b\u0435\u0441\u0456\u0437 \u2014 \u043f\u0456\u0441\u0456\u0440\u0443, \u0442\u0435\u0440\u0456 \u043a\u04af\u0442\u0456\u043c\u0456 \u043d\u0435\u043c\u0435\u0441\u0435 \u043a\u04af\u043d\u0434\u0435\u043b\u0456\u043a\u0442\u0456 \u0434\u0435\u043d\u0441\u0430\u0443\u043b\u044b\u049b \u0440\u0443\u0442\u0438\u043d\u0430\u04a3\u044b\u0437\u0434\u044b\u04a3 \u0431\u04e9\u043b\u0456\u0433\u0456 \u0440\u0435\u0442\u0456\u043d\u0434\u0435 \u043f\u0430\u0439\u0434\u0430\u043b\u0430\u043d\u0441\u0430\u04a3\u044b\u0437 \u0434\u0430.<\/p>\n<h3 data-start=\"2721\" data-end=\"2774\"><strong data-start=\"2725\" data-end=\"2774\">\u041d\u0435\u0433\u0435 El Baraka \u0442\u0430\u0431\u0438\u0493\u0438 \u0437\u04d9\u0439\u0442\u04af\u043d \u043c\u0430\u0439\u044b \u043c\u0456\u043d\u0434\u0435\u0442\u0442\u0456 \u0437\u0430\u0442<\/strong><\/h3>\n<h4 data-start=\"2776\" data-end=\"2809\">\u2705 100% \u0422\u0430\u0437\u0430 &#038; \u0421\u0443\u044b\u049b \u049b\u044b\u0441\u0443\u043b\u044b<\/h4>\n<p data-start=\"2810\" data-end=\"2882\">\u049a\u043e\u0441\u043f\u0430\u043b\u0430\u0440 \u0436\u043e\u049b, \u0436\u044b\u043b\u0443 \u0436\u043e\u049b \u2014 \u0442\u0435\u043a \u043f\u0440\u0435\u043c\u0438\u0443\u043c \u0437\u04d9\u0439\u0442\u04af\u043d\u0434\u0435\u0440\u0434\u0435\u043d \u0442\u0430\u0437\u0430, \u043f\u0430\u0439\u0434\u0430\u043b\u044b \u0437\u04d9\u0439\u0442\u04af\u043d \u043c\u0430\u0439\u044b.<\/p>\n<h4 data-start=\"2884\" data-end=\"2910\">\u2705 \u0411\u0430\u0439, \u043a\u04af\u0448\u0442\u0456 \u0434\u04d9\u043c<\/h4>\n<p data-start=\"2911\" data-end=\"2986\">\u0421\u0430\u043b\u0430\u0442\u0442\u0430\u0440\u0493\u0430, \u049b\u0443\u044b\u0440\u044b\u043b\u0493\u0430\u043d \u043a\u04e9\u043a\u04e9\u043d\u0456\u0441\u0442\u0435\u0440\u0433\u0435, \u043c\u0430\u0440\u0438\u043d\u0430\u0434\u0430\u043b\u0430\u0440\u0493\u0430 \u0436\u04d9\u043d\u0435 \u0431\u0430\u0441\u049b\u0430 \u0434\u0430 \u0442\u0435\u0440\u0435\u04a3\u0434\u0456\u043a \u043f\u0435\u043d \u0431\u0430\u0439\u043b\u044b\u049b \u049b\u043e\u0441\u0430\u0434\u044b.<\/p>\n<h4 data-start=\"2988\" data-end=\"3021\">\u2705 \u041a\u04e9\u043f\u0442\u0435\u0433\u0435\u043d \u0434\u0435\u043d\u0441\u0430\u0443\u043b\u044b\u049b \u043f\u0430\u0439\u0434\u0430\u0441\u044b<\/h4>\n<p data-start=\"3022\" data-end=\"3095\">\u0416\u04af\u0440\u0435\u043a \u049b\u043e\u043b\u0434\u0430\u0443\u0434\u0430\u043d \u0436\u044b\u043b\u0442\u044b\u0440 \u0442\u0435\u0440\u0456\u0433\u0435 \u0434\u0435\u0439\u0456\u043d, \u0431\u04b1\u043b \u0442\u043e\u043b\u044b\u049b \u04d9\u043b-\u0430\u0443\u049b\u0430\u0442 \u0448\u0435\u0448\u0456\u043c\u0456.<\/p>\n<h4 data-start=\"3097\" data-end=\"3132\">\u2705 \u0422\u04b1\u0440\u0430\u049b\u0442\u044b &#038; \u042d\u043a\u043e\u043b\u043e\u0433\u0438\u044f\u043b\u044b\u049b \u0442\u0430\u0437\u0430<\/h4>\n<p data-start=\"3133\" data-end=\"3197\">\u0416\u0435\u0440\u0434\u0456 \u0436\u04d9\u043d\u0435 \u0431\u043e\u043b\u0430\u0448\u0430\u049b \u04b1\u0440\u043f\u0430\u049b\u0442\u0430\u0440\u0434\u044b \u049b\u043e\u0440\u0493\u0430\u0443 \u04af\u0448\u0456\u043d \u0436\u0430\u0443\u0430\u043f\u043a\u0435\u0440\u0448\u0456\u043b\u0456\u043a\u043f\u0435\u043d \u0430\u043b\u044b\u043d\u0493\u0430\u043d.<\/p>\n<h2 data-start=\"3539\" data-end=\"3592\"><strong data-start=\"3542\" data-end=\"3592\">\u0421\u043e\u04a3\u0493\u044b \u043e\u0439\u043b\u0430\u0440: \u0414\u0435\u043d\u0441\u0430\u0443\u043b\u044b\u0493\u044b\u04a3\u044b\u0437\u0493\u0430 \u0442\u0430\u0431\u0438\u0493\u0438 \u0441\u044b\u0439\u043b\u044b\u049b<\/strong><\/h2>\n<p data-start=\"3594\" data-end=\"3664\">\u04d8\u043b-\u0430\u0443\u049b\u0430\u0442\u0442\u044b \u0442\u0430\u04a3\u0434\u0430\u04a3\u044b\u0437. \u0422\u0430\u0437\u0430\u0493\u044b\u043d \u0442\u0430\u04a3\u0434\u0430\u04a3\u044b\u0437. <strong data-start=\"3633\" data-end=\"3663\">El Baraka \u0442\u0430\u0431\u0438\u0493\u0438 \u0437\u04d9\u0439\u0442\u04af\u043d \u043c\u0430\u0439\u044b\u043d<\/strong> \u0442\u0430\u04a3\u0434\u0430\u04a3\u044b\u0437.<\/p>\n<p data-start=\"3666\" data-end=\"3904\">\u0411\u04b1\u043b \u0435\u0440\u0435\u043a\u0448\u0435 \u043c\u0430\u0439 \u0436\u0430\u0439 \u0493\u0430\u043d\u0430 \u0430\u0441 \u04af\u0439 \u049b\u0430\u0436\u0435\u0442\u0442\u0456\u043b\u0456\u0433\u0456 \u0435\u043c\u0435\u0441 \u2014 \u0434\u0435\u043d\u0441\u0430\u0443\u043b\u044b\u049b \u043f\u0435\u043d \u0441\u04b1\u043b\u0443\u043b\u044b\u049b\u0442\u0430\u0493\u044b \u0442\u0430\u0431\u0438\u0493\u0438 \u0441\u0435\u0440\u0456\u043a\u0442\u0435\u0441\u0456\u04a3\u0456\u0437. \u0422\u0435\u04a3\u0441\u0456\u0437 \u0441\u0430\u043f\u0430\u0441\u044b, \u0431\u0430\u0439 \u0434\u04d9\u043c\u0456 \u0436\u04d9\u043d\u0435 \u049b\u0443\u0430\u0442\u0442\u044b \u049b\u043e\u0440\u0435\u043a\u0442\u0456\u043a \u0437\u0430\u0442\u0442\u0430\u0440\u044b\u043c\u0435\u043d \u043e\u043b \u0434\u0435\u043d\u0441\u0430\u0443\u043b\u044b, \u0436\u0430\u0440\u049b\u044b\u043d \u04e9\u043c\u0456\u0440 \u0441\u0430\u043b\u0442\u044b\u043d \u0456\u0437\u0434\u0435\u043f \u0436\u04af\u0440\u0433\u0435\u043d \u043a\u0435\u0437 \u043a\u0435\u043b\u0433\u0435\u043d \u0430\u0434\u0430\u043c \u04af\u0448\u0456\u043d \u0430\u049b\u044b\u043b\u0434\u044b \u0442\u0430\u04a3\u0434\u0430\u0443.<\/p>\n<p data-start=\"3906\" data-end=\"4006\">\ud83d\udc49 <strong data-start=\"3909\" data-end=\"3922\">\u049a\u0430\u0437\u0456\u0440 \u0442\u0430\u043f\u0441\u044b\u0440\u044b\u0441 \u0431\u0435\u0440\u0456\u04a3\u0456\u0437<\/strong> \u0436\u04d9\u043d\u0435 El Baraka-\u043d\u044b\u04a3 \u0442\u0430\u0431\u0438\u0493\u0438 \u0441\u0438\u049b\u044b\u0440\u044b \u043a\u04af\u043d\u0434\u0435\u043b\u0456\u043a\u0442\u0456 \u04e9\u043c\u0456\u0440\u0456\u04a3\u0456\u0437\u0434\u0456 \u2014 \u0456\u0448\u0456\u043d\u0435\u043d \u0436\u04d9\u043d\u0435 \u0441\u044b\u0440\u0442\u044b\u043d\u0430\u043d \u2014 \u04e9\u0437\u0433\u0435\u0440\u0442\u0441\u0456\u043d.<\/p>\n<p style=\"text-align: center;\">Bazaar Express-\u0442\u0435 \u0448\u043e\u043f\u043f\u0438\u043d\u0433 \u0436\u0430\u0441\u0430\u0434\u0131\u011f\u0131n\u0131z \u04af\u0448\u0456\u043d \u0440\u0430\u0445\u043c\u0435\u0442 <em data-start=\"415\" data-end=\"431\"><a href=\"https:\/\/bazaar.express\/kk\/\">Bazaar Express<\/a><\/em> \u2013 \u0441\u0456\u0437\u0434\u0456 \u0431\u0456\u0437\u0434\u0435 \u043a\u04e9\u0440\u0433\u0435\u043d\u0456\u043c\u0456\u0437\u0433\u0435 \u049b\u0443\u0430\u043d\u044b\u0448\u0442\u044b\u043c\u044b\u0437!<\/p>\n<p style=\"text-align: center;\">\u0422\u0430\u0431\u0438\u0493\u0430\u0442 \u043a\u04af\u0448\u0456\u043d \u0441\u0435\u0437\u0456\u04a3\u0456\u0437 \u2014 \u043a\u04af\u043d\u0434\u0435\u043b\u0456\u043a\u0442\u0456 \u04d9\u043b-\u0430\u0443\u049b\u0430\u0442 \u04af\u0448\u0456\u043d \u0442\u0430\u0437\u0430 <a href=\"https:\/\/bazaar.express\/kk\/therapeutic-oils\/\">\u0435\u043c\u0434\u0456\u043a \u043c\u0430\u0439\u043b\u0430\u0440<\/a>.<\/p>\n","protected":false},"excerpt":{"rendered":"<h3>El Baraka Nature Olive Oil-\u0434\u044b\u04a3 \u0442\u0430\u0431\u0438\u0493\u0438 \u043a\u04af\u0448\u0456\u043d \u0441\u0435\u0437\u0456\u04a3\u0456\u0437 <strong data-start=\"439\" data-end=\"469\">El Baraka Nature Olive Oil<\/strong>\u2014\u043f\u0456\u0441\u0456\u0440\u0443, \u0442\u0435\u0440\u0456 \u043a\u04af\u0442\u0456\u043c\u0456, \u0436\u04af\u0440\u0435\u043a \u0434\u0435\u043d\u0441\u0430\u0443\u043b\u044b\u0493\u044b \u0436\u04d9\u043d\u0435 \u043e\u0434\u0430\u043d \u0431\u0430\u0441\u049b\u0430 \u04af\u0448\u0456\u043d \u0442\u0430\u043c\u0430\u0448\u0430 \u0441\u0443\u044b\u049b \u049b\u044b\u0441\u0443\u043b\u044b, \u049b\u043e\u0440\u0435\u043a\u0442\u0456\u043a \u0437\u0430\u0442\u0442\u0430\u0440\u0493\u0430 \u0431\u0430\u0439 \u043c\u0430\u0439. \u0410\u043d\u0442\u0438\u043e\u043a\u0441\u0438\u0434\u0430\u043d\u0442\u0442\u0430\u0440\u0493\u0430 \u0442\u043e\u043b\u044b, \u0431\u04b1\u043b \u04d9\u043b-\u0430\u0443\u049b\u0430\u0442 \u0436\u04d9\u043d\u0435 \u0441\u04b1\u043b\u0443\u043b\u044b\u049b \u04af\u0448\u0456\u043d \u0431\u0430\u0440-in-one \u0442\u0430\u0431\u0438\u0493\u0438 \u0448\u0435\u0448\u0456\u043c.<\/h3>\n","protected":false},"featured_media":41381,"comment_status":"open","ping_status":"closed","template":"","meta":[],"product_brand":[],"product_cat":[1177,1186,1179,1183],"product_tag":[1363,1377,1422,1361],"class_list":{"0":"post-41379","1":"product","2":"type-product","3":"status-publish","4":"has-post-thumbnail","6":"product_cat-1177","7":"product_cat-el-baraka--","8":"product_cat-1179","9":"product_cat-1183","10":"product_tag-1363","11":"product_tag-1377","12":"product_tag-1422","13":"product_tag-1361","14":"pa_l-xl-1000ml","15":"pa_l-xl-250ml","16":"pa_l-xl-500ml","18":"first","19":"instock","20":"sale","21":"shipping-taxable","22":"purchasable","23":"product-type-variable"},"_links":{"self":[{"href":"https:\/\/bazaar.express\/kk\/wp-json\/wp\/v2\/product\/41379","targetHints":{"allow":["GET"]}}],"collection":[{"href":"https:\/\/bazaar.express\/kk\/wp-json\/wp\/v2\/product"}],"about":[{"href":"https:\/\/bazaar.express\/kk\/wp-json\/wp\/v2\/types\/product"}],"replies":[{"embeddable":true,"href":"https:\/\/bazaar.express\/kk\/wp-json\/wp\/v2\/comments?post=41379"}],"wp:featuredmedia":[{"embeddable":true,"href":"https:\/\/bazaar.express\/kk\/wp-json\/wp\/v2\/media\/41381"}],"wp:attachment":[{"href":"https:\/\/bazaar.express\/kk\/wp-json\/wp\/v2\/media?parent=41379"}],"wp:term":[{"taxonomy":"product_brand","embeddable":true,"href":"https:\/\/bazaar.express\/kk\/wp-json\/wp\/v2\/product_brand?post=41379"},{"taxonomy":"product_cat","embeddable":true,"href":"https:\/\/bazaar.express\/kk\/wp-json\/wp\/v2\/product_cat?post=41379"},{"taxonomy":"product_tag","embeddable":true,"href":"https:\/\/bazaar.express\/kk\/wp-json\/wp\/v2\/product_tag?post=41379"}],"curies":[{"name":"wp","href":"https:\/\/api.w.org\/{rel}","templated":true}]}}