{"id":41455,"date":"2025-02-04T16:48:24","date_gmt":"2025-02-04T16:48:24","guid":{"rendered":"https:\/\/bazaar.express\/product\/flower-delivery\/"},"modified":"2025-02-04T16:48:24","modified_gmt":"2025-02-04T16:48:24","slug":"flower-delivery","status":"publish","type":"product","link":"https:\/\/bazaar.express\/kk\/product\/flower-delivery\/","title":{"rendered":"\u0425\u0443\u0440\u0433\u0430\u0434\u0430\u0493\u0430 \u0441\u043e\u043b \u043a\u04af\u043d\u0456 \u0433\u04af\u043b \u0436\u0435\u0442\u043a\u0456\u0437\u0443"},"content":{"rendered":"<h2 data-start=\"257\" data-end=\"339\">\u0425\u0443\u0440\u0433\u0430\u0434\u0430\u0493\u0430 \u0441\u043e\u043b \u043a\u04af\u043d\u0456 \u0433\u04af\u043b \u0436\u0435\u0442\u043a\u0456\u0437\u0443 \u2013 \u049a\u043e\u043d\u0430\u049b \u04af\u0439\u043b\u0435\u0440 \u043c\u0435\u043d \u043a\u0443\u0440\u043e\u0440\u0442\u0442\u0430\u0440\u0493\u0430 \u0430\u049b \u0440\u0430\u0443\u0448\u0430\u043d \u0431\u0443\u043a\u0435\u0442\u0442\u0435\u0440\u0456<\/h2>\n<p data-start=\"341\" data-end=\"697\">\u0425\u0443\u0440\u0433\u0430\u0434\u0430\u0493\u0430 <strong data-start=\"353\" data-end=\"393\">\u0441\u043e\u043b \u043a\u04af\u043d\u0456 \u0433\u04af\u043b \u0436\u0435\u0442\u043a\u0456\u0437\u0443<\/strong> \u0456\u0437\u0434\u0435\u043f \u0436\u0430\u0442\u044b\u0440\u0441\u044b\u0437 \u0431\u0430? \u049a\u044b\u0437\u044b\u043b \u0442\u0435\u04a3\u0456\u0437 \u043a\u0443\u0440\u043e\u0440\u0442\u044b\u043d\u0434\u0430 \u0442\u04b1\u0440\u044b\u043f \u0436\u0430\u0442\u0441\u0430\u04a3\u044b\u0437 \u043d\u0435\u043c\u0435\u0441\u0435 \u0430\u043b\u044b\u0441\u0442\u0430\u043d \u0448\u044b\u043d\u0430\u0439\u044b \u0441\u044b\u0439\u043b\u044b\u049b \u0436\u0456\u0431\u0435\u0440\u0441\u0435\u04a3\u0456\u0437, \u0431\u0456\u0437\u0434\u0456\u04a3 \u0441\u0430\u0440\u0430\u043f\u0448\u044b \u0433\u04af\u043b \u0448\u0435\u0431\u0435\u0440\u043b\u0435\u0440\u0456 \u0431\u0443\u043a\u0435\u0442\u0456\u04a3\u0456\u0437\u0434\u0456\u04a3 \u0436\u0430\u04a3\u0430, \u04d9\u0434\u0435\u043c\u0456 \u0436\u04d9\u043d\u0435 \u0443\u0430\u049b\u044b\u0442\u044b\u043d\u0434\u0430 \u0436\u0435\u0442\u043a\u0435\u043d\u0456\u043d \u049b\u0430\u043c\u0442\u0430\u043c\u0430\u0441\u044b\u0437 \u0435\u0442\u0435\u0434\u0456. \u0411\u0456\u0437\u0434\u0456\u04a3 \u0444\u0438\u0440\u043c\u0430\u043b\u044b\u049b \u0430\u049b \u0440\u0430\u0443\u0448\u0430\u043d \u0431\u0443\u043a\u0435\u0442\u0456\u043c\u0456\u0437 \u2013 \u049b\u043e\u043b\u043c\u0435\u043d \u0442\u0430\u04a3\u0434\u0430\u043b\u0493\u0430\u043d 13 \u043f\u0440\u0435\u043c\u0438\u0443\u043c \u0440\u0430\u0443\u0448\u0430\u043d \u2013 \u0442\u0430\u0437\u0430\u043b\u044b\u049b, \u04d9\u0441\u0435\u043c\u0434\u0456\u043a \u0436\u04d9\u043d\u0435 \u043c\u0430\u0445\u0430\u0431\u0431\u0430\u0442\u0442\u044b\u04a3 \u0442\u0430\u043c\u0430\u0448\u0430 \u043a\u04e9\u0440\u0456\u043d\u0456\u0441\u0456.<\/p>\n<h3 data-start=\"704\" data-end=\"754\">\u04d8\u0440\u0431\u0456\u0440 \u043c\u0435\u0440\u0435\u043a\u0435\u0433\u0435 \u043f\u0440\u0435\u043c\u0438\u0443\u043c \u0430\u049b \u0440\u0430\u0443\u0448\u0430\u043d \u0431\u0443\u043a\u0435\u0442\u0442\u0435\u0440\u0456<\/h3>\n<p data-start=\"756\" data-end=\"1092\">\u0410\u049b \u0440\u0430\u0443\u0448\u0430\u043d\u0434\u0430\u0440 \u04b1\u0437\u0430\u049b \u0443\u0430\u049b\u044b\u0442\u0442\u0430\u043d \u0431\u0435\u0440\u0456 \u0448\u044b\u043d\u0434\u044b\u049b, \u0436\u0430\u0440\u044b\u049b \u0436\u04d9\u043d\u0435 \u043d\u04d9\u0437\u0456\u043a\u0442\u0456\u043a\u0442\u0456 \u0431\u0456\u043b\u0434\u0456\u0440\u0435\u0434\u0456. &#8220;\u041a\u0435\u043b\u0456\u043d \u0433\u04af\u043b\u0456&#8221; \u0434\u0435\u043f \u0431\u0435\u043b\u0433\u0456\u043b\u0456, \u04af\u0439\u043b\u0435\u043d\u0443 \u0442\u043e\u0439\u043b\u0430\u0440\u044b\u043d\u0430, \u043c\u0435\u0440\u0435\u0439\u0442\u043e\u0439\u043b\u0430\u0440\u0493\u0430, \u0440\u043e\u043c\u0430\u043d\u0442\u0438\u043a\u0430\u043b\u044b\u049b \u0441\u044e\u0440\u043f\u0440\u0438\u0437\u0434\u0435\u0440\u0433\u0435 \u043d\u0435\u043c\u0435\u0441\u0435 \u0440\u0438\u0437\u0430\u0448\u044b\u043b\u044b\u049b \u0431\u0456\u043b\u0434\u0456\u0440\u0443 \u04af\u0448\u0456\u043d \u0443\u0430\u049b\u044b\u0442\u0441\u044b\u0437 \u0442\u0430\u04a3\u0434\u0430\u0443. \u0411\u0456\u0437\u0434\u0456\u04a3 13 \u0436\u0430\u04a3\u0430 \u0430\u049b \u0440\u0430\u0443\u0448\u0430\u043d\u044b\u043c\u044b\u0437\u0434\u044b\u04a3 \u04d9\u0440\u049b\u0430\u0439\u0441\u044b\u0441\u044b \u043c\u0430\u0493\u044b\u043d\u0430\u043b\u044b \u0436\u04d9\u043d\u0435 \u0442\u0430\u043c\u0430\u0448\u0430 \u0431\u0443\u043a\u0435\u0442 \u049b\u04b1\u0440\u0443 \u04af\u0448\u0456\u043d \u043c\u04b1\u049b\u0438\u044f\u0442 \u043e\u0440\u043d\u0430\u043b\u0430\u0441\u0442\u044b\u0440\u044b\u043b\u0430\u0434\u044b.<\/p>\n<h3 data-start=\"1099\" data-end=\"1143\">\u0425\u0443\u0440\u0433\u0430\u0434\u0430 \u0431\u043e\u0439\u044b\u043d\u0448\u0430 \u0441\u043e\u043b \u043a\u04af\u043d\u0456 \u0433\u04af\u043b \u0436\u0435\u0442\u043a\u0456\u0437\u0443<\/h3>\n<p data-start=\"1145\" data-end=\"1469\">\u0411\u0456\u0437 <strong data-start=\"1154\" data-end=\"1227\">\u0436\u044b\u043b\u0434\u0430\u043c, \u0441\u0435\u043d\u0456\u043c\u0434\u0456 \u0436\u04d9\u043d\u0435 \u043a\u04d9\u0441\u0456\u0431\u0438 \u0441\u043e\u043b \u043a\u04af\u043d\u0456 \u0433\u04af\u043b \u0436\u0435\u0442\u043a\u0456\u0437\u0443\u0434\u0456<\/strong> \u04b1\u0441\u044b\u043d\u0430\u043c\u044b\u0437 \u0425\u0443\u0440\u0433\u0430\u0434\u0430\u0434\u0430. \u049a\u043e\u043d\u0430\u049b \u04af\u0439\u0434\u0435 \u043d\u0435\u043c\u0435\u0441\u0435 \u043a\u0443\u0440\u043e\u0440\u0442\u0442\u0430 \u0442\u04b1\u0440\u044b\u043f \u0436\u0430\u0442\u0441\u0430\u04a3\u044b\u0437 \u043d\u0435\u043c\u0435\u0441\u0435 \u049b\u0430\u043b\u0430\u0434\u0430\u0493\u044b \u0435\u0440\u0435\u043a\u0448\u0435 \u0430\u0434\u0430\u043c\u0434\u044b \u0442\u0430\u04a3\u0493\u0430\u043b\u0434\u044b\u0440\u0493\u044b\u04a3\u044b\u0437 \u043a\u0435\u043b\u0441\u0435, \u0431\u0456\u0437 \u0433\u04af\u043b\u0434\u0435\u0440\u0434\u0456\u04a3 \u0436\u0430\u04a3\u0430 \u0436\u04d9\u043d\u0435 \u04d9\u0434\u0435\u043c\u0456 \u0442\u04af\u0440\u0434\u0435 \u04b1\u0441\u044b\u043d\u044b\u043b\u0443\u044b\u043d \u049b\u0430\u043c\u0442\u0430\u043c\u0430\u0441\u044b\u0437 \u0435\u0442\u0435\u043c\u0456\u0437. \u042d\u043b\u044c \u0413\u0443\u043d\u0430\u0434\u0430\u043d \u041c\u0430\u043a\u0430\u0434\u0438 \u0411\u044d\u0439\u0433\u0435 \u0434\u0435\u0439\u0456\u043d, \u0431\u0456\u0437\u0434\u0456\u04a3 \u049b\u044b\u0437\u043c\u0435\u0442 \u0425\u0443\u0440\u0493\u0430\u0434\u0430\u043d\u044b\u04a3 \u0431\u0430\u0440\u043b\u044b\u049b \u043d\u0435\u0433\u0456\u0437\u0433\u0456 \u0431\u0430\u0493\u044b\u0442\u0442\u0430\u0440\u044b\u043d \u049b\u0430\u043c\u0442\u0438\u0434\u044b.<\/p>\n<h3 data-start=\"1476\" data-end=\"1531\">\u041d\u0435\u043b\u0456\u043a\u0442\u0435\u043d \u0431\u0456\u0437\u0434\u0456\u04a3 \u0425\u0443\u0440\u0433\u0430\u0434\u0430 \u0433\u04af\u043b \u0436\u0435\u0442\u043a\u0456\u0437\u0443 \u049b\u044b\u0437\u043c\u0435\u0442\u0456\u043c\u0456\u0437\u0434\u0456 \u0442\u0430\u04a3\u0434\u0430\u0443 \u043a\u0435\u0440\u0435\u043a?<\/h3>\n<ul data-start=\"1533\" data-end=\"2055\">\n<li data-start=\"1533\" data-end=\"1620\">\n<p data-start=\"1535\" data-end=\"1620\"><strong data-start=\"1535\" data-end=\"1566\">\u2714 \u0416\u0430\u04a3\u0430 \u0436\u04d9\u043d\u0435 \u0445\u043e\u0448 \u0438\u0456\u0441\u0442\u0456 \u0433\u04af\u043b\u0434\u0435\u0440:<\/strong> \u041f\u0440\u0435\u043c\u0438\u0443\u043c \u0441\u0430\u043f\u0430\u043b\u044b \u0440\u0430\u0443\u0448\u0430\u043d\u0434\u0430\u0440, \u04b1\u0437\u044b\u043d \u0441\u0430\u0431\u0430\u049b\u0442\u044b \u0436\u04d9\u043d\u0435 \u0436\u0430\u04a3\u0430 \u043a\u0435\u0441\u0456\u043b\u0433\u0435\u043d<\/p>\n<\/li>\n<li data-start=\"1621\" data-end=\"1705\">\n<p data-start=\"1623\" data-end=\"1705\"><strong data-start=\"1623\" data-end=\"1651\">\u2714 \u0411\u0430\u043f\u0442\u0430\u043b\u0430\u0442\u044b\u043d \u0431\u0443\u043a\u0435\u0442\u0442\u0435\u0440:<\/strong> \u041e\u0440\u0430\u0443\u044b\u0448\u0442\u044b, \u049b\u043e\u0441\u044b\u043c\u0448\u0430\u043b\u0430\u0440\u0434\u044b \u0436\u04d9\u043d\u0435 \u0430\u0440\u043d\u0430\u0439\u044b \u0445\u0430\u0431\u0430\u0440\u043b\u0430\u043c\u0430\u043b\u0430\u0440\u0434\u044b \u0442\u0430\u04a3\u0434\u0430\u04a3\u044b\u0437<\/p>\n<\/li>\n<li data-start=\"1706\" data-end=\"1787\">\n<p data-start=\"1708\" data-end=\"1787\"><strong data-start=\"1708\" data-end=\"1731\">\u2714 \u0416\u044b\u043b\u0434\u0430\u043c \u0436\u0435\u0442\u043a\u0456\u0437\u0443:<\/strong> \u0425\u0443\u0440\u0433\u0430\u0434\u0430 \u0431\u043e\u0439\u044b\u043d\u0448\u0430 \u0441\u043e\u043b \u043a\u04af\u043d\u0456, \u0442\u0430\u04a3\u0435\u0440\u0442\u0435\u04a3 7-\u0434\u0435\u043d \u0431\u0430\u0441\u0442\u0430\u043f<\/p>\n<\/li>\n<li data-start=\"1788\" data-end=\"1881\">\n<p data-start=\"1790\" data-end=\"1881\"><strong data-start=\"1790\" data-end=\"1818\">\u2714 \u0411\u0430\u0440\u043b\u044b\u049b \u043c\u0435\u0440\u0435\u043a\u0435\u043b\u0435\u0440 \u049b\u0430\u043c\u0442\u044b\u043b\u0493\u0430\u043d:<\/strong> \u04ae\u0439\u043b\u0435\u043d\u0443 \u0442\u043e\u0439\u043b\u0430\u0440\u044b, \u043c\u0435\u0440\u0435\u0439\u0442\u043e\u0439\u043b\u0430\u0440, \u0442\u0443\u0493\u0430\u043d \u043a\u04af\u043d\u0434\u0435\u0440, \u0440\u043e\u043c\u0430\u043d\u0442\u0438\u043a\u0430\u043b\u044b\u049b \u0441\u044b\u0439\u043b\u044b\u049b\u0442\u0430\u0440 \u0436\u04d9\u043d\u0435 \u0442.\u0431.<\/p>\n<\/li>\n<li data-start=\"1882\" data-end=\"1964\">\n<p data-start=\"1884\" data-end=\"1964\"><strong data-start=\"1884\" data-end=\"1906\">\u2714 \u0416\u0435\u0440\u0433\u0456\u043b\u0456\u043a\u0442\u0456 \u0441\u0430\u0440\u0430\u043f\u0442\u0430\u043c\u0430:<\/strong> \u049a\u0430\u0436\u0435\u0442\u0442\u0456\u043b\u0456\u043a\u0442\u0435\u0440\u0456\u04a3\u0456\u0437\u0434\u0456 \u0431\u0456\u043b\u0435\u0442\u0456\u043d \u0425\u0443\u0440\u0433\u0430\u0434\u0430 \u0433\u04af\u043b \u0448\u0435\u0431\u0435\u0440\u043b\u0435\u0440\u0456 \u0434\u0430\u0439\u044b\u043d\u0434\u0430\u0439\u0434\u044b<\/p>\n<\/li>\n<li data-start=\"1965\" data-end=\"2055\">\n<p data-start=\"1967\" data-end=\"2055\"><strong data-start=\"1967\" data-end=\"1994\">\u2714 \u041e\u04a3\u0430\u0439 \u043e\u043d\u043b\u0430\u0439\u043d \u0442\u0430\u043f\u0441\u044b\u0440\u044b\u0441:<\/strong> \u049a\u043e\u043d\u0430\u049b \u04af\u0439\/\u043a\u0443\u0440\u043e\u0440\u0442 \u0436\u0435\u0442\u043a\u0456\u0437\u0443\u043c\u0435\u043d \u0436\u044b\u043b\u0434\u0430\u043c, \u049b\u0430\u0443\u0456\u043f\u0441\u0456\u0437 \u0442\u04e9\u043b\u0435\u043c<\/p>\n<\/li>\n<\/ul>\n<h3 data-start=\"2062\" data-end=\"2101\">\u0420\u0430\u0443\u0448\u0430\u043d\u0434\u0430\u0440\u044b\u04a3\u044b\u0437\u0434\u044b \u04b1\u0437\u0430\u0493\u044b\u0440\u0430\u049b \u0436\u0430\u04a3\u0430 \u0441\u0430\u049b\u0442\u0430\u0443\u0434\u044b\u04a3 \u0436\u043e\u043b\u044b<\/h3>\n<p data-start=\"2103\" data-end=\"2168\">\u0411\u0443\u043a\u0435\u0442\u0456\u04a3\u0456\u0437\u0434\u0456 7 \u043a\u04af\u043d\u0433\u0435 \u0434\u0435\u0439\u0456\u043d \u043f\u0430\u0439\u0434\u0430\u043b\u0430\u043d\u0443 \u04af\u0448\u0456\u043d \u043e\u0441\u044b \u049b\u0430\u0440\u0430\u043f\u0430\u0439\u044b\u043c \u043a\u0435\u04a3\u0435\u0441\u0442\u0435\u0440\u0434\u0456 \u043e\u0440\u044b\u043d\u0434\u0430\u04a3\u044b\u0437:<\/p>\n<ul data-start=\"2169\" data-end=\"2406\">\n<li data-start=\"2169\" data-end=\"2246\">\n<p data-start=\"2171\" data-end=\"2246\"><strong data-start=\"2171\" data-end=\"2192\">\u0421\u0443\u0430\u0440\u0443 \u043c\u0430\u04a3\u044b\u0437\u0434\u044b:<\/strong> \u0420\u0430\u0443\u0448\u0430\u043d\u0434\u0430\u0440\u0434\u044b \u0442\u0430\u0437\u0430 \u0441\u0443\u0493\u0430 \u0441\u0430\u043b\u044b\u04a3\u044b\u0437 \u0436\u04d9\u043d\u0435 \u043a\u04af\u043d\u0434\u0435 \u0430\u0443\u044b\u0441\u0442\u044b\u0440\u044b\u04a3\u044b\u0437.<\/p>\n<\/li>\n<li data-start=\"2247\" data-end=\"2318\">\n<p data-start=\"2249\" data-end=\"2318\"><strong data-start=\"2249\" data-end=\"2263\">\u0421\u0443\u044b\u049b \u04b1\u0441\u0442\u0430\u04a3\u044b\u0437:<\/strong> \u0416\u0430\u04a3\u0430 \u049b\u0430\u043b\u0434\u044b\u0440\u0443 \u04af\u0448\u0456\u043d \u0442\u0456\u043a\u0435\u043b\u0435\u0439 \u043a\u04af\u043d \u0441\u04d9\u0443\u043b\u0435\u0441\u0456\u043d\u0435\u043d \u043d\u0435\u043c\u0435\u0441\u0435 \u0436\u044b\u043b\u0443\u0434\u0430\u043d \u0430\u0443\u043b\u0430\u049b \u0431\u043e\u043b\u044b\u04a3\u044b\u0437.<\/p>\n<\/li>\n<li data-start=\"2319\" data-end=\"2406\">\n<p data-start=\"2321\" data-end=\"2406\"><strong data-start=\"2321\" data-end=\"2340\">\u04b0\u0437\u0430\u049b \u043a\u0435\u0441\u0456\u043d\u0434\u0456:<\/strong> \u0421\u0443 \u0441\u0456\u04a3\u0456\u0440\u0443\u0434\u0456 \u0436\u0430\u049b\u0441\u0430\u0440\u0442\u0443 \u04af\u0448\u0456\u043d \u04d9\u0440 2\u20133 \u043a\u04af\u043d\u0434\u0435 \u0441\u0430\u0431\u0430\u049b\u0442\u0430\u0440\u0434\u044b \u0431\u04b1\u0440\u044b\u0448\u043f\u0435\u043d \u043a\u0435\u0441\u0456\u04a3\u0456\u0437.<\/p>\n<\/li>\n<\/ul>\n<h3 data-start=\"2413\" data-end=\"2473\">\u0411\u04af\u0433\u0456\u043d \u0425\u0443\u0440\u0433\u0430\u0434\u0430\u0493\u0430 \u0433\u04af\u043b \u0436\u0456\u0431\u0435\u0440\u0456\u04a3\u0456\u0437 \u2013 \u043e\u04a3\u0430\u0439 \u0436\u04d9\u043d\u0435 \u049b\u043e\u043b\u0436\u0435\u0442\u0456\u043c\u0434\u0456!<\/h3>\n<p data-start=\"2475\" data-end=\"2720\">\u0425\u0443\u0440\u0433\u0430\u0434\u0430\u0434\u0430 \u0433\u04af\u043b\u0434\u0435\u0440\u0434\u0456 \u043e\u043d\u043b\u0430\u0439\u043d \u0442\u0430\u043f\u0441\u044b\u0440\u044b\u0441 \u0431\u0435\u0440\u0443 \u0435\u0448\u049b\u0430\u0448\u0430\u043d \u043e\u04a3\u0430\u0439 \u0431\u043e\u043b\u043c\u0430\u0493\u0430\u043d. <strong data-start=\"2563\" data-end=\"2591\">\u0440\u043e\u043c\u0430\u043d\u0442\u0438\u043a\u0430\u043b\u044b\u049b \u0433\u04af\u043b \u0436\u0435\u0442\u043a\u0456\u0437\u0443<\/strong>, <strong data-start=\"2593\" data-end=\"2613\">\u0442\u0443\u0493\u0430\u043d \u043a\u04af\u043d \u0431\u0443\u043a\u0435\u0442\u0456<\/strong> \u043d\u0435\u043c\u0435\u0441\u0435 \u043e\u0439\u043b\u044b \u0440\u0430\u049b\u043c\u0435\u0442 \u0441\u044b\u0439\u043b\u044b\u0493\u044b\u043d \u0456\u0437\u0434\u0435\u043f \u0436\u0430\u0442\u0441\u0430\u04a3\u044b\u0437, \u0431\u0456\u0437\u0434\u0456\u04a3 \u0433\u04af\u043b \u04e9\u043d\u0456\u043c\u0434\u0435\u0440\u0456\u043d\u0456\u04a3 \u043a\u0435\u04a3 \u0430\u0441\u0441\u043e\u0440\u0442\u0438\u043c\u0435\u043d\u0442\u0456 \u043a\u0435\u0437 \u043a\u0435\u043b\u0433\u0435\u043d \u0441\u04d9\u0442\u043a\u0435 \u0442\u0430\u043c\u0430\u0448\u0430 \u043a\u0435\u043b\u0435\u0434\u0456.<\/p>\n<p data-start=\"2722\" data-end=\"2756\">\u0410\u049b \u0440\u0430\u0443\u0448\u0430\u043d\u0434\u0430\u0440\u0434\u0430\u043d \u0431\u0430\u0441\u049b\u0430, \u0431\u0456\u0437 \u0441\u043e\u043d\u0434\u0430\u0439-\u0430\u049b \u04b1\u0441\u044b\u043d\u0430\u043c\u044b\u0437:<\/p>\n<ul data-start=\"2757\" data-end=\"2936\">\n<li data-start=\"2757\" data-end=\"2789\">\n<p data-start=\"2759\" data-end=\"2789\">\u04d8\u0441\u0435\u043c <strong data-start=\"2767\" data-end=\"2789\">\u049b\u044b\u0437\u0493\u044b\u043b\u0442 \u0436\u04d9\u043d\u0435 \u049b\u044b\u0437\u044b\u043b \u0440\u0430\u0443\u0448\u0430\u043d\u0434\u0430\u0440<\/strong><\/p>\n<\/li>\n<li data-start=\"2790\" data-end=\"2821\">\n<p data-start=\"2792\" data-end=\"2821\">\u0415\u043a\u0437\u043e\u0442\u0438\u043a\u0430\u043b\u044b\u049b <strong data-start=\"2799\" data-end=\"2821\">\u043b\u0438\u043b\u0438\u044f\u043b\u0430\u0440 \u0436\u04d9\u043d\u0435 \u043e\u0440\u0445\u0438\u0434\u0435\u044f\u043b\u0430\u0440<\/strong><\/p>\n<\/li>\n<li data-start=\"2822\" data-end=\"2866\">\n<p data-start=\"2824\" data-end=\"2866\">\u041c\u0430\u0443\u0441\u044b\u043c\u0434\u044b\u049b \u0433\u04af\u043b \u049b\u043e\u0440\u0430\u043f\u0442\u0430\u0440\u044b \u0436\u04d9\u043d\u0435 <strong data-start=\"2850\" data-end=\"2866\">\u0441\u044b\u0439\u043b\u044b\u049b \u0441\u0435\u0431\u0435\u0442\u0442\u0435\u0440\u0456<\/strong><\/p>\n<\/li>\n<li data-start=\"2867\" data-end=\"2936\">\n<p data-start=\"2869\" data-end=\"2936\">Ferrero Rocher, \u0448\u0430\u0440\u043b\u0430\u0440 \u043d\u0435\u043c\u0435\u0441\u0435 \u0430\u0440\u043d\u0430\u0439\u044b \u049b\u04b1\u0442\u0442\u044b\u049b\u0442\u0430\u0443 \u043a\u0430\u0440\u0442\u0430\u043b\u0430\u0440\u044b \u0441\u0438\u044f\u049b\u0442\u044b <strong data-start=\"2882\" data-end=\"2900\">\u049b\u043e\u0441\u044b\u043c\u0448\u0430\u043b\u0430\u0440<\/strong><\/p>\n<\/li>\n<\/ul>\n<h3 data-start=\"2943\" data-end=\"2980\">\u0411\u0430\u0440\u043b\u044b\u049b \u049a\u044b\u0437\u044b\u043b \u0442\u0435\u04a3\u0456\u0437 \u0430\u0439\u043c\u0430\u0493\u044b\u043d \u049b\u0430\u043c\u0442\u0443<\/h3>\n<p data-start=\"2982\" data-end=\"3082\">\u0411\u0456\u0437 \u0425\u0443\u0440\u0433\u0430\u0434\u0430\u0434\u0430 \u043e\u0440\u043d\u0430\u043b\u0430\u0441\u049b\u0430\u043d \u0431\u043e\u043b\u0441\u0430\u049b \u0442\u0430, \u0433\u04af\u043b \u0436\u0435\u0442\u043a\u0456\u0437\u0443 \u049b\u044b\u0437\u043c\u0435\u0442\u0456\u043c\u0456\u0437 \u049a\u044b\u0437\u044b\u043b \u0442\u0435\u04a3\u0456\u0437 \u0431\u043e\u0439\u044b\u043c\u0435\u043d \u0441\u043e\u0437\u044b\u043b\u0430\u0434\u044b \u2013 \u043e\u043d\u044b\u04a3 \u0456\u0448\u0456\u043d\u0434\u0435:<\/p>\n<ul data-start=\"3083\" data-end=\"3198\">\n<li data-start=\"3083\" data-end=\"3118\">\n<p data-start=\"3085\" data-end=\"3118\"><strong data-start=\"3085\" data-end=\"3118\">\u041c\u0430\u0440\u0441\u0430 \u0410\u043b\u0430\u043c\u0493\u0430 \u0433\u04af\u043b \u0436\u0435\u0442\u043a\u0456\u0437\u0443<\/strong><\/p>\n<\/li>\n<li data-start=\"3119\" data-end=\"3161\">\n<p data-start=\"3121\" data-end=\"3161\"><strong data-start=\"3121\" data-end=\"3161\">\u049a\u044b\u0437\u044b\u043b \u0442\u0435\u04a3\u0456\u0437 \u043a\u0443\u0440\u043e\u0440\u0442\u0442\u0430\u0440\u044b\u043d\u0430 \u0441\u043e\u043b \u043a\u04af\u043d\u0456 \u0436\u0435\u0442\u043a\u0456\u0437\u0443<\/strong><\/p>\n<\/li>\n<li data-start=\"3162\" data-end=\"3198\">\n<p data-start=\"3164\" data-end=\"3198\"><strong data-start=\"3164\" data-end=\"3198\">\u041c\u044b\u0441\u044b\u0440\u0434\u0430\u0493\u044b \u049b\u043e\u043d\u0430\u049b \u04af\u0439\u043b\u0435\u0440\u0433\u0435 \u0433\u04af\u043b \u0436\u0435\u0442\u043a\u0456\u0437\u0443<\/strong><\/p>\n<\/li>\n<\/ul>\n<h3 data-start=\"3205\" data-end=\"3256\">\u0425\u0443\u0440\u0433\u0430\u0434\u0430 \u0434\u04af\u043a\u0435\u043d\u0456\u043d\u0435 \u0441\u0435\u043d\u0456\u043c \u0430\u0440\u0442\u044b\u04a3\u044b\u0437 \u2013 \u0441\u0456\u0437\u0434\u0456\u04a3 \u0436\u0435\u0440\u0433\u0456\u043b\u0456\u043a\u0442\u0456 \u043e\u043d\u043b\u0430\u0439\u043d \u0433\u04af\u043b\u0448\u0456\u04a3\u0456\u0437<\/h3>\n<p data-start=\"3258\" data-end=\"3489\">\u0413\u04af\u043b \u0434\u0438\u0437\u0430\u0439\u043d\u044b \u0436\u04d9\u043d\u0435 \u0436\u0435\u0440\u0433\u0456\u043b\u0456\u043a\u0442\u0456 \u043b\u043e\u0433\u0438\u0441\u0442\u0438\u043a\u0430 \u0441\u0430\u043b\u0430\u0441\u044b\u043d\u0434\u0430\u0493\u044b \u0436\u044b\u043b\u0434\u0430\u0440\u043b\u044b\u049b \u0442\u04d9\u0436\u0456\u0440\u0438\u0431\u0435\u043c\u0456\u0437\u0431\u0435\u043d \u0431\u0456\u0437 <strong data-start=\"3359\" data-end=\"3390\">\u0425\u0443\u0440\u0433\u0430\u0434\u0430 \u0433\u04af\u043b \u0436\u0435\u0442\u043a\u0456\u0437\u0443\u0434\u0456\u04a3<\/strong> \u0435\u04a3 \u04af\u0437\u0434\u0456\u043a \u0442\u0430\u04a3\u0434\u0430\u0443\u044b \u0431\u043e\u043b\u0493\u0430\u043d\u044b\u043c\u0430 \u043c\u0430\u049b\u0442\u0430\u043d\u0430\u043c\u044b\u0437. \u0411\u0456\u0437\u0434\u0456\u04a3 \u043c\u0438\u0441\u0441\u0438\u044f\u043c\u044b\u0437 \u2013 \u0442\u0435\u043a \u0433\u04af\u043b\u0434\u0435\u0440\u0434\u0456 \u0493\u0430\u043d\u0430 \u0435\u043c\u0435\u0441, \u043a\u04af\u043b\u043a\u0456\u043b\u0435\u0440\u0434\u0456, \u0435\u0441\u0442\u0435\u043b\u0456\u043a\u0442\u0435\u0440\u0434\u0456 \u0436\u04d9\u043d\u0435 \u049b\u0443\u0430\u043d\u044b\u0448 \u0441\u04d9\u0442\u0442\u0435\u0440\u0456\u043d \u0436\u0435\u0442\u043a\u0456\u0437\u0443.<\/p>\n<blockquote data-start=\"3491\" data-end=\"3667\">\n<p data-start=\"3493\" data-end=\"3667\"> \u0415\u043d\u0434\u0456 \u0431\u0443\u043a\u0435\u0442\u0456\u04a3\u0456\u0437\u0434\u0456 \u0442\u0430\u043f\u0441\u044b\u0440\u044b\u0441 \u0431\u0435\u0440\u0456\u04a3\u0456\u0437 \u0436\u04d9\u043d\u0435 \u0425\u0443\u0440\u0493\u0430\u0434\u0430\u0493\u044b \u0435\u04a3 \u04af\u0437\u0434\u0456\u043a \u0433\u04af\u043b \u0436\u0435\u0442\u043a\u0456\u0437\u0443\u0434\u0456 \u0441\u0435\u0437\u0456\u043d\u0456\u04a3\u0456\u0437.<br data-start=\"3573\" data-end=\"3576\" \/> \u0421\u043e\u043b \u043a\u04af\u043d\u0456 \u0441\u043b\u043e\u0442\u0442\u0430\u0440 \u0448\u0435\u043a\u0442\u0435\u0443\u043b\u0456 \u2013 \u0431\u04af\u0433\u0456\u043d\u0433\u0456 \u0436\u0435\u0442\u043a\u0456\u0437\u0443 \u043a\u0435\u043f\u0456\u043b\u0434\u0456\u0433\u0456 \u04af\u0448\u0456\u043d 16:00-\u0434\u0435\u043d \u0431\u04b1\u0440\u044b\u043d \u0442\u0430\u043f\u0441\u044b\u0440\u044b\u0441 \u0431\u0435\u0440\u0456\u04a3\u0456\u0437.<\/p>\n<\/blockquote>\n<p data-start=\"3674\" data-end=\"3785\"><strong data-start=\"3674\" data-end=\"3785\">\u0411\u04af\u0433\u0456\u043d \u0442\u0430\u043c\u0430\u0448\u0430 \u0431\u0443\u043a\u0435\u0442\u0442\u0456 \u0430\u0448\u044b\u04a3\u044b\u0437. Bazaar Express \u0441\u0456\u0437\u0434\u0456\u04a3 \u0445\u0430\u0431\u0430\u0440\u043b\u0430\u043c\u0430\u04a3\u044b\u0437\u0434\u044b \u043e\u043b\u0430\u0440 \u04b1\u043c\u044b\u0442\u043f\u0430\u0439\u0442\u044b\u043d \u0441\u04d9\u0442\u043a\u0435 \u0430\u0439\u043d\u0430\u043b\u0434\u044b\u0440\u0441\u044b\u043d.<\/strong><\/p>\n<p data-start=\"3674\" data-end=\"3785\">\n<p style=\"text-align: center;\" align=\"center\"><span style=\"font-size: 11.0pt;\">Bazaar Express-\u0442\u0435 \u0448\u043e\u043f\u0438\u043d\u0433 \u0436\u0430\u0441\u0430\u0434\u0131\u011f\u0131n\u0131z \u04af\u0448\u0456\u043d \u0440\u0430\u0445\u043c\u0435\u0442 <em data-start=\"415\" data-end=\"431\"><a href=\"https:\/\/bazaar.express\/kk\/\">Bazaar Express<\/a><\/em> \u2013 \u0441\u0456\u0437\u0434\u0456 \u049b\u0430\u0440\u0441\u044b \u0430\u043b\u0443\u0493\u0430 \u049b\u0443\u0430\u043d\u044b\u0448\u0442\u044b\u043c\u044b\u0437!<\/span><\/p>\n<p style=\"text-align: center;\" align=\"center\"><span style=\"font-size: 11.0pt;\">\u0416\u0430\u043d\u0430\u0440\u0442\u0430\u0443\u043b\u044b\u049b\u0442\u0430\u043d \u043d\u04d9\u0437\u0456\u043a\u043a\u0435 \u0434\u0435\u0439\u0456\u043d \u2013 \u04d9\u0441\u0435\u043c\u0434\u0456\u043a \u0441\u04e9\u0439\u043b\u0435\u0439\u0442\u0456\u043d <a href=\"https:\/\/bazaar.express\/product-category\/flowers-red-sea-delivery\/\">\u0413\u04af\u043b\u0434\u0435\u0440\u0434\u0456<\/a> \u0430\u0448\u044b\u04a3\u044b\u0437.<\/span><\/p>\n","protected":false},"excerpt":{"rendered":"<h3 data-start=\"439\" data-end=\"652\">\u0425\u0443\u0440\u0433\u0430\u0434\u0430\u0434\u0430\u0493\u044b \u0436\u0430\u049b\u044b\u043d\u0434\u0430\u0440\u044b\u04a3\u044b\u0437\u0493\u0430 13 \u0436\u0430\u04a3\u0430 \u0430\u049b \u0440\u0430\u0443\u0448\u0430\u043d\u043d\u0430\u043d \u0442\u04b1\u0440\u0430\u0442\u044b\u043d \u04d9\u0434\u0435\u043c\u0456 \u0431\u0443\u043a\u0435\u0442\u043f\u0435\u043d \u0441\u044e\u0440\u043f\u0440\u0438\u0437 \u0436\u0430\u0441\u0430\u04a3\u044b\u0437. \u04ae\u0439\u043b\u0435\u043d\u0443 \u0442\u043e\u0439\u043b\u0430\u0440\u044b\u043d\u0430, \u043c\u0435\u0440\u0435\u0439\u0442\u043e\u0439\u043b\u0430\u0440\u0493\u0430 \u043d\u0435\u043c\u0435\u0441\u0435 \u0440\u043e\u043c\u0430\u043d\u0442\u0438\u043a\u0430\u043b\u044b\u049b \u043d\u0438\u0435\u0442\u0442\u0435\u0440\u0433\u0435 \u049b\u043e\u043b\u0430\u0439\u043b\u044b. \u049a\u044b\u0437\u044b\u043b \u0442\u0435\u04a3\u0456\u0437 \u0430\u0439\u043c\u0430\u0493\u044b\u043d\u0434\u0430\u0493\u044b \u049b\u043e\u043d\u0430\u049b \u04af\u0439\u043b\u0435\u0440 \u043c\u0435\u043d \u043a\u0443\u0440\u043e\u0440\u0442\u0442\u0430\u0440\u0493\u0430 \u0436\u044b\u043b\u0434\u0430\u043c, \u0441\u043e\u043b \u043a\u04af\u043d\u0456 \u0436\u0435\u0442\u043a\u0456\u0437\u0443.<\/h3>\n","protected":false},"featured_media":41458,"comment_status":"open","ping_status":"closed","template":"","meta":[],"product_brand":[],"product_cat":[1180,1188],"product_tag":[],"class_list":{"0":"post-41455","1":"product","2":"type-product","3":"status-publish","4":"has-post-thumbnail","6":"product_cat-1180","7":"product_cat-1188","9":"first","10":"instock","11":"sale","12":"shipping-taxable","13":"purchasable","14":"product-type-simple"},"_links":{"self":[{"href":"https:\/\/bazaar.express\/kk\/wp-json\/wp\/v2\/product\/41455","targetHints":{"allow":["GET"]}}],"collection":[{"href":"https:\/\/bazaar.express\/kk\/wp-json\/wp\/v2\/product"}],"about":[{"href":"https:\/\/bazaar.express\/kk\/wp-json\/wp\/v2\/types\/product"}],"replies":[{"embeddable":true,"href":"https:\/\/bazaar.express\/kk\/wp-json\/wp\/v2\/comments?post=41455"}],"wp:featuredmedia":[{"embeddable":true,"href":"https:\/\/bazaar.express\/kk\/wp-json\/wp\/v2\/media\/41458"}],"wp:attachment":[{"href":"https:\/\/bazaar.express\/kk\/wp-json\/wp\/v2\/media?parent=41455"}],"wp:term":[{"taxonomy":"product_brand","embeddable":true,"href":"https:\/\/bazaar.express\/kk\/wp-json\/wp\/v2\/product_brand?post=41455"},{"taxonomy":"product_cat","embeddable":true,"href":"https:\/\/bazaar.express\/kk\/wp-json\/wp\/v2\/product_cat?post=41455"},{"taxonomy":"product_tag","embeddable":true,"href":"https:\/\/bazaar.express\/kk\/wp-json\/wp\/v2\/product_tag?post=41455"}],"curies":[{"name":"wp","href":"https:\/\/api.w.org\/{rel}","templated":true}]}}