{"id":41523,"date":"2025-01-09T02:32:33","date_gmt":"2025-01-09T02:32:33","guid":{"rendered":"https:\/\/bazaar.express\/product\/castor-oil\/"},"modified":"2025-01-09T02:32:33","modified_gmt":"2025-01-09T02:32:33","slug":"castor-oil","status":"publish","type":"product","link":"https:\/\/bazaar.express\/kk\/product\/castor-oil\/","title":{"rendered":"\u041e\u0440\u0433\u0430\u043d\u0438\u043a\u0430\u043b\u044b\u049b \u043a\u0430\u0441\u0442\u043e\u0440 \u043c\u0430\u0439\u044b"},"content":{"rendered":"<h2 data-start=\"284\" data-end=\"384\">NAKAA \u043e\u0440\u0433\u0430\u043d\u0438\u043a\u0430\u043b\u044b\u049b \u043a\u0430\u0441\u0442\u043e\u0440 \u043c\u0430\u0439\u044b \u2013 \u043c\u044b\u049b\u0442\u044b \u0448\u0430\u0448, \u0436\u0430\u0440\u049b\u044b\u0440\u0430\u0493\u0430\u043d \u0442\u0435\u0440\u0456 \u0436\u04d9\u043d\u0435 \u0436\u0430\u049b\u0441\u044b \u04d9\u043b-\u0430\u0443\u049b\u0430\u0442 \u04af\u0448\u0456\u043d \u0442\u0430\u0431\u0438\u0493\u0430\u0442\u0442\u044b\u04a3 \u049b\u04b1\u043f\u0438\u044f\u0441\u044b<\/h2>\n<h3 data-start=\"386\" data-end=\"442\">NAKAA \u043e\u0440\u0433\u0430\u043d\u0438\u043a\u0430\u043b\u044b\u049b \u043a\u0430\u0441\u0442\u043e\u0440 \u043c\u0430\u0439\u044b\u043d \u043d\u0435 \u0435\u0440\u0435\u043a\u0448\u0435 \u0435\u0442\u0435\u0434\u0456?<\/h3>\n<p data-start=\"444\" data-end=\"931\">NAKAA \u043e\u0440\u0433\u0430\u043d\u0438\u043a\u0430\u043b\u044b\u049b \u043a\u0430\u0441\u0442\u043e\u0440 \u043c\u0430\u0439\u044b \u2013 \u043a\u0430\u0441\u0442\u043e\u0440 \u04e9\u0441\u0456\u043c\u0434\u0456\u0433\u0456\u043d\u0456\u04a3 \u0442\u04b1\u049b\u044b\u043c\u0434\u0430\u0440\u044b\u043d\u0430\u043d ( <em data-start=\"545\" data-end=\"563\">Ricinus communis<\/em> ) \u0430\u043b\u044b\u043d\u0493\u0430\u043d \u043f\u0440\u0435\u043c\u0438\u0443\u043c \u0441\u0443\u044b\u049b \u049b\u044b\u0441\u044b\u043c \u043c\u0430\u0439\u044b, \u0493\u0430\u0441\u044b\u0440\u043b\u0430\u0440 \u0431\u043e\u0439\u044b \u043a\u04af\u0448\u0442\u0456 \u0442\u0435\u0440\u0430\u043f\u0435\u0432\u0442\u0456\u043a \u0436\u04d9\u043d\u0435 \u043a\u043e\u0441\u043c\u0435\u0442\u0438\u043a\u0430\u043b\u044b\u049b \u043f\u0430\u0439\u0434\u0430\u0441\u044b \u04af\u0448\u0456\u043d \u0431\u0430\u0493\u0430\u043b\u0430\u043d\u0493\u0430\u043d. \u0415\u0436\u0435\u043b\u0433\u0456 \u0415\u0433\u0438\u043f\u0435\u0442 \u043a\u0435\u0437\u0456\u043d\u0435\u043d \u0431\u0430\u0441\u0442\u0430\u043f \u0441\u04b1\u043b\u0443\u043b\u044b\u049b \u044d\u043b\u0438\u043a\u0441\u0438\u0440\u0456 \u0440\u0435\u0442\u0456\u043d\u0434\u0435 \u0431\u0435\u043b\u0433\u0456\u043b\u0456 \u0431\u04b1\u043b \u0442\u043e\u043b\u044b\u049b \u0442\u0430\u0431\u0438\u0493\u0438 \u043c\u0430\u0439 \u0442\u0435\u0440\u0456, \u0448\u0430\u0448, \u0442\u044b\u0440\u043d\u0430\u049b\u0442\u0430\u0440 \u0436\u04d9\u043d\u0435 \u0442\u0456\u043f\u0442\u0456 \u0430\u0441 \u049b\u043e\u0440\u044b\u0442\u0443 \u0434\u0435\u043d\u0441\u0430\u0443\u043b\u044b\u0493\u044b \u04af\u0448\u0456\u043d \u043a\u04e9\u043f \u0444\u0443\u043d\u043a\u0446\u0438\u043e\u043d\u0430\u043b\u0434\u044b \u0435\u043c. \u049a\u0430\u043b\u044b\u04a3, \u0436\u0430\u0440\u049b\u044b\u0440\u0430\u0493\u0430\u043d \u0448\u0430\u0448 \u04e9\u0441\u0456\u0440\u0443, \u049b\u04b1\u0440\u0493\u0430\u049b \u0442\u0435\u0440\u0456\u043d\u0456 \u0435\u043c\u0434\u0435\u0443 \u043d\u0435\u043c\u0435\u0441\u0435 \u0442\u0430\u0431\u0438\u0493\u0438 \u0436\u0430\u0440\u049b\u044b\u0440\u0430\u0443\u0434\u044b \u043a\u04af\u0448\u0435\u0439\u0442\u0443 \u0456\u0437\u0434\u0435\u043f \u0436\u0430\u0442\u0441\u0430\u04a3\u044b\u0437, \u0431\u04b1\u043b \u043c\u0430\u0439 \u0431\u0430\u0440\u043b\u044b\u0493\u044b\u043d\u0430 \u0431\u0456\u0440\u0434\u0435\u04a3\u0435 \u04b1\u0441\u044b\u043d\u0430\u0434\u044b.<\/p>\n<h3 data-start=\"938\" data-end=\"991\">100% \u0421\u0443\u044b\u049b \u049b\u044b\u0441\u044b\u043c\u043c\u0435\u043d \u0441\u044b\u0493\u0430\u0440\u044b\u043b\u0493\u0430\u043d \u0436\u04d9\u043d\u0435 \u043e\u0440\u0433\u0430\u043d\u0438\u043a\u0430\u043b\u044b\u049b \u2013 \u043a\u04af\u0448\u0442\u0456 \u0436\u04d9\u043d\u0435 \u0442\u0430\u0437\u0430<\/h3>\n<p data-start=\"993\" data-end=\"1327\">\u0411\u0456\u0437 \u0442\u0435\u043a \u0435\u04a3 \u04af\u0437\u0434\u0456\u043a \u043e\u0440\u0433\u0430\u043d\u0438\u043a\u0430\u043b\u044b\u049b \u043a\u0430\u0441\u0442\u043e\u0440 \u0442\u04b1\u049b\u044b\u043c\u0434\u0430\u0440\u044b\u043d \u0430\u043b\u0430\u043c\u044b\u0437 \u0436\u04d9\u043d\u0435 \u043c\u0430\u0439\u0434\u044b \u0441\u0443\u044b\u049b \u049b\u044b\u0441\u044b\u043c \u0442\u0435\u0445\u043d\u0438\u043a\u0430\u0441\u044b\u043c\u0435\u043d \u0448\u044b\u0493\u0430\u0440\u0430\u043c\u044b\u0437. \u0411\u04b1\u043b \u043c\u0430\u0439\u0434\u044b\u04a3 \u0431\u0430\u0440\u043b\u044b\u049b \u0442\u0430\u0431\u0438\u0493\u0438 \u049b\u043e\u0440\u0435\u043a\u0442\u0456\u043a \u0437\u0430\u0442\u0442\u0430\u0440\u044b\u043d \u0441\u0430\u049b\u0442\u0430\u0439\u0434\u044b, \u0441\u043e\u043d\u044b\u04a3 \u0456\u0448\u0456\u043d\u0434\u0435 \u049b\u0430\u0436\u0435\u0442\u0442\u0456 \u043c\u0430\u0439 \u049b\u044b\u0448\u049b\u044b\u043b\u0434\u0430\u0440\u044b, \u0440\u0438\u0446\u0438\u043d\u043e\u043b\u0435\u0439 \u049b\u044b\u0448\u049b\u044b\u043b\u044b, \u0430\u043d\u0442\u0438\u043e\u043a\u0441\u0438\u0434\u0430\u043d\u0442\u0442\u0430\u0440 \u0436\u04d9\u043d\u0435 \u0432\u0438\u0442\u0430\u043c\u0438\u043d\u0434\u0435\u0440. \u0417\u0438\u044f\u043d\u0434\u044b \u0445\u0438\u043c\u0438\u044f\u043b\u044b\u049b \u0437\u0430\u0442\u0442\u0430\u0440\u0434\u0430\u043d \u0431\u043e\u0441 NAKAA \u043e\u0440\u0433\u0430\u043d\u0438\u043a\u0430\u043b\u044b\u049b \u043a\u0430\u0441\u0442\u043e\u0440 \u043c\u0430\u0439\u044b \u0442\u0430\u0431\u0438\u0493\u0430\u0442\u0442\u0430\u043d \u0442\u0456\u043a\u0435\u043b\u0435\u0439 \u0448\u043e\u0493\u044b\u0440\u043b\u0430\u043d\u0493\u0430\u043d \u043f\u0430\u0439\u0434\u0430\u043d\u044b \u0436\u0435\u0442\u043a\u0456\u0437\u0435\u0434\u0456.<\/p>\n<h3 data-start=\"1334\" data-end=\"1368\">\u0428\u0430\u0448\u044b\u04a3\u044b\u0437 \u0431\u0435\u043d \u0431\u0430\u0441 \u0442\u0435\u0440\u0456\u0441\u0456\u04a3\u0456\u0437\u0434\u0456 \u0436\u0430\u04a3\u0493\u044b\u0440\u0442\u044b\u04a3\u044b\u0437<\/h3>\n<p data-start=\"1370\" data-end=\"1664\">\u041a\u0430\u0441\u0442\u043e\u0440 \u043c\u0430\u0439\u044b \u0448\u0430\u0448 \u04e9\u0441\u0443\u0456\u043d \u044b\u043d\u0442\u0430\u043b\u0430\u043d\u0434\u044b\u0440\u0443 \u0436\u04d9\u043d\u0435 \u0431\u0430\u0441 \u0442\u0435\u0440\u0456\u0441\u0456 \u0434\u0435\u043d\u0441\u0430\u0443\u043b\u044b\u0493\u044b\u043d \u0436\u0430\u049b\u0441\u0430\u0440\u0442\u0443 \u04af\u0448\u0456\u043d \u0442\u0430\u043d\u044b\u043c\u0430\u043b \u0442\u0438\u0456\u043c\u0434\u0456. \u041e\u043b \u0448\u0430\u0448 \u0444\u043e\u043b\u043b\u0438\u043a\u0443\u043b\u0430\u043b\u0430\u0440\u044b\u043d \u049b\u043e\u0440\u0435\u043a\u0442\u0435\u043d\u0434\u0456\u0440\u0435\u0434\u0456, \u0442\u0430\u043c\u044b\u0440\u043b\u0430\u0440\u0434\u044b \u043d\u044b\u0493\u0430\u0439\u0442\u0430\u0434\u044b \u0436\u04d9\u043d\u0435 \u049b\u0430\u043b\u044b\u04a3\u0434\u044b\u049b\u0442\u044b \u0430\u0440\u0442\u0442\u044b\u0440\u0430\u0434\u044b. \u0428\u0430\u0448\u044b\u04a3\u044b\u0437 \u0436\u04b1\u049b\u0430\u0440\u0443\u044b, \u0431\u04e9\u043b\u0456\u043d\u0433\u0435\u043d \u04b1\u0448\u0442\u0430\u0440 \u043d\u0435\u043c\u0435\u0441\u0435 \u049b\u04b1\u0440\u0493\u0430\u049b \u0431\u0430\u0441 \u0442\u0435\u0440\u0456\u0441\u0456\u043c\u0435\u043d \u043a\u04af\u0440\u0435\u0441\u0456\u043f \u0436\u0430\u0442\u0441\u0430\u04a3\u044b\u0437, \u0431\u04b1\u043b \u043c\u0430\u0439 \u0441\u0456\u0437\u0434\u0456\u04a3 \u0448\u0430\u0448\u044b\u04a3\u044b\u0437\u0493\u0430 \u0436\u0430\u0440\u049b\u044b\u0440\u0430\u0443, \u044b\u043b\u0493\u0430\u043b\u0434\u044b\u043b\u044b\u049b \u0436\u04d9\u043d\u0435 \u043a\u04e9\u043b\u0435\u043c\u0434\u0456 \u049b\u0430\u043b\u043f\u044b\u043d\u0430 \u043a\u0435\u043b\u0442\u0456\u0440\u0435\u0434\u0456.<\/p>\n<p data-start=\"1666\" data-end=\"1692\"><strong data-start=\"1666\" data-end=\"1692\">\u0428\u0430\u0448 \u04af\u0448\u0456\u043d \u043d\u0435\u0433\u0456\u0437\u0433\u0456 \u043f\u0430\u0439\u0434\u0430\u043b\u0430\u0440\u044b:<\/strong><\/p>\n<ul data-start=\"1693\" data-end=\"1836\">\n<li data-start=\"1693\" data-end=\"1741\">\n<p data-start=\"1695\" data-end=\"1741\">\u0428\u0430\u0448 \u04e9\u0441\u0443\u0456\u043d \u044b\u043d\u0442\u0430\u043b\u0430\u043d\u0434\u044b\u0440\u0430\u0434\u044b \u0436\u04d9\u043d\u0435 \u0448\u0430\u0448 \u0442\u04af\u0441\u0443\u0456\u043d \u0430\u0437\u0430\u0439\u0442\u0430\u0434\u044b<\/p>\n<\/li>\n<li data-start=\"1742\" data-end=\"1790\">\n<p data-start=\"1744\" data-end=\"1790\">\u0417\u0430\u049b\u044b\u043c\u0434\u0430\u043b\u0493\u0430\u043d \u043d\u0435\u043c\u0435\u0441\u0435 \u049b\u04b1\u0440\u0493\u0430\u049b \u0448\u0430\u0448\u0442\u044b \u043d\u044b\u0493\u0430\u0439\u0442\u0430\u0434\u044b \u0436\u04d9\u043d\u0435 \u044b\u043b\u0493\u0430\u043b\u0434\u0430\u043d\u0434\u044b\u0440\u0430\u0434\u044b<\/p>\n<\/li>\n<li data-start=\"1791\" data-end=\"1836\">\n<p data-start=\"1793\" data-end=\"1836\">\u049a\u0430\u0431\u0430\u049b \u0436\u04d9\u043d\u0435 \u043a\u0456\u0440\u043f\u0456\u043a\u0448\u0435\u043b\u0435\u0440\u0434\u0456 \u0442\u0430\u0431\u0438\u0493\u0438 \u0442\u04af\u0440\u0434\u0435 \u049b\u0430\u043b\u044b\u04a3\u0434\u0430\u0442\u0430\u0434\u044b<\/p>\n<\/li>\n<\/ul>\n<h3 data-start=\"1843\" data-end=\"1889\">\u0422\u0435\u0440\u0435\u04a3 \u044b\u043b\u0493\u0430\u043b\u0434\u0430\u043d\u0434\u044b\u0440\u0443 \u0431\u0435\u0440\u0435\u0442\u0456\u043d \u0442\u0435\u0440\u0456 \u043a\u04af\u0442\u0456\u043c\u0456<\/h3>\n<p data-start=\"1891\" data-end=\"2133\">\u049a\u04b1\u0440\u0493\u0430\u049b, \u04af\u0433\u0456\u043d\u0434\u0456 \u0442\u0435\u0440\u0456 \u043c\u0435? NAKAA \u043e\u0440\u0433\u0430\u043d\u0438\u043a\u0430\u043b\u044b\u049b \u043a\u0430\u0441\u0442\u043e\u0440 \u043c\u0430\u0439\u044b \u0442\u0435\u0440\u0456\u043d\u0456 \u0442\u0435\u0440\u0435\u04a3 \u044b\u043b\u0493\u0430\u043b\u0434\u0430\u043d\u0434\u044b\u0440\u0430\u0434\u044b \u0436\u04d9\u043d\u0435 \u043c\u0430\u0442\u0430\u0434\u0430\u043d\u0493\u0430\u043d \u0442\u0435\u0440\u0456\u043d\u0456 \u0436\u0430\u04a3\u0493\u044b\u0440\u0442\u0430\u0434\u044b. \u041e\u043b \u04b1\u0441\u0430\u049b \u0441\u044b\u0437\u044b\u049b\u0442\u0430\u0440\u0434\u044b\u04a3 \u043a\u04e9\u0440\u0456\u043d\u0456\u0441\u0456\u043d \u0430\u0437\u0430\u0439\u0442\u0443\u0493\u0430, \u0436\u0430\u0440\u044b\u049b\u049b\u0430\u043d \u04e9\u043a\u0448\u0435\u043b\u0435\u0440\u0434\u0456 \u0435\u043c\u0434\u0435\u0443\u0433\u0435, \u0448\u044b\u043d\u0442\u0430\u049b \u043f\u0435\u043d \u0442\u0456\u0437\u0435 \u0441\u0438\u044f\u049b\u0442\u044b \u049b\u0430\u0442\u0442\u044b \u0436\u0435\u0440\u043b\u0435\u0440\u0434\u0456 \u0436\u04b1\u043c\u0441\u0430\u0440\u0442\u0443\u0493\u0430 \u0436\u04d9\u043d\u0435 \u0442\u0456\u043f\u0442\u0456 \u0442\u0456\u0442\u0456\u0440\u043a\u0435\u043d\u0433\u0435\u043d \u043d\u0435\u043c\u0435\u0441\u0435 \u049b\u0430\u0431\u044b\u043d\u0443 \u0442\u0435\u0440\u0456\u043d\u0456 \u0442\u044b\u043d\u044b\u0448\u0442\u0430\u043d\u0434\u044b\u0440\u0443\u0493\u0430 \u043a\u04e9\u043c\u0435\u043a\u0442\u0435\u0441\u0435\u0434\u0456.<\/p>\n<p data-start=\"2135\" data-end=\"2161\"><strong data-start=\"2135\" data-end=\"2161\">\u0422\u0435\u0440\u0456 \u04af\u0448\u0456\u043d \u043d\u0435\u0433\u0456\u0437\u0433\u0456 \u043f\u0430\u0439\u0434\u0430\u043b\u0430\u0440\u044b:<\/strong><\/p>\n<ul data-start=\"2162\" data-end=\"2309\">\n<li data-start=\"2162\" data-end=\"2208\">\n<p data-start=\"2164\" data-end=\"2208\">\u0411\u04b1\u0440\u044b\u0448\u0442\u0430\u0440\u0434\u044b \u0430\u0437\u0430\u0439\u0442\u0430\u0434\u044b \u0436\u04d9\u043d\u0435 \u0441\u0435\u0440\u043f\u0456\u043c\u0434\u0456\u043b\u0456\u043a\u0442\u0456 \u049b\u0430\u043b\u043f\u044b\u043d\u0430 \u043a\u0435\u043b\u0442\u0456\u0440\u0435\u0434\u0456<\/p>\n<\/li>\n<li data-start=\"2209\" data-end=\"2255\">\n<p data-start=\"2211\" data-end=\"2255\">\u0416\u0430\u0440\u044b\u049b\u049b\u0430\u043d \u0442\u0435\u0440\u0456\u043d\u0456 \u0435\u043c\u0434\u0435\u043f, \u049b\u0430\u0442\u0442\u044b \u0430\u0439\u043c\u0430\u049b\u0442\u0430\u0440\u0434\u044b \u0436\u04b1\u043c\u0441\u0430\u0440\u0442\u0430\u0434\u044b<\/p>\n<\/li>\n<li data-start=\"2256\" data-end=\"2309\">\n<p data-start=\"2258\" data-end=\"2309\">\u0415\u0440\u0456\u043d\u0434\u0435\u0440\u0433\u0435, \u043a\u0435\u0441\u0456\u043b\u0433\u0435\u043d \u0442\u044b\u0440\u043d\u0430\u049b\u0442\u0430\u0440\u0493\u0430 \u0436\u04d9\u043d\u0435 \u0442\u0456\u043f\u0442\u0456 \u0430\u043a\u043d\u0435\u0433\u0435 \u0431\u0435\u0439\u0456\u043c \u0442\u0435\u0440\u0456\u0433\u0435 \u049b\u0430\u0443\u0456\u043f\u0441\u0456\u0437<\/p>\n<\/li>\n<\/ul>\n<h3 data-start=\"2316\" data-end=\"2354\">\u0406\u0448\u043a\u0456 \u04d9\u043b-\u0430\u0443\u049b\u0430\u0442\u0442\u044b \u0434\u0430 \u049b\u043e\u043b\u0434\u0430\u0439\u0434\u044b<\/h3>\n<p data-start=\"2356\" data-end=\"2591\">NAKAA \u043e\u0440\u0433\u0430\u043d\u0438\u043a\u0430\u043b\u044b\u049b \u043a\u0430\u0441\u0442\u043e\u0440 \u043c\u0430\u0439\u044b \u0441\u043e\u043d\u0434\u0430\u0439-\u0430\u049b \u0436\u04b1\u043c\u0441\u0430\u049b \u0442\u0430\u0431\u0438\u0493\u0438 \u0456\u0448\u0456\u043d\u0430\u0440\u0430 \u0431\u043e\u043b\u0430\u0434\u044b. \u0410\u0437 \u043c\u04e9\u043b\u0448\u0435\u0440\u0434\u0435, \u0431\u0430\u049b\u044b\u043b\u0430\u043d\u0493\u0430\u043d \u043a\u04e9\u043b\u0435\u043c\u0434\u0435 \u0442\u04b1\u0442\u044b\u043d\u044b\u043b\u0493\u0430\u043d\u0434\u0430, \u043e\u043b \u0456\u0448 \u049b\u0430\u0442\u0443\u044b\u043d \u0436\u0435\u04a3\u0456\u043b\u0434\u0435\u0442\u0443\u0433\u0435 \u0436\u04d9\u043d\u0435 \u0430\u0441 \u049b\u043e\u0440\u044b\u0442\u0443 \u0434\u0435\u043d\u0441\u0430\u0443\u043b\u044b\u0493\u044b\u043d \u0436\u0430\u049b\u0441\u0430\u0440\u0442\u0443\u0493\u0430 \u043a\u04e9\u043c\u0435\u043a\u0442\u0435\u0441\u0435\u0434\u0456. \u0411\u04b1\u043b \u0437\u0430\u043c\u0430\u043d\u0430\u0443\u0438 \u0442\u0430\u0431\u0438\u0493\u0438 \u0434\u0435\u043d\u0441\u0430\u0443\u043b\u044b\u049b \u0436\u0430\u049b\u0442\u0430\u0443\u0448\u044b\u043b\u0430\u0440\u044b \u049b\u043e\u043b\u0434\u0430\u0493\u0430\u043d \u0435\u0436\u0435\u043b\u0433\u0456 \u0435\u043c.<\/p>\n<p data-start=\"2593\" data-end=\"2660\"><strong data-start=\"2593\" data-end=\"2602\">\u0415\u0441\u043a\u0435\u0440\u0442\u043f\u0435:<\/strong> \u0406\u0448\u043a\u0456 \u049b\u043e\u043b\u0434\u0430\u043d\u0431\u0430\u0441 \u0431\u04b1\u0440\u044b\u043d \u04d9\u0440\u049b\u0430\u0448\u0430\u043d \u0434\u04d9\u0440\u0456\u0433\u0435\u0440\u0433\u0435 \u043a\u0435\u04a3\u0435\u0441\u0456\u04a3\u0456\u0437.<\/p>\n<h3 data-start=\"2667\" data-end=\"2710\">NAKAA \u043e\u0440\u0433\u0430\u043d\u0438\u043a\u0430\u043b\u044b\u049b \u043a\u0430\u0441\u0442\u043e\u0440 \u043c\u0430\u0439\u044b\u043d \u049b\u0430\u043b\u0430\u0439 \u049b\u043e\u043b\u0434\u0430\u043d\u0443 \u043a\u0435\u0440\u0435\u043a<\/h3>\n<ul data-start=\"2712\" data-end=\"3242\">\n<li data-start=\"2712\" data-end=\"2861\">\n<p data-start=\"2714\" data-end=\"2861\"><strong data-start=\"2714\" data-end=\"2734\">\u0428\u0430\u0448 \u04e9\u0441\u0443\u0456 \u04af\u0448\u0456\u043d:<\/strong> \u043a\u0430\u0441\u0442\u043e\u0440 \u043c\u0430\u0439\u044b\u043d \u0430\u0437\u0434\u0430\u043f vodka\u043c\u0435\u043d \u0430\u0440\u0430\u043b\u0430\u0441\u0442\u044b\u0440\u044b\u04a3\u044b\u0437 (2:1), \u0431\u0430\u0441 \u0442\u0435\u0440\u0456\u0441\u0456\u043d\u0435 \u04b1\u0440\u043b\u0430\u04a3\u044b\u0437 \u0436\u04d9\u043d\u0435 \u0436\u0443\u043c\u0430\u0448\u0430\u0441 \u0431\u04b1\u0440\u044b\u043d 30\u201360 \u043c\u0438\u043d \u049b\u0430\u043b\u0434\u044b\u0440\u044b\u04a3\u044b\u0437. \u0410\u043f\u0442\u0430\u0441\u044b\u043d\u0430 1\u20132 \u0440\u0435\u0442 \u049b\u043e\u043b\u0434\u0430\u043d\u044b\u04a3\u044b\u0437.<\/p>\n<\/li>\n<li data-start=\"2862\" data-end=\"2970\">\n<p data-start=\"2864\" data-end=\"2970\"><strong data-start=\"2864\" data-end=\"2893\">\u041a\u0456\u0440\u043f\u0456\u043a \u0436\u04d9\u043d\u0435 \u049b\u0430\u0431\u0430\u049b \u04af\u0448\u0456\u043d:<\/strong> \u043c\u0430\u0439\u0434\u044b \u043a\u0456\u0440\u043f\u0456\u043a\/\u049b\u0430\u0431\u0430\u049b \u0442\u0430\u043c\u044b\u0440\u043b\u0430\u0440\u044b\u043d\u0430 \u0442\u0456\u043a\u0435\u043b\u0435\u0439 \u0436\u0430\u0493\u0443 \u04af\u0448\u0456\u043d \u0442\u0430\u0437\u0430 \u0449\u0435\u0442\u043a\u0430 \u043d\u0435\u043c\u0435\u0441\u0435 \u043c\u0430\u049b\u0442\u0430 \u0442\u0430\u044f\u049b\u0448\u0430\u0441\u044b\u043d \u043f\u0430\u0439\u0434\u0430\u043b\u0430\u043d\u044b\u04a3\u044b\u0437.<\/p>\n<\/li>\n<li data-start=\"2971\" data-end=\"3062\">\n<p data-start=\"2973\" data-end=\"3062\"><strong data-start=\"2973\" data-end=\"2998\">\u049a\u04b1\u0440\u0493\u0430\u049b \u0442\u0435\u0440\u0456 \u0436\u04d9\u043d\u0435 \u04e9\u043a\u0448\u0435\u043b\u0435\u0440 \u04af\u0448\u0456\u043d:<\/strong> \u0442\u0435\u0440\u0456\u0433\u0435 \u04b1\u0440\u043b\u0430\u04a3\u044b\u0437 \u043d\u0435\u043c\u0435\u0441\u0435 \u043a\u04af\u0448\u0435\u0439\u0442\u0456\u043b\u0433\u0435\u043d \u044b\u043b\u0493\u0430\u043b\u0434\u0430\u043d\u0434\u044b\u0440\u0443 \u04af\u0448\u0456\u043d \u043a\u043e\u043a\u043e\u0441 \u043c\u0430\u0439\u044b\u043c\u0435\u043d \u0430\u0440\u0430\u043b\u0430\u0441\u0442\u044b\u0440\u044b\u04a3\u044b\u0437.<\/p>\n<\/li>\n<li data-start=\"3063\" data-end=\"3137\">\n<p data-start=\"3065\" data-end=\"3137\"><strong data-start=\"3065\" data-end=\"3078\">\u0415\u0440\u0456\u043d\u0434\u0435\u0440 \u04af\u0448\u0456\u043d:<\/strong> \u0442\u0430\u0431\u0438\u0493\u0438 \u0435\u0440\u0456\u043d \u0431\u0430\u043b\u044c\u0437\u0430\u043c\u044b \u04af\u0448\u0456\u043d petrolatum \u0436\u0435\u043b\u0435\u0441\u0456\u043c\u0435\u043d \u0430\u0440\u0430\u043b\u0430\u0441\u0442\u044b\u0440\u044b\u04a3\u044b\u0437 (3:1).<\/p>\n<\/li>\n<li data-start=\"3138\" data-end=\"3242\">\n<p data-start=\"3140\" data-end=\"3242\"><strong data-start=\"3140\" data-end=\"3161\">\u0406\u0448 \u049b\u0430\u0442\u0443\u044b \u04af\u0448\u0456\u043d:<\/strong> \u0434\u04d9\u043c\u0456 \u04af\u0448\u0456\u043d \u0436\u0430\u04a3\u0430 \u043b\u0438\u043c\u043e\u043d \u0448\u044b\u0440\u044b\u043d\u044b\u043c\u0435\u043d 1 \u0448\u0430\u0439 \u049b\u0430\u0441\u044b\u049b \u043a\u0430\u0441\u0442\u043e\u0440 \u043c\u0430\u0439\u044b\u043d \u0430\u0440\u0430\u043b\u0430\u0441\u0442\u044b\u0440\u044b\u04a3\u044b\u0437, \u049b\u0430\u0436\u0435\u0442 \u0431\u043e\u043b\u0493\u0430\u043d\u0434\u0430 \u0431\u0456\u0440 \u0440\u0435\u0442 \u0442\u04b1\u0442\u044b\u043d\u044b\u04a3\u044b\u0437.<\/p>\n<\/li>\n<\/ul>\n<h3 data-start=\"3249\" data-end=\"3297\"><strong data-start=\"3253\" data-end=\"3297\">\u041d\u0435\u0433\u0435 \u0430\u0434\u0430\u043c\u0434\u0430\u0440 NAKAA \u043e\u0440\u0433\u0430\u043d\u0438\u043a\u0430\u043b\u044b\u049b \u043a\u0430\u0441\u0442\u043e\u0440 \u043c\u0430\u0439\u044b\u043d \u0436\u0430\u049b\u0441\u044b \u043a\u04e9\u0440\u0435\u0434\u0456<\/strong><\/h3>\n<ul data-start=\"3299\" data-end=\"3492\">\n<li data-start=\"3299\" data-end=\"3332\">\n<p data-start=\"3301\" data-end=\"3332\">\u2705 100% \u041e\u0440\u0433\u0430\u043d\u0438\u043a\u0430\u043b\u044b\u049b \u0436\u04d9\u043d\u0435 \u0441\u0443\u044b\u049b \u049b\u044b\u0441\u044b\u043c\u043c\u0435\u043d \u0441\u044b\u0493\u0430\u0440\u044b\u043b\u0493\u0430\u043d<\/p>\n<\/li>\n<li data-start=\"3333\" data-end=\"3375\">\n<p data-start=\"3335\" data-end=\"3375\">\u2705 \u049a\u043e\u0441\u043f\u0430\u043b\u0430\u0440\u0434\u0430\u043d, \u0433\u0435\u043a\u0441\u0430\u043d\u043d\u0430\u043d \u043d\u0435\u043c\u0435\u0441\u0435 \u0413\u041c\u041e-\u0434\u0430\u043d \u0431\u043e\u0441<\/p>\n<\/li>\n<li data-start=\"3376\" data-end=\"3418\">\n<p data-start=\"3378\" data-end=\"3418\">\u2705 \u0411\u0430\u0440\u043b\u044b\u049b \u0442\u0435\u0440\u0456 \u0436\u04d9\u043d\u0435 \u0448\u0430\u0448 \u0442\u04af\u0440\u043b\u0435\u0440\u0456\u043d\u0435 \u0436\u0430\u0440\u0430\u043c\u0434\u044b<\/p>\n<\/li>\n<li data-start=\"3419\" data-end=\"3458\">\n<p data-start=\"3421\" data-end=\"3458\">\u2705 \u0421\u04b1\u043b\u0443\u043b\u044b\u049b \u0436\u04d9\u043d\u0435 \u04d9\u043b-\u0430\u0443\u049b\u0430\u0442 \u04af\u0448\u0456\u043d \u043a\u04e9\u043f \u049b\u043e\u043b\u0434\u0430\u043d\u0443\u043b\u044b<\/p>\n<\/li>\n<li data-start=\"3459\" data-end=\"3492\">\n<p data-start=\"3461\" data-end=\"3492\">\u2705 Cruelty-Free \u0436\u04d9\u043d\u0435 \u044d\u043a\u043e\u043b\u043e\u0433\u0438\u044f\u043b\u044b\u049b \u0442\u0430\u0437\u0430<\/p>\n<\/li>\n<\/ul>\n<h3 data-start=\"3812\" data-end=\"3860\">\u049a\u043e\u0440\u044b\u0442\u044b\u043d\u0434\u044b \u2013 \u0422\u0430\u0431\u0438\u0493\u0430\u0442 \u0441\u0456\u0437\u0433\u0435 \u049b\u0430\u043c\u049b\u043e\u0440\u043b\u044b\u049b \u0436\u0430\u0441\u0430\u0443\u044b\u043d \u049b\u0430\u043b\u0434\u044b\u0440\u044b\u04a3\u044b\u0437<\/h3>\n<p data-start=\"3862\" data-end=\"4137\">\u0411\u0430\u0441 \u0442\u0435\u0440\u0456\u0441\u0456 \u043c\u0435\u043d \u0442\u0435\u0440\u0456\u043d\u0456 \u049b\u043e\u0440\u0435\u043a\u0442\u0435\u043d\u0434\u0456\u0440\u0443\u0434\u0435\u043d \u0430\u0441 \u049b\u043e\u0440\u044b\u0442\u0443 \u0434\u0435\u043d\u0441\u0430\u0443\u043b\u044b\u0493\u044b\u043d \u049b\u043e\u043b\u0434\u0430\u0443\u0493\u0430 \u0434\u0435\u0439\u0456\u043d, <strong data-start=\"3930\" data-end=\"3958\">NAKAA \u043e\u0440\u0433\u0430\u043d\u0438\u043a\u0430\u043b\u044b\u049b \u043a\u0430\u0441\u0442\u043e\u0440 \u043c\u0430\u0439\u044b<\/strong> \u2013 \u0441\u0456\u0437\u0434\u0456\u04a3 \u0434\u0435\u043d\u0435\u04a3\u0456\u0437 \u0430\u043b\u0493\u044b\u0441 \u0430\u0439\u0442\u0430\u0442\u044b\u043d \u0431\u0430\u0440\u043b\u044b\u0493\u044b\u043d\u0434\u0430\u0493\u044b \u0442\u0430\u0431\u0438\u0493\u0438 \u0435\u043c. \u0411\u04af\u0433\u0456\u043d \u04d9\u043b-\u0430\u0443\u049b\u0430\u0442 \u0440\u0443\u0442\u0438\u043d\u0430\u04a3\u044b\u0437\u0434\u044b\u04a3 \u0431\u04e9\u043b\u0456\u0433\u0456 \u0435\u0442\u0456\u043f \u0430\u043b\u044b\u04a3\u044b\u0437 \u0436\u04d9\u043d\u0435 \u0456\u0448\u0442\u0435\u043d \u0448\u044b\u049b\u049b\u0430\u043d \u0441\u04b1\u043b\u0443\u043b\u044b\u049b\u0442\u044b \u2013 \u0442\u0430\u0431\u0438\u0493\u0438 \u0436\u04d9\u043d\u0435 \u043e\u04a3\u0430\u0439 \u049b\u0430\u0431\u044b\u043b\u0434\u0430\u04a3\u044b\u0437.<\/p>\n<p data-start=\"4139\" data-end=\"4234\"><strong data-start=\"4139\" data-end=\"4234\">\u0411\u04af\u0433\u0456\u043d NAKAA \u043e\u0440\u0433\u0430\u043d\u0438\u043a\u0430\u043b\u044b\u049b \u043a\u0430\u0441\u0442\u043e\u0440 \u043c\u0430\u0439\u044b\u043d \u049b\u043e\u043b\u0434\u0430\u043d\u044b\u04a3\u044b\u0437 \u2013 \u0434\u0435\u043d\u0441\u0430\u0443\u043b\u044b \u0448\u0430\u0448, \u0436\u04b1\u043c\u0441\u0430\u049b \u0442\u0435\u0440\u0456 \u0436\u04d9\u043d\u0435 \u0442\u04b1\u0440\u0430\u049b\u0442\u044b \u04d9\u043b-\u0430\u0443\u049b\u0430\u0442 \u04af\u0448\u0456\u043d.<\/strong><\/p>\n<p style=\"text-align: center;\"> <em data-start=\"415\" data-end=\"431\"><a href=\"https:\/\/bazaar.express\/kk\/\">Bazaar Express<\/a><\/em> -\u0442\u0435 \u0448\u043e\u043f\u043f\u0438\u043d\u0433 \u0436\u0430\u0441\u0430\u0434\u0131\u011f\u0131n\u0131z \u04af\u0448\u0456\u043d \u0440\u0430\u049b\u043c\u0435\u0442 \u2013 \u0441\u0456\u0437\u0434\u0456 \u043a\u04e9\u0440\u0433\u0435\u043d\u0456\u043c\u0456\u0437\u0433\u0435 \u049b\u0443\u0430\u043d\u044b\u0448\u0442\u044b\u043c\u044b\u0437!<\/p>\n<p style=\"text-align: center;\">\u041a\u04af\u043d\u0434\u0435\u043b\u0456\u043a\u0442\u0456 \u04d9\u043b-\u0430\u0443\u049b\u0430\u0442 \u04af\u0448\u0456\u043d \u0442\u0430\u0437\u0430 <a href=\"https:\/\/bazaar.express\/kk\/therapeutic-oils\/\">\u0422\u0435\u0440\u0430\u043f\u0435\u0432\u0442\u0456\u043a \u043c\u0430\u0439\u043b\u0430\u0440\u0434\u044b\u04a3<\/a> \u043a\u04af\u0448\u0456\u043d \u0441\u0435\u0437\u0456\u04a3\u0456\u0437.<\/p>\n","protected":false},"excerpt":{"rendered":"<h3 data-start=\"442\" data-end=\"640\">NAKAA \u043e\u0440\u0433\u0430\u043d\u0438\u043a\u0430\u043b\u044b\u049b \u043a\u0430\u0441\u0442\u043e\u0440 \u043c\u0430\u0439\u044b \u2013 100% \u0441\u0443\u044b\u049b \u049b\u044b\u0441\u044b\u043c\u043c\u0435\u043d \u0441\u044b\u0493\u0430\u0440\u044b\u043b\u0493\u0430\u043d, \u0445\u0438\u043c\u0438\u044f\u043b\u044b\u049b \u0437\u0430\u0442\u0442\u0430\u0440\u0441\u044b\u0437 \u043c\u0430\u0439, \u0448\u0430\u0448\u0442\u044b \u049b\u043e\u0440\u0435\u043a\u0442\u0435\u043d\u0434\u0456\u0440\u0435\u0434\u0456, \u049b\u04b1\u0440\u0493\u0430\u049b \u0442\u0435\u0440\u0456\u043d\u0456 \u044b\u043b\u0493\u0430\u043b\u0434\u0430\u043d\u0434\u044b\u0440\u0430\u0434\u044b, \u043a\u0456\u0440\u043f\u0456\u043a\u0448\u0435\u043b\u0435\u0440\u0434\u0456 \u043d\u044b\u0493\u0430\u0439\u0442\u0430\u0434\u044b \u0436\u04d9\u043d\u0435 \u04d9\u043b-\u0430\u0443\u049b\u0430\u0442\u0442\u044b \u049b\u043e\u043b\u0434\u0430\u0439\u0434\u044b. \u0422\u0430\u0431\u0438\u0493\u0438 \u0441\u04b1\u043b\u0443\u043b\u044b\u049b \u0436\u04d9\u043d\u0435 \u0434\u0435\u043d\u0441\u0430\u0443\u043b\u044b\u049b \u0440\u0443\u0442\u0438\u043d\u0430\u0441\u044b \u04af\u0448\u0456\u043d \u0438\u0434\u0435\u0430\u043b\u0434\u044b.<\/h3>\n<h3><\/h3>\n","protected":false},"featured_media":41525,"comment_status":"open","ping_status":"closed","template":"","meta":[],"product_brand":[],"product_cat":[1177,1187,1176],"product_tag":[1363,1359,1361,1358],"class_list":{"0":"post-41523","1":"product","2":"type-product","3":"status-publish","4":"has-post-thumbnail","6":"product_cat-1177","7":"product_cat-nakaa--","8":"product_cat-1176","9":"product_tag-1363","10":"product_tag-1359","11":"product_tag-1361","12":"product_tag-1358","13":"pa_l-xl-135ml","14":"pa_l-xl-250ml","15":"pa_l-xl-60ml","17":"first","18":"instock","19":"sale","20":"shipping-taxable","21":"purchasable","22":"product-type-variable"},"_links":{"self":[{"href":"https:\/\/bazaar.express\/kk\/wp-json\/wp\/v2\/product\/41523","targetHints":{"allow":["GET"]}}],"collection":[{"href":"https:\/\/bazaar.express\/kk\/wp-json\/wp\/v2\/product"}],"about":[{"href":"https:\/\/bazaar.express\/kk\/wp-json\/wp\/v2\/types\/product"}],"replies":[{"embeddable":true,"href":"https:\/\/bazaar.express\/kk\/wp-json\/wp\/v2\/comments?post=41523"}],"wp:featuredmedia":[{"embeddable":true,"href":"https:\/\/bazaar.express\/kk\/wp-json\/wp\/v2\/media\/41525"}],"wp:attachment":[{"href":"https:\/\/bazaar.express\/kk\/wp-json\/wp\/v2\/media?parent=41523"}],"wp:term":[{"taxonomy":"product_brand","embeddable":true,"href":"https:\/\/bazaar.express\/kk\/wp-json\/wp\/v2\/product_brand?post=41523"},{"taxonomy":"product_cat","embeddable":true,"href":"https:\/\/bazaar.express\/kk\/wp-json\/wp\/v2\/product_cat?post=41523"},{"taxonomy":"product_tag","embeddable":true,"href":"https:\/\/bazaar.express\/kk\/wp-json\/wp\/v2\/product_tag?post=41523"}],"curies":[{"name":"wp","href":"https:\/\/api.w.org\/{rel}","templated":true}]}}