{"id":41616,"date":"2025-01-03T11:29:51","date_gmt":"2025-01-03T11:29:51","guid":{"rendered":"https:\/\/bazaar.express\/product\/shampoo-2\/"},"modified":"2026-03-01T22:01:28","modified_gmt":"2026-03-01T22:01:28","slug":"shampoo-2","status":"publish","type":"product","link":"https:\/\/bazaar.express\/kk\/product\/shampoo-2\/","title":{"rendered":"\u049a\u0430\u0440\u0430 \u0437\u0435\u0440\u0435 \u0448\u0430\u043c\u043f\u0443\u043d\u0456"},"content":{"rendered":"<h2 data-start=\"180\" data-end=\"257\"><strong data-start=\"186\" data-end=\"257\">Orgakera \u049b\u0430\u0440\u0430 \u0437\u0435\u0440\u0435 \u0448\u0430\u043c\u043f\u0443\u043d\u0456 \u2013 \u0428\u04e9\u043f\u0442\u0456\u043a \u0448\u0430\u0448 \u043a\u04af\u0442\u0456\u043c\u0456\u043d\u0456\u04a3 \u0442\u0430\u0431\u0438\u0493\u0438 \u043a\u04af\u0448\u0456<\/strong><\/h2>\n<h3 data-start=\"259\" data-end=\"298\">\u0411\u04b1\u043b \u0448\u0430\u043c\u043f\u0443\u043d\u044c\u0434\u0456 \u043d\u0435 \u0435\u0440\u0435\u043a\u0448\u0435 \u0435\u0442\u0435\u0434\u0456?<\/h3>\n<p data-start=\"300\" data-end=\"766\">\u0415\u0433\u0435\u0440 \u0441\u0456\u0437 <strong data-start=\"324\" data-end=\"343\">\u0441\u0430\u043f\u0430\u043b\u044b \u0448\u0430\u043c\u043f\u0443\u043d\u044c<\/strong> \u0456\u0437\u0434\u0435\u0441\u0435\u04a3\u0456\u0437, \u043e\u043b <strong data-start=\"349\" data-end=\"370\">\u0456\u0441\u043a\u0435\u043d \u0448\u0430\u0448\u0442\u044b \u0442\u0456\u0440\u0456\u043b\u0442\u0435\u0434\u0456<\/strong>, <strong data-start=\"372\" data-end=\"393\">\u0442\u04af\u0431\u0456\u0440\u043b\u0435\u0440\u0434\u0456 \u043a\u04af\u0448\u0435\u0439\u0442\u0435\u0434\u0456<\/strong> \u0436\u04d9\u043d\u0435 <strong data-start=\"399\" data-end=\"426\">\u0441\u0430\u0443 \u04e9\u0441\u0443\u0433\u0435 \u049b\u043e\u043b\u0434\u0430\u0443 \u043a\u04e9\u0440\u0441\u0435\u0442\u0435\u0434\u0456<\/strong>, \u043e\u043d\u0434\u0430 <strong data-start=\"433\" data-end=\"464\">Orgakera \u049b\u0430\u0440\u0430 \u0437\u0435\u0440\u0435 \u0448\u0430\u043c\u043f\u0443\u043d\u0456<\/strong> \u0441\u0456\u0437\u0433\u0435 \u0434\u04d9\u043b \u049b\u0430\u0436\u0435\u0442. <strong data-start=\"529\" data-end=\"547\">\u049a\u0430\u0440\u0430 \u0437\u0435\u0440\u0435 \u043c\u0430\u0439\u044b<\/strong>, <strong data-start=\"549\" data-end=\"562\">\u0415 \u0432\u0438\u0442\u0430\u043c\u0438\u043d\u0456<\/strong> \u0436\u04d9\u043d\u0435 <strong data-start=\"568\" data-end=\"586\">\u0438\u043a\u0440\u0430 \u044d\u043a\u0441\u0442\u0440\u0430\u043a\u0442\u044b<\/strong> \u0441\u0438\u044f\u049b\u0442\u044b \u043a\u04af\u0448\u0442\u0456 \u0438\u043d\u0433\u0440\u0435\u0434\u0438\u0435\u043d\u0442\u0442\u0435\u0440\u043c\u0435\u043d \u0442\u043e\u043b\u0442\u044b\u0440\u044b\u043b\u0493\u0430\u043d \u0431\u04b1\u043b \u0448\u0430\u043c\u043f\u0443\u043d\u044c \u049b\u04b1\u0440\u0493\u0430\u049b, \u0437\u0430\u049b\u044b\u043c\u0434\u0430\u043b\u0493\u0430\u043d \u043d\u0435\u043c\u0435\u0441\u0435 \u0436\u04b1\u049b\u0430 \u0448\u0430\u0448 \u04af\u0448\u0456\u043d \u0435\u04a3 \u04af\u0437\u0434\u0456\u043a \u0448\u0435\u0448\u0456\u043c. \u041e\u043d\u044b\u04a3 \u0436\u04b1\u043c\u0441\u0430\u049b, \u0431\u0456\u0440\u0430\u049b \u0442\u0438\u0456\u043c\u0434\u0456 \u0444\u043e\u0440\u043c\u0443\u043b\u0430\u0441\u044b \u0441\u0456\u0437\u0434\u0456\u04a3 \u0448\u0430\u0448\u044b\u04a3\u044b\u0437\u0434\u044b \u0441\u0443\u043b\u0430\u043d\u0434\u044b\u0440\u0430\u0434\u044b, \u0431\u0430\u0441 \u0442\u0435\u0440\u0456\u0441\u0456\u043d\u0456\u04a3 \u0434\u0435\u043d\u0441\u0430\u0443\u043b\u044b\u0493\u044b\u043d \u0436\u0430\u049b\u0441\u0430\u0440\u0442\u0430\u0434\u044b \u0436\u04d9\u043d\u0435 \u0436\u0430\u0440\u049b\u044b\u0440\u0430\u0493\u0430\u043d \u0436\u044b\u043b\u0442\u044b\u0440\u043b\u044b\u049b \u049b\u043e\u0441\u0430\u0434\u044b.<\/p>\n<h3 data-start=\"773\" data-end=\"810\"><strong data-start=\"780\" data-end=\"810\">\u0422\u0435\u0440\u0435\u04a3 \u043d\u04d9\u0440\u0443\u044b\u0437 \u0436\u04d9\u043d\u0435 \u0442\u0435\u0433\u0456\u0441\u0434\u0456\u043a<\/strong><\/h3>\n<p data-start=\"812\" data-end=\"1011\">Orgakera \u049b\u0430\u0440\u0430 \u0437\u0435\u0440\u0435 \u0448\u0430\u043c\u043f\u0443\u043d\u0456 \u04d9\u0440 \u0448\u0430\u0448 \u0442\u0430\u043b\u044b\u043d \u0441\u0443\u043b\u0430\u043d\u0434\u044b\u0440\u0430\u0434\u044b, \u043e\u043d\u044b <strong data-start=\"878\" data-end=\"916\">\u0436\u0456\u0431\u0435\u043a\u0442\u0435\u0439 \u0442\u0435\u0433\u0456\u0441, \u0436\u04b1\u043c\u0441\u0430\u049b \u0436\u04d9\u043d\u0435 \u0442\u04af\u043a\u0442\u0456\u0433\u0456\u043d\u0441\u0456\u0437<\/strong> \u049b\u0430\u043b\u0434\u044b\u0440\u0430\u0434\u044b. \u0411\u0430\u0439 \u0444\u043e\u0440\u043c\u0443\u043b\u0430\u0441\u044b \u043d\u04d9\u0440\u0443\u044b\u0437\u0434\u044b \u0441\u0430\u049b\u0442\u0430\u0439\u0434\u044b, \u0448\u0430\u0448\u044b\u04a3\u044b\u0437\u0434\u044b \u0431\u04af\u043a\u0456\u043b \u043a\u04af\u043d \u0431\u043e\u0439\u044b \u0431\u0430\u0441\u049b\u0430\u0440\u0443\u0493\u0430 \u0436\u0435\u04a3\u0456\u043b \u0436\u04d9\u043d\u0435 \u0442\u0438\u044f\u043d\u0430\u049b\u0442\u044b \u0435\u0442\u0435\u0434\u0456.<\/p>\n<h3 data-start=\"1018\" data-end=\"1059\"><strong data-start=\"1025\" data-end=\"1059\">\u0422\u04af\u0431\u0456\u0440\u0434\u0435\u043d \u04b1\u0448\u049b\u0430 \u0434\u0435\u0439\u0456\u043d \u043a\u04af\u0448\u0442\u0456 \u0448\u0430\u0448<\/strong><\/h3>\n<p data-start=\"1061\" data-end=\"1282\">\u0422\u0430\u0431\u0438\u0493\u0438 \u0430\u049b\u0443\u044b\u0437\u0434\u0430\u0440 \u043c\u0435\u043d \u043c\u0430\u0439\u043b\u0430\u0440\u043c\u0435\u043d \u0431\u0430\u0439\u044b\u0442\u044b\u043b\u0493\u0430\u043d \u0431\u04b1\u043b \u0448\u0430\u043c\u043f\u0443\u043d\u044c <strong data-start=\"1115\" data-end=\"1148\">\u0448\u0430\u0448 \u0444\u043e\u043b\u043b\u0438\u043a\u0443\u043b\u0430\u043b\u0430\u0440\u044b\u043d \u043d\u044b\u0493\u0430\u0439\u0442\u0430\u0434\u044b<\/strong>, <strong data-start=\"1150\" data-end=\"1170\">\u0441\u044b\u043d\u0434\u044b\u0440\u0443\u0434\u044b \u0430\u0437\u0430\u0439\u0442\u0430\u0434\u044b<\/strong> \u0436\u04d9\u043d\u0435 <strong data-start=\"1187\" data-end=\"1213\">\u049b\u0430\u043b\u044b\u04a3\u044b\u0440\u0430\u049b, \u0442\u043e\u043b\u044b\u0493\u044b\u0440\u0430\u049b \u04e9\u0441\u0443\u0433\u0435<\/strong> \u044b\u049b\u043f\u0430\u043b \u0435\u0442\u0435\u0434\u0456. \u0428\u0430\u0448 \u0442\u04af\u0441\u0443\u0456\u043d\u0435 \u049b\u043e\u0448 \u0431\u043e\u043b\u044b\u04a3\u044b\u0437 \u0436\u04d9\u043d\u0435 \u043a\u04af\u0448\u0442\u0456\u0440\u0435\u043a, \u0442\u04e9\u0437\u0456\u043c\u0434\u0456\u0440\u0435\u043a \u0448\u0430\u0448\u049b\u0430 \u049b\u043e\u0448 \u043a\u0435\u043b\u0434\u0456\u04a3\u0456\u0437.<\/p>\n<h3 data-start=\"1289\" data-end=\"1330\"><strong data-start=\"1296\" data-end=\"1330\">\u0421\u0430\u0443 \u0448\u0430\u0448 \u04e9\u0441\u0443\u0456\u043d \u044b\u043d\u0442\u0430\u043b\u0430\u043d\u0434\u044b\u0440\u0430\u0434\u044b<\/strong><\/h3>\n<p data-start=\"1332\" data-end=\"1518\"><strong data-start=\"1345\" data-end=\"1379\">\u0431\u0430\u0441 \u0442\u0435\u0440\u0456\u0441\u0456\u043d\u0435 \u049b\u0430\u043d \u0430\u0439\u043d\u0430\u043b\u044b\u043c\u044b\u043d \u0436\u0430\u049b\u0441\u0430\u0440\u0442\u0443 \u0430\u0440\u049b\u044b\u043b\u044b<\/strong> Orgakera \u049b\u0430\u0440\u0430 \u0437\u0435\u0440\u0435 \u0448\u0430\u043c\u043f\u0443\u043d\u0456 \u0441\u0430\u0443, \u0436\u0430\u0440\u049b\u044b\u0440\u0430\u0493\u0430\u043d \u0442\u0430\u043b\u0434\u0430\u0440\u0434\u044b\u04a3 \u04e9\u0441\u0443\u0456\u043d \u0430\u0440\u0442\u0442\u044b\u0440\u0430\u0434\u044b. \u041e\u043b \u0436\u04b1\u049b\u0430 \u0448\u0430\u0448\u043f\u0435\u043d \u043a\u04af\u0440\u0435\u0441\u0435\u0434\u0456 \u0436\u04d9\u043d\u0435 \u0443\u0430\u049b\u044b\u0442 \u04e9\u0442\u0435 \u043a\u0435\u043b\u0435 \u043a\u04e9\u043b\u0435\u043c\u0434\u0456 \u049b\u043e\u043b\u0434\u0430\u0439\u0434\u044b.<\/p>\n<h3 data-start=\"1525\" data-end=\"1571\"><strong data-start=\"1532\" data-end=\"1571\">\u0411\u0430\u0441 \u0442\u0435\u0440\u0456\u0441\u0456\u043d \u0442\u044b\u043d\u044b\u0448\u0442\u0430\u043d\u0434\u044b\u0440\u0430\u0434\u044b \u0436\u04d9\u043d\u0435 \u0442\u044b\u0441\u049b\u0430\u0443\u0434\u044b \u0436\u043e\u044f\u0434\u044b<\/strong><\/h3>\n<p data-start=\"1573\" data-end=\"1757\">\u049a\u0430\u0440\u0430 \u0437\u0435\u0440\u0435 \u043c\u0430\u0439\u044b, \u0448\u0430\u04a3\u044b\u0440\u0430\u0443 \u0430\u0493\u0430\u0448\u044b \u043c\u0430\u0439\u044b \u0436\u04d9\u043d\u0435 \u0430\u043b\u043e\u044d \u0432\u0435\u0440\u0430 \u043a\u043e\u043c\u0431\u0438\u043d\u0430\u0446\u0438\u044f\u0441\u044b <strong data-start=\"1633\" data-end=\"1655\">\u0442\u044b\u0441\u049b\u0430\u0443\u0434\u044b \u0436\u043e\u044f\u0434\u044b<\/strong>, \u0431\u0430\u0441 \u0442\u0435\u0440\u0456\u0441\u0456\u043d\u0456\u04a3 \u0442\u0456\u0442\u0456\u0440\u043a\u0435\u043d\u0443\u0456\u043d \u0431\u0430\u0441\u0430\u0434\u044b \u0436\u04d9\u043d\u0435 <strong data-start=\"1686\" data-end=\"1705\">\u0442\u0435\u04a3\u0433\u0435\u0440\u0456\u043c\u0434\u0456 \u049b\u0430\u043b\u043f\u044b\u043d\u0430 \u043a\u0435\u043b\u0442\u0456\u0440\u0435\u0434\u0456<\/strong>. \u0411\u0430\u0441 \u0442\u0435\u0440\u0456\u0441\u0456\u04a3\u0456\u0437 \u0441\u0435\u0440\u0433\u0435\u043a, \u0442\u0430\u0437\u0430 \u0436\u04d9\u043d\u0435 \u04af\u0433\u0456\u043d\u0434\u0456\u0441\u0456\u0437 \u0431\u043e\u043b\u0430\u0434\u044b.<\/p>\n<h3 data-start=\"1764\" data-end=\"1801\"><strong data-start=\"1772\" data-end=\"1801\">\u0417\u0430\u0449\u0438\u0442\u0430 \u0436\u04d9\u043d\u0435 \u043d\u04d9\u0440\u043b\u0435\u043d\u0434\u0456\u0440\u0443<\/strong><\/h3>\n<p data-start=\"1803\" data-end=\"2029\"><strong data-start=\"1821\" data-end=\"1849\">\u0430\u0440\u0433\u0430\u043d \u043c\u0430\u0439\u044b \u0436\u04d9\u043d\u0435 \u0445\u043e\u0434\u0436\u043e\u0431\u0430 \u043c\u0430\u0439\u044b<\/strong> \u0441\u0438\u044f\u049b\u0442\u044b \u0442\u0430\u0431\u0438\u0493\u0438 \u043c\u0430\u0439\u043b\u0430\u0440 \u049b\u043e\u0440\u0493\u0430\u043d\u044b\u0448 \u043a\u0435\u0434\u0435\u0440\u0433\u0456\u0441\u0456\u043d \u049b\u04b1\u0440\u0430\u0434\u044b, <strong data-start=\"1877\" data-end=\"1923\">\u0448\u0430\u0448\u0442\u044b \u0436\u044b\u043b\u0443\u0434\u0430\u043d, \u0441\u04d9\u043d\u0434\u0435\u0443 \u0437\u0430\u049b\u044b\u043c\u0434\u0430\u0440\u044b\u043d\u0430\u043d<\/strong> \u0436\u04d9\u043d\u0435 <strong data-start=\"1929\" data-end=\"1953\">\u049b\u043e\u0440\u0448\u0430\u0493\u0430\u043d \u043e\u0440\u0442\u0430 \u0441\u0442\u0440\u0435\u0441\u0441\u0442\u0435\u043d<\/strong> \u049b\u043e\u0440\u0493\u0430\u0439\u0434\u044b. \u0428\u0430\u0448 \u0456\u0448\u0442\u0435\u043d \u0442\u044b\u0441\u049b\u0430 \u0434\u0435\u0439\u0456\u043d \u043d\u04d9\u0440\u043b\u0435\u043d\u0435\u0434\u0456, \u0441\u0435\u0440\u043f\u0456\u043c\u0434\u0456\u043b\u0456\u0433\u0456 \u0436\u04d9\u043d\u0435 \u0436\u044b\u043b\u0442\u044b\u0440\u0430\u0443\u044b \u0436\u0430\u049b\u0441\u0430\u0440\u0430\u0434\u044b.<\/p>\n<h3 data-start=\"2036\" data-end=\"2076\"><strong data-start=\"2042\" data-end=\"2076\">\u041a\u04e9\u0440\u0456\u043d\u0435\u0442\u0456\u043d \u0436\u044b\u043b\u0442\u044b\u0440\u043b\u044b\u049b \u0436\u04d9\u043d\u0435 \u0441\u0430\u0443 \u0448\u0430\u0448<\/strong><\/h3>\n<p data-start=\"2078\" data-end=\"2255\">\u04ae\u0437\u0434\u0456\u043a\u0441\u0456\u0437 \u043f\u0430\u0439\u0434\u0430\u043b\u0430\u043d\u0443 \u0430\u0440\u049b\u044b\u043b\u044b \u0448\u0430\u0448\u044b\u04a3\u044b\u0437 <strong data-start=\"2120\" data-end=\"2145\">\u0436\u0430\u0440\u049b\u044b\u0440\u0430\u0493\u0430\u043d, \u0442\u0456\u0440\u0456\u0440\u0435\u043a<\/strong> \u0436\u04d9\u043d\u0435 \u04e9\u043c\u0456\u0440\u043c\u0435\u043d \u0442\u043e\u043b\u044b\u049b \u043a\u04e9\u0440\u0456\u043d\u0435\u0434\u0456. \u0418\u043a\u0440\u0430 \u044d\u043a\u0441\u0442\u0440\u0430\u043a\u0442\u044b \u0436\u04d9\u043d\u0435 \u043a\u043e\u043b\u043b\u0430\u0433\u0435\u043d <strong data-start=\"2198\" data-end=\"2218\">\u043a\u04af\u0448\u0442\u0456 \u049b\u0430\u043b\u043f\u044b\u043d\u0430 \u043a\u0435\u043b\u0442\u0456\u0440\u0435\u0434\u0456<\/strong> \u0436\u04d9\u043d\u0435 \u0448\u0430\u0448\u0442\u044b\u04a3 \u0442\u0430\u0431\u0438\u0493\u0438 \u0436\u0430\u0440\u049b\u044b\u0440\u0430\u0443\u044b\u043d \u043a\u04af\u0448\u0435\u0439\u0442\u0435\u0434\u0456.<\/p>\n<h3 data-start=\"2262\" data-end=\"2293\"> \u041d\u0435\u0433\u0456\u0437\u0433\u0456 \u0442\u0430\u0431\u0438\u0493\u0438 \u0438\u043d\u0433\u0440\u0435\u0434\u0438\u0435\u043d\u0442\u0442\u0435\u0440:<\/h3>\n<ul data-start=\"2295\" data-end=\"2854\">\n<li data-start=\"2295\" data-end=\"2381\">\n<p data-start=\"2297\" data-end=\"2381\"><strong data-start=\"2297\" data-end=\"2315\">\u049a\u0430\u0440\u0430 \u0437\u0435\u0440\u0435 \u043c\u0430\u0439\u044b<\/strong> \u2013 \u0442\u04af\u0431\u0456\u0440\u043b\u0435\u0440\u0434\u0456 \u043a\u04af\u0448\u0435\u0439\u0442\u0435\u0434\u0456, \u049b\u0430\u0431\u044b\u043d\u0443\u0434\u044b \u0430\u0437\u0430\u0439\u0442\u0430\u0434\u044b \u0436\u04d9\u043d\u0435 \u04e9\u0441\u0443\u0433\u0435 \u049b\u043e\u043b\u0434\u0430\u0443 \u043a\u04e9\u0440\u0441\u0435\u0442\u0435\u0434\u0456.<\/p>\n<\/li>\n<li data-start=\"2382\" data-end=\"2486\">\n<p data-start=\"2384\" data-end=\"2486\"><strong data-start=\"2384\" data-end=\"2426\">\u041f\u0430\u043d\u0442\u0435\u043d\u043e\u043b (Pro-\u0412\u0438\u0442\u0430\u043c\u0438\u043d B5) \u0436\u04d9\u043d\u0435 \u0415 \u0432\u0438\u0442\u0430\u043c\u0438\u043d\u0456<\/strong> \u2013 \u043d\u04d9\u0440\u0443\u044b\u0437 \u0431\u0435\u0440\u0435\u0434\u0456, \u0436\u04b1\u043c\u0441\u0430\u049b\u0442\u044b\u049b \u0436\u04d9\u043d\u0435 \u0437\u0430\u049b\u044b\u043c\u0434\u0430\u043d \u049b\u043e\u0440\u0493\u0430\u0439\u0434\u044b.<\/p>\n<\/li>\n<li data-start=\"2487\" data-end=\"2587\">\n<p data-start=\"2489\" data-end=\"2587\"><strong data-start=\"2489\" data-end=\"2515\">\u0410\u0440\u0433\u0430\u043d \u043c\u0430\u0439\u044b \u0436\u04d9\u043d\u0435 \u0425\u043e\u0434\u0436\u043e\u0431\u0430 \u043c\u0430\u0439\u044b<\/strong> \u2013 \u0433\u0438\u0434\u0440\u0430\u0442\u0430\u0446\u0438\u044f \u0436\u04d9\u043d\u0435 \u0441\u044b\u043d\u0434\u044b\u0440\u0443\u0434\u0430\u043d \u049b\u043e\u0440\u0493\u0430\u0443 \u04af\u0448\u0456\u043d \u043c\u0430\u04a3\u044b\u0437\u0434\u044b \u043c\u0430\u0439 \u049b\u044b\u0448\u049b\u044b\u043b\u0434\u0430\u0440\u044b\u043d\u0430 \u0431\u0430\u0439.<\/p>\n<\/li>\n<li data-start=\"2588\" data-end=\"2676\">\n<p data-start=\"2590\" data-end=\"2676\"><strong data-start=\"2590\" data-end=\"2623\">\u0410\u043b\u043e\u044d \u0432\u0435\u0440\u0430 \u0436\u04d9\u043d\u0435 \u0420\u043e\u043c\u0430\u0448\u043a\u0430 \u044d\u043a\u0441\u0442\u0440\u0430\u043a\u0442\u044b<\/strong> \u2013 \u0431\u0430\u0441 \u0442\u0435\u0440\u0456\u0441\u0456\u043d \u0442\u044b\u043d\u044b\u0448\u0442\u0430\u043d\u0434\u044b\u0440\u0430\u0434\u044b \u0436\u04d9\u043d\u0435 \u049b\u044b\u0448\u044b\u043d\u0443 \u043c\u0435\u043d \u049b\u04b1\u0440\u0493\u0430\u049b\u0442\u044b\u049b\u0442\u044b \u0430\u0437\u0430\u0439\u0442\u0430\u0434\u044b.<\/p>\n<\/li>\n<li data-start=\"2677\" data-end=\"2770\">\n<p data-start=\"2679\" data-end=\"2770\"><strong data-start=\"2679\" data-end=\"2695\">\u0428\u0430\u04a3\u044b\u0440\u0430\u0443 \u0430\u0493\u0430\u0448\u044b \u043c\u0430\u0439\u044b<\/strong> \u2013 \u0430\u043d\u0442\u0438\u043c\u0438\u043a\u0440\u043e\u0431\u0442\u044b \u043f\u0430\u0439\u0434\u0430\u0441\u044b \u0442\u044b\u0441\u049b\u0430\u0443\u0434\u044b \u0430\u0437\u0430\u0439\u0442\u0443\u0493\u0430 \u0436\u04d9\u043d\u0435 \u0448\u0430\u0448 \u0444\u043e\u043b\u043b\u0438\u043a\u0443\u043b\u0430\u043b\u0430\u0440\u044b\u043d \u0442\u0430\u0437\u0430\u0440\u0442\u0443\u0493\u0430 \u043a\u04e9\u043c\u0435\u043a\u0442\u0435\u0441\u0435\u0434\u0456.<\/p>\n<\/li>\n<li data-start=\"2771\" data-end=\"2854\">\n<p data-start=\"2773\" data-end=\"2854\"><strong data-start=\"2773\" data-end=\"2809\">\u0418\u043a\u0440\u0430 \u044d\u043a\u0441\u0442\u0440\u0430\u043a\u0442\u044b \u0436\u04d9\u043d\u0435 \u0422\u0435\u04a3\u0456\u0437 \u043a\u043e\u043b\u043b\u0430\u0433\u0435\u043d\u0456<\/strong> \u2013 \u0441\u0435\u0440\u043f\u0456\u043c\u0434\u0456\u043b\u0456\u043a, \u043d\u04d9\u0440\u043b\u0435\u043d\u0434\u0456\u0440\u0443 \u0436\u04d9\u043d\u0435 \u043a\u04af\u0448 \u049b\u043e\u0441\u0430\u0434\u044b.<\/p>\n<\/li>\n<\/ul>\n<h3 data-start=\"2861\" data-end=\"2879\"> \u049a\u0430\u043b\u0430\u0439 \u043f\u0430\u0439\u0434\u0430\u043b\u0430\u043d\u0443 \u043a\u0435\u0440\u0435\u043a:<\/h3>\n<ol data-start=\"2881\" data-end=\"3113\">\n<li data-start=\"2881\" data-end=\"2932\">\n<p data-start=\"2884\" data-end=\"2932\">\u049a\u044b\u043b\u0442\u0430\u043c\u044b\u0440 \u043c\u0435\u043d \u0448\u0430\u0448\u049b\u0430 \u0436\u0435\u0442\u043a\u0456\u043b\u0456\u043a\u0442\u0456 \u043c\u04e9\u043b\u0448\u0435\u0440\u0456\u043d \u0436\u0430\u0493\u044b\u04a3\u044b\u0437.<\/p>\n<\/li>\n<li data-start=\"2933\" data-end=\"2977\">\n<p data-start=\"2936\" data-end=\"2977\">\u0411\u0430\u0439 \u043a\u04e9\u043f\u0456\u0440\u0448\u0456\u043a \u0442\u04af\u0437\u0443 \u04af\u0448\u0456\u043d \u0436\u04b1\u043c\u0441\u0430\u049b \u043c\u0430\u0441\u0441\u0430\u0436 \u0436\u0430\u0441\u0430\u04a3\u044b\u0437.<\/p>\n<\/li>\n<li data-start=\"2978\" data-end=\"3038\">\n<p data-start=\"2981\" data-end=\"3038\">\u049a\u043e\u0440\u0435\u043a\u0442\u0456\u043a \u0437\u0430\u0442\u0442\u0430\u0440\u0434\u044b\u04a3 \u0441\u0456\u04a3\u0443\u0456\u043d\u0435 5\u201310 \u043c\u0438\u043d\u0443\u0442 \u049b\u0430\u043b\u0434\u044b\u0440\u044b\u04a3\u044b\u0437.<\/p>\n<\/li>\n<li data-start=\"3039\" data-end=\"3113\">\n<p data-start=\"3042\" data-end=\"3113\">\u0416\u044b\u043b\u044b \u0441\u0443\u043c\u0435\u043d \u043c\u04b1\u049b\u0438\u044f\u0442 \u0448\u0430\u0439\u044b\u04a3\u044b\u0437.<br data-start=\"3079\" data-end=\"3082\" \/>\u0415\u04a3 \u0436\u0430\u049b\u0441\u044b \u043d\u04d9\u0442\u0438\u0436\u0435 \u04af\u0448\u0456\u043d \u04af\u0437\u0434\u0456\u043a\u0441\u0456\u0437 \u043f\u0430\u0439\u0434\u0430\u043b\u0430\u043d\u044b\u04a3\u044b\u0437.<\/p>\n<\/li>\n<\/ol>\n<h3 data-start=\"3120\" data-end=\"3135\"> \u0415\u0441\u043a\u0435\u0440\u0442\u0443:<\/h3>\n<ul data-start=\"3136\" data-end=\"3300\">\n<li data-start=\"3136\" data-end=\"3162\">\n<p data-start=\"3138\" data-end=\"3162\">\u0422\u0435\u043a \u0441\u044b\u0440\u0442\u049b\u044b \u049b\u043e\u043b\u0434\u0430\u043d\u0443\u0493\u0430 \u0430\u0440\u043d\u0430\u043b\u0493\u0430\u043d.<\/p>\n<\/li>\n<li data-start=\"3163\" data-end=\"3235\">\n<p data-start=\"3165\" data-end=\"3235\">\u041a\u04e9\u0437\u0433\u0435 \u0442\u0438\u044e\u0434\u0435\u043d \u0441\u0430\u049b\u0442\u0430\u043d\u044b\u04a3\u044b\u0437. \u0415\u0433\u0435\u0440 \u0442\u0438\u0441\u0435, \u0431\u0456\u0440\u0434\u0435\u043d \u0441\u0443\u043c\u0435\u043d \u0448\u0430\u0439\u044b\u04a3\u044b\u0437.<\/p>\n<\/li>\n<li data-start=\"3236\" data-end=\"3270\">\n<p data-start=\"3238\" data-end=\"3270\">\u0411\u0430\u043b\u0430\u043b\u0430\u0440\u0434\u044b\u04a3 \u049b\u043e\u043b\u044b\u043d\u0430\u043d \u0442\u044b\u0441 \u04b1\u0441\u0442\u0430\u04a3\u044b\u0437.<\/p>\n<\/li>\n<li data-start=\"3271\" data-end=\"3300\">\n<p data-start=\"3273\" data-end=\"3300\">\u0421\u0443\u044b\u049b, \u049b\u04b1\u0440\u0493\u0430\u049b \u0436\u0435\u0440\u0434\u0435 \u0441\u0430\u049b\u0442\u0430\u04a3\u044b\u0437.<\/p>\n<\/li>\n<\/ul>\n<h3 data-start=\"3628\" data-end=\"3673\"> \u041d\u0435\u0433\u0435 Orgakera \u049b\u0430\u0440\u0430 \u0437\u0435\u0440\u0435 \u0448\u0430\u043c\u043f\u0443\u043d\u044c\u0456\u043d \u0442\u0430\u04a3\u0434\u0430\u0443 \u043a\u0435\u0440\u0435\u043a?<\/h3>\n<ul data-start=\"3675\" data-end=\"3930\">\n<li data-start=\"3675\" data-end=\"3751\">\n<p data-start=\"3677\" data-end=\"3751\"><strong data-start=\"3677\" data-end=\"3696\">\u0411\u0430\u0440\u043b\u044b\u049b \u0431\u0456\u0440 \u043a\u04af\u0442\u0456\u043c<\/strong>: \u0448\u0430\u0448 \u0442\u04af\u0441\u0443\u0456, \u049b\u04b1\u0440\u0493\u0430\u049b\u0442\u044b\u049b, \u0442\u044b\u0441\u049b\u0430\u0443 \u0436\u04d9\u043d\u0435 \u0456\u0441\u043a\u0435\u043d\u0434\u0456\u043a\u043f\u0435\u043d \u043a\u04af\u0440\u0435\u0441\u0435\u0434\u0456.<\/p>\n<\/li>\n<li data-start=\"3752\" data-end=\"3841\">\n<p data-start=\"3754\" data-end=\"3841\"><strong data-start=\"3754\" data-end=\"3787\">\u0416\u04b1\u043c\u0441\u0430\u049b, \u0445\u0438\u043c\u0438\u044f\u043b\u044b\u049b \u0437\u0430\u0442\u0441\u044b\u0437 \u0444\u043e\u0440\u043c\u0443\u043b\u0430<\/strong>: \u043f\u0430\u0440\u0430\u0431\u0435\u043d\u0434\u0435\u0440 \u043d\u0435\u043c\u0435\u0441\u0435 \u0441\u0443\u043b\u044c\u0444\u0430\u0442\u0442\u0430\u0440 \u0436\u043e\u049b \u2013 \u0431\u0430\u0440\u043b\u044b\u049b \u0448\u0430\u0448 \u0442\u04af\u0440\u043b\u0435\u0440\u0456\u043d\u0435 \u049b\u0430\u0443\u0456\u043f\u0441\u0456\u0437.<\/p>\n<\/li>\n<li data-start=\"3842\" data-end=\"3930\">\n<p data-start=\"3844\" data-end=\"3930\"><strong data-start=\"3844\" data-end=\"3868\">\u0416\u044b\u043b\u0434\u0430\u043c \u043a\u04e9\u0440\u0456\u043d\u0435\u0442\u0456\u043d \u043d\u04d9\u0442\u0438\u0436\u0435\u043b\u0435\u0440<\/strong>: \u0431\u0456\u0440\u043d\u0435\u0448\u0435 \u043f\u0430\u0439\u0434\u0430\u043b\u0430\u043d\u0443\u0434\u0430\u043d \u043a\u0435\u0439\u0456\u043d \u043a\u04af\u0448\u0442\u0456\u0440\u0435\u043a, \u0436\u0430\u0440\u049b\u044b\u0440\u0430\u0493\u0430\u043d \u0436\u04d9\u043d\u0435 \u0441\u0430\u0443 \u0448\u0430\u0448.<\/p>\n<\/li>\n<\/ul>\n<h2 data-start=\"3937\" data-end=\"3971\"> \u0428\u0430\u0448\u044b\u04a3\u044b\u0437\u0493\u0430 \u0435\u04a3 \u0436\u0430\u049b\u0441\u044b\u0441\u044b\u043d \u0431\u0435\u0440\u0456\u04a3\u0456\u0437!<\/h2>\n<p data-start=\"3973\" data-end=\"4151\"><strong data-start=\"3973\" data-end=\"4012\">Orgakera \u049b\u0430\u0440\u0430 \u0437\u0435\u0440\u0435 \u0448\u0430\u043c\u043f\u0443\u043d\u044c\u0456\u043d \u049b\u0430\u0437\u0456\u0440 \u0441\u0430\u0442\u044b\u043f \u0430\u043b\u044b\u04a3\u044b\u0437<\/strong> \u0436\u04d9\u043d\u0435 \u0448\u0430\u0448\u044b\u04a3\u044b\u0437\u0493\u0430 \u043b\u0430\u0439\u044b\u049b \u0442\u0430\u0431\u0438\u0493\u0438 \u043d\u04d9\u0440 \u0431\u0435\u0440\u0443\u0433\u0435 \u043c\u04af\u043c\u043a\u0456\u043d\u0434\u0456\u043a \u0431\u0435\u0440\u0456\u04a3\u0456\u0437. <strong data-start=\"4076\" data-end=\"4111\">\u043a\u04af\u0448\u0442\u0456, \u0436\u0430\u0440\u049b\u044b\u0440\u0430\u0493\u0430\u043d \u0436\u04d9\u043d\u0435 \u0441\u0430\u0443 \u0448\u0430\u0448\u0442\u044b<\/strong> \u0430\u0448\u044b\u04a3\u044b\u0437 \u2013 \u04d9\u0440 \u043a\u04af\u043d \u0441\u04b1\u043b\u0443 \u0448\u0430\u0448\u043f\u0435\u043d \u0431\u0430\u0441\u0442\u0430\u043b\u0430\u0434\u044b!<\/p>\n<p style=\"text-align: center;\"> <em data-start=\"415\" data-end=\"431\"><a href=\"https:\/\/bazaar.express\/kk\/\">Bazaar Express<\/a><\/em> \u0434\u04af\u043a\u0435\u043d\u0456\u043d\u0435\u043d \u0448\u043e\u043f\u043f\u0438\u043d\u0433 \u0436\u0430\u0441\u0430\u0434\u0131\u011f\u0131n\u0131z \u04af\u0448\u0456\u043d \u0440\u0430\u049b\u043c\u0435\u0442 \u2013 \u0441\u0456\u0437\u0434\u0456 \u043a\u04e9\u0440\u0433\u0435\u043d\u0456\u043c\u0456\u0437\u0433\u0435 \u049b\u0443\u0430\u043d\u044b\u0448\u0442\u044b\u043c\u044b\u0437!<\/p>\n<p style=\"text-align: center;\">\u04e8\u0437\u0456\u04a3\u0456\u0437\u0433\u0435 \u043a\u04af\u0442\u0456\u043c \u0436\u0430\u0441\u0430\u0443\u0434\u044b\u04a3 \u0436\u0430\u049b\u0441\u044b \u0436\u043e\u043b\u044b \u043e\u0441\u044b\u043d\u0434\u0430 \u0431\u0430\u0441\u0442\u0430\u043b\u0430\u0434\u044b \u2014 \u0441\u0435\u043d\u0456\u043c\u0434\u0456 <a href=\"https:\/\/bazaar.express\/product-category\/beauty-care\/\">Beauty &#038; Care<\/a>.<\/p>\n","protected":false},"excerpt":{"rendered":"<h3 data-start=\"415\" data-end=\"669\">Orgakera \u049b\u0430\u0440\u0430 \u0437\u0435\u0440\u0435 \u0448\u0430\u043c\u043f\u0443\u043d\u0456 \u049b\u0430\u0440\u0430 \u0437\u0435\u0440\u0435 \u043c\u0430\u0439\u044b\u043d, \u0415 \u0432\u0438\u0442\u0430\u043c\u0438\u043d\u0456\u043d \u0436\u04d9\u043d\u0435 \u0442\u0430\u0431\u0438\u0493\u0438 \u044d\u043a\u0441\u0442\u0440\u0430\u043a\u0442\u0442\u0430\u0440\u0434\u044b \u0431\u0456\u0440\u0456\u043a\u0442\u0456\u0440\u0456\u043f, \u0431\u0430\u0441 \u0442\u0435\u0440\u0456\u0441\u0456\u043d \u043d\u04d9\u0440\u043b\u0435\u0439\u0434\u0456, \u0448\u0430\u0448 \u0442\u04af\u0431\u0456\u0440\u043b\u0435\u0440\u0456\u043d \u043a\u04af\u0448\u0435\u0439\u0442\u0435\u0434\u0456 \u0436\u04d9\u043d\u0435 \u0442\u044b\u0441\u049b\u0430\u0443\u0434\u044b \u0436\u043e\u044f\u0434\u044b. \u0411\u04b1\u043b \u0441\u0443\u043b\u0430\u043d\u0434\u044b\u0440\u0430\u0442\u044b\u043d \u0444\u043e\u0440\u043c\u0443\u043b\u0430 \u0441\u0430\u0443 \u0448\u0430\u0448 \u04e9\u0441\u0443\u0456\u043d \u044b\u043d\u0442\u0430\u043b\u0430\u043d\u0434\u044b\u0440\u0430\u0434\u044b \u0436\u04d9\u043d\u0435 \u0436\u044b\u043b\u0442\u044b\u0440\u043b\u044b\u049b \u049b\u043e\u0441\u0430\u0434\u044b, \u0431\u0430\u0440\u043b\u044b\u049b \u0448\u0430\u0448 \u0442\u04af\u0440\u043b\u0435\u0440\u0456\u043d\u0435 \u0442\u0430\u043c\u0430\u0448\u0430.<\/h3>\n","protected":false},"featured_media":41618,"comment_status":"open","ping_status":"closed","template":"","meta":[],"product_brand":[],"product_cat":[1176,1183],"product_tag":[1359,1358],"class_list":{"0":"post-41616","1":"product","2":"type-product","3":"status-publish","4":"has-post-thumbnail","6":"product_cat-1176","7":"product_cat-1183","8":"product_tag-1359","9":"product_tag-1358","10":"pa_l-xl-350ml","12":"first","13":"instock","14":"shipping-taxable","15":"purchasable","16":"product-type-simple"},"_links":{"self":[{"href":"https:\/\/bazaar.express\/kk\/wp-json\/wp\/v2\/product\/41616","targetHints":{"allow":["GET"]}}],"collection":[{"href":"https:\/\/bazaar.express\/kk\/wp-json\/wp\/v2\/product"}],"about":[{"href":"https:\/\/bazaar.express\/kk\/wp-json\/wp\/v2\/types\/product"}],"replies":[{"embeddable":true,"href":"https:\/\/bazaar.express\/kk\/wp-json\/wp\/v2\/comments?post=41616"}],"wp:featuredmedia":[{"embeddable":true,"href":"https:\/\/bazaar.express\/kk\/wp-json\/wp\/v2\/media\/41618"}],"wp:attachment":[{"href":"https:\/\/bazaar.express\/kk\/wp-json\/wp\/v2\/media?parent=41616"}],"wp:term":[{"taxonomy":"product_brand","embeddable":true,"href":"https:\/\/bazaar.express\/kk\/wp-json\/wp\/v2\/product_brand?post=41616"},{"taxonomy":"product_cat","embeddable":true,"href":"https:\/\/bazaar.express\/kk\/wp-json\/wp\/v2\/product_cat?post=41616"},{"taxonomy":"product_tag","embeddable":true,"href":"https:\/\/bazaar.express\/kk\/wp-json\/wp\/v2\/product_tag?post=41616"}],"curies":[{"name":"wp","href":"https:\/\/api.w.org\/{rel}","templated":true}]}}