{"id":41693,"date":"2024-12-28T02:30:51","date_gmt":"2024-12-28T02:30:51","guid":{"rendered":"https:\/\/bazaar.express\/product\/flower-bouquet-3\/"},"modified":"2026-03-01T20:42:15","modified_gmt":"2026-03-01T20:42:15","slug":"flower-bouquet-3","status":"publish","type":"product","link":"https:\/\/bazaar.express\/kk\/product\/flower-bouquet-3\/","title":{"rendered":"\u0413\u04af\u043b \u0431\u04b1\u043b\u0434\u044b\u0440\u0448\u044b\u043d\u044b"},"content":{"rendered":"<h2><strong>\u0413\u04af\u043b \u0431\u04b1\u043b\u0434\u044b\u0440\u0448\u044b\u043d\u044b \u2013 \u0421\u04af\u0439\u0456\u0441\u043f\u0435\u043d\u0448\u0456\u043b\u0456\u043a \u043f\u0435\u043d \u043d\u04d9\u0437\u0456\u043a\u0442\u0456\u043a\u0442\u0456 \u0431\u0456\u043b\u0434\u0456\u0440\u0435\u0442\u0456\u043d \u049b\u044b\u0437\u044b\u043b \u0436\u04d9\u043d\u0435 \u0430\u049b \u0441\u04d9\u043d<\/strong><\/h2>\n<h3><strong>\u0421\u04e9\u0437\u0434\u0435\u043d \u0430\u0440\u0442\u044b\u049b \u0441\u04e9\u0439\u043b\u0435\u0439\u0442\u0456\u043d \u04d9\u0434\u0435\u043c\u0456 \u043d\u0438\u0435\u0442<\/strong><\/h3>\n<p>\u0411\u0456\u0437\u0434\u0456\u04a3 \u049b\u044b\u0437\u044b\u043b \u0436\u04d9\u043d\u0435 \u0430\u049b \u0433\u04af\u043b\u0434\u0435\u0440\u0434\u0456\u04a3 <strong>\u0413\u04af\u043b \u0431\u04b1\u043b\u0434\u044b\u0440\u0448\u044b\u043d\u044b<\/strong> \u0430\u0440\u049b\u044b\u043b\u044b \u0441\u04af\u0439\u0456\u0441\u043f\u0435\u043d\u0448\u0456\u043b\u0456\u043a, \u0442\u0430\u0437\u0430\u043b\u044b\u049b \u0436\u04d9\u043d\u0435 \u043c\u0435\u0440\u0435\u043a\u0435 \u043c\u04d9\u043d\u0456\u043d \u04b1\u0441\u0442\u0430\u043d\u044b\u04a3\u044b\u0437. \u0410\u0440\u043d\u0430\u0439\u044b \u0430\u0434\u0430\u043c\u0493\u0430 \u0436\u04af\u0440\u0435\u043a\u0442\u0435\u043d \u0448\u044b\u049b\u049b\u0430\u043d \u0445\u0430\u0431\u0430\u0440 \u0436\u0456\u0431\u0435\u0440\u0443 \u043d\u0435\u043c\u0435\u0441\u0435 \u043c\u0430\u04a3\u044b\u0437\u0434\u044b \u0456\u0441-\u0448\u0430\u0440\u0430\u043d\u044b \u0431\u0435\u0437\u0435\u043d\u0434\u0456\u0440\u0443 \u04af\u0448\u0456\u043d \u0431\u04b1\u043b \u0431\u04b1\u043b\u0434\u044b\u0440\u0448\u044b\u043d \u0436\u0430\u043d\u049b\u0438\u044f\u0440\u043b\u044b\u049b \u043f\u0435\u043d \u043d\u04d9\u0437\u0456\u043a\u0442\u0456\u043a\u0442\u0456\u04a3 \u0442\u0430\u043c\u0430\u0448\u0430 \u0441\u0438\u043c\u0432\u043e\u043b\u044b. \u0421\u0430\u0440\u0430\u043f\u0448\u044b \u0433\u04af\u043b\u0448\u0456\u043b\u0430\u0440\u0434\u044b\u04a3 \u043e\u0439\u043b\u0430\u0441\u0442\u044b\u0440\u044b\u043b\u0493\u0430\u043d \u0440\u0435\u0442\u0442\u0435\u043b\u0443\u0456\u043c\u0435\u043d \u0442\u0435\u0440\u0435\u04a3 \u049b\u044b\u0437\u044b\u043b \u0436\u04d9\u043d\u0435 \u0436\u04b1\u043c\u0441\u0430\u049b \u0430\u049b \u0442\u04af\u0441\u0442\u0435\u0440 \u0441\u04b1\u043b\u0443\u043b\u044b\u049b \u043f\u0435\u043d \u044d\u043c\u043e\u0446\u0438\u044f\u043d\u044b\u04a3 \u04b1\u043c\u044b\u0442\u044b\u043b\u043c\u0430\u0441 \u043a\u04e9\u0440\u0456\u043d\u0456\u0441\u0456\u043d \u0436\u0430\u0441\u0430\u0439\u0434\u044b.<\/p>\n<p>\u04d8\u0440 \u0431\u04b1\u043b\u0434\u044b\u0440\u0448\u044b\u043d \u2013 \u0436\u044b\u043b\u0434\u044b\u049b\u0442\u0430\u0440\u0493\u0430, \u0442\u0443\u0493\u0430\u043d \u043a\u04af\u043d\u0434\u0435\u0440\u0433\u0435, \u0412\u0430\u043b\u0435\u043d\u0442\u0438\u043d \u043a\u04af\u043d\u0456\u043d\u0435, \u04af\u0439\u043b\u0435\u043d\u0443 \u0442\u043e\u0439\u043b\u0430\u0440\u044b\u043d\u0430 \u043d\u0435\u043c\u0435\u0441\u0435 \u0436\u0430\u0439 \u0493\u0430\u043d\u0430 \u0431\u0456\u0440\u0435\u0443\u0434\u0456\u04a3 \u043a\u04af\u043d\u0456\u043d \u0436\u0430\u0440\u049b\u044b\u043d \u0435\u0442\u0443\u0433\u0435 \u049b\u043e\u043b\u0430\u0439\u043b\u044b \u0435\u0440\u0435\u043a\u0448\u0435 \u043c\u04d9\u043b\u0456\u043c\u0434\u0435\u043c\u0435. \u0421\u04e9\u0437\u0434\u0435\u0440 \u0436\u0435\u0442\u043f\u0435\u0433\u0435\u043d\u0434\u0435, \u049b\u044b\u0437\u044b\u043b \u0436\u04d9\u043d\u0435 \u0430\u049b \u0433\u04af\u043b\u0434\u0435\u0440\u0434\u0456\u04a3 \u0441\u04d9\u043d\u0456 \u0441\u04e9\u0439\u043b\u0435\u0441\u0456\u043d.<\/p>\n<h3><strong> \u0422\u0430\u043c\u0430\u0448\u0430 \u0431\u04b1\u043b\u0434\u044b\u0440\u0448\u044b\u043d \u04e9\u043b\u0448\u0435\u043c\u0456\u043d \u0442\u0430\u04a3\u0434\u0430\u04a3\u044b\u0437<\/strong><\/h3>\n<p>\u04ae\u0437\u0434\u0456\u043a\u0441\u0456\u0437 \u043d\u0438\u0435\u0442 \u0436\u0430\u0441\u0430\u043f \u0436\u0430\u0442\u0441\u0430\u04a3\u044b\u0437 \u043d\u0435\u043c\u0435\u0441\u0435 \u04af\u043b\u043a\u0435\u043d \u043c\u04d9\u043b\u0456\u043c\u0434\u0435\u043c\u0435 \u0436\u0430\u0441\u0430\u043f \u0436\u0430\u0442\u0441\u0430\u04a3\u044b\u0437, \u04d9\u0440 \u043c\u0435\u0440\u0435\u043a\u0435\u0433\u0435 \u0441\u0430\u0439 \u04af\u0448 \u0431\u04b1\u043b\u0434\u044b\u0440\u0448\u044b\u043d \u04e9\u043b\u0448\u0435\u043c\u0456\u043d \u04b1\u0441\u044b\u043d\u0430\u043c\u044b\u0437:<\/p>\n<ul>\n<li><strong>21 \u0441\u0430\u0431\u0430\u049b<\/strong> \u2013 \u0441\u04af\u0439\u0456\u0441\u043f\u0435\u043d\u0448\u0456\u043b\u0456\u0433\u0456\u04a3\u0456\u0437\u0434\u0456 \u0431\u0456\u043b\u0434\u0456\u0440\u0443\u0434\u0456\u04a3 \u049b\u0430\u0440\u0430\u043f\u0430\u0439\u044b\u043c \u0436\u04d9\u043d\u0435 \u0441\u04d9\u043d\u0434\u0456 \u0436\u043e\u043b\u044b.<\/li>\n<li><strong>31 \u0441\u0430\u0431\u0430\u049b<\/strong> \u2013 \u0441\u044b\u0439\u044b\u043d\u0443 \u043c\u0435\u043d \u043a\u04e9\u043b\u0435\u043c \u0430\u0440\u0430\u0441\u044b\u043d\u0434\u0430\u0493\u044b \u0442\u0430\u043c\u0430\u0448\u0430 \u0442\u0435\u043f\u0435-\u0442\u0435\u04a3\u0434\u0456\u043a\u0442\u0456 \u04b1\u0441\u0442\u0430\u043d\u0430\u0442\u044b\u043d \u043c\u043e\u043b \u0431\u04b1\u043b\u0434\u044b\u0440\u0448\u044b\u043d.<\/li>\n<li><strong>51 \u0441\u0430\u0431\u0430\u049b<\/strong> \u2013 \u04b1\u043c\u044b\u0442\u044b\u043b\u043c\u0430\u0441 \u043c\u0435\u0440\u0435\u043a\u0435\u043b\u0435\u0440 \u043c\u0435\u043d \u0441\u04af\u0439\u0456\u0441\u043f\u0435\u043d\u0448\u0456\u043b\u0456\u043a\u0442\u0456\u04a3 \u0431\u0430\u0442\u044b\u043b \u043c\u04d9\u043b\u0456\u043c\u0434\u0435\u043c\u0435\u043b\u0435\u0440\u0456\u043d\u0435 \u0430\u0440\u043d\u0430\u043b\u0493\u0430\u043d \u0441\u04d9\u043d\u0434\u0456 \u0433\u04af\u043b \u049b\u04b1\u0440\u0430\u0441\u0442\u044b\u0440\u043c\u0430\u0441\u044b.<\/li>\n<\/ul>\n<h3><strong> \u041a\u0435\u0437 \u043a\u0435\u043b\u0433\u0435\u043d \u043c\u0435\u0440\u0435\u043a\u0435\u0433\u0435 \u049b\u043e\u043b\u0430\u0439\u043b\u044b<\/strong><\/h3>\n<p>\u0411\u04b1\u043b <strong>\u0413\u04af\u043b \u0431\u04b1\u043b\u0434\u044b\u0440\u0448\u044b\u043d\u044b<\/strong> \u043a\u0435\u043b\u0435\u0441\u0456 \u04af\u0448\u0456\u043d \u0441\u043e\u04a3\u0493\u044b \u0442\u0430\u04a3\u0434\u0430\u0443:<\/p>\n<ul>\n<li><strong>\u0420\u043e\u043c\u0430\u043d\u0442\u0438\u043a\u0430\u043b\u044b\u049b \u043d\u0438\u0435\u0442\u0442\u0435\u0440<\/strong> \u0436\u04d9\u043d\u0435 \u0436\u044b\u043b\u0434\u044b\u049b\u0442\u0430\u0440<\/li>\n<li><strong>\u04ae\u0439\u043b\u0435\u043d\u0443 \u0442\u043e\u0439\u043b\u0430\u0440\u044b<\/strong> \u0436\u04d9\u043d\u0435 \u049b\u043e\u0441\u044b\u043b\u0443\u043b\u0430\u0440<\/li>\n<li><strong>\u0422\u0443\u0493\u0430\u043d \u043a\u04af\u043d\u0434\u0435\u0440<\/strong>, \u049b\u04b1\u0442\u0442\u044b\u049b\u0442\u0430\u0443\u043b\u0430\u0440 \u043d\u0435\u043c\u0435\u0441\u0435 \u00ab\u0436\u0430\u0439 \u0493\u0430\u043d\u0430\u00bb \u0441\u044e\u0440\u043f\u0440\u0438\u0437\u0434\u0435\u0440\u0456<\/li>\n<li><strong>\u0412\u0430\u043b\u0435\u043d\u0442\u0438\u043d \u043a\u04af\u043d\u0456<\/strong> \u043d\u0435\u043c\u0435\u0441\u0435 \u043e\u0442\u0431\u0430\u0441\u044b \u043c\u0435\u043d \u0434\u043e\u0441\u0442\u0430\u0440\u0493\u0430 \u0436\u04af\u0440\u0435\u043a\u0442\u0435\u043d \u0448\u044b\u049b\u049b\u0430\u043d \u0441\u044b\u0439\u043b\u044b\u049b\u0442\u0430\u0440<\/li>\n<\/ul>\n<p>\u041e\u043d\u044b\u04a3 \u0443\u0430\u049b\u044b\u0442\u0442\u0430\u043d \u0442\u044b\u0441 \u0442\u04af\u0441 \u04af\u0439\u043b\u0435\u0441\u0456\u043c\u0456 \u049b\u0443\u0430\u043d\u044b\u0448\u0442\u044b \u043c\u0435\u0440\u0435\u043a\u0435\u043b\u0435\u0440\u0433\u0435 \u0434\u0435, \u0442\u0435\u0440\u0435\u04a3 \u044d\u043c\u043e\u0446\u0438\u043e\u043d\u0430\u043b\u0434\u044b \u0441\u04d9\u0442\u0442\u0435\u0440\u0433\u0435 \u0434\u0435 \u0441\u0430\u0439 \u043a\u0435\u043b\u0435\u0434\u0456, \u043e\u043d\u044b \u04d9\u043c\u0431\u0435\u0431\u0430\u043f \u0436\u04d9\u043d\u0435 \u043a\u04af\u0448\u0442\u0456 \u0441\u044b\u0439\u043b\u044b\u049b \u0435\u0442\u0435\u0434\u0456.<\/p>\n<h3><strong> \u0416\u0430\u04a3\u0430\u043b\u044b\u049b\u0442\u044b \u0441\u0430\u049b\u0442\u0430\u0443 \u0436\u04d9\u043d\u0435 \u043a\u04af\u0442\u0456\u043c \u043a\u0435\u04a3\u0435\u0441\u0442\u0435\u0440\u0456<\/strong><\/h3>\n<p>\u0411\u04b1\u043b\u0434\u044b\u0440\u0448\u044b\u043d\u044b\u04a3\u044b\u0437\u0434\u044b 5-\u0442\u0435\u043d 7 \u043a\u04af\u043d\u0433\u0435 \u0434\u0435\u0439\u0456\u043d \u043b\u04d9\u0437\u0437\u0430\u0442 \u0430\u043b\u0443 \u04af\u0448\u0456\u043d \u043e\u0441\u044b \u049b\u0430\u0440\u0430\u043f\u0430\u0439\u044b\u043c \u049b\u0430\u0434\u0430\u043c\u0434\u0430\u0440\u0434\u044b \u043e\u0440\u044b\u043d\u0434\u0430\u04a3\u044b\u0437:<\/p>\n<ul>\n<li><strong>\u041a\u04af\u043d\u0434\u0435\u043b\u0456\u043a\u0442\u0456 \u0441\u0443\u0430\u0440\u0443<\/strong> \u2013 \u04d9\u0440 \u043a\u04af\u043d vase-\u043a\u0435 \u0436\u0430\u04a3\u0430 \u0441\u0443 \u049b\u043e\u0441\u044b\u04a3\u044b\u0437.<\/li>\n<li><strong>\u04d8\u0440 2\u20133 \u043a\u04af\u043d \u0441\u0430\u0439\u044b\u043d \u0441\u0443\u0434\u044b \u0430\u0443\u044b\u0441\u0442\u044b\u0440\u044b\u04a3\u044b\u0437<\/strong> \u2013 \u0436\u0430\u04a3\u0430\u043b\u044b\u049b\u0442\u044b \u04b1\u0437\u0430\u0440\u0442\u0443\u0493\u0430 \u0436\u04d9\u043d\u0435 \u0431\u0430\u043a\u0442\u0435\u0440\u0438\u044f\u043b\u0430\u0440\u0434\u044b\u04a3 \u0430\u043b\u0434\u044b\u043d \u0430\u043b\u0443\u0493\u0430 \u043a\u04e9\u043c\u0435\u043a\u0442\u0435\u0441\u0435\u0434\u0456.<\/li>\n<li><strong>\u0416\u044b\u043b\u0443 \u043c\u0435\u043d \u043a\u04af\u043d \u0441\u04d9\u0443\u043b\u0435\u0441\u0456\u043d\u0435\u043d \u0430\u043b\u044b\u0441 \u04b1\u0441\u0442\u0430\u04a3\u044b\u0437<\/strong> \u2013 \u0435\u04a3 \u0436\u0430\u049b\u0441\u044b \u043d\u04d9\u0442\u0438\u0436\u0435 \u04af\u0448\u0456\u043d \u0431\u04b1\u043b\u0434\u044b\u0440\u0448\u044b\u043d\u0434\u044b \u0441\u0430\u043b\u049b\u044b\u043d, \u043a\u04e9\u043b\u0435\u04a3\u043a\u0435\u043b\u0456 \u0436\u0435\u0440\u0433\u0435 \u049b\u043e\u0439\u044b\u04a3\u044b\u0437.<\/li>\n<\/ul>\n<h3><strong> \u0411\u0456\u0437\u0434\u0456\u04a3 \u049b\u044b\u0437\u044b\u043b \u0436\u04d9\u043d\u0435 \u0430\u049b \u0413\u04af\u043b \u0431\u04b1\u043b\u0434\u044b\u0440\u0448\u044b\u043d\u044b\u043c\u044b\u0437\u0434\u044b \u043d\u0435\u043b\u0456\u043a \u0442\u0430\u04a3\u0434\u0430\u0443 \u043a\u0435\u0440\u0435\u043a?<\/strong><\/h3>\n<ul>\n<li><strong>\u0416\u043e\u0493\u0430\u0440\u044b \u0441\u0430\u043f\u0430\u043b\u044b \u0433\u04af\u043b\u0434\u0435\u0440<\/strong> \u2013 \u0442\u04d9\u0436\u0456\u0440\u0438\u0431\u0435\u043b\u0456 \u0433\u04af\u043b\u0448\u0456\u043b\u0435\u0440 \u0442\u0430\u0440\u0430\u043f\u044b\u043d\u0430\u043d \u043c\u04b1\u049b\u0438\u044f\u0442 \u0442\u0430\u04a3\u0434\u0430\u043b\u044b\u043f, \u0440\u0435\u0442\u0442\u0435\u043b\u0433\u0435\u043d.<\/li>\n<li><strong>\u0421\u04d9\u043d\u0434\u0456 \u0436\u04d9\u043d\u0435 \u0443\u0430\u049b\u044b\u0442\u0442\u0430\u043d \u0442\u044b\u0441 \u0434\u0438\u0437\u0430\u0439\u043d<\/strong> \u2013 \u049b\u044b\u0437\u044b\u043b \u0436\u0430\u043d\u049b\u0438\u044f\u0440\u043b\u044b\u049b \u04af\u0448\u0456\u043d, \u0430\u049b \u0442\u0430\u0437\u0430\u043b\u044b\u049b \u04af\u0448\u0456\u043d \u2013 \u0431\u04b1\u043b \u0431\u04b1\u043b\u0434\u044b\u0440\u0448\u044b\u043d \u04d9\u04a3\u0433\u0456\u043c\u0435 \u0430\u0439\u0442\u0430\u0434\u044b.<\/li>\n<li><strong>\u04d8\u043c\u0431\u0435\u0431\u0430\u043f \u0436\u04d9\u043d\u0435 \u0435\u0441\u0442\u0435 \u049b\u0430\u043b\u0430\u0440\u043b\u044b\u049b \u0441\u044b\u0439\u043b\u044b\u049b<\/strong> \u2013 \u0440\u043e\u043c\u0430\u043d\u0442\u0438\u043a\u0430\u0434\u0430\u043d \u043c\u0435\u0440\u0435\u043a\u0435\u043b\u0435\u0440\u0433\u0435 \u0434\u0435\u0439\u0456\u043d \u0431\u0430\u0440\u043b\u044b\u049b \u043c\u0435\u0440\u0435\u043a\u0435\u043b\u0435\u0440\u0433\u0435 \u049b\u043e\u043b\u0430\u0439\u043b\u044b.<\/li>\n<li><strong>\u0422\u0435\u0440\u0435\u04a3 \u044d\u043c\u043e\u0446\u0438\u044f\u043b\u0430\u0440\u0434\u044b \u0431\u0456\u043b\u0434\u0456\u0440\u0435\u0434\u0456<\/strong> \u2013 \u0441\u04e9\u0437\u0434\u0435\u0440 \u0436\u0435\u0442\u043f\u0435\u0433\u0435\u043d\u0434\u0435, \u0433\u04af\u043b\u0434\u0435\u0440 \u0441\u0456\u0437\u0434\u0456\u04a3 \u0430\u0442\u044b\u04a3\u044b\u0437\u0434\u0430\u043d \u0441\u04e9\u0439\u043b\u0435\u0441\u0456\u043d.<\/li>\n<li><strong>\u0411\u0430\u043f\u0442\u0430\u043b\u0430\u0442\u044b\u043d \u04e9\u043b\u0448\u0435\u043c\u0434\u0435\u0440<\/strong> \u2013 \u0441\u0456\u0437\u0434\u0456\u04a3 \u049b\u0430\u0436\u0435\u0442\u0442\u0456\u043b\u0456\u043a\u0442\u0435\u0440\u0456\u04a3\u0456\u0437 \u0431\u0435\u043d \u0441\u0435\u0437\u0456\u043c\u0434\u0435\u0440\u0456\u04a3\u0456\u0437\u0433\u0435 \u0431\u0435\u0439\u0456\u043c\u0434\u0435\u043b\u0433\u0435\u043d.<\/li>\n<\/ul>\n<p>\u04d8\u0440 \u0431\u04b1\u043b\u0434\u044b\u0440\u0448\u044b\u043d \u0441\u0456\u0437\u0434\u0456\u04a3 \u0441\u044b\u0439\u043b\u044b\u0493\u044b\u04a3\u044b\u0437 \u0445\u0430\u0431\u0430\u0440\u043b\u0430\u043c\u0430\u04a3\u044b\u0437\u0448\u0430 \u043c\u0430\u04a3\u044b\u0437\u0434\u044b \u0431\u043e\u043b\u0443\u044b \u04af\u0448\u0456\u043d \u043a\u04af\u0442\u0456\u043c \u043c\u0435\u043d \u0436\u0430\u043d\u049b\u0438\u044f\u0440\u043b\u044b\u049b\u043f\u0435\u043d \u0436\u0430\u0441\u0430\u043b\u0493\u0430\u043d.<\/p>\n<h2><strong> \u0416\u0435\u0442\u043a\u0456\u0437\u0443 \u0436\u04d9\u043d\u0435 \u0436\u04e9\u043d\u0435\u043b\u0442\u0443<\/strong><\/h2>\n<ul>\n<li><strong>\ud83d\ude9a \u0425\u0443\u0440\u0433\u0430\u0434\u0430\u0434\u0430 \u0442\u0435\u0433\u0456\u043d \u0436\u0435\u0442\u043a\u0456\u0437\u0443<\/strong><br \/>\n\u0415\u0441\u0456\u0433\u0456\u04a3\u0456\u0437\u0433\u0435 \u0441\u043e\u043b \u043a\u04af\u043d\u0456 \u0436\u0435\u0442\u043a\u0456\u0437\u0443\u0434\u0456 \u043b\u04d9\u0437\u0437\u0430\u0442 \u0430\u043b\u044b\u04a3\u044b\u0437.<\/li>\n<li><strong>\ud83d\udccd \u0421\u043e\u043d\u0434\u0430\u0439-\u0430\u049b \u043a\u0435\u043b\u0435\u0441\u0456 \u0436\u0435\u0440\u043b\u0435\u0440\u0433\u0435 \u0436\u0435\u0442\u043a\u0456\u0437\u0435\u043c\u0456\u0437:<\/strong><br \/>\nSahl Hasheesh, Makadi Bay, El Gouna &#038; Marsa Alam \u2013 \u0433\u04af\u043b\u0434\u0435\u0440\u0456\u04a3\u0456\u0437 \u0436\u0430\u04a3\u0430 \u0436\u04d9\u043d\u0435 \u0436\u044b\u043b\u0434\u0430\u043c \u0436\u0435\u0442\u043a\u0456\u0437\u0456\u043b\u0435\u0442\u0456\u043d\u0456\u043d\u0435 \u043a\u0435\u043f\u0456\u043b\u0434\u0456\u043a.<\/li>\n<li><strong>\ud83d\udcac \u0416\u0430\u0443\u0430\u043f\u0442\u044b \u043a\u043b\u0438\u0435\u043d\u0442\u0442\u0435\u0440 \u049b\u043e\u043b\u0434\u0430\u0443\u044b<\/strong><br \/>\n\u0411\u04b1\u0439\u0440\u044b\u049b\u0442\u0430\u043d \u0436\u0435\u0442\u043a\u0456\u0437\u0443\u0433\u0435 \u0434\u0435\u0439\u0456\u043d \u0431\u0456\u0437\u0434\u0456\u04a3 \u043a\u043e\u043c\u0430\u043d\u0434\u0430 \u04d9\u0440 \u049b\u0430\u0434\u0430\u043c\u0434\u0430 \u0441\u0456\u0437\u0433\u0435 \u043a\u04e9\u043c\u0435\u043a\u0442\u0435\u0441\u0435\u0434\u0456.<\/li>\n<\/ul>\n<h3><strong> \u049a\u043e\u0440\u044b\u0442\u044b\u043d\u0434\u044b \u043e\u0439\u043b\u0430\u0440<\/strong><\/h3>\n<p>\u0411\u0456\u0440\u0435\u0443\u0433\u0435 \u0431\u0456\u0437\u0434\u0456\u04a3 <strong>\u049a\u044b\u0437\u044b\u043b \u0436\u04d9\u043d\u0435 \u0430\u049b \u0413\u04af\u043b \u0431\u04b1\u043b\u0434\u044b\u0440\u0448\u044b\u043d\u044b\u043c\u044b\u0437\u0434\u044b<\/strong> \u0431\u0435\u0440\u0441\u0435\u04a3\u0456\u0437, \u0441\u0456\u0437 \u0442\u0435\u043a \u0433\u04af\u043b \u0436\u0456\u0431\u0435\u0440\u043c\u0435\u0439\u0441\u0456\u0437 \u2013 \u0441\u04af\u0439\u0456\u0441\u043f\u0435\u043d\u0448\u0456\u043b\u0456\u043a, \u043d\u04d9\u0437\u0456\u043a\u0442\u0456\u043a \u0436\u04d9\u043d\u0435 \u043c\u0430\u0493\u044b\u043d\u0430 \u0436\u0456\u0431\u0435\u0440\u0435\u0441\u0456\u0437. \u0411\u04b1\u043b <em>&#8220;\u041c\u0435\u043d \u049b\u0430\u043c\u049b\u043e\u0440 \u0431\u043e\u043b\u0430\u043c\u044b\u043d&#8221;<\/em>, <em>&#8220;\u0421\u0430\u0493\u0430\u043d \u049b\u0430\u0442\u0442\u044b \u049b\u0438\u043d\u0430\u043b\u044b\u043f \u0436\u04af\u0440\u043c\u0456\u043d&#8221;<\/em> \u043d\u0435\u043c\u0435\u0441\u0435 <em>&#8220;\u0421\u0435\u043d \u043c\u0435\u043d\u0456\u04a3 \u04d9\u043b\u0435\u043c\u0456\u043c\u0441\u0456\u04a3.&#8221;<\/em> \u0434\u0435\u0443\u0434\u0456\u04a3 \u0443\u0430\u049b\u044b\u0442\u0442\u0430\u043d \u0442\u044b\u0441 \u0436\u043e\u043b\u044b.<\/p>\n<p><strong>\u0411\u04af\u0433\u0456\u043d \u0442\u0430\u043f\u0441\u044b\u0440\u044b\u0441 \u0431\u0435\u0440\u0456\u04a3\u0456\u0437 \u0436\u04d9\u043d\u0435 \u0433\u04af\u043b\u0434\u0435\u0440\u0434\u0456\u04a3 \u0442\u0430\u0431\u0438\u0493\u0438 \u0441\u04b1\u043b\u0443\u043b\u044b\u0493\u044b\u043c\u0435\u043d \u043a\u04af\u043d\u0434\u0435\u043b\u0456\u043a\u0442\u0456 \u0441\u04d9\u0442\u0442\u0435\u0440\u0434\u0456 \u049b\u044b\u043c\u0431\u0430\u0442 \u0435\u0441\u0442\u0435\u043b\u0456\u043a\u0442\u0435\u0440\u0433\u0435 \u0430\u0439\u043d\u0430\u043b\u0434\u044b\u0440\u044b\u04a3\u044b\u0437.<\/strong><br \/>\n\u0422\u0435\u043a <strong>Bazaar Express<\/strong> \u2013 \u0441\u04d9\u043d \u0433\u04af\u043b\u0434\u0435\u0439\u0442\u0456\u043d \u0436\u0435\u0440\u0434\u0435.<\/p>\n<p>&nbsp;<\/p>\n<p style=\"text-align: center;\" align=\"center\">\u041f\u0430\u0439\u0434\u0430\u043b\u0430\u043d\u044b\u043f <em data-start=\"415\" data-end=\"431\"><a href=\"https:\/\/bazaar.express\/kk\/\">Bazaar Express<\/a><\/em> -\u0442\u0435 \u0448\u043e\u043f\u043f\u0438\u043d\u0433 \u0436\u0430\u0441\u0430\u0434\u0131\u011f\u0131n\u0131z \u04af\u0448\u0456\u043d \u0440\u0430\u049b\u043c\u0435\u0442 \u2013 \u0441\u0456\u0437\u0434\u0456 \u043a\u04e9\u0440\u0433\u0435\u043d\u0456\u043c\u0456\u0437\u0433\u0435 \u049b\u0443\u0430\u043d\u044b\u0448\u0442\u044b\u043c\u044b\u0437!<\/p>\n<p style=\"text-align: center;\" align=\"center\">\u0416\u0430\u043d\u0430\u0440\u0442\u0430\u0443\u043b\u044b\u0434\u0430\u043d \u043d\u04d9\u0437\u0456\u043a\u043a\u0435 \u0434\u0435\u0439\u0456\u043d \u2014 \u0441\u04d9\u043d \u0441\u04e9\u0439\u043b\u0435\u0439\u0442\u0456\u043d <a href=\"https:\/\/bazaar.express\/product-category\/flowers-red-sea-delivery\/\">\u0413\u04af\u043b\u0434\u0435\u0440\u0434\u0456<\/a> \u0430\u0448\u044b\u04a3\u044b\u0437.<\/p>\n","protected":false},"excerpt":{"rendered":"<h3 data-start=\"482\" data-end=\"718\">\u0416\u0430\u04a3\u0430 \u049b\u044b\u0437\u044b\u043b \u0436\u04d9\u043d\u0435 \u0430\u049b \u0433\u04af\u043b\u0434\u0435\u0440\u0434\u0456\u04a3 \u0442\u0430\u043c\u0430\u0448\u0430 \u0431\u04b1\u043b\u0434\u044b\u0440\u0448\u044b\u043d\u044b \u2014 \u0441\u04af\u0439\u0456\u0441\u043f\u0435\u043d\u0448\u0456\u043b\u0456\u043a \u043f\u0435\u043d \u0442\u0430\u0437\u0430\u043b\u044b\u049b\u0442\u044b \u0431\u0435\u0439\u043d\u0435\u043b\u0435\u0439\u0434\u0456. \u0416\u044b\u043b\u0434\u044b\u049b\u0442\u0430\u0440\u0493\u0430, \u0442\u0443\u0493\u0430\u043d \u043a\u04af\u043d\u0434\u0435\u0440\u0433\u0435 \u043d\u0435\u043c\u0435\u0441\u0435 \u0412\u0430\u043b\u0435\u043d\u0442\u0438\u043d \u043a\u04af\u043d\u0456 \u0441\u0438\u044f\u049b\u0442\u044b \u0435\u0440\u0435\u043a\u0448\u0435 \u043c\u0435\u0440\u0435\u043a\u0435\u043b\u0435\u0440\u0433\u0435 \u049b\u043e\u043b\u0430\u0439\u043b\u044b. \u0425\u0443\u0440\u0433\u0430\u0434\u0430 \u0436\u04d9\u043d\u0435 \u0430\u0439\u043d\u0430\u043b\u0430\u0441\u044b\u043d\u0434\u0430\u0493\u044b \u0430\u0439\u043c\u0430\u049b\u0442\u0430\u0440\u0434\u0430 3 \u04e9\u043b\u0448\u0435\u043c\u0434\u0435 \u0441\u043e\u043b \u043a\u04af\u043d\u0456 \u0436\u0435\u0442\u043a\u0456\u0437\u0443.<\/h3>\n","protected":false},"featured_media":41695,"comment_status":"open","ping_status":"closed","template":"","meta":[],"product_brand":[],"product_cat":[1180,1188],"product_tag":[1432],"class_list":{"0":"post-41693","1":"product","2":"type-product","3":"status-publish","4":"has-post-thumbnail","6":"product_cat-1180","7":"product_cat-1188","8":"product_tag-1432","10":"first","11":"instock","12":"shipping-taxable","13":"purchasable","14":"product-type-variable"},"_links":{"self":[{"href":"https:\/\/bazaar.express\/kk\/wp-json\/wp\/v2\/product\/41693","targetHints":{"allow":["GET"]}}],"collection":[{"href":"https:\/\/bazaar.express\/kk\/wp-json\/wp\/v2\/product"}],"about":[{"href":"https:\/\/bazaar.express\/kk\/wp-json\/wp\/v2\/types\/product"}],"replies":[{"embeddable":true,"href":"https:\/\/bazaar.express\/kk\/wp-json\/wp\/v2\/comments?post=41693"}],"wp:featuredmedia":[{"embeddable":true,"href":"https:\/\/bazaar.express\/kk\/wp-json\/wp\/v2\/media\/41695"}],"wp:attachment":[{"href":"https:\/\/bazaar.express\/kk\/wp-json\/wp\/v2\/media?parent=41693"}],"wp:term":[{"taxonomy":"product_brand","embeddable":true,"href":"https:\/\/bazaar.express\/kk\/wp-json\/wp\/v2\/product_brand?post=41693"},{"taxonomy":"product_cat","embeddable":true,"href":"https:\/\/bazaar.express\/kk\/wp-json\/wp\/v2\/product_cat?post=41693"},{"taxonomy":"product_tag","embeddable":true,"href":"https:\/\/bazaar.express\/kk\/wp-json\/wp\/v2\/product_tag?post=41693"}],"curies":[{"name":"wp","href":"https:\/\/api.w.org\/{rel}","templated":true}]}}