{"id":41771,"date":"2024-12-18T14:35:11","date_gmt":"2024-12-18T14:35:11","guid":{"rendered":"https:\/\/bazaar.express\/product\/ostrich-fat-cream\/"},"modified":"2026-03-01T20:40:25","modified_gmt":"2026-03-01T20:40:25","slug":"ostrich-fat-cream","status":"publish","type":"product","link":"https:\/\/bazaar.express\/kk\/product\/ostrich-fat-cream\/","title":{"rendered":"\u0421\u0442\u0440\u0430\u0443\u0441 \u043c\u0430\u0439\u044b \u043a\u0440\u0435\u043c\u0456"},"content":{"rendered":"<h2 data-start=\"135\" data-end=\"203\">\u0421\u0442\u0440\u0430\u0443\u0441 \u043c\u0430\u0439\u044b \u043a\u0440\u0435\u043c\u0456 \u2013 \u0431\u0443\u044b\u043d, \u0441\u04af\u0439\u0435\u043a \u0436\u04d9\u043d\u0435 \u0431\u04b1\u043b\u0448\u044b\u049b\u0435\u0442 \u0430\u0443\u044b\u0440\u0441\u044b\u043d\u0443\u044b\u043d\u0430 \u0442\u0430\u0431\u0438\u0493\u0438 \u043a\u04af\u0448<\/h2>\n<h3 data-start=\"205\" data-end=\"259\">\u0421\u0442\u0440\u0430\u0443\u0441 \u043c\u0430\u0439\u044b \u043a\u0440\u0435\u043c\u0456\u043d\u0456\u04a3 \u0435\u043c\u0434\u0435\u0443 \u043a\u04af\u0448\u0456\u043d \u0430\u0448\u044b\u04a3\u044b\u0437<\/h3>\n<p data-start=\"261\" data-end=\"720\">\u0415\u0433\u0435\u0440 \u0441\u0456\u0437 \u0431\u0443\u044b\u043d, \u0441\u04af\u0439\u0435\u043a \u0436\u04d9\u043d\u0435 \u0431\u04b1\u043b\u0448\u044b\u049b\u0435\u0442 \u0430\u0443\u044b\u0440\u0441\u044b\u043d\u0443\u044b\u043d \u0436\u0435\u04a3\u0456\u043b\u0434\u0435\u0442\u0435\u0442\u0456\u043d \u0442\u0430\u0431\u0438\u0493\u0438 \u0436\u04d9\u043d\u0435 \u0442\u0438\u0456\u043c\u0434\u0456 \u0448\u0435\u0448\u0456\u043c \u0456\u0437\u0434\u0435\u0441\u0435\u04a3\u0456\u0437, Lotus Massage <strong data-start=\"357\" data-end=\"378\">\u0421\u0442\u0440\u0430\u0443\u0441 \u043c\u0430\u0439\u044b \u043a\u0440\u0435\u043c\u0456<\/strong> \u0441\u0456\u0437\u0434\u0456\u04a3 \u0436\u0430\u0443\u0430\u0431\u044b\u04a3\u044b\u0437. \u0411\u04b1\u043b \u0435\u0440\u0435\u043a\u0448\u0435 \u043a\u0440\u0435\u043c \u0441\u0442\u0440\u0430\u0443\u0441 \u043c\u0430\u0439\u044b\u043d\u044b\u04a3 \u0434\u04d9\u043b\u0435\u043b\u0434\u0435\u043d\u0433\u0435\u043d \u043a\u04af\u0448\u0456\u043d \u044d\u0444\u0438\u0440 \u043c\u0430\u0439\u043b\u0430\u0440\u044b\u043c\u0435\u043d \u0431\u0456\u0440\u0456\u043a\u0442\u0456\u0440\u0456\u043f, \u0430\u0443\u044b\u0440\u0441\u044b\u043d\u0443\u0434\u0430\u043d, \u049b\u0430\u0431\u044b\u043d\u0443\u0434\u0430\u043d, \u049b\u0430\u0442\u0430\u049b\u0442\u044b\u049b\u0442\u0430\u043d \u0436\u04d9\u043d\u0435 \u044b\u04a3\u0493\u0430\u0439\u0441\u044b\u0437\u0434\u044b\u049b\u0442\u0430\u043d \u0442\u0435\u0440\u0435\u04a3 \u0436\u0435\u04a3\u0456\u043b\u0434\u0456\u043a \u0431\u0435\u0440\u0435\u0434\u0456. \u0410\u0440\u0442\u0440\u0438\u0442, \u0448\u0435\u0439\u043d\u044b\u0439 \u043e\u043c\u044b\u0440\u0442\u049b\u0430, \u0430\u0443\u044b\u0440 \u0431\u04b1\u043b\u0448\u044b\u049b\u0435\u0442\u0442\u0435\u0440 \u043d\u0435\u043c\u0435\u0441\u0435 \u0436\u0430\u0442\u0442\u044b\u0493\u0443\u0434\u0430\u043d \u043a\u0435\u0439\u0456\u043d\u0433\u0456 \u0448\u0430\u0440\u0448\u0430\u0443\u043c\u0435\u043d \u043a\u04af\u0440\u0435\u0441\u0456\u043f \u0436\u0430\u0442\u0441\u0430\u04a3\u044b\u0437, \u0431\u04b1\u043b \u043a\u0440\u0435\u043c \u0436\u044b\u043b\u0434\u0430\u043c \u0436\u0430\u0439\u043b\u044b\u043b\u044b\u049b \u0436\u04d9\u043d\u0435 \u0442\u04b1\u0440\u0430\u049b\u0442\u044b \u049b\u043e\u043b\u0434\u0430\u0443 \u04d9\u043a\u0435\u043b\u0435\u0434\u0456.<\/p>\n<h3 data-start=\"727\" data-end=\"787\">\u0410\u0443\u044b\u0440\u0441\u044b\u043d\u0443\u0434\u044b \u0436\u0435\u04a3\u0456\u043b\u0434\u0435\u0442\u0443 \u04af\u0448\u0456\u043d \u0421\u0442\u0440\u0430\u0443\u0441 \u043c\u0430\u0439\u044b \u043a\u0440\u0435\u043c\u0456\u043d \u043d\u0435\u043b\u0456\u043a\u0442\u0435\u043d \u0442\u0430\u04a3\u0434\u0430\u0443 \u043a\u0435\u0440\u0435\u043a?<\/h3>\n<p data-start=\"789\" data-end=\"1101\">\u0421\u0442\u0440\u0430\u0443\u0441 \u043c\u0430\u0439\u044b \u043e\u043c\u0435\u0433\u0430-3, \u043e\u043c\u0435\u0433\u0430-6, \u043a\u043e\u043b\u043b\u0430\u0433\u0435\u043d \u0436\u04d9\u043d\u0435 A \u0436\u04d9\u043d\u0435 E \u0432\u0438\u0442\u0430\u043c\u0438\u043d\u0434\u0435\u0440\u0456 \u0441\u0438\u044f\u049b\u0442\u044b \u043f\u0430\u0439\u0434\u0430\u043b\u044b \u049b\u043e\u0441\u044b\u043b\u044b\u0441\u0442\u0430\u0440\u0493\u0430 \u0431\u0430\u0439. \u0411\u04b1\u043b \u049b\u043e\u0441\u044b\u043b\u044b\u0441\u0442\u0430\u0440 \u0431\u0443\u044b\u043d \u049b\u043e\u0437\u0493\u0430\u043b\u0493\u044b\u0448\u0442\u044b\u0493\u044b\u043d\u0430, \u049b\u0430\u0431\u044b\u043d\u0443\u0434\u044b \u0430\u0437\u0430\u0439\u0442\u0443\u0493\u0430 \u0436\u04d9\u043d\u0435 \u0437\u0430\u049b\u044b\u043c\u0434\u0430\u043b\u0493\u0430\u043d \u0442\u0456\u043d\u0434\u0435\u0440\u0434\u0456 \u0435\u043c\u0434\u0435\u0443\u0433\u0435 \u049b\u0430\u0436\u0435\u0442\u0442\u0456. \u041a\u0430\u043c\u0444\u043e\u0440\u0430, \u0442\u0438\u043c\u044c\u044f\u043d, \u0436\u0430\u043b\u0431\u044b\u0437 \u0436\u04d9\u043d\u0435 \u0433\u0432\u043e\u0437\u0434\u0438\u043a\u0430 \u0441\u0438\u044f\u049b\u0442\u044b \u044d\u0444\u0438\u0440 \u043c\u0430\u0439\u043b\u0430\u0440\u044b\u043c\u0435\u043d \u0431\u0456\u0440\u0456\u043a\u0442\u0456\u0440\u0456\u043b\u0433\u0435\u043d\u0434\u0435, \u043d\u04d9\u0442\u0438\u0436\u0435\u0441\u0456\u043d\u0434\u0435 \u043c\u044b\u049b\u0442\u044b \u043c\u0430\u0441\u0441\u0430\u0436 \u043a\u0440\u0435\u043c\u0456 \u0448\u044b\u0493\u0430\u0434\u044b:<\/p>\n<ul data-start=\"1103\" data-end=\"1331\">\n<li data-start=\"1103\" data-end=\"1150\">\n<p data-start=\"1105\" data-end=\"1150\"><strong data-start=\"1114\" data-end=\"1150\">\u0431\u0443\u044b\u043d \u0436\u04d9\u043d\u0435 \u0448\u0435\u043c\u0456\u0440\u0448\u0435\u043a \u049b\u0430\u0431\u044b\u043d\u0443\u044b\u043d \u0436\u0435\u04a3\u0456\u043b\u0434\u0435\u0442\u0435\u0434\u0456<\/strong><\/p>\n<\/li>\n<li data-start=\"1151\" data-end=\"1183\">\n<p data-start=\"1153\" data-end=\"1183\"><strong data-start=\"1161\" data-end=\"1183\">\u0430\u0440\u049b\u0430 \u0436\u04d9\u043d\u0435 \u043c\u043e\u0439\u044b\u043d \u0430\u0443\u044b\u0440\u0441\u044b\u043d\u0443\u044b\u043d \u0442\u044b\u043d\u044b\u0448\u0442\u0430\u043d\u0434\u044b\u0440\u0430\u0434\u044b<\/strong><\/p>\n<\/li>\n<li data-start=\"1184\" data-end=\"1232\">\n<p data-start=\"1186\" data-end=\"1232\"><strong data-start=\"1194\" data-end=\"1232\">\u0438\u0448\u0435\u043c\u0438\u044f, \u0442\u0456\u0437\u0435 \u0448\u0435\u043c\u0456\u0440\u043d\u0435\u0433\u0456 \u0436\u04d9\u043d\u0435 \u043f\u043e\u0434\u0430\u0433\u0440\u0430\u043d\u044b \u043c\u0430\u049b\u0441\u0430\u0442 \u0435\u0442\u0435\u0434\u0456<\/strong><\/p>\n<\/li>\n<li data-start=\"1233\" data-end=\"1279\">\n<p data-start=\"1235\" data-end=\"1279\"><strong data-start=\"1244\" data-end=\"1279\">\u0431\u04b1\u043b\u0448\u044b\u049b\u0435\u0442 \u049b\u0430\u043b\u043f\u044b\u043d\u0430 \u043a\u0435\u043b\u0442\u0456\u0440\u0443 \u0436\u04d9\u043d\u0435 \u049b\u0430\u043d \u0430\u0439\u043d\u0430\u043b\u044b\u043c\u044b\u043d \u049b\u043e\u043b\u0434\u0430\u0439\u0434\u044b<\/strong><\/p>\n<\/li>\n<li data-start=\"1280\" data-end=\"1331\">\n<p data-start=\"1282\" data-end=\"1331\"><strong data-start=\"1293\" data-end=\"1331\">\u0430\u0440\u0442\u0440\u0438\u0442 \u0436\u04d9\u043d\u0435 \u0440\u0435\u0432\u043c\u0430\u0442\u0438\u043a\u0430\u043b\u044b\u049b \u044b\u04a3\u0493\u0430\u0439\u0441\u044b\u0437\u0434\u044b\u049b\u0442\u044b \u0430\u0437\u0430\u0439\u0442\u0430\u0434\u044b<\/strong><\/p>\n<\/li>\n<\/ul>\n<p data-start=\"1333\" data-end=\"1477\">\u0411\u04b1\u043b \u04e9\u043d\u0456\u043c \u0441\u043f\u043e\u0440\u0442\u0448\u044b\u043b\u0430\u0440 \u043c\u0435\u043d \u0441\u043e\u0437\u044b\u043b\u043c\u0430\u043b\u044b \u0431\u0443\u044b\u043d \u0430\u0443\u044b\u0440\u0441\u044b\u043d\u0443\u044b \u0431\u0430\u0440 \u0430\u0434\u0430\u043c\u0434\u0430\u0440 \u04af\u0448\u0456\u043d \u04e9\u0442\u0435 \u043f\u0430\u0439\u0434\u0430\u043b\u044b, \u0445\u0438\u043c\u0438\u044f\u043b\u044b\u049b \u0437\u0430\u0442\u0441\u044b\u0437, \u0436\u044b\u043b\u0434\u0430\u043c \u0441\u0456\u04a3\u0435\u0442\u0456\u043d \u0442\u0430\u0431\u0438\u0493\u0438 \u0435\u043c\u0434\u0435\u0443\u0434\u0456 \u0456\u0437\u0434\u0435\u0439\u0442\u0456\u043d\u0434\u0435\u0440\u0433\u0435.<\/p>\n<h3 data-start=\"1484\" data-end=\"1515\">\u0421\u0442\u0440\u0430\u0443\u0441 \u043c\u0430\u0439\u044b \u043a\u0440\u0435\u043c\u0456 \u049b\u0430\u043b\u0430\u0439 \u0436\u04b1\u043c\u044b\u0441 \u0456\u0441\u0442\u0435\u0439\u0434\u0456<\/h3>\n<p data-start=\"1517\" data-end=\"1745\"><strong data-start=\"1517\" data-end=\"1538\">\u0421\u0442\u0440\u0430\u0443\u0441 \u043c\u0430\u0439\u044b \u043a\u0440\u0435\u043c\u0456<\/strong> \u0442\u0435\u0440\u0456\u0433\u0435 \u0442\u0435\u0440\u0435\u04a3 \u0435\u043d\u0456\u043f, \u049b\u0430\u043d \u0430\u0493\u044b\u043c\u044b\u043d \u0436\u0430\u049b\u0441\u0430\u0440\u0442\u0430\u0434\u044b, \u049b\u0430\u0442\u0430\u04a3 \u0442\u0456\u043d\u0434\u0435\u0440\u0434\u0456 \u0436\u04b1\u043c\u0441\u0430\u0440\u0442\u0430\u0434\u044b \u0436\u04d9\u043d\u0435 \u0435\u043c\u0434\u0435\u0443 \u043f\u0440\u043e\u0446\u0435\u0441\u0456\u043d \u043a\u04af\u0448\u0435\u0439\u0442\u0435\u0434\u0456. \u0422\u04d9\u043d \u0434\u0435\u043c\u0430\u043b\u0430\u0442\u044b\u043d \u0442\u04af\u043d\u0434\u0435 \u049b\u043e\u043b\u0434\u0430\u043d\u0443\u0493\u0430 \u04e9\u0442\u0435 \u049b\u043e\u043b\u0430\u0439\u043b\u044b, \u0441\u0456\u04a3\u0456\u0440\u0443\u0434\u0456 \u0436\u04d9\u043d\u0435 \u049b\u0430\u043b\u043f\u044b\u043d\u0430 \u043a\u0435\u043b\u0442\u0456\u0440\u0443\u0434\u0456 \u043c\u0430\u043a\u0441\u0438\u043c\u0430\u043b\u0434\u044b \u0435\u0442\u0435\u0434\u0456.<\/p>\n<h3 data-start=\"1752\" data-end=\"1779\">\u041d\u0435\u0433\u0456\u0437\u0433\u0456 \u0442\u0430\u0431\u0438\u0493\u0438 \u0438\u043d\u0433\u0440\u0435\u0434\u0438\u0435\u043d\u0442\u0442\u0435\u0440<\/h3>\n<ul data-start=\"1781\" data-end=\"2154\">\n<li data-start=\"1781\" data-end=\"1873\">\n<p data-start=\"1783\" data-end=\"1873\"><strong data-start=\"1783\" data-end=\"1799\">\u0421\u0442\u0440\u0430\u0443\u0441 \u043c\u0430\u0439\u044b:<\/strong> \u043a\u043e\u043b\u043b\u0430\u0433\u0435\u043d, \u043b\u0438\u043d\u043e\u043b\u0435\u043d \u0436\u04d9\u043d\u0435 \u043e\u043b\u0435\u0438\u043d \u049b\u044b\u0448\u049b\u044b\u043b\u0434\u0430\u0440\u044b\u043d\u0430, \u043e\u043c\u0435\u0433\u0430 3-6-9, A \u0436\u04d9\u043d\u0435 E \u0432\u0438\u0442\u0430\u043c\u0438\u043d\u0434\u0435\u0440\u0456\u043d\u0435 \u0431\u0430\u0439.<\/p>\n<\/li>\n<li data-start=\"1874\" data-end=\"1928\">\n<p data-start=\"1876\" data-end=\"1928\"><strong data-start=\"1876\" data-end=\"1892\">\u041a\u0430\u043c\u0444\u043e\u0440\u0430 \u043c\u0430\u0439\u044b:<\/strong> \u049b\u0430\u0431\u044b\u043d\u0443\u0434\u044b \u0436\u04d9\u043d\u0435 \u0431\u04b1\u043b\u0448\u044b\u049b\u0435\u0442 \u0430\u0443\u044b\u0440\u0441\u044b\u043d\u0443\u044b\u043d \u0436\u0435\u04a3\u0456\u043b\u0434\u0435\u0442\u0435\u0434\u0456.<\/p>\n<\/li>\n<li data-start=\"1929\" data-end=\"2004\">\n<p data-start=\"1931\" data-end=\"2004\"><strong data-start=\"1931\" data-end=\"1950\">\u0416\u0430\u043b\u0431\u044b\u0437 \u043c\u0430\u0439\u044b:<\/strong> \u0441\u0430\u043b\u049b\u044b\u043d\u0434\u0430\u0442\u0443 \u04d9\u0441\u0435\u0440\u0456\u043d \u0431\u0435\u0440\u0435\u0434\u0456 \u0436\u04d9\u043d\u0435 \u0431\u04b1\u043b\u0448\u044b\u049b\u0435\u0442 \u049b\u0430\u0442\u0430\u049b\u0442\u044b\u0493\u044b\u043d \u0442\u044b\u043d\u044b\u0448\u0442\u0430\u043d\u0434\u044b\u0440\u0430\u0434\u044b.<\/p>\n<\/li>\n<li data-start=\"2005\" data-end=\"2081\">\n<p data-start=\"2007\" data-end=\"2081\"><strong data-start=\"2007\" data-end=\"2030\">\u0422\u0438\u043c\u044c\u044f\u043d \u0436\u04d9\u043d\u0435 \u0433\u0432\u043e\u0437\u0434\u0438\u043a\u0430 \u043c\u0430\u0439\u043b\u0430\u0440\u044b:<\/strong> \u049b\u0430\u043d \u0430\u0439\u043d\u0430\u043b\u044b\u043c\u044b\u043d \u044b\u043d\u0442\u0430\u043b\u0430\u043d\u0434\u044b\u0440\u0430\u0434\u044b \u0436\u04d9\u043d\u0435 \u049b\u0430\u0442\u0430\u049b\u0442\u044b\u049b\u0442\u044b \u0436\u0435\u04a3\u0456\u043b\u0434\u0435\u0442\u0435\u0434\u0456.<\/p>\n<\/li>\n<li data-start=\"2082\" data-end=\"2154\">\n<p data-start=\"2084\" data-end=\"2154\"><strong data-start=\"2084\" data-end=\"2109\">\u0421\u0443\u0441\u0430\u043c \u0436\u04d9\u043d\u0435 \u0431\u0430\u043b\u0434\u044b\u0440\u043a\u04e9\u043a \u043c\u0430\u0439\u043b\u0430\u0440\u044b:<\/strong> \u0442\u0435\u0440\u0456\u043d\u0456 \u049b\u043e\u0440\u0435\u043a\u0442\u0435\u043d\u0434\u0456\u0440\u0435\u0434\u0456 \u0436\u04d9\u043d\u0435 \u0430\u0443\u044b\u0440\u0441\u044b\u043d\u0443\u0434\u044b \u0430\u0437\u0430\u0439\u0442\u0443\u0493\u0430 \u043a\u04e9\u043c\u0435\u043a\u0442\u0435\u0441\u0435\u0434\u0456.<\/p>\n<\/li>\n<\/ul>\n<h3 data-start=\"2161\" data-end=\"2175\">\u049a\u0430\u043b\u0430\u0439 \u049b\u043e\u043b\u0434\u0430\u043d\u0443 \u043a\u0435\u0440\u0435\u043a<\/h3>\n<ol data-start=\"2177\" data-end=\"2392\">\n<li data-start=\"2177\" data-end=\"2225\">\n<p data-start=\"2180\" data-end=\"2225\">\u04d8\u0441\u0435\u0440 \u0435\u0442\u0435\u0442\u0456\u043d \u0430\u0439\u043c\u0430\u049b\u049b\u0430 \u0436\u0435\u0442\u043a\u0456\u043b\u0456\u043a\u0442\u0456 \u043c\u04e9\u043b\u0448\u0435\u0440\u0456\u043d \u0436\u0430\u0493\u044b\u04a3\u044b\u0437.<\/p>\n<\/li>\n<li data-start=\"2226\" data-end=\"2279\">\n<p data-start=\"2229\" data-end=\"2279\">10 \u043c\u0438\u043d\u0443\u0442 \u0431\u043e\u0439\u044b \u0448\u0435\u04a3\u0431\u0435\u0440\u043b\u0456\u043a \u049b\u043e\u0437\u0493\u0430\u043b\u044b\u0441\u0442\u0430\u0440\u043c\u0435\u043d \u043d\u04d9\u0437\u0456\u043a \u043c\u0430\u0441\u0441\u0430\u0436 \u0436\u0430\u0441\u0430\u04a3\u044b\u0437.<\/p>\n<\/li>\n<li data-start=\"2280\" data-end=\"2338\">\n<p data-start=\"2283\" data-end=\"2338\">\u0415\u04a3 \u0436\u0430\u049b\u0441\u044b \u043d\u04d9\u0442\u0438\u0436\u0435 \u04af\u0448\u0456\u043d \u043a\u04af\u043d\u0456\u043d\u0435 \u0435\u043a\u0456 \u0440\u0435\u0442, \u04d9\u0441\u0456\u0440\u0435\u0441\u0435 \u0442\u04af\u043d\u0434\u0435 \u049b\u043e\u043b\u0434\u0430\u043d\u044b\u04a3\u044b\u0437.<\/p>\n<\/li>\n<li data-start=\"2339\" data-end=\"2392\">\n<p data-start=\"2342\" data-end=\"2392\">\u0421\u0456\u04a3\u0456\u0440\u0443\u0434\u0456 \u0436\u0430\u049b\u0441\u0430\u0440\u0442\u0443 \u04af\u0448\u0456\u043d \u0436\u0430\u0431\u044b\u04a3\u044b\u0437 \u043d\u0435\u043c\u0435\u0441\u0435 \u0430\u0439\u043c\u0430\u049b\u0442\u044b \u0436\u044b\u043b\u044b \u04b1\u0441\u0442\u0430\u043c\u0430\u04a3\u044b\u0437.<\/p>\n<\/li>\n<\/ol>\n<h3 data-start=\"2399\" data-end=\"2411\">\u0415\u0441\u043a\u0435\u0440\u0442\u0443\u043b\u0435\u0440<\/h3>\n<ul data-start=\"2413\" data-end=\"2614\">\n<li data-start=\"2413\" data-end=\"2437\">\n<p data-start=\"2415\" data-end=\"2437\">\u0422\u0435\u043a \u0441\u044b\u0440\u0442\u049b\u044b \u049b\u043e\u043b\u0434\u0430\u043d\u0443\u0493\u0430 \u0430\u0440\u043d\u0430\u043b\u0493\u0430\u043d.<\/p>\n<\/li>\n<li data-start=\"2438\" data-end=\"2480\">\n<p data-start=\"2440\" data-end=\"2480\">\u041a\u04e9\u0437\u0434\u0435\u0440\u0433\u0435 \u0436\u04d9\u043d\u0435 \u0437\u0430\u049b\u044b\u043c\u0434\u0430\u043b\u0493\u0430\u043d \u0442\u0435\u0440\u0456\u0433\u0435 \u0442\u0438\u044e\u0434\u0435\u043d \u0430\u0443\u043b\u0430\u049b \u0431\u043e\u043b\u044b\u04a3\u044b\u0437.<\/p>\n<\/li>\n<li data-start=\"2481\" data-end=\"2569\">\n<p data-start=\"2483\" data-end=\"2569\">\u0414\u04d9\u0440\u0456\u0433\u0435\u0440\u043c\u0435\u043d \u043a\u0435\u04a3\u0435\u0441\u043f\u0435\u0439 \u0436\u04af\u043a\u0442\u0456\u043b\u0456\u043a \u043d\u0435\u043c\u0435\u0441\u0435 \u0431\u0430\u043b\u0430 \u0435\u043c\u0456\u0437\u0443 \u043a\u0435\u0437\u0456\u043d\u0434\u0435 \u049b\u043e\u043b\u0434\u0430\u043d\u0443\u0493\u0430 \u0436\u0430\u0440\u0430\u043c\u0430\u0439\u0434\u044b.<\/p>\n<\/li>\n<li data-start=\"2570\" data-end=\"2614\">\n<p data-start=\"2572\" data-end=\"2614\">\u0422\u0435\u0440\u0456 \u0442\u0456\u0442\u0456\u0440\u043a\u0435\u043d\u0443\u0456 \u043f\u0430\u0439\u0434\u0430 \u0431\u043e\u043b\u0441\u0430, \u049b\u043e\u043b\u0434\u0430\u043d\u0443\u0434\u044b \u0442\u043e\u049b\u0442\u0430\u0442\u044b\u04a3\u044b\u0437.<\/p>\n<\/li>\n<\/ul>\n<h3 data-start=\"2930\" data-end=\"2948\">\u049a\u043e\u0440\u044b\u0442\u044b\u043d\u0434\u044b \u043e\u0439\u043b\u0430\u0440<\/h3>\n<p data-start=\"2950\" data-end=\"3299\"><strong data-start=\"2950\" data-end=\"2971\">\u0421\u0442\u0440\u0430\u0443\u0441 \u043c\u0430\u0439\u044b \u043a\u0440\u0435\u043c\u0456<\/strong> \u0436\u0430\u0439 \u0493\u0430\u043d\u0430 \u043c\u0430\u0441\u0441\u0430\u0436 \u043a\u0440\u0435\u043c\u0456 \u0435\u043c\u0435\u0441 \u2013 \u0442\u0430\u0431\u0438\u0493\u0438 \u0435\u043c\u0434\u0435\u0443\u0434\u0456\u04a3 \u0441\u0435\u043d\u0456\u043c\u0434\u0456 \u0441\u0435\u0440\u0456\u043a\u0442\u0435\u0441\u0456. \u0421\u0438\u043d\u0442\u0435\u0442\u0438\u043a\u0430\u043b\u044b\u049b \u0430\u0443\u044b\u0440\u0441\u044b\u043d\u0443\u0434\u044b \u0431\u0430\u0441\u0430\u0442\u044b\u043d \u0434\u04d9\u0440\u0456\u043b\u0435\u0440\u0434\u0435\u043d \u0448\u0430\u0440\u0448\u0430\u043f, \u043d\u04d9\u0437\u0456\u043a, \u0442\u0438\u0456\u043c\u0434\u0456 \u0436\u04d9\u043d\u0435 \u0442\u0430\u0431\u0438\u0493\u0438 \u043d\u04d9\u0440\u0441\u0435\u043d\u0456 \u0456\u0437\u0434\u0435\u0441\u0435\u04a3\u0456\u0437, \u0431\u04b1\u043b \u043a\u0440\u0435\u043c \u0442\u0430\u043c\u0430\u0448\u0430 \u0442\u0430\u04a3\u0434\u0430\u0443. \u0411\u04af\u0433\u0456\u043d \u043e\u043d\u044b \u0434\u0435\u043d\u0441\u0430\u0443\u043b\u044b\u049b \u0440\u0443\u0442\u0438\u043d\u0430\u04a3\u044b\u0437\u0493\u0430 \u049b\u043e\u0441\u044b\u04a3\u044b\u0437 \u0436\u04d9\u043d\u0435 \u0436\u0430\u049b\u0441\u0430\u0440\u0493\u0430\u043d \u049b\u043e\u0437\u0493\u0430\u043b\u0493\u044b\u0448\u0442\u044b\u049b, \u0436\u0430\u0439\u043b\u044b\u043b\u044b\u049b \u0436\u04d9\u043d\u0435 \u04e9\u043c\u0456\u0440 \u0441\u0430\u043f\u0430\u0441\u044b\u043d\u044b\u04a3 \u0430\u0440\u0442\u0443\u044b\u043d \u043f\u0430\u0439\u0434\u0430\u043b\u0430\u043d\u044b\u04a3\u044b\u0437.<\/p>\n<p style=\"text-align: center;\"> <em data-start=\"415\" data-end=\"431\"><a href=\"https:\/\/bazaar.express\/kk\/\">Bazaar Express<\/a><\/em> -\u0442\u0435 \u0448\u043e\u043f\u043f\u0438\u043d\u0433 \u0436\u0430\u0441\u0430\u0434\u0131\u011f\u0131n\u0131z \u04af\u0448\u0456\u043d \u0440\u0430\u049b\u043c\u0435\u0442 \u2013 \u0441\u0456\u0437\u0434\u0456 \u043a\u04e9\u0440\u0433\u0456\u043c\u0456\u0437\u0433\u0435 \u049b\u0443\u0430\u043d\u044b\u0448\u0442\u044b\u043c\u044b\u0437!<\/p>\n<p style=\"text-align: center;\">\u04e8\u0437\u0456\u04a3\u0456\u0437\u0433\u0435 \u043a\u04af\u0442\u0456\u043c \u0436\u0430\u0441\u0430\u0443\u0434\u044b\u04a3 \u0436\u0430\u049b\u0441\u044b \u0436\u043e\u043b\u044b \u043e\u0441\u044b\u043d\u0434\u0430 \u0431\u0430\u0441\u0442\u0430\u043b\u0430\u0434\u044b \u2014 \u0441\u0435\u043d\u0456\u043c\u0434\u0456 <a href=\"https:\/\/bazaar.express\/product-category\/beauty-care\/\">Beauty &#038; Care<\/a>.<\/p>\n","protected":false},"excerpt":{"rendered":"<h3 data-start=\"416\" data-end=\"697\">Lotus Massage \u0421\u0442\u0440\u0430\u0443\u0441 \u043c\u0430\u0439\u044b \u043a\u0440\u0435\u043c\u0456 \u2013 \u0431\u0443\u044b\u043d, \u0431\u04b1\u043b\u0448\u044b\u049b\u0435\u0442 \u0436\u04d9\u043d\u0435 \u0441\u04af\u0439\u0435\u043a \u0430\u0443\u044b\u0440\u0441\u044b\u043d\u0443\u044b\u043d\u0430 \u0442\u0430\u0431\u0438\u0493\u0438, \u0436\u044b\u043b\u0434\u0430\u043c \u0441\u0456\u04a3\u0435\u0442\u0456\u043d \u0435\u043c. \u0421\u0442\u0440\u0430\u0443\u0441 \u043c\u0430\u0439\u044b, \u044d\u0444\u0438\u0440 \u043c\u0430\u0439\u043b\u0430\u0440\u044b \u0436\u04d9\u043d\u0435 \u0432\u0438\u0442\u0430\u043c\u0438\u043d\u0434\u0435\u0440\u043c\u0435\u043d \u0431\u0430\u0439\u044b\u0442\u044b\u043b\u0493\u0430\u043d, \u049b\u0430\u0431\u044b\u043d\u0443\u0434\u044b \u0442\u044b\u043d\u044b\u0448\u0442\u0430\u043d\u0434\u044b\u0440\u0430\u0434\u044b, \u049b\u0430\u043d \u0430\u0439\u043d\u0430\u043b\u044b\u043c\u044b\u043d \u0436\u0430\u049b\u0441\u0430\u0440\u0442\u0430\u0434\u044b \u0436\u04d9\u043d\u0435 \u049b\u043e\u0437\u0493\u0430\u043b\u0493\u044b\u0448\u0442\u044b\u049b\u0442\u044b \u049b\u0430\u043b\u043f\u044b\u043d\u0430 \u043a\u0435\u043b\u0442\u0456\u0440\u0435\u0434\u0456. \u0410\u0440\u0442\u0440\u0438\u0442, \u0438\u0448\u0435\u043c\u0438\u044f \u0436\u04d9\u043d\u0435 \u0431\u04b1\u043b\u0448\u044b\u049b\u0435\u0442 \u049b\u0430\u043b\u043f\u044b\u043d\u0430 \u043a\u0435\u043b\u0442\u0456\u0440\u0443 \u04af\u0448\u0456\u043d \u0442\u0430\u043c\u0430\u0448\u0430.<\/h3>\n","protected":false},"featured_media":41773,"comment_status":"open","ping_status":"closed","template":"","meta":[],"product_brand":[],"product_cat":[1176,1177],"product_tag":[1446,1363,1364],"class_list":{"0":"post-41771","1":"product","2":"type-product","3":"status-publish","4":"has-post-thumbnail","6":"product_cat-1176","7":"product_cat-1177","8":"product_tag-1446","9":"product_tag-1363","10":"product_tag-1364","11":"pa_l-xl-150gm","13":"first","14":"instock","15":"sale","16":"shipping-taxable","17":"purchasable","18":"product-type-simple"},"_links":{"self":[{"href":"https:\/\/bazaar.express\/kk\/wp-json\/wp\/v2\/product\/41771","targetHints":{"allow":["GET"]}}],"collection":[{"href":"https:\/\/bazaar.express\/kk\/wp-json\/wp\/v2\/product"}],"about":[{"href":"https:\/\/bazaar.express\/kk\/wp-json\/wp\/v2\/types\/product"}],"replies":[{"embeddable":true,"href":"https:\/\/bazaar.express\/kk\/wp-json\/wp\/v2\/comments?post=41771"}],"wp:featuredmedia":[{"embeddable":true,"href":"https:\/\/bazaar.express\/kk\/wp-json\/wp\/v2\/media\/41773"}],"wp:attachment":[{"href":"https:\/\/bazaar.express\/kk\/wp-json\/wp\/v2\/media?parent=41771"}],"wp:term":[{"taxonomy":"product_brand","embeddable":true,"href":"https:\/\/bazaar.express\/kk\/wp-json\/wp\/v2\/product_brand?post=41771"},{"taxonomy":"product_cat","embeddable":true,"href":"https:\/\/bazaar.express\/kk\/wp-json\/wp\/v2\/product_cat?post=41771"},{"taxonomy":"product_tag","embeddable":true,"href":"https:\/\/bazaar.express\/kk\/wp-json\/wp\/v2\/product_tag?post=41771"}],"curies":[{"name":"wp","href":"https:\/\/api.w.org\/{rel}","templated":true}]}}