{"id":41797,"date":"2024-12-23T02:21:20","date_gmt":"2024-12-23T02:21:20","guid":{"rendered":"https:\/\/bazaar.express\/product\/flower-bouquet-5\/"},"modified":"2026-02-02T02:12:34","modified_gmt":"2026-02-02T02:12:34","slug":"flower-bouquet-5","status":"publish","type":"product","link":"https:\/\/bazaar.express\/kk\/product\/flower-bouquet-5\/","title":{"rendered":"\u0413\u04af\u043b \u0448\u043e\u0493\u044b\u0440\u044b"},"content":{"rendered":"<h2>\u0413\u04af\u043b \u0448\u043e\u0493\u044b\u0440\u044b\u043d\u044b\u04a3 \u044d\u043b\u0435\u0433\u0430\u043d\u0442\u0442\u044b\u043b\u044b\u0493\u044b \u2013 \u0431\u0430\u0440\u043b\u044b\u049b \u0435\u0440\u0435\u043a\u0448\u0435 \u0441\u04d9\u0442\u0442\u0435\u0440\u0433\u0435 \u0441\u0442\u0438\u043b\u044c\u0434\u0456 \u049b\u0430\u0440\u0430\u0434\u0430\u0493\u044b \u049b\u044b\u0437\u044b\u043b \u0440\u0430\u0443\u0448\u0430\u043d<\/h2>\n<h3>\u00a0\u0415\u0440\u0435\u043a\u0448\u0435 \u0441\u04d9\u0442\u0442\u0435\u0440\u0433\u0435 \u0434\u04d9\u043c\u0434\u0456 \u0433\u04af\u043b \u0448\u043e\u0493\u044b\u0440\u044b<\/h3>\n<p>\u0421\u04e9\u0437\u0441\u0456\u0437 \u0441\u04e9\u0439\u043b\u0435\u0439\u0442\u0456\u043d <strong>\u0433\u04af\u043b \u0448\u043e\u0493\u044b\u0440\u044b<\/strong> \u0456\u0437\u0434\u0435\u043f \u0436\u04af\u0440\u0441\u0456\u0437 \u0431\u0435? \u0411\u0456\u0437\u0434\u0456\u04a3 <strong>\u0421\u0442\u0438\u043b\u044c\u0434\u0456 \u049b\u0430\u0440\u0430\u0434\u0430\u0493\u044b \u049b\u044b\u0437\u044b\u043b \u0440\u0430\u0443\u0448\u0430\u043d \u0448\u043e\u0493\u044b\u0440\u044b<\/strong> \u044d\u043b\u0435\u0433\u0430\u043d\u0442\u0442\u044b\u043b\u044b\u049b, \u043c\u0430\u0445\u0430\u0431\u0431\u0430\u0442 \u0436\u04d9\u043d\u0435 \u043e\u0439\u043b\u044b \u0441\u044b\u0439\u043b\u044b\u049b\u0442\u044b\u04a3 \u0443\u0430\u049b\u044b\u0442\u0441\u044b\u0437 \u0441\u0438\u043c\u0432\u043e\u043b\u044b. \u041b\u044e\u043a\u0441 \u049b\u0430\u0440\u0430 \u049b\u0430\u043f\u0442\u0430\u043c\u0430\u0434\u0430 \u043e\u0440\u0430\u043b\u0493\u0430\u043d <strong>15 \u043f\u0440\u0435\u043c\u0438\u0443\u043c \u049b\u044b\u0437\u044b\u043b \u0440\u0430\u0443\u0448\u0430\u043d<\/strong> \u049b\u0430\u0437\u0456\u0440\u0433\u0456 \u0448\u0438\u043a \u043f\u0435\u043d \u0440\u043e\u043c\u0430\u043d\u0442\u0438\u043a\u0430\u043b\u044b\u049b \u0441\u0442\u0438\u043b\u044c\u0434\u0456 \u0431\u0456\u0440\u0456\u043a\u0442\u0456\u0440\u0435\u0434\u0456. \u041c\u0430\u0445\u0430\u0431\u0431\u0430\u0442\u0442\u044b, \u043c\u0435\u0440\u0435\u0439\u0442\u043e\u0439\u0434\u044b, \u0442\u0443\u0493\u0430\u043d \u043a\u04af\u043d\u0434\u0456 \u043d\u0435\u043c\u0435\u0441\u0435 \u0431\u0456\u0440\u0435\u0443\u0434\u0456\u04a3 \u043a\u04af\u043d\u0456\u043d \u0436\u0430\u0440\u049b\u044b\u043d \u0435\u0442\u0443\u0434\u0456 \u0430\u0442\u0430\u043f \u04e9\u0442\u0441\u0435\u04a3\u0456\u0437, \u0431\u04b1\u043b \u0448\u043e\u0493\u044b\u0440 \u0435\u04a3 \u0434\u04b1\u0440\u044b\u0441 \u0442\u0430\u04a3\u0434\u0430\u0443.<\/p>\n<p>\u049a\u04b1\u043c\u0430\u0440\u043b\u044b\u049b \u0442\u04af\u0441\u0456\u043c\u0435\u043d \u043a\u04af\u0448\u0442\u0456 \u043c\u04d9\u043b\u0456\u043c\u0434\u0435\u043c\u0435 \u0436\u0430\u0441\u0430\u04a3\u044b\u0437 \u2013 <strong>\u043a\u043b\u0430\u0441\u0441\u0438\u043a\u0430\u043b\u044b\u049b \u049b\u044b\u0437\u044b\u043b<\/strong>, \u043d\u04d9\u0437\u0456\u043a <strong>\u0430\u049b<\/strong> \u0442\u0430\u04a3\u0434\u0430\u04a3\u044b\u0437 \u043d\u0435\u043c\u0435\u0441\u0435 \u0436\u0435\u043a\u0435 \u0442\u0438\u044e \u04af\u0448\u0456\u043d \u04e9\u0437 <strong>\u049b\u044b\u0437\u044b\u043b \u0436\u04d9\u043d\u0435 \u0430\u049b \u049b\u043e\u0441\u043f\u0430\u0441\u044b\u043d<\/strong> \u0440\u0435\u0442\u0442\u0435\u04a3\u0456\u0437. \u0421\u044b\u0439\u043b\u0430\u0443\u0493\u0430, \u0431\u0435\u0437\u0435\u043d\u0434\u0456\u0440\u0443\u0433\u0435 \u043d\u0435\u043c\u0435\u0441\u0435 \u049b\u0430\u0440\u0430\u043f\u0430\u0439\u044b\u043c \u043a\u04af\u043d\u0434\u0435\u0440\u0434\u0456 \u043a\u0435\u0440\u0435\u043c\u0435\u0442 \u0435\u0441\u0442\u0435\u043b\u0456\u043a\u0442\u0435\u0440\u0433\u0435 \u0430\u0439\u043d\u0430\u043b\u0434\u044b\u0440\u0443\u0493\u0430 \u0442\u0430\u043c\u0430\u0448\u0430.<\/p>\n<h3>\u00a0\u041d\u0435 \u0430\u043b\u0430\u0441\u044b\u0437<\/h3>\n<ul>\n<li><strong>\u0422\u0430\u0443\u0430\u0440 \u0442\u04af\u0440\u0456<\/strong>: \u041d\u0430\u0493\u044b\u0437 \u0436\u0430\u04a3\u0430 \u0433\u04af\u043b \u0448\u043e\u0493\u044b\u0440\u044b<\/li>\n<li><strong>\u041c\u0430\u0437\u043c\u04b1\u043d\u044b<\/strong>: \u049a\u043e\u043b\u043c\u0435\u043d \u0442\u0430\u04a3\u0434\u0430\u043b\u0493\u0430\u043d 15 \u049b\u044b\u0437\u044b\u043b \u0440\u0430\u0443\u0448\u0430\u043d<\/li>\n<li><strong>\u0422\u04af\u0441 \u043e\u043f\u0446\u0438\u044f\u043b\u0430\u0440\u044b<\/strong>: \u049a\u044b\u0437\u044b\u043b, \u0410\u049b \u043d\u0435\u043c\u0435\u0441\u0435 \u049a\u044b\u0437\u044b\u043b \u0436\u04d9\u043d\u0435 \u0410\u049b \u043a\u043e\u043c\u0431\u043e \u0442\u0430\u04a3\u0434\u0430\u04a3\u044b\u0437<\/li>\n<li><strong>\u041f\u0430\u0439\u0434\u0430\u043b\u0430\u043d\u0443<\/strong>:\n<ul>\n<li>\u0420\u043e\u043c\u0430\u043d\u0442\u0438\u043a\u0430\u043b\u044b\u049b \u0436\u0435\u0441\u0442\u0442\u0435\u0440 \u0436\u04d9\u043d\u0435 \u0441\u044e\u0440\u043f\u0440\u0438\u0437\u0434\u0435\u0440<\/li>\n<li>\u0415\u0440\u0435\u043a\u0448\u0435 \u043c\u0435\u0440\u0435\u043a\u0435\u043b\u0435\u0440<\/li>\n<li>\u0406\u0441-\u0448\u0430\u0440\u0430 \u0431\u0435\u0437\u0435\u043d\u0434\u0456\u0440\u0443 \u0436\u04d9\u043d\u0435 VIP \u0441\u044b\u0439\u043b\u044b\u049b\u0442\u0430\u0440<\/li>\n<li>\u04d8\u0443\u0435\u0436\u0430\u0439 \u049b\u0430\u0440\u0441\u044b \u0430\u043b\u0443<\/li>\n<li>\u041a\u0435\u04a3\u0441\u0435 \u043d\u0435\u043c\u0435\u0441\u0435 \u04af\u0439 \u0433\u04af\u043b\u0434\u0456\u043a \u043b\u044e\u043a\u0441\u0456<\/li>\n<\/ul>\n<\/li>\n<li><strong>\u04e8\u043c\u0456\u0440 \u0441\u04af\u0440\u0443 \u04b1\u0437\u0430\u049b\u0442\u044b\u0493\u044b<\/strong>: \u0414\u04b1\u0440\u044b\u0441 \u043a\u04af\u0442\u0435\u043c\u0456\u043d\u0434\u0456\u043a\u043f\u0435\u043d \u0433\u04af\u043b\u0434\u0435\u0440 <strong>5-\u0442\u0435\u043d 7 \u043a\u04af\u043d\u0433\u0435<\/strong> \u0434\u0435\u0439\u0456\u043d \u0436\u0430\u04a3\u0430 \u043a\u04af\u0439\u0456\u043d\u0434\u0435 \u049b\u0430\u043b\u0430\u0434\u044b<\/li>\n<\/ul>\n<h3>\u00a0\u0411\u04b1\u043b \u0433\u04af\u043b \u0448\u043e\u0493\u044b\u0440\u044b\u043d \u043d\u0435 \u0435\u0440\u0435\u043a\u0448\u0435 \u0435\u0442\u0435\u0434\u0456?<\/h3>\n<ul>\n<li><strong>\u041b\u044e\u043a\u0441 \u049b\u0430\u0440\u0430 \u049b\u0430\u043f\u0442\u0430\u043c\u0430<\/strong>: \u0411\u0430\u0442\u044b\u043b, \u044d\u043b\u0435\u0433\u0430\u043d\u0442\u0442\u044b \u0441\u0442\u0438\u043b\u044c \u049b\u043e\u0441\u0430\u0434\u044b \u2013 \u043d\u0435\u043c\u0435\u0441\u0435 \u0436\u0435\u043a\u0435 \u043a\u04e9\u0440\u0456\u043d\u0456\u0441 \u04af\u0448\u0456\u043d \u04e9\u0437 \u049b\u0430\u043f\u0442\u0430\u043c\u0430\u0441\u044b\u043d \u0442\u0430\u04a3\u0434\u0430\u04a3\u044b\u0437.<\/li>\n<li><strong>\u0422\u0435\u043a \u043f\u0440\u0435\u043c\u0438\u0443\u043c \u0440\u0430\u0443\u0448\u0430\u043d\u0434\u0430\u0440<\/strong>: \u04d8\u0440 \u0440\u0430\u0443\u0448\u0430\u043d \u0442\u0435\u04a3\u0434\u0435\u0441\u0441\u0456\u0437 \u0436\u0430\u04a3\u0430\u043b\u044b\u0493\u044b \u043c\u0435\u043d \u04b1\u0437\u0430\u049b \u04d9\u0434\u0435\u043c\u0456\u043b\u0456\u0433\u0456\u043d \u049b\u0430\u043c\u0442\u0430\u043c\u0430\u0441\u044b\u0437 \u0435\u0442\u0443 \u04af\u0448\u0456\u043d \u049b\u043e\u043b\u043c\u0435\u043d \u0442\u0430\u04a3\u0434\u0430\u043b\u0430\u0434\u044b.<\/li>\n<li><strong>\u04d8\u043c\u0431\u0435\u0431\u0430\u043f \u0441\u044b\u0439\u043b\u044b\u049b<\/strong>: \u04ae\u0439\u043b\u0435\u043d\u0443 \u0442\u043e\u0439\u044b, \u043c\u0435\u0440\u0435\u043a\u0435\u043b\u0435\u0440, \u04af\u0439\u043b\u0435\u043d\u0443 \u0442\u043e\u0439\u043b\u0430\u0440\u044b, \u0442\u0443\u0493\u0430\u043d \u043a\u04af\u043d\u0434\u0435\u0440 \u043d\u0435\u043c\u0435\u0441\u0435 \u043a\u043e\u0440\u043f\u043e\u0440\u0430\u0442\u0438\u0432\u0442\u0456\u043a \u0456\u0441-\u0448\u0430\u0440\u0430\u043b\u0430\u0440\u0493\u0430 \u0436\u0430\u0440\u0430\u0439\u0434\u044b.<\/li>\n<li><strong>\u041a\u0435\u0437 \u043a\u0435\u043b\u0433\u0435\u043d \u0436\u0435\u0440\u0434\u0435 \u0441\u04d9\u043d<\/strong>: \u041a\u0435\u04a3\u0456\u0441\u0442\u0456\u043a \u0430\u0442\u043c\u043e\u0441\u0444\u0435\u0440\u0430\u0441\u044b\u043d \u0431\u0456\u0440\u0434\u0435\u043d \u043a\u04e9\u0442\u0435\u0440\u0435\u0434\u0456 \u2013 \u04af\u0439\u043b\u0435\u0440, \u049b\u043e\u043d\u0430\u049b \u04af\u0439 \u0445\u043e\u043b\u043b\u0434\u0430\u0440\u044b \u0436\u04d9\u043d\u0435 \u0436\u04b1\u043c\u044b\u0441 \u043e\u0440\u044b\u043d\u0434\u0430\u0440\u044b\u043d\u0430 \u0442\u0430\u043c\u0430\u0448\u0430.<\/li>\n<li><strong>\u0420\u0435\u0442\u0442\u0435\u043b\u0435\u0442\u0456\u043d<\/strong>: \u0420\u0430\u0443\u0448\u0430\u043d \u0442\u04af\u0441\u0456\u043d\u0435\u043d \u049b\u0430\u043f\u0442\u0430\u043c\u0430\u0493\u0430 \u0434\u0435\u0439\u0456\u043d, \u0448\u043e\u0493\u044b\u0440\u044b\u04a3\u044b\u0437\u0434\u044b \u0448\u044b\u043d\u044b\u043c\u0435\u043d \u0431\u0456\u0440\u0435\u0433\u0435\u0439 \u0435\u0442\u0443 \u04af\u0448\u0456\u043d \u0442\u043e\u043b\u044b\u049b \u0431\u0430\u049b\u044b\u043b\u0430\u0443 \u0441\u0456\u0437\u0434\u0435.<\/li>\n<\/ul>\n<h3>\u00a0\u0413\u04af\u043b \u0448\u043e\u0493\u044b\u0440\u044b\u04a3\u044b\u0437\u0434\u044b \u0436\u0435\u043a\u0435\u043b\u0435\u043d\u0434\u0456\u0440\u0456\u04a3\u0456\u0437<\/h3>\n<p>\u041e\u043d\u044b \u043e\u0434\u0430\u043d \u0434\u0430 \u0435\u0440\u0435\u043a\u0448\u0435 \u0435\u0442\u0443\u0433\u0435 \u049b\u0430\u043b\u0430\u0439\u0441\u044b\u0437 \u0431\u0430? \u0422\u04af\u0441 \u0442\u0430\u049b\u044b\u0440\u044b\u0431\u044b\u043d \u0440\u0435\u0442\u0442\u0435\u04a3\u0456\u0437, \u0436\u04af\u0440\u0435\u043a\u0436\u0430\u0440\u0434\u044b \u0445\u0430\u0442 \u049b\u043e\u0441\u044b\u04a3\u044b\u0437 \u043d\u0435\u043c\u0435\u0441\u0435 \u0441\u04d9\u0442\u0456\u04a3\u0456\u0437\u0433\u0435 \u0441\u04d9\u0439\u043a\u0435\u0441 \u049b\u0430\u043f\u0442\u0430\u043c\u0430 \u0442\u0430\u04a3\u0434\u0430\u04a3\u044b\u0437. \u041c\u0438\u043d\u0438\u043c\u0430\u043b\u0438\u0441\u0442\u0456\u043a \u0448\u0438\u043a \u043f\u0435 \u043d\u0435\u043c\u0435\u0441\u0435 \u0436\u0430\u0440\u049b\u044b\u043d \u0440\u043e\u043c\u0430\u043d\u0442\u0438\u043a\u0430 \u043c\u0430, \u0448\u043e\u0493\u044b\u0440\u044b\u04a3\u044b\u0437 \u0441\u0456\u0437 \u043e\u0439\u043b\u0430\u0493\u0430\u043d\u0434\u0430\u0439 \u0436\u0430\u0441\u0430\u043b\u0430\u0434\u044b.<\/p>\n<h2>\u00a0\u0416\u0435\u0442\u043a\u0456\u0437\u0443 \u0436\u04d9\u043d\u0435 \u0436\u04e9\u043d\u0435\u043b\u0442\u0443 \u0441\u0430\u044f\u0441\u0430\u0442\u044b<\/h2>\n<p>\u0411\u0456\u0437 \u0441\u0456\u0437\u0434\u0456\u04a3 <strong>\u0433\u04af\u043b \u0448\u043e\u0493\u044b\u0440\u044b\u04a3\u044b\u0437<\/strong> \u049b\u043e\u043b\u044b\u043c\u044b\u0437\u0434\u0430\u043d \u0448\u044b\u049b\u049b\u0430\u043d \u043a\u0435\u0437\u0434\u0435\u0433\u0456\u0434\u0435\u0439 \u043a\u0435\u0440\u0435\u043c\u0435\u0442 \u0436\u04d9\u043d\u0435 \u0436\u0430\u04a3\u0430 \u043a\u0435\u043b\u0443\u0456\u043d\u0435 \u0441\u0435\u043d\u0435\u043c\u0456\u0437. \u0421\u043e\u043d\u0434\u044b\u049b\u0442\u0430\u043d \u0436\u044b\u043b\u0434\u0430\u043c\u0434\u044b\u049b, \u0436\u0430\u04a3\u0430\u043b\u044b\u049b \u0436\u04d9\u043d\u0435 \u043a\u04af\u0442\u0456\u043c \u043e\u0440\u0442\u0430\u043b\u044b\u049b\u0442\u0430\u043d\u0434\u044b\u0440\u044b\u043b\u0493\u0430\u043d \u0436\u0435\u0442\u043a\u0456\u0437\u0443 \u0441\u0430\u044f\u0441\u0430\u0442\u044b\u043d \u0436\u0430\u0441\u0430\u0434\u044b\u049b.<\/p>\n<h3>\u00a0\u0425\u0443\u0440\u0433\u0430\u0434\u0430\u043d\u044b\u04a3 \u0442\u0435\u0433\u0456\u043d \u0441\u043e\u043b \u043a\u04af\u043d\u0456 \u0436\u0435\u0442\u043a\u0456\u0437\u0443\u0456<\/h3>\n<p><strong>\u0425\u0443\u0440\u0433\u0430\u0434\u0430<\/strong> \u0456\u0448\u0456\u043d\u0434\u0435\u0433\u0456 \u0431\u0430\u0440\u043b\u044b\u049b \u0433\u04af\u043b \u0448\u043e\u0493\u044b\u0440\u044b \u0442\u0430\u043f\u0441\u044b\u0440\u044b\u0441\u0442\u0430\u0440\u044b\u043d\u0430 <strong>\u0442\u0435\u0433\u0456\u043d \u0441\u043e\u043b \u043a\u04af\u043d\u0456 \u0436\u0435\u0442\u043a\u0456\u0437\u0443<\/strong> \u043f\u0430\u0439\u0434\u0430\u043b\u0430\u043d\u044b\u04a3\u044b\u0437. \u041e\u043b \u0436\u044b\u043b\u0434\u0430\u043c \u0436\u04d9\u043d\u0435 \u043c\u0456\u043d\u0441\u0456\u0437 \u043a\u04af\u0439\u0434\u0435 \u0435\u0441\u0456\u0433\u0456\u04a3\u0456\u0437\u0433\u0435 \u0436\u0435\u0442\u0435\u0434\u0456 \u0434\u0435\u043f \u049b\u0430\u043c\u0442\u0430\u043c\u0430\u0441\u044b\u0437 \u0435\u0442\u0435\u043c\u0456\u0437.<\/p>\n<h3>\ud83d\udccd \u0421\u043e\u043d\u0434\u0430\u0439-\u0430\u049b \u043a\u0435\u043b\u0435\u0441\u0456 \u0436\u0435\u0440\u043b\u0435\u0440\u0433\u0435 \u0436\u0435\u0442\u043a\u0456\u0437\u0435\u043c\u0456\u0437:<\/h3>\n<ul>\n<li><strong>Sahl Hasheesh<\/strong><\/li>\n<li><strong>Makadi Bay<\/strong><\/li>\n<li><strong>El Gouna<\/strong><\/li>\n<li><strong>Marsa Alam<\/strong><\/li>\n<\/ul>\n<p><em>\u0425\u0443\u0440\u0433\u0430\u0434\u0430 \u0441\u044b\u0440\u0442\u044b\u043d\u0434\u0430\u0493\u044b \u0430\u0439\u043c\u0430\u049b\u0442\u0430\u0440\u0493\u0430 \u0430\u0437 \u049b\u043e\u0441\u044b\u043c\u0448\u0430 \u0436\u0435\u0442\u043a\u0456\u0437\u0443 \u0430\u049b\u044b\u0441\u044b \u049b\u043e\u043b\u0434\u0430\u043d\u044b\u043b\u0430\u0434\u044b, \u0435\u0441\u0456\u043a\u0442\u0435\u043d \u0435\u0441\u0456\u043a\u043a\u0435 \u0434\u0435\u0439\u0456\u043d \u0448\u043e\u0493\u044b\u0440\u044b\u04a3\u044b\u0437\u0434\u044b\u04a3 \u043c\u0456\u043d\u0441\u0456\u0437 \u043a\u04af\u0439\u0434\u0435 \u049b\u0430\u043b\u0443\u044b\u043d \u043a\u0435\u043f\u0456\u043b\u0434\u0456\u043a\u0442\u0435\u043f \u043e\u0442\u044b\u0440\u0430\u0434\u044b.<\/em><\/p>\n<h3>\ud83d\udcac \u041a\u04e9\u043c\u0435\u043a \u0436\u04d9\u043d\u0435 \u0436\u044b\u043b\u0434\u0430\u043c \u049b\u043e\u043b\u0434\u0430\u0443<\/h3>\n<p>\u0422\u0430\u043f\u0441\u044b\u0440\u044b\u0441 \u0431\u0435\u0440\u0443\u0433\u0435 \u043d\u0435\u043c\u0435\u0441\u0435 \u04e9\u0437\u0433\u0435\u0440\u0442\u0443\u043b\u0435\u0440 \u0435\u043d\u0433\u0456\u0437\u0443\u0433\u0435 \u043a\u04e9\u043c\u0435\u043a \u043a\u0435\u0440\u0435\u043a \u043f\u0435? \u0411\u0456\u0437\u0434\u0456\u04a3 \u043a\u043e\u043c\u0430\u043d\u0434\u0430 \u0433\u04af\u043b \u0442\u0430\u04a3\u0434\u0430\u0443\u0434\u0430\u043d \u0436\u0435\u0442\u043a\u0456\u0437\u0443 \u0440\u0430\u0441\u0442\u0430\u043b\u0443\u044b\u043d\u0430 \u0434\u0435\u0439\u0456\u043d \u04d9\u0440 \u049b\u0430\u0434\u0430\u043c\u0434\u0430 \u043a\u04e9\u043c\u0435\u043a\u0442\u0435\u0441\u0435\u0434\u0456.<\/p>\n<h2>\u04b0\u0437\u0430\u049b\u0442\u044b\u049b \u04af\u0448\u0456\u043d \u0433\u04af\u043b \u043a\u04af\u0442\u0443 \u043a\u0435\u04a3\u0435\u0441\u0442\u0435\u0440\u0456<\/h2>\n<ul>\n<li>\u041a\u0435\u043b\u0433\u0435\u043d\u043d\u0435\u043d \u043a\u0435\u0439\u0456\u043d \u0433\u04af\u043b\u0434\u0435\u0440\u0434\u0456 \u0431\u0456\u0440\u0434\u0435\u043d \u0436\u0430\u04a3\u0430 \u0441\u0443\u0493\u0430 \u0441\u0430\u043b\u044b\u04a3\u044b\u0437<\/li>\n<li>\u04d8\u0440 \u0435\u043a\u0456 \u043a\u04af\u043d \u0441\u0430\u0439\u044b\u043d \u0441\u0443\u0434\u044b \u0430\u0443\u044b\u0441\u0442\u044b\u0440\u044b\u04a3\u044b\u0437<\/li>\n<li>\u0421\u0443\u0434\u044b \u0442\u0438\u0456\u043c\u0434\u0456 \u0441\u0456\u04a3\u0456\u0440\u0443 \u04af\u0448\u0456\u043d \u0441\u0430\u0431\u0430\u049b\u0442\u0430\u0440\u0434\u044b \u0434\u0438\u0430\u0433\u043e\u043d\u0430\u043b\u044c \u0431\u043e\u0439\u044b\u043d\u0448\u0430 \u043a\u0435\u0441\u0456\u04a3\u0456\u0437<\/li>\n<li>\u0422\u0456\u043a\u0435\u043b\u0435\u0439 \u043a\u04af\u043d \u0441\u04d9\u0443\u043b\u0435\u0441\u0456\u043d\u0435\u043d \u0436\u04d9\u043d\u0435 \u0436\u044b\u043b\u0443\u0434\u044b\u04a3 \u043a\u04e9\u0437\u0434\u0435\u0440\u0456\u043d\u0435\u043d \u0430\u043b\u044b\u0441 \u04b1\u0441\u0442\u0430\u04a3\u044b\u0437<\/li>\n<\/ul>\n<p>\u0411\u04b1\u043b \u043a\u04af\u0442\u0456\u043c\u043c\u0435\u043d \u0448\u043e\u0493\u044b\u0440\u044b\u04a3\u044b\u0437 <strong>7 \u043a\u04af\u043d\u0433\u0435<\/strong> \u0434\u0435\u0439\u0456\u043d \u0436\u0430\u0440\u049b\u044b\u043d \u0436\u04d9\u043d\u0435 \u0436\u0430\u04a3\u0430 \u043a\u04af\u0439\u0456\u043d\u0434\u0435 \u0431\u043e\u043b\u0430\u0434\u044b.<\/p>\n<h2>\u00a0\u0416\u0438\u0456 \u049b\u043e\u0439\u044b\u043b\u0430\u0442\u044b\u043d \u0441\u04b1\u0440\u0430\u049b\u0442\u0430\u0440<\/h2>\n<h3>\u0428\u043e\u0493\u044b\u0440\u044b\u043c\u0434\u044b \u049b\u0430\u043b\u0430\u0439 \u043a\u04af\u0442\u0435\u043c\u0456\u043d?<\/h3>\n<p>\u0413\u04af\u043b\u0434\u0435\u0440\u0434\u0456 \u0442\u0430\u0437\u0430 \u0441\u0443\u0493\u0430 \u0441\u0430\u043b\u044b\u04a3\u044b\u0437 \u0436\u04d9\u043d\u0435 \u04d9\u0440 2 \u043a\u04af\u043d \u0441\u0430\u0439\u044b\u043d \u0430\u0443\u044b\u0441\u0442\u044b\u0440\u044b\u04a3\u044b\u0437. \u0416\u0430\u049b\u0441\u044b \u044b\u043b\u0493\u0430\u043b\u0434\u0430\u043d\u0434\u044b\u0440\u0443 \u04af\u0448\u0456\u043d \u0441\u0430\u0431\u0430\u049b\u0442\u0430\u0440\u0434\u044b \u0434\u0438\u0430\u0433\u043e\u043d\u0430\u043b\u044c \u0431\u043e\u0439\u044b\u043d\u0448\u0430 \u043a\u0435\u0441\u0456\u04a3\u0456\u0437.<\/p>\n<h3>\u0428\u043e\u0493\u044b\u0440\u044b\u043d \u0440\u0435\u0442\u0442\u0435\u0439 \u0430\u043b\u0430\u043c\u044b\u043d \u0431\u0430 \u043d\u0435\u043c\u0435\u0441\u0435 \u0445\u0430\u0442 \u049b\u043e\u0441\u0430 \u0430\u043b\u0430\u043c\u044b\u043d \u0431\u0430?<\/h3>\n<p>\u04d8\u0440\u0438\u043d\u0435! \u04e8\u0437 \u049b\u0430\u043f\u0442\u0430\u043c\u0430\u0441\u044b\u043d \u0442\u0430\u04a3\u0434\u0430\u04a3\u044b\u0437, \u0440\u0430\u0443\u0448\u0430\u043d \u0442\u04af\u0441\u0442\u0435\u0440\u0456\u043d \u0430\u0440\u0430\u043b\u0430\u0441\u0442\u044b\u0440\u044b\u04a3\u044b\u0437 \u0436\u04d9\u043d\u0435 \u0442\u0456\u043f\u0442\u0456 \u0436\u0435\u043a\u0435\u043b\u0435\u043d\u0434\u0456\u0440\u0456\u043b\u0433\u0435\u043d \u0445\u0430\u0442 \u043a\u0430\u0440\u0442\u0430\u0441\u044b\u043d \u049b\u043e\u0441\u044b\u04a3\u044b\u0437.<\/p>\n<h3>\u0428\u043e\u0493\u044b\u0440 \u049b\u0430\u043d\u0448\u0430 \u0443\u0430\u049b\u044b\u0442 \u0436\u0430\u04a3\u0430 \u043a\u04af\u0439\u0456\u043d\u0434\u0435 \u0431\u043e\u043b\u0430\u0434\u044b?<\/h3>\n<p>\u041a\u0435\u04a3\u0435\u0441\u0442\u0435\u0440\u0456\u043c\u0456\u0437\u0434\u0456 \u04b1\u0441\u0442\u0430\u043d\u0441\u0430\u04a3\u044b\u0437, \u0440\u0430\u0443\u0448\u0430\u043d\u0434\u0430\u0440\u044b\u04a3\u044b\u0437 \u0448\u0430\u043c\u0430\u043c\u0435\u043d <strong>5-\u0442\u0435\u043d 7 \u043a\u04af\u043d\u0433\u0435<\/strong> \u0434\u0435\u0439\u0456\u043d \u0442\u04b1\u0440\u0430\u0434\u044b.<\/p>\n<h2>\u00a0\u0411\u0456\u0437\u0434\u0435\u043d \u0441\u043e\u04a3\u0493\u044b \u0435\u0441\u043a\u0435\u0440\u0442\u0443<\/h2>\n<p>Bazaar Express-\u0442\u0435 \u0431\u0456\u0437 <strong>\u0433\u04af\u043b \u0448\u043e\u0493\u044b\u0440\u044b \u0442\u0435\u043a \u0433\u04af\u043b\u0434\u0435\u0440\u0434\u0435\u043d \u0442\u04b1\u0440\u043c\u0430\u0439\u0434\u044b<\/strong> \u0435\u043a\u0435\u043d\u0456\u043d \u0431\u0456\u043b\u0435\u043c\u0456\u0437 \u2013 \u043e\u043b \u043c\u0430\u0445\u0430\u0431\u0431\u0430\u0442, \u043e\u0439\u043b\u0430\u0441\u0442\u044b\u049b \u0436\u04d9\u043d\u0435 \u044d\u043b\u0435\u0433\u0430\u043d\u0442\u0442\u044b\u043b\u044b\u049b \u0445\u0430\u0431\u0430\u0440\u044b. \u0421\u043e\u043d\u0434\u044b\u049b\u0442\u0430\u043d \u04d9\u0440 \u0436\u0430\u043f\u044b\u0440\u0430\u049b\u049b\u0430 \u043a\u04af\u0442\u0456\u043c \u0441\u0430\u043b\u0443\u044b\u043c\u044b\u0437, \u0441\u0442\u0438\u043b\u044c\u043c\u0435\u043d \u043e\u0440\u0430\u043f, \u043c\u0430\u0445\u0430\u0431\u0431\u0430\u0442\u043f\u0435\u043d \u0436\u0435\u0442\u043a\u0456\u0437\u0435\u043c\u0456\u0437. \u0416\u0430\u049b\u044b\u043d \u0430\u0434\u0430\u043c\u044b\u04a3\u044b\u0437\u0493\u0430 \u0441\u044b\u0439\u043b\u0430\u043f \u043d\u0435\u043c\u0435\u0441\u0435 \u04e9\u0437\u0456\u04a3\u0456\u0437\u0434\u0456 \u0435\u0440\u043a\u0435\u043b\u0435\u0442\u0456\u043f \u0436\u0430\u0442\u0441\u0430\u04a3\u044b\u0437, \u0431\u0456\u0437\u0434\u0456\u04a3 <strong>\u0421\u0442\u0438\u043b\u044c\u0434\u0456 \u049b\u0430\u0440\u0430\u0434\u0430\u0493\u044b \u049b\u044b\u0437\u044b\u043b \u0440\u0430\u0443\u0448\u0430\u043d \u0448\u043e\u0493\u044b\u0440\u044b<\/strong> \u0441\u0456\u0437\u0434\u0456\u04a3 \u0431\u0430\u0441\u0442\u044b \u0433\u04af\u043b\u0434\u0456\u043a \u04e9\u0440\u043d\u0435\u0433\u0456\u04a3\u0456\u0437.<\/p>\n<p><strong>\u0415\u043d\u0434\u0456 \u0442\u0430\u043f\u0441\u044b\u0440\u044b\u0441 \u0431\u0435\u0440\u0456\u04a3\u0456\u0437 \u0436\u04d9\u043d\u0435 \u0433\u04af\u043b\u0434\u0435\u0440 \u0441\u04e9\u0439\u043b\u0435\u0441\u0456\u043d.<\/strong><\/p>\n<p>&nbsp;<\/p>\n<p style=\"text-align: center;\" align=\"center\"><em data-start=\"415\" data-end=\"431\"><a href=\"https:\/\/bazaar.express\/kk\/\">Bazaar Express<\/a><\/em>-\u0442\u0435 \u0448\u043e\u043f\u043f\u0438\u043d\u0433 \u0436\u0430\u0441\u0430\u0434\u0131\u011f\u0131n\u0131z \u04af\u0448\u0456\u043d \u0440\u0430\u049b\u043c\u0435\u0442 \u2013 \u0441\u0456\u0437\u0434\u0456 \u043a\u04e9\u0440\u0433\u0435\u043d\u0456\u043c\u0456\u0437\u0433\u0435 \u049b\u0443\u0430\u043d\u044b\u0448\u0442\u044b\u043c\u044b\u0437!<\/p>\n<p style=\"text-align: center;\" align=\"center\">\u0416\u0430\u0440\u049b\u044b\u043d\u043d\u0430\u043d \u043d\u04d9\u0437\u0456\u043a\u043a\u0435 \u0434\u0435\u0439\u0456\u043d \u2013 \u044d\u043b\u0435\u0433\u0430\u043d\u0442\u0442\u044b\u049b \u0441\u04e9\u0439\u043b\u0435\u0439\u0442\u0456\u043d <a href=\"https:\/\/bazaar.express\/product-category\/flowers-red-sea-delivery\/\">\u0413\u04af\u043b\u0434\u0435\u0440\u0434\u0456<\/a> \u0430\u0448\u044b\u04a3\u044b\u0437.<\/p>\n","protected":false},"excerpt":{"rendered":"<h3 data-start=\"440\" data-end=\"620\">\u0411\u04b1\u043b \u049b\u044b\u0437\u044b\u043b \u0440\u0430\u0443\u0448\u0430\u043d \u0433\u04af\u043b \u0448\u043e\u0493\u044b\u0440\u044b \u044d\u043b\u0435\u0433\u0430\u043d\u0442\u0442\u044b \u049b\u0430\u0440\u0430\u0493\u0430 \u043e\u0440\u0430\u043b\u0493\u0430\u043d 15 \u0436\u0430\u04a3\u0430 \u0440\u0430\u0443\u0448\u0430\u043d\u043d\u0430\u043d \u0442\u04b1\u0440\u0430\u0434\u044b. \u0420\u043e\u043c\u0430\u043d\u0442\u0438\u043a\u0430\u043b\u044b\u049b \u0441\u04d9\u0442\u0442\u0435\u0440, \u0456\u0441-\u0448\u0430\u0440\u0430\u043b\u0430\u0440 \u0436\u04d9\u043d\u0435 \u0441\u0442\u0438\u043b\u044c\u0434\u0456 \u0441\u044b\u0439\u043b\u044b\u049b\u0442\u0430\u0440\u0493\u0430 \u0442\u0430\u043c\u0430\u0448\u0430. \u0425\u0443\u0440\u0433\u0430\u0434\u0430\u043d\u044b\u04a3 \u0436\u0430\u04a3\u0430, \u0436\u044b\u043b\u0434\u0430\u043c \u0436\u04d9\u043d\u0435 \u0442\u0435\u0433\u0456\u043d \u0436\u0435\u0442\u043a\u0456\u0437\u0443\u0456.<\/h3>\n","protected":false},"featured_media":41799,"comment_status":"open","ping_status":"closed","template":"","meta":[],"product_brand":[],"product_cat":[1180,1188],"product_tag":[1432],"class_list":{"0":"post-41797","1":"product","2":"type-product","3":"status-publish","4":"has-post-thumbnail","6":"product_cat-1180","7":"product_cat-1188","8":"product_tag-1432","10":"first","11":"instock","12":"sale","13":"shipping-taxable","14":"purchasable","15":"product-type-simple"},"_links":{"self":[{"href":"https:\/\/bazaar.express\/kk\/wp-json\/wp\/v2\/product\/41797","targetHints":{"allow":["GET"]}}],"collection":[{"href":"https:\/\/bazaar.express\/kk\/wp-json\/wp\/v2\/product"}],"about":[{"href":"https:\/\/bazaar.express\/kk\/wp-json\/wp\/v2\/types\/product"}],"replies":[{"embeddable":true,"href":"https:\/\/bazaar.express\/kk\/wp-json\/wp\/v2\/comments?post=41797"}],"wp:featuredmedia":[{"embeddable":true,"href":"https:\/\/bazaar.express\/kk\/wp-json\/wp\/v2\/media\/41799"}],"wp:attachment":[{"href":"https:\/\/bazaar.express\/kk\/wp-json\/wp\/v2\/media?parent=41797"}],"wp:term":[{"taxonomy":"product_brand","embeddable":true,"href":"https:\/\/bazaar.express\/kk\/wp-json\/wp\/v2\/product_brand?post=41797"},{"taxonomy":"product_cat","embeddable":true,"href":"https:\/\/bazaar.express\/kk\/wp-json\/wp\/v2\/product_cat?post=41797"},{"taxonomy":"product_tag","embeddable":true,"href":"https:\/\/bazaar.express\/kk\/wp-json\/wp\/v2\/product_tag?post=41797"}],"curies":[{"name":"wp","href":"https:\/\/api.w.org\/{rel}","templated":true}]}}