{"id":41800,"date":"2024-12-21T01:10:01","date_gmt":"2024-12-21T01:10:01","guid":{"rendered":"https:\/\/bazaar.express\/product\/massage-cream-3\/"},"modified":"2026-03-01T20:41:05","modified_gmt":"2026-03-01T20:41:05","slug":"massage-cream-3","status":"publish","type":"product","link":"https:\/\/bazaar.express\/kk\/product\/massage-cream-3\/","title":{"rendered":"\u041c\u0430\u0441\u0441\u0430\u0436 \u043a\u0440\u0435\u043c\u0456"},"content":{"rendered":"<h2><strong>\u041c\u0430\u0441\u0441\u0430\u0436 \u043a\u0440\u0435\u043c\u0456 \u2013 \u0431\u04b1\u043b\u0448\u044b\u049b\u0435\u0442 \u0430\u0443\u044b\u0440\u0441\u044b\u043d\u0443\u044b, \u049b\u0430\u0431\u044b\u043d\u0443 \u0436\u04d9\u043d\u0435 \u043a\u04af\u043d\u0434\u0435\u043b\u0456\u043a\u0442\u0456 \u0430\u0443\u044b\u0440\u0441\u044b\u043d\u0443\u043b\u0430\u0440\u0493\u0430 \u0442\u0430\u0431\u0438\u0493\u0438 \u0436\u0435\u04a3\u0456\u043b\u0434\u0456\u043a<\/strong><\/h2>\n<h3><strong>\u0414\u0435\u043d\u0441\u0430\u0443\u043b\u044b\u0493\u044b\u04a3\u044b\u0437\u0434\u044b \u0436\u0435\u04a3\u0456\u043b\u0434\u0435\u0442\u0456\u043f, \u0430\u0443\u044b\u0440\u0441\u044b\u043d\u0443\u044b\u04a3\u044b\u0437\u0434\u044b \u0431\u0430\u0441\u0443\u044b \u04af\u0448\u0456\u043d Lotus \u043c\u0430\u0441\u0441\u0430\u0436 \u049b\u043e\u043b\u043e\u043a\u0443\u0442\u0430 \u0436\u04d9\u043d\u0435 \u049b\u0430\u0440\u0430 \u0437\u0435\u0440\u0435 \u043a\u0440\u0435\u043c\u0456<\/strong><\/h3>\n<p>\u0415\u0433\u0435\u0440 \u0441\u0456\u0437 \u0431\u04b1\u043b\u0442\u049b\u0430 \u049b\u0430\u0442\u0430\u049b\u0442\u044b\u049b, \u0430\u0443\u044b\u0440 \u0431\u04b1\u043b\u0448\u044b\u049b\u0435\u0442\u0442\u0435\u0440, \u0438\u0448\u0435\u043c\u0438\u044f \u043d\u0435\u043c\u0435\u0441\u0435 \u0441\u043e\u0437\u044b\u043b\u043c\u0430\u043b\u044b \u0434\u0435\u043d\u0435 \u0430\u0443\u044b\u0440\u0441\u044b\u043d\u0443\u044b\u043c\u0435\u043d \u043a\u04af\u0440\u0435\u0441\u0456\u043f \u0436\u0430\u0442\u0441\u0430\u04a3\u044b\u0437, \u0442\u0430\u0431\u0438\u0493\u0430\u0442\u0442\u044b\u04a3 \u0430\u0440\u0430\u043b\u0430\u0441\u0443\u044b\u043d\u044b\u04a3 \u0443\u0430\u049b\u044b\u0442\u044b \u043a\u0435\u043b\u0434\u0456. <strong>Lotus \u043c\u0430\u0441\u0441\u0430\u0436 \u043a\u0440\u0435\u043c\u0456<\/strong> <strong>\u049b\u043e\u043b\u043e\u043a\u0443\u0442\u0430 \u0436\u04d9\u043d\u0435 \u049b\u0430\u0440\u0430 \u0437\u0435\u0440\u0435<\/strong> \u049b\u043e\u0441\u043f\u0430\u0441\u044b \u0430\u0443\u044b\u0440\u0441\u044b\u043d\u0443\u0434\u044b \u0431\u0430\u0441\u0443\u0493\u0430, \u049b\u0430\u0431\u044b\u043d\u0443\u0434\u044b \u0430\u0437\u0430\u0439\u0442\u0443\u0493\u0430 \u0436\u04d9\u043d\u0435 \u0448\u0430\u0440\u0448\u0430\u0493\u0430\u043d \u0431\u04b1\u043b\u0448\u044b\u049b\u0435\u0442\u0442\u0435\u0440\u0434\u0456 \u0431\u043e\u0441\u0430\u04a3\u0441\u044b\u0442\u0443\u0493\u0430 \u0430\u0440\u043d\u0430\u043b\u0493\u0430\u043d \u043a\u04af\u0448\u0442\u0456 \u049b\u043e\u0441\u043f\u0430. \u0411\u04b1\u043b \u0442\u043e\u043b\u044b\u0493\u044b\u043c\u0435\u043d \u0442\u0430\u0431\u0438\u0493\u0438 <strong>\u043c\u0430\u0441\u0441\u0430\u0436 \u043a\u0440\u0435\u043c\u0456<\/strong> \u0441\u043f\u043e\u0440\u0442\u0448\u044b\u043b\u0430\u0440, \u049b\u0430\u0440\u0442\u0442\u0430\u0440, \u0431\u0435\u043b\u0441\u0435\u043d\u0434\u0456 \u0430\u0434\u0430\u043c\u0434\u0430\u0440 \u043d\u0435\u043c\u0435\u0441\u0435 \u043a\u04af\u043d\u0434\u0435\u043b\u0456\u043a\u0442\u0456 \u0430\u0443\u044b\u0440\u0441\u044b\u043d\u0443 \u0436\u04d9\u043d\u0435 \u044b\u04a3\u0493\u0430\u0439\u0441\u044b\u0437\u0434\u044b\u049b\u043f\u0435\u043d \u043a\u04af\u0440\u0435\u0441\u0435\u0442\u0456\u043d\u0434\u0435\u0440\u0433\u0435 \u049b\u043e\u043b\u0430\u0439\u043b\u044b.<\/p>\n<p>\u0416\u0430\u0442\u044b\u0440 \u049b\u044b\u0441\u044b\u043b\u0443\u044b\u043d, \u0436\u0430\u0442\u0442\u044b\u0493\u0443 \u043a\u0435\u0439\u0456\u043d\u0433\u0456 \u0431\u04b1\u043b\u0448\u044b\u049b\u0435\u0442 \u0442\u0430\u0440\u0442\u044b\u043b\u0443\u044b\u043d \u043d\u0435\u043c\u0435\u0441\u0435 \u0431\u04b1\u043b\u0442\u049b\u0430 \u0430\u0443\u044b\u0440\u0441\u044b\u043d\u0443\u044b\u043d \u043c\u0430\u0441\u0441\u0430\u0436 \u0436\u0430\u0441\u0430\u043f \u0436\u0430\u0442\u0441\u0430\u04a3\u044b\u0437, \u0431\u04b1\u043b \u0442\u0435\u0437 \u04d9\u0441\u0435\u0440 \u0435\u0442\u0435\u0442\u0456\u043d \u043a\u0440\u0435\u043c \u0431\u0456\u0440\u043d\u0435\u0448\u0435 \u043c\u0438\u043d\u0443\u0442 \u0456\u0448\u0456\u043d\u0434\u0435 \u0436\u044b\u043b\u0443, \u049b\u0430\u043d \u0430\u0439\u043d\u0430\u043b\u044b\u043c\u044b\u043d \u0436\u04d9\u043d\u0435 \u0436\u0430\u0439\u043b\u044b\u043b\u044b\u049b \u04d9\u043a\u0435\u043b\u0435\u0434\u0456.<\/p>\n<h3><strong> \u0414\u04d9\u043b\u0435\u043b\u0434\u0435\u043d\u0433\u0435\u043d \u043f\u0430\u0439\u0434\u0430\u0441\u044b \u0431\u0430\u0440 \u043a\u04af\u0448\u0442\u0456 \u0438\u043d\u0433\u0440\u0435\u0434\u0438\u0435\u043d\u0442\u0442\u0435\u0440<\/strong><\/h3>\n<h4><strong>\u049a\u043e\u043b\u043e\u043a\u0443\u0442\u0430 \u044d\u043a\u0441\u0442\u0440\u0430\u043a\u0442\u044b (\u0410\u0449\u044b \u0430\u043b\u043c\u0430)<\/strong><\/h4>\n<ul>\n<li><strong>\u0431\u04b1\u043b\u0442\u049b\u0430 \u049b\u0430\u0431\u044b\u043d\u0443\u044b\u043d<\/strong> \u0430\u0437\u0430\u0439\u0442\u0443\u0434\u0430 \u04e9\u0442\u0435 \u0442\u0438\u0456\u043c\u0434\u0456<\/li>\n<li><strong>\u0430\u0440\u0442\u0440\u0438\u0442<\/strong>, <strong>\u0440\u0435\u0432\u043c\u0430\u0442\u0438\u0437\u043c<\/strong> \u0436\u04d9\u043d\u0435 <strong>\u0438\u0448\u0435\u043c\u0438\u044f<\/strong> \u04af\u0448\u0456\u043d \u0435\u0440\u0435\u043a\u0448\u0435 \u043f\u0430\u0439\u0434\u0430\u043b\u044b<\/li>\n<li>\u0422\u0435\u0440\u0435\u04a3 \u0431\u04b1\u043b\u0448\u044b\u049b\u0435\u0442 \u0436\u04d9\u043d\u0435 \u0436\u04af\u0439\u043a\u0435 \u0430\u0443\u044b\u0440\u0441\u044b\u043d\u0443\u044b\u043d \u043d\u044b\u0441\u0430\u043d\u0430\u0493\u0430 \u0430\u043b\u0430\u0434\u044b \u0434\u0435\u043f \u0431\u0435\u043b\u0433\u0456\u043b\u0456<\/li>\n<\/ul>\n<h4><strong>\u049a\u0430\u0440\u0430 \u0437\u0435\u0440\u0435 \u044d\u043a\u0441\u0442\u0440\u0430\u043a\u0442\u044b<\/strong><\/h4>\n<ul>\n<li><strong>\u0430\u043d\u0442\u0438\u043e\u043a\u0441\u0438\u0434\u0430\u043d\u0442\u0442\u0430\u0440\u043c\u0435\u043d<\/strong> \u0436\u04d9\u043d\u0435 \u049b\u0430\u0431\u044b\u043d\u0443\u0493\u0430 \u049b\u0430\u0440\u0441\u044b \u049b\u0430\u0441\u0438\u0435\u0442\u0442\u0435\u0440\u043c\u0435\u043d \u0442\u043e\u043b\u0442\u044b\u0440\u044b\u043b\u0493\u0430\u043d<\/li>\n<li><strong>\u0430\u0440\u049b\u0430 \u0430\u0443\u044b\u0440\u0441\u044b\u043d\u0443\u044b\u043d<\/strong>, <strong>\u0442\u0456\u0437\u0435 \u049b\u0430\u0442\u0430\u049b\u0442\u044b\u0493\u044b\u043d<\/strong> \u0436\u04d9\u043d\u0435 <strong>\u0431\u0430\u0441 \u0430\u0443\u0440\u0443\u043b\u0430\u0440\u044b\u043d<\/strong> \u0436\u0435\u04a3\u0456\u043b\u0434\u0435\u0442\u0435\u0434\u0456<\/li>\n<li>\u0411\u04b1\u043b\u0448\u044b\u049b\u0435\u0442\u0442\u0435\u0440 \u043c\u0435\u043d \u0431\u04b1\u043b\u0442\u049b\u0430\u043b\u0430\u0440\u0434\u044b \u0435\u043c\u0434\u0435\u0443\u0433\u0435 \u049b\u043e\u043b\u0434\u0430\u0443 \u043a\u04e9\u0440\u0441\u0435\u0442\u0435\u0434\u0456<\/li>\n<\/ul>\n<h4><strong>\u041c\u0443\u0441\u043a\u0430\u0442 \u0436\u0430\u04a3\u0493\u0430\u0493\u044b \u044d\u043a\u0441\u0442\u0440\u0430\u043a\u0442\u044b<\/strong><\/h4>\n<ul>\n<li>\u0410\u0443\u044b\u0440\u0441\u044b\u043d\u0443\u0434\u044b \u0430\u0437\u0430\u0439\u0442\u0443 \u04af\u0448\u0456\u043d <strong>\u043f\u0440\u043e\u0441\u0442\u0430\u0433\u043b\u0430\u043d\u0434\u0438\u043d\u0434\u0456<\/strong> \u043a\u04af\u0448\u0435\u0439\u0442\u0435\u0442\u0456\u043d \u043d\u0435\u0433\u0456\u0437\u0433\u0456 \u043c\u0430\u0439\u043b\u0430\u0440 \u0431\u0430\u0440<\/li>\n<li><strong>\u0431\u04b1\u043b\u0448\u044b\u049b\u0435\u0442 \u0456\u0441\u0456\u043d\u0443\u0456\u043d<\/strong>, \u0442\u0430\u0440\u0442\u044b\u043b\u0443\u043b\u0430\u0440\u0434\u044b \u0436\u04d9\u043d\u0435 \u0436\u0430\u043b\u043f\u044b \u0430\u0443\u044b\u0440\u0441\u044b\u043d\u0443\u0434\u044b \u0435\u043c\u0434\u0435\u0443\u0433\u0435 \u0442\u0430\u043c\u0430\u0448\u0430<\/li>\n<\/ul>\n<h4><strong>Collis<\/strong><\/h4>\n<ul>\n<li><strong>\u049b\u0430\u0431\u044b\u043d\u0443\u0493\u0430<\/strong> \u0431\u0430\u0439\u043b\u0430\u043d\u044b\u0441\u0442\u044b \u0438\u043c\u043c\u0443\u043d\u0434\u044b\u049b \u0436\u0430\u0443\u0430\u043f\u0442\u044b \u0430\u0437\u0430\u0439\u0442\u0430\u0434\u044b<\/li>\n<li><strong>\u043f\u043e\u0434\u0430\u0433\u0440\u0430\u043d\u044b<\/strong>, <strong>\u0431\u0440\u043e\u043d\u0445\u0438\u0442\u0442\u0456<\/strong> \u0436\u04d9\u043d\u0435 \u049b\u0430\u0431\u044b\u043d\u0443 \u0431\u04b1\u043b\u0442\u049b\u0430 \u0430\u0443\u044b\u0440\u0441\u044b\u043d\u0443\u044b\u043d \u0436\u0435\u04a3\u0456\u043b\u0434\u0435\u0442\u0443\u0433\u0435 \u043a\u04e9\u043c\u0435\u043a\u0442\u0435\u0441\u0435\u0434\u0456<\/li>\n<\/ul>\n<h4><strong>\u0413\u04af\u043b \u043c\u0430\u0439\u044b<\/strong><\/h4>\n<ul>\n<li><strong>\u049b\u0430\u043d \u0430\u0439\u043d\u0430\u043b\u044b\u043c\u044b\u043d<\/strong> \u0436\u0430\u049b\u0441\u0430\u0440\u0442\u0430\u0434\u044b<\/li>\n<li>\u0411\u04b1\u043b\u0442\u049b\u0430 \u0436\u04d9\u043d\u0435 \u0431\u04b1\u043b\u0448\u044b\u049b\u0435\u0442 \u0430\u0443\u044b\u0440\u0441\u044b\u043d\u0443\u044b \u04af\u0448\u0456\u043d \u0442\u0430\u0431\u0438\u0493\u0438 <strong>\u0430\u043d\u0430\u043b\u0433\u0435\u0442\u0438\u043a<\/strong> \u0440\u0435\u0442\u0456\u043d\u0434\u0435 \u0436\u04b1\u043c\u044b\u0441 \u0456\u0441\u0442\u0435\u0439\u0434\u0456<\/li>\n<\/ul>\n<h4><strong>\u0414\u0430\u0440\u0430\u0436\u0430\u043d \u043c\u0430\u0439\u044b<\/strong><\/h4>\n<ul>\n<li>\u049a\u0430\u0442\u0430\u049b\u0442\u044b\u049b \u043f\u0435\u043d \u0448\u0430\u0440\u0448\u0430\u0443\u0434\u044b <strong>\u0430\u0437\u0430\u0439\u0442\u0443<\/strong> \u04af\u0448\u0456\u043d \u049b\u0430\u043d \u0430\u0493\u044b\u043c\u044b\u043d \u044b\u043d\u0442\u0430\u043b\u0430\u043d\u0434\u044b\u0440\u0430\u0434\u044b<\/li>\n<li>\u0411\u0430\u0441 \u0430\u0443\u0440\u0443\u043b\u0430\u0440\u044b \u0436\u04d9\u043d\u0435 <strong>\u0436\u0430\u043b\u043f\u044b \u0431\u04b1\u043b\u0448\u044b\u049b\u0435\u0442 \u0431\u043e\u0441\u0430\u04a3\u0441\u0443\u044b<\/strong> \u04af\u0448\u0456\u043d \u043f\u0430\u0439\u0434\u0430\u043b\u044b<\/li>\n<\/ul>\n<h3><strong> \u041c\u0430\u0441\u0441\u0430\u0436 \u043a\u0440\u0435\u043c\u0456\u043d \u0442\u0438\u0456\u043c\u0434\u0456 \u049b\u043e\u043b\u0434\u0430\u043d\u0443 \u04d9\u0434\u0456\u0441\u0456<\/strong><\/h3>\n<ol>\n<li>\u04d8\u0441\u0435\u0440 \u0435\u0442\u0435\u0442\u0456\u043d \u0430\u0439\u043c\u0430\u049b\u049b\u0430 (\u0430\u0440\u049b\u0430, \u0430\u044f\u049b\u0442\u0430\u0440, \u0442\u0456\u0437\u0435\u043b\u0435\u0440, \u0442.\u0431.) \u0430\u0437 \u043c\u04e9\u043b\u0448\u0435\u0440\u0456\u043d <strong>\u0436\u0430\u0493\u044b\u04a3\u044b\u0437<\/strong><\/li>\n<li><strong>\u041c\u0430\u0441\u0441\u0430\u0436 \u0436\u0430\u0441\u0430\u04a3\u044b\u0437<\/strong> \u0448\u0435\u04a3\u0431\u0435\u0440\u043b\u0456\u043a \u049b\u043e\u0437\u0493\u0430\u043b\u044b\u0441\u0442\u0430\u0440\u043c\u0435\u043d \u0448\u0430\u043c\u0430\u043c\u0435\u043d <strong>10 \u043c\u0438\u043d\u0443\u0442<\/strong><\/li>\n<li><strong>\u041a\u04af\u043d\u0456\u043d\u0435 \u0435\u043a\u0456 \u0440\u0435\u0442<\/strong> \u049b\u043e\u043b\u0434\u0430\u043d\u044b\u04a3\u044b\u0437 \u2013 \u0442\u0430\u04a3\u0435\u0440\u0442\u0435\u04a3 \u0431\u0456\u0440 \u0440\u0435\u0442 \u0436\u04d9\u043d\u0435 <strong>\u04b1\u0439\u049b\u044b \u0430\u043b\u0434\u044b\u043d\u0434\u0430<\/strong> \u0442\u0430\u0493\u044b \u0431\u0456\u0440 \u0440\u0435\u0442<\/li>\n<li><strong>\u041e\u043f\u0446\u0438\u044f\u043b\u044b\u049b:<\/strong> \u0436\u0430\u049b\u0441\u044b \u0441\u0456\u04a3\u0443 \u0436\u04d9\u043d\u0435 \u0436\u044b\u043b\u0434\u0430\u043c \u0436\u0435\u04a3\u0456\u043b\u0434\u0456\u043a \u04af\u0448\u0456\u043d \u043c\u0430\u0441\u0441\u0430\u0436\u0434\u0430\u043d \u043a\u0435\u0439\u0456\u043d \u0436\u044b\u043b\u0443 \u049b\u043e\u043b\u0434\u0430\u043d\u044b\u04a3\u044b\u0437<\/li>\n<li><strong>\u0431\u0430\u0441 \u0430\u0443\u0440\u0443\u043b\u0430\u0440\u044b<\/strong> \u04af\u0448\u0456\u043d \u0430\u043b\u0434\u044b\u04a3\u0493\u044b \u0431\u04e9\u043b\u0456\u0433\u0456\u04a3\u0456\u0437\u0433\u0435 \u0430\u0437 \u043c\u04e9\u043b\u0448\u0435\u0440\u0456\u043d \u0436\u04b1\u043c\u0441\u0430\u049b \u0436\u0430\u0493\u044b\u04a3\u044b\u0437 (\u043a\u04e9\u0437\u0434\u0435\u0440\u0434\u0435\u043d \u0430\u0443\u043b\u0430\u049b \u0431\u043e\u043b\u044b\u04a3\u044b\u0437)<\/li>\n<\/ol>\n<h3><strong> \u049a\u043e\u043b\u0434\u0430\u043d\u0431\u0430\u0441 \u0431\u04b1\u0440\u044b\u043d \u0435\u0441\u043a\u0435\u0440\u0442\u0443\u043b\u0435\u0440<\/strong><\/h3>\n<ul>\n<li>\u0414\u04d9\u0440\u0456\u0433\u0435\u0440 \u043a\u0435\u04a3\u0435\u0441\u0456 \u0431\u043e\u043b\u043c\u0430\u0441\u0430, <strong>\u0436\u04af\u043a\u0442\u0456\u043b\u0456\u043a \u043d\u0435\u043c\u0435\u0441\u0435 \u0431\u0430\u043b\u0430 \u0435\u043c\u0456\u0437\u0443<\/strong> \u043a\u0435\u0437\u0456\u043d\u0434\u0435 \u049b\u043e\u043b\u0434\u0430\u043d\u0443 \u04b1\u0441\u044b\u043d\u044b\u043b\u043c\u0430\u0439\u0434\u044b<\/li>\n<li><strong>\u0436\u0430\u0440\u044b\u049b\u0448\u0430\u049b\u0442\u0430\u043b\u0493\u0430\u043d, \u0442\u0456\u0442\u0456\u0440\u043a\u0435\u043d\u0433\u0435\u043d \u043d\u0435\u043c\u0435\u0441\u0435 \u0441\u0435\u0437\u0456\u043c\u0442\u0430\u043b \u0442\u0435\u0440\u0456\u0433\u0435<\/strong> \u0436\u0430\u0493\u0443\u0434\u0430\u043d \u0430\u0443\u043b\u0430\u049b \u0431\u043e\u043b\u044b\u04a3\u044b\u0437<\/li>\n<li><strong>\u043a\u04e9\u0437\u0434\u0435\u0440\u0434\u0435\u043d, \u0430\u0443\u044b\u0437\u0434\u0430\u043d \u0436\u04d9\u043d\u0435 \u0448\u044b\u0440\u044b\u0448\u0442\u044b \u049b\u0430\u0431\u044b\u049b\u0442\u0430\u0440\u0434\u0430\u043d<\/strong> \u0430\u043b\u044b\u0441 \u04b1\u0441\u0442\u0430\u04a3\u044b\u0437<\/li>\n<li>\u0411\u0430\u043b\u0430\u043b\u0430\u0440\u0434\u044b\u04a3 \u049b\u043e\u043b \u0436\u0435\u0442\u0456\u043c\u0441\u0456\u0437 \u0436\u0435\u0440\u0434\u0435 <strong>\u049b\u0430\u0443\u0456\u043f\u0441\u0456\u0437 \u0441\u0430\u049b\u0442\u0430\u04a3\u044b\u0437<\/strong><\/li>\n<li>\u0422\u0456\u0442\u0456\u0440\u043a\u0435\u043d\u0443 \u043f\u0430\u0439\u0434\u0430 \u0431\u043e\u043b\u0441\u0430, <strong>\u049b\u043e\u043b\u0434\u0430\u043d\u0443\u0434\u044b \u0442\u043e\u049b\u0442\u0430\u0442\u044b\u04a3\u044b\u0437<\/strong> \u0436\u04d9\u043d\u0435 \u043c\u0435\u0434\u0438\u0446\u0438\u043d\u0430\u043b\u044b\u049b \u043a\u0435\u04a3\u0435\u0441 \u0430\u043b\u044b\u04a3\u044b\u0437<\/li>\n<\/ul>\n<h3><strong> \u049a\u043e\u0440\u044b\u0442\u044b\u043d\u0434\u044b \u043e\u0439\u043b\u0430\u0440<\/strong><\/h3>\n<p><strong>\u049a\u043e\u043b\u043e\u043a\u0443\u0442\u0430 \u0436\u04d9\u043d\u0435 \u049b\u0430\u0440\u0430 \u0437\u0435\u0440\u0435 \u0431\u0430\u0440 Lotus \u043c\u0430\u0441\u0441\u0430\u0436 \u043a\u0440\u0435\u043c\u0456<\/strong> \u0436\u0430\u0439 \u0431\u04b1\u043b\u0448\u044b\u049b\u0435\u0442 \u043c\u0430\u0439\u044b \u0435\u043c\u0435\u0441 \u2013 \u043e\u043b \u043a\u04af\u043d\u0434\u0435\u043b\u0456\u043a\u0442\u0456 \u0436\u0430\u0439\u043b\u044b\u043b\u044b\u049b \u04af\u0448\u0456\u043d \u0441\u0456\u0437\u0434\u0456\u04a3 <strong>\u0442\u0430\u0431\u0438\u0493\u0438 \u049b\u04b1\u0440\u0430\u043b\u044b\u04a3\u044b\u0437<\/strong>. \u0418\u0448\u0435\u043c\u0438\u044f\u043d\u044b, \u0441\u043f\u043e\u0440\u0442 \u0437\u0430\u043b\u044b\u043d\u0430\u043d \u043a\u0435\u0439\u0456\u043d\u0433\u0456 \u0430\u0443\u044b\u0440\u0441\u044b\u043d\u0443\u0434\u044b \u043d\u0435\u043c\u0435\u0441\u0435 \u0430\u0440\u049b\u0430 \u049b\u044b\u0441\u044b\u043b\u0443\u044b\u043d \u0431\u0430\u0441\u049b\u0430\u0440\u0441\u0430\u04a3\u044b\u0437, \u0431\u04b1\u043b <strong>\u043c\u0430\u0441\u0441\u0430\u0436 \u043a\u0440\u0435\u043c\u0456<\/strong> \u0434\u04d9\u0441\u0442\u04af\u0440\u043b\u0456 \u0435\u043c\u0434\u0435\u0443\u0434\u0456 \u0437\u0430\u043c\u0430\u043d\u0430\u0443\u0438 \u0442\u0438\u0456\u043c\u0434\u0456\u043b\u0456\u043a\u043f\u0435\u043d \u0431\u0456\u0440\u0456\u043a\u0442\u0456\u0440\u0435\u0434\u0456. \u0422\u0430\u0431\u0438\u0493\u0438 \u0436\u043e\u043b\u043c\u0435\u043d \u043d\u0430\u0493\u044b\u0437 \u0436\u0435\u04a3\u0456\u043b\u0434\u0456\u043a\u0442\u0456 \u0441\u0435\u0437\u0456\u043d\u0456\u04a3\u0456\u0437.<\/p>\n<p><strong>\u0415\u04a3 \u0436\u0430\u049b\u0441\u044b \u0441\u0435\u0437\u0456\u043d\u0443\u0433\u0435 \u043e\u0440\u0430\u043b\u044b\u04a3\u044b\u0437 \u2013 Bazaar Express-\u0442\u0435\u043d \u049b\u0430\u0437\u0456\u0440 \u0441\u0430\u0442\u044b\u043f \u0430\u043b\u044b\u04a3\u044b\u0437 \u0436\u04d9\u043d\u0435 \u04d9\u0440 \u043c\u0430\u0441\u0441\u0430\u0436\u0431\u0435\u043d \u0430\u0439\u044b\u0440\u043c\u0430\u0448\u044b\u043b\u044b\u049b\u0442\u044b \u0441\u0435\u0437\u0456\u043d\u0456\u04a3\u0456\u0437.<\/strong><\/p>\n<p>&nbsp;<\/p>\n<p style=\"text-align: center;\"> <em data-start=\"415\" data-end=\"431\"><a href=\"https:\/\/bazaar.express\/kk\/\">Bazaar Express<\/a><\/em> -\u0442\u0435 \u0448\u043e\u043f\u043f\u0438\u043d\u0433 \u0436\u0430\u0441\u0430\u0434\u0131\u011f\u0131n\u0131z \u04af\u0448\u0456\u043d \u0440\u0430\u049b\u043c\u0435\u0442 \u2013 \u0441\u0456\u0437\u0434\u0456 \u043a\u04e9\u0440\u0433\u0456\u043c\u0456\u0437\u0433\u0435 \u049b\u0443\u0430\u043d\u044b\u0448\u0442\u044b\u043c\u044b\u0437!<\/p>\n<p style=\"text-align: center;\">\u04e8\u0437\u0456\u04a3\u0456\u0437\u0433\u0435 \u043a\u04af\u0442\u0456\u043c \u0436\u0430\u0441\u0430\u0443\u0434\u044b\u04a3 \u0436\u0430\u049b\u0441\u044b \u0436\u043e\u043b\u044b \u043e\u0441\u044b\u043d\u0434\u0430 \u0431\u0430\u0441\u0442\u0430\u043b\u0430\u0434\u044b \u2014 \u0441\u0435\u043d\u0456\u043c\u0434\u0456 <a href=\"https:\/\/bazaar.express\/product-category\/beauty-care\/\">Beauty &#038; Care<\/a> \u0430\u0440\u049b\u044b\u043b\u044b.<\/p>\n","protected":false},"excerpt":{"rendered":"<h3 data-start=\"493\" data-end=\"741\">Lotus \u043c\u0430\u0441\u0441\u0430\u0436 \u043a\u0440\u0435\u043c\u0456\u043c\u0435\u043d \u0442\u0430\u0431\u0438\u0493\u0438 \u0430\u0443\u044b\u0440\u0441\u044b\u043d\u0443\u0434\u044b \u0436\u0435\u04a3\u0456\u043b\u0434\u0435\u0442\u0456\u04a3\u0456\u0437 \u2013 \u049b\u043e\u043b\u043e\u043a\u0443\u0442\u0430, \u049b\u0430\u0440\u0430 \u0437\u0435\u0440\u0435, \u0433\u04af\u043b \u043c\u0430\u0439\u044b \u0436\u04d9\u043d\u0435 \u043c\u0443\u0441\u043a\u0430\u0442 \u0436\u0430\u04a3\u0493\u0430\u0493\u044b \u0431\u0430\u0440 \u0436\u044b\u043b\u0434\u0430\u043c, \u0442\u0438\u0456\u043c\u0434\u0456 \u0436\u0435\u04a3\u0456\u043b\u0434\u0456\u043a \u0430\u0443\u044b\u0440 \u0431\u04b1\u043b\u0448\u044b\u049b\u0435\u0442\u0442\u0435\u0440\u0434\u0435\u043d, \u0431\u04b1\u043b\u0442\u049b\u0430 \u049b\u0430\u0442\u0430\u049b\u0442\u044b\u0493\u044b\u043d\u0430\u043d \u0436\u04d9\u043d\u0435 \u049b\u0430\u0431\u044b\u043d\u0443\u0434\u0430\u043d. \u0418\u0448\u0435\u043c\u0438\u044f, \u0430\u0440\u0442\u0440\u0438\u0442 \u0436\u04d9\u043d\u0435 \u0436\u0430\u0442\u0442\u044b\u0493\u0443 \u043a\u0435\u0439\u0456\u043d\u0433\u0456 \u049b\u0430\u043b\u043f\u044b\u043d\u0430 \u043a\u0435\u043b\u0442\u0456\u0440\u0443 \u04af\u0448\u0456\u043d \u0442\u0430\u043c\u0430\u0448\u0430.<\/h3>\n","protected":false},"featured_media":41802,"comment_status":"open","ping_status":"closed","template":"","meta":[],"product_brand":[],"product_cat":[1176,1185],"product_tag":[1455,1446,1364],"class_list":{"0":"post-41800","1":"product","2":"type-product","3":"status-publish","4":"has-post-thumbnail","6":"product_cat-1176","7":"product_cat-1185","8":"product_tag-1455","9":"product_tag-1446","10":"product_tag-1364","11":"pa_l-xl-150gm","13":"first","14":"instock","15":"sale","16":"shipping-taxable","17":"purchasable","18":"product-type-simple"},"_links":{"self":[{"href":"https:\/\/bazaar.express\/kk\/wp-json\/wp\/v2\/product\/41800","targetHints":{"allow":["GET"]}}],"collection":[{"href":"https:\/\/bazaar.express\/kk\/wp-json\/wp\/v2\/product"}],"about":[{"href":"https:\/\/bazaar.express\/kk\/wp-json\/wp\/v2\/types\/product"}],"replies":[{"embeddable":true,"href":"https:\/\/bazaar.express\/kk\/wp-json\/wp\/v2\/comments?post=41800"}],"wp:featuredmedia":[{"embeddable":true,"href":"https:\/\/bazaar.express\/kk\/wp-json\/wp\/v2\/media\/41802"}],"wp:attachment":[{"href":"https:\/\/bazaar.express\/kk\/wp-json\/wp\/v2\/media?parent=41800"}],"wp:term":[{"taxonomy":"product_brand","embeddable":true,"href":"https:\/\/bazaar.express\/kk\/wp-json\/wp\/v2\/product_brand?post=41800"},{"taxonomy":"product_cat","embeddable":true,"href":"https:\/\/bazaar.express\/kk\/wp-json\/wp\/v2\/product_cat?post=41800"},{"taxonomy":"product_tag","embeddable":true,"href":"https:\/\/bazaar.express\/kk\/wp-json\/wp\/v2\/product_tag?post=41800"}],"curies":[{"name":"wp","href":"https:\/\/api.w.org\/{rel}","templated":true}]}}