{"id":42372,"date":"2024-12-14T00:50:47","date_gmt":"2024-12-14T00:50:47","guid":{"rendered":"https:\/\/bazaar.express\/product\/marjoram-oil\/"},"modified":"2024-12-14T00:50:47","modified_gmt":"2024-12-14T00:50:47","slug":"marjoram-oil","status":"publish","type":"product","link":"https:\/\/bazaar.express\/kk\/product\/marjoram-oil\/","title":{"rendered":"\u041c\u0430\u0439\u043e\u0440\u0430\u043d \u043c\u0430\u0439\u044b"},"content":{"rendered":"<h2 data-start=\"188\" data-end=\"277\">Lotus \u043c\u0430\u0439\u043e\u0440\u0430\u043d \u043c\u0430\u0439\u044b: \u0416\u0430\u0440\u049b\u044b\u043d \u0442\u0435\u0440\u0456, \u0441\u0430\u0443 \u0448\u0430\u0448 \u0436\u04d9\u043d\u0435 \u0456\u0448\u043a\u0456 \u0442\u044b\u043d\u044b\u0448\u0442\u044b\u049b\u049b\u0430 \u0430\u0440\u043d\u0430\u043b\u0493\u0430\u043d \u0442\u0430\u0431\u0438\u0493\u0438 \u044d\u043b\u0438\u043a\u0441\u0438\u0440<\/h2>\n<h3 data-start=\"279\" data-end=\"355\">\u00a0\u041c\u0430\u0439\u043e\u0440\u0430\u043d\u043d\u044b\u04a3 \u043a\u04af\u0448\u0456\u043d \u0430\u0448\u044b\u04a3\u044b\u0437: \u0442\u0435\u0440\u0456, \u0448\u0430\u0448 \u0436\u04d9\u043d\u0435 \u0436\u0430\u043b\u043f\u044b \u0434\u0435\u043d\u0441\u0430\u0443\u043b\u044b\u049b \u04af\u0448\u0456\u043d<\/h3>\n<p data-start=\"357\" data-end=\"676\">Lotus \u043c\u0430\u0439\u043e\u0440\u0430\u043d \u043c\u0430\u0439\u044b \u2013 \u0431\u04b1\u043b \u0442\u0435\u043a \u044d\u0444\u0438\u0440 \u043c\u0430\u0439 \u0435\u043c\u0435\u0441, \u0435\u0436\u0435\u043b\u0433\u0456 \u0434\u04d9\u0441\u0442\u04af\u0440\u043b\u0435\u0440\u0433\u0435 \u0442\u0430\u043c\u044b\u0440 \u0442\u0430\u0440\u0442\u049b\u0430\u043d \u0443\u0430\u049b\u044b\u0442 \u0441\u044b\u043d\u0430\u0434\u0430\u043d \u04e9\u0442\u043a\u0435\u043d \u0448\u04e9\u043f\u0442\u0456\u043a \u0435\u043c. \u041e\u043d\u044b\u04a3 \u043a\u04af\u0448\u0442\u0456 \u0430\u043d\u0442\u0438\u043e\u043a\u0441\u0438\u0434\u0430\u043d\u0442\u0442\u044b, \u049b\u0430\u0431\u044b\u043d\u0443\u0493\u0430 \u049b\u0430\u0440\u0441\u044b \u0436\u04d9\u043d\u0435 \u0442\u044b\u043d\u044b\u0448\u0442\u0430\u043d\u0434\u044b\u0440\u0430\u0442\u044b\u043d \u049b\u0430\u0441\u0438\u0435\u0442\u0442\u0435\u0440\u0456 \u0431\u0430\u0440, \u0442\u0435\u0440\u0456\u0441\u0456\u043d \u049b\u043e\u0440\u0435\u043a\u0442\u0435\u043d\u0434\u0456\u0440\u0443\u0433\u0435, \u0437\u0430\u049b\u044b\u043c\u0434\u0430\u043b\u0493\u0430\u043d \u0448\u0430\u0448\u0442\u044b \u049b\u0430\u043b\u043f\u044b\u043d\u0430 \u043a\u0435\u043b\u0442\u0456\u0440\u0443\u0433\u0435 \u0436\u04d9\u043d\u0435 \u0441\u0442\u0440\u0435\u0441\u0441\u0442\u0456 \u0442\u0430\u0431\u0438\u0493\u0438 \u0436\u043e\u043b\u043c\u0435\u043d \u0430\u0437\u0430\u0439\u0442\u0443\u0493\u0430 \u04b1\u043c\u0442\u044b\u043b\u0430\u0442\u044b\u043d \u0431\u0430\u0440\u043b\u044b\u049b \u0430\u0434\u0430\u043c\u0434\u0430\u0440\u0493\u0430 \u0442\u0430\u043c\u0430\u0448\u0430.<\/p>\n<p data-start=\"678\" data-end=\"934\">\u0415\u0436\u0435\u043b\u0433\u0456 \u041c\u044b\u0441\u044b\u0440 \u0436\u04d9\u043d\u0435 \u0413\u0440\u0435\u043a \u043a\u0435\u0437\u0434\u0435\u0440\u0456\u043d\u0435\u043d \u0431\u0430\u0441\u0442\u0430\u043f \u049b\u043e\u043b\u0434\u0430\u043d\u044b\u043b\u0493\u0430\u043d \u043c\u0430\u0439\u043e\u0440\u0430\u043d \u043c\u0430\u0439\u044b \u0434\u0435\u043d\u0435\u043d\u0456 \u0442\u044b\u043d\u044b\u0448\u0442\u0430\u043d\u0434\u044b\u0440\u044b\u043f, \u0440\u0443\u0445\u0442\u044b \u043a\u04e9\u0442\u0435\u0440\u0443 \u049b\u0430\u0431\u0456\u043b\u0435\u0442\u0456\u043c\u0435\u043d \u043c\u0430\u049b\u0442\u0430\u0443\u0493\u0430 \u043b\u0430\u0439\u044b\u049b. \u0411\u04af\u0433\u0456\u043d Lotus \u043c\u0430\u0439\u043e\u0440\u0430\u043d \u043c\u0430\u0439\u044b \u0442\u0430\u0437\u0430, \u043a\u04af\u0448\u0442\u0456 \u0444\u043e\u0440\u043c\u0443\u043b\u0430\u043c\u0435\u043d \u0431\u04b1\u043b \u043c\u04b1\u0440\u0430\u043d\u044b \u0436\u0430\u043b\u0493\u0430\u0441\u0442\u044b\u0440\u0430\u0434\u044b, \u043a\u04e9\u0440\u0456\u043d\u0435\u0442\u0456\u043d \u043d\u04d9\u0442\u0438\u0436\u0435\u043b\u0435\u0440\u0434\u0456 \u0431\u0435\u0440\u0435\u0434\u0456.<\/p>\n<h3 data-start=\"941\" data-end=\"999\">\u00a0\u0422\u0435\u0440\u0456\u0433\u0435 \u0430\u0440\u043d\u0430\u043b\u0493\u0430\u043d \u043f\u0430\u0439\u0434\u0430\u043b\u0430\u0440\u044b: \u0436\u0430\u0440\u049b\u044b\u0440\u0430\u0443, \u0442\u0435\u0433\u0456\u0441\u0434\u0456\u043a \u0436\u04d9\u043d\u0435 \u0435\u043c\u0434\u0435\u0443<\/h3>\n<p data-start=\"1001\" data-end=\"1174\">Lotus \u043c\u0430\u0439\u043e\u0440\u0430\u043d \u043c\u0430\u0439\u044b \u0441\u0430\u043f\u0435\u043d\u0438\u043d, \u0440\u043e\u0437\u043c\u0430\u0440\u0438\u043d\u0438\u043a \u049b\u044b\u0448\u049b\u044b\u043b\u044b, \u0442\u0440\u0438\u0433\u043b\u0438\u0446\u0435\u0440\u0438\u0434\u0442\u0435\u0440 \u0436\u04d9\u043d\u0435 E-\u0431\u0435\u0434\u0430-\u043a\u0430\u0440\u0438\u043e\u0444\u0438\u043b\u043b\u0435\u043d \u0441\u0438\u044f\u049b\u0442\u044b \u0442\u0435\u0440\u0456\u043d\u0456 \u0436\u0430\u04a3\u0493\u044b\u0440\u0442\u0443 \u049b\u043e\u0441\u044b\u043b\u044b\u0441\u0442\u0430\u0440\u044b\u043d\u0430 \u0431\u0430\u0439. \u0411\u04b1\u043b \u0431\u0438\u043e\u0430\u043a\u0442\u0438\u0432\u0442\u0456 \u044d\u043b\u0435\u043c\u0435\u043d\u0442\u0442\u0435\u0440 \u0431\u0456\u0440\u0433\u0435 \u0436\u04b1\u043c\u044b\u0441 \u0456\u0441\u0442\u0435\u0439\u0434\u0456:<\/p>\n<ul data-start=\"1176\" data-end=\"1426\">\n<li data-start=\"1176\" data-end=\"1239\">\n<p data-start=\"1178\" data-end=\"1239\"><strong data-start=\"1178\" data-end=\"1205\">\u0422\u0435\u0440\u0456 \u049b\u0430\u0431\u044b\u043d\u0443\u044b\u043c\u0435\u043d \u043a\u04af\u0440\u0435\u0441\u0435\u0434\u0456<\/strong> \u0436\u04d9\u043d\u0435 \u049b\u044b\u0437\u0430\u0440\u0443\u0434\u044b \u043d\u0435\u043c\u0435\u0441\u0435 \u0442\u0456\u0442\u0456\u0440\u043a\u0435\u043d\u0443\u0434\u0456 \u0430\u0437\u0430\u0439\u0442\u0430\u0434\u044b.<\/p>\n<\/li>\n<li data-start=\"1240\" data-end=\"1308\">\n<p data-start=\"1242\" data-end=\"1308\"><strong data-start=\"1242\" data-end=\"1273\">\u041a\u043e\u043b\u043b\u0430\u0433\u0435\u043d \u04e9\u043d\u0434\u0456\u0440\u0456\u0441\u0456\u043d \u044b\u043d\u0442\u0430\u043b\u0430\u043d\u0434\u044b\u0440\u0430\u0434\u044b<\/strong> \u043c\u044b\u049b\u0442\u044b, \u0436\u0430\u0441 \u043a\u04e9\u0440\u0456\u043d\u0435\u0442\u0456\u043d \u0442\u0435\u0440\u0456 \u04af\u0448\u0456\u043d.<\/p>\n<\/li>\n<li data-start=\"1309\" data-end=\"1362\">\n<p data-start=\"1311\" data-end=\"1362\"><strong data-start=\"1311\" data-end=\"1333\">\u049a\u0430\u0440\u0430 \u0434\u0430\u049b\u0442\u0430\u0440\u0434\u044b \u0430\u0493\u0430\u0440\u0442\u0430\u0434\u044b<\/strong> \u0436\u04d9\u043d\u0435 \u0442\u0435\u0433\u0456\u0441 \u0435\u043c\u0435\u0441 \u0442\u0435\u0440\u0456 \u0442\u043e\u043d\u0443\u0441\u044b\u043d \u0442\u0435\u0433\u0456\u0441\u0442\u0435\u0439\u0434\u0456.<\/p>\n<\/li>\n<li data-start=\"1363\" data-end=\"1426\">\n<p data-start=\"1365\" data-end=\"1426\"><strong data-start=\"1365\" data-end=\"1383\">\u0422\u0435\u0440\u0435\u04a3 \u043d\u04d9\u0437\u0456\u043a\u0442\u0456\u043a \u0431\u0435\u0440\u0435\u0434\u0456<\/strong>, \u0442\u0435\u0440\u0456\u043d\u0456 \u0438\u043a\u0435\u043c\u0434\u0456, \u0442\u0435\u0433\u0456\u0441 \u0436\u04d9\u043d\u0435 \u0436\u0430\u0440\u049b\u044b\u043d \u0435\u0442\u0435\u0434\u0456.<\/p>\n<\/li>\n<\/ul>\n<p data-start=\"1428\" data-end=\"1563\">\u0421\u0456\u0437 \u0430\u043a\u043d\u0435, \u0431\u043e\u0437\u0430\u044e \u043d\u0435\u043c\u0435\u0441\u0435 \u049b\u04b1\u0440\u0493\u0430\u049b \u0436\u0435\u0440\u043b\u0435\u0440\u043c\u0435\u043d \u043a\u04af\u0440\u0435\u0441\u0456\u043f \u0436\u0430\u0442\u0441\u0430\u04a3\u044b\u0437, \u0431\u04b1\u043b \u043c\u0430\u0439 \u0442\u0435\u0440\u0456\u043d\u0456\u04a3 \u0442\u0430\u0431\u0438\u0493\u0438 \u0436\u0430\u0440\u049b\u044b\u0440\u0430\u0443\u044b\u043d \u049b\u0430\u043b\u043f\u044b\u043d\u0430 \u043a\u0435\u043b\u0442\u0456\u0440\u0443\u0433\u0435 \u0436\u04d9\u043d\u0435 \u0442\u0435\u04a3\u0433\u0435\u0440\u0456\u043c\u0434\u0456 \u0435\u0442\u0443\u0433\u0435 \u043a\u04e9\u043c\u0435\u043a\u0442\u0435\u0441\u0435\u0434\u0456 \u2013 \u0442\u0430\u0431\u0438\u0493\u0438 \u0442\u04af\u0440\u0434\u0435.<\/p>\n<h3 data-start=\"1570\" data-end=\"1627\">\u00a0\u0428\u0430\u0448 \u043a\u04af\u0442\u0456\u043c\u0456 \u0431\u0430\u0442\u044b\u0440\u044b: \u043d\u044b\u0493\u0430\u0439\u0442\u0443, \u0436\u0430\u0440\u049b\u044b\u0440\u0430\u0443 \u0436\u04d9\u043d\u0435 \u049b\u043e\u0440\u0493\u0430\u0443<\/h3>\n<p data-start=\"1629\" data-end=\"1680\">\u049a\u04b1\u0440\u0493\u0430\u049b \u043f\u0430? \u041a\u0435\u043f\u043a\u0435\u043d \u0431\u0435? \u0416\u044b\u043b\u0443 \u043f\u0456\u0448\u0456\u043d\u0434\u0435\u0443 \u043d\u0435\u043c\u0435\u0441\u0435 \u0431\u043e\u044f\u0443\u0434\u0430\u043d \u0437\u0430\u049b\u044b\u043c\u0434\u0430\u043b\u0493\u0430\u043d \u0431\u0430?<\/p>\n<p data-start=\"1682\" data-end=\"1730\">Lotus \u043c\u0430\u0439\u043e\u0440\u0430\u043d \u043c\u0430\u0439\u044b \u0448\u0430\u0448 \u0442\u04af\u043a\u0448\u0435\u0441\u0456\u043d \u0435\u043d\u0434\u0456\u0440\u0435\u0434\u0456:<\/p>\n<ul data-start=\"1732\" data-end=\"1998\">\n<li data-start=\"1732\" data-end=\"1778\">\n<p data-start=\"1734\" data-end=\"1778\"><strong data-start=\"1734\" data-end=\"1760\">\u041d\u04d9\u0437\u0456\u043a\u0442\u0456\u043a \u0431\u0435\u0440\u0456\u043f, \u049b\u043e\u0440\u0435\u043a\u0442\u0435\u043d\u0434\u0456\u0440\u0435\u0434\u0456<\/strong> \u0442\u04af\u0431\u0456\u0440\u0434\u0435\u043d \u04b1\u0448\u049b\u0430 \u0434\u0435\u0439\u0456\u043d.<\/p>\n<\/li>\n<li data-start=\"1779\" data-end=\"1848\">\n<p data-start=\"1781\" data-end=\"1848\"><strong data-start=\"1781\" data-end=\"1811\">\u041d\u04d9\u0437\u0456\u043a \u0442\u0430\u043b\u0448\u044b\u049b\u0442\u0430\u0440\u0434\u044b \u043d\u044b\u0493\u0430\u0439\u0442\u0430\u0434\u044b<\/strong>, \u0441\u044b\u043d\u0493\u0430\u043d\u044b\u043d \u0436\u04d9\u043d\u0435 \u0431\u04e9\u043b\u0456\u043d\u0433\u0435\u043d \u04b1\u0448\u0442\u0430\u0440\u0434\u044b \u0431\u043e\u043b\u0434\u044b\u0440\u043c\u0430\u0439\u0434\u044b.<\/p>\n<\/li>\n<li data-start=\"1849\" data-end=\"1922\">\n<p data-start=\"1851\" data-end=\"1922\"><strong data-start=\"1851\" data-end=\"1877\">\u0416\u0430\u0440\u049b\u044b\u0440\u0430\u0443 \u043c\u0435\u043d \u0436\u04b1\u043c\u0441\u0430\u049b\u0442\u044b \u049b\u043e\u0441\u0430\u0434\u044b<\/strong>, \u0448\u0430\u0448\u049b\u0430 \u0442\u0430\u0431\u0438\u0493\u0438 \u0436\u0456\u0431\u0435\u043a\u0442\u0435\u0439 \u049b\u04b1\u0440\u044b\u043b\u044b\u043c \u0431\u0435\u0440\u0435\u0434\u0456.<\/p>\n<\/li>\n<li data-start=\"1923\" data-end=\"1998\">\n<p data-start=\"1925\" data-end=\"1998\"><strong data-start=\"1925\" data-end=\"1965\">\u049a\u043e\u0440\u0448\u0430\u0493\u0430\u043d \u043e\u0440\u0442\u0430 \u0444\u0430\u043a\u0442\u043e\u0440\u043b\u0430\u0440\u044b\u043d\u0430\u043d \u049b\u043e\u0440\u0493\u0430\u0439\u0434\u044b<\/strong>, \u043c\u044b\u0441\u0430\u043b\u044b \u0448\u0430\u04a3, \u0436\u044b\u043b\u0443 \u0436\u04d9\u043d\u0435 \u043b\u0430\u0441\u0442\u0430\u043d\u0443.<\/p>\n<\/li>\n<\/ul>\n<p data-start=\"2000\" data-end=\"2122\">\u0411\u0430\u0441 \u0442\u0435\u0440\u0456\u0441\u0456\u043d\u0435 \u0431\u0456\u0440\u043d\u0435\u0448\u0435 \u0442\u0430\u043c\u0448\u044b\u043d\u044b \u04b1\u0440\u044b\u043f, \u0448\u0430\u0448 \u0434\u0435\u043d\u0441\u0430\u0443\u043b\u044b\u0493\u044b\u043d \u0436\u0430\u049b\u0441\u0430\u0440\u0442\u044b\u043f, \u0436\u0430\u0440\u049b\u044b\u0440\u0430\u0493\u0430\u043d, \u0441\u0430\u0443 \u0448\u0430\u0448\u049b\u0430 \u049b\u043e\u043b \u0436\u0435\u0442\u043a\u0456\u0437\u0443 \u04af\u0448\u0456\u043d \u043a\u043e\u043d\u0434\u0438\u0446\u0438\u043e\u043d\u0435\u0440\u0433\u0435 \u049b\u043e\u0441\u044b\u04a3\u044b\u0437.<\/p>\n<h3 data-start=\"2129\" data-end=\"2203\">\u00a0\u0406\u0448\u043a\u0456 \u0442\u044b\u043d\u044b\u0448\u0442\u044b\u049b: \u0441\u0442\u0440\u0435\u0441\u0441, \u0430\u0443\u044b\u0440\u0441\u044b\u043d\u0443 \u0436\u04d9\u043d\u0435 \u04b1\u0439\u049b\u044b \u043c\u04d9\u0441\u0435\u043b\u0435\u043b\u0435\u0440\u0456\u043d\u0435 \u0442\u0430\u0431\u0438\u0493\u0438 \u0436\u0435\u04a3\u0456\u043b\u0434\u0456\u043a<\/h3>\n<p data-start=\"2205\" data-end=\"2263\">\u041c\u0430\u0439\u043e\u0440\u0430\u043d \u0442\u0435\u043a \u0441\u04b1\u043b\u0443\u043b\u044b\u049b \u04af\u0448\u0456\u043d \u0435\u043c\u0435\u0441 \u2013 \u043e\u043b \u0434\u0435\u043d\u0441\u0430\u0443\u043b\u044b\u049b \u043a\u04af\u0448\u0456.<\/p>\n<ul data-start=\"2265\" data-end=\"2580\">\n<li data-start=\"2265\" data-end=\"2356\">\n<p data-start=\"2267\" data-end=\"2356\"><strong data-start=\"2267\" data-end=\"2294\">\u0422\u0430\u0431\u0438\u0493\u0438 \u0441\u0442\u0440\u0435\u0441\u0441 \u0436\u0435\u04a3\u0456\u043b\u0434\u0435\u0442\u043a\u0456\u0448\u0456<\/strong>: \u043e\u043d\u044b\u04a3 \u0442\u044b\u043d\u044b\u0448\u0442\u0430\u043d\u0434\u044b\u0440\u0430\u0442\u044b\u043d \u0445\u043e\u0448 \u0438\u0456\u0441\u0456 \u043c\u0430\u0437\u0430\u0441\u044b\u0437\u0434\u044b\u049b \u043f\u0435\u043d \u043d\u0435\u0440\u0432\u0442\u0456 \u043a\u0435\u0440\u043d\u0435\u0443\u0434\u0456 \u0430\u0437\u0430\u0439\u0442\u0443\u0493\u0430 \u043a\u04e9\u043c\u0435\u043a\u0442\u0435\u0441\u0435\u0434\u0456.<\/p>\n<\/li>\n<li data-start=\"2357\" data-end=\"2424\">\n<p data-start=\"2359\" data-end=\"2424\"><strong data-start=\"2359\" data-end=\"2377\">\u04b0\u0439\u049b\u044b \u0436\u0430\u049b\u0441\u0430\u0440\u0442\u0443\u0448\u044b<\/strong>: \u0422\u04af\u043d\u0433\u0435 \u049b\u0430\u0441\u044b\u049b \u04b1\u0439\u049b\u044b\u043d\u044b \u0436\u0430\u049b\u0441\u0430\u0440\u0442\u0430\u0434\u044b.<\/p>\n<\/li>\n<li data-start=\"2425\" data-end=\"2489\">\n<p data-start=\"2427\" data-end=\"2489\"><strong data-start=\"2427\" data-end=\"2449\">\u0422\u044b\u043d\u044b\u0441 \u0430\u043b\u0443\u0493\u0430 \u0436\u0435\u04a3\u0456\u043b\u0434\u0456\u043a<\/strong>: \u0416\u04e9\u0442\u0435\u043b \u043c\u0435\u043d \u0430\u0441\u0442\u043c\u0430 \u0431\u0435\u043b\u0433\u0456\u043b\u0435\u0440\u0456\u043d \u0436\u0435\u04a3\u0456\u043b\u0434\u0435\u0442\u0435\u0434\u0456.<\/p>\n<\/li>\n<li data-start=\"2490\" data-end=\"2580\">\n<p data-start=\"2492\" data-end=\"2580\"><strong data-start=\"2492\" data-end=\"2517\">\u0411\u04b1\u043b\u0448\u044b\u049b\u0435\u0442 \u0436\u04d9\u043d\u0435 \u0436\u04af\u0439\u043a\u0435 \u0430\u0443\u044b\u0440\u0441\u044b\u043d\u0443\u044b<\/strong>: \u0436\u0435\u0440\u0433\u0456\u043b\u0456\u043a\u0442\u0456 \u049b\u043e\u043b\u0434\u0430\u043d\u0443 \u0430\u0440\u049b\u044b\u043b\u044b \u0430\u0443\u044b\u0440\u0441\u044b\u043d\u0443\u0434\u044b, \u0441\u043f\u0430\u0437\u043c\u0434\u0430\u0440\u0434\u044b \u0436\u04d9\u043d\u0435 \u0431\u0443\u044b\u043d \u049b\u0430\u0442\u0430\u049b\u0442\u044b\u0493\u044b\u043d \u0436\u0435\u04a3\u0456\u043b\u0434\u0435\u0442\u0435\u0434\u0456.<\/p>\n<\/li>\n<\/ul>\n<p data-start=\"2582\" data-end=\"2640\">\u0411\u04b1\u043b \u04af\u0439\u0434\u0435\u0433\u0456 \u04e9\u0437\u0456\u043d-\u04e9\u0437\u0456 \u043a\u04af\u0442\u0443 \u0440\u0443\u0442\u0438\u043d\u0430\u0441\u044b\u043d\u0430 \u043c\u0456\u043d\u0434\u0435\u0442\u0442\u0456.<\/p>\n<h3 data-start=\"2647\" data-end=\"2685\">\u00a0\u0415\u0441\u043a\u0435\u0440\u0442\u0443\u043b\u0435\u0440\u0434\u0456 \u0431\u0456\u043b\u0443 \u043a\u0435\u0440\u0435\u043a<\/h3>\n<ul data-start=\"2687\" data-end=\"2927\">\n<li data-start=\"2687\" data-end=\"2763\">\n<p data-start=\"2689\" data-end=\"2763\"><strong data-start=\"2705\" data-end=\"2735\">\u0416\u04af\u043a\u0442\u0456\u043b\u0456\u043a \u043d\u0435\u043c\u0435\u0441\u0435 \u0431\u0430\u043b\u0430 \u0435\u043c\u0456\u0437\u0443 \u043a\u0435\u0437\u0456\u043d\u0434\u0435<\/strong> \u049b\u0430\u0443\u0456\u043f\u0441\u0456\u0437 \u0435\u043c\u0435\u0441 \u2013 \u0435\u0442\u0435\u043a\u043a\u0456\u0440\u0434\u0456 \u044b\u043d\u0442\u0430\u043b\u0430\u043d\u0434\u044b\u0440\u0443\u044b \u043c\u04af\u043c\u043a\u0456\u043d.<\/p>\n<\/li>\n<li data-start=\"2764\" data-end=\"2812\">\n<p data-start=\"2766\" data-end=\"2812\"><strong data-start=\"2787\" data-end=\"2811\">\u0411\u0430\u043b\u0430\u043b\u0430\u0440 \u043c\u0435\u043d \u043d\u04d9\u0440\u0435\u0441\u0442\u0435\u043b\u0435\u0440\u0434\u0456\u04a3 \u049b\u043e\u043b\u044b\u043d\u0430\u043d \u0442\u044b\u0441<\/strong> \u0441\u0430\u049b\u0442\u0430\u04a3\u044b\u0437.<\/p>\n<\/li>\n<li data-start=\"2813\" data-end=\"2876\">\n<p data-start=\"2815\" data-end=\"2876\">\u04d8\u0440\u049b\u0430\u0448\u0430\u043d <strong data-start=\"2822\" data-end=\"2846\">\u043f\u043b\u0430\u0441\u0442\u044b\u0440\u043b\u0456\u043a \u0442\u0435\u0441\u0442 \u0436\u0430\u0441\u0430\u04a3\u044b\u0437<\/strong> \u0431\u04af\u043a\u0456\u043b \u0434\u0435\u043d\u0435\u0433\u0435 \u0436\u0430\u0493\u0430\u0440 \u0430\u043b\u0434\u044b\u043d.<\/p>\n<\/li>\n<li data-start=\"2877\" data-end=\"2927\">\n<p data-start=\"2879\" data-end=\"2927\">\u04b0\u0441\u044b\u043d\u044b\u043b\u0493\u0430\u043d \u043c\u04e9\u043b\u0448\u0435\u0440\u0434\u0435\u043d \u0430\u0440\u0442\u044b\u049b \u0442\u04b1\u0442\u044b\u3093\u0431\u0430\u04a3\u044b\u0437.<\/p>\n<\/li>\n<\/ul>\n<h3 data-start=\"2934\" data-end=\"2974\">\u00a0Lotus \u043c\u0430\u0439\u043e\u0440\u0430\u043d \u043c\u0430\u0439\u044b\u043d \u049b\u0430\u043b\u0430\u0439 \u049b\u043e\u043b\u0434\u0430\u043d\u0443 \u043a\u0435\u0440\u0435\u043a<\/h3>\n<p data-start=\"2976\" data-end=\"3068\"><strong data-start=\"2976\" data-end=\"2988\">\u0422\u0435\u0440\u0456\u0433\u0435 \u0430\u0440\u043d\u0430\u043b\u0493\u0430\u043d<\/strong>:<br data-start=\"2989\" data-end=\"2992\" \/>\u0422\u0430\u0437\u0430\u0440\u0442\u044b\u043b\u0493\u0430\u043d \u0442\u0435\u0440\u0456\u0433\u0435 \u0442\u0456\u043a\u0435\u043b\u0435\u0439 \u0436\u0430\u0493\u044b\u043f, \u0436\u04b1\u043c\u0441\u0430\u049b \u04b1\u0440\u044b\u04a3\u044b\u0437. \u0415\u04a3 \u0436\u0430\u049b\u0441\u044b \u043d\u04d9\u0442\u0438\u0436\u0435 \u04af\u0448\u0456\u043d \u043a\u04af\u043d\u0434\u0435\u043b\u0456\u043a\u0442\u0456 \u049b\u043e\u043b\u0434\u0430\u043d\u044b\u04a3\u044b\u0437.<\/p>\n<p data-start=\"3070\" data-end=\"3187\"><strong>\u0428\u0430\u0448\u049b\u0430 \u0430\u0440\u043d\u0430\u043b\u0493\u0430\u043d:<\/strong><br data-start=\"3083\" data-end=\"3086\" \/>\u0411\u0430\u0441 \u0442\u0435\u0440\u0456\u0441\u0456\u043d\u0435 \u04b1\u0440\u044b\u04a3\u044b\u0437 \u043d\u0435\u043c\u0435\u0441\u0435 \u0448\u0430\u043c\u043f\u0443\u043d\u044c\/\u043a\u043e\u043d\u0434\u0438\u0446\u0438\u043e\u043d\u0435\u0440\u0433\u0435 \u049b\u043e\u0441\u044b\u04a3\u044b\u0437. \u042e\u0434\u0443 \u0430\u043b\u0434\u044b\u043d 20\u201330 \u043c\u0438\u043d\u0443\u0442 \u049b\u0430\u043b\u0434\u044b\u0440\u044b\u04a3\u044b\u0437.<\/p>\n<p data-start=\"3189\" data-end=\"3278\"><strong data-start=\"3189\" data-end=\"3207\">\u0420\u0435\u043b\u0430\u043a\u0441\u0430\u0446\u0438\u044f \u04af\u0448\u0456\u043d<\/strong>:<br data-start=\"3208\" data-end=\"3211\" \/>\u0411\u0456\u0440\u043d\u0435\u0448\u0435 \u0442\u0430\u043c\u0448\u044b\u043d\u044b \u0434\u0438\u0444\u0444\u0443\u0437\u0435\u0440\u0433\u0435 \u0441\u0430\u043b\u044b\u04a3\u044b\u0437 \u043d\u0435\u043c\u0435\u0441\u0435 \u0442\u0435\u0440\u0435\u04a3 \u0442\u044b\u043d\u044b\u0441\u044b\u04a3\u044b\u0437 \u043c\u0430\u0437\u0430\u0441\u044b\u0437\u0434\u044b\u049b \u043f\u0435\u043d \u043a\u0435\u0440\u043d\u0435\u0443\u0434\u0456 \u0430\u0437\u0430\u0439\u0442\u0443 \u04af\u0448\u0456\u043d.<\/p>\n<p data-start=\"3280\" data-end=\"3379\"><strong data-start=\"3280\" data-end=\"3293\">\u04b0\u0439\u049b\u044b \u04af\u0448\u0456\u043d<\/strong>:<br data-start=\"3294\" data-end=\"3297\" \/>1\/2 \u0448\u0430\u0439 \u049b\u0430\u0441\u044b\u049b \u0430\u0443\u044b\u0437\u0448\u0430 \u0430\u043b\u044b\u04a3\u044b\u0437 (\u0430\u043b\u0434\u044b\u043c\u0435\u043d \u0434\u04d9\u0440\u0456\u0433\u0435\u0440\u0433\u0435 \u043a\u0435\u04a3\u0435\u0441\u0456\u04a3\u0456\u0437) \u0442\u04e9\u0441\u0435\u043a\u043a\u0435 \u0436\u0430\u0442\u0430\u0440 \u0430\u043b\u0434\u044b\u043d \u043d\u0435\u043c\u0435\u0441\u0435 \u043a\u0435\u0443\u0434\u0435\u0433\u0435 \u0436\u0430\u0493\u044b\u04a3\u044b\u0437.<\/p>\n<p data-start=\"3381\" data-end=\"3472\"><strong data-start=\"3381\" data-end=\"3400\">\u0411\u04b1\u043b\u0448\u044b\u049b\u0435\u0442 \u0430\u0443\u044b\u0440\u0441\u044b\u043d\u0443\u044b \u04af\u0448\u0456\u043d<\/strong>:<br data-start=\"3401\" data-end=\"3404\" \/>\u0410\u0443\u044b\u0440 \u0436\u0435\u0440\u043b\u0435\u0440\u0433\u0435 \u043a\u04af\u043d\u0456\u043d\u0435 \u0435\u043a\u0456 \u0440\u0435\u0442 \u0448\u0435\u04a3\u0431\u0435\u0440\u043b\u0456\u043a \u049b\u043e\u0437\u0493\u0430\u043b\u044b\u0441\u043f\u0435\u043d \u04b1\u0440\u044b\u04a3\u044b\u0437 \u0436\u044b\u043b\u0434\u0430\u043c \u0436\u0435\u04a3\u0456\u043b\u0434\u0456\u043a \u04af\u0448\u0456\u043d.<\/p>\n<h3 data-start=\"3791\" data-end=\"3848\">\u00a0\u0421\u043e\u04a3\u0493\u044b \u043e\u0439\u043b\u0430\u0440: \u041d\u0435\u0433\u0435 Lotus \u043c\u0430\u0439\u043e\u0440\u0430\u043d \u043c\u0430\u0439\u044b\u043d \u0442\u0430\u04a3\u0434\u0430\u0443 \u043a\u0435\u0440\u0435\u043a?<\/h3>\n<p data-start=\"3850\" data-end=\"4131\">\u0421\u04b1\u043b\u0443\u043b\u044b\u049b \u0436\u04d9\u043d\u0435 \u0434\u0435\u043d\u0441\u0430\u0443\u043b\u044b\u049b \u049b\u0430\u0436\u0435\u0442\u0442\u0456\u043b\u0456\u043a\u0442\u0435\u0440\u0456\u04a3\u0456\u0437\u0433\u0435 \u0441\u0430\u0439 \u0431\u0430\u0440\u043b\u044b\u049b \u0442\u0430\u0431\u0438\u0493\u0438, \u043a\u04e9\u043f \u043f\u0430\u0439\u0434\u0430\u043b\u044b \u044d\u0444\u0438\u0440 \u043c\u0430\u0439\u044b\u043d \u0456\u0437\u0434\u0435\u0441\u0435\u04a3\u0456\u0437, <strong data-start=\"3968\" data-end=\"3990\">Lotus \u043c\u0430\u0439\u043e\u0440\u0430\u043d \u043c\u0430\u0439\u044b<\/strong> \u0442\u0430\u043c\u0430\u0448\u0430 \u0442\u0430\u04a3\u0434\u0430\u0443. \u041e\u043b \u0442\u0435\u0440\u0456\u043d\u0456 \u043d\u04d9\u0437\u0456\u043a \u0435\u0442\u0435\u0434\u0456, \u0448\u0430\u0448\u0442\u044b \u0436\u04e9\u043d\u0434\u0435\u043f, \u0430\u0443\u044b\u0440\u0441\u044b\u043d\u0443\u0434\u044b \u0431\u0430\u0441\u0430\u0434\u044b, \u043a\u04e9\u04a3\u0456\u043b-\u043a\u04af\u0439\u0434\u0456 \u0436\u0430\u049b\u0441\u0430\u0440\u0442\u0430\u0434\u044b \u0436\u04d9\u043d\u0435 \u0436\u0430\u049b\u0441\u044b \u04b1\u0439\u049b\u044b\u043d\u044b \u049b\u043e\u043b\u0434\u0430\u0439\u0434\u044b \u2013 \u0431\u0430\u0440\u043b\u044b\u0493\u044b \u0431\u0456\u0440 \u043a\u04af\u0448\u0442\u0456 \u0431\u04e9\u0442\u0435\u043b\u043a\u0435\u0434\u0435\u043d.<\/p>\n<p data-start=\"4133\" data-end=\"4246\"><strong data-start=\"4133\" data-end=\"4246\">Lotus \u043c\u0430\u0439\u043e\u0440\u0430\u043d \u043c\u0430\u0439\u044b\u043d \u0431\u04af\u0433\u0456\u043d \u0442\u0430\u04a3\u0434\u0430\u04a3\u044b\u0437 \u2013 \u0441\u04b1\u043b\u0443\u043b\u044b\u049b, \u0442\u0435\u043f\u0435-\u0442\u0435\u04a3\u0434\u0456\u043a \u0436\u04d9\u043d\u0435 \u04e9\u0441\u0456\u043c\u0434\u0456\u043a \u0435\u043c\u0434\u0435\u0443\u0434\u0456\u04a3 \u0442\u0430\u043c\u0430\u0448\u0430 \u04af\u0439\u043b\u0435\u0441\u0456\u043c\u0456\u043d \u0441\u0435\u0437\u0456\u043d\u0456\u04a3\u0456\u0437.<\/strong><\/p>\n<p style=\"text-align: center;\"> <em data-start=\"415\" data-end=\"431\"><a href=\"https:\/\/bazaar.express\/kk\/\">Bazaar Express<\/a><\/em> -\u0434\u0435 \u0448\u043e\u043f\u043f\u0438\u043d\u0433 \u0436\u0430\u0441\u0430\u0434\u0131\u011f\u0131n\u0131z \u04af\u0448\u0456\u043d \u0440\u0430\u049b\u043c\u0435\u0442 \u2013 \u0441\u0456\u0437\u0434\u0456 \u043a\u04e9\u0440\u0433\u0435\u043d\u0456\u043c\u0456\u0437\u0433\u0435 \u049b\u0443\u0430\u043d\u044b\u0448\u0442\u044b\u043c\u044b\u0437!<\/p>\n<p style=\"text-align: center;\">\u0422\u0430\u0431\u0438\u0493\u0430\u0442 \u043a\u04af\u0448\u0456\u043d \u0441\u0435\u0437\u0456\u04a3\u0456\u0437 \u2014 \u043a\u04af\u043d\u0434\u0435\u043b\u0456\u043a\u0442\u0456 \u0434\u0435\u043d\u0441\u0430\u0443\u043b\u044b\u049b\u049b\u0430 <a href=\"https:\/\/bazaar.express\/kk\/therapeutic-oils\/\">\u0435\u043c\u0434\u0456\u043a \u043c\u0430\u0439\u043b\u0430\u0440<\/a>.<\/p>\n","protected":false},"excerpt":{"rendered":"<h3 data-start=\"387\" data-end=\"639\">Lotus \u043c\u0430\u0439\u043e\u0440\u0430\u043d \u043c\u0430\u0439\u044b \u0430\u043d\u0442\u0438\u043e\u043a\u0441\u0438\u0434\u0430\u043d\u0442\u0442\u0430\u0440 \u043c\u0435\u043d \u0442\u044b\u043d\u044b\u0448\u0442\u0430\u043d\u0434\u044b\u0440\u0430\u0442\u044b\u043d \u049b\u043e\u0441\u044b\u043b\u044b\u0441\u0442\u0430\u0440\u0493\u0430 \u0431\u0430\u0439 \u043a\u04e9\u043f \u043c\u0430\u049b\u0441\u0430\u0442\u0442\u044b \u044d\u0444\u0438\u0440 \u043c\u0430\u0439. \u0422\u0456\u0442\u0456\u0440\u043a\u0435\u043d\u0433\u0435\u043d \u0442\u0435\u0440\u0456\u043d\u0456 \u0442\u044b\u043d\u044b\u0448\u0442\u0430\u043d\u0434\u044b\u0440\u0443, \u049b\u04b1\u0440\u0493\u0430\u049b \u0448\u0430\u0448\u0442\u044b \u043d\u04d9\u0437\u0456\u043a \u0435\u0442\u0443, \u0441\u0442\u0440\u0435\u0441\u0441\u0442\u0456 \u0431\u0430\u0441\u0443 \u0436\u04d9\u043d\u0435 \u0436\u0430\u043b\u043f\u044b \u0434\u0435\u043d\u0441\u0430\u0443\u043b\u044b\u049b\u0442\u044b \u0436\u0430\u049b\u0441\u0430\u0440\u0442\u0443 \u04af\u0448\u0456\u043d \u0442\u0430\u043c\u0430\u0448\u0430. \u041a\u04af\u043d\u0434\u0435\u043b\u0456\u043a\u0442\u0456 \u04e9\u0437\u0456\u043d-\u04e9\u0437\u0456 \u043a\u04af\u0442\u0443 \u0436\u04d9\u043d\u0435 \u0441\u04b1\u043b\u0443\u043b\u044b\u049b \u0440\u0443\u0442\u0438\u043d\u0430\u0441\u044b\u043d\u0430 \u043c\u0456\u043d\u0434\u0435\u0442\u0442\u0456.<\/h3>\n","protected":false},"featured_media":42374,"comment_status":"open","ping_status":"closed","template":"","meta":[],"product_brand":[],"product_cat":[1177,1176],"product_tag":[1363,1361],"class_list":{"0":"post-42372","1":"product","2":"type-product","3":"status-publish","4":"has-post-thumbnail","6":"product_cat-1177","7":"product_cat-1176","8":"product_tag-1363","9":"product_tag-1361","10":"pa_l-xl-125ml","11":"pa_l-xl-250ml","12":"pa_l-xl-60ml","14":"first","15":"instock","16":"sale","17":"shipping-taxable","18":"purchasable","19":"product-type-variable"},"_links":{"self":[{"href":"https:\/\/bazaar.express\/kk\/wp-json\/wp\/v2\/product\/42372","targetHints":{"allow":["GET"]}}],"collection":[{"href":"https:\/\/bazaar.express\/kk\/wp-json\/wp\/v2\/product"}],"about":[{"href":"https:\/\/bazaar.express\/kk\/wp-json\/wp\/v2\/types\/product"}],"replies":[{"embeddable":true,"href":"https:\/\/bazaar.express\/kk\/wp-json\/wp\/v2\/comments?post=42372"}],"wp:featuredmedia":[{"embeddable":true,"href":"https:\/\/bazaar.express\/kk\/wp-json\/wp\/v2\/media\/42374"}],"wp:attachment":[{"href":"https:\/\/bazaar.express\/kk\/wp-json\/wp\/v2\/media?parent=42372"}],"wp:term":[{"taxonomy":"product_brand","embeddable":true,"href":"https:\/\/bazaar.express\/kk\/wp-json\/wp\/v2\/product_brand?post=42372"},{"taxonomy":"product_cat","embeddable":true,"href":"https:\/\/bazaar.express\/kk\/wp-json\/wp\/v2\/product_cat?post=42372"},{"taxonomy":"product_tag","embeddable":true,"href":"https:\/\/bazaar.express\/kk\/wp-json\/wp\/v2\/product_tag?post=42372"}],"curies":[{"name":"wp","href":"https:\/\/api.w.org\/{rel}","templated":true}]}}