{"id":43304,"date":"2025-01-24T21:56:08","date_gmt":"2025-01-24T21:56:08","guid":{"rendered":"https:\/\/bazaar.express\/about\/"},"modified":"2026-02-07T13:30:27","modified_gmt":"2026-02-07T13:30:27","slug":"about","status":"publish","type":"page","link":"https:\/\/bazaar.express\/pl\/about\/","title":{"rendered":"O nas"},"content":{"rendered":"\n<div id=\"wd-42f375a5\" class=\"wp-block-wd-row\">\n<div id=\"wd-ab37dd53\" class=\"wp-block-wd-column\">\n<div id=\"wd-0d2d2dc8\" class=\"wp-block-wd-container wd-dir-col\">\n<h2 id=\"wd-162f0ce2\" class=\"wp-block-wd-title title\"><strong>O Bazaar Express<\/strong><\/h2>\n\n\n\n<p id=\"wd-f1441eff\" class=\"wp-block-wd-paragraph\">Witamy w <strong>Bazaar Express<\/strong> \u2013 Twoim zaufanym miejscu na zakupy online.<br\/>Oferujemy szeroki wyb\u00f3r produkt\u00f3w wysokiej jako\u015bci w po\u0142\u0105czeniu z wyj\u0105tkowymi us\u0142ugami, kt\u00f3re zapewniaj\u0105 p\u0142ynne i przyjemne zakupy.<br\/>W Bazaar Express zobowi\u0105zujemy si\u0119 do dostarczania doskona\u0142o\u015bci w jako\u015bci, niezawodno\u015bci i satysfakcji klienta na ka\u017cdym kroku.<\/p>\n<\/div>\n\n\n\n<div id=\"wd-2e8e2c97\" class=\"wp-block-wd-container wd-dir-col\">\n<h2 id=\"wd-17f5a82f\" class=\"wp-block-wd-title title\"><strong><strong>Kim jeste\u015bmy<\/strong><\/strong>?<\/h2>\n\n\n\n<p id=\"wd-1651b599\" class=\"wp-block-wd-paragraph\"><strong>Bazaar Express<\/strong> to zesp\u00f3\u0142 dedykowanych profesjonalist\u00f3w e-commerce, zaanga\u017cowanych w dostarczanie najlepszych produkt\u00f3w prosto pod Twoje drzwi.<br\/>D\u0105\u017cymy do zapewnienia zakup\u00f3w, kt\u00f3re s\u0105 p\u0142ynne, szybkie i bezpieczne \u2013 gwarantuj\u0105c Twoj\u0105 satysfakcj\u0119 na ka\u017cdym etapie.<\/p>\n\n\n\n<p id=\"wd-dc23ad9e\" class=\"wp-block-wd-paragraph\"><strong>Nasza wizja<\/strong><br\/>Dostarcza\u0107 produkty najwy\u017cszej jako\u015bci i wyj\u0105tkowe us\u0142ugi, konsekwentnie przekraczaj\u0105c oczekiwania klient\u00f3w i wyznaczaj\u0105c nowe standardy w zakupach online.<\/p>\n<\/div>\n\n\n\n<div id=\"wd-a950211d\" class=\"wp-block-wd-container wd-dir-col\">\n<h2 id=\"wd-dcfd94af\" class=\"wp-block-wd-title title\"><strong>O w\u0142a\u015bcicielu<\/strong><\/h2>\n\n\n\n<ul id=\"wd-b6c26136\" class=\"wp-block-wd-list wd-list wd-type-unordered wd-style-default\">\n<li id=\"wd-d438b813\" class=\"wp-block-wd-list-item\"><div class=\"wd-icon\"><\/div><span class=\"wd-list-content\"><strong>Numer rejestracji handlowej:<\/strong> 54810<\/span><\/li>\n\n\n\n<li id=\"wd-2039b2bc\" class=\"wp-block-wd-list-item\"><div class=\"wd-icon\"><\/div><span class=\"wd-list-content\"><strong>Numer identyfikacyjny narodowy (podmiot):<\/strong> 577628364<\/span><\/li>\n\n\n\n<li id=\"wd-ca3205c8\" class=\"wp-block-wd-list-item\"><div class=\"wd-icon\"><\/div><span class=\"wd-list-content\"><strong>Numer identyfikacji podatkowej:<\/strong> 4688446260494145<\/span><\/li>\n<\/ul>\n<\/div>\n\n\n\n<div id=\"wd-3831fc1b\" class=\"wp-block-wd-container wd-dir-col\">\n<h2 id=\"wd-f164e140\" class=\"wp-block-wd-title title\"><strong><strong>Lokalizacja firmy<\/strong><\/strong><\/h2>\n\n\n\n<p id=\"wd-0ca5aa82\" class=\"wp-block-wd-paragraph\">Egipt \u2013 Prowincja Morza Czerwonego, Hurghada, ulica Sheraton<\/p>\n<\/div>\n\n\n\n<div id=\"wd-4322fe97\" class=\"wp-block-wd-container wd-dir-col\">\n<p id=\"wd-24855ad5\" class=\"wp-block-wd-paragraph\">W <strong>Bazaar Express<\/strong> wierzymy, \u017ce wyj\u0105tkowa obs\u0142uga to co\u015b wi\u0119cej ni\u017c oferowanie produkt\u00f3w wysokiej jako\u015bci. Nasz\u0105 misj\u0105 jest zapewnienie p\u0142ynnych zakup\u00f3w \u2013 od momentu przegl\u0105dania oferty po dostarczenie zam\u00f3wienia. Zobowi\u0105zujemy si\u0119 do niezawodnego wsparcia i spe\u0142niania, a nawet przekraczania Twoich oczekiwa\u0144 przy ka\u017cdym zakupie.<\/p>\n<\/div>\n\n\n\n<div id=\"wd-68365372\" class=\"wp-block-wd-container wd-dir-col\">\n<h2 id=\"wd-2a8510f9\" class=\"wp-block-wd-title title\"><strong><strong><strong>Nasza wizja<\/strong><\/strong><\/strong><\/h2>\n\n\n\n<p id=\"wd-a636f4b4\" class=\"wp-block-wd-paragraph\">Uczyni\u0107 produkty wysokiej jako\u015bci dost\u0119pne na ca\u0142ym \u015bwiecie dzi\u0119ki niezawodnej mi\u0119dzynarodowej wysy\u0142ce, zapewniaj\u0105c klientom p\u0142ynne i satysfakcjonuj\u0105ce zakupy. Zobowi\u0105zujemy si\u0119 do ci\u0105g\u0142ego doskonalenia us\u0142ug i wyznaczania nowych standard\u00f3w w globalnym e-commerce.<\/p>\n<\/div>\n\n\n\n<div id=\"wd-b67ffb5a\" class=\"wp-block-wd-container wd-dir-col\">\n<h2 id=\"wd-b2deac09\" class=\"wp-block-wd-title title\"><strong><strong>Dlaczego my?<\/strong><\/strong><\/h2>\n\n\n\n<ul id=\"wd-11c5a4c4\" class=\"wp-block-wd-list wd-list wd-type-unordered wd-style-default\">\n<li id=\"wd-e8f12dc1\" class=\"wp-block-wd-list-item\"><div class=\"wd-icon\"><\/div><span class=\"wd-list-content\"><strong>Szybka i niezawodna dostawa na ca\u0142y \u015bwiat<\/strong><br\/>Odbierz zam\u00f3wienia szybko i bezpiecznie \u2013 niezale\u017cnie od miejsca.<\/span><\/li>\n\n\n\n<li id=\"wd-2de9b646\" class=\"wp-block-wd-list-item\"><div class=\"wd-icon\"><\/div><span class=\"wd-list-content\"><strong><strong>Elastyczne opcje p\u0142atno\u015bci<\/strong><br\/>Wybierz to, co Ci najbardziej odpowiada, w tym <strong>za pobraniem<\/strong> i bezpieczne <strong>p\u0142atno\u015bci online<\/strong>.<\/strong><\/span><\/li>\n\n\n\n<li id=\"wd-3066d531\" class=\"wp-block-wd-list-item\"><div class=\"wd-icon\"><\/div><span class=\"wd-list-content\"><strong>Szeroki wyb\u00f3r produkt\u00f3w wysokiej jako\u015bci<\/strong><br\/>Odkryj wyselekcjonowan\u0105 ofert\u0119 przedmiot\u00f3w dostosowanych do Twoich codziennych potrzeb i preferencji.<\/span><\/li>\n\n\n\n<li id=\"wd-6eb37cec\" class=\"wp-block-wd-list-item\"><div class=\"wd-icon\"><\/div><span class=\"wd-list-content\"><strong>Wyj\u0105tkowe wsparcie klienta<\/strong><br\/>Nasz dedykowany zesp\u00f3\u0142 jest zawsze gotowy do pomocy przed, w trakcie i po zakupie.<\/span><\/li>\n<\/ul>\n<\/div>\n\n\n\n<div id=\"wd-0d3a5f62\" class=\"wp-block-wd-container wd-dir-col\">\n<h2 id=\"wd-096de468\" class=\"wp-block-wd-title title\"><strong>Dzi\u0119kujemy za wyb\u00f3r Bazaar Express.<\/strong><br\/>Cieszymy si\u0119, \u017ce jeste\u015b z nami i z niecierpliwo\u015bci\u0105 oczekujemy dostarczenia wyj\u0105tkowych wra\u017ce\u0144 zakupowych przy ka\u017cdej wizycie.<\/h2>\n<\/div>\n<\/div>\n\n\n\n<div id=\"wd-7f92c65a\" class=\"wp-block-wd-column wd-sticky-on-lg wd-align-s-start\">\n<h2 id=\"wd-01a6efe1\" class=\"wp-block-wd-title title\">Potrzebujesz pomocy?<\/h2>\n\n\n\n<ul id=\"wd-d5991ee1\" class=\"wp-block-wd-list wd-list wd-type-image wd-style-default\">\n<li id=\"wd-e1629606\" class=\"wp-block-wd-list-item\"><div class=\"wd-icon\"><img loading=\"lazy\" decoding=\"async\" width=\"450\" height=\"450\" src=\"https:\/\/bazaar.express\/wp-content\/uploads\/2025\/07\/free-whatsapp-logo-3d-illustration-download-in-png-blend-fbx-gltf-file-formats-social-media-pack-logos-illustrations-4642760@0.webp\" alt=\"\" class=\"wp-image-34820\" title=\"\" srcset=\"https:\/\/bazaar.express\/wp-content\/uploads\/2025\/07\/free-whatsapp-logo-3d-illustration-download-in-png-blend-fbx-gltf-file-formats-social-media-pack-logos-illustrations-4642760@0.webp 450w, https:\/\/bazaar.express\/wp-content\/uploads\/2025\/07\/free-whatsapp-logo-3d-illustration-download-in-png-blend-fbx-gltf-file-formats-social-media-pack-logos-illustrations-4642760@0-300x300.webp 300w, https:\/\/bazaar.express\/wp-content\/uploads\/2025\/07\/free-whatsapp-logo-3d-illustration-download-in-png-blend-fbx-gltf-file-formats-social-media-pack-logos-illustrations-4642760@0-150x150.webp 150w, https:\/\/bazaar.express\/wp-content\/uploads\/2025\/07\/free-whatsapp-logo-3d-illustration-download-in-png-blend-fbx-gltf-file-formats-social-media-pack-logos-illustrations-4642760@0-430x430.webp 430w\" sizes=\"auto, (max-width: 450px) 100vw, 450px\" \/><\/div><span class=\"wd-list-content\"><a href=\"https:\/\/wa.me\/201503555598\" data-type=\"link\" data-id=\"https:\/\/wa.me\/201503555598\" target=\"_blank\" rel=\"noreferrer noopener nofollow sponsored\">(+20) 1503555598<\/a><\/span><\/li>\n\n\n\n<li id=\"wd-771a7274\" class=\"wp-block-wd-list-item\"><div class=\"wd-icon\"><img loading=\"lazy\" decoding=\"async\" width=\"1500\" height=\"1500\" src=\"https:\/\/bazaar.express\/wp-content\/uploads\/2025\/07\/Messenger.jpg\" alt=\"\" class=\"wp-image-34852\" title=\"\" srcset=\"https:\/\/bazaar.express\/wp-content\/uploads\/2025\/07\/Messenger.jpg 1500w, https:\/\/bazaar.express\/wp-content\/uploads\/2025\/07\/Messenger-300x300.jpg 300w, https:\/\/bazaar.express\/wp-content\/uploads\/2025\/07\/Messenger-800x800.jpg 800w, https:\/\/bazaar.express\/wp-content\/uploads\/2025\/07\/Messenger-150x150.jpg 150w, https:\/\/bazaar.express\/wp-content\/uploads\/2025\/07\/Messenger-768x768.jpg 768w, https:\/\/bazaar.express\/wp-content\/uploads\/2025\/07\/Messenger-430x430.jpg 430w, https:\/\/bazaar.express\/wp-content\/uploads\/2025\/07\/Messenger-700x700.jpg 700w\" sizes=\"auto, (max-width: 1500px) 100vw, 1500px\" \/><\/div><span class=\"wd-list-content\"><a href=\"https:\/\/m.me\/BazaarExpressOnlineApp\" target=\"_blank\" data-type=\"link\" data-id=\"https:\/\/m.me\/BazaarExpressOnlineApp\" rel=\"noreferrer noopener nofollow\">Messenger<\/a><\/span><\/li>\n\n\n\n<li id=\"wd-4e13e4ae\" class=\"wp-block-wd-list-item\"><div class=\"wd-icon\"><img loading=\"lazy\" decoding=\"async\" width=\"735\" height=\"667\" src=\"https:\/\/bazaar.express\/wp-content\/uploads\/2025\/07\/d7ddf0e936c39db320e15869d30eda95.jpg\" alt=\"\" class=\"wp-image-34823\" title=\"\" srcset=\"https:\/\/bazaar.express\/wp-content\/uploads\/2025\/07\/d7ddf0e936c39db320e15869d30eda95.jpg 735w, https:\/\/bazaar.express\/wp-content\/uploads\/2025\/07\/d7ddf0e936c39db320e15869d30eda95-331x300.jpg 331w, https:\/\/bazaar.express\/wp-content\/uploads\/2025\/07\/d7ddf0e936c39db320e15869d30eda95-430x390.jpg 430w, https:\/\/bazaar.express\/wp-content\/uploads\/2025\/07\/d7ddf0e936c39db320e15869d30eda95-700x635.jpg 700w, https:\/\/bazaar.express\/wp-content\/uploads\/2025\/07\/d7ddf0e936c39db320e15869d30eda95-150x136.jpg 150w\" sizes=\"auto, (max-width: 735px) 100vw, 735px\" \/><\/div><span class=\"wd-list-content\"><a href=\"bazaarexpressapp@gmail.com\" data-type=\"link\" data-id=\"bazaarexpressapp@gmail.com\" target=\"_blank\" rel=\"noreferrer noopener nofollow\">E-mail: <\/a><a href=\"bazaarexpressapp@gmail.com\" data-type=\"link\" data-id=\"bazaarexpressapp@gmail.com\" target=\"_blank\" rel=\"noreferrer noopener nofollow sponsored\">bazaarexpressapp@gmail.com<\/a><\/span><\/li>\n<\/ul>\n\n\n\t\t\t<div\n\t\t\t\t\t\tid=\"wd-d2c63a01\"\n\t\t\t\t\t\tclass=\" wd-social-icons wd-style-colored wd-size-default social-follow wd-shape-circle  wd-d2c63a01\">\n\t\t\t\t\n\n<span id=\"wd-617d8ed6\" class=\"wp-block-wd-paragraph wd-label\">Zapisz si\u0119 do newslettera<\/span>\n\n\n\t\t\t\t\n\t\t\t\t\t\t\t\t\t<a rel=\"noopener noreferrer nofollow\" href=\"https:\/\/www.facebook.com\/share\/19C6P9wb9Y\/\" target=\"_blank\" class=\" wd-social-icon social-facebook\" aria-label=\"Facebook social link\">\n\t\t\t\t\t\t<span class=\"wd-icon\"><\/span>\n\t\t\t\t\t\t\t\t\t\t\t<\/a>\n\t\t\t\t\n\t\t\t\t\n\t\t\t\t\n\t\t\t\t\n\t\t\t\t\t\t\t\t\t<a rel=\"noopener noreferrer nofollow\" href=\"https:\/\/www.instagram.com\/bazaarexpressapp\/?igsh=YzljYTk1ODg3Zg#\" target=\"_blank\" class=\" wd-social-icon social-instagram\" aria-label=\"Instagram social link\">\n\t\t\t\t\t\t<span class=\"wd-icon\"><\/span>\n\t\t\t\t\t\t\t\t\t\t\t<\/a>\n\t\t\t\t\n\t\t\t\t\n\t\t\t\t\n\t\t\t\t\n\t\t\t\t\n\t\t\t\t\n\t\t\t\t\n\t\t\t\t\n\t\t\t\t\n\t\t\t\t\n\t\t\t\t\n\t\t\t\t\n\t\t\t\t\n\t\t\t\t\n\t\t\t\t\n\t\t\t\t\n\t\t\t\t\n\t\t\t\t\n\t\t\t\t\n\t\t\t\t\n\t\t\t\t\n\t\t\t\t\n\t\t\t<\/div>\n\n\t\t<\/div>\n<\/div>\n","protected":false},"excerpt":{"rendered":"","protected":false},"author":174,"featured_media":0,"parent":0,"menu_order":0,"comment_status":"closed","ping_status":"closed","template":"","meta":{"footnotes":""},"class_list":["post-43304","page","type-page","status-publish","hentry"],"_links":{"self":[{"href":"https:\/\/bazaar.express\/pl\/wp-json\/wp\/v2\/pages\/43304","targetHints":{"allow":["GET"]}}],"collection":[{"href":"https:\/\/bazaar.express\/pl\/wp-json\/wp\/v2\/pages"}],"about":[{"href":"https:\/\/bazaar.express\/pl\/wp-json\/wp\/v2\/types\/page"}],"author":[{"embeddable":true,"href":"https:\/\/bazaar.express\/pl\/wp-json\/wp\/v2\/users\/174"}],"replies":[{"embeddable":true,"href":"https:\/\/bazaar.express\/pl\/wp-json\/wp\/v2\/comments?post=43304"}],"version-history":[{"count":1,"href":"https:\/\/bazaar.express\/pl\/wp-json\/wp\/v2\/pages\/43304\/revisions"}],"predecessor-version":[{"id":43306,"href":"https:\/\/bazaar.express\/pl\/wp-json\/wp\/v2\/pages\/43304\/revisions\/43306"}],"wp:attachment":[{"href":"https:\/\/bazaar.express\/pl\/wp-json\/wp\/v2\/media?parent=43304"}],"curies":[{"name":"wp","href":"https:\/\/api.w.org\/{rel}","templated":true}]}}