{"id":42006,"date":"2025-02-22T23:32:51","date_gmt":"2025-02-22T23:32:51","guid":{"rendered":"https:\/\/bazaar.express\/product\/chamomile-tea\/"},"modified":"2025-02-22T23:32:51","modified_gmt":"2025-02-22T23:32:51","slug":"chamomile-tea","status":"publish","type":"product","link":"https:\/\/bazaar.express\/pl\/produkt\/chamomile-tea\/","title":{"rendered":"Herbata rumiankowa"},"content":{"rendered":"<h2 data-start=\"288\" data-end=\"369\">Herbata rumiankowa \u2013 ponadczasowy zio\u0142owy eliksir na relaks, sen i dobre samopoczucie<\/h2>\n<h3 data-start=\"371\" data-end=\"397\">Czym jest herbata rumiankowa?<\/h3>\n<p data-start=\"399\" data-end=\"806\">Herbata rumiankowa to naturalna, bezkofeinowa zio\u0142owa infuzja przygotowywana poprzez zalewanie suszonych kwiat\u00f3w rumianku (zazwyczaj Matricaria chamomilla). U\u017cywana od czas\u00f3w staro\u017cytnych w tradycjach egipskich, rzymskich i greckich, ceniona jest za w\u0142a\u015bciwo\u015bci uspokajaj\u0105ce, korzy\u015bci zdrowotne i delikatny kwiatowy smak. Dzi\u015b herbata rumiankowa pozostaje jednym z najbardziej zaufanych naturalnych \u015brodk\u00f3w na sen, trawienie, stres i og\u00f3lne dobre samopoczucie.<\/p>\n<h3 data-start=\"808\" data-end=\"841\">Dlaczego wybra\u0107 nasz\u0105 herbat\u0119 rumiankow\u0105?<\/h3>\n<ul data-start=\"843\" data-end=\"1316\">\n<li data-start=\"843\" data-end=\"954\">\n<p data-start=\"845\" data-end=\"954\">\u2705 <strong data-start=\"847\" data-end=\"870\">100% czysta i organiczna<\/strong> \u2013 Pochodz\u0105ca z wysokiej jako\u015bci kwiat\u00f3w rumianku, bez dodatk\u00f3w smakowych czy chemikali\u00f3w.<\/p>\n<\/li>\n<li data-start=\"955\" data-end=\"1039\">\n<p data-start=\"957\" data-end=\"1039\">\u2705 <strong data-start=\"959\" data-end=\"985\">Bezkofeinowa i \u0142agodna<\/strong> \u2013 Idealna o ka\u017cdej porze dnia, szczeg\u00f3lnie przed snem.<\/p>\n<\/li>\n<li data-start=\"1040\" data-end=\"1143\">\n<p data-start=\"1042\" data-end=\"1143\">\u2705 <strong data-start=\"1044\" data-end=\"1068\">Bogata w antyoksydanty<\/strong> \u2013 Pe\u0142na apigeniny i flawonoid\u00f3w, kt\u00f3re chroni\u0105 i regeneruj\u0105 organizm.<\/p>\n<\/li>\n<li data-start=\"1144\" data-end=\"1212\">\n<p data-start=\"1146\" data-end=\"1212\">\u2705 <strong data-start=\"1148\" data-end=\"1169\">Bezpieczna dla wszystkich grup wiekowych<\/strong> \u2013 Doskona\u0142a dla dzieci, doros\u0142ych i senior\u00f3w.<\/p>\n<\/li>\n<li data-start=\"1213\" data-end=\"1316\">\n<p data-start=\"1215\" data-end=\"1316\">\u2705 <strong data-start=\"1217\" data-end=\"1238\">Egipskie dziedzictwo<\/strong> \u2013 Nasz rumianek jest uprawiany, suszony i pakowany w Egipcie z dba\u0142o\u015bci\u0105 i tradycj\u0105.<\/p>\n<\/li>\n<\/ul>\n<h3 data-start=\"1323\" data-end=\"1365\">G\u0142\u00f3wne korzy\u015bci zdrowotne herbaty rumiankowej<\/h3>\n<h4 data-start=\"1367\" data-end=\"1405\">Wspomaga g\u0142\u0119boki, regeneruj\u0105cy sen<\/h4>\n<p data-start=\"1406\" data-end=\"1658\">Rumianek zawiera <strong data-start=\"1425\" data-end=\"1437\">apigenin\u0119<\/strong>, silny antyoksydant, kt\u00f3ry wi\u0105\u017ce si\u0119 z receptorami w m\u00f3zgu i zmniejsza bezsenno\u015b\u0107 oraz l\u0119k. Picie herbaty rumiankowej przed snem pomaga szybciej zasn\u0105\u0107 i poprawia jako\u015b\u0107 snu w naturalny spos\u00f3b \u2013 bez skutk\u00f3w ubocznych powoduj\u0105cych senno\u015b\u0107.<\/p>\n<h4 data-start=\"1660\" data-end=\"1701\">Zmniejsza stres i uspokaja umys\u0142<\/h4>\n<p data-start=\"1702\" data-end=\"1900\">Je\u015bli czujesz si\u0119 przyt\u0142oczony, ciep\u0142a fili\u017canka herbaty rumiankowej mo\u017ce zdzia\u0142a\u0107 cuda. Obni\u017ca <strong data-start=\"1789\" data-end=\"1808\">poziom kortyzolu<\/strong> (hormonu stresu), pomagaj\u0105c si\u0119 zrelaksowa\u0107, oczy\u015bci\u0107 my\u015bli i odzyska\u0107 r\u00f3wnowag\u0119 emocjonaln\u0105.<\/p>\n<h4 data-start=\"1902\" data-end=\"1942\">Wzmacnia uk\u0142ad odporno\u015bciowy<\/h4>\n<p data-start=\"1943\" data-end=\"2133\">Rumianek jest znany z <strong data-start=\"1970\" data-end=\"2021\">dzia\u0142ania antybakteryjnego, przeciwwirusowego i przeciwzapalnego<\/strong>. Regularne stosowanie mo\u017ce pom\u00f3c zapobiega\u0107 przezi\u0119bieniom, wspiera\u0107 powr\u00f3t do zdrowia po grypie i zmniejsza\u0107 stany zapalne w organizmie.<\/p>\n<h4 data-start=\"2135\" data-end=\"2181\">Wspiera trawienie i \u0142agodzi \u017co\u0142\u0105dek<\/h4>\n<p data-start=\"2182\" data-end=\"2243\">Rumianek to naturalny <strong data-start=\"2205\" data-end=\"2227\">\u015brodek rozlu\u017aniaj\u0105cy trawienie<\/strong>. Pomaga w:<\/p>\n<ul data-start=\"2245\" data-end=\"2352\">\n<li data-start=\"2245\" data-end=\"2265\">\n<p data-start=\"2247\" data-end=\"2265\">Wzd\u0119ciach i gazach<\/p>\n<\/li>\n<li data-start=\"2266\" data-end=\"2297\">\n<p data-start=\"2268\" data-end=\"2297\">Niedokwasocie i refluksie<\/p>\n<\/li>\n<li data-start=\"2298\" data-end=\"2316\">\n<p data-start=\"2300\" data-end=\"2316\">Skurczach \u017co\u0142\u0105dka<\/p>\n<\/li>\n<li data-start=\"2317\" data-end=\"2352\">\n<p data-start=\"2319\" data-end=\"2352\">Gojeniu jelit i r\u00f3wnowadze mikrobiologicznej<\/p>\n<\/li>\n<\/ul>\n<p data-start=\"2354\" data-end=\"2401\">Pij po posi\u0142kach dla delikatnego resetu trawiennego.<\/p>\n<h4 data-start=\"2403\" data-end=\"2432\">Wspiera zdrowie serca<\/h4>\n<p data-start=\"2433\" data-end=\"2630\">Herbata rumiankowa mo\u017ce obni\u017ca\u0107 <strong data-start=\"2457\" data-end=\"2482\">z\u0142y cholesterol (LDL)<\/strong>, regulowa\u0107 ci\u015bnienie krwi i poprawia\u0107 kr\u0105\u017cenie. Te efekty wspieraj\u0105 prac\u0119 serca i mog\u0105 zmniejsza\u0107 d\u0142ugoterminowe ryzyko chor\u00f3b sercowo-naczyniowych.<\/p>\n<h4 data-start=\"2632\" data-end=\"2675\">Chronii przed chorobami przewlek\u0142ymi<\/h4>\n<p data-start=\"2676\" data-end=\"2848\">Bogata w <strong data-start=\"2688\" data-end=\"2718\">flawonoidy i polifenole<\/strong>, herbata rumiankowa zwalcza <strong data-start=\"2741\" data-end=\"2761\">stres oksydacyjny<\/strong>, kt\u00f3ry przyczynia si\u0119 do starzenia, raka i cukrzycy. To silny codzienny tonik zdrowotny.<\/p>\n<h4 data-start=\"2850\" data-end=\"2897\">Wspiera si\u0142\u0119 ko\u015bci i zdrowie staw\u00f3w<\/h4>\n<p data-start=\"2898\" data-end=\"3049\">Nowe badania pokazuj\u0105, \u017ce rumianek mo\u017ce pomaga\u0107 utrzymywa\u0107 <strong data-start=\"2950\" data-end=\"2966\">g\u0119sto\u015b\u0107 ko\u015bci<\/strong> i zapobiega\u0107 schorzeniom takim jak <strong data-start=\"2995\" data-end=\"3011\">osteoporoza<\/strong>, szczeg\u00f3lnie u kobiet po menopauzie.<\/p>\n<h4 data-start=\"3051\" data-end=\"3102\">Wspiera zdrowie kobiet i r\u00f3wnowag\u0119 hormonaln\u0105<\/h4>\n<p data-start=\"3103\" data-end=\"3158\">Rumianek jest szczeg\u00f3lnie pomocny dla kobiet, poniewa\u017c \u0142agodzi:<\/p>\n<ul data-start=\"3160\" data-end=\"3240\">\n<li data-start=\"3160\" data-end=\"3180\">\n<p data-start=\"3162\" data-end=\"3180\">Skurcze menstruacyjne<\/p>\n<\/li>\n<li data-start=\"3181\" data-end=\"3197\">\n<p data-start=\"3183\" data-end=\"3197\">Objawy PMS<\/p>\n<\/li>\n<li data-start=\"3198\" data-end=\"3240\">\n<p data-start=\"3200\" data-end=\"3240\">Gor\u0105ce uderzenia i wahania nastroju w menopauzie<\/p>\n<\/li>\n<\/ul>\n<p data-start=\"3242\" data-end=\"3306\">Delikatnie przywraca r\u00f3wnowag\u0119 hormonaln\u0105 bez syntetycznych chemikali\u00f3w.<\/p>\n<h4 data-start=\"3308\" data-end=\"3344\">Poprawia zdrowie sk\u00f3ry i w\u0142os\u00f3w<\/h4>\n<p data-start=\"3345\" data-end=\"3423\">Dzi\u0119ki w\u0142a\u015bciwo\u015bciom przeciwzapalnym i przeciwbakteryjnym herbata rumiankowa pomaga:<\/p>\n<ul data-start=\"3425\" data-end=\"3541\">\n<li data-start=\"3425\" data-end=\"3460\">\n<p data-start=\"3427\" data-end=\"3460\">\u0141agodzi\u0107 tr\u0105dzik i podra\u017cnienia sk\u00f3ry<\/p>\n<\/li>\n<li data-start=\"3461\" data-end=\"3497\">\n<p data-start=\"3463\" data-end=\"3497\">Promowa\u0107 m\u0142ody, promienny blask<\/p>\n<\/li>\n<li data-start=\"3498\" data-end=\"3541\">\n<p data-start=\"3500\" data-end=\"3541\">Zmniejsza\u0107 \u0142upie\u017c i wspiera\u0107 wzrost w\u0142os\u00f3w<\/p>\n<\/li>\n<\/ul>\n<p data-start=\"3543\" data-end=\"3618\">Mo\u017cesz nawet stosowa\u0107 sch\u0142odzon\u0105 herbat\u0119 rumiankow\u0105 zewn\u0119trznie jako tonik lub p\u0142ukank\u0119 do w\u0142os\u00f3w!<\/p>\n<h3 data-start=\"3625\" data-end=\"3675\">Jak przygotowa\u0107 idealn\u0105 fili\u017cank\u0119 herbaty rumiankowej<\/h3>\n<p data-start=\"3677\" data-end=\"3695\"><strong data-start=\"3677\" data-end=\"3693\">Potrzebujesz:<\/strong><\/p>\n<ul data-start=\"3696\" data-end=\"3801\">\n<li data-start=\"3696\" data-end=\"3749\">\n<p data-start=\"3698\" data-end=\"3749\">1\u20132 \u0142y\u017ceczki suszonych kwiat\u00f3w rumianku (lub 1 torebka herbaty)<\/p>\n<\/li>\n<li data-start=\"3750\" data-end=\"3773\">\n<p data-start=\"3752\" data-end=\"3773\">1 szklanka wrz\u0105cej wody<\/p>\n<\/li>\n<li data-start=\"3774\" data-end=\"3801\">\n<p data-start=\"3776\" data-end=\"3801\">Mi\u00f3d lub cytryna (opcjonalnie)<\/p>\n<\/li>\n<\/ul>\n<p data-start=\"3803\" data-end=\"3822\"><strong data-start=\"3803\" data-end=\"3820\">Instrukcje:<\/strong><\/p>\n<ol data-start=\"3823\" data-end=\"4017\">\n<li data-start=\"3823\" data-end=\"3865\">\n<p data-start=\"3826\" data-end=\"3865\">Dodaj rumianek do czajniczka lub kubka.<\/p>\n<\/li>\n<li data-start=\"3866\" data-end=\"3898\">\n<p data-start=\"3869\" data-end=\"3898\">Zalej wrz\u0105c\u0105 wod\u0105.<\/p>\n<\/li>\n<li data-start=\"3899\" data-end=\"3933\">\n<p data-start=\"3902\" data-end=\"3933\">Parz przez 5\u20137 minut.<\/p>\n<\/li>\n<li data-start=\"3934\" data-end=\"3992\">\n<p data-start=\"3937\" data-end=\"3992\">Odced\u017a i podawaj ciep\u0142\u0105. Dodaj mi\u00f3d lub cytryn\u0119, je\u015bli chcesz.<\/p>\n<\/li>\n<li data-start=\"3993\" data-end=\"4017\">\n<p data-start=\"3996\" data-end=\"4017\">Pij powoli i relaksuj si\u0119.<\/p>\n<\/li>\n<\/ol>\n<h3 data-start=\"4024\" data-end=\"4062\">Najlepsze sposoby na herbat\u0119 rumiankow\u0105<\/h3>\n<ul data-start=\"4064\" data-end=\"4376\">\n<li data-start=\"4064\" data-end=\"4132\">\n<p data-start=\"4066\" data-end=\"4132\"><strong data-start=\"4069\" data-end=\"4085\">Poranny spok\u00f3j<\/strong> \u2013 Zacznij dzie\u0144 \u0142agodnie koj\u0105c\u0105 fili\u017cank\u0105.<\/p>\n<\/li>\n<li data-start=\"4133\" data-end=\"4196\">\n<p data-start=\"4135\" data-end=\"4196\"><strong data-start=\"4138\" data-end=\"4157\">Wieczorna rutyna<\/strong> \u2013 Pij przed snem dla lepszego odpoczynku.<\/p>\n<\/li>\n<li data-start=\"4197\" data-end=\"4273\">\n<p data-start=\"4199\" data-end=\"4273\"><strong data-start=\"4202\" data-end=\"4224\">Lodowa herbata rumiankowa<\/strong> \u2013 Sch\u0142od\u017a i podawaj na zimno dla orze\u017awienia.<\/p>\n<\/li>\n<li data-start=\"4274\" data-end=\"4376\">\n<p data-start=\"4276\" data-end=\"4376\"><strong data-start=\"4279\" data-end=\"4296\">Zio\u0142owe mieszanki<\/strong> \u2013 Mieszaj z lawend\u0105, mi\u0119t\u0105, imbirem lub cynamonem dla dodatkowych korzy\u015bci zdrowotnych.<\/p>\n<\/li>\n<\/ul>\n<h3 data-start=\"4583\" data-end=\"4603\">Podsumowanie<\/h3>\n<p data-start=\"4605\" data-end=\"4890\">Herbata rumiankowa to co\u015b wi\u0119cej ni\u017c relaksuj\u0105cy nap\u00f3j \u2013 to wiekowy \u015brodek na dobre samopoczucie zaufany przez pokolenia. Je\u015bli chcesz lepiej spa\u0107, zmniejszy\u0107 stres, wspiera\u0107 trawienie lub po prostu cieszy\u0107 si\u0119 uspokajaj\u0105cym rytua\u0142em, <strong data-start=\"4821\" data-end=\"4889\">nasza egipska herbata rumiankowa jest idealnym naturalnym rozwi\u0105zaniem<\/strong>.<\/p>\n<p data-start=\"4897\" data-end=\"4962\"><strong data-start=\"4897\" data-end=\"4962\">\ud83d\uded2 Kup teraz w Bazaar Express \u2013 Smakuj tradycj\u0119, pij dobre samopoczucie!<\/strong><\/p>\n<p style=\"text-align: center;\">Dzi\u0119kujemy za zakupy w <em data-start=\"415\" data-end=\"431\"><a href=\"https:\/\/bazaar.express\/pl\/\">Bazaar Express<\/a><\/em> \u2013 cieszymy si\u0119, \u017ce jeste\u015b z nami!<\/p>\n<p style=\"text-align: center;\">Smakuj tradycj\u0119 z nasz\u0105 starannie wyselekcjonowan\u0105 ofert\u0105 <a href=\"https:\/\/bazaar.express\/product-category\/egyptian-flavors\/\">egipskich smak\u00f3w<\/a> i przypraw.<\/p>\n","protected":false},"excerpt":{"rendered":"<h3 data-start=\"548\" data-end=\"797\">Odkryj uspokajaj\u0105c\u0105 moc organicznej herbaty rumiankowej. Przygotowana z suszonych egipskich kwiat\u00f3w rumianku, ta bezkofeinowa zio\u0142owa mieszanka wspomaga g\u0142\u0119boki sen, zmniejsza l\u0119k i wspiera trawienie. Idealna dla wszystkich grup wiekowych i doskona\u0142a do codziennego rytua\u0142u wellness.<\/h3>\n","protected":false},"featured_media":42009,"comment_status":"open","ping_status":"closed","template":"","meta":[],"product_brand":[],"product_cat":[1195],"product_tag":[1472],"class_list":{"0":"post-42006","1":"product","2":"type-product","3":"status-publish","4":"has-post-thumbnail","6":"product_cat-egipskie-smaki","7":"product_tag-zdrowotna","8":"pa_l-xl-250gm","10":"first","11":"instock","12":"shipping-taxable","13":"purchasable","14":"product-type-simple"},"_links":{"self":[{"href":"https:\/\/bazaar.express\/pl\/wp-json\/wp\/v2\/product\/42006","targetHints":{"allow":["GET"]}}],"collection":[{"href":"https:\/\/bazaar.express\/pl\/wp-json\/wp\/v2\/product"}],"about":[{"href":"https:\/\/bazaar.express\/pl\/wp-json\/wp\/v2\/types\/product"}],"replies":[{"embeddable":true,"href":"https:\/\/bazaar.express\/pl\/wp-json\/wp\/v2\/comments?post=42006"}],"wp:featuredmedia":[{"embeddable":true,"href":"https:\/\/bazaar.express\/pl\/wp-json\/wp\/v2\/media\/42009"}],"wp:attachment":[{"href":"https:\/\/bazaar.express\/pl\/wp-json\/wp\/v2\/media?parent=42006"}],"wp:term":[{"taxonomy":"product_brand","embeddable":true,"href":"https:\/\/bazaar.express\/pl\/wp-json\/wp\/v2\/product_brand?post=42006"},{"taxonomy":"product_cat","embeddable":true,"href":"https:\/\/bazaar.express\/pl\/wp-json\/wp\/v2\/product_cat?post=42006"},{"taxonomy":"product_tag","embeddable":true,"href":"https:\/\/bazaar.express\/pl\/wp-json\/wp\/v2\/product_tag?post=42006"}],"curies":[{"name":"wp","href":"https:\/\/api.w.org\/{rel}","templated":true}]}}