{"id":42010,"date":"2025-02-22T17:11:10","date_gmt":"2025-02-22T17:11:10","guid":{"rendered":"https:\/\/bazaar.express\/product\/basil-tea\/"},"modified":"2025-02-22T17:11:10","modified_gmt":"2025-02-22T17:11:10","slug":"basil-tea","status":"publish","type":"product","link":"https:\/\/bazaar.express\/pl\/produkt\/basil-tea\/","title":{"rendered":"Herbata z bazylii"},"content":{"rendered":"<h2 data-start=\"267\" data-end=\"322\">Herbata z bazylii \u2013 skuteczny zio\u0142owy eliksir dla cia\u0142a i umys\u0142u<\/h2>\n<h3 data-start=\"324\" data-end=\"379\">Odkryj naturalne korzy\u015bci bazylii w ka\u017cdym \u0142yku<\/h3>\n<p data-start=\"381\" data-end=\"675\">Odkryj lecznicz\u0105 moc natury dzi\u0119ki <strong data-start=\"421\" data-end=\"434\">herbacie z bazylii<\/strong> \u2013 od\u015bwie\u017caj\u0105cemu, aromatycznemu i bogatemu w sk\u0142adniki od\u017cywcze naparowi zio\u0142owemu z li\u015bci egipskiej bazylii najwy\u017cszej jako\u015bci. Dzi\u0119ki bogatej zawarto\u015bci antyoksydant\u00f3w i warto\u015bciom leczniczym herbata z bazylii to wi\u0119cej ni\u017c zwyk\u0142y nap\u00f3j \u2013 to codzienny rytua\u0142 wellness.<\/p>\n<h3 data-start=\"677\" data-end=\"706\">Dlaczego wybra\u0107 nasz\u0105 herbat\u0119 z bazylii?<\/h3>\n<p data-start=\"708\" data-end=\"874\">Nasza herbata z bazylii jest r\u0119cznie zbierana, naturalnie suszona i starannie przetwarzana, aby zachowa\u0107 olejki eteryczne, sk\u0142adniki od\u017cywcze i w\u0142a\u015bciwo\u015bci terapeutyczne. Oto dlaczego wyr\u00f3\u017cnia si\u0119:<\/p>\n<ul data-start=\"876\" data-end=\"1399\">\n<li data-start=\"876\" data-end=\"965\">\n<p data-start=\"878\" data-end=\"965\">\u2705 <strong data-start=\"880\" data-end=\"906\">100% naturalna i organiczna<\/strong> \u2013 bez sztucznych dodatk\u00f3w, pestycyd\u00f3w ani konserwant\u00f3w.<\/p>\n<\/li>\n<li data-start=\"966\" data-end=\"1080\">\n<p data-start=\"968\" data-end=\"1080\">\u2705 <strong data-start=\"970\" data-end=\"994\">Bogata w antyoksydanty<\/strong> \u2013 zawiera flawonoidy, antocyjany i beta-karoten neutralizuj\u0105ce wolne rodniki.<\/p>\n<\/li>\n<li data-start=\"1081\" data-end=\"1191\">\n<p data-start=\"1083\" data-end=\"1191\">\u2705 <strong data-start=\"1085\" data-end=\"1114\">Wspiera zdrowie trawienne<\/strong> \u2013 poprawia funkcjonowanie jelit, \u0142agodzi wzd\u0119cia i zmniejsza dolegliwo\u015bci \u017co\u0142\u0105dkowe.<\/p>\n<\/li>\n<li data-start=\"1192\" data-end=\"1297\">\n<p data-start=\"1194\" data-end=\"1297\">\u2705 <strong data-start=\"1196\" data-end=\"1215\">Wzmacnia odporno\u015b\u0107<\/strong> \u2013 bogata w witamin\u0119 K, \u017celazo, magnez i inne minera\u0142y wspieraj\u0105ce uk\u0142ad odporno\u015bciowy.<\/p>\n<\/li>\n<li data-start=\"1298\" data-end=\"1399\">\n<p data-start=\"1300\" data-end=\"1399\">\u2705 <strong data-start=\"1302\" data-end=\"1330\">Naturalnie redukuje stres<\/strong> \u2013 pomaga regulowa\u0107 poziom kortyzolu, promuj\u0105c jasno\u015b\u0107 umys\u0142u i spok\u00f3j.<\/p>\n<\/li>\n<\/ul>\n<h3 data-start=\"1406\" data-end=\"1442\">G\u0142\u00f3wne korzy\u015bci zdrowotne herbaty z bazylii<\/h3>\n<h4 data-start=\"1444\" data-end=\"1475\"> Wspiera zdrowie serca<\/h4>\n<p data-start=\"1476\" data-end=\"1615\">Dzi\u0119ki magnezowi i witaminie A herbata z bazylii wspiera prawid\u0142owy kr\u0105\u017cenie krwi, obni\u017ca ci\u015bnienie i chroni przed chorobami serca.<\/p>\n<h4 data-start=\"1617\" data-end=\"1654\"> R\u00f3wnowa\u017cy poziom cukru we krwi<\/h4>\n<p data-start=\"1655\" data-end=\"1793\">Picie herbaty z bazylii mo\u017ce pom\u00f3c utrzyma\u0107 zdrowy poziom insuliny, co jest pomocne dla os\u00f3b z przedcukrzyc\u0105 lub cukrzyc\u0105 typu 2.<\/p>\n<h4 data-start=\"1795\" data-end=\"1827\"> Naturalna detoksykacja<\/h4>\n<p data-start=\"1828\" data-end=\"1957\">Herbata z bazylii dzia\u0142a jako \u0142agodny oczyszczacz <strong data-start=\"1870\" data-end=\"1879\">w\u0105troby<\/strong> i <strong data-start=\"1884\" data-end=\"1895\">nerek<\/strong>, pomagaj\u0105c usuwa\u0107 toksyny i wspiera\u0107 zdrowe funkcjonowanie narz\u0105d\u00f3w.<\/p>\n<h4 data-start=\"1959\" data-end=\"2000\"> Poprawia kondycj\u0119 sk\u00f3ry i w\u0142os\u00f3w<\/h4>\n<p data-start=\"2001\" data-end=\"2132\">Dzi\u0119ki w\u0142a\u015bciwo\u015bciom antybakteryjnym i przeciwzapalnym herbata z bazylii redukuje tr\u0105dzik, poprawia elastyczno\u015b\u0107 sk\u00f3ry i wzmacnia cebulki w\u0142osowe.<\/p>\n<h4 data-start=\"2134\" data-end=\"2169\"> Pomaga w kontroli wagi<\/h4>\n<p data-start=\"2170\" data-end=\"2306\">Efekty metaboliczne bazylii wspomagaj\u0105 spalanie t\u0142uszczu i poprawiaj\u0105 trawienie, czyni\u0105c j\u0105 idealnym dodatkiem do Twojej drogi fitness.<\/p>\n<h3 data-start=\"2313\" data-end=\"2352\">Kulinarne zastosowania bazylii \u2013 poza herbat\u0105<\/h3>\n<p data-start=\"2354\" data-end=\"2481\">Bazylia to wszechstronne zio\u0142o cenione na ca\u0142ym \u015bwiecie za unikalny smak i aromat. Poza piciem jako herbata mo\u017cesz u\u017cywa\u0107 bazylii w:<\/p>\n<ul data-start=\"2483\" data-end=\"2983\">\n<li data-start=\"2483\" data-end=\"2563\">\n<p data-start=\"2485\" data-end=\"2563\"><strong data-start=\"2485\" data-end=\"2495\">Sa\u0142atkach<\/strong> \u2013 dodaj \u015bwie\u017ce posiekane li\u015bcie bazylii dla od\u015bwie\u017caj\u0105cego zio\u0142owego akcentu.<\/p>\n<\/li>\n<li data-start=\"2564\" data-end=\"2638\">\n<p data-start=\"2566\" data-end=\"2638\"><strong data-start=\"2566\" data-end=\"2583\">Makaronie i pesto<\/strong> \u2013 niezb\u0119dna do klasycznych w\u0142oskich sos\u00f3w i dodatk\u00f3w.<\/p>\n<\/li>\n<li data-start=\"2639\" data-end=\"2709\">\n<p data-start=\"2641\" data-end=\"2709\"><strong data-start=\"2641\" data-end=\"2650\">Zupach<\/strong> \u2013 wypr\u00f3buj w zupie pomidorowo-bazyliowej lub g\u0119stych gulaszach warzywnych.<\/p>\n<\/li>\n<li data-start=\"2710\" data-end=\"2803\">\n<p data-start=\"2712\" data-end=\"2803\"><strong data-start=\"2712\" data-end=\"2741\">Grillowanym mi\u0119sie i marynatach<\/strong> \u2013 nadaj smak kurczakowi, owocom morza lub wo\u0142owinie \u015bwie\u017c\u0105 bazyli\u0105.<\/p>\n<\/li>\n<li data-start=\"2804\" data-end=\"2898\">\n<p data-start=\"2806\" data-end=\"2898\"><strong data-start=\"2806\" data-end=\"2825\">Domowych sosach<\/strong> \u2013 zmiksuj z czosnkiem, oliw\u0105 lub sokiem z cytryny na dipy i dressingle.<\/p>\n<\/li>\n<li data-start=\"2899\" data-end=\"2983\">\n<p data-start=\"2901\" data-end=\"2983\"><strong data-start=\"2901\" data-end=\"2918\">Kuchni azjatyckiej<\/strong> \u2013 powszechna w daniach tajskich, wietnamskich i indyjskich dla g\u0142\u0119bi smaku.<\/p>\n<\/li>\n<\/ul>\n<h3 data-start=\"2990\" data-end=\"3018\">Jak przygotowa\u0107 herbat\u0119 z bazylii<\/h3>\n<p data-start=\"3020\" data-end=\"3036\"><strong data-start=\"3020\" data-end=\"3036\">Sk\u0142adniki:<\/strong><\/p>\n<ul data-start=\"3037\" data-end=\"3155\">\n<li data-start=\"3037\" data-end=\"3085\">\n<p data-start=\"3039\" data-end=\"3085\">1\u20132 \u0142y\u017ceczki suszonych lub \u015bwie\u017cych li\u015bci bazylii<\/p>\n<\/li>\n<li data-start=\"3086\" data-end=\"3109\">\n<p data-start=\"3088\" data-end=\"3109\">1 szklanka wrz\u0105cej wody<\/p>\n<\/li>\n<li data-start=\"3110\" data-end=\"3155\">\n<p data-start=\"3112\" data-end=\"3155\">Opcjonalnie: mi\u00f3d lub cytryna dla dodatkowego smaku<\/p>\n<\/li>\n<\/ul>\n<p data-start=\"3157\" data-end=\"3174\"><strong data-start=\"3157\" data-end=\"3174\">Instrukcje:<\/strong><\/p>\n<ol data-start=\"3175\" data-end=\"3395\">\n<li data-start=\"3175\" data-end=\"3216\">\n<p data-start=\"3178\" data-end=\"3216\">Dodaj li\u015bcie bazylii do fili\u017canki lub czajniczka.<\/p>\n<\/li>\n<li data-start=\"3217\" data-end=\"3257\">\n<p data-start=\"3220\" data-end=\"3257\">Zalej li\u015bcie wrz\u0105c\u0105 wod\u0105.<\/p>\n<\/li>\n<li data-start=\"3258\" data-end=\"3322\">\n<p data-start=\"3261\" data-end=\"3322\">Parz przez 5\u20137 minut, aby wydoby\u0107 pe\u0142ni\u0119 smaku i aromatu.<\/p>\n<\/li>\n<li data-start=\"3323\" data-end=\"3395\">\n<p data-start=\"3326\" data-end=\"3395\">Odced\u017a i delektuj si\u0119! Dodaj cytryn\u0119 lub mi\u00f3d dla lepszego smaku i korzy\u015bci.<\/p>\n<\/li>\n<\/ol>\n<h3 data-start=\"3402\" data-end=\"3430\">Kiedy pi\u0107 herbat\u0119 z bazylii?<\/h3>\n<ul data-start=\"3432\" data-end=\"3812\">\n<li data-start=\"3432\" data-end=\"3493\">\n<p data-start=\"3434\" data-end=\"3493\"><strong data-start=\"3437\" data-end=\"3457\">Poranne oczyszczenie:<\/strong> zacznij dzie\u0144 \u015bwie\u017co i zdetoksykowany.<\/p>\n<\/li>\n<li data-start=\"3494\" data-end=\"3564\">\n<p data-start=\"3496\" data-end=\"3564\"><strong data-start=\"3499\" data-end=\"3524\">Wsparcie trawienne w po\u0142udnie:<\/strong> pij po posi\u0142kach dla lekkiego trawienia.<\/p>\n<\/li>\n<li data-start=\"3565\" data-end=\"3648\">\n<p data-start=\"3567\" data-end=\"3648\"><strong data-start=\"3570\" data-end=\"3591\">Orze\u017awienie na zimno:<\/strong> zaparz i sch\u0142od\u017a na ch\u0142odny, energetyzuj\u0105cy letni nap\u00f3j.<\/p>\n<\/li>\n<li data-start=\"3649\" data-end=\"3716\">\n<p data-start=\"3651\" data-end=\"3716\"><strong data-start=\"3654\" data-end=\"3677\">Relaks wieczorny:<\/strong> rozlu\u017anij si\u0119 i zredukuj stres przed snem.<\/p>\n<\/li>\n<li data-start=\"3717\" data-end=\"3812\">\n<p data-start=\"3719\" data-end=\"3812\"><strong data-start=\"3722\" data-end=\"3740\">Mieszanki zio\u0142owe:<\/strong> po\u0142\u0105cz z rumiankiem, mi\u0119t\u0105 lub imbirem dla r\u00f3\u017cnorodno\u015bci i dodatkowych korzy\u015bci.<\/p>\n<\/li>\n<\/ul>\n<h2 data-start=\"4072\" data-end=\"4119\">Wzmocnij swoj\u0105 drog\u0119 do zdrowia herbat\u0105 z bazylii<\/h2>\n<p data-start=\"4121\" data-end=\"4374\">Od poprawy trawienia po redukcj\u0119 stresu, <strong data-start=\"4166\" data-end=\"4179\">herbata z bazylii<\/strong> to idealny zio\u0142owy towarzysz zdrowego stylu \u017cycia. Niezale\u017cnie czy szukasz spokoju, lepszej odporno\u015bci czy naturalnego wsparcia detoksykacyjnego \u2013 ta koj\u0105ca herbata wnosi wieki zio\u0142owej m\u0105dro\u015bci do Twojej fili\u017canki.<\/p>\n<p data-start=\"4376\" data-end=\"4440\"><strong data-start=\"4376\" data-end=\"4389\">Zam\u00f3w teraz<\/strong> i poczuj lecznicz\u0105 esencj\u0119 egipskiej bazylii!<\/p>\n<p style=\"text-align: center;\">Dzi\u0119kujemy za zakupy w <em data-start=\"415\" data-end=\"431\"><a href=\"https:\/\/bazaar.express\/pl\/\">Bazaar Express<\/a><\/em> \u2013 cieszymy si\u0119, \u017ce jeste\u015b z nami!<\/p>\n<p style=\"text-align: center;\">Smakuj tradycj\u0119 z nasz\u0105 r\u0119cznie wyselekcjonowan\u0105 kolekcj\u0105 <a href=\"https:\/\/bazaar.express\/product-category\/egyptian-flavors\/\">egipskich smak\u00f3w<\/a> i przypraw.<\/p>\n","protected":false},"excerpt":{"rendered":"<h3>Ciesz si\u0119 uspokajaj\u0105cymi, detoksykuj\u0105cymi korzy\u015bciami naszej czystej herbaty z bazylii. Wykonana ze \u015bwie\u017cych li\u015bci bazylii wspiera trawienie, wzmacnia odporno\u015b\u0107 i naturalnie \u0142agodzi stres.<\/h3>\n","protected":false},"featured_media":42014,"comment_status":"open","ping_status":"closed","template":"","meta":[],"product_brand":[],"product_cat":[1195,1199],"product_tag":[1472],"class_list":{"0":"post-42010","1":"product","2":"type-product","3":"status-publish","4":"has-post-thumbnail","6":"product_cat-egipskie-smaki","7":"product_cat-najlepsze-z-egiptu","8":"product_tag-zdrowotna","9":"pa_l-xl-250gm","11":"first","12":"instock","13":"shipping-taxable","14":"purchasable","15":"product-type-simple"},"_links":{"self":[{"href":"https:\/\/bazaar.express\/pl\/wp-json\/wp\/v2\/product\/42010","targetHints":{"allow":["GET"]}}],"collection":[{"href":"https:\/\/bazaar.express\/pl\/wp-json\/wp\/v2\/product"}],"about":[{"href":"https:\/\/bazaar.express\/pl\/wp-json\/wp\/v2\/types\/product"}],"replies":[{"embeddable":true,"href":"https:\/\/bazaar.express\/pl\/wp-json\/wp\/v2\/comments?post=42010"}],"wp:featuredmedia":[{"embeddable":true,"href":"https:\/\/bazaar.express\/pl\/wp-json\/wp\/v2\/media\/42014"}],"wp:attachment":[{"href":"https:\/\/bazaar.express\/pl\/wp-json\/wp\/v2\/media?parent=42010"}],"wp:term":[{"taxonomy":"product_brand","embeddable":true,"href":"https:\/\/bazaar.express\/pl\/wp-json\/wp\/v2\/product_brand?post=42010"},{"taxonomy":"product_cat","embeddable":true,"href":"https:\/\/bazaar.express\/pl\/wp-json\/wp\/v2\/product_cat?post=42010"},{"taxonomy":"product_tag","embeddable":true,"href":"https:\/\/bazaar.express\/pl\/wp-json\/wp\/v2\/product_tag?post=42010"}],"curies":[{"name":"wp","href":"https:\/\/api.w.org\/{rel}","templated":true}]}}