{"id":42052,"date":"2025-11-06T15:59:27","date_gmt":"2025-11-06T15:59:27","guid":{"rendered":"https:\/\/bazaar.express\/product\/camel-milk-soap\/"},"modified":"2025-11-06T15:59:27","modified_gmt":"2025-11-06T15:59:27","slug":"camel-milk-soap","status":"publish","type":"product","link":"https:\/\/bazaar.express\/pl\/produkt\/camel-milk-soap\/","title":{"rendered":"Luksusowe myd\u0142o z mleka wielb\u0142\u0105dziego"},"content":{"rendered":"<h2 id=\"luxury-camel-milk-soap--premium-egyptian-professio\" class=\"mb-2 mt-4 font-display font-semimedium text-base first:mt-0 md:text-lg [hr+&#038;]:mt-4\">Luksusowe myd\u0142o z mleka wielb\u0142\u0105dziego \u2013 premium egipskie profesjonalne oczyszczanie z doskona\u0142ych naturalnych sk\u0142adnik\u00f3w<\/h2>\n<h3 class=\"mb-2 mt-4 font-display font-semimedium text-base first:mt-0\">Do\u015bwiadcz doskona\u0142ej piel\u0119gnacji sk\u00f3ry z autentycznym premium myd\u0142em z mleka wielb\u0142\u0105dziego i profesjonalnym zabiegiem upi\u0119kszaj\u0105cym<\/h3>\n<p class=\"my-2 [&#038;+p]:mt-4 [&#038;_strong:has(+br)]:inline-block [&#038;_strong:has(+br)]:pb-2\">Oddaj si\u0119 najlepszej naturalnej piel\u0119gnacji sk\u00f3ry z naszym ekskluzywnym myd\u0142em z mleka wielb\u0142\u0105dziego premium, luksusowym egipskim \u015brodkiem oczyszczaj\u0105cym opracowanym dla wymagaj\u0105cych klient\u00f3w. To delikatne luksusowe myd\u0142o \u0142\u0105czy autentyczne mleko wielb\u0142\u0105dzie z tradycyjnymi sk\u0142adnikami ro\u015blinnymi, dostarczaj\u0105c profesjonalne oczyszczanie, intensywne nawil\u017cenie i widoczn\u0105 transformacj\u0119 sk\u00f3ry. Nasze starannie opracowane myd\u0142o z mleka wielb\u0142\u0105dziego premium jest stworzone do wyrafinowanej luksusowej piel\u0119gnacji sk\u00f3ry z wyj\u0105tkowym po\u0142yskiem, profesjonalnymi rezultatami i doskona\u0142\u0105 kondycj\u0105 sk\u00f3ry.<\/p>\n<h3 class=\"mb-2 mt-4 font-display font-semimedium text-base first:mt-0\">Dlaczego wybra\u0107 luksusowe myd\u0142o z mleka wielb\u0142\u0105dziego premium?<\/h3>\n<p class=\"my-2 [&#038;+p]:mt-4 [&#038;_strong:has(+br)]:inline-block [&#038;_strong:has(+br)]:pb-2\"><strong>Profesjonalne luksusowe oczyszczanie z autentycznym mlekiem wielb\u0142\u0105dziego:<\/strong>\u00a0Nasz premium myd\u0142o z mleka wielb\u0142\u0105dziego wykorzystuje moc autentycznego mleka wielb\u0142\u0105dziego premium, aby zapewni\u0107 profesjonalne oczyszczanie bez ostrych chemikali\u00f3w. Ta luksusowa formu\u0142a usuwa zanieczyszczenia, jednocze\u015bnie nas\u0105czaj\u0105c sk\u00f3r\u0119 luksusowymi minera\u0142ami profesjonalnymi, pozostawiaj\u0105c sk\u00f3r\u0119 wyj\u0105tkowo od\u015bwie\u017con\u0105, chronion\u0105 i promiennie odm\u0142odzon\u0105 z luksusowymi efektami.<\/p>\n<p class=\"my-2 [&#038;+p]:mt-4 [&#038;_strong:has(+br)]:inline-block [&#038;_strong:has(+br)]:pb-2\"><strong>Profesjonalne dzia\u0142anie przeciwstarzeniowe i luksusowe nawil\u017cenie:<\/strong>\u00a0Wzbogacone autentycznym mlekiem wielb\u0142\u0105dziego i premium profesjonalnymi sk\u0142adnikami botanicznymi, ten luksusowy batonik zapewnia profesjonalny blask, kt\u00f3ry zmi\u0119kcza i kondycjonuje sk\u00f3r\u0119 w niezwyk\u0142y spos\u00f3b. Infuzja luksusowego mleka wielb\u0142\u0105dziego premium czyni nasze myd\u0142o z mleka wielb\u0142\u0105dziego najlepszym profesjonalnym wyborem do codziennego luksusowego oczyszczania twarzy i cia\u0142a.<\/p>\n<p class=\"my-2 [&#038;+p]:mt-4 [&#038;_strong:has(+br)]:inline-block [&#038;_strong:has(+br)]:pb-2\"><strong>Przezroczysta premium luksusowa formu\u0142a z po\u0142yskiem mleka wielb\u0142\u0105dziego:<\/strong>\u00a0Nasz premium batonik oczyszczaj\u0105cy wzbogacony mlekiem wielb\u0142\u0105dziego jest delikatny, czysty i przezroczysty z pi\u0119knym luksusowym po\u0142yskiem \u2013 ukazuj\u0105cym autentyczny premium sk\u0142ad. Profesjonalna luksusowa formu\u0142a oczyszcza doskonale, nie pozbawiaj\u0105c niezb\u0119dnej wilgoci, promuj\u0105c widocznie czystsz\u0105 i wyj\u0105tkowo zdrow\u0105 sk\u00f3r\u0119 o promiennym wygl\u0105dzie.<\/p>\n<p class=\"my-2 [&#038;+p]:mt-4 [&#038;_strong:has(+br)]:inline-block [&#038;_strong:has(+br)]:pb-2\"><strong>Premium luksusowa kompatybilno\u015b\u0107 dla wyrafinowanej piel\u0119gnacji sk\u00f3ry:<\/strong>\u00a0Niezale\u017cnie od typu sk\u00f3ry \u2013 wra\u017cliwej, t\u0142ustej, suchej czy mieszanej \u2013 nasze luksusowe myd\u0142o z mleka wielb\u0142\u0105dziego dostarcza profesjonalnych rezultat\u00f3w. Delikatna premium luksusowa formu\u0142a jest idealna do wyrafinowanej profesjonalnej piel\u0119gnacji twarzy i codziennej luksusowej opieki, stanowi\u0105c doskona\u0142y dodatek do zaawansowanych rutyn piel\u0119gnacyjnych.<\/p>\n<p class=\"my-2 [&#038;+p]:mt-4 [&#038;_strong:has(+br)]:inline-block [&#038;_strong:has(+br)]:pb-2\"><strong>Profesjonalne luksusowe zmi\u0119kczanie i doskona\u0142o\u015b\u0107:<\/strong>\u00a0Bogate w gliceryn\u0119, premium profesjonalne oleje i autentyczne mleko wielb\u0142\u0105dzie, to luksusowe myd\u0142o zmi\u0119kcza i nawil\u017ca sk\u00f3r\u0119 z profesjonaln\u0105 precyzj\u0105. W\u0142a\u015bciwo\u015bci kondycjonuj\u0105ce premium mleka wielb\u0142\u0105dziego przywracaj\u0105 profesjonalny blask i zapewniaj\u0105 wyrafinowanie luksusowe.<\/p>\n<h3 class=\"mb-2 mt-4 font-display font-semimedium text-base first:mt-0\">Wyj\u0105tkowe profesjonalne korzy\u015bci premium myd\u0142a z mleka wielb\u0142\u0105dziego<\/h3>\n<ul class=\"marker:text-quiet list-disc\">\n<li class=\"py-0 my-0 prose-p:pt-0 prose-p:mb-2 prose-p:my-0 [&#038;>p]:pt-0 [&#038;>p]:mb-2 [&#038;>p]:my-0&#8243;>\n<p class=\"my-2 [&#038;+p]:mt-4 [&#038;_strong:has(+br)]:inline-block [&#038;_strong:has(+br)]:pb-2\">Premium profesjonalne dzia\u0142anie oczyszczaj\u0105ce<\/p>\n<\/li>\n<li class=\"py-0 my-0 prose-p:pt-0 prose-p:mb-2 prose-p:my-0 [&#038;>p]:pt-0 [&#038;>p]:mb-2 [&#038;>p]:my-0&#8243;>\n<p class=\"my-2 [&#038;+p]:mt-4 [&#038;_strong:has(+br)]:inline-block [&#038;_strong:has(+br)]:pb-2\">Infuzja bia\u0142ek autentycznego mleka wielb\u0142\u0105dziego<\/p>\n<\/li>\n<li class=\"py-0 my-0 prose-p:pt-0 prose-p:mb-2 prose-p:my-0 [&#038;>p]:pt-0 [&#038;>p]:mb-2 [&#038;>p]:my-0&#8243;>\n<p class=\"my-2 [&#038;+p]:mt-4 [&#038;_strong:has(+br)]:inline-block [&#038;_strong:has(+br)]:pb-2\">Profesjonalne luksusowe zmi\u0119kczanie i nawil\u017canie<\/p>\n<\/li>\n<li class=\"py-0 my-0 prose-p:pt-0 prose-p:mb-2 prose-p:my-0 [&#038;>p]:pt-0 [&#038;>p]:mb-2 [&#038;>p]:my-0&#8243;>\n<p class=\"my-2 [&#038;+p]:mt-4 [&#038;_strong:has(+br)]:inline-block [&#038;_strong:has(+br)]:pb-2\">Nadaj\u0105ce si\u0119 do wszystkich typ\u00f3w sk\u00f3ry z wyrafinowanymi rezultatami<\/p>\n<\/li>\n<li class=\"py-0 my-0 prose-p:pt-0 prose-p:mb-2 prose-p:my-0 [&#038;>p]:pt-0 [&#038;>p]:mb-2 [&#038;>p]:my-0&#8243;>\n<p class=\"my-2 [&#038;+p]:mt-4 [&#038;_strong:has(+br)]:inline-block [&#038;_strong:has(+br)]:pb-2\">Naturalna, premium luksusowa formu\u0142a<\/p>\n<\/li>\n<li class=\"py-0 my-0 prose-p:pt-0 prose-p:mb-2 prose-p:my-0 [&#038;>p]:pt-0 [&#038;>p]:mb-2 [&#038;>p]:my-0&#8243;>\n<p class=\"my-2 [&#038;+p]:mt-4 [&#038;_strong:has(+br)]:inline-block [&#038;_strong:has(+br)]:pb-2\">Bogata gliceryna dla intensywnego profesjonalnego nawil\u017cenia<\/p>\n<\/li>\n<li class=\"py-0 my-0 prose-p:pt-0 prose-p:mb-2 prose-p:my-0 [&#038;>p]:pt-0 [&#038;>p]:mb-2 [&#038;>p]:my-0&#8243;>\n<p class=\"my-2 [&#038;+p]:mt-4 [&#038;_strong:has(+br)]:inline-block [&#038;_strong:has(+br)]:pb-2\">Promuje wyj\u0105tkow\u0105, promienn\u0105, l\u015bni\u0105c\u0105 profesjonaln\u0105 sk\u00f3r\u0119<\/p>\n<\/li>\n<li class=\"py-0 my-0 prose-p:pt-0 prose-p:mb-2 prose-p:my-0 [&#038;>p]:pt-0 [&#038;>p]:mb-2 [&#038;>p]:my-0&#8243;>\n<p class=\"my-2 [&#038;+p]:mt-4 [&#038;_strong:has(+br)]:inline-block [&#038;_strong:has(+br)]:pb-2\">Profesjonalna luksusowa piel\u0119gnacja<\/p>\n<\/li>\n<\/ul>\n<h3 class=\"mb-2 mt-4 font-display font-semimedium text-base first:mt-0\">Co czyni nasze premium myd\u0142o z mleka wielb\u0142\u0105dziego wyj\u0105tkowym?<\/h3>\n<p class=\"my-2 [&#038;+p]:mt-4 [&#038;_strong:has(+br)]:inline-block [&#038;_strong:has(+br)]:pb-2\">Nasze premium luksusowe myd\u0142o \u0142\u0105czy moc autentycznego mleka wielb\u0142\u0105dziego z wyrafinowanymi egipskimi tradycjami pi\u0119kna i profesjonaln\u0105 doskona\u0142o\u015bci\u0105. Staranne po\u0142\u0105czenie naturalnej bazy mydlanej, gliceryny, bia\u0142ek mleka wielb\u0142\u0105dziego i sk\u0142adnik\u00f3w botanicznych tworzy wyj\u0105tkowy luksusowy profesjonalny produkt. Ka\u017cdy batonik symbolizuje nasze zaanga\u017cowanie w profesjonaln\u0105, skuteczn\u0105 naturaln\u0105 luksusow\u0105 piel\u0119gnacj\u0119 sk\u00f3ry, wspart\u0105 egipskim dziedzictwem i premium doskona\u0142o\u015bci\u0105.<\/p>\n<h3 class=\"mb-2 mt-4 font-display font-semimedium text-base first:mt-0\">Jak u\u017cywa\u0107 premium myd\u0142a z mleka wielb\u0142\u0105dziego<\/h3>\n<p class=\"my-2 [&#038;+p]:mt-4 [&#038;_strong:has(+br)]:inline-block [&#038;_strong:has(+br)]:pb-2\">Zmocz twarz lub cia\u0142o ciep\u0142\u0105 wod\u0105 i delikatnie masuj ten premium luksusowy batonik, a\u017c utworzy si\u0119 bogata piana. Pozw\u00f3l formule oczy\u015bci\u0107 sk\u00f3r\u0119 z profesjonaln\u0105 precyzj\u0105, a nast\u0119pnie sp\u0142ucz. Stosuj luksusowe myd\u0142o z mleka wielb\u0142\u0105dziego codziennie dla optymalnego profesjonalnego oczyszczania i luksusowego blasku dzi\u0119ki tej autentycznej premium formule.<\/p>\n<h3 class=\"mb-2 mt-4 font-display font-semimedium text-base first:mt-0\">Instrukcje przechowywania i piel\u0119gnacji premium luksusowego<\/h3>\n<p class=\"my-2 [&#038;+p]:mt-4 [&#038;_strong:has(+br)]:inline-block [&#038;_strong:has(+br)]:pb-2\">Przechowuj luksusowe myd\u0142o z mleka wielb\u0142\u0105dziego w temperaturze pokojowej, z dala od bezpo\u015bredniego nas\u0142onecznienia, aby zachowa\u0107 jak najd\u0142u\u017cej jego premium profesjonalne naturalne w\u0142a\u015bciwo\u015bci.<\/p>\n<p class=\"my-2 [&#038;+p]:mt-4 [&#038;_strong:has(+br)]:inline-block [&#038;_strong:has(+br)]:pb-2\"><strong>Podnie\u015b poziom luksusowej piel\u0119gnacji sk\u00f3ry naszym premium myd\u0142em z mleka wielb\u0142\u0105dziego ju\u017c dzi\u015b. Zam\u00f3w sw\u00f3j premium batonik teraz i poczuj profesjonaln\u0105 luksusow\u0105 moc blasku autentycznej premium egipskiej doskona\u0142o\u015bci piel\u0119gnacji sk\u00f3ry.<\/strong><\/p>\n<p>&nbsp;<\/p>\n<h5 style=\"text-align: center;\">Dzi\u0119kujemy za zakupy w <a href=\"https:\/\/bazaar.express\/pl\/\">Bazaar Express<\/a> \u2013 cieszymy si\u0119, \u017ce jeste\u015b z nami!<\/h5>\n<h5 style=\"text-align: center;\">Twoja podr\u00f3\u017c ku lepszemu dbaniu o siebie zaczyna si\u0119 tutaj \u2014 z <a href=\"https:\/\/bazaar.express\/pl\/kategoria-produktu\/pielegnacja-urody\/\">Piel\u0119gnacj\u0105 urody<\/a>, kt\u00f3rej mo\u017cesz zaufa\u0107!<\/h5>\n","protected":false},"excerpt":{"rendered":"<h3> Luksusowe myd\u0142o z mleka wielb\u0142\u0105dziego \u2013 premium profesjonalne oczyszczanie z infuzj\u0105 autentycznego mleka wielb\u0142\u0105dziego, premium sk\u0142adniki botaniczne. Doskona\u0142a luksusowa piel\u0119gnacja sk\u00f3ry.<\/h3>\n","protected":false},"featured_media":36672,"comment_status":"open","ping_status":"closed","template":"","meta":[],"product_brand":[],"product_cat":[1192,1193],"product_tag":[1474,1465,1466,1467],"class_list":{"0":"post-42052","1":"product","2":"type-product","3":"status-publish","4":"has-post-thumbnail","6":"product_cat-pielegnacja-urody","7":"product_cat-lecznicze-oleje","8":"product_tag-mleko-wielbladzie","9":"product_tag-naturalny-olej","10":"product_tag-pielegnacja-skory","11":"product_tag-pielegnacja-urody","13":"first","14":"instock","15":"shipping-taxable","16":"purchasable","17":"product-type-simple"},"_links":{"self":[{"href":"https:\/\/bazaar.express\/pl\/wp-json\/wp\/v2\/product\/42052","targetHints":{"allow":["GET"]}}],"collection":[{"href":"https:\/\/bazaar.express\/pl\/wp-json\/wp\/v2\/product"}],"about":[{"href":"https:\/\/bazaar.express\/pl\/wp-json\/wp\/v2\/types\/product"}],"replies":[{"embeddable":true,"href":"https:\/\/bazaar.express\/pl\/wp-json\/wp\/v2\/comments?post=42052"}],"wp:featuredmedia":[{"embeddable":true,"href":"https:\/\/bazaar.express\/pl\/wp-json\/wp\/v2\/media\/36672"}],"wp:attachment":[{"href":"https:\/\/bazaar.express\/pl\/wp-json\/wp\/v2\/media?parent=42052"}],"wp:term":[{"taxonomy":"product_brand","embeddable":true,"href":"https:\/\/bazaar.express\/pl\/wp-json\/wp\/v2\/product_brand?post=42052"},{"taxonomy":"product_cat","embeddable":true,"href":"https:\/\/bazaar.express\/pl\/wp-json\/wp\/v2\/product_cat?post=42052"},{"taxonomy":"product_tag","embeddable":true,"href":"https:\/\/bazaar.express\/pl\/wp-json\/wp\/v2\/product_tag?post=42052"}],"curies":[{"name":"wp","href":"https:\/\/api.w.org\/{rel}","templated":true}]}}