{"id":42056,"date":"2025-11-06T02:04:14","date_gmt":"2025-11-06T02:04:14","guid":{"rendered":"https:\/\/bazaar.express\/product\/24k-gold-beauty-bar\/"},"modified":"2025-11-06T02:04:14","modified_gmt":"2025-11-06T02:04:14","slug":"24k-gold-beauty-bar","status":"publish","type":"product","link":"https:\/\/bazaar.express\/pl\/produkt\/24k-gold-beauty-bar\/","title":{"rendered":"Luksusowa kostka beauty 24K Gold"},"content":{"rendered":"<h2 id=\"luxury-24k-gold-beauty-bar--premium-egyptian-profe\" class=\"mb-2 mt-4 font-display font-semimedium text-base first:mt-0 md:text-lg [hr+&#038;]:mt-4\">Luksusowa kostka beauty 24K Gold \u2013 premium egipskie profesjonalne oczyszczanie z elitarnej infuzji z\u0142ota<\/h2>\n<h3 class=\"mb-2 mt-4 font-display font-semimedium text-base first:mt-0\">Do\u015bwiadcz elitarnej piel\u0119gnacji sk\u00f3ry z autentyczn\u0105 premium kostk\u0105 beauty 24K Gold i profesjonalnym traktowaniem<\/h3>\n<p class=\"my-2 [&#038;+p]:mt-4 [&#038;_strong:has(+br)]:inline-block [&#038;_strong:has(+br)]:pb-2\">Oddaj si\u0119 szczytowi luksusowej piel\u0119gnacji sk\u00f3ry z nasz\u0105 ekskluzywn\u0105 premium kostk\u0105 beauty 24K Gold, luksusowym egipskim \u015brodkiem oczyszczaj\u0105cym nasyconym autentycznymi cz\u0105stkami 24K z\u0142ota. Ta delikatna premium luksusowa kostka \u0142\u0105czy prawdziwe 24K z\u0142oto z ekstraktami ro\u015blinnymi, zapewniaj\u0105c profesjonalne oczyszczanie, intensywn\u0105 promienno\u015b\u0107 przeciwstarzeniow\u0105 i widoczn\u0105 transformacj\u0119 sk\u00f3ry. Nasza starannie opracowana premium kostka beauty 24K Gold jest przeznaczona do wyrafinowanej luksusowej piel\u0119gnacji sk\u00f3ry z wyj\u0105tkow\u0105 luminacj\u0105 i doskona\u0142\u0105 jako\u015bci\u0105 sk\u00f3ry.<\/p>\n<h3 class=\"mb-2 mt-4 font-display font-semimedium text-base first:mt-0\">Dlaczego wybra\u0107 premium luksusow\u0105 kostk\u0119 beauty 24K Gold?<\/h3>\n<p class=\"my-2 [&#038;+p]:mt-4 [&#038;_strong:has(+br)]:inline-block [&#038;_strong:has(+br)]:pb-2\"><strong>Profesjonalne luksusowe oczyszczanie z autentycznym 24K z\u0142otem:<\/strong>\u00a0Nasza premium kostka wykorzystuje autentyczne premium cz\u0105stki 24K z\u0142ota do profesjonalnego oczyszczania z popraw\u0105 promienno\u015bci. Ta luksusowa formu\u0142a usuwa zanieczyszczenia, jednocze\u015bnie nasycaj\u0105c sk\u00f3r\u0119 luksusowymi profesjonalnymi minera\u0142ami, pozostawiaj\u0105c sk\u00f3r\u0119 wyj\u0105tkowo od\u015bwie\u017con\u0105, chronion\u0105 i promiennie przekszta\u0142con\u0105 z luksusowymi profesjonalnymi rezultatami.<\/p>\n<p class=\"my-2 [&#038;+p]:mt-4 [&#038;_strong:has(+br)]:inline-block [&#038;_strong:has(+br)]:pb-2\"><strong>Profesjonalne dzia\u0142anie przeciwstarzeniowe i poprawa luksusowej promienno\u015bci:<\/strong>\u00a0Wzbogacona autentycznym 24K z\u0142otem i premium profesjonalnymi olejami botanicznymi, ta luksusowa kostka zapewnia profesjonaln\u0105 promienno\u015b\u0107, kt\u00f3ra zmi\u0119kcza i kondycjonuje sk\u00f3r\u0119 w niezwyk\u0142y spos\u00f3b. Premium luksusowa infuzja z\u0142ota czyni ten produkt najlepszym profesjonalnym wyborem do codziennego luksusowego oczyszczania twarzy i cia\u0142a.<\/p>\n<p class=\"my-2 [&#038;+p]:mt-4 [&#038;_strong:has(+br)]:inline-block [&#038;_strong:has(+br)]:pb-2\"><strong>Przezroczysta premium luksusowa formu\u0142a z z\u0142otym po\u0142yskiem:<\/strong>\u00a0Nasza kostka oczyszczaj\u0105ca nasycona z\u0142otem jest delikatna, czysta i przezroczysta z pi\u0119knym luksusowym po\u0142yskiem \u2013 prezentuj\u0105ca premium autentyczny sk\u0142ad. Profesjonalna luksusowa formu\u0142a oczyszcza doskonale bez usuwania niezb\u0119dnej wilgoci, promuj\u0105c widocznie czystsz\u0105 i wyj\u0105tkowo zdrow\u0105 sk\u00f3r\u0119 z promiennym wygl\u0105dem.<\/p>\n<p class=\"my-2 [&#038;+p]:mt-4 [&#038;_strong:has(+br)]:inline-block [&#038;_strong:has(+br)]:pb-2\"><strong>Premium luksusowa kompatybilno\u015b\u0107 dla wyrafinowanej piel\u0119gnacji sk\u00f3ry:<\/strong>\u00a0Niezale\u017cnie od tego, czy masz sk\u00f3r\u0119 wra\u017cliw\u0105, t\u0142ust\u0105, such\u0105 czy mieszan\u0105, nasza luksusowa z\u0142ota kostka beauty zapewnia profesjonalne rezultaty pi\u0119knie. Delikatna premium luksusowa formu\u0142a jest idealna do wyrafinowanej profesjonalnej piel\u0119gnacji sk\u00f3ry twarzy i podwy\u017cszonej luksusowej codziennej opieki, czyni\u0105c j\u0105 najlepszym profesjonalnym dodatkiem do wyrafinowanych rutyn piel\u0119gnacyjnych.<\/p>\n<p class=\"my-2 [&#038;+p]:mt-4 [&#038;_strong:has(+br)]:inline-block [&#038;_strong:has(+br)]:pb-2\"><strong>Profesjonalne luksusowe zmi\u0119kczanie i doskona\u0142o\u015b\u0107 przeciwstarzeniowa:<\/strong>\u00a0Bogata w gliceryn\u0119, premium profesjonalne oleje i autentyczne 24K z\u0142oto, ta luksusowa kostka zmi\u0119kcza i nawil\u017ca sk\u00f3r\u0119 z profesjonaln\u0105 precyzj\u0105. W\u0142a\u015bciwo\u015bci kondycjonuj\u0105ce premium z\u0142ota przywracaj\u0105 profesjonaln\u0105 promienno\u015b\u0107 i zapewniaj\u0105 doskona\u0142e luksusowe udoskonalenie przeciwstarzeniowe.<\/p>\n<h3 class=\"mb-2 mt-4 font-display font-semimedium text-base first:mt-0\">Wyj\u0105tkowe profesjonalne korzy\u015bci premium 24K z\u0142ota<\/h3>\n<ul class=\"marker:text-quiet list-disc\">\n<li class=\"py-0 my-0 prose-p:pt-0 prose-p:mb-2 prose-p:my-0 [&#038;>p]:pt-0 [&#038;>p]:mb-2 [&#038;>p]:my-0&#8243;>\n<p class=\"my-2 [&#038;+p]:mt-4 [&#038;_strong:has(+br)]:inline-block [&#038;_strong:has(+br)]:pb-2\">Premium profesjonalne dzia\u0142anie oczyszczaj\u0105ce<\/p>\n<\/li>\n<li class=\"py-0 my-0 prose-p:pt-0 prose-p:mb-2 prose-p:my-0 [&#038;>p]:pt-0 [&#038;>p]:mb-2 [&#038;>p]:my-0&#8243;>\n<p class=\"my-2 [&#038;+p]:mt-4 [&#038;_strong:has(+br)]:inline-block [&#038;_strong:has(+br)]:pb-2\">Infuzja autentycznych cz\u0105stek prawdziwego 24K z\u0142ota<\/p>\n<\/li>\n<li class=\"py-0 my-0 prose-p:pt-0 prose-p:mb-2 prose-p:my-0 [&#038;>p]:pt-0 [&#038;>p]:mb-2 [&#038;>p]:my-0&#8243;>\n<p class=\"my-2 [&#038;+p]:mt-4 [&#038;_strong:has(+br)]:inline-block [&#038;_strong:has(+br)]:pb-2\">Profesjonalne luksusowe zmi\u0119kczanie i nawil\u017canie<\/p>\n<\/li>\n<li class=\"py-0 my-0 prose-p:pt-0 prose-p:mb-2 prose-p:my-0 [&#038;>p]:pt-0 [&#038;>p]:mb-2 [&#038;>p]:my-0&#8243;>\n<p class=\"my-2 [&#038;+p]:mt-4 [&#038;_strong:has(+br)]:inline-block [&#038;_strong:has(+br)]:pb-2\">Nadaje si\u0119 do wszystkich typ\u00f3w sk\u00f3ry z wyrafinowanymi rezultatami<\/p>\n<\/li>\n<li class=\"py-0 my-0 prose-p:pt-0 prose-p:mb-2 prose-p:my-0 [&#038;>p]:pt-0 [&#038;>p]:mb-2 [&#038;>p]:my-0&#8243;>\n<p class=\"my-2 [&#038;+p]:mt-4 [&#038;_strong:has(+br)]:inline-block [&#038;_strong:has(+br)]:pb-2\">Naturalna premium luksusowa formu\u0142a ze z\u0142otem<\/p>\n<\/li>\n<li class=\"py-0 my-0 prose-p:pt-0 prose-p:mb-2 prose-p:my-0 [&#038;>p]:pt-0 [&#038;>p]:mb-2 [&#038;>p]:my-0&#8243;>\n<p class=\"my-2 [&#038;+p]:mt-4 [&#038;_strong:has(+br)]:inline-block [&#038;_strong:has(+br)]:pb-2\">Bogata gliceryna dla intensywnego profesjonalnego nawil\u017cenia<\/p>\n<\/li>\n<li class=\"py-0 my-0 prose-p:pt-0 prose-p:mb-2 prose-p:my-0 [&#038;>p]:pt-0 [&#038;>p]:mb-2 [&#038;>p]:my-0&#8243;>\n<p class=\"my-2 [&#038;+p]:mt-4 [&#038;_strong:has(+br)]:inline-block [&#038;_strong:has(+br)]:pb-2\">Promuje wyj\u0105tkow\u0105, promienn\u0105 luminowan\u0105 profesjonaln\u0105 sk\u00f3r\u0119<\/p>\n<\/li>\n<li class=\"py-0 my-0 prose-p:pt-0 prose-p:mb-2 prose-p:my-0 [&#038;>p]:pt-0 [&#038;>p]:mb-2 [&#038;>p]:my-0&#8243;>\n<p class=\"my-2 [&#038;+p]:mt-4 [&#038;_strong:has(+br)]:inline-block [&#038;_strong:has(+br)]:pb-2\">Profesjonalna luksusowa opieka przeciwstarzeniowa<\/p>\n<\/li>\n<\/ul>\n<h3 class=\"mb-2 mt-4 font-display font-semimedium text-base first:mt-0\">Co czyni nasz\u0105 kostk\u0119 beauty wyj\u0105tkow\u0105?<\/h3>\n<p class=\"my-2 [&#038;+p]:mt-4 [&#038;_strong:has(+br)]:inline-block [&#038;_strong:has(+br)]:pb-2\">Nasze premium luksusowe myd\u0142o \u0142\u0105czy moc autentycznego 24K z\u0142ota z wyrafinowanymi egipskimi tradycjami pi\u0119kna i profesjonaln\u0105 doskona\u0142o\u015bci\u0105. Staranne po\u0142\u0105czenie naturalnej bazy mydlanej, gliceryny, olej\u00f3w i prawdziwego 24K z\u0142ota tworzy wyj\u0105tkowy luksusowy profesjonalny produkt. Ka\u017cda kostka naszej Beauty Bar 24K Gold reprezentuje nasze zaanga\u017cowanie w profesjonaln\u0105, skuteczn\u0105 luksusow\u0105 naturaln\u0105 piel\u0119gnacj\u0119 sk\u00f3ry wspart\u0105 egipskim dziedzictwem i premium profesjonaln\u0105 doskona\u0142o\u015bci\u0105.<\/p>\n<h3 class=\"mb-2 mt-4 font-display font-semimedium text-base first:mt-0\">Jak u\u017cywa\u0107 swojej premium kostki<\/h3>\n<p class=\"my-2 [&#038;+p]:mt-4 [&#038;_strong:has(+br)]:inline-block [&#038;_strong:has(+br)]:pb-2\">Zmocz twarz lub cia\u0142o ciep\u0142\u0105 wod\u0105 i delikatnie masuj t\u0119 premium luksusow\u0105 kostk\u0119, a\u017c powstanie bogata piana. Pozw\u00f3l formule ze z\u0142otem oczy\u015bci\u0107 z profesjonaln\u0105 precyzj\u0105, nast\u0119pnie sp\u0142ucz. U\u017cywaj codziennie kostki beauty 24K Gold dla optymalnego profesjonalnego oczyszczania i luksusowej promienno\u015bci z tej autentycznej premium formu\u0142y nasyconej z\u0142otem.<\/p>\n<h3 class=\"mb-2 mt-4 font-display font-semimedium text-base first:mt-0\">Instrukcje przechowywania i piel\u0119gnacji premium luksusowej<\/h3>\n<p class=\"my-2 [&#038;+p]:mt-4 [&#038;_strong:has(+br)]:inline-block [&#038;_strong:has(+br)]:pb-2\">Przechowuj swoj\u0105 luksusow\u0105 kostk\u0119 w temperaturze pokojowej z dala od bezpo\u015bredniego \u015bwiat\u0142a s\u0142onecznego, aby maksymalnie przed\u0142u\u017cy\u0107 jej premium profesjonalne naturalne w\u0142a\u015bciwo\u015bci.<\/p>\n<p class=\"my-2 [&#038;+p]:mt-4 [&#038;_strong:has(+br)]:inline-block [&#038;_strong:has(+br)]:pb-2\"><strong>Podnie\u015b poziom swojej luksusowej piel\u0119gnacji sk\u00f3ry z nasz\u0105 premium kostk\u0105 beauty 24K Gold ju\u017c dzi\u015b. Zam\u00f3w teraz i do\u015bwiadcz profesjonalnej mocy luksusowej luminacji autentycznej premium egipskiej doskona\u0142o\u015bci piel\u0119gnacji sk\u00f3ry.<\/strong><\/p>\n<p>&nbsp;<\/p>\n<h5 style=\"text-align: center;\">Dzi\u0119kujemy za zakupy w <a href=\"https:\/\/bazaar.express\/pl\/\">Bazaar Express<\/a> \u2013 cieszymy si\u0119, \u017ce jeste\u015b z nami!<\/h5>\n<h5 style=\"text-align: center;\">Twoja podr\u00f3\u017c do lepszej samo opieki zaczyna si\u0119 tutaj \u2014 z <a href=\"https:\/\/bazaar.express\/pl\/kategoria-produktu\/pielegnacja-urody\/\">Beauty Care<\/a>, \u043a\u043e\u0442\u043e\u0440\u043e\u043c\u0443 mo\u017cesz zaufa\u0107!<\/h5>\n","protected":false},"excerpt":{"rendered":"<h3>Luksusowa kostka beauty 24K Gold \u2013 premium profesjonalne oczyszczanie z infuzj\u0105 prawdziwego 24K z\u0142ota, premium olejami i ekstraktami botanicznymi. Elitarna luksusowa piel\u0119gnacja przeciwstarzeniowa.<\/h3>\n","protected":false},"featured_media":36663,"comment_status":"open","ping_status":"closed","template":"","meta":[],"product_brand":[],"product_cat":[1192,1193],"product_tag":[1465,1466,1467],"class_list":{"0":"post-42056","1":"product","2":"type-product","3":"status-publish","4":"has-post-thumbnail","6":"product_cat-pielegnacja-urody","7":"product_cat-lecznicze-oleje","8":"product_tag-naturalny-olej","9":"product_tag-pielegnacja-skory","10":"product_tag-pielegnacja-urody","12":"first","13":"instock","14":"shipping-taxable","15":"purchasable","16":"product-type-simple"},"_links":{"self":[{"href":"https:\/\/bazaar.express\/pl\/wp-json\/wp\/v2\/product\/42056","targetHints":{"allow":["GET"]}}],"collection":[{"href":"https:\/\/bazaar.express\/pl\/wp-json\/wp\/v2\/product"}],"about":[{"href":"https:\/\/bazaar.express\/pl\/wp-json\/wp\/v2\/types\/product"}],"replies":[{"embeddable":true,"href":"https:\/\/bazaar.express\/pl\/wp-json\/wp\/v2\/comments?post=42056"}],"wp:featuredmedia":[{"embeddable":true,"href":"https:\/\/bazaar.express\/pl\/wp-json\/wp\/v2\/media\/36663"}],"wp:attachment":[{"href":"https:\/\/bazaar.express\/pl\/wp-json\/wp\/v2\/media?parent=42056"}],"wp:term":[{"taxonomy":"product_brand","embeddable":true,"href":"https:\/\/bazaar.express\/pl\/wp-json\/wp\/v2\/product_brand?post=42056"},{"taxonomy":"product_cat","embeddable":true,"href":"https:\/\/bazaar.express\/pl\/wp-json\/wp\/v2\/product_cat?post=42056"},{"taxonomy":"product_tag","embeddable":true,"href":"https:\/\/bazaar.express\/pl\/wp-json\/wp\/v2\/product_tag?post=42056"}],"curies":[{"name":"wp","href":"https:\/\/api.w.org\/{rel}","templated":true}]}}