{"id":42057,"date":"2025-11-06T01:31:25","date_gmt":"2025-11-06T01:31:25","guid":{"rendered":"https:\/\/bazaar.express\/product\/goat-milk-soap-2\/"},"modified":"2025-11-06T01:31:25","modified_gmt":"2025-11-06T01:31:25","slug":"goat-milk-soap-2","status":"publish","type":"product","link":"https:\/\/bazaar.express\/pl\/produkt\/goat-milk-soap-2\/","title":{"rendered":"Luksusowe myd\u0142o z mleka koziego"},"content":{"rendered":"<h2 id=\"luxury-goat-milk-soap--premium-egyptian-cleansing\" class=\"mb-2 mt-4 font-display font-semimedium text-base first:mt-0 md:text-lg [hr+&#038;]:mt-4\">Luksusowe myd\u0142o z mleka koziego \u2013 egipskie oczyszczanie premium z od\u017cywieniem profesjonalnej jako\u015bci<\/h2>\n<h3 class=\"mb-2 mt-4 font-display font-semimedium text-base first:mt-0\">Do\u015bwiadcz elitarnej piel\u0119gnacji sk\u00f3ry z autentycznym luksusowym myd\u0142em z mleka koziego i tradycyjn\u0105 formu\u0142\u0105 urody<\/h3>\n<p class=\"my-2 [&#038;+p]:mt-4 [&#038;_strong:has(+br)]:inline-block [&#038;_strong:has(+br)]:pb-2\">Ciesz si\u0119 doskona\u0142\u0105 naturaln\u0105 piel\u0119gnacj\u0105 sk\u00f3ry dzi\u0119ki naszemu ekskluzywnemu myd\u0142u z mleka koziego \u2013 luksusowej egipskiej kostce myj\u0105cej dla wymagaj\u0105cych klient\u00f3w. Ta delikatna luksusowa formu\u0142a \u0142\u0105czy autentyczne mleko kozie z ekstraktami ro\u015blinnymi, zapewniaj\u0105c oczyszczanie profesjonalnej jako\u015bci, intensywne nawil\u017cenie i widoczn\u0105 popraw\u0119 sk\u00f3ry. Nasze starannie sformu\u0142owane myd\u0142o z mleka kozie jest stworzone do wyrafinowanej piel\u0119gnacji sk\u00f3ry, oferuj\u0105c wyj\u0105tkow\u0105 mi\u0119kko\u015b\u0107, promienisty blask i doskona\u0142e zdrowie sk\u00f3ry przy ka\u017cdym luksusowym u\u017cyciu.<\/p>\n<h3 class=\"mb-2 mt-4 font-display font-semimedium text-base first:mt-0\">Dlaczego wybra\u0107 luksusowe myd\u0142o z mleka koziego premium?<\/h3>\n<p class=\"my-2 [&#038;+p]:mt-4 [&#038;_strong:has(+br)]:inline-block [&#038;_strong:has(+br)]:pb-2\"><strong>Profesjonalne oczyszczanie z naturalnym mlekiem kozim:<\/strong> Nasze luksusowe myd\u0142o z mleka koziego wykorzystuje moc autentycznego mleka koziego, aby zapewni\u0107 oczyszczanie profesjonalnej jako\u015bci bez agresywnych chemikali\u00f3w. Ta premium formu\u0142a usuwa zanieczyszczenia, jednocze\u015bnie zachowuj\u0105c optymaln\u0105 r\u00f3wnowag\u0119 wilgotno\u015bci sk\u00f3ry, pozostawiaj\u0105c j\u0105 doskonale od\u015bwie\u017con\u0105, chronion\u0105 i promienn\u0105.<\/p>\n<p class=\"my-2 [&#038;+p]:mt-4 [&#038;_strong:has(+br)]:inline-block [&#038;_strong:has(+br)]:pb-2\"><strong>Intensywne nawil\u017cenie profesjonalne:<\/strong> Wzbogacone naturalnym olejem kokosowym i rycynowym, ta luksusowa kostka dostarcza wilgo\u0107 profesjonalnej jako\u015bci, kt\u00f3ra zmi\u0119kcza i kondycjonuje sk\u00f3r\u0119. Wyrafinowana mieszanka od\u017cywiaj\u0105ca czyni to myd\u0142o z mleka koziego najlepszym wyborem do codziennego oczyszczania twarzy i cia\u0142a.<\/p>\n<p class=\"my-2 [&#038;+p]:mt-4 [&#038;_strong:has(+br)]:inline-block [&#038;_strong:has(+br)]:pb-2\"><strong>Przezroczysta czysta formu\u0142a:<\/strong> Nasza kostka myj\u0105ca jest delikatna, czysta i przezroczysta \u2013 ukazuj\u0105c sw\u00f3j autentyczny sk\u0142ad. Formu\u0142a profesjonalna oczyszcza doskonale, nie pozbawiaj\u0105c sk\u00f3ry niezb\u0119dnej wilgoci, promuj\u0105c widocznie czystszy i zdrowy wygl\u0105d sk\u00f3ry.<\/p>\n<p class=\"my-2 [&#038;+p]:mt-4 [&#038;_strong:has(+br)]:inline-block [&#038;_strong:has(+br)]:pb-2\"><strong>Premium kompatybilno\u015b\u0107 dla wyrafinowanej piel\u0119gnacji:<\/strong> Bez wzgl\u0119du na to, czy masz sk\u00f3r\u0119 wra\u017cliw\u0105, t\u0142ust\u0105, such\u0105 czy mieszan\u0105, nasze luksusowe myd\u0142o z mleka koziego daje profesjonalne rezultaty. Delikatna premium kostka jest idealna do wyrafinowanej piel\u0119gnacji twarzy i codziennej opieki.<\/p>\n<p class=\"my-2 [&#038;+p]:mt-4 [&#038;_strong:has(+br)]:inline-block [&#038;_strong:has(+br)]:pb-2\"><strong>Profesjonalne zmi\u0119kczanie i kondycjonowanie:<\/strong> Bogate w gliceryn\u0119 i naturalne oleje, to luksusowe myd\u0142o zmi\u0119kcza i nawil\u017ca sk\u00f3r\u0119 precyzyjnie. W\u0142a\u015bciwo\u015bci kondycjonuj\u0105ce premium przywracaj\u0105 naturalny blask sk\u00f3ry i poprawiaj\u0105 jej tekstur\u0119 przy regularnym stosowaniu.<\/p>\n<h3 class=\"mb-2 mt-4 font-display font-semimedium text-base first:mt-0\">Wyj\u0105tkowe korzy\u015bci luksusowego myd\u0142a z mleka koziego premium<\/h3>\n<ul class=\"marker:text-quiet list-disc\">\n<li class=\"py-0 my-0 prose-p:pt-0 prose-p:mb-2 prose-p:my-0 [&#038;>p]:pt-0 [&#038;>p]:mb-2 [&#038;>p]:my-0&#8243;>\n<p class=\"my-2 [&#038;+p]:mt-4 [&#038;_strong:has(+br)]:inline-block [&#038;_strong:has(+br)]:pb-2\">Premium dzia\u0142anie oczyszczaj\u0105ce profesjonalnej jako\u015bci<\/p>\n<\/li>\n<li class=\"py-0 my-0 prose-p:pt-0 prose-p:mb-2 prose-p:my-0 [&#038;>p]:pt-0 [&#038;>p]:mb-2 [&#038;>p]:my-0&#8243;>\n<p class=\"my-2 [&#038;+p]:mt-4 [&#038;_strong:has(+br)]:inline-block [&#038;_strong:has(+br)]:pb-2\">Wzbogacone naturalnymi olejami kokosowym i rycynowym<\/p>\n<\/li>\n<li class=\"py-0 my-0 prose-p:pt-0 prose-p:mb-2 prose-p:my-0 [&#038;>p]:pt-0 [&#038;>p]:mb-2 [&#038;>p]:my-0&#8243;>\n<p class=\"my-2 [&#038;+p]:mt-4 [&#038;_strong:has(+br)]:inline-block [&#038;_strong:has(+br)]:pb-2\">Zmi\u0119kcza i nawil\u017ca sk\u00f3r\u0119 profesjonalnie<\/p>\n<\/li>\n<li class=\"py-0 my-0 prose-p:pt-0 prose-p:mb-2 prose-p:my-0 [&#038;>p]:pt-0 [&#038;>p]:mb-2 [&#038;>p]:my-0&#8243;>\n<p class=\"my-2 [&#038;+p]:mt-4 [&#038;_strong:has(+br)]:inline-block [&#038;_strong:has(+br)]:pb-2\">Nadaje si\u0119 do wszystkich typ\u00f3w sk\u00f3ry z doskona\u0142ymi efektami<\/p>\n<\/li>\n<li class=\"py-0 my-0 prose-p:pt-0 prose-p:mb-2 prose-p:my-0 [&#038;>p]:pt-0 [&#038;>p]:mb-2 [&#038;>p]:my-0&#8243;>\n<p class=\"my-2 [&#038;+p]:mt-4 [&#038;_strong:has(+br)]:inline-block [&#038;_strong:has(+br)]:pb-2\">Naturalna, czysta, przezroczysta formu\u0142a<\/p>\n<\/li>\n<li class=\"py-0 my-0 prose-p:pt-0 prose-p:mb-2 prose-p:my-0 [&#038;>p]:pt-0 [&#038;>p]:mb-2 [&#038;>p]:my-0&#8243;>\n<p class=\"my-2 [&#038;+p]:mt-4 [&#038;_strong:has(+br)]:inline-block [&#038;_strong:has(+br)]:pb-2\">Bogate w gliceryn\u0119 dla intensywnego nawil\u017cenia<\/p>\n<\/li>\n<li class=\"py-0 my-0 prose-p:pt-0 prose-p:mb-2 prose-p:my-0 [&#038;>p]:pt-0 [&#038;>p]:mb-2 [&#038;>p]:my-0&#8243;>\n<p class=\"my-2 [&#038;+p]:mt-4 [&#038;_strong:has(+br)]:inline-block [&#038;_strong:has(+br)]:pb-2\">Wspiera promienny wygl\u0105d sk\u00f3ry<\/p>\n<\/li>\n<li class=\"py-0 my-0 prose-p:pt-0 prose-p:mb-2 prose-p:my-0 [&#038;>p]:pt-0 [&#038;>p]:mb-2 [&#038;>p]:my-0&#8243;>\n<p class=\"my-2 [&#038;+p]:mt-4 [&#038;_strong:has(+br)]:inline-block [&#038;_strong:has(+br)]:pb-2\">Usuwa zanieczyszczenia z profesjonaln\u0105 opiek\u0105<\/p>\n<\/li>\n<\/ul>\n<h3 class=\"mb-2 mt-4 font-display font-semimedium text-base first:mt-0\">Co wyr\u00f3\u017cnia nasze luksusowe myd\u0142o?<\/h3>\n<p class=\"my-2 [&#038;+p]:mt-4 [&#038;_strong:has(+br)]:inline-block [&#038;_strong:has(+br)]:pb-2\">Nasze premium myd\u0142o z mleka koziego \u0142\u0105czy moc autentycznego mleka koziego z wyrafinowanymi egipskimi tradycjami pi\u0119kna. Staranne po\u0142\u0105czenie naturalnej bazy mydlanej, gliceryny, oleju rycynowego i kokosowego tworzy wyj\u0105tkowy produkt. Ka\u017cda kostka naszego myd\u0142a z mleka koziego odzwierciedla nasze zaanga\u017cowanie w profesjonaln\u0105, skuteczn\u0105 naturaln\u0105 piel\u0119gnacj\u0119 sk\u00f3ry luksusowej, wspart\u0105 egipskim dziedzictwem.<\/p>\n<h3 class=\"mb-2 mt-4 font-display font-semimedium text-base first:mt-0\">Jak u\u017cywa\u0107 luksusowego myd\u0142a<\/h3>\n<p class=\"my-2 [&#038;+p]:mt-4 [&#038;_strong:has(+br)]:inline-block [&#038;_strong:has(+br)]:pb-2\">Zwil\u017c twarz lub cia\u0142o ciep\u0142\u0105 wod\u0105 i delikatnie masuj t\u0119 premium kostk\u0119, a\u017c utworzy si\u0119 bogata piana. Pozw\u00f3l myd\u0142u z mleka koziego oczy\u015bci\u0107 sk\u00f3r\u0119 z profesjonaln\u0105 precyzj\u0105, nast\u0119pnie sp\u0142ucz ciep\u0142\u0105 wod\u0105. U\u017cywaj codziennie dla optymalnego oczyszczania i luksusowego od\u017cywiania z autentycznej egipskiej formu\u0142y.<\/p>\n<h3 class=\"mb-2 mt-4 font-display font-semimedium text-base first:mt-0\">Zalecenia przechowywania i piel\u0119gnacji premium<\/h3>\n<p class=\"my-2 [&#038;+p]:mt-4 [&#038;_strong:has(+br)]:inline-block [&#038;_strong:has(+br)]:pb-2\">Przechowuj luksusow\u0105 kostk\u0119 w temperaturze pokojowej, z dala od bezpo\u015bredniego \u015bwiat\u0142a s\u0142onecznego, aby zapewni\u0107 maksymaln\u0105 trwa\u0142o\u015b\u0107 i skuteczno\u015b\u0107 naturalnych w\u0142a\u015bciwo\u015bci oraz sk\u0142adnik\u00f3w profesjonalnej jako\u015bci.<\/p>\n<p class=\"my-2 [&#038;+p]:mt-4 [&#038;_strong:has(+br)]:inline-block [&#038;_strong:has(+br)]:pb-2\"><strong>Podnie\u015b sw\u00f3j rytua\u0142 piel\u0119gnacyjny z naszym luksusowym myd\u0142em z mleka koziego. Zam\u00f3w premium kostk\u0119 teraz i do\u015bwiadcz od\u017cywczej mocy profesjonalnej jako\u015bci autentycznej egipskiej piel\u0119gnacji sk\u00f3ry.<\/strong><\/p>\n<p>&nbsp;<\/p>\n<h5 style=\"text-align: center;\">Dzi\u0119kujemy za zakupy w <a href=\"https:\/\/bazaar.express\/pl\/\">Bazaar Express<\/a> \u2013 cieszymy si\u0119, \u017ce jeste\u015b z nami!<\/h5>\n<h5 style=\"text-align: center;\">Twoja droga do lepszej piel\u0119gnacji zaczyna si\u0119 tutaj \u2013 z <a href=\"https:\/\/bazaar.express\/pl\/kategoria-produktu\/pielegnacja-urody\/\">piel\u0119gnacj\u0105 urody<\/a>, kt\u00f3rej mo\u017cesz zaufa\u0107!<\/h5>\n","protected":false},"excerpt":{"rendered":"<h3>Luksusowe myd\u0142o z mleka koziego \u2013 kostka myj\u0105ca profesjonalnej jako\u015bci z autentycznym mlekiem kozim, olejem kokosowym i rycynowym. Luksusowa formu\u0142a do wyrafinowanej piel\u0119gnacji sk\u00f3ry. Wyprodukowane w Egipcie.<\/h3>\n","protected":false},"featured_media":36661,"comment_status":"open","ping_status":"closed","template":"","meta":[],"product_brand":[],"product_cat":[1192,1193],"product_tag":[],"class_list":{"0":"post-42057","1":"product","2":"type-product","3":"status-publish","4":"has-post-thumbnail","6":"product_cat-pielegnacja-urody","7":"product_cat-lecznicze-oleje","9":"first","10":"instock","11":"shipping-taxable","12":"purchasable","13":"product-type-simple"},"_links":{"self":[{"href":"https:\/\/bazaar.express\/pl\/wp-json\/wp\/v2\/product\/42057","targetHints":{"allow":["GET"]}}],"collection":[{"href":"https:\/\/bazaar.express\/pl\/wp-json\/wp\/v2\/product"}],"about":[{"href":"https:\/\/bazaar.express\/pl\/wp-json\/wp\/v2\/types\/product"}],"replies":[{"embeddable":true,"href":"https:\/\/bazaar.express\/pl\/wp-json\/wp\/v2\/comments?post=42057"}],"wp:featuredmedia":[{"embeddable":true,"href":"https:\/\/bazaar.express\/pl\/wp-json\/wp\/v2\/media\/36661"}],"wp:attachment":[{"href":"https:\/\/bazaar.express\/pl\/wp-json\/wp\/v2\/media?parent=42057"}],"wp:term":[{"taxonomy":"product_brand","embeddable":true,"href":"https:\/\/bazaar.express\/pl\/wp-json\/wp\/v2\/product_brand?post=42057"},{"taxonomy":"product_cat","embeddable":true,"href":"https:\/\/bazaar.express\/pl\/wp-json\/wp\/v2\/product_cat?post=42057"},{"taxonomy":"product_tag","embeddable":true,"href":"https:\/\/bazaar.express\/pl\/wp-json\/wp\/v2\/product_tag?post=42057"}],"curies":[{"name":"wp","href":"https:\/\/api.w.org\/{rel}","templated":true}]}}