{"id":42064,"date":"2025-08-11T11:46:15","date_gmt":"2025-08-11T11:46:15","guid":{"rendered":"https:\/\/bazaar.express\/product\/cream-with-ostrich-oil\/"},"modified":"2025-08-11T11:46:15","modified_gmt":"2025-08-11T11:46:15","slug":"cream-with-ostrich-oil","status":"publish","type":"product","link":"https:\/\/bazaar.express\/pl\/produkt\/cream-with-ostrich-oil\/","title":{"rendered":"Krem z olejem strusim"},"content":{"rendered":"<h2 data-start=\"224\" data-end=\"294\"><strong data-start=\"227\" data-end=\"292\">Krem z olejem strusim \u2013 naturalne rozwi\u0105zanie do masa\u017cu i piel\u0119gnacji sk\u00f3ry<\/strong><\/h2>\n<h3 data-start=\"296\" data-end=\"337\"><strong data-start=\"300\" data-end=\"335\">Czym jest krem z olejem strusim?<\/strong><\/h3>\n<p data-start=\"338\" data-end=\"658\">Krem z olejem strusim od <strong data-start=\"366\" data-end=\"386\">Hurghada Bedwins<\/strong> to wysokiej jako\u015bci krem do masa\u017cu i piel\u0119gnacji sk\u00f3ry, kt\u00f3ry \u0142agodzi obrz\u0119ki, uspokaja skurcze mi\u0119\u015bni i g\u0142\u0119boko nawil\u017ca such\u0105 sk\u00f3r\u0119. Zawiera unikaln\u0105 mieszank\u0119 oleju strusiego i naturalnych ekstrakt\u00f3w zio\u0142owych, oferuj\u0105c korzy\u015bci terapeutyczne oraz luksusowe od\u017cywianie sk\u00f3ry.<\/p>\n<p data-start=\"660\" data-end=\"966\">Olej strusi jest znany z wyj\u0105tkowej absorpcji i wysokiej zawarto\u015bci kwas\u00f3w omega, kt\u00f3re wnikaj\u0105 g\u0142\u0119boko w sk\u00f3r\u0119, redukuj\u0105c stan zapalny, przywracaj\u0105c mi\u0119kko\u015b\u0107 i wspomagaj\u0105c gojenie. Bez wzgl\u0119du na to, czy szukasz ulgi w b\u00f3lu, relaksu czy poprawy struktury sk\u00f3ry, ten krem jest idealnym towarzyszem.<\/p>\n<h3 data-start=\"973\" data-end=\"1006\"><strong data-start=\"977\" data-end=\"1004\">Kluczowe naturalne sk\u0142adniki<\/strong><\/h3>\n<ul data-start=\"1008\" data-end=\"1454\">\n<li data-start=\"1008\" data-end=\"1094\">\n<p data-start=\"1010\" data-end=\"1094\"><strong data-start=\"1010\" data-end=\"1025\">Olej strusi<\/strong> \u2013 g\u0142\u0119boko nawil\u017ca, redukuje zapalenia i wspiera regeneracj\u0119 sk\u00f3ry.<\/p>\n<\/li>\n<li data-start=\"1095\" data-end=\"1195\">\n<p data-start=\"1097\" data-end=\"1195\"><strong data-start=\"1097\" data-end=\"1108\">Kamfora<\/strong> \u2013 stymuluje kr\u0105\u017cenie krwi, \u0142agodzi sztywno\u015b\u0107 i pomaga redukowa\u0107 napi\u0119cie mi\u0119\u015bni.<\/p>\n<\/li>\n<li data-start=\"1196\" data-end=\"1281\">\n<p data-start=\"1198\" data-end=\"1281\"><strong data-start=\"1198\" data-end=\"1216\">Olej eukaliptusowy<\/strong> \u2013 od\u015bwie\u017ca sk\u00f3r\u0119, zmniejsza obrz\u0119ki i wspomaga regeneracj\u0119.<\/p>\n<\/li>\n<li data-start=\"1282\" data-end=\"1357\">\n<p data-start=\"1284\" data-end=\"1357\"><strong data-start=\"1284\" data-end=\"1295\">Mentol<\/strong> \u2013 zapewnia natychmiastowe uczucie ch\u0142odzenia, \u0142agodz\u0105c dyskomfort.<\/p>\n<\/li>\n<li data-start=\"1358\" data-end=\"1454\">\n<p data-start=\"1360\" data-end=\"1454\"><strong data-start=\"1360\" data-end=\"1371\">Wosk pszczeli<\/strong> \u2013 zatrzymuje wilgo\u0107 i tworzy barier\u0119 ochronn\u0105, utrzymuj\u0105c sk\u00f3r\u0119 mi\u0119kk\u0105 i g\u0142adk\u0105.<\/p>\n<\/li>\n<\/ul>\n<h3 data-start=\"1461\" data-end=\"1486\"><strong data-start=\"1465\" data-end=\"1484\">Szczeg\u00f3\u0142y produktu<\/strong><\/h3>\n<ul data-start=\"1487\" data-end=\"1768\">\n<li data-start=\"1487\" data-end=\"1518\">\n<p data-start=\"1489\" data-end=\"1518\"><strong data-start=\"1489\" data-end=\"1499\">Marka:<\/strong> Hurghada Bedwins<\/p>\n<\/li>\n<li data-start=\"1519\" data-end=\"1594\">\n<p data-start=\"1521\" data-end=\"1594\"><strong data-start=\"1521\" data-end=\"1532\">Waga:<\/strong> 150 g \u2013 idealny rozmiar do codziennego u\u017cytku w domu lub w podr\u00f3\u017cy.<\/p>\n<\/li>\n<li data-start=\"1595\" data-end=\"1665\">\n<p data-start=\"1597\" data-end=\"1665\"><strong data-start=\"1597\" data-end=\"1608\">Pochodzenie:<\/strong> Z dum\u0105 wyprodukowany w Egipcie z autentyczn\u0105 wiedz\u0105 zio\u0142ow\u0105.<\/p>\n<\/li>\n<li data-start=\"1666\" data-end=\"1718\">\n<p data-start=\"1668\" data-end=\"1718\"><strong data-start=\"1668\" data-end=\"1681\">Kategoria:<\/strong> Naturalny krem do masa\u017cu i piel\u0119gnacji sk\u00f3ry.<\/p>\n<\/li>\n<li data-start=\"1719\" data-end=\"1768\">\n<p data-start=\"1721\" data-end=\"1768\"><strong data-start=\"1721\" data-end=\"1746\">Tylko do u\u017cytku zewn\u0119trznego<\/strong> \u2013 produkt kosmetyczny.<\/p>\n<\/li>\n<\/ul>\n<h3 data-start=\"1775\" data-end=\"1819\"><strong data-start=\"1779\" data-end=\"1817\">Korzy\u015bci z kremu z olejem strusim<\/strong><\/h3>\n<p data-start=\"1820\" data-end=\"1857\">Regularne stosowanie tego kremu mo\u017ce pom\u00f3c:<\/p>\n<ul data-start=\"1859\" data-end=\"2151\">\n<li data-start=\"1859\" data-end=\"1908\">\n<p data-start=\"1861\" data-end=\"1908\">\u0141agodzi\u0107 skurcze mi\u0119\u015bni, skurcze i sztywno\u015b\u0107.<\/p>\n<\/li>\n<li data-start=\"1909\" data-end=\"1968\">\n<p data-start=\"1911\" data-end=\"1968\">Zmniejsza\u0107 obrz\u0119ki i stany zapalne w stawach i mi\u0119\u015bniach.<\/p>\n<\/li>\n<li data-start=\"1969\" data-end=\"2032\">\n<p data-start=\"1971\" data-end=\"2032\">Nawil\u017ca\u0107 i zmi\u0119kcza\u0107 such\u0105 lub pop\u0119kan\u0105 sk\u00f3r\u0119, w tym pi\u0119ty.<\/p>\n<\/li>\n<li data-start=\"2033\" data-end=\"2095\">\n<p data-start=\"2035\" data-end=\"2095\">Wspiera\u0107 szybsz\u0105 regeneracj\u0119 po aktywno\u015bci fizycznej lub przeci\u0105\u017ceniu.<\/p>\n<\/li>\n<li data-start=\"2096\" data-end=\"2151\">\n<p data-start=\"2098\" data-end=\"2151\">Zapewnia\u0107 relaksuj\u0105ce ukojenie podczas terapii masa\u017cu.<\/p>\n<\/li>\n<\/ul>\n<h3 data-start=\"2158\" data-end=\"2178\"><strong data-start=\"2162\" data-end=\"2176\">Jak stosowa\u0107<\/strong><\/h3>\n<ol data-start=\"2179\" data-end=\"2429\">\n<li data-start=\"2179\" data-end=\"2238\">\n<p data-start=\"2182\" data-end=\"2238\">Na\u0142\u00f3\u017c odpowiedni\u0105 ilo\u015b\u0107 kremu na docelowy obszar.<\/p>\n<\/li>\n<li data-start=\"2239\" data-end=\"2302\">\n<p data-start=\"2242\" data-end=\"2302\">Delikatnie masuj okr\u0119\u017cnymi ruchami, a\u017c do pe\u0142nego wch\u0142oni\u0119cia.<\/p>\n<\/li>\n<li data-start=\"2303\" data-end=\"2429\">\n<p data-start=\"2306\" data-end=\"2429\">Stosuj 2\u20133 razy dziennie lub wed\u0142ug potrzeb.<br data-start=\"2339\" data-end=\"2342\" \/>\ud83d\udca1 <strong data-start=\"2345\" data-end=\"2353\">Wskaz\u00f3wka:<\/strong> Aby zwi\u0119kszy\u0107 absorpcj\u0119, stosuj po ciep\u0142ym prysznicu, gdy pory s\u0105 otwarte.<\/p>\n<\/li>\n<\/ol>\n<h3 data-start=\"2436\" data-end=\"2497\"><strong data-start=\"2440\" data-end=\"2495\">Dlaczego wybra\u0107 krem z olejem strusim Hurghada Bedwins?<\/strong><\/h3>\n<ul data-start=\"2498\" data-end=\"2675\">\n<li data-start=\"2498\" data-end=\"2535\">\n<p data-start=\"2500\" data-end=\"2535\">Wysokiej jako\u015bci egipski produkt.<\/p>\n<\/li>\n<li data-start=\"2536\" data-end=\"2585\">\n<p data-start=\"2538\" data-end=\"2585\">Wykonany z naturalnych, przyjaznych dla sk\u00f3ry sk\u0142adnik\u00f3w.<\/p>\n<\/li>\n<li data-start=\"2586\" data-end=\"2622\">\n<p data-start=\"2588\" data-end=\"2622\">Odpowiedni dla kobiet i m\u0119\u017cczyzn.<\/p>\n<\/li>\n<li data-start=\"2623\" data-end=\"2675\">\n<p data-start=\"2625\" data-end=\"2675\">\u0141\u0105czy ulg\u0119 w b\u00f3lu z g\u0142\u0119bokim od\u017cywianiem sk\u00f3ry.<\/p>\n<\/li>\n<\/ul>\n<h3 data-start=\"2682\" data-end=\"2741\"><strong data-start=\"2686\" data-end=\"2739\">Do\u015bwiadcz mocy natury przy ka\u017cdym masa\u017cu<\/strong><\/h3>\n<p data-start=\"2742\" data-end=\"2955\">Piel\u0119gnuj cia\u0142o i sk\u00f3r\u0119 luksusem i lecznicz\u0105 moc\u0105 <strong data-start=\"2802\" data-end=\"2828\">kremu z olejem strusim<\/strong>. Przy ka\u017cdej aplikacji poczujesz ukojenie, d\u0142ugotrwa\u0142e nawil\u017cenie i rewitalizuj\u0105cy dotyk naturalnej egipskiej piel\u0119gnacji.<\/p>\n<p data-start=\"2957\" data-end=\"3083\"><strong data-start=\"2959\" data-end=\"3024\">Zam\u00f3w ju\u017c dzi\u015b sw\u00f3j 150 g krem z olejem strusim Hurghada Bedwins<\/strong> i podaruj sk\u00f3rze i mi\u0119\u015bniom komfort, na jaki zas\u0142uguj\u0105!<\/p>\n<p style=\"text-align: center;\">Dzi\u0119kujemy za zakupy w <a href=\"https:\/\/bazaar.express\/pl\/\">Bazaar Express<\/a> \u2013 cieszymy si\u0119, \u017ce jeste\u015b z nami!<\/p>\n<p style=\"text-align: center;\">Twoja podr\u00f3\u017c ku lepszej samo-piel\u0119gnacji zaczyna si\u0119 tutaj \u2014 z <a href=\"https:\/\/bazaar.express\/product-category\/beauty-care\/\">Piel\u0119gnacj\u0105 i opiek\u0105<\/a>, \u043a\u043e\u0442\u043e\u0440\u043e\u0439 mo\u017cesz zaufa\u0107.<\/p>\n","protected":false},"excerpt":{"rendered":"<h3 data-start=\"335\" data-end=\"532\">Do\u015bwiadcz g\u0142\u0119bokiej ulgi z kremem do masa\u017cu z olejem strusim. Idealny do \u0142agodzenia obola\u0142ych mi\u0119\u015bni, zmniejszania b\u00f3lu staw\u00f3w i promowania relaksu naturalnymi sk\u0142adnikami.<\/h3>\n","protected":false},"featured_media":42065,"comment_status":"open","ping_status":"closed","template":"","meta":[],"product_brand":[],"product_cat":[1199,1192],"product_tag":[1474,1466,1467],"class_list":{"0":"post-42064","1":"product","2":"type-product","3":"status-publish","4":"has-post-thumbnail","6":"product_cat-najlepsze-z-egiptu","7":"product_cat-pielegnacja-urody","8":"product_tag-mleko-wielbladzie","9":"product_tag-pielegnacja-skory","10":"product_tag-pielegnacja-urody","12":"first","13":"instock","14":"shipping-taxable","15":"purchasable","16":"product-type-simple"},"_links":{"self":[{"href":"https:\/\/bazaar.express\/pl\/wp-json\/wp\/v2\/product\/42064","targetHints":{"allow":["GET"]}}],"collection":[{"href":"https:\/\/bazaar.express\/pl\/wp-json\/wp\/v2\/product"}],"about":[{"href":"https:\/\/bazaar.express\/pl\/wp-json\/wp\/v2\/types\/product"}],"replies":[{"embeddable":true,"href":"https:\/\/bazaar.express\/pl\/wp-json\/wp\/v2\/comments?post=42064"}],"wp:featuredmedia":[{"embeddable":true,"href":"https:\/\/bazaar.express\/pl\/wp-json\/wp\/v2\/media\/42065"}],"wp:attachment":[{"href":"https:\/\/bazaar.express\/pl\/wp-json\/wp\/v2\/media?parent=42064"}],"wp:term":[{"taxonomy":"product_brand","embeddable":true,"href":"https:\/\/bazaar.express\/pl\/wp-json\/wp\/v2\/product_brand?post=42064"},{"taxonomy":"product_cat","embeddable":true,"href":"https:\/\/bazaar.express\/pl\/wp-json\/wp\/v2\/product_cat?post=42064"},{"taxonomy":"product_tag","embeddable":true,"href":"https:\/\/bazaar.express\/pl\/wp-json\/wp\/v2\/product_tag?post=42064"}],"curies":[{"name":"wp","href":"https:\/\/api.w.org\/{rel}","templated":true}]}}