{"id":42070,"date":"2025-08-09T14:12:44","date_gmt":"2025-08-09T14:12:44","guid":{"rendered":"https:\/\/bazaar.express\/product\/egyptian-colocynth\/"},"modified":"2025-08-09T14:12:44","modified_gmt":"2025-08-09T14:12:44","slug":"egyptian-colocynth","status":"publish","type":"product","link":"https:\/\/bazaar.express\/pl\/produkt\/egyptian-colocynth\/","title":{"rendered":"Egipska kolocynta"},"content":{"rendered":"<h2 data-start=\"244\" data-end=\"310\">Egipska kolocynta \u2013 Naturalna ma\u015b\u0107 do masa\u017cu przeciwb\u00f3lowa<\/h2>\n<h3 data-start=\"312\" data-end=\"345\">Czym jest egipska kolocynta?<\/h3>\n<p data-start=\"346\" data-end=\"759\">Egipska kolocynta to legendarny zio\u0142owy preparat ceniony od wiek\u00f3w w Egipcie i na Bliskim Wschodzie za wyj\u0105tkowe w\u0142a\u015bciwo\u015bci lecznicze i przeciwb\u00f3lowe. Pochodz\u0105cy z owocu kolocynty \u2014 pot\u0119\u017cnej ro\u015bliny pustynnej o silnym dzia\u0142aniu leczniczym \u2014 ten balsam jest po\u0142\u0105czony z naturalnymi olejami i ekstraktami zio\u0142owymi, tworz\u0105c koj\u0105c\u0105 formu\u0142\u0119 dla mi\u0119\u015bni, staw\u00f3w i relaksu ca\u0142ego cia\u0142a.<\/p>\n<p data-start=\"761\" data-end=\"992\">Stosowany w tradycyjnej medycynie egipskiej od pokole\u0144, obecnie zdobywa popularno\u015b\u0107 na ca\u0142ym \u015bwiecie jako <strong data-start=\"850\" data-end=\"878\">naturalne rozwi\u0105zanie do masa\u017cu<\/strong> dla os\u00f3b poszukuj\u0105cych ulgi w sztywno\u015bci, b\u00f3lach i codziennym dyskomforcie bez syntetycznych chemikali\u00f3w.<\/p>\n<h3 data-start=\"999\" data-end=\"1050\">100% naturalne sk\u0142adniki dla skutecznych rezultat\u00f3w<\/h3>\n<p data-start=\"1051\" data-end=\"1192\">Ta wysokiej jako\u015bci ma\u015b\u0107 jest przygotowana z starannie wyselekcjonowanych sk\u0142adnik\u00f3w zio\u0142owych, zapewniaj\u0105c d\u0142ugotrwa\u0142\u0105 ulg\u0119 i orze\u017awiaj\u0105ce odczucie:<\/p>\n<ul data-start=\"1194\" data-end=\"1624\">\n<li data-start=\"1194\" data-end=\"1336\">\n<p data-start=\"1196\" data-end=\"1336\"><strong data-start=\"1196\" data-end=\"1223\">Ekstrakt z owocu kolocynty<\/strong> \u2013 Znany z silnego dzia\u0142ania przeciwzapalnego i przeciwb\u00f3lowego, pomaga \u0142agodzi\u0107 obola\u0142e mi\u0119\u015bnie i sztywne stawy.<\/p>\n<\/li>\n<li data-start=\"1337\" data-end=\"1448\">\n<p data-start=\"1339\" data-end=\"1448\"><strong data-start=\"1339\" data-end=\"1350\">Kamfora<\/strong> \u2013 Stymuluje kr\u0105\u017cenie krwi, daj\u0105c delikatny efekt rozgrzewaj\u0105cy \u0142agodz\u0105cy napi\u0119cie i sztywno\u015b\u0107.<\/p>\n<\/li>\n<li data-start=\"1449\" data-end=\"1541\">\n<p data-start=\"1451\" data-end=\"1541\"><strong data-start=\"1451\" data-end=\"1469\">Olej eukaliptusowy<\/strong> \u2013 Zmniejsza obrz\u0119ki, od\u015bwie\u017ca sk\u00f3r\u0119 i wspomaga regeneracj\u0119 mi\u0119\u015bni.<\/p>\n<\/li>\n<li data-start=\"1542\" data-end=\"1624\">\n<p data-start=\"1544\" data-end=\"1624\"><strong data-start=\"1544\" data-end=\"1555\">Menthole<\/strong> \u2013 Daje natychmiastowy efekt ch\u0142odz\u0105cy, uspokajaj\u0105cy b\u00f3l i dyskomfort.<\/p>\n<\/li>\n<\/ul>\n<p data-start=\"1626\" data-end=\"1768\">Ka\u017cdy sk\u0142adnik zosta\u0142 dobrany tak, by dzia\u0142a\u0107 w harmonii, oferuj\u0105c bezpieczn\u0105, skuteczn\u0105 i naturaln\u0105 alternatyw\u0119 dla ma\u015bci chemicznych.<\/p>\n<h3 data-start=\"1775\" data-end=\"1796\">Szczeg\u00f3\u0142y produktu<\/h3>\n<ul data-start=\"1797\" data-end=\"2024\">\n<li data-start=\"1797\" data-end=\"1859\">\n<p data-start=\"1799\" data-end=\"1859\"><strong data-start=\"1799\" data-end=\"1810\">Waga:<\/strong> 150 g \u2013 Wygodny rozmiar do u\u017cytku domowego lub podr\u00f3\u017cy.<\/p>\n<\/li>\n<li data-start=\"1860\" data-end=\"1958\">\n<p data-start=\"1862\" data-end=\"1958\"><strong data-start=\"1862\" data-end=\"1873\">Pochodzenie:<\/strong> Z dum\u0105 wyprodukowana w Egipcie, \u0142\u0105cz\u0105c staro\u017cytn\u0105 wiedz\u0119 zio\u0142ow\u0105 z nowoczesnymi standardami.<\/p>\n<\/li>\n<li data-start=\"1959\" data-end=\"2024\">\n<p data-start=\"1961\" data-end=\"2024\"><strong data-start=\"1961\" data-end=\"1974\">Kategoria:<\/strong> Naturalne kosmetyki \u2013 Ulga w b\u00f3lu i opieka masa\u017cowa.<\/p>\n<\/li>\n<\/ul>\n<h3 data-start=\"2031\" data-end=\"2076\">Korzy\u015bci ma\u015bci Egipska kolocynta<\/h3>\n<p data-start=\"2077\" data-end=\"2138\">Przy regularnym stosowaniu ma\u015b\u0107 Egipska kolocynta mo\u017ce Ci pom\u00f3c:<\/p>\n<ul data-start=\"2140\" data-end=\"2408\">\n<li data-start=\"2140\" data-end=\"2186\">\n<p data-start=\"2142\" data-end=\"2186\">\u0141agodzi\u0107 b\u00f3l staw\u00f3w, chrz\u0105stek i mi\u0119\u015bni.<\/p>\n<\/li>\n<li data-start=\"2187\" data-end=\"2236\">\n<p data-start=\"2189\" data-end=\"2236\">Uspokaja\u0107 dolegliwo\u015bci l\u0119d\u017awi, szyi i kolan.<\/p>\n<\/li>\n<li data-start=\"2237\" data-end=\"2309\">\n<p data-start=\"2239\" data-end=\"2309\">Zmniejsza\u0107 stany zapalne spowodowane skr\u0119ceniami, urazami sportowymi i codziennym obci\u0105\u017ceniem.<\/p>\n<\/li>\n<li data-start=\"2310\" data-end=\"2357\">\n<p data-start=\"2312\" data-end=\"2357\">Rozlu\u017ania\u0107 skurcze mi\u0119\u015bni, kurcze i sztywno\u015b\u0107.<\/p>\n<\/li>\n<li data-start=\"2358\" data-end=\"2408\">\n<p data-start=\"2360\" data-end=\"2408\">\u0141agodzi\u0107 b\u00f3le g\u0142owy i dyskomfort zwi\u0105zany z napi\u0119ciem.<\/p>\n<\/li>\n<\/ul>\n<p data-start=\"2410\" data-end=\"2544\">Lekka konsystencja szybko wch\u0142ania si\u0119 w sk\u00f3r\u0119 bez t\u0142ustej warstwy, umo\u017cliwiaj\u0105c szybk\u0105 i celowan\u0105 ulg\u0119.<\/p>\n<h3 data-start=\"2551\" data-end=\"2595\">Jak stosowa\u0107 ma\u015b\u0107 Egipska kolocynta<\/h3>\n<ol data-start=\"2596\" data-end=\"2849\">\n<li data-start=\"2596\" data-end=\"2652\">\n<p data-start=\"2599\" data-end=\"2652\">Na\u0142\u00f3\u017c niewielk\u0105 ilo\u015b\u0107 bezpo\u015brednio na dotkni\u0119ty obszar.<\/p>\n<\/li>\n<li data-start=\"2653\" data-end=\"2714\">\n<p data-start=\"2656\" data-end=\"2714\">Masuj delikatnie okr\u0119\u017cnymi ruchami do pe\u0142nego wch\u0142oni\u0119cia.<\/p>\n<\/li>\n<li data-start=\"2715\" data-end=\"2849\">\n<p data-start=\"2718\" data-end=\"2849\">Stosuj 2\u20133 razy dziennie lub wed\u0142ug potrzeb.<br data-start=\"2758\" data-end=\"2761\" \/>\ud83d\udca1 <strong data-start=\"2764\" data-end=\"2772\">Wskaz\u00f3wka:<\/strong> Dla lepszego wch\u0142aniania stosuj po ciep\u0142ym prysznicu, gdy pory s\u0105 otwarte.<\/p>\n<\/li>\n<\/ol>\n<h3 data-start=\"2856\" data-end=\"2892\">Dlaczego egipska kolocynta?<\/h3>\n<ul data-start=\"2893\" data-end=\"3090\">\n<li data-start=\"2893\" data-end=\"2936\">\n<p data-start=\"2895\" data-end=\"2936\">Autentyczna zio\u0142owa formu\u0142a z Egiptu.<\/p>\n<\/li>\n<li data-start=\"2937\" data-end=\"3009\">\n<p data-start=\"2939\" data-end=\"3009\">100% naturalna \u2013 bez szkodliwych chemikali\u00f3w i syntetycznych zapach\u00f3w.<\/p>\n<\/li>\n<li data-start=\"3010\" data-end=\"3046\">\n<p data-start=\"3012\" data-end=\"3046\">Dla kobiet i m\u0119\u017cczyzn.<\/p>\n<\/li>\n<li data-start=\"3047\" data-end=\"3090\">\n<p data-start=\"3049\" data-end=\"3090\">Tylko do u\u017cytku zewn\u0119trznego \u2013 delikatna dla sk\u00f3ry.<\/p>\n<\/li>\n<\/ul>\n<h3 data-start=\"3097\" data-end=\"3156\">Odkryj staro\u017cytn\u0105 egipsk\u0105 tajemnic\u0119 ulgi w b\u00f3lu<\/h3>\n<p data-start=\"3157\" data-end=\"3396\">Daj swojemu cia\u0142u opiek\u0119, jakiej zas\u0142uguje, dzi\u0119ki temu <strong data-start=\"3203\" data-end=\"3234\">wypr\u00f3bowanemu egipskiemu preparatowi<\/strong>. Bez wzgl\u0119du na to, czy jeste\u015b sportowcem, cierpisz na przewlek\u0142y dyskomfort czy szukasz relaksuj\u0105cej ma\u015bci do masa\u017cu, egipska kolocynta oferuje doskona\u0142e naturalne rozwi\u0105zanie.<\/p>\n<p data-start=\"3398\" data-end=\"3489\">\u2705 <strong data-start=\"3400\" data-end=\"3429\">Dodaj do koszyka ju\u017c dzi\u015b<\/strong> i poczuj koj\u0105c\u0105 r\u00f3\u017cnic\u0119 od pierwszego zastosowania!<\/p>\n<p style=\"text-align: center;\">Dzi\u0119kujemy za zakupy w <a href=\"https:\/\/bazaar.express\/pl\/\">Bazaar Express<\/a> \u2013 cieszymy si\u0119, \u017ce jeste\u015b z nami!<\/p>\n<p style=\"text-align: center;\">Twoja droga do lepszej samo opieki zaczyna si\u0119 tutaj \u2014 z <a href=\"https:\/\/bazaar.express\/product-category\/beauty-care\/\">Urod\u0105 i opiek\u0105<\/a>, kt\u00f3rej mo\u017cesz zaufa\u0107.<\/p>\n","protected":false},"excerpt":{"rendered":"<h3 data-start=\"376\" data-end=\"596\">Ma\u015b\u0107 egipskiej kolocynty to 100% naturalna zio\u0142owa ma\u015b\u0107 do masa\u017cu \u0142agodz\u0105ca b\u00f3l mi\u0119\u015bni, staw\u00f3w i plec\u00f3w. Wzbogacona ekstraktem kolocynty, kamfor\u0105, eukaliptusem i mentolem dla koj\u0105cego komfortu i relaksu.<\/h3>\n","protected":false},"featured_media":42071,"comment_status":"open","ping_status":"closed","template":"","meta":[],"product_brand":[],"product_cat":[1199,1193,1192],"product_tag":[1473,1466,1467],"class_list":{"0":"post-42070","1":"product","2":"type-product","3":"status-publish","4":"has-post-thumbnail","6":"product_cat-najlepsze-z-egiptu","7":"product_cat-lecznicze-oleje","8":"product_cat-pielegnacja-urody","9":"product_tag-masaz","10":"product_tag-pielegnacja-skory","11":"product_tag-pielegnacja-urody","13":"first","14":"instock","15":"shipping-taxable","16":"purchasable","17":"product-type-simple"},"_links":{"self":[{"href":"https:\/\/bazaar.express\/pl\/wp-json\/wp\/v2\/product\/42070","targetHints":{"allow":["GET"]}}],"collection":[{"href":"https:\/\/bazaar.express\/pl\/wp-json\/wp\/v2\/product"}],"about":[{"href":"https:\/\/bazaar.express\/pl\/wp-json\/wp\/v2\/types\/product"}],"replies":[{"embeddable":true,"href":"https:\/\/bazaar.express\/pl\/wp-json\/wp\/v2\/comments?post=42070"}],"wp:featuredmedia":[{"embeddable":true,"href":"https:\/\/bazaar.express\/pl\/wp-json\/wp\/v2\/media\/42071"}],"wp:attachment":[{"href":"https:\/\/bazaar.express\/pl\/wp-json\/wp\/v2\/media?parent=42070"}],"wp:term":[{"taxonomy":"product_brand","embeddable":true,"href":"https:\/\/bazaar.express\/pl\/wp-json\/wp\/v2\/product_brand?post=42070"},{"taxonomy":"product_cat","embeddable":true,"href":"https:\/\/bazaar.express\/pl\/wp-json\/wp\/v2\/product_cat?post=42070"},{"taxonomy":"product_tag","embeddable":true,"href":"https:\/\/bazaar.express\/pl\/wp-json\/wp\/v2\/product_tag?post=42070"}],"curies":[{"name":"wp","href":"https:\/\/api.w.org\/{rel}","templated":true}]}}