{"id":42074,"date":"2025-08-04T14:27:05","date_gmt":"2025-08-04T14:27:05","guid":{"rendered":"https:\/\/bazaar.express\/product\/calamine-lotion\/"},"modified":"2025-08-04T14:27:05","modified_gmt":"2025-08-04T14:27:05","slug":"calamine-lotion","status":"publish","type":"product","link":"https:\/\/bazaar.express\/pl\/produkt\/calamine-lotion\/","title":{"rendered":"Lokcja kalaminowa"},"content":{"rendered":"<h2 data-start=\"181\" data-end=\"236\"><strong data-start=\"184\" data-end=\"234\">Lokcja kalaminowa \u2013 \u0141agodzenie i nawil\u017canie sk\u00f3ry<\/strong><\/h2>\n<p data-start=\"237\" data-end=\"275\"><strong data-start=\"237\" data-end=\"275\">TNERH | 1000 ml | Wyprodukowana w Egipcie<\/strong><\/p>\n<p data-start=\"277\" data-end=\"548\">Do\u015bwiadcz koj\u0105cej mocy <em data-start=\"310\" data-end=\"327\">lokcji kalaminowej<\/em>, r\u00f3\u017cowej formu\u0142y przyjaznej sk\u00f3rze, przeznaczonej do \u0142agodzenia podra\u017cnie\u0144, zmniejszania zaczerwienie\u0144 i szybkiego usuwania sw\u0119dzenia. Niezale\u017cnie od uk\u0105sze\u0144 owad\u00f3w, wysypki cieplnej czy reakcji alergicznych \u2013 ta wielozadaniowa lokcja to pierwsza linia obrony.<\/p>\n<p data-start=\"550\" data-end=\"662\">Idealna do codziennego u\u017cytku przez doros\u0142ych i dzieci, lokcja kalaminowa to podstawa ka\u017cdej apteczki piel\u0119gnacyjnej.<\/p>\n<h3 data-start=\"669\" data-end=\"689\"><strong data-start=\"673\" data-end=\"689\">G\u0142\u00f3wne korzy\u015bci<\/strong><\/h3>\n<ul data-start=\"690\" data-end=\"929\">\n<li data-start=\"690\" data-end=\"729\">\n<p data-start=\"692\" data-end=\"729\"> \u0141agodzi sw\u0119dzenie i zapalenie<\/p>\n<\/li>\n<li data-start=\"730\" data-end=\"778\">\n<p data-start=\"732\" data-end=\"778\"> Tworzy ochronn\u0105 barier\u0119 na sk\u00f3rze<\/p>\n<\/li>\n<li data-start=\"779\" data-end=\"813\">\n<p data-start=\"781\" data-end=\"813\"> Ch\u0142odzi wysypk\u0119 ciepln\u0105 i oparzenia s\u0142oneczne<\/p>\n<\/li>\n<li data-start=\"814\" data-end=\"860\">\n<p data-start=\"816\" data-end=\"860\"> Zamyka wilgo\u0107 dzi\u0119ki naturalnej glicerynie<\/p>\n<\/li>\n<li data-start=\"861\" data-end=\"929\">\n<p data-start=\"863\" data-end=\"929\"> Wyprodukowana w Egipcie z wysokiej jako\u015bci sk\u0142adnik\u00f3w farmaceutycznych<\/p>\n<\/li>\n<\/ul>\n<h3 data-start=\"936\" data-end=\"972\"><strong data-start=\"940\" data-end=\"972\">Skuteczne naturalne sk\u0142adniki<\/strong><\/h3>\n<p data-start=\"973\" data-end=\"1366\"><strong data-start=\"973\" data-end=\"987\">Tlenek cynku<\/strong> \u2013 dzia\u0142a \u015bci\u0105gaj\u0105co, wch\u0142ania nadmiar p\u0142yn\u00f3w i zmniejsza zapalenie.<br data-start=\"1063\" data-end=\"1066\" \/><strong data-start=\"1066\" data-end=\"1082\">Tlenek \u017celaza<\/strong> \u2013 zapewnia koj\u0105ce ukojenie i nadaje lokcji charakterystyczny r\u00f3\u017cowy kolor.<br data-start=\"1153\" data-end=\"1156\" \/><strong data-start=\"1156\" data-end=\"1174\">Bentonit<\/strong> \u2013 naturalny detoksykator wch\u0142aniaj\u0105cy toksyny i koj\u0105cy sk\u00f3r\u0119.<br data-start=\"1246\" data-end=\"1249\" \/><strong data-start=\"1249\" data-end=\"1261\">Gliceryna<\/strong> \u2013 g\u0142\u0119boko nawil\u017ca i zapobiega wysuszeniu sk\u00f3ry.<br data-start=\"1309\" data-end=\"1312\" \/><strong data-start=\"1312\" data-end=\"1330\">Woda oczyszczona<\/strong> \u2013 zapewnia g\u0142adk\u0105 i \u0142atw\u0105 aplikacj\u0119.<\/p>\n<p data-start=\"973\" data-end=\"1366\">\ud83d\udd04 <strong data-start=\"1373\" data-end=\"1398\">Przed u\u017cyciem wstrz\u0105\u015bnij<\/strong>, aby r\u00f3wnomiernie wymiesza\u0107 naturalne osady.<\/p>\n<h3 data-start=\"1438\" data-end=\"1482\"><strong data-start=\"1442\" data-end=\"1482\">Kiedy stosowa\u0107 lokcj\u0119 kalaminow\u0105?<\/strong><\/h3>\n<p data-start=\"1483\" data-end=\"1531\">Stosuj t\u0119 lokcj\u0119 do szybkiej i skutecznej ulgi od:<\/p>\n<ul data-start=\"1533\" data-end=\"1838\">\n<li data-start=\"1533\" data-end=\"1580\">\n<p data-start=\"1535\" data-end=\"1580\"> Uk\u0105sze\u0144 owad\u00f3w (komary, mr\u00f3wki, pluskwy)<\/p>\n<\/li>\n<li data-start=\"1581\" data-end=\"1610\">\n<p data-start=\"1583\" data-end=\"1610\"> Wysypki po bluszczu lub d\u0119bie truj\u0105cym<\/p>\n<\/li>\n<li data-start=\"1611\" data-end=\"1644\">\n<p data-start=\"1613\" data-end=\"1644\"> Wysypki cieplnej i pot\u00f3wki<\/p>\n<\/li>\n<li data-start=\"1645\" data-end=\"1684\">\n<p data-start=\"1647\" data-end=\"1684\"> Alergicznych reakcji sk\u00f3rnych lub pokrzywki<\/p>\n<\/li>\n<li data-start=\"1685\" data-end=\"1734\">\n<p data-start=\"1687\" data-end=\"1734\"> Ospa wietrzna lub p\u00f3\u0142pasiec (do \u0142agodzenia sw\u0119dzenia)<\/p>\n<\/li>\n<li data-start=\"1735\" data-end=\"1784\">\n<p data-start=\"1737\" data-end=\"1784\"> Leczenie miejscowe tr\u0105dziku (wysusza bia\u0142e krostki)<\/p>\n<\/li>\n<li data-start=\"1785\" data-end=\"1816\">\n<p data-start=\"1787\" data-end=\"1816\"> Drobne zamkni\u0119te rany sk\u00f3rne<\/p>\n<\/li>\n<li data-start=\"1817\" data-end=\"1838\">\n<p data-start=\"1819\" data-end=\"1838\"> \u015awierzb p\u0142ywacki<\/p>\n<\/li>\n<\/ul>\n<blockquote data-start=\"1840\" data-end=\"1924\">\n<p data-start=\"1842\" data-end=\"1924\">\u26a0\ufe0f <strong data-start=\"1845\" data-end=\"1893\">Nie do leczenia \u015bwierzbu lub owad\u00f3w<\/strong> \u2014 tylko do \u0142agodzenia objaw\u00f3w.<\/p>\n<\/blockquote>\n<h3 data-start=\"1931\" data-end=\"1952\"><strong data-start=\"1935\" data-end=\"1952\">Jak stosowa\u0107<\/strong><\/h3>\n<ol data-start=\"1953\" data-end=\"2193\">\n<li data-start=\"1953\" data-end=\"1982\">\n<p data-start=\"1956\" data-end=\"1982\">Dok\u0142adnie wstrz\u0105\u015bnij butelk\u0105.<\/p>\n<\/li>\n<li data-start=\"1983\" data-end=\"2027\">\n<p data-start=\"1986\" data-end=\"2027\">Oczy\u015b\u0107 i delikatnie osusz dotkni\u0119ty obszar.<\/p>\n<\/li>\n<li data-start=\"2028\" data-end=\"2099\">\n<p data-start=\"2031\" data-end=\"2099\">Na\u0142\u00f3\u017c cienk\u0105 warstw\u0119 za pomoc\u0105 waty lub mi\u0119kkiego p\u0142atka \u2014 bez tarcia.<\/p>\n<\/li>\n<li data-start=\"2100\" data-end=\"2148\">\n<p data-start=\"2103\" data-end=\"2148\">Pozw\u00f3l wyschn\u0105\u0107 i utworzy\u0107 ochronn\u0105 b\u0142onk\u0119.<\/p>\n<\/li>\n<li data-start=\"2149\" data-end=\"2193\">\n<p data-start=\"2152\" data-end=\"2193\">Ponawiaj aplikacj\u0119 <strong data-start=\"2160\" data-end=\"2179\">3\u20134 razy dziennie<\/strong> lub wed\u0142ug potrzeb.<\/p>\n<\/li>\n<\/ol>\n<h3 data-start=\"2200\" data-end=\"2223\"><strong data-start=\"2204\" data-end=\"2223\">Dla kogo?<\/strong><\/h3>\n<ul data-start=\"2224\" data-end=\"2453\">\n<li data-start=\"2224\" data-end=\"2269\">\n<p data-start=\"2226\" data-end=\"2269\"><strong data-start=\"2228\" data-end=\"2249\">Bezpieczna dla dzieci<\/strong> powy\u017cej 2. roku \u017cycia<\/p>\n<\/li>\n<li data-start=\"2270\" data-end=\"2326\">\n<p data-start=\"2272\" data-end=\"2326\"><strong data-start=\"2275\" data-end=\"2303\">Ci\u0105\u017ca\/Karmienie:<\/strong> bezpieczna do stosowania zewn\u0119trznego<\/p>\n<\/li>\n<li data-start=\"2327\" data-end=\"2374\">\n<p data-start=\"2329\" data-end=\"2374\"> Dla niemowl\u0105t poni\u017cej 2 lat skonsultuj lekarza<\/p>\n<\/li>\n<li data-start=\"2375\" data-end=\"2453\">\n<p data-start=\"2377\" data-end=\"2453\"> Wykonaj test p\u0142atkowy przed pe\u0142nym u\u017cyciem przy wra\u017cliwej sk\u00f3rze<\/p>\n<\/li>\n<\/ul>\n<h3 data-start=\"2460\" data-end=\"2493\"><strong data-start=\"2464\" data-end=\"2493\">Kiedy unika\u0107 lub przerwa\u0107<\/strong><\/h3>\n<ul data-start=\"2494\" data-end=\"2693\">\n<li data-start=\"2494\" data-end=\"2524\">\n<p data-start=\"2496\" data-end=\"2524\">Otwarte rany lub uszkodzona sk\u00f3ra<\/p>\n<\/li>\n<li data-start=\"2525\" data-end=\"2559\">\n<p data-start=\"2527\" data-end=\"2559\">Oczy, usta lub okolice intymne<\/p>\n<\/li>\n<li data-start=\"2560\" data-end=\"2635\">\n<p data-start=\"2562\" data-end=\"2635\">W razie przypadkowego po\u0142kni\u0119cia lub inhalacji \u2013 wyp\u0142ucz i szukaj pomocy medycznej<\/p>\n<\/li>\n<li data-start=\"2636\" data-end=\"2693\">\n<p data-start=\"2638\" data-end=\"2693\">Przerwij, je\u015bli wysypka si\u0119 pogarsza lub pojawi\u0105 si\u0119 oznaki infekcji<\/p>\n<\/li>\n<\/ul>\n<h3 data-start=\"2700\" data-end=\"2728\"><strong data-start=\"2704\" data-end=\"2728\">Przechowywanie i trwa\u0142o\u015b\u0107<\/strong><\/h3>\n<ul data-start=\"2729\" data-end=\"2888\">\n<li data-start=\"2729\" data-end=\"2793\">\n<p data-start=\"2731\" data-end=\"2793\">Przechowuj w <strong data-start=\"2742\" data-end=\"2761\">ch\u0142odnym suchym miejscu<\/strong> (20\u201325\u00b0C), z dala od \u015bwiat\u0142a s\u0142onecznego<\/p>\n<\/li>\n<li data-start=\"2794\" data-end=\"2835\">\n<p data-start=\"2796\" data-end=\"2835\">U\u017cywaj tylko z <strong data-start=\"2814\" data-end=\"2833\">oryginalnej butelki<\/strong><\/p>\n<\/li>\n<li data-start=\"2836\" data-end=\"2888\">\n<p data-start=\"2838\" data-end=\"2888\">Trwa\u0142o\u015b\u0107: <strong data-start=\"2850\" data-end=\"2861\">3 lata<\/strong> od daty produkcji<\/p>\n<\/li>\n<\/ul>\n<h3 data-start=\"2895\" data-end=\"2922\"><strong data-start=\"2899\" data-end=\"2922\">Tabela podsumowuj\u0105ca<\/strong><\/h3>\n<div class=\"_tableContainer_16hzy_1\">\n<div class=\"_tableWrapper_16hzy_14 group flex w-fit flex-col-reverse\" tabindex=\"-1\">\n<table class=\"w-fit min-w-(--thread-content-width)\" data-start=\"2924\" data-end=\"3171\">\n<thead data-start=\"2924\" data-end=\"2943\">\n<tr data-start=\"2924\" data-end=\"2943\">\n<th data-start=\"2924\" data-end=\"2932\" data-col-size=\"sm\">Zastosowanie<\/th>\n<th data-start=\"2932\" data-end=\"2943\" data-col-size=\"sm\">Korzy\u015b\u0107<\/th>\n<\/tr>\n<\/thead>\n<tbody data-start=\"2965\" data-end=\"3171\">\n<tr data-start=\"2965\" data-end=\"3023\">\n<td data-start=\"2965\" data-end=\"2988\" data-col-size=\"sm\">Uk\u0105szenia owad\u00f3w, wysypka cieplna<\/td>\n<td data-col-size=\"sm\" data-start=\"2988\" data-end=\"3023\">\u0141agodzi sw\u0119dzenie i zapalenie<\/td>\n<\/tr>\n<tr data-start=\"3024\" data-end=\"3075\">\n<td data-start=\"3024\" data-end=\"3045\" data-col-size=\"sm\">Reakcje alergiczne<\/td>\n<td data-col-size=\"sm\" data-start=\"3045\" data-end=\"3075\">Koi zaczerwienienie i podra\u017cnienia<\/td>\n<\/tr>\n<tr data-start=\"3076\" data-end=\"3120\">\n<td data-start=\"3076\" data-end=\"3092\" data-col-size=\"sm\">Tr\u0105dzik lub plamy<\/td>\n<td data-col-size=\"sm\" data-start=\"3092\" data-end=\"3120\">Delikatnie wysusza i koi<\/td>\n<\/tr>\n<tr data-start=\"3121\" data-end=\"3171\">\n<td data-start=\"3121\" data-end=\"3136\" data-col-size=\"sm\">Drobne rany<\/td>\n<td data-col-size=\"sm\" data-start=\"3136\" data-end=\"3171\">Zapewnia ochron\u0119 po oczyszczeniu<\/td>\n<\/tr>\n<\/tbody>\n<\/table>\n<div class=\"sticky end-(--thread-content-margin) h-0 self-end select-none\">\n<div class=\"absolute end-0 flex items-end\"><\/div>\n<\/div>\n<\/div>\n<\/div>\n<h3 data-start=\"3178\" data-end=\"3219\"><strong data-start=\"3182\" data-end=\"3219\">Dlaczego lokcja kalaminowa TNERH?<\/strong><\/h3>\n<ul data-start=\"3220\" data-end=\"3445\">\n<li data-start=\"3220\" data-end=\"3278\">\n<p data-start=\"3222\" data-end=\"3278\"> Du\u017ce opakowanie <strong data-start=\"3231\" data-end=\"3242\">1000 ml<\/strong> \u2013 idealne do domu lub kliniki<\/p>\n<\/li>\n<li data-start=\"3279\" data-end=\"3313\">\n<p data-start=\"3281\" data-end=\"3313\"> Z dum\u0105 <strong data-start=\"3294\" data-end=\"3311\">Wyprodukowana w Egipcie<\/strong><\/p>\n<\/li>\n<li data-start=\"3314\" data-end=\"3363\">\n<p data-start=\"3316\" data-end=\"3363\"> Ikoniczna r\u00f3\u017cowa lokcja dla natychmiastowej ulgi sk\u00f3rze<\/p>\n<\/li>\n<li data-start=\"3364\" data-end=\"3399\">\n<p data-start=\"3366\" data-end=\"3399\"> Idealna dla <strong data-start=\"3379\" data-end=\"3397\">wszystkich typ\u00f3w sk\u00f3ry<\/strong><\/p>\n<\/li>\n<li data-start=\"3400\" data-end=\"3445\">\n<p data-start=\"3402\" data-end=\"3445\"> Wzbogacona <strong data-start=\"3419\" data-end=\"3443\">bentonitem i gliceryn\u0105<\/strong><\/p>\n<\/li>\n<li data-start=\"3472\" data-end=\"3520\">\n<p data-start=\"3474\" data-end=\"3520\"><strong data-start=\"3474\" data-end=\"3494\">Produkt kosmetyczny<\/strong> | <strong data-start=\"3497\" data-end=\"3518\">Tylko do u\u017cytku zewn\u0119trznego<\/strong><\/p>\n<\/li>\n<\/ul>\n<h2 data-start=\"3575\" data-end=\"3606\"><strong data-start=\"3578\" data-end=\"3606\">Uspok\u00f3j. Ukoj. Chro\u0144.<\/strong><\/h2>\n<p data-start=\"3607\" data-end=\"3765\">Sprowad\u017a do domu <strong data-start=\"3618\" data-end=\"3643\">lokcj\u0119 kalaminow\u0105 TNERH<\/strong> i otocz sk\u00f3r\u0119 delikatn\u0105, trwa\u0142\u0105 opiek\u0105. Po\u017cegnaj sw\u0119dzenie i podra\u017cnienia \u2013 powitaj komfort naturalnie.<\/p>\n<p style=\"text-align: center;\">Dzi\u0119kujemy za zakupy w <a href=\"https:\/\/bazaar.express\/pl\/\">Bazaar Express<\/a> \u2013 cieszymy si\u0119, \u017ce jeste\u015b z nami!<\/p>\n<p style=\"text-align: center;\">Twoja droga do lepszej piel\u0119gnacji zaczyna si\u0119 tutaj \u2013 z <a href=\"https:\/\/bazaar.express\/product-category\/beauty-care\/\">Piel\u0119gnacj\u0105 urody<\/a>, kt\u00f3rej mo\u017cesz zaufa\u0107.<\/p>\n","protected":false},"excerpt":{"rendered":"<h3 data-start=\"352\" data-end=\"594\">Do\u015bwiadcz szybkiej ulgi z lokcj\u0105 kalaminow\u0105 TNERH. Wzbogacona tlenkiem cynku, bentonitem i gliceryn\u0105 \u0142agodzi podra\u017cnienia, koi sw\u0119dzenie i nawil\u017ca such\u0105 sk\u00f3r\u0119. Bezpieczna dla dzieci i doros\u0142ych. Butelka 1000 ml \u2013 idealna do domu lub kliniki.<\/h3>\n","protected":false},"featured_media":42075,"comment_status":"open","ping_status":"closed","template":"","meta":[],"product_brand":[],"product_cat":[1192,1193,1199,1194],"product_tag":[1465,1470,1466,1467],"class_list":{"0":"post-42074","1":"product","2":"type-product","3":"status-publish","4":"has-post-thumbnail","6":"product_cat-pielegnacja-urody","7":"product_cat-lecznicze-oleje","8":"product_cat-najlepsze-z-egiptu","9":"product_cat-niezbedniki-plazowe","10":"product_tag-naturalny-olej","11":"product_tag-olejek","12":"product_tag-pielegnacja-skory","13":"product_tag-pielegnacja-urody","15":"first","16":"instock","17":"shipping-taxable","18":"purchasable","19":"product-type-simple"},"_links":{"self":[{"href":"https:\/\/bazaar.express\/pl\/wp-json\/wp\/v2\/product\/42074","targetHints":{"allow":["GET"]}}],"collection":[{"href":"https:\/\/bazaar.express\/pl\/wp-json\/wp\/v2\/product"}],"about":[{"href":"https:\/\/bazaar.express\/pl\/wp-json\/wp\/v2\/types\/product"}],"replies":[{"embeddable":true,"href":"https:\/\/bazaar.express\/pl\/wp-json\/wp\/v2\/comments?post=42074"}],"wp:featuredmedia":[{"embeddable":true,"href":"https:\/\/bazaar.express\/pl\/wp-json\/wp\/v2\/media\/42075"}],"wp:attachment":[{"href":"https:\/\/bazaar.express\/pl\/wp-json\/wp\/v2\/media?parent=42074"}],"wp:term":[{"taxonomy":"product_brand","embeddable":true,"href":"https:\/\/bazaar.express\/pl\/wp-json\/wp\/v2\/product_brand?post=42074"},{"taxonomy":"product_cat","embeddable":true,"href":"https:\/\/bazaar.express\/pl\/wp-json\/wp\/v2\/product_cat?post=42074"},{"taxonomy":"product_tag","embeddable":true,"href":"https:\/\/bazaar.express\/pl\/wp-json\/wp\/v2\/product_tag?post=42074"}],"curies":[{"name":"wp","href":"https:\/\/api.w.org\/{rel}","templated":true}]}}