{"id":42076,"date":"2025-08-03T23:03:13","date_gmt":"2025-08-03T23:03:13","guid":{"rendered":"https:\/\/bazaar.express\/product\/moisturizing-cream\/"},"modified":"2025-08-03T23:03:13","modified_gmt":"2025-08-03T23:03:13","slug":"moisturizing-cream","status":"publish","type":"product","link":"https:\/\/bazaar.express\/pl\/produkt\/moisturizing-cream\/","title":{"rendered":"Krem nawil\u017caj\u0105cy"},"content":{"rendered":"<h2 data-start=\"238\" data-end=\"308\">Krem nawil\u017caj\u0105cy z mlekiem wielb\u0142\u0105dziego i orze\u017awiaj\u0105cym zapachem arbuzowym<\/h2>\n<h3 data-start=\"310\" data-end=\"355\">G\u0142\u0119bokie nawil\u017cenie i letnia \u015bwie\u017co\u015b\u0107<\/h3>\n<p data-start=\"357\" data-end=\"683\">Rozpie\u015b\u0107 sk\u00f3r\u0119 luksusow\u0105 piel\u0119gnacj\u0105 <strong data-start=\"402\" data-end=\"441\">kremu nawil\u017caj\u0105cego Royal &#038; Beauty<\/strong>, przygotowanego z <strong data-start=\"456\" data-end=\"484\">mleka wielb\u0142\u0105dziego bogatego w sk\u0142adniki od\u017cywcze<\/strong> i <strong data-start=\"493\" data-end=\"529\">orze\u017awiaj\u0105cego zapachu arbuza<\/strong>. Ten krem emolientowy nawil\u017ca, regeneruje i zmi\u0119kcza nawet bardzo such\u0105 sk\u00f3r\u0119, pozostawiaj\u0105c \u015bwie\u017cy aromat i d\u0142ugotrwa\u0142\u0105 g\u0142adko\u015b\u0107.<\/p>\n<h3 data-start=\"690\" data-end=\"708\">G\u0142\u00f3wne korzy\u015bci<\/h3>\n<h4 data-start=\"710\" data-end=\"753\">\u2705 G\u0142\u0119bokie nawil\u017cenie i odm\u0142odzenie sk\u00f3ry<\/h4>\n<p data-start=\"754\" data-end=\"895\">Mleko wielb\u0142\u0105dzie naturalnie zawiera du\u017co <strong data-start=\"786\" data-end=\"801\">kwasu mlekowego<\/strong>, <strong data-start=\"803\" data-end=\"816\">witaminy C<\/strong> i <strong data-start=\"822\" data-end=\"843\">kwasy t\u0142uszczowe omega<\/strong>, dzi\u0119ki czemu jest skutecznym \u015brodkiem nawil\u017caj\u0105cym. Pomaga:<\/p>\n<ul data-start=\"896\" data-end=\"981\">\n<li data-start=\"896\" data-end=\"914\">\n<p data-start=\"898\" data-end=\"914\">utrwala\u0107 wilgo\u0107<\/p>\n<\/li>\n<li data-start=\"915\" data-end=\"937\">\n<p data-start=\"917\" data-end=\"937\">poprawia\u0107 tekstur\u0119 sk\u00f3ry<\/p>\n<\/li>\n<li data-start=\"938\" data-end=\"955\">\n<p data-start=\"940\" data-end=\"955\">\u0142agodzi\u0107 podra\u017cnienia<\/p>\n<\/li>\n<li data-start=\"956\" data-end=\"981\">\n<p data-start=\"958\" data-end=\"981\">wspiera\u0107 regeneracj\u0119 sk\u00f3ry<\/p>\n<\/li>\n<\/ul>\n<h4 data-start=\"983\" data-end=\"1023\">\u2705 Orze\u017awiaj\u0105cy zapach arbuzowy<\/h4>\n<p data-start=\"1024\" data-end=\"1153\">Delikatne, owocowe nuty arbuza dodaj\u0105 energii, pozostawiaj\u0105c na sk\u00f3rze czysty, \u015bwie\u017cy zapach. Idealny do:<\/p>\n<ul data-start=\"1154\" data-end=\"1247\">\n<li data-start=\"1154\" data-end=\"1181\">\n<p data-start=\"1156\" data-end=\"1181\">codziennych rytua\u0142\u00f3w piel\u0119gnacyjnych<\/p>\n<\/li>\n<li data-start=\"1182\" data-end=\"1210\">\n<p data-start=\"1184\" data-end=\"1210\">letnich rutyn piel\u0119gnacji sk\u00f3ry<\/p>\n<\/li>\n<li data-start=\"1211\" data-end=\"1247\">\n<p data-start=\"1213\" data-end=\"1247\">relaksu dzi\u0119ki aromaterapii<\/p>\n<\/li>\n<\/ul>\n<h4 data-start=\"1249\" data-end=\"1284\">\u2705 Lekki, ale od\u017cywczy<\/h4>\n<p data-start=\"1285\" data-end=\"1403\">Dzi\u0119ki nielepkiej konsystencji krem <strong data-start=\"1330\" data-end=\"1349\">szybko si\u0119 wch\u0142ania<\/strong> i doskonale sprawdza si\u0119 pod makija\u017cem lub jako kuracja nocna.<\/p>\n<h4 data-start=\"1405\" data-end=\"1437\">\u2705 Bezpieczny dla wszystkich typ\u00f3w sk\u00f3ry<\/h4>\n<p data-start=\"1438\" data-end=\"1553\">Wolny od szkodliwych chemikali\u00f3w. Testowany dermatologicznie.<br data-start=\"1489\" data-end=\"1492\" \/>Nadaje si\u0119 do sk\u00f3ry <strong data-start=\"1505\" data-end=\"1518\">wra\u017cliwej<\/strong>, <strong data-start=\"1520\" data-end=\"1527\">suchej<\/strong> lub <strong data-start=\"1532\" data-end=\"1552\">mieszanej<\/strong>.<\/p>\n<h3 data-start=\"1560\" data-end=\"1586\">Naturalne sk\u0142adniki<\/h3>\n<ul data-start=\"1588\" data-end=\"1856\">\n<li data-start=\"1588\" data-end=\"1670\">\n<p data-start=\"1590\" data-end=\"1670\"><strong data-start=\"1590\" data-end=\"1612\">Ekstrakt z mleka wielb\u0142\u0105dziego<\/strong> \u2013 g\u0142\u0119boko nawil\u017ca i zawiera sk\u0142adniki korzystne dla sk\u00f3ry<\/p>\n<\/li>\n<li data-start=\"1671\" data-end=\"1730\">\n<p data-start=\"1673\" data-end=\"1730\"><strong data-start=\"1673\" data-end=\"1703\">Esencja perfum arbuzowych<\/strong> \u2013 energetyzuj\u0105ca, soczysta wo\u0144<\/p>\n<\/li>\n<li data-start=\"1731\" data-end=\"1779\">\n<p data-start=\"1733\" data-end=\"1779\"><strong data-start=\"1733\" data-end=\"1751\">Oczyszczona woda<\/strong> \u2013 u\u0142atwia wch\u0142anianie<\/p>\n<\/li>\n<li data-start=\"1780\" data-end=\"1856\">\n<p data-start=\"1782\" data-end=\"1856\"><strong data-start=\"1782\" data-end=\"1808\">Emolienty ro\u015blinne<\/strong> \u2013 zmi\u0119kczaj\u0105 sk\u00f3r\u0119 i wzmacniaj\u0105 jej barier\u0119 ochronn\u0105<\/p>\n<\/li>\n<\/ul>\n<h3 data-start=\"1863\" data-end=\"1880\">Jak stosowa\u0107<\/h3>\n<ol data-start=\"1882\" data-end=\"2123\">\n<li data-start=\"1882\" data-end=\"1952\">\n<p data-start=\"1885\" data-end=\"1952\">Na\u0142\u00f3\u017c obfit\u0105 warstw\u0119 na czyst\u0105, such\u0105 sk\u00f3r\u0119 (twarz, r\u0119ce lub cia\u0142o).<\/p>\n<\/li>\n<li data-start=\"1953\" data-end=\"2008\">\n<p data-start=\"1956\" data-end=\"2008\">Masuj delikatnie okr\u0119\u017cnymi ruchami, a\u017c si\u0119 wch\u0142onie.<\/p>\n<\/li>\n<li data-start=\"2009\" data-end=\"2072\">\n<p data-start=\"2012\" data-end=\"2072\">Stosuj dwa razy dziennie, zw\u0142aszcza po prysznicu lub przed snem.<\/p>\n<\/li>\n<li data-start=\"2073\" data-end=\"2123\">\n<p data-start=\"2076\" data-end=\"2123\">Unikaj kontaktu z oczami. Tylko do u\u017cytku zewn\u0119trznego.<\/p>\n<\/li>\n<\/ol>\n<h3 data-start=\"2130\" data-end=\"2152\">Szczeg\u00f3\u0142y produktu<\/h3>\n<ul data-start=\"2154\" data-end=\"2442\">\n<li data-start=\"2154\" data-end=\"2178\">\n<p data-start=\"2156\" data-end=\"2178\"><strong data-start=\"2156\" data-end=\"2170\">Waga netto<\/strong>: 250g<\/p>\n<\/li>\n<li data-start=\"2179\" data-end=\"2234\">\n<p data-start=\"2181\" data-end=\"2234\"><strong data-start=\"2181\" data-end=\"2193\">Kategoria<\/strong>: Krem nawil\u017caj\u0105cy | Piel\u0119gnacja twarzy i cia\u0142a<\/p>\n<\/li>\n<li data-start=\"2235\" data-end=\"2275\">\n<p data-start=\"2237\" data-end=\"2275\"><strong data-start=\"2237\" data-end=\"2250\">Zapach<\/strong>: Orze\u017awiaj\u0105cy arbuzowy<\/p>\n<\/li>\n<li data-start=\"2276\" data-end=\"2313\">\n<p data-start=\"2278\" data-end=\"2313\"><strong data-start=\"2278\" data-end=\"2289\">Konsystencja<\/strong>: Mi\u0119kka, szybko wch\u0142aniaj\u0105ca si\u0119<\/p>\n<\/li>\n<li data-start=\"2314\" data-end=\"2340\">\n<p data-start=\"2316\" data-end=\"2340\"><strong data-start=\"2316\" data-end=\"2333\">Wyprodukowany w Egipcie<\/strong> \ud83c\uddea\ud83c\uddec<\/p>\n<\/li>\n<li data-start=\"2341\" data-end=\"2384\">\n<p data-start=\"2343\" data-end=\"2384\"><strong data-start=\"2343\" data-end=\"2359\">Producent<\/strong>: Royal &#038; Beauty, Kair<\/p>\n<\/li>\n<li data-start=\"2385\" data-end=\"2442\">\n<p data-start=\"2387\" data-end=\"2442\"><strong data-start=\"2387\" data-end=\"2400\">Opakowanie<\/strong>: Wytrzyma\u0142y szklany s\u0142oik dla d\u0142ugotrwa\u0142ej \u015bwie\u017co\u015bci<\/p>\n<\/li>\n<\/ul>\n<h3 data-start=\"2449\" data-end=\"2478\">Dlaczego klienci go uwielbiaj\u0105:<\/h3>\n<p data-start=\"2480\" data-end=\"2661\">\u2714\ufe0f \u201ePachnie jak lato w s\u0142oiku!\u201d<br data-start=\"2513\" data-end=\"2516\" \/>\u2714\ufe0f \u201eUratowa\u0142 moje suche r\u0119ce zim\u0105.\u201d<br data-start=\"2550\" data-end=\"2553\" \/>\u2714\ufe0f \u201eBardzo delikatny, bez lepkiego filmu.\u201d<br data-start=\"2597\" data-end=\"2600\" \/>\u2714\ufe0f \u201eU\u017cywam ka\u017cdej nocy przed snem \u2013 sk\u00f3ra jak u niemowl\u0119cia.\u201d<\/p>\n<h3 data-start=\"2668\" data-end=\"2686\">Ostatnia uwaga:<\/h3>\n<p data-start=\"2687\" data-end=\"2862\"><strong data-start=\"2687\" data-end=\"2727\">Spraw swojej sk\u00f3rze przyjemno\u015b\u0107, na jak\u0105 zas\u0142uguje.<\/strong><br data-start=\"2727\" data-end=\"2730\" \/>Wypr\u00f3buj nasz krem nawil\u017caj\u0105cy z mlekiem wielb\u0142\u0105dziego i orze\u017awiaj\u0105cym zapachem arbuzowym ju\u017c dzi\u015b \u2014<br data-start=\"2807\" data-end=\"2810\" \/><strong data-start=\"2810\" data-end=\"2862\">i poczuj r\u00f3\u017cnic\u0119 od pierwszego u\u017cycia.<\/strong><\/p>\n<p style=\"text-align: center;\">Dzi\u0119kujemy za zakupy w <a href=\"https:\/\/bazaar.express\/pl\/\">Bazaar Express<\/a> \u2013 cieszymy si\u0119, \u017ce jeste\u015b z nami!<\/p>\n<p style=\"text-align: center;\">Twoja podr\u00f3\u017c ku lepszej piel\u0119gnacji zaczyna si\u0119 tutaj \u2014 z <a href=\"https:\/\/bazaar.express\/product-category\/beauty-care\/\">Piel\u0119gnacj\u0105 urody<\/a>, kt\u00f3rej mo\u017cesz zaufa\u0107.<\/p>\n","protected":false},"excerpt":{"rendered":"<h3 data-start=\"429\" data-end=\"577\">G\u0142\u0119boko nawil\u017caj\u0105cy krem wzbogacony mlekiem wielb\u0142\u0105dziego z dodatkiem \u015bwie\u017cego zapachu arbuza. Pozostawia sk\u00f3r\u0119 mi\u0119kk\u0105, g\u0142adk\u0105 i pi\u0119knie pachn\u0105c\u0105.<\/h3>\n","protected":false},"featured_media":42077,"comment_status":"open","ping_status":"closed","template":"","meta":[],"product_brand":[],"product_cat":[1192],"product_tag":[1475,1474,1467],"class_list":{"0":"post-42076","1":"product","2":"type-product","3":"status-publish","4":"has-post-thumbnail","6":"product_cat-pielegnacja-urody","7":"product_tag-maska","8":"product_tag-mleko-wielbladzie","9":"product_tag-pielegnacja-urody","11":"first","12":"instock","13":"shipping-taxable","14":"purchasable","15":"product-type-simple"},"_links":{"self":[{"href":"https:\/\/bazaar.express\/pl\/wp-json\/wp\/v2\/product\/42076","targetHints":{"allow":["GET"]}}],"collection":[{"href":"https:\/\/bazaar.express\/pl\/wp-json\/wp\/v2\/product"}],"about":[{"href":"https:\/\/bazaar.express\/pl\/wp-json\/wp\/v2\/types\/product"}],"replies":[{"embeddable":true,"href":"https:\/\/bazaar.express\/pl\/wp-json\/wp\/v2\/comments?post=42076"}],"wp:featuredmedia":[{"embeddable":true,"href":"https:\/\/bazaar.express\/pl\/wp-json\/wp\/v2\/media\/42077"}],"wp:attachment":[{"href":"https:\/\/bazaar.express\/pl\/wp-json\/wp\/v2\/media?parent=42076"}],"wp:term":[{"taxonomy":"product_brand","embeddable":true,"href":"https:\/\/bazaar.express\/pl\/wp-json\/wp\/v2\/product_brand?post=42076"},{"taxonomy":"product_cat","embeddable":true,"href":"https:\/\/bazaar.express\/pl\/wp-json\/wp\/v2\/product_cat?post=42076"},{"taxonomy":"product_tag","embeddable":true,"href":"https:\/\/bazaar.express\/pl\/wp-json\/wp\/v2\/product_tag?post=42076"}],"curies":[{"name":"wp","href":"https:\/\/api.w.org\/{rel}","templated":true}]}}