{"id":42079,"date":"2025-08-01T00:52:31","date_gmt":"2025-08-01T00:52:31","guid":{"rendered":"https:\/\/bazaar.express\/product\/goat-milk-cream-2\/"},"modified":"2025-08-01T00:52:31","modified_gmt":"2025-08-01T00:52:31","slug":"goat-milk-cream-2","status":"publish","type":"product","link":"https:\/\/bazaar.express\/pl\/produkt\/goat-milk-cream-2\/","title":{"rendered":"Krem z mleka koziego"},"content":{"rendered":"<h2 data-start=\"220\" data-end=\"280\">Krem z mleka koziego \u2013 delikatna moc dla naturalnie promiennej sk\u00f3ry<\/h2>\n<p data-start=\"282\" data-end=\"588\">Odkryj od\u017cywcze w\u0142a\u015bciwo\u015bci <strong data-start=\"315\" data-end=\"334\">kremu z mleka koziego<\/strong>, luksusowego kremu nawil\u017caj\u0105cego stworzonego do g\u0142\u0119bokiego nawil\u017cenia, ukojenia i odnowy sk\u00f3ry. Dzi\u0119ki kremowej konsystencji i naturalnie bogatym sk\u0142adnikom jest niezb\u0119dny dla ka\u017cdego, kto pragnie bardziej mi\u0119kkiej, g\u0142adkiej i promiennej cery \u2013 bez podra\u017cnie\u0144.<\/p>\n<p data-start=\"590\" data-end=\"721\">Opracowany przez <strong data-start=\"604\" data-end=\"624\">R&#038;B Royal Beauty<\/strong>, ten krem zawiera sk\u0142adniki korzystne dla sk\u00f3ry i jest bezpieczny nawet dla najbardziej wra\u017cliwych typ\u00f3w sk\u00f3ry.<\/p>\n<h3 data-start=\"728\" data-end=\"746\">Dlaczego mleko kozie?<\/h3>\n<p data-start=\"748\" data-end=\"911\"><strong data-start=\"748\" data-end=\"761\">Mleko kozie<\/strong> jest stosowane w piel\u0119gnacji sk\u00f3ry od wiek\u00f3w dzi\u0119ki wysokiej zawarto\u015bci <strong data-start=\"832\" data-end=\"857\">witamin A, D i B6<\/strong>, <strong data-start=\"859\" data-end=\"874\">kwasu mlekowego<\/strong> oraz <strong data-start=\"880\" data-end=\"895\">kwas\u00f3w t\u0142uszczowych<\/strong>. Znane jest z tego, \u017ce:<\/p>\n<ul data-start=\"913\" data-end=\"1101\">\n<li data-start=\"913\" data-end=\"946\">\n<p data-start=\"915\" data-end=\"946\">Zr\u00f3wnuje naturalne pH sk\u00f3ry<\/p>\n<\/li>\n<li data-start=\"947\" data-end=\"996\">\n<p data-start=\"949\" data-end=\"996\">Zapewnia \u0142agodn\u0105 eksfoliacj\u0119 dla g\u0142adkiej tekstury<\/p>\n<\/li>\n<li data-start=\"997\" data-end=\"1031\">\n<p data-start=\"999\" data-end=\"1031\">Wspiera zdrow\u0105 barier\u0119 sk\u00f3rn\u0105<\/p>\n<\/li>\n<li data-start=\"1032\" data-end=\"1066\">\n<p data-start=\"1034\" data-end=\"1066\">Nawil\u017ca bez zatykania por\u00f3w<\/p>\n<\/li>\n<li data-start=\"1067\" data-end=\"1101\">\n<p data-start=\"1069\" data-end=\"1101\">Koi zaczerwienienia i podra\u017cnienia<\/p>\n<\/li>\n<\/ul>\n<p data-start=\"1103\" data-end=\"1134\">Mleko kozie jest idealne dla:<\/p>\n<p data-start=\"1136\" data-end=\"1252\">\u2714\ufe0f Suchej, \u0142uszcz\u0105cej si\u0119 lub podra\u017cnionej sk\u00f3ry<br data-start=\"1168\" data-end=\"1171\" \/>\u2714\ufe0f Wra\u017cliwej sk\u00f3ry podatnej na alergie<br data-start=\"1206\" data-end=\"1209\" \/>\u2714\ufe0f Codziennego nawil\u017cenia i piel\u0119gnacji anti-aging<\/p>\n<h3 data-start=\"1259\" data-end=\"1298\">G\u0142\u00f3wne korzy\u015bci naszego kremu z mleka koziego<\/h3>\n<ul data-start=\"1300\" data-end=\"1634\">\n<li data-start=\"1300\" data-end=\"1362\">\n<p data-start=\"1302\" data-end=\"1362\"><strong data-start=\"1305\" data-end=\"1336\">Wzbogacony czystym mlekiem kozim<\/strong> dla maksymalnego od\u017cywienia<\/p>\n<\/li>\n<li data-start=\"1363\" data-end=\"1419\">\n<p data-start=\"1365\" data-end=\"1419\"><strong data-start=\"1368\" data-end=\"1389\">Przetestowany klinicznie<\/strong> i bezpieczny dla wra\u017cliwej sk\u00f3ry<\/p>\n<\/li>\n<li data-start=\"1420\" data-end=\"1474\">\n<p data-start=\"1422\" data-end=\"1474\"> Zapewnia d\u0142ugotrwa\u0142e <strong data-start=\"1447\" data-end=\"1472\">nawil\u017cenie i mi\u0119kko\u015b\u0107<\/strong><\/p>\n<\/li>\n<li data-start=\"1475\" data-end=\"1524\">\n<p data-start=\"1477\" data-end=\"1524\"><strong data-start=\"1480\" data-end=\"1500\">Delikatny zapach<\/strong> i nieklej\u0105ca si\u0119 konsystencja<\/p>\n<\/li>\n<li data-start=\"1525\" data-end=\"1579\">\n<p data-start=\"1527\" data-end=\"1579\"> Pomaga regenerowa\u0107 uszkodzon\u0105 sk\u00f3r\u0119 i poprawia\u0107 koloryt<\/p>\n<\/li>\n<li data-start=\"1580\" data-end=\"1634\">\n<p data-start=\"1582\" data-end=\"1634\"> Elegancki szklany s\u0142oik 250 g <strong data-start=\"1598\" data-end=\"1611\">s\u0142oik<\/strong> \u2013 stworzony do codziennego u\u017cytku<\/p>\n<\/li>\n<\/ul>\n<p data-start=\"1636\" data-end=\"1749\">Niezale\u017cnie od tego, czy chcesz zregenerowa\u0107 such\u0105 sk\u00f3r\u0119, czy utrzyma\u0107 jej nawil\u017cenie, ten krem jest Twoim wszechstronnym rozwi\u0105zaniem.<\/p>\n<h3 data-start=\"1756\" data-end=\"1770\">Jak stosowa\u0107<\/h3>\n<p data-start=\"1772\" data-end=\"1962\">Nanie\u015b niewielk\u0105 ilo\u015b\u0107 na czyst\u0105, such\u0105 sk\u00f3r\u0119.<br data-start=\"1812\" data-end=\"1815\" \/>Delikatnie masuj okr\u0119\u017cnymi ruchami lub lekko poklep, a\u017c si\u0119 wch\u0142onie.<br data-start=\"1882\" data-end=\"1885\" \/>Stosuj dwa razy dziennie lub wed\u0142ug potrzeb \u2013 szczeg\u00f3lnie po umyciu twarzy lub k\u0105pieli.<\/p>\n<blockquote data-start=\"1964\" data-end=\"2020\">\n<p data-start=\"1966\" data-end=\"2020\">Tylko do u\u017cytku zewn\u0119trznego. Unikaj kontaktu z oczami.<\/p>\n<\/blockquote>\n<h3 data-start=\"2027\" data-end=\"2066\">Piel\u0119gnacja sk\u00f3ry z tradycj\u0105<\/h3>\n<p data-start=\"2068\" data-end=\"2306\">Wyprodukowany w Egipcie, nasz <strong data-start=\"2087\" data-end=\"2106\">krem z mleka koziego<\/strong> \u0142\u0105czy staro\u017cytn\u0105 wiedz\u0119 o urodzie z nowoczesn\u0105 nauk\u0105 piel\u0119gnacji sk\u00f3ry. Dostarcza bogate korzy\u015bci mleka koziego w mi\u0119kkiej, kremowej konsystencji, kt\u00f3ra wch\u0142ania si\u0119 w sk\u00f3r\u0119, pozostawiaj\u0105c j\u0105 g\u0142adk\u0105, mi\u0119kk\u0105 i od\u015bwie\u017con\u0105.<\/p>\n<p data-start=\"2313\" data-end=\"2409\"><strong data-start=\"2313\" data-end=\"2354\">Wyprodukowany w Egipcie \u2013 Tylko do u\u017cytku zewn\u0119trznego<\/strong><br data-start=\"2354\" data-end=\"2357\" \/><strong data-start=\"2357\" data-end=\"2409\">250 g | Szklany s\u0142oik | Opracowany przez R&#038;B Royal Beauty<\/strong><\/p>\n<h3 data-start=\"2416\" data-end=\"2480\">Poczuj r\u00f3\u017cnic\u0119 ju\u017c przy pierwszym u\u017cyciu.<\/h3>\n<p data-start=\"2481\" data-end=\"2621\">\u2728 <strong data-start=\"2483\" data-end=\"2546\">Ciesz si\u0119 mi\u0119kk\u0105, promienn\u0105, g\u0142\u0119boko nawil\u017con\u0105 sk\u00f3r\u0105 \u2013 codziennie.<\/strong><br data-start=\"2546\" data-end=\"2549\" \/>\ud83d\uded2 <strong data-start=\"2552\" data-end=\"2621\">Dodaj do koszyka i zapewnij sk\u00f3rze najlepsz\u0105 naturaln\u0105 piel\u0119gnacj\u0119!<\/strong><\/p>\n<p> &nbsp;<\/p>\n<p style=\"text-align: center;\">Dzi\u0119kujemy za zakupy w <a href=\"https:\/\/bazaar.express\/pl\/\">Bazaar Express<\/a> \u2013 bardzo si\u0119 cieszymy, \u017ce jeste\u015b z nami!<\/p>\n<p style=\"text-align: center;\">Twoja droga do lepszej piel\u0119gnacji zaczyna si\u0119 tutaj \u2013 z <a href=\"https:\/\/bazaar.express\/product-category\/beauty-care\/\">Piel\u0119gnacj\u0105 i Urod\u0105<\/a>, na kt\u00f3rej mo\u017cesz polega\u0107.<\/p>\n","protected":false},"excerpt":{"rendered":"<h3 data-start=\"494\" data-end=\"631\">Bogaty, nieklej\u0105cy si\u0119 krem nawil\u017caj\u0105cy z mleka koziego do nawil\u017cania, \u0142agodzenia i regeneracji sk\u00f3ry. Idealny dla wra\u017cliwej sk\u00f3ry. 250 g. Wyprodukowany w Egipcie.<\/h3>\n","protected":false},"featured_media":42080,"comment_status":"open","ping_status":"closed","template":"","meta":[],"product_brand":[],"product_cat":[1192,1201,1199],"product_tag":[1474,1466,1467],"class_list":{"0":"post-42079","1":"product","2":"type-product","3":"status-publish","4":"has-post-thumbnail","6":"product_cat-pielegnacja-urody","7":"product_cat-gorace-okazje","8":"product_cat-najlepsze-z-egiptu","9":"product_tag-mleko-wielbladzie","10":"product_tag-pielegnacja-skory","11":"product_tag-pielegnacja-urody","13":"first","14":"instock","15":"sale","16":"shipping-taxable","17":"purchasable","18":"product-type-simple"},"_links":{"self":[{"href":"https:\/\/bazaar.express\/pl\/wp-json\/wp\/v2\/product\/42079","targetHints":{"allow":["GET"]}}],"collection":[{"href":"https:\/\/bazaar.express\/pl\/wp-json\/wp\/v2\/product"}],"about":[{"href":"https:\/\/bazaar.express\/pl\/wp-json\/wp\/v2\/types\/product"}],"replies":[{"embeddable":true,"href":"https:\/\/bazaar.express\/pl\/wp-json\/wp\/v2\/comments?post=42079"}],"wp:featuredmedia":[{"embeddable":true,"href":"https:\/\/bazaar.express\/pl\/wp-json\/wp\/v2\/media\/42080"}],"wp:attachment":[{"href":"https:\/\/bazaar.express\/pl\/wp-json\/wp\/v2\/media?parent=42079"}],"wp:term":[{"taxonomy":"product_brand","embeddable":true,"href":"https:\/\/bazaar.express\/pl\/wp-json\/wp\/v2\/product_brand?post=42079"},{"taxonomy":"product_cat","embeddable":true,"href":"https:\/\/bazaar.express\/pl\/wp-json\/wp\/v2\/product_cat?post=42079"},{"taxonomy":"product_tag","embeddable":true,"href":"https:\/\/bazaar.express\/pl\/wp-json\/wp\/v2\/product_tag?post=42079"}],"curies":[{"name":"wp","href":"https:\/\/api.w.org\/{rel}","templated":true}]}}